{"id":5557,"date":"2026-02-18T21:36:28","date_gmt":"2026-02-18T21:36:28","guid":{"rendered":"https:\/\/www.christiegrey.com\/product\/isolador-natural-de-cortica\/"},"modified":"2026-02-18T21:36:28","modified_gmt":"2026-02-18T21:36:28","slug":"isolador-natural-de-cortica","status":"publish","type":"product","link":"https:\/\/www.christiegrey.com\/pt-pt\/produto\/isolador-natural-de-cortica\/","title":{"rendered":"Isolador Natural de Corti\u00e7a"},"content":{"rendered":"<p>Material antivibra\u00e7\u00e3o eficaz e amplamente aprovado, projetado para aplica\u00e7\u00f5es de alta carga, onde \u00e9 necess\u00e1rio isolamento de ru\u00eddo e vibra\u00e7\u00e3o de frequ\u00eancia m\u00e9dia a alta. Material estabelecido para isolamento de prensa de impress\u00e3o. <\/p>\n","protected":false},"excerpt":{"rendered":"<p>Coresil\u00ae de tipo<\/p>\n","protected":false},"featured_media":5535,"comment_status":"closed","ping_status":"closed","template":"","meta":{"_acf_changed":false},"product_brand":[],"product_cat":[148,125],"product_tag":[],"class_list":{"0":"post-5557","1":"product","2":"type-product","3":"status-publish","4":"has-post-thumbnail","6":"product_cat-outros-equipamentos-industriais","7":"product_cat-solucoes-industriais","9":"first","10":"instock","11":"shipping-taxable","12":"purchasable","13":"product-type-simple"},"acf":[],"yoast_head":"<!-- This site is optimized with the Yoast SEO plugin v27.3 - https:\/\/yoast.com\/product\/yoast-seo-wordpress\/ -->\n<title>Isolador Natural de Corti\u00e7a - Type Coresil<\/title>\n<meta name=\"description\" content=\"O Coresil oferece isolamento de vibra\u00e7\u00e3o de alta carga para ru\u00eddo de frequ\u00eancia m\u00e9dia a alta, ideal para impressoras, compressores e mais.\" \/>\n<meta name=\"robots\" content=\"index, follow, max-snippet:-1, max-image-preview:large, max-video-preview:-1\" \/>\n<link rel=\"canonical\" href=\"https:\/\/www.christiegrey.com\/pt-pt\/produto\/isolador-natural-de-cortica\/\" \/>\n<meta property=\"og:locale\" content=\"pt_PT\" \/>\n<meta property=\"og:type\" content=\"article\" \/>\n<meta property=\"og:title\" content=\"Isolador Natural de Corti\u00e7a - Type Coresil\" \/>\n<meta property=\"og:description\" content=\"O Coresil oferece isolamento de vibra\u00e7\u00e3o de alta carga para ru\u00eddo de frequ\u00eancia m\u00e9dia a alta, ideal para impressoras, compressores e mais.\" \/>\n<meta property=\"og:url\" content=\"https:\/\/www.christiegrey.com\/pt-pt\/produto\/isolador-natural-de-cortica\/\" \/>\n<meta property=\"article:publisher\" content=\"https:\/\/www.facebook.com\/christieandgreylimited\" \/>\n<meta property=\"og:image\" content=\"https:\/\/www.christiegrey.com\/wp-content\/uploads\/2026\/02\/cork-coresil.jpg\" \/>\n\t<meta property=\"og:image:width\" content=\"1080\" \/>\n\t<meta property=\"og:image:height\" content=\"1080\" \/>\n\t<meta property=\"og:image:type\" content=\"image\/jpeg\" \/>\n<meta name=\"twitter:card\" content=\"summary_large_image\" \/>\n<meta name=\"twitter:site\" content=\"@christiegreyltd\" \/>\n<script type=\"application\/ld+json\" class=\"yoast-schema-graph\">{\"@context\":\"https:\\\/\\\/schema.org\",\"@graph\":[{\"@type\":\"WebPage\",\"@id\":\"https:\\\/\\\/www.christiegrey.com\\\/pt-pt\\\/produto\\\/isolador-natural-de-cortica\\\/\",\"url\":\"https:\\\/\\\/www.christiegrey.com\\\/pt-pt\\\/produto\\\/isolador-natural-de-cortica\\\/\",\"name\":\"Isolador Natural de Corti\u00e7a - Type Coresil\",\"isPartOf\":{\"@id\":\"https:\\\/\\\/www.christiegrey.com\\\/#website\"},\"primaryImageOfPage\":{\"@id\":\"https:\\\/\\\/www.christiegrey.com\\\/pt-pt\\\/produto\\\/isolador-natural-de-cortica\\\/#primaryimage\"},\"image\":{\"@id\":\"https:\\\/\\\/www.christiegrey.com\\\/pt-pt\\\/produto\\\/isolador-natural-de-cortica\\\/#primaryimage\"},\"thumbnailUrl\":\"https:\\\/\\\/www.christiegrey.com\\\/wp-content\\\/uploads\\\/2026\\\/02\\\/cork-coresil.jpg\",\"datePublished\":\"2026-02-18T21:36:28+00:00\",\"description\":\"O Coresil oferece isolamento de vibra\u00e7\u00e3o de alta carga para ru\u00eddo de frequ\u00eancia m\u00e9dia a alta, ideal para impressoras, compressores e mais.\",\"breadcrumb\":{\"@id\":\"https:\\\/\\\/www.christiegrey.com\\\/pt-pt\\\/produto\\\/isolador-natural-de-cortica\\\/#breadcrumb\"},\"inLanguage\":\"pt-PT\",\"potentialAction\":[{\"@type\":\"ReadAction\",\"target\":[\"https:\\\/\\\/www.christiegrey.com\\\/pt-pt\\\/produto\\\/isolador-natural-de-cortica\\\/\"]}]},{\"@type\":\"ImageObject\",\"inLanguage\":\"pt-PT\",\"@id\":\"https:\\\/\\\/www.christiegrey.com\\\/pt-pt\\\/produto\\\/isolador-natural-de-cortica\\\/#primaryimage\",\"url\":\"https:\\\/\\\/www.christiegrey.com\\\/wp-content\\\/uploads\\\/2026\\\/02\\\/cork-coresil.jpg\",\"contentUrl\":\"https:\\\/\\\/www.christiegrey.com\\\/wp-content\\\/uploads\\\/2026\\\/02\\\/cork-coresil.jpg\",\"width\":1080,\"height\":1080,\"caption\":\"Natural Cork Area Isolator\"},{\"@type\":\"BreadcrumbList\",\"@id\":\"https:\\\/\\\/www.christiegrey.com\\\/pt-pt\\\/produto\\\/isolador-natural-de-cortica\\\/#breadcrumb\",\"itemListElement\":[{\"@type\":\"ListItem\",\"position\":1,\"name\":\"Casa\",\"item\":\"https:\\\/\\\/www.christiegrey.com\\\/\"},{\"@type\":\"ListItem\",\"position\":2,\"name\":\"Nossos Produtos\",\"item\":\"https:\\\/\\\/www.christiegrey.com\\\/pt-pt\\\/loja\\\/\"},{\"@type\":\"ListItem\",\"position\":3,\"name\":\"Isolador Natural de Corti\u00e7a\"}]},{\"@type\":\"WebSite\",\"@id\":\"https:\\\/\\\/www.christiegrey.com\\\/#website\",\"url\":\"https:\\\/\\\/www.christiegrey.com\\\/\",\"name\":\"Christie & Grey\",\"description\":\"\",\"publisher\":{\"@id\":\"https:\\\/\\\/www.christiegrey.com\\\/#organization\"},\"potentialAction\":[{\"@type\":\"SearchAction\",\"target\":{\"@type\":\"EntryPoint\",\"urlTemplate\":\"https:\\\/\\\/www.christiegrey.com\\\/?s={search_term_string}\"},\"query-input\":{\"@type\":\"PropertyValueSpecification\",\"valueRequired\":true,\"valueName\":\"search_term_string\"}}],\"inLanguage\":\"pt-PT\"},{\"@type\":\"Organization\",\"@id\":\"https:\\\/\\\/www.christiegrey.com\\\/#organization\",\"name\":\"Christie & Grey\",\"url\":\"https:\\\/\\\/www.christiegrey.com\\\/\",\"logo\":{\"@type\":\"ImageObject\",\"inLanguage\":\"pt-PT\",\"@id\":\"https:\\\/\\\/www.christiegrey.com\\\/#\\\/schema\\\/logo\\\/image\\\/\",\"url\":\"https:\\\/\\\/www.christiegrey.com\\\/wp-content\\\/uploads\\\/2026\\\/02\\\/cropped-logo-scaled-1.png\",\"contentUrl\":\"https:\\\/\\\/www.christiegrey.com\\\/wp-content\\\/uploads\\\/2026\\\/02\\\/cropped-logo-scaled-1.png\",\"width\":250,\"height\":90,\"caption\":\"Christie & Grey\"},\"image\":{\"@id\":\"https:\\\/\\\/www.christiegrey.com\\\/#\\\/schema\\\/logo\\\/image\\\/\"},\"sameAs\":[\"https:\\\/\\\/www.facebook.com\\\/christieandgreylimited\",\"https:\\\/\\\/x.com\\\/christiegreyltd\"]}]}<\/script>\n<!-- \/ Yoast SEO plugin. -->","yoast_head_json":{"title":"Isolador Natural de Corti\u00e7a - Type Coresil","description":"O Coresil oferece isolamento de vibra\u00e7\u00e3o de alta carga para ru\u00eddo de frequ\u00eancia m\u00e9dia a alta, ideal para impressoras, compressores e mais.","robots":{"index":"index","follow":"follow","max-snippet":"max-snippet:-1","max-image-preview":"max-image-preview:large","max-video-preview":"max-video-preview:-1"},"canonical":"https:\/\/www.christiegrey.com\/pt-pt\/produto\/isolador-natural-de-cortica\/","og_locale":"pt_PT","og_type":"article","og_title":"Isolador Natural de Corti\u00e7a - Type Coresil","og_description":"O Coresil oferece isolamento de vibra\u00e7\u00e3o de alta carga para ru\u00eddo de frequ\u00eancia m\u00e9dia a alta, ideal para impressoras, compressores e mais.","og_url":"https:\/\/www.christiegrey.com\/pt-pt\/produto\/isolador-natural-de-cortica\/","article_publisher":"https:\/\/www.facebook.com\/christieandgreylimited","og_image":[{"width":1080,"height":1080,"url":"https:\/\/www.christiegrey.com\/wp-content\/uploads\/2026\/02\/cork-coresil.jpg","type":"image\/jpeg"}],"twitter_card":"summary_large_image","twitter_site":"@christiegreyltd","schema":{"@context":"https:\/\/schema.org","@graph":[{"@type":"WebPage","@id":"https:\/\/www.christiegrey.com\/pt-pt\/produto\/isolador-natural-de-cortica\/","url":"https:\/\/www.christiegrey.com\/pt-pt\/produto\/isolador-natural-de-cortica\/","name":"Isolador Natural de Corti\u00e7a - Type Coresil","isPartOf":{"@id":"https:\/\/www.christiegrey.com\/#website"},"primaryImageOfPage":{"@id":"https:\/\/www.christiegrey.com\/pt-pt\/produto\/isolador-natural-de-cortica\/#primaryimage"},"image":{"@id":"https:\/\/www.christiegrey.com\/pt-pt\/produto\/isolador-natural-de-cortica\/#primaryimage"},"thumbnailUrl":"https:\/\/www.christiegrey.com\/wp-content\/uploads\/2026\/02\/cork-coresil.jpg","datePublished":"2026-02-18T21:36:28+00:00","description":"O Coresil oferece isolamento de vibra\u00e7\u00e3o de alta carga para ru\u00eddo de frequ\u00eancia m\u00e9dia a alta, ideal para impressoras, compressores e mais.","breadcrumb":{"@id":"https:\/\/www.christiegrey.com\/pt-pt\/produto\/isolador-natural-de-cortica\/#breadcrumb"},"inLanguage":"pt-PT","potentialAction":[{"@type":"ReadAction","target":["https:\/\/www.christiegrey.com\/pt-pt\/produto\/isolador-natural-de-cortica\/"]}]},{"@type":"ImageObject","inLanguage":"pt-PT","@id":"https:\/\/www.christiegrey.com\/pt-pt\/produto\/isolador-natural-de-cortica\/#primaryimage","url":"https:\/\/www.christiegrey.com\/wp-content\/uploads\/2026\/02\/cork-coresil.jpg","contentUrl":"https:\/\/www.christiegrey.com\/wp-content\/uploads\/2026\/02\/cork-coresil.jpg","width":1080,"height":1080,"caption":"Natural Cork Area Isolator"},{"@type":"BreadcrumbList","@id":"https:\/\/www.christiegrey.com\/pt-pt\/produto\/isolador-natural-de-cortica\/#breadcrumb","itemListElement":[{"@type":"ListItem","position":1,"name":"Casa","item":"https:\/\/www.christiegrey.com\/"},{"@type":"ListItem","position":2,"name":"Nossos Produtos","item":"https:\/\/www.christiegrey.com\/pt-pt\/loja\/"},{"@type":"ListItem","position":3,"name":"Isolador Natural de Corti\u00e7a"}]},{"@type":"WebSite","@id":"https:\/\/www.christiegrey.com\/#website","url":"https:\/\/www.christiegrey.com\/","name":"Christie & Grey","description":"","publisher":{"@id":"https:\/\/www.christiegrey.com\/#organization"},"potentialAction":[{"@type":"SearchAction","target":{"@type":"EntryPoint","urlTemplate":"https:\/\/www.christiegrey.com\/?s={search_term_string}"},"query-input":{"@type":"PropertyValueSpecification","valueRequired":true,"valueName":"search_term_string"}}],"inLanguage":"pt-PT"},{"@type":"Organization","@id":"https:\/\/www.christiegrey.com\/#organization","name":"Christie & Grey","url":"https:\/\/www.christiegrey.com\/","logo":{"@type":"ImageObject","inLanguage":"pt-PT","@id":"https:\/\/www.christiegrey.com\/#\/schema\/logo\/image\/","url":"https:\/\/www.christiegrey.com\/wp-content\/uploads\/2026\/02\/cropped-logo-scaled-1.png","contentUrl":"https:\/\/www.christiegrey.com\/wp-content\/uploads\/2026\/02\/cropped-logo-scaled-1.png","width":250,"height":90,"caption":"Christie & Grey"},"image":{"@id":"https:\/\/www.christiegrey.com\/#\/schema\/logo\/image\/"},"sameAs":["https:\/\/www.facebook.com\/christieandgreylimited","https:\/\/x.com\/christiegreyltd"]}]}},"_links":{"self":[{"href":"https:\/\/www.christiegrey.com\/pt-pt\/wp-json\/wp\/v2\/product\/5557","targetHints":{"allow":["GET"]}}],"collection":[{"href":"https:\/\/www.christiegrey.com\/pt-pt\/wp-json\/wp\/v2\/product"}],"about":[{"href":"https:\/\/www.christiegrey.com\/pt-pt\/wp-json\/wp\/v2\/types\/product"}],"replies":[{"embeddable":true,"href":"https:\/\/www.christiegrey.com\/pt-pt\/wp-json\/wp\/v2\/comments?post=5557"}],"wp:featuredmedia":[{"embeddable":true,"href":"https:\/\/www.christiegrey.com\/pt-pt\/wp-json\/wp\/v2\/media\/5535"}],"wp:attachment":[{"href":"https:\/\/www.christiegrey.com\/pt-pt\/wp-json\/wp\/v2\/media?parent=5557"}],"wp:term":[{"taxonomy":"product_brand","embeddable":true,"href":"https:\/\/www.christiegrey.com\/pt-pt\/wp-json\/wp\/v2\/product_brand?post=5557"},{"taxonomy":"product_cat","embeddable":true,"href":"https:\/\/www.christiegrey.com\/pt-pt\/wp-json\/wp\/v2\/product_cat?post=5557"},{"taxonomy":"product_tag","embeddable":true,"href":"https:\/\/www.christiegrey.com\/pt-pt\/wp-json\/wp\/v2\/product_tag?post=5557"}],"curies":[{"name":"wp","href":"https:\/\/api.w.org\/{rel}","templated":true}]}}