{"id":5546,"date":"2026-02-18T21:43:05","date_gmt":"2026-02-18T21:43:05","guid":{"rendered":"https:\/\/www.christiegrey.com\/product\/cortica-ligada-de-neoprene-nbc\/"},"modified":"2026-02-18T21:43:05","modified_gmt":"2026-02-18T21:43:05","slug":"cortica-ligada-de-neoprene-nbc","status":"publish","type":"product","link":"https:\/\/www.christiegrey.com\/pt-pt\/produto\/cortica-ligada-de-neoprene-nbc\/","title":{"rendered":"Corti\u00e7a Ligada de Neoprene (NBC)"},"content":{"rendered":"<p>Solu\u00e7\u00e3o simples para muitas m\u00e1quinas industriais e pisos ac\u00fasticos\/estruturas de a\u00e7o que fornecem isolamento de vibra\u00e7\u00f5es.<\/p>\n","protected":false},"excerpt":{"rendered":"<p>Solu\u00e7\u00e3o simples para muitas m\u00e1quinas industriais e pisos ac\u00fasticos\/estruturas de a\u00e7o que fornecem isolamento de vibra\u00e7\u00f5es.<\/p>\n","protected":false},"featured_media":5537,"comment_status":"closed","ping_status":"closed","template":"","meta":{"_acf_changed":false},"product_brand":[],"product_cat":[148,125],"product_tag":[],"class_list":{"0":"post-5546","1":"product","2":"type-product","3":"status-publish","4":"has-post-thumbnail","6":"product_cat-outros-equipamentos-industriais","7":"product_cat-solucoes-industriais","9":"first","10":"instock","11":"shipping-taxable","12":"purchasable","13":"product-type-simple"},"acf":[],"yoast_head":"<!-- This site is optimized with the Yoast SEO plugin v27.0 - https:\/\/yoast.com\/product\/yoast-seo-wordpress\/ -->\n<title>Corti\u00e7a Ligada de Neoprene (NBC) - Christie &amp; Grey<\/title>\n<meta name=\"description\" content=\"A Corti\u00e7a Aderida de Neoprene (NBC) combina corti\u00e7a e neoprene dur\u00e1vel para proporcionar isolamento eficaz de vibra\u00e7\u00e3o e ru\u00eddo para aplica\u00e7\u00f5es industriais e de funda\u00e7\u00e3o.\" \/>\n<meta name=\"robots\" content=\"index, follow, max-snippet:-1, max-image-preview:large, max-video-preview:-1\" \/>\n<link rel=\"canonical\" href=\"https:\/\/www.christiegrey.com\/pt-pt\/produto\/cortica-ligada-de-neoprene-nbc\/\" \/>\n<meta property=\"og:locale\" content=\"pt_PT\" \/>\n<meta property=\"og:type\" content=\"article\" \/>\n<meta property=\"og:title\" content=\"Corti\u00e7a Ligada de Neoprene (NBC) - Christie &amp; Grey\" \/>\n<meta property=\"og:description\" content=\"A Corti\u00e7a Aderida de Neoprene (NBC) combina corti\u00e7a e neoprene dur\u00e1vel para proporcionar isolamento eficaz de vibra\u00e7\u00e3o e ru\u00eddo para aplica\u00e7\u00f5es industriais e de funda\u00e7\u00e3o.\" \/>\n<meta property=\"og:url\" content=\"https:\/\/www.christiegrey.com\/pt-pt\/produto\/cortica-ligada-de-neoprene-nbc\/\" \/>\n<meta property=\"article:publisher\" content=\"https:\/\/www.facebook.com\/christieandgreylimited\" \/>\n<meta property=\"og:image\" content=\"https:\/\/www.christiegrey.com\/wp-content\/uploads\/2026\/02\/nbc.jpg\" \/>\n\t<meta property=\"og:image:width\" content=\"1080\" \/>\n\t<meta property=\"og:image:height\" content=\"1080\" \/>\n\t<meta property=\"og:image:type\" content=\"image\/jpeg\" \/>\n<meta name=\"twitter:card\" content=\"summary_large_image\" \/>\n<meta name=\"twitter:site\" content=\"@christiegreyltd\" \/>\n<script type=\"application\/ld+json\" class=\"yoast-schema-graph\">{\"@context\":\"https:\/\/schema.org\",\"@graph\":[{\"@type\":\"WebPage\",\"@id\":\"https:\/\/www.christiegrey.com\/pt-pt\/produto\/cortica-ligada-de-neoprene-nbc\/\",\"url\":\"https:\/\/www.christiegrey.com\/pt-pt\/produto\/cortica-ligada-de-neoprene-nbc\/\",\"name\":\"Corti\u00e7a Ligada de Neoprene (NBC) - Christie & Grey\",\"isPartOf\":{\"@id\":\"https:\/\/www.christiegrey.com\/#website\"},\"primaryImageOfPage\":{\"@id\":\"https:\/\/www.christiegrey.com\/pt-pt\/produto\/cortica-ligada-de-neoprene-nbc\/#primaryimage\"},\"image\":{\"@id\":\"https:\/\/www.christiegrey.com\/pt-pt\/produto\/cortica-ligada-de-neoprene-nbc\/#primaryimage\"},\"thumbnailUrl\":\"https:\/\/www.christiegrey.com\/wp-content\/uploads\/2026\/02\/nbc.jpg\",\"datePublished\":\"2026-02-18T21:43:05+00:00\",\"description\":\"A Corti\u00e7a Aderida de Neoprene (NBC) combina corti\u00e7a e neoprene dur\u00e1vel para proporcionar isolamento eficaz de vibra\u00e7\u00e3o e ru\u00eddo para aplica\u00e7\u00f5es industriais e de funda\u00e7\u00e3o.\",\"breadcrumb\":{\"@id\":\"https:\/\/www.christiegrey.com\/pt-pt\/produto\/cortica-ligada-de-neoprene-nbc\/#breadcrumb\"},\"inLanguage\":\"pt-PT\",\"potentialAction\":[{\"@type\":\"ReadAction\",\"target\":[\"https:\/\/www.christiegrey.com\/pt-pt\/produto\/cortica-ligada-de-neoprene-nbc\/\"]}]},{\"@type\":\"ImageObject\",\"inLanguage\":\"pt-PT\",\"@id\":\"https:\/\/www.christiegrey.com\/pt-pt\/produto\/cortica-ligada-de-neoprene-nbc\/#primaryimage\",\"url\":\"https:\/\/www.christiegrey.com\/wp-content\/uploads\/2026\/02\/nbc.jpg\",\"contentUrl\":\"https:\/\/www.christiegrey.com\/wp-content\/uploads\/2026\/02\/nbc.jpg\",\"width\":1080,\"height\":1080,\"caption\":\"Neoprene Bonded Cork\"},{\"@type\":\"BreadcrumbList\",\"@id\":\"https:\/\/www.christiegrey.com\/pt-pt\/produto\/cortica-ligada-de-neoprene-nbc\/#breadcrumb\",\"itemListElement\":[{\"@type\":\"ListItem\",\"position\":1,\"name\":\"Casa\",\"item\":\"https:\/\/www.christiegrey.com\/\"},{\"@type\":\"ListItem\",\"position\":2,\"name\":\"Nossos Produtos\",\"item\":\"https:\/\/www.christiegrey.com\/pt-pt\/loja\/\"},{\"@type\":\"ListItem\",\"position\":3,\"name\":\"Corti\u00e7a Ligada de Neoprene (NBC)\"}]},{\"@type\":\"WebSite\",\"@id\":\"https:\/\/www.christiegrey.com\/#website\",\"url\":\"https:\/\/www.christiegrey.com\/\",\"name\":\"Christie & Grey\",\"description\":\"\",\"publisher\":{\"@id\":\"https:\/\/www.christiegrey.com\/#organization\"},\"potentialAction\":[{\"@type\":\"SearchAction\",\"target\":{\"@type\":\"EntryPoint\",\"urlTemplate\":\"https:\/\/www.christiegrey.com\/?s={search_term_string}\"},\"query-input\":{\"@type\":\"PropertyValueSpecification\",\"valueRequired\":true,\"valueName\":\"search_term_string\"}}],\"inLanguage\":\"pt-PT\"},{\"@type\":\"Organization\",\"@id\":\"https:\/\/www.christiegrey.com\/#organization\",\"name\":\"Christie & Grey\",\"url\":\"https:\/\/www.christiegrey.com\/\",\"logo\":{\"@type\":\"ImageObject\",\"inLanguage\":\"pt-PT\",\"@id\":\"https:\/\/www.christiegrey.com\/#\/schema\/logo\/image\/\",\"url\":\"https:\/\/www.christiegrey.com\/wp-content\/uploads\/2026\/02\/cropped-logo-scaled-1.png\",\"contentUrl\":\"https:\/\/www.christiegrey.com\/wp-content\/uploads\/2026\/02\/cropped-logo-scaled-1.png\",\"width\":250,\"height\":90,\"caption\":\"Christie & Grey\"},\"image\":{\"@id\":\"https:\/\/www.christiegrey.com\/#\/schema\/logo\/image\/\"},\"sameAs\":[\"https:\/\/www.facebook.com\/christieandgreylimited\",\"https:\/\/x.com\/christiegreyltd\"]}]}<\/script>\n<!-- \/ Yoast SEO plugin. -->","yoast_head_json":{"title":"Corti\u00e7a Ligada de Neoprene (NBC) - Christie & Grey","description":"A Corti\u00e7a Aderida de Neoprene (NBC) combina corti\u00e7a e neoprene dur\u00e1vel para proporcionar isolamento eficaz de vibra\u00e7\u00e3o e ru\u00eddo para aplica\u00e7\u00f5es industriais e de funda\u00e7\u00e3o.","robots":{"index":"index","follow":"follow","max-snippet":"max-snippet:-1","max-image-preview":"max-image-preview:large","max-video-preview":"max-video-preview:-1"},"canonical":"https:\/\/www.christiegrey.com\/pt-pt\/produto\/cortica-ligada-de-neoprene-nbc\/","og_locale":"pt_PT","og_type":"article","og_title":"Corti\u00e7a Ligada de Neoprene (NBC) - Christie & Grey","og_description":"A Corti\u00e7a Aderida de Neoprene (NBC) combina corti\u00e7a e neoprene dur\u00e1vel para proporcionar isolamento eficaz de vibra\u00e7\u00e3o e ru\u00eddo para aplica\u00e7\u00f5es industriais e de funda\u00e7\u00e3o.","og_url":"https:\/\/www.christiegrey.com\/pt-pt\/produto\/cortica-ligada-de-neoprene-nbc\/","article_publisher":"https:\/\/www.facebook.com\/christieandgreylimited","og_image":[{"width":1080,"height":1080,"url":"https:\/\/www.christiegrey.com\/wp-content\/uploads\/2026\/02\/nbc.jpg","type":"image\/jpeg"}],"twitter_card":"summary_large_image","twitter_site":"@christiegreyltd","schema":{"@context":"https:\/\/schema.org","@graph":[{"@type":"WebPage","@id":"https:\/\/www.christiegrey.com\/pt-pt\/produto\/cortica-ligada-de-neoprene-nbc\/","url":"https:\/\/www.christiegrey.com\/pt-pt\/produto\/cortica-ligada-de-neoprene-nbc\/","name":"Corti\u00e7a Ligada de Neoprene (NBC) - Christie & Grey","isPartOf":{"@id":"https:\/\/www.christiegrey.com\/#website"},"primaryImageOfPage":{"@id":"https:\/\/www.christiegrey.com\/pt-pt\/produto\/cortica-ligada-de-neoprene-nbc\/#primaryimage"},"image":{"@id":"https:\/\/www.christiegrey.com\/pt-pt\/produto\/cortica-ligada-de-neoprene-nbc\/#primaryimage"},"thumbnailUrl":"https:\/\/www.christiegrey.com\/wp-content\/uploads\/2026\/02\/nbc.jpg","datePublished":"2026-02-18T21:43:05+00:00","description":"A Corti\u00e7a Aderida de Neoprene (NBC) combina corti\u00e7a e neoprene dur\u00e1vel para proporcionar isolamento eficaz de vibra\u00e7\u00e3o e ru\u00eddo para aplica\u00e7\u00f5es industriais e de funda\u00e7\u00e3o.","breadcrumb":{"@id":"https:\/\/www.christiegrey.com\/pt-pt\/produto\/cortica-ligada-de-neoprene-nbc\/#breadcrumb"},"inLanguage":"pt-PT","potentialAction":[{"@type":"ReadAction","target":["https:\/\/www.christiegrey.com\/pt-pt\/produto\/cortica-ligada-de-neoprene-nbc\/"]}]},{"@type":"ImageObject","inLanguage":"pt-PT","@id":"https:\/\/www.christiegrey.com\/pt-pt\/produto\/cortica-ligada-de-neoprene-nbc\/#primaryimage","url":"https:\/\/www.christiegrey.com\/wp-content\/uploads\/2026\/02\/nbc.jpg","contentUrl":"https:\/\/www.christiegrey.com\/wp-content\/uploads\/2026\/02\/nbc.jpg","width":1080,"height":1080,"caption":"Neoprene Bonded Cork"},{"@type":"BreadcrumbList","@id":"https:\/\/www.christiegrey.com\/pt-pt\/produto\/cortica-ligada-de-neoprene-nbc\/#breadcrumb","itemListElement":[{"@type":"ListItem","position":1,"name":"Casa","item":"https:\/\/www.christiegrey.com\/"},{"@type":"ListItem","position":2,"name":"Nossos Produtos","item":"https:\/\/www.christiegrey.com\/pt-pt\/loja\/"},{"@type":"ListItem","position":3,"name":"Corti\u00e7a Ligada de Neoprene (NBC)"}]},{"@type":"WebSite","@id":"https:\/\/www.christiegrey.com\/#website","url":"https:\/\/www.christiegrey.com\/","name":"Christie & Grey","description":"","publisher":{"@id":"https:\/\/www.christiegrey.com\/#organization"},"potentialAction":[{"@type":"SearchAction","target":{"@type":"EntryPoint","urlTemplate":"https:\/\/www.christiegrey.com\/?s={search_term_string}"},"query-input":{"@type":"PropertyValueSpecification","valueRequired":true,"valueName":"search_term_string"}}],"inLanguage":"pt-PT"},{"@type":"Organization","@id":"https:\/\/www.christiegrey.com\/#organization","name":"Christie & Grey","url":"https:\/\/www.christiegrey.com\/","logo":{"@type":"ImageObject","inLanguage":"pt-PT","@id":"https:\/\/www.christiegrey.com\/#\/schema\/logo\/image\/","url":"https:\/\/www.christiegrey.com\/wp-content\/uploads\/2026\/02\/cropped-logo-scaled-1.png","contentUrl":"https:\/\/www.christiegrey.com\/wp-content\/uploads\/2026\/02\/cropped-logo-scaled-1.png","width":250,"height":90,"caption":"Christie & Grey"},"image":{"@id":"https:\/\/www.christiegrey.com\/#\/schema\/logo\/image\/"},"sameAs":["https:\/\/www.facebook.com\/christieandgreylimited","https:\/\/x.com\/christiegreyltd"]}]}},"_links":{"self":[{"href":"https:\/\/www.christiegrey.com\/pt-pt\/wp-json\/wp\/v2\/product\/5546","targetHints":{"allow":["GET"]}}],"collection":[{"href":"https:\/\/www.christiegrey.com\/pt-pt\/wp-json\/wp\/v2\/product"}],"about":[{"href":"https:\/\/www.christiegrey.com\/pt-pt\/wp-json\/wp\/v2\/types\/product"}],"replies":[{"embeddable":true,"href":"https:\/\/www.christiegrey.com\/pt-pt\/wp-json\/wp\/v2\/comments?post=5546"}],"wp:featuredmedia":[{"embeddable":true,"href":"https:\/\/www.christiegrey.com\/pt-pt\/wp-json\/wp\/v2\/media\/5537"}],"wp:attachment":[{"href":"https:\/\/www.christiegrey.com\/pt-pt\/wp-json\/wp\/v2\/media?parent=5546"}],"wp:term":[{"taxonomy":"product_brand","embeddable":true,"href":"https:\/\/www.christiegrey.com\/pt-pt\/wp-json\/wp\/v2\/product_brand?post=5546"},{"taxonomy":"product_cat","embeddable":true,"href":"https:\/\/www.christiegrey.com\/pt-pt\/wp-json\/wp\/v2\/product_cat?post=5546"},{"taxonomy":"product_tag","embeddable":true,"href":"https:\/\/www.christiegrey.com\/pt-pt\/wp-json\/wp\/v2\/product_tag?post=5546"}],"curies":[{"name":"wp","href":"https:\/\/api.w.org\/{rel}","templated":true}]}}