{"id":4743,"date":"2025-12-25T10:17:35","date_gmt":"2025-12-25T10:17:35","guid":{"rendered":"https:\/\/www.christiegrey.com\/product\/marinflex\/"},"modified":"2025-12-25T10:17:35","modified_gmt":"2025-12-25T10:17:35","slug":"marinflex","status":"publish","type":"product","link":"https:\/\/www.christiegrey.com\/pt-pt\/produto\/marinflex\/","title":{"rendered":"Marinflex"},"content":{"rendered":"<p>Uma linha de isoladores compactos de borracha especialmente projetados para aplica\u00e7\u00f5es marinhas e m\u00f3veis.<\/p>\n<p>O Marinflex Cushyfloat est\u00e1 dispon\u00edvel em tr\u00eas tamanhos e tr\u00eas compostos de borracha para cargas de 12 kg a 780 kg (75 borracha de praia dispon\u00edvel na variante 17\/1657 para carga m\u00e1xima de 1100 kg at\u00e9 pedido especial apenas).<\/p>\n<p>A aprova\u00e7\u00e3o geral de tipo foi concedida pelo Lloyd&#8217;s Register of Shipping.<\/p>\n<p>Cushyfloat TM \u00e9 uma marca registrada da Trelleborg \u00ae<\/p>\n","protected":false},"excerpt":{"rendered":"<p>Suportes de borracha tipo Cushyfloat<\/p>\n","protected":false},"featured_media":940,"comment_status":"open","ping_status":"closed","template":"","meta":{"_acf_changed":false},"product_brand":[],"product_cat":[143,156,163,142],"product_tag":[],"class_list":{"0":"post-4743","1":"product","2":"type-product","3":"status-publish","4":"has-post-thumbnail","6":"product_cat-auxiliares-maritimos","7":"product_cat-geracao-marinha","8":"product_cat-propulsao-maritima","9":"product_cat-solucoes-marinhas-e-offshore","11":"first","12":"instock","13":"shipping-taxable","14":"purchasable","15":"product-type-simple"},"acf":[],"yoast_head":"<!-- This site is optimized with the Yoast SEO plugin v27.0 - https:\/\/yoast.com\/product\/yoast-seo-wordpress\/ -->\n<title>Suportes de borracha Marinflex Cushyfloat - Christie Grey<\/title>\n<meta name=\"description\" content=\"As montagens de borracha Marinflex Cushyfloat fornecem isolamento de vibra\u00e7\u00e3o compacto e de alto desempenho para aplica\u00e7\u00f5es mar\u00edtimas e m\u00f3veis, com aprova\u00e7\u00e3o do Lloyd&#039;s Register.\" \/>\n<meta name=\"robots\" content=\"index, follow, max-snippet:-1, max-image-preview:large, max-video-preview:-1\" \/>\n<link rel=\"canonical\" href=\"https:\/\/www.christiegrey.com\/pt-pt\/produto\/marinflex\/\" \/>\n<meta property=\"og:locale\" content=\"pt_PT\" \/>\n<meta property=\"og:type\" content=\"article\" \/>\n<meta property=\"og:title\" content=\"Suportes de borracha Marinflex Cushyfloat - Christie Grey\" \/>\n<meta property=\"og:description\" content=\"As montagens de borracha Marinflex Cushyfloat fornecem isolamento de vibra\u00e7\u00e3o compacto e de alto desempenho para aplica\u00e7\u00f5es mar\u00edtimas e m\u00f3veis, com aprova\u00e7\u00e3o do Lloyd&#039;s Register.\" \/>\n<meta property=\"og:url\" content=\"https:\/\/www.christiegrey.com\/pt-pt\/produto\/marinflex\/\" \/>\n<meta property=\"article:publisher\" content=\"https:\/\/www.facebook.com\/christieandgreylimited\" \/>\n<meta property=\"og:image\" content=\"https:\/\/www.christiegrey.com\/wp-content\/uploads\/2025\/12\/marinflex_c_group.png\" \/>\n\t<meta property=\"og:image:width\" content=\"300\" \/>\n\t<meta property=\"og:image:height\" content=\"300\" \/>\n\t<meta property=\"og:image:type\" content=\"image\/png\" \/>\n<meta name=\"twitter:card\" content=\"summary_large_image\" \/>\n<meta name=\"twitter:site\" content=\"@christiegreyltd\" \/>\n<script type=\"application\/ld+json\" class=\"yoast-schema-graph\">{\"@context\":\"https:\/\/schema.org\",\"@graph\":[{\"@type\":\"WebPage\",\"@id\":\"https:\/\/www.christiegrey.com\/pt-pt\/produto\/marinflex\/\",\"url\":\"https:\/\/www.christiegrey.com\/pt-pt\/produto\/marinflex\/\",\"name\":\"Suportes de borracha Marinflex Cushyfloat - Christie Grey\",\"isPartOf\":{\"@id\":\"https:\/\/www.christiegrey.com\/#website\"},\"primaryImageOfPage\":{\"@id\":\"https:\/\/www.christiegrey.com\/pt-pt\/produto\/marinflex\/#primaryimage\"},\"image\":{\"@id\":\"https:\/\/www.christiegrey.com\/pt-pt\/produto\/marinflex\/#primaryimage\"},\"thumbnailUrl\":\"https:\/\/www.christiegrey.com\/wp-content\/uploads\/2025\/12\/marinflex_c_group.png\",\"datePublished\":\"2025-12-25T10:17:35+00:00\",\"description\":\"As montagens de borracha Marinflex Cushyfloat fornecem isolamento de vibra\u00e7\u00e3o compacto e de alto desempenho para aplica\u00e7\u00f5es mar\u00edtimas e m\u00f3veis, com aprova\u00e7\u00e3o do Lloyd's Register.\",\"breadcrumb\":{\"@id\":\"https:\/\/www.christiegrey.com\/pt-pt\/produto\/marinflex\/#breadcrumb\"},\"inLanguage\":\"pt-PT\",\"potentialAction\":[{\"@type\":\"ReadAction\",\"target\":[\"https:\/\/www.christiegrey.com\/pt-pt\/produto\/marinflex\/\"]}]},{\"@type\":\"ImageObject\",\"inLanguage\":\"pt-PT\",\"@id\":\"https:\/\/www.christiegrey.com\/pt-pt\/produto\/marinflex\/#primaryimage\",\"url\":\"https:\/\/www.christiegrey.com\/wp-content\/uploads\/2025\/12\/marinflex_c_group.png\",\"contentUrl\":\"https:\/\/www.christiegrey.com\/wp-content\/uploads\/2025\/12\/marinflex_c_group.png\",\"width\":300,\"height\":300,\"caption\":\"Marinflex Cushyfloat rubber mountings.\"},{\"@type\":\"BreadcrumbList\",\"@id\":\"https:\/\/www.christiegrey.com\/pt-pt\/produto\/marinflex\/#breadcrumb\",\"itemListElement\":[{\"@type\":\"ListItem\",\"position\":1,\"name\":\"Casa\",\"item\":\"https:\/\/www.christiegrey.com\/\"},{\"@type\":\"ListItem\",\"position\":2,\"name\":\"Nossos Produtos\",\"item\":\"https:\/\/www.christiegrey.com\/pt-pt\/loja\/\"},{\"@type\":\"ListItem\",\"position\":3,\"name\":\"Marinflex\"}]},{\"@type\":\"WebSite\",\"@id\":\"https:\/\/www.christiegrey.com\/#website\",\"url\":\"https:\/\/www.christiegrey.com\/\",\"name\":\"Christie & Grey\",\"description\":\"\",\"publisher\":{\"@id\":\"https:\/\/www.christiegrey.com\/#organization\"},\"potentialAction\":[{\"@type\":\"SearchAction\",\"target\":{\"@type\":\"EntryPoint\",\"urlTemplate\":\"https:\/\/www.christiegrey.com\/?s={search_term_string}\"},\"query-input\":{\"@type\":\"PropertyValueSpecification\",\"valueRequired\":true,\"valueName\":\"search_term_string\"}}],\"inLanguage\":\"pt-PT\"},{\"@type\":\"Organization\",\"@id\":\"https:\/\/www.christiegrey.com\/#organization\",\"name\":\"Christie & Grey\",\"url\":\"https:\/\/www.christiegrey.com\/\",\"logo\":{\"@type\":\"ImageObject\",\"inLanguage\":\"pt-PT\",\"@id\":\"https:\/\/www.christiegrey.com\/#\/schema\/logo\/image\/\",\"url\":\"https:\/\/www.christiegrey.com\/wp-content\/uploads\/2026\/02\/cropped-logo-scaled-1.png\",\"contentUrl\":\"https:\/\/www.christiegrey.com\/wp-content\/uploads\/2026\/02\/cropped-logo-scaled-1.png\",\"width\":250,\"height\":90,\"caption\":\"Christie & Grey\"},\"image\":{\"@id\":\"https:\/\/www.christiegrey.com\/#\/schema\/logo\/image\/\"},\"sameAs\":[\"https:\/\/www.facebook.com\/christieandgreylimited\",\"https:\/\/x.com\/christiegreyltd\"]}]}<\/script>\n<!-- \/ Yoast SEO plugin. -->","yoast_head_json":{"title":"Suportes de borracha Marinflex Cushyfloat - Christie Grey","description":"As montagens de borracha Marinflex Cushyfloat fornecem isolamento de vibra\u00e7\u00e3o compacto e de alto desempenho para aplica\u00e7\u00f5es mar\u00edtimas e m\u00f3veis, com aprova\u00e7\u00e3o do Lloyd's Register.","robots":{"index":"index","follow":"follow","max-snippet":"max-snippet:-1","max-image-preview":"max-image-preview:large","max-video-preview":"max-video-preview:-1"},"canonical":"https:\/\/www.christiegrey.com\/pt-pt\/produto\/marinflex\/","og_locale":"pt_PT","og_type":"article","og_title":"Suportes de borracha Marinflex Cushyfloat - Christie Grey","og_description":"As montagens de borracha Marinflex Cushyfloat fornecem isolamento de vibra\u00e7\u00e3o compacto e de alto desempenho para aplica\u00e7\u00f5es mar\u00edtimas e m\u00f3veis, com aprova\u00e7\u00e3o do Lloyd's Register.","og_url":"https:\/\/www.christiegrey.com\/pt-pt\/produto\/marinflex\/","article_publisher":"https:\/\/www.facebook.com\/christieandgreylimited","og_image":[{"width":300,"height":300,"url":"https:\/\/www.christiegrey.com\/wp-content\/uploads\/2025\/12\/marinflex_c_group.png","type":"image\/png"}],"twitter_card":"summary_large_image","twitter_site":"@christiegreyltd","schema":{"@context":"https:\/\/schema.org","@graph":[{"@type":"WebPage","@id":"https:\/\/www.christiegrey.com\/pt-pt\/produto\/marinflex\/","url":"https:\/\/www.christiegrey.com\/pt-pt\/produto\/marinflex\/","name":"Suportes de borracha Marinflex Cushyfloat - Christie Grey","isPartOf":{"@id":"https:\/\/www.christiegrey.com\/#website"},"primaryImageOfPage":{"@id":"https:\/\/www.christiegrey.com\/pt-pt\/produto\/marinflex\/#primaryimage"},"image":{"@id":"https:\/\/www.christiegrey.com\/pt-pt\/produto\/marinflex\/#primaryimage"},"thumbnailUrl":"https:\/\/www.christiegrey.com\/wp-content\/uploads\/2025\/12\/marinflex_c_group.png","datePublished":"2025-12-25T10:17:35+00:00","description":"As montagens de borracha Marinflex Cushyfloat fornecem isolamento de vibra\u00e7\u00e3o compacto e de alto desempenho para aplica\u00e7\u00f5es mar\u00edtimas e m\u00f3veis, com aprova\u00e7\u00e3o do Lloyd's Register.","breadcrumb":{"@id":"https:\/\/www.christiegrey.com\/pt-pt\/produto\/marinflex\/#breadcrumb"},"inLanguage":"pt-PT","potentialAction":[{"@type":"ReadAction","target":["https:\/\/www.christiegrey.com\/pt-pt\/produto\/marinflex\/"]}]},{"@type":"ImageObject","inLanguage":"pt-PT","@id":"https:\/\/www.christiegrey.com\/pt-pt\/produto\/marinflex\/#primaryimage","url":"https:\/\/www.christiegrey.com\/wp-content\/uploads\/2025\/12\/marinflex_c_group.png","contentUrl":"https:\/\/www.christiegrey.com\/wp-content\/uploads\/2025\/12\/marinflex_c_group.png","width":300,"height":300,"caption":"Marinflex Cushyfloat rubber mountings."},{"@type":"BreadcrumbList","@id":"https:\/\/www.christiegrey.com\/pt-pt\/produto\/marinflex\/#breadcrumb","itemListElement":[{"@type":"ListItem","position":1,"name":"Casa","item":"https:\/\/www.christiegrey.com\/"},{"@type":"ListItem","position":2,"name":"Nossos Produtos","item":"https:\/\/www.christiegrey.com\/pt-pt\/loja\/"},{"@type":"ListItem","position":3,"name":"Marinflex"}]},{"@type":"WebSite","@id":"https:\/\/www.christiegrey.com\/#website","url":"https:\/\/www.christiegrey.com\/","name":"Christie & Grey","description":"","publisher":{"@id":"https:\/\/www.christiegrey.com\/#organization"},"potentialAction":[{"@type":"SearchAction","target":{"@type":"EntryPoint","urlTemplate":"https:\/\/www.christiegrey.com\/?s={search_term_string}"},"query-input":{"@type":"PropertyValueSpecification","valueRequired":true,"valueName":"search_term_string"}}],"inLanguage":"pt-PT"},{"@type":"Organization","@id":"https:\/\/www.christiegrey.com\/#organization","name":"Christie & Grey","url":"https:\/\/www.christiegrey.com\/","logo":{"@type":"ImageObject","inLanguage":"pt-PT","@id":"https:\/\/www.christiegrey.com\/#\/schema\/logo\/image\/","url":"https:\/\/www.christiegrey.com\/wp-content\/uploads\/2026\/02\/cropped-logo-scaled-1.png","contentUrl":"https:\/\/www.christiegrey.com\/wp-content\/uploads\/2026\/02\/cropped-logo-scaled-1.png","width":250,"height":90,"caption":"Christie & Grey"},"image":{"@id":"https:\/\/www.christiegrey.com\/#\/schema\/logo\/image\/"},"sameAs":["https:\/\/www.facebook.com\/christieandgreylimited","https:\/\/x.com\/christiegreyltd"]}]}},"_links":{"self":[{"href":"https:\/\/www.christiegrey.com\/pt-pt\/wp-json\/wp\/v2\/product\/4743","targetHints":{"allow":["GET"]}}],"collection":[{"href":"https:\/\/www.christiegrey.com\/pt-pt\/wp-json\/wp\/v2\/product"}],"about":[{"href":"https:\/\/www.christiegrey.com\/pt-pt\/wp-json\/wp\/v2\/types\/product"}],"replies":[{"embeddable":true,"href":"https:\/\/www.christiegrey.com\/pt-pt\/wp-json\/wp\/v2\/comments?post=4743"}],"wp:featuredmedia":[{"embeddable":true,"href":"https:\/\/www.christiegrey.com\/pt-pt\/wp-json\/wp\/v2\/media\/940"}],"wp:attachment":[{"href":"https:\/\/www.christiegrey.com\/pt-pt\/wp-json\/wp\/v2\/media?parent=4743"}],"wp:term":[{"taxonomy":"product_brand","embeddable":true,"href":"https:\/\/www.christiegrey.com\/pt-pt\/wp-json\/wp\/v2\/product_brand?post=4743"},{"taxonomy":"product_cat","embeddable":true,"href":"https:\/\/www.christiegrey.com\/pt-pt\/wp-json\/wp\/v2\/product_cat?post=4743"},{"taxonomy":"product_tag","embeddable":true,"href":"https:\/\/www.christiegrey.com\/pt-pt\/wp-json\/wp\/v2\/product_tag?post=4743"}],"curies":[{"name":"wp","href":"https:\/\/api.w.org\/{rel}","templated":true}]}}