{"id":4718,"date":"2025-12-25T09:58:50","date_gmt":"2025-12-25T09:58:50","guid":{"rendered":"https:\/\/www.christiegrey.com\/product\/tsc-isoladores-combinados-de-molas-de-aco-e-borracha-4\/"},"modified":"2025-12-25T09:58:50","modified_gmt":"2025-12-25T09:58:50","slug":"tsc-isoladores-combinados-de-molas-de-aco-e-borracha-4","status":"publish","type":"product","link":"https:\/\/www.christiegrey.com\/pt-pt\/produto\/tsc-isoladores-combinados-de-molas-de-aco-e-borracha-4\/","title":{"rendered":"TSC &#8211; Isoladores Combinados de Molas de A\u00e7o e Borracha"},"content":{"rendered":"<p>Um grande avan\u00e7o no design combinou com sucesso as melhores caracter\u00edsticas das molas de a\u00e7o e das molas de borracha para produzir uma gama eficiente, compacta e econ\u00f4mica de isoladores unit\u00e1rios adequados para muitos tipos de aplica\u00e7\u00f5es. Muitas variantes desses isoladores, projetadas e fabricadas por n\u00f3s, est\u00e3o em servi\u00e7o h\u00e1 mais de vinte anos. Os isoladores unit\u00e1rios TSC s\u00e3o altamente eficazes na redu\u00e7\u00e3o da transmiss\u00e3o de vibra\u00e7\u00f5es, ru\u00eddo transmitido pela estrutura e choques de uma ampla gama de m\u00e1quinas rotativas e rec\u00edprocas e na prote\u00e7\u00e3o de aparelhos sens\u00edveis contra perturba\u00e7\u00f5es externas. Eles s\u00e3o particularmente adequados para aplica\u00e7\u00f5es marinhas e m\u00f3veis, pois snubbers internos s\u00e3o incorporados para controlar o movimento da m\u00e1quina isolada. A aprova\u00e7\u00e3o de tipo pela Det Norske Veritas e a aprova\u00e7\u00e3o geral de tipo foram concedidas pelo Lloyd&#8217;s Register of Shipping.    <\/p>\n","protected":false},"excerpt":{"rendered":"<p>Tipo TSC T20<\/p>\n","protected":false},"featured_media":907,"comment_status":"open","ping_status":"closed","template":"","meta":{"_acf_changed":false},"product_brand":[],"product_cat":[156,163,142],"product_tag":[],"class_list":{"0":"post-4718","1":"product","2":"type-product","3":"status-publish","4":"has-post-thumbnail","6":"product_cat-geracao-marinha","7":"product_cat-propulsao-maritima","8":"product_cat-solucoes-marinhas-e-offshore","10":"first","11":"instock","12":"shipping-taxable","13":"purchasable","14":"product-type-simple"},"acf":[],"yoast_head":"<!-- This site is optimized with the Yoast SEO plugin v27.0 - https:\/\/yoast.com\/product\/yoast-seo-wordpress\/ -->\n<title>Isoladores de Unidade de Mola de A\u00e7o e Borracha TSC T20 - Christie Grey<\/title>\n<meta name=\"description\" content=\"Os isoladores TSC T20 combinam molas de a\u00e7o e borracha para reduzir vibra\u00e7\u00e3o, ru\u00eddo e choque, ideais para aplica\u00e7\u00f5es mar\u00edtimas, m\u00f3veis e industriais.\" \/>\n<meta name=\"robots\" content=\"index, follow, max-snippet:-1, max-image-preview:large, max-video-preview:-1\" \/>\n<link rel=\"canonical\" href=\"https:\/\/www.christiegrey.com\/pt-pt\/produto\/tsc-isoladores-combinados-de-molas-de-aco-e-borracha-4\/\" \/>\n<meta property=\"og:locale\" content=\"pt_PT\" \/>\n<meta property=\"og:type\" content=\"article\" \/>\n<meta property=\"og:title\" content=\"Isoladores de Unidade de Mola de A\u00e7o e Borracha TSC T20 - Christie Grey\" \/>\n<meta property=\"og:description\" content=\"Os isoladores TSC T20 combinam molas de a\u00e7o e borracha para reduzir vibra\u00e7\u00e3o, ru\u00eddo e choque, ideais para aplica\u00e7\u00f5es mar\u00edtimas, m\u00f3veis e industriais.\" \/>\n<meta property=\"og:url\" content=\"https:\/\/www.christiegrey.com\/pt-pt\/produto\/tsc-isoladores-combinados-de-molas-de-aco-e-borracha-4\/\" \/>\n<meta property=\"article:publisher\" content=\"https:\/\/www.facebook.com\/christieandgreylimited\" \/>\n<meta property=\"og:image\" content=\"https:\/\/www.christiegrey.com\/wp-content\/uploads\/2025\/12\/t20_365_365.jpg\" \/>\n\t<meta property=\"og:image:width\" content=\"365\" \/>\n\t<meta property=\"og:image:height\" content=\"365\" \/>\n\t<meta property=\"og:image:type\" content=\"image\/jpeg\" \/>\n<meta name=\"twitter:card\" content=\"summary_large_image\" \/>\n<meta name=\"twitter:site\" content=\"@christiegreyltd\" \/>\n<meta name=\"twitter:label1\" content=\"Tempo estimado de leitura\" \/>\n\t<meta name=\"twitter:data1\" content=\"1 minuto\" \/>\n<script type=\"application\/ld+json\" class=\"yoast-schema-graph\">{\"@context\":\"https:\/\/schema.org\",\"@graph\":[{\"@type\":\"WebPage\",\"@id\":\"https:\/\/www.christiegrey.com\/pt-pt\/produto\/tsc-isoladores-combinados-de-molas-de-aco-e-borracha-4\/\",\"url\":\"https:\/\/www.christiegrey.com\/pt-pt\/produto\/tsc-isoladores-combinados-de-molas-de-aco-e-borracha-4\/\",\"name\":\"Isoladores de Unidade de Mola de A\u00e7o e Borracha TSC T20 - Christie Grey\",\"isPartOf\":{\"@id\":\"https:\/\/www.christiegrey.com\/#website\"},\"primaryImageOfPage\":{\"@id\":\"https:\/\/www.christiegrey.com\/pt-pt\/produto\/tsc-isoladores-combinados-de-molas-de-aco-e-borracha-4\/#primaryimage\"},\"image\":{\"@id\":\"https:\/\/www.christiegrey.com\/pt-pt\/produto\/tsc-isoladores-combinados-de-molas-de-aco-e-borracha-4\/#primaryimage\"},\"thumbnailUrl\":\"https:\/\/www.christiegrey.com\/wp-content\/uploads\/2025\/12\/t20_365_365.jpg\",\"datePublished\":\"2025-12-25T09:58:50+00:00\",\"description\":\"Os isoladores TSC T20 combinam molas de a\u00e7o e borracha para reduzir vibra\u00e7\u00e3o, ru\u00eddo e choque, ideais para aplica\u00e7\u00f5es mar\u00edtimas, m\u00f3veis e industriais.\",\"breadcrumb\":{\"@id\":\"https:\/\/www.christiegrey.com\/pt-pt\/produto\/tsc-isoladores-combinados-de-molas-de-aco-e-borracha-4\/#breadcrumb\"},\"inLanguage\":\"pt-PT\",\"potentialAction\":[{\"@type\":\"ReadAction\",\"target\":[\"https:\/\/www.christiegrey.com\/pt-pt\/produto\/tsc-isoladores-combinados-de-molas-de-aco-e-borracha-4\/\"]}]},{\"@type\":\"ImageObject\",\"inLanguage\":\"pt-PT\",\"@id\":\"https:\/\/www.christiegrey.com\/pt-pt\/produto\/tsc-isoladores-combinados-de-molas-de-aco-e-borracha-4\/#primaryimage\",\"url\":\"https:\/\/www.christiegrey.com\/wp-content\/uploads\/2025\/12\/t20_365_365.jpg\",\"contentUrl\":\"https:\/\/www.christiegrey.com\/wp-content\/uploads\/2025\/12\/t20_365_365.jpg\",\"width\":365,\"height\":365,\"caption\":\"TSC - Combined Steel & Rubber Spring Unit Isolators\"},{\"@type\":\"BreadcrumbList\",\"@id\":\"https:\/\/www.christiegrey.com\/pt-pt\/produto\/tsc-isoladores-combinados-de-molas-de-aco-e-borracha-4\/#breadcrumb\",\"itemListElement\":[{\"@type\":\"ListItem\",\"position\":1,\"name\":\"Casa\",\"item\":\"https:\/\/www.christiegrey.com\/\"},{\"@type\":\"ListItem\",\"position\":2,\"name\":\"Nossos Produtos\",\"item\":\"https:\/\/www.christiegrey.com\/pt-pt\/loja\/\"},{\"@type\":\"ListItem\",\"position\":3,\"name\":\"TSC &#8211; Isoladores Combinados de Molas de A\u00e7o e Borracha\"}]},{\"@type\":\"WebSite\",\"@id\":\"https:\/\/www.christiegrey.com\/#website\",\"url\":\"https:\/\/www.christiegrey.com\/\",\"name\":\"Christie & Grey\",\"description\":\"\",\"publisher\":{\"@id\":\"https:\/\/www.christiegrey.com\/#organization\"},\"potentialAction\":[{\"@type\":\"SearchAction\",\"target\":{\"@type\":\"EntryPoint\",\"urlTemplate\":\"https:\/\/www.christiegrey.com\/?s={search_term_string}\"},\"query-input\":{\"@type\":\"PropertyValueSpecification\",\"valueRequired\":true,\"valueName\":\"search_term_string\"}}],\"inLanguage\":\"pt-PT\"},{\"@type\":\"Organization\",\"@id\":\"https:\/\/www.christiegrey.com\/#organization\",\"name\":\"Christie & Grey\",\"url\":\"https:\/\/www.christiegrey.com\/\",\"logo\":{\"@type\":\"ImageObject\",\"inLanguage\":\"pt-PT\",\"@id\":\"https:\/\/www.christiegrey.com\/#\/schema\/logo\/image\/\",\"url\":\"https:\/\/www.christiegrey.com\/wp-content\/uploads\/2026\/02\/cropped-logo-scaled-1.png\",\"contentUrl\":\"https:\/\/www.christiegrey.com\/wp-content\/uploads\/2026\/02\/cropped-logo-scaled-1.png\",\"width\":250,\"height\":90,\"caption\":\"Christie & Grey\"},\"image\":{\"@id\":\"https:\/\/www.christiegrey.com\/#\/schema\/logo\/image\/\"},\"sameAs\":[\"https:\/\/www.facebook.com\/christieandgreylimited\",\"https:\/\/x.com\/christiegreyltd\"]}]}<\/script>\n<!-- \/ Yoast SEO plugin. -->","yoast_head_json":{"title":"Isoladores de Unidade de Mola de A\u00e7o e Borracha TSC T20 - Christie Grey","description":"Os isoladores TSC T20 combinam molas de a\u00e7o e borracha para reduzir vibra\u00e7\u00e3o, ru\u00eddo e choque, ideais para aplica\u00e7\u00f5es mar\u00edtimas, m\u00f3veis e industriais.","robots":{"index":"index","follow":"follow","max-snippet":"max-snippet:-1","max-image-preview":"max-image-preview:large","max-video-preview":"max-video-preview:-1"},"canonical":"https:\/\/www.christiegrey.com\/pt-pt\/produto\/tsc-isoladores-combinados-de-molas-de-aco-e-borracha-4\/","og_locale":"pt_PT","og_type":"article","og_title":"Isoladores de Unidade de Mola de A\u00e7o e Borracha TSC T20 - Christie Grey","og_description":"Os isoladores TSC T20 combinam molas de a\u00e7o e borracha para reduzir vibra\u00e7\u00e3o, ru\u00eddo e choque, ideais para aplica\u00e7\u00f5es mar\u00edtimas, m\u00f3veis e industriais.","og_url":"https:\/\/www.christiegrey.com\/pt-pt\/produto\/tsc-isoladores-combinados-de-molas-de-aco-e-borracha-4\/","article_publisher":"https:\/\/www.facebook.com\/christieandgreylimited","og_image":[{"width":365,"height":365,"url":"https:\/\/www.christiegrey.com\/wp-content\/uploads\/2025\/12\/t20_365_365.jpg","type":"image\/jpeg"}],"twitter_card":"summary_large_image","twitter_site":"@christiegreyltd","twitter_misc":{"Tempo estimado de leitura":"1 minuto"},"schema":{"@context":"https:\/\/schema.org","@graph":[{"@type":"WebPage","@id":"https:\/\/www.christiegrey.com\/pt-pt\/produto\/tsc-isoladores-combinados-de-molas-de-aco-e-borracha-4\/","url":"https:\/\/www.christiegrey.com\/pt-pt\/produto\/tsc-isoladores-combinados-de-molas-de-aco-e-borracha-4\/","name":"Isoladores de Unidade de Mola de A\u00e7o e Borracha TSC T20 - Christie Grey","isPartOf":{"@id":"https:\/\/www.christiegrey.com\/#website"},"primaryImageOfPage":{"@id":"https:\/\/www.christiegrey.com\/pt-pt\/produto\/tsc-isoladores-combinados-de-molas-de-aco-e-borracha-4\/#primaryimage"},"image":{"@id":"https:\/\/www.christiegrey.com\/pt-pt\/produto\/tsc-isoladores-combinados-de-molas-de-aco-e-borracha-4\/#primaryimage"},"thumbnailUrl":"https:\/\/www.christiegrey.com\/wp-content\/uploads\/2025\/12\/t20_365_365.jpg","datePublished":"2025-12-25T09:58:50+00:00","description":"Os isoladores TSC T20 combinam molas de a\u00e7o e borracha para reduzir vibra\u00e7\u00e3o, ru\u00eddo e choque, ideais para aplica\u00e7\u00f5es mar\u00edtimas, m\u00f3veis e industriais.","breadcrumb":{"@id":"https:\/\/www.christiegrey.com\/pt-pt\/produto\/tsc-isoladores-combinados-de-molas-de-aco-e-borracha-4\/#breadcrumb"},"inLanguage":"pt-PT","potentialAction":[{"@type":"ReadAction","target":["https:\/\/www.christiegrey.com\/pt-pt\/produto\/tsc-isoladores-combinados-de-molas-de-aco-e-borracha-4\/"]}]},{"@type":"ImageObject","inLanguage":"pt-PT","@id":"https:\/\/www.christiegrey.com\/pt-pt\/produto\/tsc-isoladores-combinados-de-molas-de-aco-e-borracha-4\/#primaryimage","url":"https:\/\/www.christiegrey.com\/wp-content\/uploads\/2025\/12\/t20_365_365.jpg","contentUrl":"https:\/\/www.christiegrey.com\/wp-content\/uploads\/2025\/12\/t20_365_365.jpg","width":365,"height":365,"caption":"TSC - Combined Steel & Rubber Spring Unit Isolators"},{"@type":"BreadcrumbList","@id":"https:\/\/www.christiegrey.com\/pt-pt\/produto\/tsc-isoladores-combinados-de-molas-de-aco-e-borracha-4\/#breadcrumb","itemListElement":[{"@type":"ListItem","position":1,"name":"Casa","item":"https:\/\/www.christiegrey.com\/"},{"@type":"ListItem","position":2,"name":"Nossos Produtos","item":"https:\/\/www.christiegrey.com\/pt-pt\/loja\/"},{"@type":"ListItem","position":3,"name":"TSC &#8211; Isoladores Combinados de Molas de A\u00e7o e Borracha"}]},{"@type":"WebSite","@id":"https:\/\/www.christiegrey.com\/#website","url":"https:\/\/www.christiegrey.com\/","name":"Christie & Grey","description":"","publisher":{"@id":"https:\/\/www.christiegrey.com\/#organization"},"potentialAction":[{"@type":"SearchAction","target":{"@type":"EntryPoint","urlTemplate":"https:\/\/www.christiegrey.com\/?s={search_term_string}"},"query-input":{"@type":"PropertyValueSpecification","valueRequired":true,"valueName":"search_term_string"}}],"inLanguage":"pt-PT"},{"@type":"Organization","@id":"https:\/\/www.christiegrey.com\/#organization","name":"Christie & Grey","url":"https:\/\/www.christiegrey.com\/","logo":{"@type":"ImageObject","inLanguage":"pt-PT","@id":"https:\/\/www.christiegrey.com\/#\/schema\/logo\/image\/","url":"https:\/\/www.christiegrey.com\/wp-content\/uploads\/2026\/02\/cropped-logo-scaled-1.png","contentUrl":"https:\/\/www.christiegrey.com\/wp-content\/uploads\/2026\/02\/cropped-logo-scaled-1.png","width":250,"height":90,"caption":"Christie & Grey"},"image":{"@id":"https:\/\/www.christiegrey.com\/#\/schema\/logo\/image\/"},"sameAs":["https:\/\/www.facebook.com\/christieandgreylimited","https:\/\/x.com\/christiegreyltd"]}]}},"_links":{"self":[{"href":"https:\/\/www.christiegrey.com\/pt-pt\/wp-json\/wp\/v2\/product\/4718","targetHints":{"allow":["GET"]}}],"collection":[{"href":"https:\/\/www.christiegrey.com\/pt-pt\/wp-json\/wp\/v2\/product"}],"about":[{"href":"https:\/\/www.christiegrey.com\/pt-pt\/wp-json\/wp\/v2\/types\/product"}],"replies":[{"embeddable":true,"href":"https:\/\/www.christiegrey.com\/pt-pt\/wp-json\/wp\/v2\/comments?post=4718"}],"wp:featuredmedia":[{"embeddable":true,"href":"https:\/\/www.christiegrey.com\/pt-pt\/wp-json\/wp\/v2\/media\/907"}],"wp:attachment":[{"href":"https:\/\/www.christiegrey.com\/pt-pt\/wp-json\/wp\/v2\/media?parent=4718"}],"wp:term":[{"taxonomy":"product_brand","embeddable":true,"href":"https:\/\/www.christiegrey.com\/pt-pt\/wp-json\/wp\/v2\/product_brand?post=4718"},{"taxonomy":"product_cat","embeddable":true,"href":"https:\/\/www.christiegrey.com\/pt-pt\/wp-json\/wp\/v2\/product_cat?post=4718"},{"taxonomy":"product_tag","embeddable":true,"href":"https:\/\/www.christiegrey.com\/pt-pt\/wp-json\/wp\/v2\/product_tag?post=4718"}],"curies":[{"name":"wp","href":"https:\/\/api.w.org\/{rel}","templated":true}]}}