{"id":4559,"date":"2025-12-25T10:58:43","date_gmt":"2025-12-25T10:58:43","guid":{"rendered":"https:\/\/www.christiegrey.com\/product\/suportes-de-amortecedor-5\/"},"modified":"2026-01-30T21:55:08","modified_gmt":"2026-01-30T21:55:08","slug":"suportes-de-amortecedor-5","status":"publish","type":"product","link":"https:\/\/www.christiegrey.com\/pt-pt\/produto\/suportes-de-amortecedor-5\/","title":{"rendered":"Suportes de amortecedor"},"content":{"rendered":"<p>Tipo PD &#8211; Uma das v\u00e1rias montagens de borracha para choque e vibra\u00e7\u00e3o dispon\u00edveis no Manual BR.3021 de Choques do Departamento de Navios do Minist\u00e9rio da Defesa. <\/p>\n<p>A VSU opcional &#8211; Unidade de Parada Vertical (mostrada \u00e0 esquerda com as arruelas de amortecedor de borracha vermelha) e as montagens retangulares retangulares de sandu\u00edche (mostradas \u00e0 direita) s\u00e3o usadas para limitar os deslocamentos de choque e a resposta ao movimento do navio.<\/p>\n<p>Unidade de Parada Vertical VSUDetalhes t\u00edpicos de uma aplica\u00e7\u00e3o usando Montagens de Amortecedor Marina Christie &amp; Grey Suportes Retangulares Sandu\u00edche.<\/p>\n","protected":false},"excerpt":{"rendered":"<p>Tamanhos do Tipo PD P5D, P7D e P81\/4D<\/p>\n","protected":false},"featured_media":963,"comment_status":"open","ping_status":"closed","template":"","meta":{"_acf_changed":false},"product_brand":[],"product_cat":[143,156,142],"product_tag":[],"class_list":{"0":"post-4559","1":"product","2":"type-product","3":"status-publish","4":"has-post-thumbnail","6":"product_cat-auxiliares-maritimos","7":"product_cat-geracao-marinha","8":"product_cat-solucoes-marinhas-e-offshore","10":"first","11":"instock","12":"shipping-taxable","13":"purchasable","14":"product-type-simple"},"acf":[],"yoast_head":"<!-- This site is optimized with the Yoast SEO plugin v27.0 - https:\/\/yoast.com\/product\/yoast-seo-wordpress\/ -->\n<title>Suportes de Choque de Borracha PD \u2013 Controle de Vibra\u00e7\u00e3o e Choque Mar\u00edtimo<\/title>\n<meta name=\"description\" content=\"Os Suportes de Choque PD (P5D, P7D e P81\/4D) reduzem vibra\u00e7\u00f5es e choques em aplica\u00e7\u00f5es mar\u00edtimas, com suportes opcionais VSU e Sandwich Retangular para controle de deslocamento.\" \/>\n<meta name=\"robots\" content=\"index, follow, max-snippet:-1, max-image-preview:large, max-video-preview:-1\" \/>\n<link rel=\"canonical\" href=\"https:\/\/www.christiegrey.com\/pt-pt\/produto\/suportes-de-amortecedor-5\/\" \/>\n<meta property=\"og:locale\" content=\"pt_PT\" \/>\n<meta property=\"og:type\" content=\"article\" \/>\n<meta property=\"og:title\" content=\"Suportes de Choque de Borracha PD \u2013 Controle de Vibra\u00e7\u00e3o e Choque Mar\u00edtimo\" \/>\n<meta property=\"og:description\" content=\"Os Suportes de Choque PD (P5D, P7D e P81\/4D) reduzem vibra\u00e7\u00f5es e choques em aplica\u00e7\u00f5es mar\u00edtimas, com suportes opcionais VSU e Sandwich Retangular para controle de deslocamento.\" \/>\n<meta property=\"og:url\" content=\"https:\/\/www.christiegrey.com\/pt-pt\/produto\/suportes-de-amortecedor-5\/\" \/>\n<meta property=\"article:publisher\" content=\"https:\/\/www.facebook.com\/christieandgreylimited\" \/>\n<meta property=\"article:modified_time\" content=\"2026-01-30T21:55:08+00:00\" \/>\n<meta property=\"og:image\" content=\"https:\/\/www.christiegrey.com\/wp-content\/uploads\/2025\/12\/pd.png\" \/>\n\t<meta property=\"og:image:width\" content=\"300\" \/>\n\t<meta property=\"og:image:height\" content=\"300\" \/>\n\t<meta property=\"og:image:type\" content=\"image\/png\" \/>\n<meta name=\"twitter:card\" content=\"summary_large_image\" \/>\n<meta name=\"twitter:site\" content=\"@christiegreyltd\" \/>\n<script type=\"application\/ld+json\" class=\"yoast-schema-graph\">{\"@context\":\"https:\/\/schema.org\",\"@graph\":[{\"@type\":\"WebPage\",\"@id\":\"https:\/\/www.christiegrey.com\/pt-pt\/produto\/suportes-de-amortecedor-5\/\",\"url\":\"https:\/\/www.christiegrey.com\/pt-pt\/produto\/suportes-de-amortecedor-5\/\",\"name\":\"Suportes de Choque de Borracha PD \u2013 Controle de Vibra\u00e7\u00e3o e Choque Mar\u00edtimo\",\"isPartOf\":{\"@id\":\"https:\/\/www.christiegrey.com\/#website\"},\"primaryImageOfPage\":{\"@id\":\"https:\/\/www.christiegrey.com\/pt-pt\/produto\/suportes-de-amortecedor-5\/#primaryimage\"},\"image\":{\"@id\":\"https:\/\/www.christiegrey.com\/pt-pt\/produto\/suportes-de-amortecedor-5\/#primaryimage\"},\"thumbnailUrl\":\"https:\/\/www.christiegrey.com\/wp-content\/uploads\/2025\/12\/pd.png\",\"datePublished\":\"2025-12-25T10:58:43+00:00\",\"dateModified\":\"2026-01-30T21:55:08+00:00\",\"description\":\"Os Suportes de Choque PD (P5D, P7D e P81\/4D) reduzem vibra\u00e7\u00f5es e choques em aplica\u00e7\u00f5es mar\u00edtimas, com suportes opcionais VSU e Sandwich Retangular para controle de deslocamento.\",\"breadcrumb\":{\"@id\":\"https:\/\/www.christiegrey.com\/pt-pt\/produto\/suportes-de-amortecedor-5\/#breadcrumb\"},\"inLanguage\":\"pt-PT\",\"potentialAction\":[{\"@type\":\"ReadAction\",\"target\":[\"https:\/\/www.christiegrey.com\/pt-pt\/produto\/suportes-de-amortecedor-5\/\"]}]},{\"@type\":\"ImageObject\",\"inLanguage\":\"pt-PT\",\"@id\":\"https:\/\/www.christiegrey.com\/pt-pt\/produto\/suportes-de-amortecedor-5\/#primaryimage\",\"url\":\"https:\/\/www.christiegrey.com\/wp-content\/uploads\/2025\/12\/pd.png\",\"contentUrl\":\"https:\/\/www.christiegrey.com\/wp-content\/uploads\/2025\/12\/pd.png\",\"width\":300,\"height\":300,\"caption\":\"Type PD marine rubber shock and vibration mount\"},{\"@type\":\"BreadcrumbList\",\"@id\":\"https:\/\/www.christiegrey.com\/pt-pt\/produto\/suportes-de-amortecedor-5\/#breadcrumb\",\"itemListElement\":[{\"@type\":\"ListItem\",\"position\":1,\"name\":\"Casa\",\"item\":\"https:\/\/www.christiegrey.com\/\"},{\"@type\":\"ListItem\",\"position\":2,\"name\":\"Nossos Produtos\",\"item\":\"https:\/\/www.christiegrey.com\/pt-pt\/loja\/\"},{\"@type\":\"ListItem\",\"position\":3,\"name\":\"Suportes de amortecedor\"}]},{\"@type\":\"WebSite\",\"@id\":\"https:\/\/www.christiegrey.com\/#website\",\"url\":\"https:\/\/www.christiegrey.com\/\",\"name\":\"Christie & Grey\",\"description\":\"\",\"publisher\":{\"@id\":\"https:\/\/www.christiegrey.com\/#organization\"},\"potentialAction\":[{\"@type\":\"SearchAction\",\"target\":{\"@type\":\"EntryPoint\",\"urlTemplate\":\"https:\/\/www.christiegrey.com\/?s={search_term_string}\"},\"query-input\":{\"@type\":\"PropertyValueSpecification\",\"valueRequired\":true,\"valueName\":\"search_term_string\"}}],\"inLanguage\":\"pt-PT\"},{\"@type\":\"Organization\",\"@id\":\"https:\/\/www.christiegrey.com\/#organization\",\"name\":\"Christie & Grey\",\"url\":\"https:\/\/www.christiegrey.com\/\",\"logo\":{\"@type\":\"ImageObject\",\"inLanguage\":\"pt-PT\",\"@id\":\"https:\/\/www.christiegrey.com\/#\/schema\/logo\/image\/\",\"url\":\"https:\/\/www.christiegrey.com\/wp-content\/uploads\/2026\/02\/cropped-logo-scaled-1.png\",\"contentUrl\":\"https:\/\/www.christiegrey.com\/wp-content\/uploads\/2026\/02\/cropped-logo-scaled-1.png\",\"width\":250,\"height\":90,\"caption\":\"Christie & Grey\"},\"image\":{\"@id\":\"https:\/\/www.christiegrey.com\/#\/schema\/logo\/image\/\"},\"sameAs\":[\"https:\/\/www.facebook.com\/christieandgreylimited\",\"https:\/\/x.com\/christiegreyltd\"]}]}<\/script>\n<!-- \/ Yoast SEO plugin. -->","yoast_head_json":{"title":"Suportes de Choque de Borracha PD \u2013 Controle de Vibra\u00e7\u00e3o e Choque Mar\u00edtimo","description":"Os Suportes de Choque PD (P5D, P7D e P81\/4D) reduzem vibra\u00e7\u00f5es e choques em aplica\u00e7\u00f5es mar\u00edtimas, com suportes opcionais VSU e Sandwich Retangular para controle de deslocamento.","robots":{"index":"index","follow":"follow","max-snippet":"max-snippet:-1","max-image-preview":"max-image-preview:large","max-video-preview":"max-video-preview:-1"},"canonical":"https:\/\/www.christiegrey.com\/pt-pt\/produto\/suportes-de-amortecedor-5\/","og_locale":"pt_PT","og_type":"article","og_title":"Suportes de Choque de Borracha PD \u2013 Controle de Vibra\u00e7\u00e3o e Choque Mar\u00edtimo","og_description":"Os Suportes de Choque PD (P5D, P7D e P81\/4D) reduzem vibra\u00e7\u00f5es e choques em aplica\u00e7\u00f5es mar\u00edtimas, com suportes opcionais VSU e Sandwich Retangular para controle de deslocamento.","og_url":"https:\/\/www.christiegrey.com\/pt-pt\/produto\/suportes-de-amortecedor-5\/","article_publisher":"https:\/\/www.facebook.com\/christieandgreylimited","article_modified_time":"2026-01-30T21:55:08+00:00","og_image":[{"width":300,"height":300,"url":"https:\/\/www.christiegrey.com\/wp-content\/uploads\/2025\/12\/pd.png","type":"image\/png"}],"twitter_card":"summary_large_image","twitter_site":"@christiegreyltd","schema":{"@context":"https:\/\/schema.org","@graph":[{"@type":"WebPage","@id":"https:\/\/www.christiegrey.com\/pt-pt\/produto\/suportes-de-amortecedor-5\/","url":"https:\/\/www.christiegrey.com\/pt-pt\/produto\/suportes-de-amortecedor-5\/","name":"Suportes de Choque de Borracha PD \u2013 Controle de Vibra\u00e7\u00e3o e Choque Mar\u00edtimo","isPartOf":{"@id":"https:\/\/www.christiegrey.com\/#website"},"primaryImageOfPage":{"@id":"https:\/\/www.christiegrey.com\/pt-pt\/produto\/suportes-de-amortecedor-5\/#primaryimage"},"image":{"@id":"https:\/\/www.christiegrey.com\/pt-pt\/produto\/suportes-de-amortecedor-5\/#primaryimage"},"thumbnailUrl":"https:\/\/www.christiegrey.com\/wp-content\/uploads\/2025\/12\/pd.png","datePublished":"2025-12-25T10:58:43+00:00","dateModified":"2026-01-30T21:55:08+00:00","description":"Os Suportes de Choque PD (P5D, P7D e P81\/4D) reduzem vibra\u00e7\u00f5es e choques em aplica\u00e7\u00f5es mar\u00edtimas, com suportes opcionais VSU e Sandwich Retangular para controle de deslocamento.","breadcrumb":{"@id":"https:\/\/www.christiegrey.com\/pt-pt\/produto\/suportes-de-amortecedor-5\/#breadcrumb"},"inLanguage":"pt-PT","potentialAction":[{"@type":"ReadAction","target":["https:\/\/www.christiegrey.com\/pt-pt\/produto\/suportes-de-amortecedor-5\/"]}]},{"@type":"ImageObject","inLanguage":"pt-PT","@id":"https:\/\/www.christiegrey.com\/pt-pt\/produto\/suportes-de-amortecedor-5\/#primaryimage","url":"https:\/\/www.christiegrey.com\/wp-content\/uploads\/2025\/12\/pd.png","contentUrl":"https:\/\/www.christiegrey.com\/wp-content\/uploads\/2025\/12\/pd.png","width":300,"height":300,"caption":"Type PD marine rubber shock and vibration mount"},{"@type":"BreadcrumbList","@id":"https:\/\/www.christiegrey.com\/pt-pt\/produto\/suportes-de-amortecedor-5\/#breadcrumb","itemListElement":[{"@type":"ListItem","position":1,"name":"Casa","item":"https:\/\/www.christiegrey.com\/"},{"@type":"ListItem","position":2,"name":"Nossos Produtos","item":"https:\/\/www.christiegrey.com\/pt-pt\/loja\/"},{"@type":"ListItem","position":3,"name":"Suportes de amortecedor"}]},{"@type":"WebSite","@id":"https:\/\/www.christiegrey.com\/#website","url":"https:\/\/www.christiegrey.com\/","name":"Christie & Grey","description":"","publisher":{"@id":"https:\/\/www.christiegrey.com\/#organization"},"potentialAction":[{"@type":"SearchAction","target":{"@type":"EntryPoint","urlTemplate":"https:\/\/www.christiegrey.com\/?s={search_term_string}"},"query-input":{"@type":"PropertyValueSpecification","valueRequired":true,"valueName":"search_term_string"}}],"inLanguage":"pt-PT"},{"@type":"Organization","@id":"https:\/\/www.christiegrey.com\/#organization","name":"Christie & Grey","url":"https:\/\/www.christiegrey.com\/","logo":{"@type":"ImageObject","inLanguage":"pt-PT","@id":"https:\/\/www.christiegrey.com\/#\/schema\/logo\/image\/","url":"https:\/\/www.christiegrey.com\/wp-content\/uploads\/2026\/02\/cropped-logo-scaled-1.png","contentUrl":"https:\/\/www.christiegrey.com\/wp-content\/uploads\/2026\/02\/cropped-logo-scaled-1.png","width":250,"height":90,"caption":"Christie & Grey"},"image":{"@id":"https:\/\/www.christiegrey.com\/#\/schema\/logo\/image\/"},"sameAs":["https:\/\/www.facebook.com\/christieandgreylimited","https:\/\/x.com\/christiegreyltd"]}]}},"_links":{"self":[{"href":"https:\/\/www.christiegrey.com\/pt-pt\/wp-json\/wp\/v2\/product\/4559","targetHints":{"allow":["GET"]}}],"collection":[{"href":"https:\/\/www.christiegrey.com\/pt-pt\/wp-json\/wp\/v2\/product"}],"about":[{"href":"https:\/\/www.christiegrey.com\/pt-pt\/wp-json\/wp\/v2\/types\/product"}],"replies":[{"embeddable":true,"href":"https:\/\/www.christiegrey.com\/pt-pt\/wp-json\/wp\/v2\/comments?post=4559"}],"wp:featuredmedia":[{"embeddable":true,"href":"https:\/\/www.christiegrey.com\/pt-pt\/wp-json\/wp\/v2\/media\/963"}],"wp:attachment":[{"href":"https:\/\/www.christiegrey.com\/pt-pt\/wp-json\/wp\/v2\/media?parent=4559"}],"wp:term":[{"taxonomy":"product_brand","embeddable":true,"href":"https:\/\/www.christiegrey.com\/pt-pt\/wp-json\/wp\/v2\/product_brand?post=4559"},{"taxonomy":"product_cat","embeddable":true,"href":"https:\/\/www.christiegrey.com\/pt-pt\/wp-json\/wp\/v2\/product_cat?post=4559"},{"taxonomy":"product_tag","embeddable":true,"href":"https:\/\/www.christiegrey.com\/pt-pt\/wp-json\/wp\/v2\/product_tag?post=4559"}],"curies":[{"name":"wp","href":"https:\/\/api.w.org\/{rel}","templated":true}]}}