{"id":4553,"date":"2025-12-25T11:02:32","date_gmt":"2025-12-25T11:02:32","guid":{"rendered":"https:\/\/www.christiegrey.com\/product\/genflex\/"},"modified":"2026-01-30T21:54:59","modified_gmt":"2026-01-30T21:54:59","slug":"genflex","status":"publish","type":"product","link":"https:\/\/www.christiegrey.com\/pt-pt\/produto\/genflex\/","title":{"rendered":"Genflex"},"content":{"rendered":"<p>As montagens Genflex empregam o j\u00e1 comprovado design de elementos inclinados de borracha para alcan\u00e7ar deflex\u00f5es muito maiores em compara\u00e7\u00e3o com a borracha simples em dispositivos de compress\u00e3o e, portanto, isolamento superior de vibra\u00e7\u00f5es de baixa frequ\u00eancia.<\/p>\n<p>O design de borracha pura oferece excelente desempenho na faixa de frequ\u00eancias aud\u00edveis.<\/p>\n<p>A borracha natural tamb\u00e9m oferece amortecimento inerente para controlar movimentos transit\u00f3rios resultantes da partida da m\u00e1quina, falha e condi\u00e7\u00f5es<\/p>\n<p> de falha.Para aplica\u00e7\u00f5es mar\u00edtimas e m\u00f3veis, um buffer combinado de sobrecarga e rebote est\u00e1 dispon\u00edvel em variantes de deflex\u00e3o m\u00e9dia e alta.<\/p>\n","protected":false},"excerpt":{"rendered":"<p>Para Aplica\u00e7\u00f5es Industriais, Marinhas e M\u00f3veis<\/p>\n","protected":false},"featured_media":965,"comment_status":"open","ping_status":"closed","template":"","meta":{"_acf_changed":false},"product_brand":[],"product_cat":[143,127,135,156,125,142,126],"product_tag":[],"class_list":{"0":"post-4553","1":"product","2":"type-product","3":"status-publish","4":"has-post-thumbnail","6":"product_cat-auxiliares-maritimos","7":"product_cat-bombas-compressores-e-resfriadores","8":"product_cat-geracao-de-energia","9":"product_cat-geracao-marinha","10":"product_cat-solucoes-industriais","11":"product_cat-solucoes-marinhas-e-offshore","12":"product_cat-ventiladores-e-unidades-de-tratamento-de-ar","14":"first","15":"instock","16":"shipping-taxable","17":"purchasable","18":"product-type-simple"},"acf":[],"yoast_head":"<!-- This site is optimized with the Yoast SEO plugin v27.0 - https:\/\/yoast.com\/product\/yoast-seo-wordpress\/ -->\n<title>Suportes de borracha Genflex \u2013 Controle de Vibra\u00e7\u00e3o Mar\u00edtimo e M\u00f3vel<\/title>\n<meta name=\"description\" content=\"As montagens Genflex utilizam elementos de borracha inclinada para isolamento superior de vibra\u00e7\u00f5es, amortecimento e prote\u00e7\u00e3o em baixas frequ\u00eancias em aplica\u00e7\u00f5es industriais e m\u00f3veis.\" \/>\n<meta name=\"robots\" content=\"index, follow, max-snippet:-1, max-image-preview:large, max-video-preview:-1\" \/>\n<link rel=\"canonical\" href=\"https:\/\/www.christiegrey.com\/pt-pt\/produto\/genflex\/\" \/>\n<meta property=\"og:locale\" content=\"pt_PT\" \/>\n<meta property=\"og:type\" content=\"article\" \/>\n<meta property=\"og:title\" content=\"Suportes de borracha Genflex \u2013 Controle de Vibra\u00e7\u00e3o Mar\u00edtimo e M\u00f3vel\" \/>\n<meta property=\"og:description\" content=\"As montagens Genflex utilizam elementos de borracha inclinada para isolamento superior de vibra\u00e7\u00f5es, amortecimento e prote\u00e7\u00e3o em baixas frequ\u00eancias em aplica\u00e7\u00f5es industriais e m\u00f3veis.\" \/>\n<meta property=\"og:url\" content=\"https:\/\/www.christiegrey.com\/pt-pt\/produto\/genflex\/\" \/>\n<meta property=\"article:publisher\" content=\"https:\/\/www.facebook.com\/christieandgreylimited\" \/>\n<meta property=\"article:modified_time\" content=\"2026-01-30T21:54:59+00:00\" \/>\n<meta property=\"og:image\" content=\"https:\/\/www.christiegrey.com\/wp-content\/uploads\/2025\/12\/genflex_365_365.jpg\" \/>\n\t<meta property=\"og:image:width\" content=\"365\" \/>\n\t<meta property=\"og:image:height\" content=\"365\" \/>\n\t<meta property=\"og:image:type\" content=\"image\/jpeg\" \/>\n<meta name=\"twitter:card\" content=\"summary_large_image\" \/>\n<meta name=\"twitter:site\" content=\"@christiegreyltd\" \/>\n<meta name=\"twitter:label1\" content=\"Tempo estimado de leitura\" \/>\n\t<meta name=\"twitter:data1\" content=\"1 minuto\" \/>\n<script type=\"application\/ld+json\" class=\"yoast-schema-graph\">{\"@context\":\"https:\/\/schema.org\",\"@graph\":[{\"@type\":\"WebPage\",\"@id\":\"https:\/\/www.christiegrey.com\/pt-pt\/produto\/genflex\/\",\"url\":\"https:\/\/www.christiegrey.com\/pt-pt\/produto\/genflex\/\",\"name\":\"Suportes de borracha Genflex \u2013 Controle de Vibra\u00e7\u00e3o Mar\u00edtimo e M\u00f3vel\",\"isPartOf\":{\"@id\":\"https:\/\/www.christiegrey.com\/#website\"},\"primaryImageOfPage\":{\"@id\":\"https:\/\/www.christiegrey.com\/pt-pt\/produto\/genflex\/#primaryimage\"},\"image\":{\"@id\":\"https:\/\/www.christiegrey.com\/pt-pt\/produto\/genflex\/#primaryimage\"},\"thumbnailUrl\":\"https:\/\/www.christiegrey.com\/wp-content\/uploads\/2025\/12\/genflex_365_365.jpg\",\"datePublished\":\"2025-12-25T11:02:32+00:00\",\"dateModified\":\"2026-01-30T21:54:59+00:00\",\"description\":\"As montagens Genflex utilizam elementos de borracha inclinada para isolamento superior de vibra\u00e7\u00f5es, amortecimento e prote\u00e7\u00e3o em baixas frequ\u00eancias em aplica\u00e7\u00f5es industriais e m\u00f3veis.\",\"breadcrumb\":{\"@id\":\"https:\/\/www.christiegrey.com\/pt-pt\/produto\/genflex\/#breadcrumb\"},\"inLanguage\":\"pt-PT\",\"potentialAction\":[{\"@type\":\"ReadAction\",\"target\":[\"https:\/\/www.christiegrey.com\/pt-pt\/produto\/genflex\/\"]}]},{\"@type\":\"ImageObject\",\"inLanguage\":\"pt-PT\",\"@id\":\"https:\/\/www.christiegrey.com\/pt-pt\/produto\/genflex\/#primaryimage\",\"url\":\"https:\/\/www.christiegrey.com\/wp-content\/uploads\/2025\/12\/genflex_365_365.jpg\",\"contentUrl\":\"https:\/\/www.christiegrey.com\/wp-content\/uploads\/2025\/12\/genflex_365_365.jpg\",\"width\":365,\"height\":365,\"caption\":\"Genflex vibration control rubber mountings\"},{\"@type\":\"BreadcrumbList\",\"@id\":\"https:\/\/www.christiegrey.com\/pt-pt\/produto\/genflex\/#breadcrumb\",\"itemListElement\":[{\"@type\":\"ListItem\",\"position\":1,\"name\":\"Casa\",\"item\":\"https:\/\/www.christiegrey.com\/\"},{\"@type\":\"ListItem\",\"position\":2,\"name\":\"Nossos Produtos\",\"item\":\"https:\/\/www.christiegrey.com\/pt-pt\/loja\/\"},{\"@type\":\"ListItem\",\"position\":3,\"name\":\"Genflex\"}]},{\"@type\":\"WebSite\",\"@id\":\"https:\/\/www.christiegrey.com\/#website\",\"url\":\"https:\/\/www.christiegrey.com\/\",\"name\":\"Christie & Grey\",\"description\":\"\",\"publisher\":{\"@id\":\"https:\/\/www.christiegrey.com\/#organization\"},\"potentialAction\":[{\"@type\":\"SearchAction\",\"target\":{\"@type\":\"EntryPoint\",\"urlTemplate\":\"https:\/\/www.christiegrey.com\/?s={search_term_string}\"},\"query-input\":{\"@type\":\"PropertyValueSpecification\",\"valueRequired\":true,\"valueName\":\"search_term_string\"}}],\"inLanguage\":\"pt-PT\"},{\"@type\":\"Organization\",\"@id\":\"https:\/\/www.christiegrey.com\/#organization\",\"name\":\"Christie & Grey\",\"url\":\"https:\/\/www.christiegrey.com\/\",\"logo\":{\"@type\":\"ImageObject\",\"inLanguage\":\"pt-PT\",\"@id\":\"https:\/\/www.christiegrey.com\/#\/schema\/logo\/image\/\",\"url\":\"https:\/\/www.christiegrey.com\/wp-content\/uploads\/2026\/02\/cropped-logo-scaled-1.png\",\"contentUrl\":\"https:\/\/www.christiegrey.com\/wp-content\/uploads\/2026\/02\/cropped-logo-scaled-1.png\",\"width\":250,\"height\":90,\"caption\":\"Christie & Grey\"},\"image\":{\"@id\":\"https:\/\/www.christiegrey.com\/#\/schema\/logo\/image\/\"},\"sameAs\":[\"https:\/\/www.facebook.com\/christieandgreylimited\",\"https:\/\/x.com\/christiegreyltd\"]}]}<\/script>\n<!-- \/ Yoast SEO plugin. -->","yoast_head_json":{"title":"Suportes de borracha Genflex \u2013 Controle de Vibra\u00e7\u00e3o Mar\u00edtimo e M\u00f3vel","description":"As montagens Genflex utilizam elementos de borracha inclinada para isolamento superior de vibra\u00e7\u00f5es, amortecimento e prote\u00e7\u00e3o em baixas frequ\u00eancias em aplica\u00e7\u00f5es industriais e m\u00f3veis.","robots":{"index":"index","follow":"follow","max-snippet":"max-snippet:-1","max-image-preview":"max-image-preview:large","max-video-preview":"max-video-preview:-1"},"canonical":"https:\/\/www.christiegrey.com\/pt-pt\/produto\/genflex\/","og_locale":"pt_PT","og_type":"article","og_title":"Suportes de borracha Genflex \u2013 Controle de Vibra\u00e7\u00e3o Mar\u00edtimo e M\u00f3vel","og_description":"As montagens Genflex utilizam elementos de borracha inclinada para isolamento superior de vibra\u00e7\u00f5es, amortecimento e prote\u00e7\u00e3o em baixas frequ\u00eancias em aplica\u00e7\u00f5es industriais e m\u00f3veis.","og_url":"https:\/\/www.christiegrey.com\/pt-pt\/produto\/genflex\/","article_publisher":"https:\/\/www.facebook.com\/christieandgreylimited","article_modified_time":"2026-01-30T21:54:59+00:00","og_image":[{"width":365,"height":365,"url":"https:\/\/www.christiegrey.com\/wp-content\/uploads\/2025\/12\/genflex_365_365.jpg","type":"image\/jpeg"}],"twitter_card":"summary_large_image","twitter_site":"@christiegreyltd","twitter_misc":{"Tempo estimado de leitura":"1 minuto"},"schema":{"@context":"https:\/\/schema.org","@graph":[{"@type":"WebPage","@id":"https:\/\/www.christiegrey.com\/pt-pt\/produto\/genflex\/","url":"https:\/\/www.christiegrey.com\/pt-pt\/produto\/genflex\/","name":"Suportes de borracha Genflex \u2013 Controle de Vibra\u00e7\u00e3o Mar\u00edtimo e M\u00f3vel","isPartOf":{"@id":"https:\/\/www.christiegrey.com\/#website"},"primaryImageOfPage":{"@id":"https:\/\/www.christiegrey.com\/pt-pt\/produto\/genflex\/#primaryimage"},"image":{"@id":"https:\/\/www.christiegrey.com\/pt-pt\/produto\/genflex\/#primaryimage"},"thumbnailUrl":"https:\/\/www.christiegrey.com\/wp-content\/uploads\/2025\/12\/genflex_365_365.jpg","datePublished":"2025-12-25T11:02:32+00:00","dateModified":"2026-01-30T21:54:59+00:00","description":"As montagens Genflex utilizam elementos de borracha inclinada para isolamento superior de vibra\u00e7\u00f5es, amortecimento e prote\u00e7\u00e3o em baixas frequ\u00eancias em aplica\u00e7\u00f5es industriais e m\u00f3veis.","breadcrumb":{"@id":"https:\/\/www.christiegrey.com\/pt-pt\/produto\/genflex\/#breadcrumb"},"inLanguage":"pt-PT","potentialAction":[{"@type":"ReadAction","target":["https:\/\/www.christiegrey.com\/pt-pt\/produto\/genflex\/"]}]},{"@type":"ImageObject","inLanguage":"pt-PT","@id":"https:\/\/www.christiegrey.com\/pt-pt\/produto\/genflex\/#primaryimage","url":"https:\/\/www.christiegrey.com\/wp-content\/uploads\/2025\/12\/genflex_365_365.jpg","contentUrl":"https:\/\/www.christiegrey.com\/wp-content\/uploads\/2025\/12\/genflex_365_365.jpg","width":365,"height":365,"caption":"Genflex vibration control rubber mountings"},{"@type":"BreadcrumbList","@id":"https:\/\/www.christiegrey.com\/pt-pt\/produto\/genflex\/#breadcrumb","itemListElement":[{"@type":"ListItem","position":1,"name":"Casa","item":"https:\/\/www.christiegrey.com\/"},{"@type":"ListItem","position":2,"name":"Nossos Produtos","item":"https:\/\/www.christiegrey.com\/pt-pt\/loja\/"},{"@type":"ListItem","position":3,"name":"Genflex"}]},{"@type":"WebSite","@id":"https:\/\/www.christiegrey.com\/#website","url":"https:\/\/www.christiegrey.com\/","name":"Christie & Grey","description":"","publisher":{"@id":"https:\/\/www.christiegrey.com\/#organization"},"potentialAction":[{"@type":"SearchAction","target":{"@type":"EntryPoint","urlTemplate":"https:\/\/www.christiegrey.com\/?s={search_term_string}"},"query-input":{"@type":"PropertyValueSpecification","valueRequired":true,"valueName":"search_term_string"}}],"inLanguage":"pt-PT"},{"@type":"Organization","@id":"https:\/\/www.christiegrey.com\/#organization","name":"Christie & Grey","url":"https:\/\/www.christiegrey.com\/","logo":{"@type":"ImageObject","inLanguage":"pt-PT","@id":"https:\/\/www.christiegrey.com\/#\/schema\/logo\/image\/","url":"https:\/\/www.christiegrey.com\/wp-content\/uploads\/2026\/02\/cropped-logo-scaled-1.png","contentUrl":"https:\/\/www.christiegrey.com\/wp-content\/uploads\/2026\/02\/cropped-logo-scaled-1.png","width":250,"height":90,"caption":"Christie & Grey"},"image":{"@id":"https:\/\/www.christiegrey.com\/#\/schema\/logo\/image\/"},"sameAs":["https:\/\/www.facebook.com\/christieandgreylimited","https:\/\/x.com\/christiegreyltd"]}]}},"_links":{"self":[{"href":"https:\/\/www.christiegrey.com\/pt-pt\/wp-json\/wp\/v2\/product\/4553","targetHints":{"allow":["GET"]}}],"collection":[{"href":"https:\/\/www.christiegrey.com\/pt-pt\/wp-json\/wp\/v2\/product"}],"about":[{"href":"https:\/\/www.christiegrey.com\/pt-pt\/wp-json\/wp\/v2\/types\/product"}],"replies":[{"embeddable":true,"href":"https:\/\/www.christiegrey.com\/pt-pt\/wp-json\/wp\/v2\/comments?post=4553"}],"wp:featuredmedia":[{"embeddable":true,"href":"https:\/\/www.christiegrey.com\/pt-pt\/wp-json\/wp\/v2\/media\/965"}],"wp:attachment":[{"href":"https:\/\/www.christiegrey.com\/pt-pt\/wp-json\/wp\/v2\/media?parent=4553"}],"wp:term":[{"taxonomy":"product_brand","embeddable":true,"href":"https:\/\/www.christiegrey.com\/pt-pt\/wp-json\/wp\/v2\/product_brand?post=4553"},{"taxonomy":"product_cat","embeddable":true,"href":"https:\/\/www.christiegrey.com\/pt-pt\/wp-json\/wp\/v2\/product_cat?post=4553"},{"taxonomy":"product_tag","embeddable":true,"href":"https:\/\/www.christiegrey.com\/pt-pt\/wp-json\/wp\/v2\/product_tag?post=4553"}],"curies":[{"name":"wp","href":"https:\/\/api.w.org\/{rel}","templated":true}]}}