{"id":4548,"date":"2025-12-25T11:12:39","date_gmt":"2025-12-25T11:12:39","guid":{"rendered":"https:\/\/www.christiegrey.com\/product\/cabide-de-borracha-marinha\/"},"modified":"2025-12-25T11:12:39","modified_gmt":"2025-12-25T11:12:39","slug":"cabide-de-borracha-marinha","status":"publish","type":"product","link":"https:\/\/www.christiegrey.com\/pt-pt\/produto\/cabide-de-borracha-marinha\/","title":{"rendered":"Cabide de borracha marinha"},"content":{"rendered":"<p>Uma linha abrangente de cabides de borracha oferecendo desempenho ideal em frequ\u00eancias aud\u00edveis mais altas quando o controle de ru\u00eddo \u00e9 de extrema import\u00e2ncia.<\/p>\n<p>Amplas faixas de carga e necessidades de fixa\u00e7\u00e3o s\u00e3o atendidas.<\/p>\n","protected":false},"excerpt":{"rendered":"<p>Tipo MRH<\/p>\n","protected":false},"featured_media":979,"comment_status":"open","ping_status":"closed","template":"","meta":{"_acf_changed":false},"product_brand":[],"product_cat":[143,154,142],"product_tag":[],"class_list":{"0":"post-4548","1":"product","2":"type-product","3":"status-publish","4":"has-post-thumbnail","6":"product_cat-auxiliares-maritimos","7":"product_cat-escapamentos-maritimos","8":"product_cat-solucoes-marinhas-e-offshore","10":"first","11":"instock","12":"shipping-taxable","13":"purchasable","14":"product-type-simple"},"acf":[],"yoast_head":"<!-- This site is optimized with the Yoast SEO plugin v27.0 - https:\/\/yoast.com\/product\/yoast-seo-wordpress\/ -->\n<title>Cabides de borracha marinha MRH \u2013 Controle de Ru\u00eddo de Alta Frequ\u00eancia<\/title>\n<meta name=\"description\" content=\"Os cabides de borracha marinha MRH reduzem ru\u00eddos e vibra\u00e7\u00f5es de alta frequ\u00eancia, suportando amplas faixas de carga com op\u00e7\u00f5es flex\u00edveis de fixa\u00e7\u00e3o para aplica\u00e7\u00f5es mar\u00edtimas.\" \/>\n<meta name=\"robots\" content=\"index, follow, max-snippet:-1, max-image-preview:large, max-video-preview:-1\" \/>\n<link rel=\"canonical\" href=\"https:\/\/www.christiegrey.com\/pt-pt\/produto\/cabide-de-borracha-marinha\/\" \/>\n<meta property=\"og:locale\" content=\"pt_PT\" \/>\n<meta property=\"og:type\" content=\"article\" \/>\n<meta property=\"og:title\" content=\"Cabides de borracha marinha MRH \u2013 Controle de Ru\u00eddo de Alta Frequ\u00eancia\" \/>\n<meta property=\"og:description\" content=\"Os cabides de borracha marinha MRH reduzem ru\u00eddos e vibra\u00e7\u00f5es de alta frequ\u00eancia, suportando amplas faixas de carga com op\u00e7\u00f5es flex\u00edveis de fixa\u00e7\u00e3o para aplica\u00e7\u00f5es mar\u00edtimas.\" \/>\n<meta property=\"og:url\" content=\"https:\/\/www.christiegrey.com\/pt-pt\/produto\/cabide-de-borracha-marinha\/\" \/>\n<meta property=\"article:publisher\" content=\"https:\/\/www.facebook.com\/christieandgreylimited\" \/>\n<meta property=\"og:image\" content=\"https:\/\/www.christiegrey.com\/wp-content\/uploads\/2025\/12\/marine_rh_365_365.jpg\" \/>\n\t<meta property=\"og:image:width\" content=\"365\" \/>\n\t<meta property=\"og:image:height\" content=\"365\" \/>\n\t<meta property=\"og:image:type\" content=\"image\/jpeg\" \/>\n<meta name=\"twitter:card\" content=\"summary_large_image\" \/>\n<meta name=\"twitter:site\" content=\"@christiegreyltd\" \/>\n<script type=\"application\/ld+json\" class=\"yoast-schema-graph\">{\"@context\":\"https:\/\/schema.org\",\"@graph\":[{\"@type\":\"WebPage\",\"@id\":\"https:\/\/www.christiegrey.com\/pt-pt\/produto\/cabide-de-borracha-marinha\/\",\"url\":\"https:\/\/www.christiegrey.com\/pt-pt\/produto\/cabide-de-borracha-marinha\/\",\"name\":\"Cabides de borracha marinha MRH \u2013 Controle de Ru\u00eddo de Alta Frequ\u00eancia\",\"isPartOf\":{\"@id\":\"https:\/\/www.christiegrey.com\/#website\"},\"primaryImageOfPage\":{\"@id\":\"https:\/\/www.christiegrey.com\/pt-pt\/produto\/cabide-de-borracha-marinha\/#primaryimage\"},\"image\":{\"@id\":\"https:\/\/www.christiegrey.com\/pt-pt\/produto\/cabide-de-borracha-marinha\/#primaryimage\"},\"thumbnailUrl\":\"https:\/\/www.christiegrey.com\/wp-content\/uploads\/2025\/12\/marine_rh_365_365.jpg\",\"datePublished\":\"2025-12-25T11:12:39+00:00\",\"description\":\"Os cabides de borracha marinha MRH reduzem ru\u00eddos e vibra\u00e7\u00f5es de alta frequ\u00eancia, suportando amplas faixas de carga com op\u00e7\u00f5es flex\u00edveis de fixa\u00e7\u00e3o para aplica\u00e7\u00f5es mar\u00edtimas.\",\"breadcrumb\":{\"@id\":\"https:\/\/www.christiegrey.com\/pt-pt\/produto\/cabide-de-borracha-marinha\/#breadcrumb\"},\"inLanguage\":\"pt-PT\",\"potentialAction\":[{\"@type\":\"ReadAction\",\"target\":[\"https:\/\/www.christiegrey.com\/pt-pt\/produto\/cabide-de-borracha-marinha\/\"]}]},{\"@type\":\"ImageObject\",\"inLanguage\":\"pt-PT\",\"@id\":\"https:\/\/www.christiegrey.com\/pt-pt\/produto\/cabide-de-borracha-marinha\/#primaryimage\",\"url\":\"https:\/\/www.christiegrey.com\/wp-content\/uploads\/2025\/12\/marine_rh_365_365.jpg\",\"contentUrl\":\"https:\/\/www.christiegrey.com\/wp-content\/uploads\/2025\/12\/marine_rh_365_365.jpg\",\"width\":365,\"height\":365,\"caption\":\"Marine Rubber Hanger\"},{\"@type\":\"BreadcrumbList\",\"@id\":\"https:\/\/www.christiegrey.com\/pt-pt\/produto\/cabide-de-borracha-marinha\/#breadcrumb\",\"itemListElement\":[{\"@type\":\"ListItem\",\"position\":1,\"name\":\"Casa\",\"item\":\"https:\/\/www.christiegrey.com\/\"},{\"@type\":\"ListItem\",\"position\":2,\"name\":\"Nossos Produtos\",\"item\":\"https:\/\/www.christiegrey.com\/pt-pt\/loja\/\"},{\"@type\":\"ListItem\",\"position\":3,\"name\":\"Cabide de borracha marinha\"}]},{\"@type\":\"WebSite\",\"@id\":\"https:\/\/www.christiegrey.com\/#website\",\"url\":\"https:\/\/www.christiegrey.com\/\",\"name\":\"Christie & Grey\",\"description\":\"\",\"publisher\":{\"@id\":\"https:\/\/www.christiegrey.com\/#organization\"},\"potentialAction\":[{\"@type\":\"SearchAction\",\"target\":{\"@type\":\"EntryPoint\",\"urlTemplate\":\"https:\/\/www.christiegrey.com\/?s={search_term_string}\"},\"query-input\":{\"@type\":\"PropertyValueSpecification\",\"valueRequired\":true,\"valueName\":\"search_term_string\"}}],\"inLanguage\":\"pt-PT\"},{\"@type\":\"Organization\",\"@id\":\"https:\/\/www.christiegrey.com\/#organization\",\"name\":\"Christie & Grey\",\"url\":\"https:\/\/www.christiegrey.com\/\",\"logo\":{\"@type\":\"ImageObject\",\"inLanguage\":\"pt-PT\",\"@id\":\"https:\/\/www.christiegrey.com\/#\/schema\/logo\/image\/\",\"url\":\"https:\/\/www.christiegrey.com\/wp-content\/uploads\/2026\/02\/cropped-logo-scaled-1.png\",\"contentUrl\":\"https:\/\/www.christiegrey.com\/wp-content\/uploads\/2026\/02\/cropped-logo-scaled-1.png\",\"width\":250,\"height\":90,\"caption\":\"Christie & Grey\"},\"image\":{\"@id\":\"https:\/\/www.christiegrey.com\/#\/schema\/logo\/image\/\"},\"sameAs\":[\"https:\/\/www.facebook.com\/christieandgreylimited\",\"https:\/\/x.com\/christiegreyltd\"]}]}<\/script>\n<!-- \/ Yoast SEO plugin. -->","yoast_head_json":{"title":"Cabides de borracha marinha MRH \u2013 Controle de Ru\u00eddo de Alta Frequ\u00eancia","description":"Os cabides de borracha marinha MRH reduzem ru\u00eddos e vibra\u00e7\u00f5es de alta frequ\u00eancia, suportando amplas faixas de carga com op\u00e7\u00f5es flex\u00edveis de fixa\u00e7\u00e3o para aplica\u00e7\u00f5es mar\u00edtimas.","robots":{"index":"index","follow":"follow","max-snippet":"max-snippet:-1","max-image-preview":"max-image-preview:large","max-video-preview":"max-video-preview:-1"},"canonical":"https:\/\/www.christiegrey.com\/pt-pt\/produto\/cabide-de-borracha-marinha\/","og_locale":"pt_PT","og_type":"article","og_title":"Cabides de borracha marinha MRH \u2013 Controle de Ru\u00eddo de Alta Frequ\u00eancia","og_description":"Os cabides de borracha marinha MRH reduzem ru\u00eddos e vibra\u00e7\u00f5es de alta frequ\u00eancia, suportando amplas faixas de carga com op\u00e7\u00f5es flex\u00edveis de fixa\u00e7\u00e3o para aplica\u00e7\u00f5es mar\u00edtimas.","og_url":"https:\/\/www.christiegrey.com\/pt-pt\/produto\/cabide-de-borracha-marinha\/","article_publisher":"https:\/\/www.facebook.com\/christieandgreylimited","og_image":[{"width":365,"height":365,"url":"https:\/\/www.christiegrey.com\/wp-content\/uploads\/2025\/12\/marine_rh_365_365.jpg","type":"image\/jpeg"}],"twitter_card":"summary_large_image","twitter_site":"@christiegreyltd","schema":{"@context":"https:\/\/schema.org","@graph":[{"@type":"WebPage","@id":"https:\/\/www.christiegrey.com\/pt-pt\/produto\/cabide-de-borracha-marinha\/","url":"https:\/\/www.christiegrey.com\/pt-pt\/produto\/cabide-de-borracha-marinha\/","name":"Cabides de borracha marinha MRH \u2013 Controle de Ru\u00eddo de Alta Frequ\u00eancia","isPartOf":{"@id":"https:\/\/www.christiegrey.com\/#website"},"primaryImageOfPage":{"@id":"https:\/\/www.christiegrey.com\/pt-pt\/produto\/cabide-de-borracha-marinha\/#primaryimage"},"image":{"@id":"https:\/\/www.christiegrey.com\/pt-pt\/produto\/cabide-de-borracha-marinha\/#primaryimage"},"thumbnailUrl":"https:\/\/www.christiegrey.com\/wp-content\/uploads\/2025\/12\/marine_rh_365_365.jpg","datePublished":"2025-12-25T11:12:39+00:00","description":"Os cabides de borracha marinha MRH reduzem ru\u00eddos e vibra\u00e7\u00f5es de alta frequ\u00eancia, suportando amplas faixas de carga com op\u00e7\u00f5es flex\u00edveis de fixa\u00e7\u00e3o para aplica\u00e7\u00f5es mar\u00edtimas.","breadcrumb":{"@id":"https:\/\/www.christiegrey.com\/pt-pt\/produto\/cabide-de-borracha-marinha\/#breadcrumb"},"inLanguage":"pt-PT","potentialAction":[{"@type":"ReadAction","target":["https:\/\/www.christiegrey.com\/pt-pt\/produto\/cabide-de-borracha-marinha\/"]}]},{"@type":"ImageObject","inLanguage":"pt-PT","@id":"https:\/\/www.christiegrey.com\/pt-pt\/produto\/cabide-de-borracha-marinha\/#primaryimage","url":"https:\/\/www.christiegrey.com\/wp-content\/uploads\/2025\/12\/marine_rh_365_365.jpg","contentUrl":"https:\/\/www.christiegrey.com\/wp-content\/uploads\/2025\/12\/marine_rh_365_365.jpg","width":365,"height":365,"caption":"Marine Rubber Hanger"},{"@type":"BreadcrumbList","@id":"https:\/\/www.christiegrey.com\/pt-pt\/produto\/cabide-de-borracha-marinha\/#breadcrumb","itemListElement":[{"@type":"ListItem","position":1,"name":"Casa","item":"https:\/\/www.christiegrey.com\/"},{"@type":"ListItem","position":2,"name":"Nossos Produtos","item":"https:\/\/www.christiegrey.com\/pt-pt\/loja\/"},{"@type":"ListItem","position":3,"name":"Cabide de borracha marinha"}]},{"@type":"WebSite","@id":"https:\/\/www.christiegrey.com\/#website","url":"https:\/\/www.christiegrey.com\/","name":"Christie & Grey","description":"","publisher":{"@id":"https:\/\/www.christiegrey.com\/#organization"},"potentialAction":[{"@type":"SearchAction","target":{"@type":"EntryPoint","urlTemplate":"https:\/\/www.christiegrey.com\/?s={search_term_string}"},"query-input":{"@type":"PropertyValueSpecification","valueRequired":true,"valueName":"search_term_string"}}],"inLanguage":"pt-PT"},{"@type":"Organization","@id":"https:\/\/www.christiegrey.com\/#organization","name":"Christie & Grey","url":"https:\/\/www.christiegrey.com\/","logo":{"@type":"ImageObject","inLanguage":"pt-PT","@id":"https:\/\/www.christiegrey.com\/#\/schema\/logo\/image\/","url":"https:\/\/www.christiegrey.com\/wp-content\/uploads\/2026\/02\/cropped-logo-scaled-1.png","contentUrl":"https:\/\/www.christiegrey.com\/wp-content\/uploads\/2026\/02\/cropped-logo-scaled-1.png","width":250,"height":90,"caption":"Christie & Grey"},"image":{"@id":"https:\/\/www.christiegrey.com\/#\/schema\/logo\/image\/"},"sameAs":["https:\/\/www.facebook.com\/christieandgreylimited","https:\/\/x.com\/christiegreyltd"]}]}},"_links":{"self":[{"href":"https:\/\/www.christiegrey.com\/pt-pt\/wp-json\/wp\/v2\/product\/4548","targetHints":{"allow":["GET"]}}],"collection":[{"href":"https:\/\/www.christiegrey.com\/pt-pt\/wp-json\/wp\/v2\/product"}],"about":[{"href":"https:\/\/www.christiegrey.com\/pt-pt\/wp-json\/wp\/v2\/types\/product"}],"replies":[{"embeddable":true,"href":"https:\/\/www.christiegrey.com\/pt-pt\/wp-json\/wp\/v2\/comments?post=4548"}],"wp:featuredmedia":[{"embeddable":true,"href":"https:\/\/www.christiegrey.com\/pt-pt\/wp-json\/wp\/v2\/media\/979"}],"wp:attachment":[{"href":"https:\/\/www.christiegrey.com\/pt-pt\/wp-json\/wp\/v2\/media?parent=4548"}],"wp:term":[{"taxonomy":"product_brand","embeddable":true,"href":"https:\/\/www.christiegrey.com\/pt-pt\/wp-json\/wp\/v2\/product_brand?post=4548"},{"taxonomy":"product_cat","embeddable":true,"href":"https:\/\/www.christiegrey.com\/pt-pt\/wp-json\/wp\/v2\/product_cat?post=4548"},{"taxonomy":"product_tag","embeddable":true,"href":"https:\/\/www.christiegrey.com\/pt-pt\/wp-json\/wp\/v2\/product_tag?post=4548"}],"curies":[{"name":"wp","href":"https:\/\/api.w.org\/{rel}","templated":true}]}}