{"id":4536,"date":"2025-12-25T11:09:10","date_gmt":"2025-12-25T11:09:10","guid":{"rendered":"https:\/\/www.christiegrey.com\/product\/suportes-e-cabides-de-borracha-cativos\/"},"modified":"2026-01-30T21:54:43","modified_gmt":"2026-01-30T21:54:43","slug":"suportes-e-cabides-de-borracha-cativos","status":"publish","type":"product","link":"https:\/\/www.christiegrey.com\/pt-pt\/produto\/suportes-e-cabides-de-borracha-cativos\/","title":{"rendered":"Suportes e cabides de borracha cativos"},"content":{"rendered":"<p>Uma montagem universal de borracha cativa para suportar, pendurar, ancorar e guiar tubula\u00e7\u00f5es e dutos, especialmente sistemas de exaust\u00e3o a bordo do navio.<\/p>\n<p>Projetado especificamente para uso em condi\u00e7\u00f5es de alta temperatura ambiente para controle da vibra\u00e7\u00e3o em toda a faixa de frequ\u00eancias aud\u00edveis.<\/p>\n","protected":false},"excerpt":{"rendered":"<p>Tipo CRM2 e CRM3<\/p>\n","protected":false},"featured_media":975,"comment_status":"open","ping_status":"closed","template":"","meta":{"_acf_changed":false},"product_brand":[],"product_cat":[143,154,125,142],"product_tag":[],"class_list":{"0":"post-4536","1":"product","2":"type-product","3":"status-publish","4":"has-post-thumbnail","6":"product_cat-auxiliares-maritimos","7":"product_cat-escapamentos-maritimos","8":"product_cat-solucoes-industriais","9":"product_cat-solucoes-marinhas-e-offshore","11":"first","12":"instock","13":"shipping-taxable","14":"purchasable","15":"product-type-simple"},"acf":[],"yoast_head":"<!-- This site is optimized with the Yoast SEO plugin v27.0 - https:\/\/yoast.com\/product\/yoast-seo-wordpress\/ -->\n<title>Suportes de borracha cativa CRM2 &amp; CRM3 \u2013 Christie Grey<\/title>\n<meta name=\"description\" content=\"As montagens de borracha cativa CRM2 e CRM3 sustentam e isolam tubula\u00e7\u00f5es e dutos, reduzindo a vibra\u00e7\u00e3o em ambientes de alta temperatura, ideais para aplica\u00e7\u00f5es mar\u00edtimas.\" \/>\n<meta name=\"robots\" content=\"index, follow, max-snippet:-1, max-image-preview:large, max-video-preview:-1\" \/>\n<link rel=\"canonical\" href=\"https:\/\/www.christiegrey.com\/pt-pt\/produto\/suportes-e-cabides-de-borracha-cativos\/\" \/>\n<meta property=\"og:locale\" content=\"pt_PT\" \/>\n<meta property=\"og:type\" content=\"article\" \/>\n<meta property=\"og:title\" content=\"Suportes de borracha cativa CRM2 &amp; CRM3 \u2013 Christie Grey\" \/>\n<meta property=\"og:description\" content=\"As montagens de borracha cativa CRM2 e CRM3 sustentam e isolam tubula\u00e7\u00f5es e dutos, reduzindo a vibra\u00e7\u00e3o em ambientes de alta temperatura, ideais para aplica\u00e7\u00f5es mar\u00edtimas.\" \/>\n<meta property=\"og:url\" content=\"https:\/\/www.christiegrey.com\/pt-pt\/produto\/suportes-e-cabides-de-borracha-cativos\/\" \/>\n<meta property=\"article:publisher\" content=\"https:\/\/www.facebook.com\/christieandgreylimited\" \/>\n<meta property=\"article:modified_time\" content=\"2026-01-30T21:54:43+00:00\" \/>\n<meta property=\"og:image\" content=\"https:\/\/www.christiegrey.com\/wp-content\/uploads\/2025\/12\/crm_group_inc_monolux.png\" \/>\n\t<meta property=\"og:image:width\" content=\"300\" \/>\n\t<meta property=\"og:image:height\" content=\"300\" \/>\n\t<meta property=\"og:image:type\" content=\"image\/png\" \/>\n<meta name=\"twitter:card\" content=\"summary_large_image\" \/>\n<meta name=\"twitter:site\" content=\"@christiegreyltd\" \/>\n<script type=\"application\/ld+json\" class=\"yoast-schema-graph\">{\"@context\":\"https:\/\/schema.org\",\"@graph\":[{\"@type\":\"WebPage\",\"@id\":\"https:\/\/www.christiegrey.com\/pt-pt\/produto\/suportes-e-cabides-de-borracha-cativos\/\",\"url\":\"https:\/\/www.christiegrey.com\/pt-pt\/produto\/suportes-e-cabides-de-borracha-cativos\/\",\"name\":\"Suportes de borracha cativa CRM2 & CRM3 \u2013 Christie Grey\",\"isPartOf\":{\"@id\":\"https:\/\/www.christiegrey.com\/#website\"},\"primaryImageOfPage\":{\"@id\":\"https:\/\/www.christiegrey.com\/pt-pt\/produto\/suportes-e-cabides-de-borracha-cativos\/#primaryimage\"},\"image\":{\"@id\":\"https:\/\/www.christiegrey.com\/pt-pt\/produto\/suportes-e-cabides-de-borracha-cativos\/#primaryimage\"},\"thumbnailUrl\":\"https:\/\/www.christiegrey.com\/wp-content\/uploads\/2025\/12\/crm_group_inc_monolux.png\",\"datePublished\":\"2025-12-25T11:09:10+00:00\",\"dateModified\":\"2026-01-30T21:54:43+00:00\",\"description\":\"As montagens de borracha cativa CRM2 e CRM3 sustentam e isolam tubula\u00e7\u00f5es e dutos, reduzindo a vibra\u00e7\u00e3o em ambientes de alta temperatura, ideais para aplica\u00e7\u00f5es mar\u00edtimas.\",\"breadcrumb\":{\"@id\":\"https:\/\/www.christiegrey.com\/pt-pt\/produto\/suportes-e-cabides-de-borracha-cativos\/#breadcrumb\"},\"inLanguage\":\"pt-PT\",\"potentialAction\":[{\"@type\":\"ReadAction\",\"target\":[\"https:\/\/www.christiegrey.com\/pt-pt\/produto\/suportes-e-cabides-de-borracha-cativos\/\"]}]},{\"@type\":\"ImageObject\",\"inLanguage\":\"pt-PT\",\"@id\":\"https:\/\/www.christiegrey.com\/pt-pt\/produto\/suportes-e-cabides-de-borracha-cativos\/#primaryimage\",\"url\":\"https:\/\/www.christiegrey.com\/wp-content\/uploads\/2025\/12\/crm_group_inc_monolux.png\",\"contentUrl\":\"https:\/\/www.christiegrey.com\/wp-content\/uploads\/2025\/12\/crm_group_inc_monolux.png\",\"width\":300,\"height\":300,\"caption\":\"Captive rubber mountings and hangers CRM2\/CRM3\"},{\"@type\":\"BreadcrumbList\",\"@id\":\"https:\/\/www.christiegrey.com\/pt-pt\/produto\/suportes-e-cabides-de-borracha-cativos\/#breadcrumb\",\"itemListElement\":[{\"@type\":\"ListItem\",\"position\":1,\"name\":\"Casa\",\"item\":\"https:\/\/www.christiegrey.com\/\"},{\"@type\":\"ListItem\",\"position\":2,\"name\":\"Nossos Produtos\",\"item\":\"https:\/\/www.christiegrey.com\/pt-pt\/loja\/\"},{\"@type\":\"ListItem\",\"position\":3,\"name\":\"Suportes e cabides de borracha cativos\"}]},{\"@type\":\"WebSite\",\"@id\":\"https:\/\/www.christiegrey.com\/#website\",\"url\":\"https:\/\/www.christiegrey.com\/\",\"name\":\"Christie & Grey\",\"description\":\"\",\"publisher\":{\"@id\":\"https:\/\/www.christiegrey.com\/#organization\"},\"potentialAction\":[{\"@type\":\"SearchAction\",\"target\":{\"@type\":\"EntryPoint\",\"urlTemplate\":\"https:\/\/www.christiegrey.com\/?s={search_term_string}\"},\"query-input\":{\"@type\":\"PropertyValueSpecification\",\"valueRequired\":true,\"valueName\":\"search_term_string\"}}],\"inLanguage\":\"pt-PT\"},{\"@type\":\"Organization\",\"@id\":\"https:\/\/www.christiegrey.com\/#organization\",\"name\":\"Christie & Grey\",\"url\":\"https:\/\/www.christiegrey.com\/\",\"logo\":{\"@type\":\"ImageObject\",\"inLanguage\":\"pt-PT\",\"@id\":\"https:\/\/www.christiegrey.com\/#\/schema\/logo\/image\/\",\"url\":\"https:\/\/www.christiegrey.com\/wp-content\/uploads\/2026\/02\/cropped-logo-scaled-1.png\",\"contentUrl\":\"https:\/\/www.christiegrey.com\/wp-content\/uploads\/2026\/02\/cropped-logo-scaled-1.png\",\"width\":250,\"height\":90,\"caption\":\"Christie & Grey\"},\"image\":{\"@id\":\"https:\/\/www.christiegrey.com\/#\/schema\/logo\/image\/\"},\"sameAs\":[\"https:\/\/www.facebook.com\/christieandgreylimited\",\"https:\/\/x.com\/christiegreyltd\"]}]}<\/script>\n<!-- \/ Yoast SEO plugin. -->","yoast_head_json":{"title":"Suportes de borracha cativa CRM2 & CRM3 \u2013 Christie Grey","description":"As montagens de borracha cativa CRM2 e CRM3 sustentam e isolam tubula\u00e7\u00f5es e dutos, reduzindo a vibra\u00e7\u00e3o em ambientes de alta temperatura, ideais para aplica\u00e7\u00f5es mar\u00edtimas.","robots":{"index":"index","follow":"follow","max-snippet":"max-snippet:-1","max-image-preview":"max-image-preview:large","max-video-preview":"max-video-preview:-1"},"canonical":"https:\/\/www.christiegrey.com\/pt-pt\/produto\/suportes-e-cabides-de-borracha-cativos\/","og_locale":"pt_PT","og_type":"article","og_title":"Suportes de borracha cativa CRM2 & CRM3 \u2013 Christie Grey","og_description":"As montagens de borracha cativa CRM2 e CRM3 sustentam e isolam tubula\u00e7\u00f5es e dutos, reduzindo a vibra\u00e7\u00e3o em ambientes de alta temperatura, ideais para aplica\u00e7\u00f5es mar\u00edtimas.","og_url":"https:\/\/www.christiegrey.com\/pt-pt\/produto\/suportes-e-cabides-de-borracha-cativos\/","article_publisher":"https:\/\/www.facebook.com\/christieandgreylimited","article_modified_time":"2026-01-30T21:54:43+00:00","og_image":[{"width":300,"height":300,"url":"https:\/\/www.christiegrey.com\/wp-content\/uploads\/2025\/12\/crm_group_inc_monolux.png","type":"image\/png"}],"twitter_card":"summary_large_image","twitter_site":"@christiegreyltd","schema":{"@context":"https:\/\/schema.org","@graph":[{"@type":"WebPage","@id":"https:\/\/www.christiegrey.com\/pt-pt\/produto\/suportes-e-cabides-de-borracha-cativos\/","url":"https:\/\/www.christiegrey.com\/pt-pt\/produto\/suportes-e-cabides-de-borracha-cativos\/","name":"Suportes de borracha cativa CRM2 & CRM3 \u2013 Christie Grey","isPartOf":{"@id":"https:\/\/www.christiegrey.com\/#website"},"primaryImageOfPage":{"@id":"https:\/\/www.christiegrey.com\/pt-pt\/produto\/suportes-e-cabides-de-borracha-cativos\/#primaryimage"},"image":{"@id":"https:\/\/www.christiegrey.com\/pt-pt\/produto\/suportes-e-cabides-de-borracha-cativos\/#primaryimage"},"thumbnailUrl":"https:\/\/www.christiegrey.com\/wp-content\/uploads\/2025\/12\/crm_group_inc_monolux.png","datePublished":"2025-12-25T11:09:10+00:00","dateModified":"2026-01-30T21:54:43+00:00","description":"As montagens de borracha cativa CRM2 e CRM3 sustentam e isolam tubula\u00e7\u00f5es e dutos, reduzindo a vibra\u00e7\u00e3o em ambientes de alta temperatura, ideais para aplica\u00e7\u00f5es mar\u00edtimas.","breadcrumb":{"@id":"https:\/\/www.christiegrey.com\/pt-pt\/produto\/suportes-e-cabides-de-borracha-cativos\/#breadcrumb"},"inLanguage":"pt-PT","potentialAction":[{"@type":"ReadAction","target":["https:\/\/www.christiegrey.com\/pt-pt\/produto\/suportes-e-cabides-de-borracha-cativos\/"]}]},{"@type":"ImageObject","inLanguage":"pt-PT","@id":"https:\/\/www.christiegrey.com\/pt-pt\/produto\/suportes-e-cabides-de-borracha-cativos\/#primaryimage","url":"https:\/\/www.christiegrey.com\/wp-content\/uploads\/2025\/12\/crm_group_inc_monolux.png","contentUrl":"https:\/\/www.christiegrey.com\/wp-content\/uploads\/2025\/12\/crm_group_inc_monolux.png","width":300,"height":300,"caption":"Captive rubber mountings and hangers CRM2\/CRM3"},{"@type":"BreadcrumbList","@id":"https:\/\/www.christiegrey.com\/pt-pt\/produto\/suportes-e-cabides-de-borracha-cativos\/#breadcrumb","itemListElement":[{"@type":"ListItem","position":1,"name":"Casa","item":"https:\/\/www.christiegrey.com\/"},{"@type":"ListItem","position":2,"name":"Nossos Produtos","item":"https:\/\/www.christiegrey.com\/pt-pt\/loja\/"},{"@type":"ListItem","position":3,"name":"Suportes e cabides de borracha cativos"}]},{"@type":"WebSite","@id":"https:\/\/www.christiegrey.com\/#website","url":"https:\/\/www.christiegrey.com\/","name":"Christie & Grey","description":"","publisher":{"@id":"https:\/\/www.christiegrey.com\/#organization"},"potentialAction":[{"@type":"SearchAction","target":{"@type":"EntryPoint","urlTemplate":"https:\/\/www.christiegrey.com\/?s={search_term_string}"},"query-input":{"@type":"PropertyValueSpecification","valueRequired":true,"valueName":"search_term_string"}}],"inLanguage":"pt-PT"},{"@type":"Organization","@id":"https:\/\/www.christiegrey.com\/#organization","name":"Christie & Grey","url":"https:\/\/www.christiegrey.com\/","logo":{"@type":"ImageObject","inLanguage":"pt-PT","@id":"https:\/\/www.christiegrey.com\/#\/schema\/logo\/image\/","url":"https:\/\/www.christiegrey.com\/wp-content\/uploads\/2026\/02\/cropped-logo-scaled-1.png","contentUrl":"https:\/\/www.christiegrey.com\/wp-content\/uploads\/2026\/02\/cropped-logo-scaled-1.png","width":250,"height":90,"caption":"Christie & Grey"},"image":{"@id":"https:\/\/www.christiegrey.com\/#\/schema\/logo\/image\/"},"sameAs":["https:\/\/www.facebook.com\/christieandgreylimited","https:\/\/x.com\/christiegreyltd"]}]}},"_links":{"self":[{"href":"https:\/\/www.christiegrey.com\/pt-pt\/wp-json\/wp\/v2\/product\/4536","targetHints":{"allow":["GET"]}}],"collection":[{"href":"https:\/\/www.christiegrey.com\/pt-pt\/wp-json\/wp\/v2\/product"}],"about":[{"href":"https:\/\/www.christiegrey.com\/pt-pt\/wp-json\/wp\/v2\/types\/product"}],"replies":[{"embeddable":true,"href":"https:\/\/www.christiegrey.com\/pt-pt\/wp-json\/wp\/v2\/comments?post=4536"}],"wp:featuredmedia":[{"embeddable":true,"href":"https:\/\/www.christiegrey.com\/pt-pt\/wp-json\/wp\/v2\/media\/975"}],"wp:attachment":[{"href":"https:\/\/www.christiegrey.com\/pt-pt\/wp-json\/wp\/v2\/media?parent=4536"}],"wp:term":[{"taxonomy":"product_brand","embeddable":true,"href":"https:\/\/www.christiegrey.com\/pt-pt\/wp-json\/wp\/v2\/product_brand?post=4536"},{"taxonomy":"product_cat","embeddable":true,"href":"https:\/\/www.christiegrey.com\/pt-pt\/wp-json\/wp\/v2\/product_cat?post=4536"},{"taxonomy":"product_tag","embeddable":true,"href":"https:\/\/www.christiegrey.com\/pt-pt\/wp-json\/wp\/v2\/product_tag?post=4536"}],"curies":[{"name":"wp","href":"https:\/\/api.w.org\/{rel}","templated":true}]}}