{"id":4515,"date":"2025-12-25T11:33:46","date_gmt":"2025-12-25T11:33:46","guid":{"rendered":"https:\/\/www.christiegrey.com\/product\/suportes-de-amortecedor-4\/"},"modified":"2025-12-25T11:33:46","modified_gmt":"2025-12-25T11:33:46","slug":"suportes-de-amortecedor-4","status":"publish","type":"product","link":"https:\/\/www.christiegrey.com\/pt-pt\/produto\/suportes-de-amortecedor-4\/","title":{"rendered":"Suportes de amortecedor"},"content":{"rendered":"<p>Os suportes de choque Tipo X s\u00e3o altamente eficazes na redu\u00e7\u00e3o da transmiss\u00e3o de vibra\u00e7\u00f5es, ru\u00eddos transmitidos pela estrutura e choques de uma ampla gama de m\u00e1quinas rotativas e rec\u00edprocas e na prote\u00e7\u00e3o de aparelhos sens\u00edveis contra perturba\u00e7\u00f5es externas.<\/p>\n","protected":false},"excerpt":{"rendered":"<p>Tipo X<\/p>\n","protected":false},"featured_media":1006,"comment_status":"open","ping_status":"closed","template":"","meta":{"_acf_changed":false},"product_brand":[],"product_cat":[143,142],"product_tag":[],"class_list":{"0":"post-4515","1":"product","2":"type-product","3":"status-publish","4":"has-post-thumbnail","6":"product_cat-auxiliares-maritimos","7":"product_cat-solucoes-marinhas-e-offshore","9":"first","10":"instock","11":"shipping-taxable","12":"purchasable","13":"product-type-simple"},"acf":[],"yoast_head":"<!-- This site is optimized with the Yoast SEO plugin v27.0 - https:\/\/yoast.com\/product\/yoast-seo-wordpress\/ -->\n<title>Suportes de Choque Tipo X \u2013 Prote\u00e7\u00e3o contra Vibra\u00e7\u00e3o e Ru\u00eddo<\/title>\n<meta name=\"description\" content=\"Suportes de Choque Tipo X reduzem vibra\u00e7\u00f5es, ru\u00eddos transmitidos pela estrutura e choques de m\u00e1quinas, protegendo equipamentos sens\u00edveis contra dist\u00farbios externos.\" \/>\n<meta name=\"robots\" content=\"index, follow, max-snippet:-1, max-image-preview:large, max-video-preview:-1\" \/>\n<link rel=\"canonical\" href=\"https:\/\/www.christiegrey.com\/pt-pt\/produto\/suportes-de-amortecedor-4\/\" \/>\n<meta property=\"og:locale\" content=\"pt_PT\" \/>\n<meta property=\"og:type\" content=\"article\" \/>\n<meta property=\"og:title\" content=\"Suportes de Choque Tipo X \u2013 Prote\u00e7\u00e3o contra Vibra\u00e7\u00e3o e Ru\u00eddo\" \/>\n<meta property=\"og:description\" content=\"Suportes de Choque Tipo X reduzem vibra\u00e7\u00f5es, ru\u00eddos transmitidos pela estrutura e choques de m\u00e1quinas, protegendo equipamentos sens\u00edveis contra dist\u00farbios externos.\" \/>\n<meta property=\"og:url\" content=\"https:\/\/www.christiegrey.com\/pt-pt\/produto\/suportes-de-amortecedor-4\/\" \/>\n<meta property=\"article:publisher\" content=\"https:\/\/www.facebook.com\/christieandgreylimited\" \/>\n<meta property=\"og:image\" content=\"https:\/\/www.christiegrey.com\/wp-content\/uploads\/2025\/12\/xmount-1_365_365.jpg\" \/>\n\t<meta property=\"og:image:width\" content=\"365\" \/>\n\t<meta property=\"og:image:height\" content=\"365\" \/>\n\t<meta property=\"og:image:type\" content=\"image\/jpeg\" \/>\n<meta name=\"twitter:card\" content=\"summary_large_image\" \/>\n<meta name=\"twitter:site\" content=\"@christiegreyltd\" \/>\n<script type=\"application\/ld+json\" class=\"yoast-schema-graph\">{\"@context\":\"https:\/\/schema.org\",\"@graph\":[{\"@type\":\"WebPage\",\"@id\":\"https:\/\/www.christiegrey.com\/pt-pt\/produto\/suportes-de-amortecedor-4\/\",\"url\":\"https:\/\/www.christiegrey.com\/pt-pt\/produto\/suportes-de-amortecedor-4\/\",\"name\":\"Suportes de Choque Tipo X \u2013 Prote\u00e7\u00e3o contra Vibra\u00e7\u00e3o e Ru\u00eddo\",\"isPartOf\":{\"@id\":\"https:\/\/www.christiegrey.com\/#website\"},\"primaryImageOfPage\":{\"@id\":\"https:\/\/www.christiegrey.com\/pt-pt\/produto\/suportes-de-amortecedor-4\/#primaryimage\"},\"image\":{\"@id\":\"https:\/\/www.christiegrey.com\/pt-pt\/produto\/suportes-de-amortecedor-4\/#primaryimage\"},\"thumbnailUrl\":\"https:\/\/www.christiegrey.com\/wp-content\/uploads\/2025\/12\/xmount-1_365_365.jpg\",\"datePublished\":\"2025-12-25T11:33:46+00:00\",\"description\":\"Suportes de Choque Tipo X reduzem vibra\u00e7\u00f5es, ru\u00eddos transmitidos pela estrutura e choques de m\u00e1quinas, protegendo equipamentos sens\u00edveis contra dist\u00farbios externos.\",\"breadcrumb\":{\"@id\":\"https:\/\/www.christiegrey.com\/pt-pt\/produto\/suportes-de-amortecedor-4\/#breadcrumb\"},\"inLanguage\":\"pt-PT\",\"potentialAction\":[{\"@type\":\"ReadAction\",\"target\":[\"https:\/\/www.christiegrey.com\/pt-pt\/produto\/suportes-de-amortecedor-4\/\"]}]},{\"@type\":\"ImageObject\",\"inLanguage\":\"pt-PT\",\"@id\":\"https:\/\/www.christiegrey.com\/pt-pt\/produto\/suportes-de-amortecedor-4\/#primaryimage\",\"url\":\"https:\/\/www.christiegrey.com\/wp-content\/uploads\/2025\/12\/xmount-1_365_365.jpg\",\"contentUrl\":\"https:\/\/www.christiegrey.com\/wp-content\/uploads\/2025\/12\/xmount-1_365_365.jpg\",\"width\":365,\"height\":365,\"caption\":\"Type X shock mounts for vibration reduction\"},{\"@type\":\"BreadcrumbList\",\"@id\":\"https:\/\/www.christiegrey.com\/pt-pt\/produto\/suportes-de-amortecedor-4\/#breadcrumb\",\"itemListElement\":[{\"@type\":\"ListItem\",\"position\":1,\"name\":\"Casa\",\"item\":\"https:\/\/www.christiegrey.com\/\"},{\"@type\":\"ListItem\",\"position\":2,\"name\":\"Nossos Produtos\",\"item\":\"https:\/\/www.christiegrey.com\/pt-pt\/loja\/\"},{\"@type\":\"ListItem\",\"position\":3,\"name\":\"Suportes de amortecedor\"}]},{\"@type\":\"WebSite\",\"@id\":\"https:\/\/www.christiegrey.com\/#website\",\"url\":\"https:\/\/www.christiegrey.com\/\",\"name\":\"Christie & Grey\",\"description\":\"\",\"publisher\":{\"@id\":\"https:\/\/www.christiegrey.com\/#organization\"},\"potentialAction\":[{\"@type\":\"SearchAction\",\"target\":{\"@type\":\"EntryPoint\",\"urlTemplate\":\"https:\/\/www.christiegrey.com\/?s={search_term_string}\"},\"query-input\":{\"@type\":\"PropertyValueSpecification\",\"valueRequired\":true,\"valueName\":\"search_term_string\"}}],\"inLanguage\":\"pt-PT\"},{\"@type\":\"Organization\",\"@id\":\"https:\/\/www.christiegrey.com\/#organization\",\"name\":\"Christie & Grey\",\"url\":\"https:\/\/www.christiegrey.com\/\",\"logo\":{\"@type\":\"ImageObject\",\"inLanguage\":\"pt-PT\",\"@id\":\"https:\/\/www.christiegrey.com\/#\/schema\/logo\/image\/\",\"url\":\"https:\/\/www.christiegrey.com\/wp-content\/uploads\/2026\/02\/cropped-logo-scaled-1.png\",\"contentUrl\":\"https:\/\/www.christiegrey.com\/wp-content\/uploads\/2026\/02\/cropped-logo-scaled-1.png\",\"width\":250,\"height\":90,\"caption\":\"Christie & Grey\"},\"image\":{\"@id\":\"https:\/\/www.christiegrey.com\/#\/schema\/logo\/image\/\"},\"sameAs\":[\"https:\/\/www.facebook.com\/christieandgreylimited\",\"https:\/\/x.com\/christiegreyltd\"]}]}<\/script>\n<!-- \/ Yoast SEO plugin. -->","yoast_head_json":{"title":"Suportes de Choque Tipo X \u2013 Prote\u00e7\u00e3o contra Vibra\u00e7\u00e3o e Ru\u00eddo","description":"Suportes de Choque Tipo X reduzem vibra\u00e7\u00f5es, ru\u00eddos transmitidos pela estrutura e choques de m\u00e1quinas, protegendo equipamentos sens\u00edveis contra dist\u00farbios externos.","robots":{"index":"index","follow":"follow","max-snippet":"max-snippet:-1","max-image-preview":"max-image-preview:large","max-video-preview":"max-video-preview:-1"},"canonical":"https:\/\/www.christiegrey.com\/pt-pt\/produto\/suportes-de-amortecedor-4\/","og_locale":"pt_PT","og_type":"article","og_title":"Suportes de Choque Tipo X \u2013 Prote\u00e7\u00e3o contra Vibra\u00e7\u00e3o e Ru\u00eddo","og_description":"Suportes de Choque Tipo X reduzem vibra\u00e7\u00f5es, ru\u00eddos transmitidos pela estrutura e choques de m\u00e1quinas, protegendo equipamentos sens\u00edveis contra dist\u00farbios externos.","og_url":"https:\/\/www.christiegrey.com\/pt-pt\/produto\/suportes-de-amortecedor-4\/","article_publisher":"https:\/\/www.facebook.com\/christieandgreylimited","og_image":[{"width":365,"height":365,"url":"https:\/\/www.christiegrey.com\/wp-content\/uploads\/2025\/12\/xmount-1_365_365.jpg","type":"image\/jpeg"}],"twitter_card":"summary_large_image","twitter_site":"@christiegreyltd","schema":{"@context":"https:\/\/schema.org","@graph":[{"@type":"WebPage","@id":"https:\/\/www.christiegrey.com\/pt-pt\/produto\/suportes-de-amortecedor-4\/","url":"https:\/\/www.christiegrey.com\/pt-pt\/produto\/suportes-de-amortecedor-4\/","name":"Suportes de Choque Tipo X \u2013 Prote\u00e7\u00e3o contra Vibra\u00e7\u00e3o e Ru\u00eddo","isPartOf":{"@id":"https:\/\/www.christiegrey.com\/#website"},"primaryImageOfPage":{"@id":"https:\/\/www.christiegrey.com\/pt-pt\/produto\/suportes-de-amortecedor-4\/#primaryimage"},"image":{"@id":"https:\/\/www.christiegrey.com\/pt-pt\/produto\/suportes-de-amortecedor-4\/#primaryimage"},"thumbnailUrl":"https:\/\/www.christiegrey.com\/wp-content\/uploads\/2025\/12\/xmount-1_365_365.jpg","datePublished":"2025-12-25T11:33:46+00:00","description":"Suportes de Choque Tipo X reduzem vibra\u00e7\u00f5es, ru\u00eddos transmitidos pela estrutura e choques de m\u00e1quinas, protegendo equipamentos sens\u00edveis contra dist\u00farbios externos.","breadcrumb":{"@id":"https:\/\/www.christiegrey.com\/pt-pt\/produto\/suportes-de-amortecedor-4\/#breadcrumb"},"inLanguage":"pt-PT","potentialAction":[{"@type":"ReadAction","target":["https:\/\/www.christiegrey.com\/pt-pt\/produto\/suportes-de-amortecedor-4\/"]}]},{"@type":"ImageObject","inLanguage":"pt-PT","@id":"https:\/\/www.christiegrey.com\/pt-pt\/produto\/suportes-de-amortecedor-4\/#primaryimage","url":"https:\/\/www.christiegrey.com\/wp-content\/uploads\/2025\/12\/xmount-1_365_365.jpg","contentUrl":"https:\/\/www.christiegrey.com\/wp-content\/uploads\/2025\/12\/xmount-1_365_365.jpg","width":365,"height":365,"caption":"Type X shock mounts for vibration reduction"},{"@type":"BreadcrumbList","@id":"https:\/\/www.christiegrey.com\/pt-pt\/produto\/suportes-de-amortecedor-4\/#breadcrumb","itemListElement":[{"@type":"ListItem","position":1,"name":"Casa","item":"https:\/\/www.christiegrey.com\/"},{"@type":"ListItem","position":2,"name":"Nossos Produtos","item":"https:\/\/www.christiegrey.com\/pt-pt\/loja\/"},{"@type":"ListItem","position":3,"name":"Suportes de amortecedor"}]},{"@type":"WebSite","@id":"https:\/\/www.christiegrey.com\/#website","url":"https:\/\/www.christiegrey.com\/","name":"Christie & Grey","description":"","publisher":{"@id":"https:\/\/www.christiegrey.com\/#organization"},"potentialAction":[{"@type":"SearchAction","target":{"@type":"EntryPoint","urlTemplate":"https:\/\/www.christiegrey.com\/?s={search_term_string}"},"query-input":{"@type":"PropertyValueSpecification","valueRequired":true,"valueName":"search_term_string"}}],"inLanguage":"pt-PT"},{"@type":"Organization","@id":"https:\/\/www.christiegrey.com\/#organization","name":"Christie & Grey","url":"https:\/\/www.christiegrey.com\/","logo":{"@type":"ImageObject","inLanguage":"pt-PT","@id":"https:\/\/www.christiegrey.com\/#\/schema\/logo\/image\/","url":"https:\/\/www.christiegrey.com\/wp-content\/uploads\/2026\/02\/cropped-logo-scaled-1.png","contentUrl":"https:\/\/www.christiegrey.com\/wp-content\/uploads\/2026\/02\/cropped-logo-scaled-1.png","width":250,"height":90,"caption":"Christie & Grey"},"image":{"@id":"https:\/\/www.christiegrey.com\/#\/schema\/logo\/image\/"},"sameAs":["https:\/\/www.facebook.com\/christieandgreylimited","https:\/\/x.com\/christiegreyltd"]}]}},"_links":{"self":[{"href":"https:\/\/www.christiegrey.com\/pt-pt\/wp-json\/wp\/v2\/product\/4515","targetHints":{"allow":["GET"]}}],"collection":[{"href":"https:\/\/www.christiegrey.com\/pt-pt\/wp-json\/wp\/v2\/product"}],"about":[{"href":"https:\/\/www.christiegrey.com\/pt-pt\/wp-json\/wp\/v2\/types\/product"}],"replies":[{"embeddable":true,"href":"https:\/\/www.christiegrey.com\/pt-pt\/wp-json\/wp\/v2\/comments?post=4515"}],"wp:featuredmedia":[{"embeddable":true,"href":"https:\/\/www.christiegrey.com\/pt-pt\/wp-json\/wp\/v2\/media\/1006"}],"wp:attachment":[{"href":"https:\/\/www.christiegrey.com\/pt-pt\/wp-json\/wp\/v2\/media?parent=4515"}],"wp:term":[{"taxonomy":"product_brand","embeddable":true,"href":"https:\/\/www.christiegrey.com\/pt-pt\/wp-json\/wp\/v2\/product_brand?post=4515"},{"taxonomy":"product_cat","embeddable":true,"href":"https:\/\/www.christiegrey.com\/pt-pt\/wp-json\/wp\/v2\/product_cat?post=4515"},{"taxonomy":"product_tag","embeddable":true,"href":"https:\/\/www.christiegrey.com\/pt-pt\/wp-json\/wp\/v2\/product_tag?post=4515"}],"curies":[{"name":"wp","href":"https:\/\/api.w.org\/{rel}","templated":true}]}}