{"id":4499,"date":"2025-12-25T11:45:18","date_gmt":"2025-12-25T11:45:18","guid":{"rendered":"https:\/\/www.christiegrey.com\/product\/suportes-de-amortecedor-3\/"},"modified":"2025-12-25T11:45:18","modified_gmt":"2025-12-25T11:45:18","slug":"suportes-de-amortecedor-3","status":"publish","type":"product","link":"https:\/\/www.christiegrey.com\/pt-pt\/produto\/suportes-de-amortecedor-3\/","title":{"rendered":"Suportes de amortecedor"},"content":{"rendered":"<p>A montagem tipo &#8216;Y&#8217; \u00e9 uma melhoria significativa em rela\u00e7\u00e3o ao design original da montagem tipo &#8216;X&#8217;, proporcionando uma atenua\u00e7\u00e3o de alta frequ\u00eancia aprimorada.<\/p>\n<p>O &#8216;Y&#8217; adiciona uma moldura de borracha no topo da montagem que forma tanto o acelerador quanto o desacelerador. Isso tamb\u00e9m atua como um isolador de alta frequ\u00eancia, proporcionando uma melhoria na atenua\u00e7\u00e3o do &#8216;ru\u00eddo&#8217; em rela\u00e7\u00e3o \u00e0 montagem tipo &#8216;X&#8217;. <\/p>\n","protected":false},"excerpt":{"rendered":"<p>Tipo Y<\/p>\n","protected":false},"featured_media":1020,"comment_status":"open","ping_status":"closed","template":"","meta":{"_acf_changed":false},"product_brand":[],"product_cat":[143,142],"product_tag":[],"class_list":{"0":"post-4499","1":"product","2":"type-product","3":"status-publish","4":"has-post-thumbnail","6":"product_cat-auxiliares-maritimos","7":"product_cat-solucoes-marinhas-e-offshore","9":"first","10":"instock","11":"shipping-taxable","12":"purchasable","13":"product-type-simple"},"acf":[],"yoast_head":"<!-- This site is optimized with the Yoast SEO plugin v27.0 - https:\/\/yoast.com\/product\/yoast-seo-wordpress\/ -->\n<title>Suportes de Choque Tipo Y \u2013 Controle de Ru\u00eddo e Vibra\u00e7\u00e3o de Alta Frequ\u00eancia<\/title>\n<meta name=\"description\" content=\"Suportes de choque Tipo Y melhoram a atenua\u00e7\u00e3o de ru\u00eddo de alta frequ\u00eancia em rela\u00e7\u00e3o ao Tipo X, usando molduras de borracha para reduzir vibra\u00e7\u00f5es e proteger equipamentos sens\u00edveis.\" \/>\n<meta name=\"robots\" content=\"index, follow, max-snippet:-1, max-image-preview:large, max-video-preview:-1\" \/>\n<link rel=\"canonical\" href=\"https:\/\/www.christiegrey.com\/pt-pt\/produto\/suportes-de-amortecedor-3\/\" \/>\n<meta property=\"og:locale\" content=\"pt_PT\" \/>\n<meta property=\"og:type\" content=\"article\" \/>\n<meta property=\"og:title\" content=\"Suportes de Choque Tipo Y \u2013 Controle de Ru\u00eddo e Vibra\u00e7\u00e3o de Alta Frequ\u00eancia\" \/>\n<meta property=\"og:description\" content=\"Suportes de choque Tipo Y melhoram a atenua\u00e7\u00e3o de ru\u00eddo de alta frequ\u00eancia em rela\u00e7\u00e3o ao Tipo X, usando molduras de borracha para reduzir vibra\u00e7\u00f5es e proteger equipamentos sens\u00edveis.\" \/>\n<meta property=\"og:url\" content=\"https:\/\/www.christiegrey.com\/pt-pt\/produto\/suportes-de-amortecedor-3\/\" \/>\n<meta property=\"article:publisher\" content=\"https:\/\/www.facebook.com\/christieandgreylimited\" \/>\n<meta property=\"og:image\" content=\"https:\/\/www.christiegrey.com\/wp-content\/uploads\/2025\/12\/ymount.jpg\" \/>\n\t<meta property=\"og:image:width\" content=\"1166\" \/>\n\t<meta property=\"og:image:height\" content=\"1009\" \/>\n\t<meta property=\"og:image:type\" content=\"image\/jpeg\" \/>\n<meta name=\"twitter:card\" content=\"summary_large_image\" \/>\n<meta name=\"twitter:site\" content=\"@christiegreyltd\" \/>\n<script type=\"application\/ld+json\" class=\"yoast-schema-graph\">{\"@context\":\"https:\/\/schema.org\",\"@graph\":[{\"@type\":\"WebPage\",\"@id\":\"https:\/\/www.christiegrey.com\/pt-pt\/produto\/suportes-de-amortecedor-3\/\",\"url\":\"https:\/\/www.christiegrey.com\/pt-pt\/produto\/suportes-de-amortecedor-3\/\",\"name\":\"Suportes de Choque Tipo Y \u2013 Controle de Ru\u00eddo e Vibra\u00e7\u00e3o de Alta Frequ\u00eancia\",\"isPartOf\":{\"@id\":\"https:\/\/www.christiegrey.com\/#website\"},\"primaryImageOfPage\":{\"@id\":\"https:\/\/www.christiegrey.com\/pt-pt\/produto\/suportes-de-amortecedor-3\/#primaryimage\"},\"image\":{\"@id\":\"https:\/\/www.christiegrey.com\/pt-pt\/produto\/suportes-de-amortecedor-3\/#primaryimage\"},\"thumbnailUrl\":\"https:\/\/www.christiegrey.com\/wp-content\/uploads\/2025\/12\/ymount.jpg\",\"datePublished\":\"2025-12-25T11:45:18+00:00\",\"description\":\"Suportes de choque Tipo Y melhoram a atenua\u00e7\u00e3o de ru\u00eddo de alta frequ\u00eancia em rela\u00e7\u00e3o ao Tipo X, usando molduras de borracha para reduzir vibra\u00e7\u00f5es e proteger equipamentos sens\u00edveis.\",\"breadcrumb\":{\"@id\":\"https:\/\/www.christiegrey.com\/pt-pt\/produto\/suportes-de-amortecedor-3\/#breadcrumb\"},\"inLanguage\":\"pt-PT\",\"potentialAction\":[{\"@type\":\"ReadAction\",\"target\":[\"https:\/\/www.christiegrey.com\/pt-pt\/produto\/suportes-de-amortecedor-3\/\"]}]},{\"@type\":\"ImageObject\",\"inLanguage\":\"pt-PT\",\"@id\":\"https:\/\/www.christiegrey.com\/pt-pt\/produto\/suportes-de-amortecedor-3\/#primaryimage\",\"url\":\"https:\/\/www.christiegrey.com\/wp-content\/uploads\/2025\/12\/ymount.jpg\",\"contentUrl\":\"https:\/\/www.christiegrey.com\/wp-content\/uploads\/2025\/12\/ymount.jpg\",\"width\":1166,\"height\":1009,\"caption\":\"Type Y shock mounts for high-frequency vibration control\"},{\"@type\":\"BreadcrumbList\",\"@id\":\"https:\/\/www.christiegrey.com\/pt-pt\/produto\/suportes-de-amortecedor-3\/#breadcrumb\",\"itemListElement\":[{\"@type\":\"ListItem\",\"position\":1,\"name\":\"Casa\",\"item\":\"https:\/\/www.christiegrey.com\/\"},{\"@type\":\"ListItem\",\"position\":2,\"name\":\"Nossos Produtos\",\"item\":\"https:\/\/www.christiegrey.com\/pt-pt\/loja\/\"},{\"@type\":\"ListItem\",\"position\":3,\"name\":\"Suportes de amortecedor\"}]},{\"@type\":\"WebSite\",\"@id\":\"https:\/\/www.christiegrey.com\/#website\",\"url\":\"https:\/\/www.christiegrey.com\/\",\"name\":\"Christie & Grey\",\"description\":\"\",\"publisher\":{\"@id\":\"https:\/\/www.christiegrey.com\/#organization\"},\"potentialAction\":[{\"@type\":\"SearchAction\",\"target\":{\"@type\":\"EntryPoint\",\"urlTemplate\":\"https:\/\/www.christiegrey.com\/?s={search_term_string}\"},\"query-input\":{\"@type\":\"PropertyValueSpecification\",\"valueRequired\":true,\"valueName\":\"search_term_string\"}}],\"inLanguage\":\"pt-PT\"},{\"@type\":\"Organization\",\"@id\":\"https:\/\/www.christiegrey.com\/#organization\",\"name\":\"Christie & Grey\",\"url\":\"https:\/\/www.christiegrey.com\/\",\"logo\":{\"@type\":\"ImageObject\",\"inLanguage\":\"pt-PT\",\"@id\":\"https:\/\/www.christiegrey.com\/#\/schema\/logo\/image\/\",\"url\":\"https:\/\/www.christiegrey.com\/wp-content\/uploads\/2026\/02\/cropped-logo-scaled-1.png\",\"contentUrl\":\"https:\/\/www.christiegrey.com\/wp-content\/uploads\/2026\/02\/cropped-logo-scaled-1.png\",\"width\":250,\"height\":90,\"caption\":\"Christie & Grey\"},\"image\":{\"@id\":\"https:\/\/www.christiegrey.com\/#\/schema\/logo\/image\/\"},\"sameAs\":[\"https:\/\/www.facebook.com\/christieandgreylimited\",\"https:\/\/x.com\/christiegreyltd\"]}]}<\/script>\n<!-- \/ Yoast SEO plugin. -->","yoast_head_json":{"title":"Suportes de Choque Tipo Y \u2013 Controle de Ru\u00eddo e Vibra\u00e7\u00e3o de Alta Frequ\u00eancia","description":"Suportes de choque Tipo Y melhoram a atenua\u00e7\u00e3o de ru\u00eddo de alta frequ\u00eancia em rela\u00e7\u00e3o ao Tipo X, usando molduras de borracha para reduzir vibra\u00e7\u00f5es e proteger equipamentos sens\u00edveis.","robots":{"index":"index","follow":"follow","max-snippet":"max-snippet:-1","max-image-preview":"max-image-preview:large","max-video-preview":"max-video-preview:-1"},"canonical":"https:\/\/www.christiegrey.com\/pt-pt\/produto\/suportes-de-amortecedor-3\/","og_locale":"pt_PT","og_type":"article","og_title":"Suportes de Choque Tipo Y \u2013 Controle de Ru\u00eddo e Vibra\u00e7\u00e3o de Alta Frequ\u00eancia","og_description":"Suportes de choque Tipo Y melhoram a atenua\u00e7\u00e3o de ru\u00eddo de alta frequ\u00eancia em rela\u00e7\u00e3o ao Tipo X, usando molduras de borracha para reduzir vibra\u00e7\u00f5es e proteger equipamentos sens\u00edveis.","og_url":"https:\/\/www.christiegrey.com\/pt-pt\/produto\/suportes-de-amortecedor-3\/","article_publisher":"https:\/\/www.facebook.com\/christieandgreylimited","og_image":[{"width":1166,"height":1009,"url":"https:\/\/www.christiegrey.com\/wp-content\/uploads\/2025\/12\/ymount.jpg","type":"image\/jpeg"}],"twitter_card":"summary_large_image","twitter_site":"@christiegreyltd","schema":{"@context":"https:\/\/schema.org","@graph":[{"@type":"WebPage","@id":"https:\/\/www.christiegrey.com\/pt-pt\/produto\/suportes-de-amortecedor-3\/","url":"https:\/\/www.christiegrey.com\/pt-pt\/produto\/suportes-de-amortecedor-3\/","name":"Suportes de Choque Tipo Y \u2013 Controle de Ru\u00eddo e Vibra\u00e7\u00e3o de Alta Frequ\u00eancia","isPartOf":{"@id":"https:\/\/www.christiegrey.com\/#website"},"primaryImageOfPage":{"@id":"https:\/\/www.christiegrey.com\/pt-pt\/produto\/suportes-de-amortecedor-3\/#primaryimage"},"image":{"@id":"https:\/\/www.christiegrey.com\/pt-pt\/produto\/suportes-de-amortecedor-3\/#primaryimage"},"thumbnailUrl":"https:\/\/www.christiegrey.com\/wp-content\/uploads\/2025\/12\/ymount.jpg","datePublished":"2025-12-25T11:45:18+00:00","description":"Suportes de choque Tipo Y melhoram a atenua\u00e7\u00e3o de ru\u00eddo de alta frequ\u00eancia em rela\u00e7\u00e3o ao Tipo X, usando molduras de borracha para reduzir vibra\u00e7\u00f5es e proteger equipamentos sens\u00edveis.","breadcrumb":{"@id":"https:\/\/www.christiegrey.com\/pt-pt\/produto\/suportes-de-amortecedor-3\/#breadcrumb"},"inLanguage":"pt-PT","potentialAction":[{"@type":"ReadAction","target":["https:\/\/www.christiegrey.com\/pt-pt\/produto\/suportes-de-amortecedor-3\/"]}]},{"@type":"ImageObject","inLanguage":"pt-PT","@id":"https:\/\/www.christiegrey.com\/pt-pt\/produto\/suportes-de-amortecedor-3\/#primaryimage","url":"https:\/\/www.christiegrey.com\/wp-content\/uploads\/2025\/12\/ymount.jpg","contentUrl":"https:\/\/www.christiegrey.com\/wp-content\/uploads\/2025\/12\/ymount.jpg","width":1166,"height":1009,"caption":"Type Y shock mounts for high-frequency vibration control"},{"@type":"BreadcrumbList","@id":"https:\/\/www.christiegrey.com\/pt-pt\/produto\/suportes-de-amortecedor-3\/#breadcrumb","itemListElement":[{"@type":"ListItem","position":1,"name":"Casa","item":"https:\/\/www.christiegrey.com\/"},{"@type":"ListItem","position":2,"name":"Nossos Produtos","item":"https:\/\/www.christiegrey.com\/pt-pt\/loja\/"},{"@type":"ListItem","position":3,"name":"Suportes de amortecedor"}]},{"@type":"WebSite","@id":"https:\/\/www.christiegrey.com\/#website","url":"https:\/\/www.christiegrey.com\/","name":"Christie & Grey","description":"","publisher":{"@id":"https:\/\/www.christiegrey.com\/#organization"},"potentialAction":[{"@type":"SearchAction","target":{"@type":"EntryPoint","urlTemplate":"https:\/\/www.christiegrey.com\/?s={search_term_string}"},"query-input":{"@type":"PropertyValueSpecification","valueRequired":true,"valueName":"search_term_string"}}],"inLanguage":"pt-PT"},{"@type":"Organization","@id":"https:\/\/www.christiegrey.com\/#organization","name":"Christie & Grey","url":"https:\/\/www.christiegrey.com\/","logo":{"@type":"ImageObject","inLanguage":"pt-PT","@id":"https:\/\/www.christiegrey.com\/#\/schema\/logo\/image\/","url":"https:\/\/www.christiegrey.com\/wp-content\/uploads\/2026\/02\/cropped-logo-scaled-1.png","contentUrl":"https:\/\/www.christiegrey.com\/wp-content\/uploads\/2026\/02\/cropped-logo-scaled-1.png","width":250,"height":90,"caption":"Christie & Grey"},"image":{"@id":"https:\/\/www.christiegrey.com\/#\/schema\/logo\/image\/"},"sameAs":["https:\/\/www.facebook.com\/christieandgreylimited","https:\/\/x.com\/christiegreyltd"]}]}},"_links":{"self":[{"href":"https:\/\/www.christiegrey.com\/pt-pt\/wp-json\/wp\/v2\/product\/4499","targetHints":{"allow":["GET"]}}],"collection":[{"href":"https:\/\/www.christiegrey.com\/pt-pt\/wp-json\/wp\/v2\/product"}],"about":[{"href":"https:\/\/www.christiegrey.com\/pt-pt\/wp-json\/wp\/v2\/types\/product"}],"replies":[{"embeddable":true,"href":"https:\/\/www.christiegrey.com\/pt-pt\/wp-json\/wp\/v2\/comments?post=4499"}],"wp:featuredmedia":[{"embeddable":true,"href":"https:\/\/www.christiegrey.com\/pt-pt\/wp-json\/wp\/v2\/media\/1020"}],"wp:attachment":[{"href":"https:\/\/www.christiegrey.com\/pt-pt\/wp-json\/wp\/v2\/media?parent=4499"}],"wp:term":[{"taxonomy":"product_brand","embeddable":true,"href":"https:\/\/www.christiegrey.com\/pt-pt\/wp-json\/wp\/v2\/product_brand?post=4499"},{"taxonomy":"product_cat","embeddable":true,"href":"https:\/\/www.christiegrey.com\/pt-pt\/wp-json\/wp\/v2\/product_cat?post=4499"},{"taxonomy":"product_tag","embeddable":true,"href":"https:\/\/www.christiegrey.com\/pt-pt\/wp-json\/wp\/v2\/product_tag?post=4499"}],"curies":[{"name":"wp","href":"https:\/\/api.w.org\/{rel}","templated":true}]}}