{"id":4453,"date":"2025-12-25T13:41:18","date_gmt":"2025-12-25T13:41:18","guid":{"rendered":"https:\/\/www.christiegrey.com\/product\/fixacoes-de-mola-fechadas\/"},"modified":"2025-12-25T13:41:18","modified_gmt":"2025-12-25T13:41:18","slug":"fixacoes-de-mola-fechadas","status":"publish","type":"product","link":"https:\/\/www.christiegrey.com\/pt-pt\/produto\/fixacoes-de-mola-fechadas\/","title":{"rendered":"Fixa\u00e7\u00f5es de mola fechadas"},"content":{"rendered":"<p>Uma gama \u00fanica de suportes projetada principalmente para aplica\u00e7\u00f5es de servi\u00e7os de constru\u00e7\u00e3o, onde o controle da vibra\u00e7\u00e3o e ru\u00eddo de baixa frequ\u00eancia emanados da planta mec\u00e2nica \u00e9 de extrema import\u00e2ncia.<\/p>\n<p>Os benef\u00edcios de uma carca\u00e7a combinada de borracha e a\u00e7o para a mola ajudaram a estabelecer as montagens ES e ECS como padr\u00f5es da ind\u00fastria aceitos por especificadores, fabricantes de equipamentos e instaladores de servi\u00e7os mec\u00e2nicos.<\/p>\n","protected":false},"excerpt":{"rendered":"<p>Tipos ESB, ES, ES25, ECS25 e ECS50<\/p>\n","protected":false},"featured_media":1034,"comment_status":"open","ping_status":"closed","template":"","meta":{"_acf_changed":false},"product_brand":[],"product_cat":[127,135,125,126],"product_tag":[],"class_list":{"0":"post-4453","1":"product","2":"type-product","3":"status-publish","4":"has-post-thumbnail","6":"product_cat-bombas-compressores-e-resfriadores","7":"product_cat-geracao-de-energia","8":"product_cat-solucoes-industriais","9":"product_cat-ventiladores-e-unidades-de-tratamento-de-ar","11":"first","12":"instock","13":"shipping-taxable","14":"purchasable","15":"product-type-simple"},"acf":[],"yoast_head":"<!-- This site is optimized with the Yoast SEO plugin v27.0 - https:\/\/yoast.com\/product\/yoast-seo-wordpress\/ -->\n<title>Suportes de mola fechados para controle de vibra\u00e7\u00e3o<\/title>\n<meta name=\"description\" content=\"Suportes de mola fechada padr\u00e3o da ind\u00fastria, projetados para reduzir vibra\u00e7\u00f5es e ru\u00eddos de baixa frequ\u00eancia em servi\u00e7os de constru\u00e7\u00e3o e sistemas de plantas mec\u00e2nicas.\" \/>\n<meta name=\"robots\" content=\"index, follow, max-snippet:-1, max-image-preview:large, max-video-preview:-1\" \/>\n<link rel=\"canonical\" href=\"https:\/\/www.christiegrey.com\/pt-pt\/produto\/fixacoes-de-mola-fechadas\/\" \/>\n<meta property=\"og:locale\" content=\"pt_PT\" \/>\n<meta property=\"og:type\" content=\"article\" \/>\n<meta property=\"og:title\" content=\"Suportes de mola fechados para controle de vibra\u00e7\u00e3o\" \/>\n<meta property=\"og:description\" content=\"Suportes de mola fechada padr\u00e3o da ind\u00fastria, projetados para reduzir vibra\u00e7\u00f5es e ru\u00eddos de baixa frequ\u00eancia em servi\u00e7os de constru\u00e7\u00e3o e sistemas de plantas mec\u00e2nicas.\" \/>\n<meta property=\"og:url\" content=\"https:\/\/www.christiegrey.com\/pt-pt\/produto\/fixacoes-de-mola-fechadas\/\" \/>\n<meta property=\"article:publisher\" content=\"https:\/\/www.facebook.com\/christieandgreylimited\" \/>\n<meta property=\"og:image\" content=\"https:\/\/www.christiegrey.com\/wp-content\/uploads\/2025\/12\/ecs-range_365_365.jpg\" \/>\n\t<meta property=\"og:image:width\" content=\"365\" \/>\n\t<meta property=\"og:image:height\" content=\"365\" \/>\n\t<meta property=\"og:image:type\" content=\"image\/jpeg\" \/>\n<meta name=\"twitter:card\" content=\"summary_large_image\" \/>\n<meta name=\"twitter:site\" content=\"@christiegreyltd\" \/>\n<script type=\"application\/ld+json\" class=\"yoast-schema-graph\">{\"@context\":\"https:\/\/schema.org\",\"@graph\":[{\"@type\":\"WebPage\",\"@id\":\"https:\/\/www.christiegrey.com\/pt-pt\/produto\/fixacoes-de-mola-fechadas\/\",\"url\":\"https:\/\/www.christiegrey.com\/pt-pt\/produto\/fixacoes-de-mola-fechadas\/\",\"name\":\"Suportes de mola fechados para controle de vibra\u00e7\u00e3o\",\"isPartOf\":{\"@id\":\"https:\/\/www.christiegrey.com\/#website\"},\"primaryImageOfPage\":{\"@id\":\"https:\/\/www.christiegrey.com\/pt-pt\/produto\/fixacoes-de-mola-fechadas\/#primaryimage\"},\"image\":{\"@id\":\"https:\/\/www.christiegrey.com\/pt-pt\/produto\/fixacoes-de-mola-fechadas\/#primaryimage\"},\"thumbnailUrl\":\"https:\/\/www.christiegrey.com\/wp-content\/uploads\/2025\/12\/ecs-range_365_365.jpg\",\"datePublished\":\"2025-12-25T13:41:18+00:00\",\"description\":\"Suportes de mola fechada padr\u00e3o da ind\u00fastria, projetados para reduzir vibra\u00e7\u00f5es e ru\u00eddos de baixa frequ\u00eancia em servi\u00e7os de constru\u00e7\u00e3o e sistemas de plantas mec\u00e2nicas.\",\"breadcrumb\":{\"@id\":\"https:\/\/www.christiegrey.com\/pt-pt\/produto\/fixacoes-de-mola-fechadas\/#breadcrumb\"},\"inLanguage\":\"pt-PT\",\"potentialAction\":[{\"@type\":\"ReadAction\",\"target\":[\"https:\/\/www.christiegrey.com\/pt-pt\/produto\/fixacoes-de-mola-fechadas\/\"]}]},{\"@type\":\"ImageObject\",\"inLanguage\":\"pt-PT\",\"@id\":\"https:\/\/www.christiegrey.com\/pt-pt\/produto\/fixacoes-de-mola-fechadas\/#primaryimage\",\"url\":\"https:\/\/www.christiegrey.com\/wp-content\/uploads\/2025\/12\/ecs-range_365_365.jpg\",\"contentUrl\":\"https:\/\/www.christiegrey.com\/wp-content\/uploads\/2025\/12\/ecs-range_365_365.jpg\",\"width\":365,\"height\":365,\"caption\":\"Enclosed spring mountings for vibration control\"},{\"@type\":\"BreadcrumbList\",\"@id\":\"https:\/\/www.christiegrey.com\/pt-pt\/produto\/fixacoes-de-mola-fechadas\/#breadcrumb\",\"itemListElement\":[{\"@type\":\"ListItem\",\"position\":1,\"name\":\"Casa\",\"item\":\"https:\/\/www.christiegrey.com\/\"},{\"@type\":\"ListItem\",\"position\":2,\"name\":\"Nossos Produtos\",\"item\":\"https:\/\/www.christiegrey.com\/pt-pt\/loja\/\"},{\"@type\":\"ListItem\",\"position\":3,\"name\":\"Fixa\u00e7\u00f5es de mola fechadas\"}]},{\"@type\":\"WebSite\",\"@id\":\"https:\/\/www.christiegrey.com\/#website\",\"url\":\"https:\/\/www.christiegrey.com\/\",\"name\":\"Christie & Grey\",\"description\":\"\",\"publisher\":{\"@id\":\"https:\/\/www.christiegrey.com\/#organization\"},\"potentialAction\":[{\"@type\":\"SearchAction\",\"target\":{\"@type\":\"EntryPoint\",\"urlTemplate\":\"https:\/\/www.christiegrey.com\/?s={search_term_string}\"},\"query-input\":{\"@type\":\"PropertyValueSpecification\",\"valueRequired\":true,\"valueName\":\"search_term_string\"}}],\"inLanguage\":\"pt-PT\"},{\"@type\":\"Organization\",\"@id\":\"https:\/\/www.christiegrey.com\/#organization\",\"name\":\"Christie & Grey\",\"url\":\"https:\/\/www.christiegrey.com\/\",\"logo\":{\"@type\":\"ImageObject\",\"inLanguage\":\"pt-PT\",\"@id\":\"https:\/\/www.christiegrey.com\/#\/schema\/logo\/image\/\",\"url\":\"https:\/\/www.christiegrey.com\/wp-content\/uploads\/2026\/02\/cropped-logo-scaled-1.png\",\"contentUrl\":\"https:\/\/www.christiegrey.com\/wp-content\/uploads\/2026\/02\/cropped-logo-scaled-1.png\",\"width\":250,\"height\":90,\"caption\":\"Christie & Grey\"},\"image\":{\"@id\":\"https:\/\/www.christiegrey.com\/#\/schema\/logo\/image\/\"},\"sameAs\":[\"https:\/\/www.facebook.com\/christieandgreylimited\",\"https:\/\/x.com\/christiegreyltd\"]}]}<\/script>\n<!-- \/ Yoast SEO plugin. -->","yoast_head_json":{"title":"Suportes de mola fechados para controle de vibra\u00e7\u00e3o","description":"Suportes de mola fechada padr\u00e3o da ind\u00fastria, projetados para reduzir vibra\u00e7\u00f5es e ru\u00eddos de baixa frequ\u00eancia em servi\u00e7os de constru\u00e7\u00e3o e sistemas de plantas mec\u00e2nicas.","robots":{"index":"index","follow":"follow","max-snippet":"max-snippet:-1","max-image-preview":"max-image-preview:large","max-video-preview":"max-video-preview:-1"},"canonical":"https:\/\/www.christiegrey.com\/pt-pt\/produto\/fixacoes-de-mola-fechadas\/","og_locale":"pt_PT","og_type":"article","og_title":"Suportes de mola fechados para controle de vibra\u00e7\u00e3o","og_description":"Suportes de mola fechada padr\u00e3o da ind\u00fastria, projetados para reduzir vibra\u00e7\u00f5es e ru\u00eddos de baixa frequ\u00eancia em servi\u00e7os de constru\u00e7\u00e3o e sistemas de plantas mec\u00e2nicas.","og_url":"https:\/\/www.christiegrey.com\/pt-pt\/produto\/fixacoes-de-mola-fechadas\/","article_publisher":"https:\/\/www.facebook.com\/christieandgreylimited","og_image":[{"width":365,"height":365,"url":"https:\/\/www.christiegrey.com\/wp-content\/uploads\/2025\/12\/ecs-range_365_365.jpg","type":"image\/jpeg"}],"twitter_card":"summary_large_image","twitter_site":"@christiegreyltd","schema":{"@context":"https:\/\/schema.org","@graph":[{"@type":"WebPage","@id":"https:\/\/www.christiegrey.com\/pt-pt\/produto\/fixacoes-de-mola-fechadas\/","url":"https:\/\/www.christiegrey.com\/pt-pt\/produto\/fixacoes-de-mola-fechadas\/","name":"Suportes de mola fechados para controle de vibra\u00e7\u00e3o","isPartOf":{"@id":"https:\/\/www.christiegrey.com\/#website"},"primaryImageOfPage":{"@id":"https:\/\/www.christiegrey.com\/pt-pt\/produto\/fixacoes-de-mola-fechadas\/#primaryimage"},"image":{"@id":"https:\/\/www.christiegrey.com\/pt-pt\/produto\/fixacoes-de-mola-fechadas\/#primaryimage"},"thumbnailUrl":"https:\/\/www.christiegrey.com\/wp-content\/uploads\/2025\/12\/ecs-range_365_365.jpg","datePublished":"2025-12-25T13:41:18+00:00","description":"Suportes de mola fechada padr\u00e3o da ind\u00fastria, projetados para reduzir vibra\u00e7\u00f5es e ru\u00eddos de baixa frequ\u00eancia em servi\u00e7os de constru\u00e7\u00e3o e sistemas de plantas mec\u00e2nicas.","breadcrumb":{"@id":"https:\/\/www.christiegrey.com\/pt-pt\/produto\/fixacoes-de-mola-fechadas\/#breadcrumb"},"inLanguage":"pt-PT","potentialAction":[{"@type":"ReadAction","target":["https:\/\/www.christiegrey.com\/pt-pt\/produto\/fixacoes-de-mola-fechadas\/"]}]},{"@type":"ImageObject","inLanguage":"pt-PT","@id":"https:\/\/www.christiegrey.com\/pt-pt\/produto\/fixacoes-de-mola-fechadas\/#primaryimage","url":"https:\/\/www.christiegrey.com\/wp-content\/uploads\/2025\/12\/ecs-range_365_365.jpg","contentUrl":"https:\/\/www.christiegrey.com\/wp-content\/uploads\/2025\/12\/ecs-range_365_365.jpg","width":365,"height":365,"caption":"Enclosed spring mountings for vibration control"},{"@type":"BreadcrumbList","@id":"https:\/\/www.christiegrey.com\/pt-pt\/produto\/fixacoes-de-mola-fechadas\/#breadcrumb","itemListElement":[{"@type":"ListItem","position":1,"name":"Casa","item":"https:\/\/www.christiegrey.com\/"},{"@type":"ListItem","position":2,"name":"Nossos Produtos","item":"https:\/\/www.christiegrey.com\/pt-pt\/loja\/"},{"@type":"ListItem","position":3,"name":"Fixa\u00e7\u00f5es de mola fechadas"}]},{"@type":"WebSite","@id":"https:\/\/www.christiegrey.com\/#website","url":"https:\/\/www.christiegrey.com\/","name":"Christie & Grey","description":"","publisher":{"@id":"https:\/\/www.christiegrey.com\/#organization"},"potentialAction":[{"@type":"SearchAction","target":{"@type":"EntryPoint","urlTemplate":"https:\/\/www.christiegrey.com\/?s={search_term_string}"},"query-input":{"@type":"PropertyValueSpecification","valueRequired":true,"valueName":"search_term_string"}}],"inLanguage":"pt-PT"},{"@type":"Organization","@id":"https:\/\/www.christiegrey.com\/#organization","name":"Christie & Grey","url":"https:\/\/www.christiegrey.com\/","logo":{"@type":"ImageObject","inLanguage":"pt-PT","@id":"https:\/\/www.christiegrey.com\/#\/schema\/logo\/image\/","url":"https:\/\/www.christiegrey.com\/wp-content\/uploads\/2026\/02\/cropped-logo-scaled-1.png","contentUrl":"https:\/\/www.christiegrey.com\/wp-content\/uploads\/2026\/02\/cropped-logo-scaled-1.png","width":250,"height":90,"caption":"Christie & Grey"},"image":{"@id":"https:\/\/www.christiegrey.com\/#\/schema\/logo\/image\/"},"sameAs":["https:\/\/www.facebook.com\/christieandgreylimited","https:\/\/x.com\/christiegreyltd"]}]}},"_links":{"self":[{"href":"https:\/\/www.christiegrey.com\/pt-pt\/wp-json\/wp\/v2\/product\/4453","targetHints":{"allow":["GET"]}}],"collection":[{"href":"https:\/\/www.christiegrey.com\/pt-pt\/wp-json\/wp\/v2\/product"}],"about":[{"href":"https:\/\/www.christiegrey.com\/pt-pt\/wp-json\/wp\/v2\/types\/product"}],"replies":[{"embeddable":true,"href":"https:\/\/www.christiegrey.com\/pt-pt\/wp-json\/wp\/v2\/comments?post=4453"}],"wp:featuredmedia":[{"embeddable":true,"href":"https:\/\/www.christiegrey.com\/pt-pt\/wp-json\/wp\/v2\/media\/1034"}],"wp:attachment":[{"href":"https:\/\/www.christiegrey.com\/pt-pt\/wp-json\/wp\/v2\/media?parent=4453"}],"wp:term":[{"taxonomy":"product_brand","embeddable":true,"href":"https:\/\/www.christiegrey.com\/pt-pt\/wp-json\/wp\/v2\/product_brand?post=4453"},{"taxonomy":"product_cat","embeddable":true,"href":"https:\/\/www.christiegrey.com\/pt-pt\/wp-json\/wp\/v2\/product_cat?post=4453"},{"taxonomy":"product_tag","embeddable":true,"href":"https:\/\/www.christiegrey.com\/pt-pt\/wp-json\/wp\/v2\/product_tag?post=4453"}],"curies":[{"name":"wp","href":"https:\/\/api.w.org\/{rel}","templated":true}]}}