{"id":4434,"date":"2025-12-25T13:46:48","date_gmt":"2025-12-25T13:46:48","guid":{"rendered":"https:\/\/www.christiegrey.com\/product\/montagens-de-mola-aberta\/"},"modified":"2025-12-25T13:46:48","modified_gmt":"2025-12-25T13:46:48","slug":"montagens-de-mola-aberta","status":"publish","type":"product","link":"https:\/\/www.christiegrey.com\/pt-pt\/produto\/montagens-de-mola-aberta\/","title":{"rendered":"Montagens de mola aberta"},"content":{"rendered":"<p>Originalmente projetadas para uso com Quadros de Derramamento de In\u00e9rcia do tipo IPF, as Fixa\u00e7\u00f5es OS agora s\u00e3o amplamente usadas para isolar vibra\u00e7\u00f5es de todos os tipos imagin\u00e1veis de m\u00e1quinas rotativas e rec\u00edprocas. Quando \u00e9 necess\u00e1rio controle do movimento transit\u00f3rio, as Fixa\u00e7\u00f5es de Mola Aberta podem ser usadas em conjunto com nossos amortecedores viscosos Tipo MD\/3. <\/p>\n<p>Para aplica\u00e7\u00f5es que exigem parafusamento, a base de borracha e os ilh\u00f3s garantem que n\u00e3o haja caminho direto de metal entre a m\u00e1quina e o assento, aumentando assim o isolamento de ru\u00eddo de alta frequ\u00eancia.<\/p>\n","protected":false},"excerpt":{"rendered":"<p>Tipo OSB, OSS e OS<\/p>\n","protected":false},"featured_media":1036,"comment_status":"open","ping_status":"closed","template":"","meta":{"_acf_changed":false},"product_brand":[],"product_cat":[127,135,125,126],"product_tag":[],"class_list":{"0":"post-4434","1":"product","2":"type-product","3":"status-publish","4":"has-post-thumbnail","6":"product_cat-bombas-compressores-e-resfriadores","7":"product_cat-geracao-de-energia","8":"product_cat-solucoes-industriais","9":"product_cat-ventiladores-e-unidades-de-tratamento-de-ar","11":"first","12":"instock","13":"shipping-taxable","14":"purchasable","15":"product-type-simple"},"acf":[],"yoast_head":"<!-- This site is optimized with the Yoast SEO plugin v27.0 - https:\/\/yoast.com\/product\/yoast-seo-wordpress\/ -->\n<title>Suportes de mola aberta para isolamento de vibra\u00e7\u00e3o e ru\u00eddo<\/title>\n<meta name=\"description\" content=\"Suportes de mola aberta projetados para isolar vibra\u00e7\u00f5es de m\u00e1quinas rotativas e rec\u00edprocas. Ideal para controle de movimento transit\u00f3rio com alto ru\u00eddo\" \/>\n<meta name=\"robots\" content=\"index, follow, max-snippet:-1, max-image-preview:large, max-video-preview:-1\" \/>\n<link rel=\"canonical\" href=\"https:\/\/www.christiegrey.com\/pt-pt\/produto\/montagens-de-mola-aberta\/\" \/>\n<meta property=\"og:locale\" content=\"pt_PT\" \/>\n<meta property=\"og:type\" content=\"article\" \/>\n<meta property=\"og:title\" content=\"Suportes de mola aberta para isolamento de vibra\u00e7\u00e3o e ru\u00eddo\" \/>\n<meta property=\"og:description\" content=\"Suportes de mola aberta projetados para isolar vibra\u00e7\u00f5es de m\u00e1quinas rotativas e rec\u00edprocas. Ideal para controle de movimento transit\u00f3rio com alto ru\u00eddo\" \/>\n<meta property=\"og:url\" content=\"https:\/\/www.christiegrey.com\/pt-pt\/produto\/montagens-de-mola-aberta\/\" \/>\n<meta property=\"article:publisher\" content=\"https:\/\/www.facebook.com\/christieandgreylimited\" \/>\n<meta property=\"og:image\" content=\"https:\/\/www.christiegrey.com\/wp-content\/uploads\/2025\/12\/os_group_small_365_365.jpg\" \/>\n\t<meta property=\"og:image:width\" content=\"365\" \/>\n\t<meta property=\"og:image:height\" content=\"365\" \/>\n\t<meta property=\"og:image:type\" content=\"image\/jpeg\" \/>\n<meta name=\"twitter:card\" content=\"summary_large_image\" \/>\n<meta name=\"twitter:site\" content=\"@christiegreyltd\" \/>\n<meta name=\"twitter:label1\" content=\"Tempo estimado de leitura\" \/>\n\t<meta name=\"twitter:data1\" content=\"1 minuto\" \/>\n<script type=\"application\/ld+json\" class=\"yoast-schema-graph\">{\"@context\":\"https:\/\/schema.org\",\"@graph\":[{\"@type\":\"WebPage\",\"@id\":\"https:\/\/www.christiegrey.com\/pt-pt\/produto\/montagens-de-mola-aberta\/\",\"url\":\"https:\/\/www.christiegrey.com\/pt-pt\/produto\/montagens-de-mola-aberta\/\",\"name\":\"Suportes de mola aberta para isolamento de vibra\u00e7\u00e3o e ru\u00eddo\",\"isPartOf\":{\"@id\":\"https:\/\/www.christiegrey.com\/#website\"},\"primaryImageOfPage\":{\"@id\":\"https:\/\/www.christiegrey.com\/pt-pt\/produto\/montagens-de-mola-aberta\/#primaryimage\"},\"image\":{\"@id\":\"https:\/\/www.christiegrey.com\/pt-pt\/produto\/montagens-de-mola-aberta\/#primaryimage\"},\"thumbnailUrl\":\"https:\/\/www.christiegrey.com\/wp-content\/uploads\/2025\/12\/os_group_small_365_365.jpg\",\"datePublished\":\"2025-12-25T13:46:48+00:00\",\"description\":\"Suportes de mola aberta projetados para isolar vibra\u00e7\u00f5es de m\u00e1quinas rotativas e rec\u00edprocas. Ideal para controle de movimento transit\u00f3rio com alto ru\u00eddo\",\"breadcrumb\":{\"@id\":\"https:\/\/www.christiegrey.com\/pt-pt\/produto\/montagens-de-mola-aberta\/#breadcrumb\"},\"inLanguage\":\"pt-PT\",\"potentialAction\":[{\"@type\":\"ReadAction\",\"target\":[\"https:\/\/www.christiegrey.com\/pt-pt\/produto\/montagens-de-mola-aberta\/\"]}]},{\"@type\":\"ImageObject\",\"inLanguage\":\"pt-PT\",\"@id\":\"https:\/\/www.christiegrey.com\/pt-pt\/produto\/montagens-de-mola-aberta\/#primaryimage\",\"url\":\"https:\/\/www.christiegrey.com\/wp-content\/uploads\/2025\/12\/os_group_small_365_365.jpg\",\"contentUrl\":\"https:\/\/www.christiegrey.com\/wp-content\/uploads\/2025\/12\/os_group_small_365_365.jpg\",\"width\":365,\"height\":365,\"caption\":\"Open Spring Mountings\"},{\"@type\":\"BreadcrumbList\",\"@id\":\"https:\/\/www.christiegrey.com\/pt-pt\/produto\/montagens-de-mola-aberta\/#breadcrumb\",\"itemListElement\":[{\"@type\":\"ListItem\",\"position\":1,\"name\":\"Casa\",\"item\":\"https:\/\/www.christiegrey.com\/\"},{\"@type\":\"ListItem\",\"position\":2,\"name\":\"Nossos Produtos\",\"item\":\"https:\/\/www.christiegrey.com\/pt-pt\/loja\/\"},{\"@type\":\"ListItem\",\"position\":3,\"name\":\"Montagens de mola aberta\"}]},{\"@type\":\"WebSite\",\"@id\":\"https:\/\/www.christiegrey.com\/#website\",\"url\":\"https:\/\/www.christiegrey.com\/\",\"name\":\"Christie & Grey\",\"description\":\"\",\"publisher\":{\"@id\":\"https:\/\/www.christiegrey.com\/#organization\"},\"potentialAction\":[{\"@type\":\"SearchAction\",\"target\":{\"@type\":\"EntryPoint\",\"urlTemplate\":\"https:\/\/www.christiegrey.com\/?s={search_term_string}\"},\"query-input\":{\"@type\":\"PropertyValueSpecification\",\"valueRequired\":true,\"valueName\":\"search_term_string\"}}],\"inLanguage\":\"pt-PT\"},{\"@type\":\"Organization\",\"@id\":\"https:\/\/www.christiegrey.com\/#organization\",\"name\":\"Christie & Grey\",\"url\":\"https:\/\/www.christiegrey.com\/\",\"logo\":{\"@type\":\"ImageObject\",\"inLanguage\":\"pt-PT\",\"@id\":\"https:\/\/www.christiegrey.com\/#\/schema\/logo\/image\/\",\"url\":\"https:\/\/www.christiegrey.com\/wp-content\/uploads\/2026\/02\/cropped-logo-scaled-1.png\",\"contentUrl\":\"https:\/\/www.christiegrey.com\/wp-content\/uploads\/2026\/02\/cropped-logo-scaled-1.png\",\"width\":250,\"height\":90,\"caption\":\"Christie & Grey\"},\"image\":{\"@id\":\"https:\/\/www.christiegrey.com\/#\/schema\/logo\/image\/\"},\"sameAs\":[\"https:\/\/www.facebook.com\/christieandgreylimited\",\"https:\/\/x.com\/christiegreyltd\"]}]}<\/script>\n<!-- \/ Yoast SEO plugin. -->","yoast_head_json":{"title":"Suportes de mola aberta para isolamento de vibra\u00e7\u00e3o e ru\u00eddo","description":"Suportes de mola aberta projetados para isolar vibra\u00e7\u00f5es de m\u00e1quinas rotativas e rec\u00edprocas. Ideal para controle de movimento transit\u00f3rio com alto ru\u00eddo","robots":{"index":"index","follow":"follow","max-snippet":"max-snippet:-1","max-image-preview":"max-image-preview:large","max-video-preview":"max-video-preview:-1"},"canonical":"https:\/\/www.christiegrey.com\/pt-pt\/produto\/montagens-de-mola-aberta\/","og_locale":"pt_PT","og_type":"article","og_title":"Suportes de mola aberta para isolamento de vibra\u00e7\u00e3o e ru\u00eddo","og_description":"Suportes de mola aberta projetados para isolar vibra\u00e7\u00f5es de m\u00e1quinas rotativas e rec\u00edprocas. Ideal para controle de movimento transit\u00f3rio com alto ru\u00eddo","og_url":"https:\/\/www.christiegrey.com\/pt-pt\/produto\/montagens-de-mola-aberta\/","article_publisher":"https:\/\/www.facebook.com\/christieandgreylimited","og_image":[{"width":365,"height":365,"url":"https:\/\/www.christiegrey.com\/wp-content\/uploads\/2025\/12\/os_group_small_365_365.jpg","type":"image\/jpeg"}],"twitter_card":"summary_large_image","twitter_site":"@christiegreyltd","twitter_misc":{"Tempo estimado de leitura":"1 minuto"},"schema":{"@context":"https:\/\/schema.org","@graph":[{"@type":"WebPage","@id":"https:\/\/www.christiegrey.com\/pt-pt\/produto\/montagens-de-mola-aberta\/","url":"https:\/\/www.christiegrey.com\/pt-pt\/produto\/montagens-de-mola-aberta\/","name":"Suportes de mola aberta para isolamento de vibra\u00e7\u00e3o e ru\u00eddo","isPartOf":{"@id":"https:\/\/www.christiegrey.com\/#website"},"primaryImageOfPage":{"@id":"https:\/\/www.christiegrey.com\/pt-pt\/produto\/montagens-de-mola-aberta\/#primaryimage"},"image":{"@id":"https:\/\/www.christiegrey.com\/pt-pt\/produto\/montagens-de-mola-aberta\/#primaryimage"},"thumbnailUrl":"https:\/\/www.christiegrey.com\/wp-content\/uploads\/2025\/12\/os_group_small_365_365.jpg","datePublished":"2025-12-25T13:46:48+00:00","description":"Suportes de mola aberta projetados para isolar vibra\u00e7\u00f5es de m\u00e1quinas rotativas e rec\u00edprocas. Ideal para controle de movimento transit\u00f3rio com alto ru\u00eddo","breadcrumb":{"@id":"https:\/\/www.christiegrey.com\/pt-pt\/produto\/montagens-de-mola-aberta\/#breadcrumb"},"inLanguage":"pt-PT","potentialAction":[{"@type":"ReadAction","target":["https:\/\/www.christiegrey.com\/pt-pt\/produto\/montagens-de-mola-aberta\/"]}]},{"@type":"ImageObject","inLanguage":"pt-PT","@id":"https:\/\/www.christiegrey.com\/pt-pt\/produto\/montagens-de-mola-aberta\/#primaryimage","url":"https:\/\/www.christiegrey.com\/wp-content\/uploads\/2025\/12\/os_group_small_365_365.jpg","contentUrl":"https:\/\/www.christiegrey.com\/wp-content\/uploads\/2025\/12\/os_group_small_365_365.jpg","width":365,"height":365,"caption":"Open Spring Mountings"},{"@type":"BreadcrumbList","@id":"https:\/\/www.christiegrey.com\/pt-pt\/produto\/montagens-de-mola-aberta\/#breadcrumb","itemListElement":[{"@type":"ListItem","position":1,"name":"Casa","item":"https:\/\/www.christiegrey.com\/"},{"@type":"ListItem","position":2,"name":"Nossos Produtos","item":"https:\/\/www.christiegrey.com\/pt-pt\/loja\/"},{"@type":"ListItem","position":3,"name":"Montagens de mola aberta"}]},{"@type":"WebSite","@id":"https:\/\/www.christiegrey.com\/#website","url":"https:\/\/www.christiegrey.com\/","name":"Christie & Grey","description":"","publisher":{"@id":"https:\/\/www.christiegrey.com\/#organization"},"potentialAction":[{"@type":"SearchAction","target":{"@type":"EntryPoint","urlTemplate":"https:\/\/www.christiegrey.com\/?s={search_term_string}"},"query-input":{"@type":"PropertyValueSpecification","valueRequired":true,"valueName":"search_term_string"}}],"inLanguage":"pt-PT"},{"@type":"Organization","@id":"https:\/\/www.christiegrey.com\/#organization","name":"Christie & Grey","url":"https:\/\/www.christiegrey.com\/","logo":{"@type":"ImageObject","inLanguage":"pt-PT","@id":"https:\/\/www.christiegrey.com\/#\/schema\/logo\/image\/","url":"https:\/\/www.christiegrey.com\/wp-content\/uploads\/2026\/02\/cropped-logo-scaled-1.png","contentUrl":"https:\/\/www.christiegrey.com\/wp-content\/uploads\/2026\/02\/cropped-logo-scaled-1.png","width":250,"height":90,"caption":"Christie & Grey"},"image":{"@id":"https:\/\/www.christiegrey.com\/#\/schema\/logo\/image\/"},"sameAs":["https:\/\/www.facebook.com\/christieandgreylimited","https:\/\/x.com\/christiegreyltd"]}]}},"_links":{"self":[{"href":"https:\/\/www.christiegrey.com\/pt-pt\/wp-json\/wp\/v2\/product\/4434","targetHints":{"allow":["GET"]}}],"collection":[{"href":"https:\/\/www.christiegrey.com\/pt-pt\/wp-json\/wp\/v2\/product"}],"about":[{"href":"https:\/\/www.christiegrey.com\/pt-pt\/wp-json\/wp\/v2\/types\/product"}],"replies":[{"embeddable":true,"href":"https:\/\/www.christiegrey.com\/pt-pt\/wp-json\/wp\/v2\/comments?post=4434"}],"wp:featuredmedia":[{"embeddable":true,"href":"https:\/\/www.christiegrey.com\/pt-pt\/wp-json\/wp\/v2\/media\/1036"}],"wp:attachment":[{"href":"https:\/\/www.christiegrey.com\/pt-pt\/wp-json\/wp\/v2\/media?parent=4434"}],"wp:term":[{"taxonomy":"product_brand","embeddable":true,"href":"https:\/\/www.christiegrey.com\/pt-pt\/wp-json\/wp\/v2\/product_brand?post=4434"},{"taxonomy":"product_cat","embeddable":true,"href":"https:\/\/www.christiegrey.com\/pt-pt\/wp-json\/wp\/v2\/product_cat?post=4434"},{"taxonomy":"product_tag","embeddable":true,"href":"https:\/\/www.christiegrey.com\/pt-pt\/wp-json\/wp\/v2\/product_tag?post=4434"}],"curies":[{"name":"wp","href":"https:\/\/api.w.org\/{rel}","templated":true}]}}