{"id":4425,"date":"2025-12-25T13:58:49","date_gmt":"2025-12-25T13:58:49","guid":{"rendered":"https:\/\/www.christiegrey.com\/product\/molas-abertas-restringidas\/"},"modified":"2026-01-30T21:53:12","modified_gmt":"2026-01-30T21:53:12","slug":"molas-abertas-restringidas","status":"publish","type":"product","link":"https:\/\/www.christiegrey.com\/pt-pt\/produto\/molas-abertas-restringidas\/","title":{"rendered":"Molas Abertas Restringidas"},"content":{"rendered":"<p>A montagem ORS foi projetada especificamente para aplica\u00e7\u00f5es onde a transmiss\u00e3o de vibra\u00e7\u00f5es de m\u00e1quinas de baixa frequ\u00eancia para uma estrutura de edif\u00edcio deve ser reduzida para evitar danos f\u00edsicos ou inc\u00f4modos aos ocupantes.<\/p>\n<p>\u00c9 uma montagem de baixa frequ\u00eancia projetada especificamente para limitar o movimento vertical de equipamentos como torres de resfriamento e resfriadores. Isso poderia ser excessivo devido \u00e0s molas de baixa rigidez necess\u00e1rias para isolar as vibra\u00e7\u00f5es de baixa frequ\u00eancia. <\/p>\n<p>Aplica\u00e7\u00f5es localizadas no n\u00edvel do telhado podem ser montadas com sucesso em unidades ORS, pois qualquer movimento causado por fortes cargas de vento ser\u00e1 limitado. Equipamentos que cont\u00eam grandes volumes de l\u00edquido se beneficiam da instala\u00e7\u00e3o em montagens ORS, pois durante o &#8220;drenagem&#8221; o movimento ascendente \u00e9 restringido, evitando danos \u00e0 tubula\u00e7\u00e3o e \u00e0s conex\u00f5es el\u00e9tricas. <\/p>\n","protected":false},"excerpt":{"rendered":"<p>Tipo ORS25 e ORS50<\/p>\n","protected":false},"featured_media":1042,"comment_status":"open","ping_status":"closed","template":"","meta":{"_acf_changed":false},"product_brand":[],"product_cat":[125,126],"product_tag":[],"class_list":{"0":"post-4425","1":"product","2":"type-product","3":"status-publish","4":"has-post-thumbnail","6":"product_cat-solucoes-industriais","7":"product_cat-ventiladores-e-unidades-de-tratamento-de-ar","9":"first","10":"instock","11":"shipping-taxable","12":"purchasable","13":"product-type-simple"},"acf":[],"yoast_head":"<!-- This site is optimized with the Yoast SEO plugin v27.0 - https:\/\/yoast.com\/product\/yoast-seo-wordpress\/ -->\n<title>Fixa\u00e7\u00f5es de mola abertas e restritas para vibra\u00e7\u00e3o de baixa frequ\u00eancia<\/title>\n<meta name=\"description\" content=\"Molas Abertas Restringidas reduzem vibra\u00e7\u00f5es de baixa frequ\u00eancia enquanto limitam o movimento vertical, ideais para resfriadores, torres de resfriamento e instala\u00e7\u00f5es de equipamentos em telhados.\" \/>\n<meta name=\"robots\" content=\"index, follow, max-snippet:-1, max-image-preview:large, max-video-preview:-1\" \/>\n<link rel=\"canonical\" href=\"https:\/\/www.christiegrey.com\/pt-pt\/produto\/molas-abertas-restringidas\/\" \/>\n<meta property=\"og:locale\" content=\"pt_PT\" \/>\n<meta property=\"og:type\" content=\"article\" \/>\n<meta property=\"og:title\" content=\"Fixa\u00e7\u00f5es de mola abertas e restritas para vibra\u00e7\u00e3o de baixa frequ\u00eancia\" \/>\n<meta property=\"og:description\" content=\"Molas Abertas Restringidas reduzem vibra\u00e7\u00f5es de baixa frequ\u00eancia enquanto limitam o movimento vertical, ideais para resfriadores, torres de resfriamento e instala\u00e7\u00f5es de equipamentos em telhados.\" \/>\n<meta property=\"og:url\" content=\"https:\/\/www.christiegrey.com\/pt-pt\/produto\/molas-abertas-restringidas\/\" \/>\n<meta property=\"article:publisher\" content=\"https:\/\/www.facebook.com\/christieandgreylimited\" \/>\n<meta property=\"article:modified_time\" content=\"2026-01-30T21:53:12+00:00\" \/>\n<meta property=\"og:image\" content=\"https:\/\/www.christiegrey.com\/wp-content\/uploads\/2025\/12\/new_ors3_blue_365_365.jpg\" \/>\n\t<meta property=\"og:image:width\" content=\"365\" \/>\n\t<meta property=\"og:image:height\" content=\"365\" \/>\n\t<meta property=\"og:image:type\" content=\"image\/jpeg\" \/>\n<meta name=\"twitter:card\" content=\"summary_large_image\" \/>\n<meta name=\"twitter:site\" content=\"@christiegreyltd\" \/>\n<meta name=\"twitter:label1\" content=\"Tempo estimado de leitura\" \/>\n\t<meta name=\"twitter:data1\" content=\"1 minuto\" \/>\n<script type=\"application\/ld+json\" class=\"yoast-schema-graph\">{\"@context\":\"https:\/\/schema.org\",\"@graph\":[{\"@type\":\"WebPage\",\"@id\":\"https:\/\/www.christiegrey.com\/pt-pt\/produto\/molas-abertas-restringidas\/\",\"url\":\"https:\/\/www.christiegrey.com\/pt-pt\/produto\/molas-abertas-restringidas\/\",\"name\":\"Fixa\u00e7\u00f5es de mola abertas e restritas para vibra\u00e7\u00e3o de baixa frequ\u00eancia\",\"isPartOf\":{\"@id\":\"https:\/\/www.christiegrey.com\/#website\"},\"primaryImageOfPage\":{\"@id\":\"https:\/\/www.christiegrey.com\/pt-pt\/produto\/molas-abertas-restringidas\/#primaryimage\"},\"image\":{\"@id\":\"https:\/\/www.christiegrey.com\/pt-pt\/produto\/molas-abertas-restringidas\/#primaryimage\"},\"thumbnailUrl\":\"https:\/\/www.christiegrey.com\/wp-content\/uploads\/2025\/12\/new_ors3_blue_365_365.jpg\",\"datePublished\":\"2025-12-25T13:58:49+00:00\",\"dateModified\":\"2026-01-30T21:53:12+00:00\",\"description\":\"Molas Abertas Restringidas reduzem vibra\u00e7\u00f5es de baixa frequ\u00eancia enquanto limitam o movimento vertical, ideais para resfriadores, torres de resfriamento e instala\u00e7\u00f5es de equipamentos em telhados.\",\"breadcrumb\":{\"@id\":\"https:\/\/www.christiegrey.com\/pt-pt\/produto\/molas-abertas-restringidas\/#breadcrumb\"},\"inLanguage\":\"pt-PT\",\"potentialAction\":[{\"@type\":\"ReadAction\",\"target\":[\"https:\/\/www.christiegrey.com\/pt-pt\/produto\/molas-abertas-restringidas\/\"]}]},{\"@type\":\"ImageObject\",\"inLanguage\":\"pt-PT\",\"@id\":\"https:\/\/www.christiegrey.com\/pt-pt\/produto\/molas-abertas-restringidas\/#primaryimage\",\"url\":\"https:\/\/www.christiegrey.com\/wp-content\/uploads\/2025\/12\/new_ors3_blue_365_365.jpg\",\"contentUrl\":\"https:\/\/www.christiegrey.com\/wp-content\/uploads\/2025\/12\/new_ors3_blue_365_365.jpg\",\"width\":365,\"height\":365,\"caption\":\"ORS25\/ORS50 open restrained spring mountings\"},{\"@type\":\"BreadcrumbList\",\"@id\":\"https:\/\/www.christiegrey.com\/pt-pt\/produto\/molas-abertas-restringidas\/#breadcrumb\",\"itemListElement\":[{\"@type\":\"ListItem\",\"position\":1,\"name\":\"Casa\",\"item\":\"https:\/\/www.christiegrey.com\/\"},{\"@type\":\"ListItem\",\"position\":2,\"name\":\"Nossos Produtos\",\"item\":\"https:\/\/www.christiegrey.com\/pt-pt\/loja\/\"},{\"@type\":\"ListItem\",\"position\":3,\"name\":\"Molas Abertas Restringidas\"}]},{\"@type\":\"WebSite\",\"@id\":\"https:\/\/www.christiegrey.com\/#website\",\"url\":\"https:\/\/www.christiegrey.com\/\",\"name\":\"Christie & Grey\",\"description\":\"\",\"publisher\":{\"@id\":\"https:\/\/www.christiegrey.com\/#organization\"},\"potentialAction\":[{\"@type\":\"SearchAction\",\"target\":{\"@type\":\"EntryPoint\",\"urlTemplate\":\"https:\/\/www.christiegrey.com\/?s={search_term_string}\"},\"query-input\":{\"@type\":\"PropertyValueSpecification\",\"valueRequired\":true,\"valueName\":\"search_term_string\"}}],\"inLanguage\":\"pt-PT\"},{\"@type\":\"Organization\",\"@id\":\"https:\/\/www.christiegrey.com\/#organization\",\"name\":\"Christie & Grey\",\"url\":\"https:\/\/www.christiegrey.com\/\",\"logo\":{\"@type\":\"ImageObject\",\"inLanguage\":\"pt-PT\",\"@id\":\"https:\/\/www.christiegrey.com\/#\/schema\/logo\/image\/\",\"url\":\"https:\/\/www.christiegrey.com\/wp-content\/uploads\/2026\/02\/cropped-logo-scaled-1.png\",\"contentUrl\":\"https:\/\/www.christiegrey.com\/wp-content\/uploads\/2026\/02\/cropped-logo-scaled-1.png\",\"width\":250,\"height\":90,\"caption\":\"Christie & Grey\"},\"image\":{\"@id\":\"https:\/\/www.christiegrey.com\/#\/schema\/logo\/image\/\"},\"sameAs\":[\"https:\/\/www.facebook.com\/christieandgreylimited\",\"https:\/\/x.com\/christiegreyltd\"]}]}<\/script>\n<!-- \/ Yoast SEO plugin. -->","yoast_head_json":{"title":"Fixa\u00e7\u00f5es de mola abertas e restritas para vibra\u00e7\u00e3o de baixa frequ\u00eancia","description":"Molas Abertas Restringidas reduzem vibra\u00e7\u00f5es de baixa frequ\u00eancia enquanto limitam o movimento vertical, ideais para resfriadores, torres de resfriamento e instala\u00e7\u00f5es de equipamentos em telhados.","robots":{"index":"index","follow":"follow","max-snippet":"max-snippet:-1","max-image-preview":"max-image-preview:large","max-video-preview":"max-video-preview:-1"},"canonical":"https:\/\/www.christiegrey.com\/pt-pt\/produto\/molas-abertas-restringidas\/","og_locale":"pt_PT","og_type":"article","og_title":"Fixa\u00e7\u00f5es de mola abertas e restritas para vibra\u00e7\u00e3o de baixa frequ\u00eancia","og_description":"Molas Abertas Restringidas reduzem vibra\u00e7\u00f5es de baixa frequ\u00eancia enquanto limitam o movimento vertical, ideais para resfriadores, torres de resfriamento e instala\u00e7\u00f5es de equipamentos em telhados.","og_url":"https:\/\/www.christiegrey.com\/pt-pt\/produto\/molas-abertas-restringidas\/","article_publisher":"https:\/\/www.facebook.com\/christieandgreylimited","article_modified_time":"2026-01-30T21:53:12+00:00","og_image":[{"width":365,"height":365,"url":"https:\/\/www.christiegrey.com\/wp-content\/uploads\/2025\/12\/new_ors3_blue_365_365.jpg","type":"image\/jpeg"}],"twitter_card":"summary_large_image","twitter_site":"@christiegreyltd","twitter_misc":{"Tempo estimado de leitura":"1 minuto"},"schema":{"@context":"https:\/\/schema.org","@graph":[{"@type":"WebPage","@id":"https:\/\/www.christiegrey.com\/pt-pt\/produto\/molas-abertas-restringidas\/","url":"https:\/\/www.christiegrey.com\/pt-pt\/produto\/molas-abertas-restringidas\/","name":"Fixa\u00e7\u00f5es de mola abertas e restritas para vibra\u00e7\u00e3o de baixa frequ\u00eancia","isPartOf":{"@id":"https:\/\/www.christiegrey.com\/#website"},"primaryImageOfPage":{"@id":"https:\/\/www.christiegrey.com\/pt-pt\/produto\/molas-abertas-restringidas\/#primaryimage"},"image":{"@id":"https:\/\/www.christiegrey.com\/pt-pt\/produto\/molas-abertas-restringidas\/#primaryimage"},"thumbnailUrl":"https:\/\/www.christiegrey.com\/wp-content\/uploads\/2025\/12\/new_ors3_blue_365_365.jpg","datePublished":"2025-12-25T13:58:49+00:00","dateModified":"2026-01-30T21:53:12+00:00","description":"Molas Abertas Restringidas reduzem vibra\u00e7\u00f5es de baixa frequ\u00eancia enquanto limitam o movimento vertical, ideais para resfriadores, torres de resfriamento e instala\u00e7\u00f5es de equipamentos em telhados.","breadcrumb":{"@id":"https:\/\/www.christiegrey.com\/pt-pt\/produto\/molas-abertas-restringidas\/#breadcrumb"},"inLanguage":"pt-PT","potentialAction":[{"@type":"ReadAction","target":["https:\/\/www.christiegrey.com\/pt-pt\/produto\/molas-abertas-restringidas\/"]}]},{"@type":"ImageObject","inLanguage":"pt-PT","@id":"https:\/\/www.christiegrey.com\/pt-pt\/produto\/molas-abertas-restringidas\/#primaryimage","url":"https:\/\/www.christiegrey.com\/wp-content\/uploads\/2025\/12\/new_ors3_blue_365_365.jpg","contentUrl":"https:\/\/www.christiegrey.com\/wp-content\/uploads\/2025\/12\/new_ors3_blue_365_365.jpg","width":365,"height":365,"caption":"ORS25\/ORS50 open restrained spring mountings"},{"@type":"BreadcrumbList","@id":"https:\/\/www.christiegrey.com\/pt-pt\/produto\/molas-abertas-restringidas\/#breadcrumb","itemListElement":[{"@type":"ListItem","position":1,"name":"Casa","item":"https:\/\/www.christiegrey.com\/"},{"@type":"ListItem","position":2,"name":"Nossos Produtos","item":"https:\/\/www.christiegrey.com\/pt-pt\/loja\/"},{"@type":"ListItem","position":3,"name":"Molas Abertas Restringidas"}]},{"@type":"WebSite","@id":"https:\/\/www.christiegrey.com\/#website","url":"https:\/\/www.christiegrey.com\/","name":"Christie & Grey","description":"","publisher":{"@id":"https:\/\/www.christiegrey.com\/#organization"},"potentialAction":[{"@type":"SearchAction","target":{"@type":"EntryPoint","urlTemplate":"https:\/\/www.christiegrey.com\/?s={search_term_string}"},"query-input":{"@type":"PropertyValueSpecification","valueRequired":true,"valueName":"search_term_string"}}],"inLanguage":"pt-PT"},{"@type":"Organization","@id":"https:\/\/www.christiegrey.com\/#organization","name":"Christie & Grey","url":"https:\/\/www.christiegrey.com\/","logo":{"@type":"ImageObject","inLanguage":"pt-PT","@id":"https:\/\/www.christiegrey.com\/#\/schema\/logo\/image\/","url":"https:\/\/www.christiegrey.com\/wp-content\/uploads\/2026\/02\/cropped-logo-scaled-1.png","contentUrl":"https:\/\/www.christiegrey.com\/wp-content\/uploads\/2026\/02\/cropped-logo-scaled-1.png","width":250,"height":90,"caption":"Christie & Grey"},"image":{"@id":"https:\/\/www.christiegrey.com\/#\/schema\/logo\/image\/"},"sameAs":["https:\/\/www.facebook.com\/christieandgreylimited","https:\/\/x.com\/christiegreyltd"]}]}},"_links":{"self":[{"href":"https:\/\/www.christiegrey.com\/pt-pt\/wp-json\/wp\/v2\/product\/4425","targetHints":{"allow":["GET"]}}],"collection":[{"href":"https:\/\/www.christiegrey.com\/pt-pt\/wp-json\/wp\/v2\/product"}],"about":[{"href":"https:\/\/www.christiegrey.com\/pt-pt\/wp-json\/wp\/v2\/types\/product"}],"replies":[{"embeddable":true,"href":"https:\/\/www.christiegrey.com\/pt-pt\/wp-json\/wp\/v2\/comments?post=4425"}],"wp:featuredmedia":[{"embeddable":true,"href":"https:\/\/www.christiegrey.com\/pt-pt\/wp-json\/wp\/v2\/media\/1042"}],"wp:attachment":[{"href":"https:\/\/www.christiegrey.com\/pt-pt\/wp-json\/wp\/v2\/media?parent=4425"}],"wp:term":[{"taxonomy":"product_brand","embeddable":true,"href":"https:\/\/www.christiegrey.com\/pt-pt\/wp-json\/wp\/v2\/product_brand?post=4425"},{"taxonomy":"product_cat","embeddable":true,"href":"https:\/\/www.christiegrey.com\/pt-pt\/wp-json\/wp\/v2\/product_cat?post=4425"},{"taxonomy":"product_tag","embeddable":true,"href":"https:\/\/www.christiegrey.com\/pt-pt\/wp-json\/wp\/v2\/product_tag?post=4425"}],"curies":[{"name":"wp","href":"https:\/\/api.w.org\/{rel}","templated":true}]}}