{"id":4408,"date":"2025-12-25T14:04:33","date_gmt":"2025-12-25T14:04:33","guid":{"rendered":"https:\/\/www.christiegrey.com\/product\/montagem-pequena-de-borracha\/"},"modified":"2025-12-25T14:04:33","modified_gmt":"2025-12-25T14:04:33","slug":"montagem-pequena-de-borracha","status":"publish","type":"product","link":"https:\/\/www.christiegrey.com\/pt-pt\/produto\/montagem-pequena-de-borracha\/","title":{"rendered":"Montagem Pequena de Borracha"},"content":{"rendered":"<p>As montagens SRM s\u00e3o projetadas para aplica\u00e7\u00f5es leves que ainda exigem alto grau de atenua\u00e7\u00e3o de vibra\u00e7\u00e3o e ru\u00eddo em frequ\u00eancias m\u00e9dias a baixas.<\/p>\n<p>Borracha de alta resili\u00eancia com baixa rela\u00e7\u00e3o de rigidez din\u00e2mica para est\u00e1tica garante m\u00e1xima efici\u00eancia, bom desempenho de flu\u00eancia e longa vida \u00fatil.<\/p>\n<p>Essas montagens t\u00eam um perfil muito baixo, adequado para aplica\u00e7\u00f5es de altura restrita.<\/p>\n<p>Tamb\u00e9m \u00e9 adequado para isolamento de choque. Por exemplo, para proteger instrumentos, aparelhos de medi\u00e7\u00e3o, balan\u00e7as e outros equipamentos sens\u00edveis. <\/p>\n","protected":false},"excerpt":{"rendered":"<p>Tipo SRM<\/p>\n","protected":false},"featured_media":1046,"comment_status":"open","ping_status":"closed","template":"","meta":{"_acf_changed":false},"product_brand":[],"product_cat":[127,125,126],"product_tag":[],"class_list":{"0":"post-4408","1":"product","2":"type-product","3":"status-publish","4":"has-post-thumbnail","6":"product_cat-bombas-compressores-e-resfriadores","7":"product_cat-solucoes-industriais","8":"product_cat-ventiladores-e-unidades-de-tratamento-de-ar","10":"first","11":"instock","12":"shipping-taxable","13":"purchasable","14":"product-type-simple"},"acf":[],"yoast_head":"<!-- This site is optimized with the Yoast SEO plugin v27.0 - https:\/\/yoast.com\/product\/yoast-seo-wordpress\/ -->\n<title>Pequenas Suportes de Borracha (SRM) para Controle de Vibra\u00e7\u00e3o<\/title>\n<meta name=\"description\" content=\"As Pequenas Suportes de Borracha SRM da Christie &amp; Grey fornecem isolamento eficaz de vibra\u00e7\u00e3o, ru\u00eddo e choque de frequ\u00eancia m\u00e9dia a baixa para uso leve.\" \/>\n<meta name=\"robots\" content=\"index, follow, max-snippet:-1, max-image-preview:large, max-video-preview:-1\" \/>\n<link rel=\"canonical\" href=\"https:\/\/www.christiegrey.com\/pt-pt\/produto\/montagem-pequena-de-borracha\/\" \/>\n<meta property=\"og:locale\" content=\"pt_PT\" \/>\n<meta property=\"og:type\" content=\"article\" \/>\n<meta property=\"og:title\" content=\"Pequenas Suportes de Borracha (SRM) para Controle de Vibra\u00e7\u00e3o\" \/>\n<meta property=\"og:description\" content=\"As Pequenas Suportes de Borracha SRM da Christie &amp; Grey fornecem isolamento eficaz de vibra\u00e7\u00e3o, ru\u00eddo e choque de frequ\u00eancia m\u00e9dia a baixa para uso leve.\" \/>\n<meta property=\"og:url\" content=\"https:\/\/www.christiegrey.com\/pt-pt\/produto\/montagem-pequena-de-borracha\/\" \/>\n<meta property=\"article:publisher\" content=\"https:\/\/www.facebook.com\/christieandgreylimited\" \/>\n<meta property=\"og:image\" content=\"https:\/\/www.christiegrey.com\/wp-content\/uploads\/2025\/12\/swerub_365_365.jpg\" \/>\n\t<meta property=\"og:image:width\" content=\"365\" \/>\n\t<meta property=\"og:image:height\" content=\"365\" \/>\n\t<meta property=\"og:image:type\" content=\"image\/jpeg\" \/>\n<meta name=\"twitter:card\" content=\"summary_large_image\" \/>\n<meta name=\"twitter:site\" content=\"@christiegreyltd\" \/>\n<script type=\"application\/ld+json\" class=\"yoast-schema-graph\">{\"@context\":\"https:\/\/schema.org\",\"@graph\":[{\"@type\":\"WebPage\",\"@id\":\"https:\/\/www.christiegrey.com\/pt-pt\/produto\/montagem-pequena-de-borracha\/\",\"url\":\"https:\/\/www.christiegrey.com\/pt-pt\/produto\/montagem-pequena-de-borracha\/\",\"name\":\"Pequenas Suportes de Borracha (SRM) para Controle de Vibra\u00e7\u00e3o\",\"isPartOf\":{\"@id\":\"https:\/\/www.christiegrey.com\/#website\"},\"primaryImageOfPage\":{\"@id\":\"https:\/\/www.christiegrey.com\/pt-pt\/produto\/montagem-pequena-de-borracha\/#primaryimage\"},\"image\":{\"@id\":\"https:\/\/www.christiegrey.com\/pt-pt\/produto\/montagem-pequena-de-borracha\/#primaryimage\"},\"thumbnailUrl\":\"https:\/\/www.christiegrey.com\/wp-content\/uploads\/2025\/12\/swerub_365_365.jpg\",\"datePublished\":\"2025-12-25T14:04:33+00:00\",\"description\":\"As Pequenas Suportes de Borracha SRM da Christie & Grey fornecem isolamento eficaz de vibra\u00e7\u00e3o, ru\u00eddo e choque de frequ\u00eancia m\u00e9dia a baixa para uso leve.\",\"breadcrumb\":{\"@id\":\"https:\/\/www.christiegrey.com\/pt-pt\/produto\/montagem-pequena-de-borracha\/#breadcrumb\"},\"inLanguage\":\"pt-PT\",\"potentialAction\":[{\"@type\":\"ReadAction\",\"target\":[\"https:\/\/www.christiegrey.com\/pt-pt\/produto\/montagem-pequena-de-borracha\/\"]}]},{\"@type\":\"ImageObject\",\"inLanguage\":\"pt-PT\",\"@id\":\"https:\/\/www.christiegrey.com\/pt-pt\/produto\/montagem-pequena-de-borracha\/#primaryimage\",\"url\":\"https:\/\/www.christiegrey.com\/wp-content\/uploads\/2025\/12\/swerub_365_365.jpg\",\"contentUrl\":\"https:\/\/www.christiegrey.com\/wp-content\/uploads\/2025\/12\/swerub_365_365.jpg\",\"width\":365,\"height\":365,\"caption\":\"SRM small rubber mounting\"},{\"@type\":\"BreadcrumbList\",\"@id\":\"https:\/\/www.christiegrey.com\/pt-pt\/produto\/montagem-pequena-de-borracha\/#breadcrumb\",\"itemListElement\":[{\"@type\":\"ListItem\",\"position\":1,\"name\":\"Casa\",\"item\":\"https:\/\/www.christiegrey.com\/\"},{\"@type\":\"ListItem\",\"position\":2,\"name\":\"Nossos Produtos\",\"item\":\"https:\/\/www.christiegrey.com\/pt-pt\/loja\/\"},{\"@type\":\"ListItem\",\"position\":3,\"name\":\"Montagem Pequena de Borracha\"}]},{\"@type\":\"WebSite\",\"@id\":\"https:\/\/www.christiegrey.com\/#website\",\"url\":\"https:\/\/www.christiegrey.com\/\",\"name\":\"Christie & Grey\",\"description\":\"\",\"publisher\":{\"@id\":\"https:\/\/www.christiegrey.com\/#organization\"},\"potentialAction\":[{\"@type\":\"SearchAction\",\"target\":{\"@type\":\"EntryPoint\",\"urlTemplate\":\"https:\/\/www.christiegrey.com\/?s={search_term_string}\"},\"query-input\":{\"@type\":\"PropertyValueSpecification\",\"valueRequired\":true,\"valueName\":\"search_term_string\"}}],\"inLanguage\":\"pt-PT\"},{\"@type\":\"Organization\",\"@id\":\"https:\/\/www.christiegrey.com\/#organization\",\"name\":\"Christie & Grey\",\"url\":\"https:\/\/www.christiegrey.com\/\",\"logo\":{\"@type\":\"ImageObject\",\"inLanguage\":\"pt-PT\",\"@id\":\"https:\/\/www.christiegrey.com\/#\/schema\/logo\/image\/\",\"url\":\"https:\/\/www.christiegrey.com\/wp-content\/uploads\/2026\/02\/cropped-logo-scaled-1.png\",\"contentUrl\":\"https:\/\/www.christiegrey.com\/wp-content\/uploads\/2026\/02\/cropped-logo-scaled-1.png\",\"width\":250,\"height\":90,\"caption\":\"Christie & Grey\"},\"image\":{\"@id\":\"https:\/\/www.christiegrey.com\/#\/schema\/logo\/image\/\"},\"sameAs\":[\"https:\/\/www.facebook.com\/christieandgreylimited\",\"https:\/\/x.com\/christiegreyltd\"]}]}<\/script>\n<!-- \/ Yoast SEO plugin. -->","yoast_head_json":{"title":"Pequenas Suportes de Borracha (SRM) para Controle de Vibra\u00e7\u00e3o","description":"As Pequenas Suportes de Borracha SRM da Christie & Grey fornecem isolamento eficaz de vibra\u00e7\u00e3o, ru\u00eddo e choque de frequ\u00eancia m\u00e9dia a baixa para uso leve.","robots":{"index":"index","follow":"follow","max-snippet":"max-snippet:-1","max-image-preview":"max-image-preview:large","max-video-preview":"max-video-preview:-1"},"canonical":"https:\/\/www.christiegrey.com\/pt-pt\/produto\/montagem-pequena-de-borracha\/","og_locale":"pt_PT","og_type":"article","og_title":"Pequenas Suportes de Borracha (SRM) para Controle de Vibra\u00e7\u00e3o","og_description":"As Pequenas Suportes de Borracha SRM da Christie & Grey fornecem isolamento eficaz de vibra\u00e7\u00e3o, ru\u00eddo e choque de frequ\u00eancia m\u00e9dia a baixa para uso leve.","og_url":"https:\/\/www.christiegrey.com\/pt-pt\/produto\/montagem-pequena-de-borracha\/","article_publisher":"https:\/\/www.facebook.com\/christieandgreylimited","og_image":[{"width":365,"height":365,"url":"https:\/\/www.christiegrey.com\/wp-content\/uploads\/2025\/12\/swerub_365_365.jpg","type":"image\/jpeg"}],"twitter_card":"summary_large_image","twitter_site":"@christiegreyltd","schema":{"@context":"https:\/\/schema.org","@graph":[{"@type":"WebPage","@id":"https:\/\/www.christiegrey.com\/pt-pt\/produto\/montagem-pequena-de-borracha\/","url":"https:\/\/www.christiegrey.com\/pt-pt\/produto\/montagem-pequena-de-borracha\/","name":"Pequenas Suportes de Borracha (SRM) para Controle de Vibra\u00e7\u00e3o","isPartOf":{"@id":"https:\/\/www.christiegrey.com\/#website"},"primaryImageOfPage":{"@id":"https:\/\/www.christiegrey.com\/pt-pt\/produto\/montagem-pequena-de-borracha\/#primaryimage"},"image":{"@id":"https:\/\/www.christiegrey.com\/pt-pt\/produto\/montagem-pequena-de-borracha\/#primaryimage"},"thumbnailUrl":"https:\/\/www.christiegrey.com\/wp-content\/uploads\/2025\/12\/swerub_365_365.jpg","datePublished":"2025-12-25T14:04:33+00:00","description":"As Pequenas Suportes de Borracha SRM da Christie & Grey fornecem isolamento eficaz de vibra\u00e7\u00e3o, ru\u00eddo e choque de frequ\u00eancia m\u00e9dia a baixa para uso leve.","breadcrumb":{"@id":"https:\/\/www.christiegrey.com\/pt-pt\/produto\/montagem-pequena-de-borracha\/#breadcrumb"},"inLanguage":"pt-PT","potentialAction":[{"@type":"ReadAction","target":["https:\/\/www.christiegrey.com\/pt-pt\/produto\/montagem-pequena-de-borracha\/"]}]},{"@type":"ImageObject","inLanguage":"pt-PT","@id":"https:\/\/www.christiegrey.com\/pt-pt\/produto\/montagem-pequena-de-borracha\/#primaryimage","url":"https:\/\/www.christiegrey.com\/wp-content\/uploads\/2025\/12\/swerub_365_365.jpg","contentUrl":"https:\/\/www.christiegrey.com\/wp-content\/uploads\/2025\/12\/swerub_365_365.jpg","width":365,"height":365,"caption":"SRM small rubber mounting"},{"@type":"BreadcrumbList","@id":"https:\/\/www.christiegrey.com\/pt-pt\/produto\/montagem-pequena-de-borracha\/#breadcrumb","itemListElement":[{"@type":"ListItem","position":1,"name":"Casa","item":"https:\/\/www.christiegrey.com\/"},{"@type":"ListItem","position":2,"name":"Nossos Produtos","item":"https:\/\/www.christiegrey.com\/pt-pt\/loja\/"},{"@type":"ListItem","position":3,"name":"Montagem Pequena de Borracha"}]},{"@type":"WebSite","@id":"https:\/\/www.christiegrey.com\/#website","url":"https:\/\/www.christiegrey.com\/","name":"Christie & Grey","description":"","publisher":{"@id":"https:\/\/www.christiegrey.com\/#organization"},"potentialAction":[{"@type":"SearchAction","target":{"@type":"EntryPoint","urlTemplate":"https:\/\/www.christiegrey.com\/?s={search_term_string}"},"query-input":{"@type":"PropertyValueSpecification","valueRequired":true,"valueName":"search_term_string"}}],"inLanguage":"pt-PT"},{"@type":"Organization","@id":"https:\/\/www.christiegrey.com\/#organization","name":"Christie & Grey","url":"https:\/\/www.christiegrey.com\/","logo":{"@type":"ImageObject","inLanguage":"pt-PT","@id":"https:\/\/www.christiegrey.com\/#\/schema\/logo\/image\/","url":"https:\/\/www.christiegrey.com\/wp-content\/uploads\/2026\/02\/cropped-logo-scaled-1.png","contentUrl":"https:\/\/www.christiegrey.com\/wp-content\/uploads\/2026\/02\/cropped-logo-scaled-1.png","width":250,"height":90,"caption":"Christie & Grey"},"image":{"@id":"https:\/\/www.christiegrey.com\/#\/schema\/logo\/image\/"},"sameAs":["https:\/\/www.facebook.com\/christieandgreylimited","https:\/\/x.com\/christiegreyltd"]}]}},"_links":{"self":[{"href":"https:\/\/www.christiegrey.com\/pt-pt\/wp-json\/wp\/v2\/product\/4408","targetHints":{"allow":["GET"]}}],"collection":[{"href":"https:\/\/www.christiegrey.com\/pt-pt\/wp-json\/wp\/v2\/product"}],"about":[{"href":"https:\/\/www.christiegrey.com\/pt-pt\/wp-json\/wp\/v2\/types\/product"}],"replies":[{"embeddable":true,"href":"https:\/\/www.christiegrey.com\/pt-pt\/wp-json\/wp\/v2\/comments?post=4408"}],"wp:featuredmedia":[{"embeddable":true,"href":"https:\/\/www.christiegrey.com\/pt-pt\/wp-json\/wp\/v2\/media\/1046"}],"wp:attachment":[{"href":"https:\/\/www.christiegrey.com\/pt-pt\/wp-json\/wp\/v2\/media?parent=4408"}],"wp:term":[{"taxonomy":"product_brand","embeddable":true,"href":"https:\/\/www.christiegrey.com\/pt-pt\/wp-json\/wp\/v2\/product_brand?post=4408"},{"taxonomy":"product_cat","embeddable":true,"href":"https:\/\/www.christiegrey.com\/pt-pt\/wp-json\/wp\/v2\/product_cat?post=4408"},{"taxonomy":"product_tag","embeddable":true,"href":"https:\/\/www.christiegrey.com\/pt-pt\/wp-json\/wp\/v2\/product_tag?post=4408"}],"curies":[{"name":"wp","href":"https:\/\/api.w.org\/{rel}","templated":true}]}}