{"id":4395,"date":"2025-12-25T11:29:49","date_gmt":"2025-12-25T11:29:49","guid":{"rendered":"https:\/\/www.christiegrey.com\/product\/isolador-de-unidade-de-mola-de-aco\/"},"modified":"2025-12-25T11:29:49","modified_gmt":"2025-12-25T11:29:49","slug":"isolador-de-unidade-de-mola-de-aco","status":"publish","type":"product","link":"https:\/\/www.christiegrey.com\/pt-pt\/produto\/isolador-de-unidade-de-mola-de-aco\/","title":{"rendered":"Isolador de Unidade de Mola de A\u00e7o"},"content":{"rendered":"<p>Trabalhando sob condi\u00e7\u00f5es extremamente rigorosas em todo o mundo, esses isoladores de molas de a\u00e7o ajust\u00e1veis t\u00eam se mostrado excepcionalmente eficazes no controle de vibra\u00e7\u00f5es, ru\u00eddo estrutural e choques.<\/p>\n<p>Eles s\u00e3o fabricados em um grande n\u00famero de tamanhos para que os requisitos precisos de carga e frequ\u00eancia possam ser atendidos e sejam adequados para o isolamento de uma ampla gama de m\u00e1quinas.<\/p>\n<p>Os tipos de isoladores ODL e ODS s\u00e3o semelhantes em design e constru\u00e7\u00e3o, mas suas capacidades de carga e caracter\u00edsticas de isolamento variam.<\/p>\n<p>As molas helicoidais de a\u00e7o est\u00e3o contidas nas pe\u00e7as fundidas superior e inferior de SG Iron dos isoladores.<\/p>\n","protected":false},"excerpt":{"rendered":"<p>Tipo ODL, ODS<\/p>\n","protected":false},"featured_media":1001,"comment_status":"open","ping_status":"closed","template":"","meta":{"_acf_changed":false},"product_brand":[],"product_cat":[143,127,125,142],"product_tag":[],"class_list":{"0":"post-4395","1":"product","2":"type-product","3":"status-publish","4":"has-post-thumbnail","6":"product_cat-auxiliares-maritimos","7":"product_cat-bombas-compressores-e-resfriadores","8":"product_cat-solucoes-industriais","9":"product_cat-solucoes-marinhas-e-offshore","11":"first","12":"instock","13":"shipping-taxable","14":"purchasable","15":"product-type-simple"},"acf":[],"yoast_head":"<!-- This site is optimized with the Yoast SEO plugin v27.0 - https:\/\/yoast.com\/product\/yoast-seo-wordpress\/ -->\n<title>Isoladores de Unidade de Mola de A\u00e7o ODL &amp; ODS \u2013 Controle de Vibra\u00e7\u00e3o e Ru\u00eddo<\/title>\n<meta name=\"description\" content=\"Isoladores de Unidade de Mola de A\u00e7o ODL e ODS controlam vibra\u00e7\u00e3o, ru\u00eddo estrutural e choque para m\u00e1quinas, com cargas ajust\u00e1veis e ajuste preciso de frequ\u00eancia.\" \/>\n<meta name=\"robots\" content=\"index, follow, max-snippet:-1, max-image-preview:large, max-video-preview:-1\" \/>\n<link rel=\"canonical\" href=\"https:\/\/www.christiegrey.com\/pt-pt\/produto\/isolador-de-unidade-de-mola-de-aco\/\" \/>\n<meta property=\"og:locale\" content=\"pt_PT\" \/>\n<meta property=\"og:type\" content=\"article\" \/>\n<meta property=\"og:title\" content=\"Isoladores de Unidade de Mola de A\u00e7o ODL &amp; ODS \u2013 Controle de Vibra\u00e7\u00e3o e Ru\u00eddo\" \/>\n<meta property=\"og:description\" content=\"Isoladores de Unidade de Mola de A\u00e7o ODL e ODS controlam vibra\u00e7\u00e3o, ru\u00eddo estrutural e choque para m\u00e1quinas, com cargas ajust\u00e1veis e ajuste preciso de frequ\u00eancia.\" \/>\n<meta property=\"og:url\" content=\"https:\/\/www.christiegrey.com\/pt-pt\/produto\/isolador-de-unidade-de-mola-de-aco\/\" \/>\n<meta property=\"article:publisher\" content=\"https:\/\/www.facebook.com\/christieandgreylimited\" \/>\n<meta property=\"og:image\" content=\"https:\/\/www.christiegrey.com\/wp-content\/uploads\/2025\/12\/odl_ods.png\" \/>\n\t<meta property=\"og:image:width\" content=\"300\" \/>\n\t<meta property=\"og:image:height\" content=\"300\" \/>\n\t<meta property=\"og:image:type\" content=\"image\/png\" \/>\n<meta name=\"twitter:card\" content=\"summary_large_image\" \/>\n<meta name=\"twitter:site\" content=\"@christiegreyltd\" \/>\n<meta name=\"twitter:label1\" content=\"Tempo estimado de leitura\" \/>\n\t<meta name=\"twitter:data1\" content=\"1 minuto\" \/>\n<script type=\"application\/ld+json\" class=\"yoast-schema-graph\">{\"@context\":\"https:\/\/schema.org\",\"@graph\":[{\"@type\":\"WebPage\",\"@id\":\"https:\/\/www.christiegrey.com\/pt-pt\/produto\/isolador-de-unidade-de-mola-de-aco\/\",\"url\":\"https:\/\/www.christiegrey.com\/pt-pt\/produto\/isolador-de-unidade-de-mola-de-aco\/\",\"name\":\"Isoladores de Unidade de Mola de A\u00e7o ODL & ODS \u2013 Controle de Vibra\u00e7\u00e3o e Ru\u00eddo\",\"isPartOf\":{\"@id\":\"https:\/\/www.christiegrey.com\/#website\"},\"primaryImageOfPage\":{\"@id\":\"https:\/\/www.christiegrey.com\/pt-pt\/produto\/isolador-de-unidade-de-mola-de-aco\/#primaryimage\"},\"image\":{\"@id\":\"https:\/\/www.christiegrey.com\/pt-pt\/produto\/isolador-de-unidade-de-mola-de-aco\/#primaryimage\"},\"thumbnailUrl\":\"https:\/\/www.christiegrey.com\/wp-content\/uploads\/2025\/12\/odl_ods.png\",\"datePublished\":\"2025-12-25T11:29:49+00:00\",\"description\":\"Isoladores de Unidade de Mola de A\u00e7o ODL e ODS controlam vibra\u00e7\u00e3o, ru\u00eddo estrutural e choque para m\u00e1quinas, com cargas ajust\u00e1veis e ajuste preciso de frequ\u00eancia.\",\"breadcrumb\":{\"@id\":\"https:\/\/www.christiegrey.com\/pt-pt\/produto\/isolador-de-unidade-de-mola-de-aco\/#breadcrumb\"},\"inLanguage\":\"pt-PT\",\"potentialAction\":[{\"@type\":\"ReadAction\",\"target\":[\"https:\/\/www.christiegrey.com\/pt-pt\/produto\/isolador-de-unidade-de-mola-de-aco\/\"]}]},{\"@type\":\"ImageObject\",\"inLanguage\":\"pt-PT\",\"@id\":\"https:\/\/www.christiegrey.com\/pt-pt\/produto\/isolador-de-unidade-de-mola-de-aco\/#primaryimage\",\"url\":\"https:\/\/www.christiegrey.com\/wp-content\/uploads\/2025\/12\/odl_ods.png\",\"contentUrl\":\"https:\/\/www.christiegrey.com\/wp-content\/uploads\/2025\/12\/odl_ods.png\",\"width\":300,\"height\":300,\"caption\":\"Steel Spring Unit Isolator\"},{\"@type\":\"BreadcrumbList\",\"@id\":\"https:\/\/www.christiegrey.com\/pt-pt\/produto\/isolador-de-unidade-de-mola-de-aco\/#breadcrumb\",\"itemListElement\":[{\"@type\":\"ListItem\",\"position\":1,\"name\":\"Casa\",\"item\":\"https:\/\/www.christiegrey.com\/\"},{\"@type\":\"ListItem\",\"position\":2,\"name\":\"Nossos Produtos\",\"item\":\"https:\/\/www.christiegrey.com\/pt-pt\/loja\/\"},{\"@type\":\"ListItem\",\"position\":3,\"name\":\"Isolador de Unidade de Mola de A\u00e7o\"}]},{\"@type\":\"WebSite\",\"@id\":\"https:\/\/www.christiegrey.com\/#website\",\"url\":\"https:\/\/www.christiegrey.com\/\",\"name\":\"Christie & Grey\",\"description\":\"\",\"publisher\":{\"@id\":\"https:\/\/www.christiegrey.com\/#organization\"},\"potentialAction\":[{\"@type\":\"SearchAction\",\"target\":{\"@type\":\"EntryPoint\",\"urlTemplate\":\"https:\/\/www.christiegrey.com\/?s={search_term_string}\"},\"query-input\":{\"@type\":\"PropertyValueSpecification\",\"valueRequired\":true,\"valueName\":\"search_term_string\"}}],\"inLanguage\":\"pt-PT\"},{\"@type\":\"Organization\",\"@id\":\"https:\/\/www.christiegrey.com\/#organization\",\"name\":\"Christie & Grey\",\"url\":\"https:\/\/www.christiegrey.com\/\",\"logo\":{\"@type\":\"ImageObject\",\"inLanguage\":\"pt-PT\",\"@id\":\"https:\/\/www.christiegrey.com\/#\/schema\/logo\/image\/\",\"url\":\"https:\/\/www.christiegrey.com\/wp-content\/uploads\/2026\/02\/cropped-logo-scaled-1.png\",\"contentUrl\":\"https:\/\/www.christiegrey.com\/wp-content\/uploads\/2026\/02\/cropped-logo-scaled-1.png\",\"width\":250,\"height\":90,\"caption\":\"Christie & Grey\"},\"image\":{\"@id\":\"https:\/\/www.christiegrey.com\/#\/schema\/logo\/image\/\"},\"sameAs\":[\"https:\/\/www.facebook.com\/christieandgreylimited\",\"https:\/\/x.com\/christiegreyltd\"]}]}<\/script>\n<!-- \/ Yoast SEO plugin. -->","yoast_head_json":{"title":"Isoladores de Unidade de Mola de A\u00e7o ODL & ODS \u2013 Controle de Vibra\u00e7\u00e3o e Ru\u00eddo","description":"Isoladores de Unidade de Mola de A\u00e7o ODL e ODS controlam vibra\u00e7\u00e3o, ru\u00eddo estrutural e choque para m\u00e1quinas, com cargas ajust\u00e1veis e ajuste preciso de frequ\u00eancia.","robots":{"index":"index","follow":"follow","max-snippet":"max-snippet:-1","max-image-preview":"max-image-preview:large","max-video-preview":"max-video-preview:-1"},"canonical":"https:\/\/www.christiegrey.com\/pt-pt\/produto\/isolador-de-unidade-de-mola-de-aco\/","og_locale":"pt_PT","og_type":"article","og_title":"Isoladores de Unidade de Mola de A\u00e7o ODL & ODS \u2013 Controle de Vibra\u00e7\u00e3o e Ru\u00eddo","og_description":"Isoladores de Unidade de Mola de A\u00e7o ODL e ODS controlam vibra\u00e7\u00e3o, ru\u00eddo estrutural e choque para m\u00e1quinas, com cargas ajust\u00e1veis e ajuste preciso de frequ\u00eancia.","og_url":"https:\/\/www.christiegrey.com\/pt-pt\/produto\/isolador-de-unidade-de-mola-de-aco\/","article_publisher":"https:\/\/www.facebook.com\/christieandgreylimited","og_image":[{"width":300,"height":300,"url":"https:\/\/www.christiegrey.com\/wp-content\/uploads\/2025\/12\/odl_ods.png","type":"image\/png"}],"twitter_card":"summary_large_image","twitter_site":"@christiegreyltd","twitter_misc":{"Tempo estimado de leitura":"1 minuto"},"schema":{"@context":"https:\/\/schema.org","@graph":[{"@type":"WebPage","@id":"https:\/\/www.christiegrey.com\/pt-pt\/produto\/isolador-de-unidade-de-mola-de-aco\/","url":"https:\/\/www.christiegrey.com\/pt-pt\/produto\/isolador-de-unidade-de-mola-de-aco\/","name":"Isoladores de Unidade de Mola de A\u00e7o ODL & ODS \u2013 Controle de Vibra\u00e7\u00e3o e Ru\u00eddo","isPartOf":{"@id":"https:\/\/www.christiegrey.com\/#website"},"primaryImageOfPage":{"@id":"https:\/\/www.christiegrey.com\/pt-pt\/produto\/isolador-de-unidade-de-mola-de-aco\/#primaryimage"},"image":{"@id":"https:\/\/www.christiegrey.com\/pt-pt\/produto\/isolador-de-unidade-de-mola-de-aco\/#primaryimage"},"thumbnailUrl":"https:\/\/www.christiegrey.com\/wp-content\/uploads\/2025\/12\/odl_ods.png","datePublished":"2025-12-25T11:29:49+00:00","description":"Isoladores de Unidade de Mola de A\u00e7o ODL e ODS controlam vibra\u00e7\u00e3o, ru\u00eddo estrutural e choque para m\u00e1quinas, com cargas ajust\u00e1veis e ajuste preciso de frequ\u00eancia.","breadcrumb":{"@id":"https:\/\/www.christiegrey.com\/pt-pt\/produto\/isolador-de-unidade-de-mola-de-aco\/#breadcrumb"},"inLanguage":"pt-PT","potentialAction":[{"@type":"ReadAction","target":["https:\/\/www.christiegrey.com\/pt-pt\/produto\/isolador-de-unidade-de-mola-de-aco\/"]}]},{"@type":"ImageObject","inLanguage":"pt-PT","@id":"https:\/\/www.christiegrey.com\/pt-pt\/produto\/isolador-de-unidade-de-mola-de-aco\/#primaryimage","url":"https:\/\/www.christiegrey.com\/wp-content\/uploads\/2025\/12\/odl_ods.png","contentUrl":"https:\/\/www.christiegrey.com\/wp-content\/uploads\/2025\/12\/odl_ods.png","width":300,"height":300,"caption":"Steel Spring Unit Isolator"},{"@type":"BreadcrumbList","@id":"https:\/\/www.christiegrey.com\/pt-pt\/produto\/isolador-de-unidade-de-mola-de-aco\/#breadcrumb","itemListElement":[{"@type":"ListItem","position":1,"name":"Casa","item":"https:\/\/www.christiegrey.com\/"},{"@type":"ListItem","position":2,"name":"Nossos Produtos","item":"https:\/\/www.christiegrey.com\/pt-pt\/loja\/"},{"@type":"ListItem","position":3,"name":"Isolador de Unidade de Mola de A\u00e7o"}]},{"@type":"WebSite","@id":"https:\/\/www.christiegrey.com\/#website","url":"https:\/\/www.christiegrey.com\/","name":"Christie & Grey","description":"","publisher":{"@id":"https:\/\/www.christiegrey.com\/#organization"},"potentialAction":[{"@type":"SearchAction","target":{"@type":"EntryPoint","urlTemplate":"https:\/\/www.christiegrey.com\/?s={search_term_string}"},"query-input":{"@type":"PropertyValueSpecification","valueRequired":true,"valueName":"search_term_string"}}],"inLanguage":"pt-PT"},{"@type":"Organization","@id":"https:\/\/www.christiegrey.com\/#organization","name":"Christie & Grey","url":"https:\/\/www.christiegrey.com\/","logo":{"@type":"ImageObject","inLanguage":"pt-PT","@id":"https:\/\/www.christiegrey.com\/#\/schema\/logo\/image\/","url":"https:\/\/www.christiegrey.com\/wp-content\/uploads\/2026\/02\/cropped-logo-scaled-1.png","contentUrl":"https:\/\/www.christiegrey.com\/wp-content\/uploads\/2026\/02\/cropped-logo-scaled-1.png","width":250,"height":90,"caption":"Christie & Grey"},"image":{"@id":"https:\/\/www.christiegrey.com\/#\/schema\/logo\/image\/"},"sameAs":["https:\/\/www.facebook.com\/christieandgreylimited","https:\/\/x.com\/christiegreyltd"]}]}},"_links":{"self":[{"href":"https:\/\/www.christiegrey.com\/pt-pt\/wp-json\/wp\/v2\/product\/4395","targetHints":{"allow":["GET"]}}],"collection":[{"href":"https:\/\/www.christiegrey.com\/pt-pt\/wp-json\/wp\/v2\/product"}],"about":[{"href":"https:\/\/www.christiegrey.com\/pt-pt\/wp-json\/wp\/v2\/types\/product"}],"replies":[{"embeddable":true,"href":"https:\/\/www.christiegrey.com\/pt-pt\/wp-json\/wp\/v2\/comments?post=4395"}],"wp:featuredmedia":[{"embeddable":true,"href":"https:\/\/www.christiegrey.com\/pt-pt\/wp-json\/wp\/v2\/media\/1001"}],"wp:attachment":[{"href":"https:\/\/www.christiegrey.com\/pt-pt\/wp-json\/wp\/v2\/media?parent=4395"}],"wp:term":[{"taxonomy":"product_brand","embeddable":true,"href":"https:\/\/www.christiegrey.com\/pt-pt\/wp-json\/wp\/v2\/product_brand?post=4395"},{"taxonomy":"product_cat","embeddable":true,"href":"https:\/\/www.christiegrey.com\/pt-pt\/wp-json\/wp\/v2\/product_cat?post=4395"},{"taxonomy":"product_tag","embeddable":true,"href":"https:\/\/www.christiegrey.com\/pt-pt\/wp-json\/wp\/v2\/product_tag?post=4395"}],"curies":[{"name":"wp","href":"https:\/\/api.w.org\/{rel}","templated":true}]}}