{"id":4382,"date":"2025-12-25T11:26:44","date_gmt":"2025-12-25T11:26:44","guid":{"rendered":"https:\/\/www.christiegrey.com\/product\/montagens-retangulares-em-sanduiche\/"},"modified":"2025-12-25T11:26:44","modified_gmt":"2025-12-25T11:26:44","slug":"montagens-retangulares-em-sanduiche","status":"publish","type":"product","link":"https:\/\/www.christiegrey.com\/pt-pt\/produto\/montagens-retangulares-em-sanduiche\/","title":{"rendered":"Montagens Retangulares em Sandu\u00edche"},"content":{"rendered":"<p>Suportes retangulares, tamb\u00e9m conhecidos como montagens sandu\u00edche, s\u00e3o amplamente usados para montar motores em ve\u00edculos rodovi\u00e1rios e em instala\u00e7\u00f5es m\u00f3veis de constru\u00e7\u00e3o. Nos tamanhos maiores, s\u00e3o usados como molas de suspens\u00e3o para ve\u00edculos e como suportes para c\u00e2maras ac\u00fasticas, funis e v\u00e1rios tipos de instala\u00e7\u00e3o pesada de plantas. <\/p>\n<p>A borracha nas montagens \u00e9 ligada entre duas placas met\u00e1licas com furos em cada extremidade para encaixe. Alguns projetos incorporam entrela\u00e7adas de a\u00e7o para aumentar a capacidade de carga. As montagens s\u00e3o melhores para cisalhamento e compress\u00e3o, mas podem ser carregadas diretamente em cisalhamento ou compress\u00e3o.  <\/p>\n","protected":false},"excerpt":{"rendered":"<p>Para Aplica\u00e7\u00f5es Industriais, Marinhas e M\u00f3veis<\/p>\n","protected":false},"featured_media":992,"comment_status":"open","ping_status":"closed","template":"","meta":{"_acf_changed":false},"product_brand":[],"product_cat":[143,148,125,142],"product_tag":[],"class_list":{"0":"post-4382","1":"product","2":"type-product","3":"status-publish","4":"has-post-thumbnail","6":"product_cat-auxiliares-maritimos","7":"product_cat-outros-equipamentos-industriais","8":"product_cat-solucoes-industriais","9":"product_cat-solucoes-marinhas-e-offshore","11":"first","12":"instock","13":"shipping-taxable","14":"purchasable","15":"product-type-simple"},"acf":[],"yoast_head":"<!-- This site is optimized with the Yoast SEO plugin v27.0 - https:\/\/yoast.com\/product\/yoast-seo-wordpress\/ -->\n<title>Montagens retangulares em sandu\u00edche \u2013 Isolamento de vibra\u00e7\u00e3o m\u00f3vel<\/title>\n<meta name=\"description\" content=\"Suportes retangulares em sandu\u00edche isolam vibra\u00e7\u00f5es em motores, plantas pesadas e c\u00e2maras ac\u00fasticas, com placas de borracha e metal coladas para uso industrial e mar\u00edtimo.\" \/>\n<meta name=\"robots\" content=\"index, follow, max-snippet:-1, max-image-preview:large, max-video-preview:-1\" \/>\n<link rel=\"canonical\" href=\"https:\/\/www.christiegrey.com\/pt-pt\/produto\/montagens-retangulares-em-sanduiche\/\" \/>\n<meta property=\"og:locale\" content=\"pt_PT\" \/>\n<meta property=\"og:type\" content=\"article\" \/>\n<meta property=\"og:title\" content=\"Montagens retangulares em sandu\u00edche \u2013 Isolamento de vibra\u00e7\u00e3o m\u00f3vel\" \/>\n<meta property=\"og:description\" content=\"Suportes retangulares em sandu\u00edche isolam vibra\u00e7\u00f5es em motores, plantas pesadas e c\u00e2maras ac\u00fasticas, com placas de borracha e metal coladas para uso industrial e mar\u00edtimo.\" \/>\n<meta property=\"og:url\" content=\"https:\/\/www.christiegrey.com\/pt-pt\/produto\/montagens-retangulares-em-sanduiche\/\" \/>\n<meta property=\"article:publisher\" content=\"https:\/\/www.facebook.com\/christieandgreylimited\" \/>\n<meta property=\"og:image\" content=\"https:\/\/www.christiegrey.com\/wp-content\/uploads\/2025\/12\/rectangular_sandwich.png\" \/>\n\t<meta property=\"og:image:width\" content=\"300\" \/>\n\t<meta property=\"og:image:height\" content=\"300\" \/>\n\t<meta property=\"og:image:type\" content=\"image\/png\" \/>\n<meta name=\"twitter:card\" content=\"summary_large_image\" \/>\n<meta name=\"twitter:site\" content=\"@christiegreyltd\" \/>\n<meta name=\"twitter:label1\" content=\"Tempo estimado de leitura\" \/>\n\t<meta name=\"twitter:data1\" content=\"1 minuto\" \/>\n<script type=\"application\/ld+json\" class=\"yoast-schema-graph\">{\"@context\":\"https:\/\/schema.org\",\"@graph\":[{\"@type\":\"WebPage\",\"@id\":\"https:\/\/www.christiegrey.com\/pt-pt\/produto\/montagens-retangulares-em-sanduiche\/\",\"url\":\"https:\/\/www.christiegrey.com\/pt-pt\/produto\/montagens-retangulares-em-sanduiche\/\",\"name\":\"Montagens retangulares em sandu\u00edche \u2013 Isolamento de vibra\u00e7\u00e3o m\u00f3vel\",\"isPartOf\":{\"@id\":\"https:\/\/www.christiegrey.com\/#website\"},\"primaryImageOfPage\":{\"@id\":\"https:\/\/www.christiegrey.com\/pt-pt\/produto\/montagens-retangulares-em-sanduiche\/#primaryimage\"},\"image\":{\"@id\":\"https:\/\/www.christiegrey.com\/pt-pt\/produto\/montagens-retangulares-em-sanduiche\/#primaryimage\"},\"thumbnailUrl\":\"https:\/\/www.christiegrey.com\/wp-content\/uploads\/2025\/12\/rectangular_sandwich.png\",\"datePublished\":\"2025-12-25T11:26:44+00:00\",\"description\":\"Suportes retangulares em sandu\u00edche isolam vibra\u00e7\u00f5es em motores, plantas pesadas e c\u00e2maras ac\u00fasticas, com placas de borracha e metal coladas para uso industrial e mar\u00edtimo.\",\"breadcrumb\":{\"@id\":\"https:\/\/www.christiegrey.com\/pt-pt\/produto\/montagens-retangulares-em-sanduiche\/#breadcrumb\"},\"inLanguage\":\"pt-PT\",\"potentialAction\":[{\"@type\":\"ReadAction\",\"target\":[\"https:\/\/www.christiegrey.com\/pt-pt\/produto\/montagens-retangulares-em-sanduiche\/\"]}]},{\"@type\":\"ImageObject\",\"inLanguage\":\"pt-PT\",\"@id\":\"https:\/\/www.christiegrey.com\/pt-pt\/produto\/montagens-retangulares-em-sanduiche\/#primaryimage\",\"url\":\"https:\/\/www.christiegrey.com\/wp-content\/uploads\/2025\/12\/rectangular_sandwich.png\",\"contentUrl\":\"https:\/\/www.christiegrey.com\/wp-content\/uploads\/2025\/12\/rectangular_sandwich.png\",\"width\":300,\"height\":300,\"caption\":\"rectangular-sandwich-mounts\"},{\"@type\":\"BreadcrumbList\",\"@id\":\"https:\/\/www.christiegrey.com\/pt-pt\/produto\/montagens-retangulares-em-sanduiche\/#breadcrumb\",\"itemListElement\":[{\"@type\":\"ListItem\",\"position\":1,\"name\":\"Casa\",\"item\":\"https:\/\/www.christiegrey.com\/\"},{\"@type\":\"ListItem\",\"position\":2,\"name\":\"Nossos Produtos\",\"item\":\"https:\/\/www.christiegrey.com\/pt-pt\/loja\/\"},{\"@type\":\"ListItem\",\"position\":3,\"name\":\"Montagens Retangulares em Sandu\u00edche\"}]},{\"@type\":\"WebSite\",\"@id\":\"https:\/\/www.christiegrey.com\/#website\",\"url\":\"https:\/\/www.christiegrey.com\/\",\"name\":\"Christie & Grey\",\"description\":\"\",\"publisher\":{\"@id\":\"https:\/\/www.christiegrey.com\/#organization\"},\"potentialAction\":[{\"@type\":\"SearchAction\",\"target\":{\"@type\":\"EntryPoint\",\"urlTemplate\":\"https:\/\/www.christiegrey.com\/?s={search_term_string}\"},\"query-input\":{\"@type\":\"PropertyValueSpecification\",\"valueRequired\":true,\"valueName\":\"search_term_string\"}}],\"inLanguage\":\"pt-PT\"},{\"@type\":\"Organization\",\"@id\":\"https:\/\/www.christiegrey.com\/#organization\",\"name\":\"Christie & Grey\",\"url\":\"https:\/\/www.christiegrey.com\/\",\"logo\":{\"@type\":\"ImageObject\",\"inLanguage\":\"pt-PT\",\"@id\":\"https:\/\/www.christiegrey.com\/#\/schema\/logo\/image\/\",\"url\":\"https:\/\/www.christiegrey.com\/wp-content\/uploads\/2026\/02\/cropped-logo-scaled-1.png\",\"contentUrl\":\"https:\/\/www.christiegrey.com\/wp-content\/uploads\/2026\/02\/cropped-logo-scaled-1.png\",\"width\":250,\"height\":90,\"caption\":\"Christie & Grey\"},\"image\":{\"@id\":\"https:\/\/www.christiegrey.com\/#\/schema\/logo\/image\/\"},\"sameAs\":[\"https:\/\/www.facebook.com\/christieandgreylimited\",\"https:\/\/x.com\/christiegreyltd\"]}]}<\/script>\n<!-- \/ Yoast SEO plugin. -->","yoast_head_json":{"title":"Montagens retangulares em sandu\u00edche \u2013 Isolamento de vibra\u00e7\u00e3o m\u00f3vel","description":"Suportes retangulares em sandu\u00edche isolam vibra\u00e7\u00f5es em motores, plantas pesadas e c\u00e2maras ac\u00fasticas, com placas de borracha e metal coladas para uso industrial e mar\u00edtimo.","robots":{"index":"index","follow":"follow","max-snippet":"max-snippet:-1","max-image-preview":"max-image-preview:large","max-video-preview":"max-video-preview:-1"},"canonical":"https:\/\/www.christiegrey.com\/pt-pt\/produto\/montagens-retangulares-em-sanduiche\/","og_locale":"pt_PT","og_type":"article","og_title":"Montagens retangulares em sandu\u00edche \u2013 Isolamento de vibra\u00e7\u00e3o m\u00f3vel","og_description":"Suportes retangulares em sandu\u00edche isolam vibra\u00e7\u00f5es em motores, plantas pesadas e c\u00e2maras ac\u00fasticas, com placas de borracha e metal coladas para uso industrial e mar\u00edtimo.","og_url":"https:\/\/www.christiegrey.com\/pt-pt\/produto\/montagens-retangulares-em-sanduiche\/","article_publisher":"https:\/\/www.facebook.com\/christieandgreylimited","og_image":[{"width":300,"height":300,"url":"https:\/\/www.christiegrey.com\/wp-content\/uploads\/2025\/12\/rectangular_sandwich.png","type":"image\/png"}],"twitter_card":"summary_large_image","twitter_site":"@christiegreyltd","twitter_misc":{"Tempo estimado de leitura":"1 minuto"},"schema":{"@context":"https:\/\/schema.org","@graph":[{"@type":"WebPage","@id":"https:\/\/www.christiegrey.com\/pt-pt\/produto\/montagens-retangulares-em-sanduiche\/","url":"https:\/\/www.christiegrey.com\/pt-pt\/produto\/montagens-retangulares-em-sanduiche\/","name":"Montagens retangulares em sandu\u00edche \u2013 Isolamento de vibra\u00e7\u00e3o m\u00f3vel","isPartOf":{"@id":"https:\/\/www.christiegrey.com\/#website"},"primaryImageOfPage":{"@id":"https:\/\/www.christiegrey.com\/pt-pt\/produto\/montagens-retangulares-em-sanduiche\/#primaryimage"},"image":{"@id":"https:\/\/www.christiegrey.com\/pt-pt\/produto\/montagens-retangulares-em-sanduiche\/#primaryimage"},"thumbnailUrl":"https:\/\/www.christiegrey.com\/wp-content\/uploads\/2025\/12\/rectangular_sandwich.png","datePublished":"2025-12-25T11:26:44+00:00","description":"Suportes retangulares em sandu\u00edche isolam vibra\u00e7\u00f5es em motores, plantas pesadas e c\u00e2maras ac\u00fasticas, com placas de borracha e metal coladas para uso industrial e mar\u00edtimo.","breadcrumb":{"@id":"https:\/\/www.christiegrey.com\/pt-pt\/produto\/montagens-retangulares-em-sanduiche\/#breadcrumb"},"inLanguage":"pt-PT","potentialAction":[{"@type":"ReadAction","target":["https:\/\/www.christiegrey.com\/pt-pt\/produto\/montagens-retangulares-em-sanduiche\/"]}]},{"@type":"ImageObject","inLanguage":"pt-PT","@id":"https:\/\/www.christiegrey.com\/pt-pt\/produto\/montagens-retangulares-em-sanduiche\/#primaryimage","url":"https:\/\/www.christiegrey.com\/wp-content\/uploads\/2025\/12\/rectangular_sandwich.png","contentUrl":"https:\/\/www.christiegrey.com\/wp-content\/uploads\/2025\/12\/rectangular_sandwich.png","width":300,"height":300,"caption":"rectangular-sandwich-mounts"},{"@type":"BreadcrumbList","@id":"https:\/\/www.christiegrey.com\/pt-pt\/produto\/montagens-retangulares-em-sanduiche\/#breadcrumb","itemListElement":[{"@type":"ListItem","position":1,"name":"Casa","item":"https:\/\/www.christiegrey.com\/"},{"@type":"ListItem","position":2,"name":"Nossos Produtos","item":"https:\/\/www.christiegrey.com\/pt-pt\/loja\/"},{"@type":"ListItem","position":3,"name":"Montagens Retangulares em Sandu\u00edche"}]},{"@type":"WebSite","@id":"https:\/\/www.christiegrey.com\/#website","url":"https:\/\/www.christiegrey.com\/","name":"Christie & Grey","description":"","publisher":{"@id":"https:\/\/www.christiegrey.com\/#organization"},"potentialAction":[{"@type":"SearchAction","target":{"@type":"EntryPoint","urlTemplate":"https:\/\/www.christiegrey.com\/?s={search_term_string}"},"query-input":{"@type":"PropertyValueSpecification","valueRequired":true,"valueName":"search_term_string"}}],"inLanguage":"pt-PT"},{"@type":"Organization","@id":"https:\/\/www.christiegrey.com\/#organization","name":"Christie & Grey","url":"https:\/\/www.christiegrey.com\/","logo":{"@type":"ImageObject","inLanguage":"pt-PT","@id":"https:\/\/www.christiegrey.com\/#\/schema\/logo\/image\/","url":"https:\/\/www.christiegrey.com\/wp-content\/uploads\/2026\/02\/cropped-logo-scaled-1.png","contentUrl":"https:\/\/www.christiegrey.com\/wp-content\/uploads\/2026\/02\/cropped-logo-scaled-1.png","width":250,"height":90,"caption":"Christie & Grey"},"image":{"@id":"https:\/\/www.christiegrey.com\/#\/schema\/logo\/image\/"},"sameAs":["https:\/\/www.facebook.com\/christieandgreylimited","https:\/\/x.com\/christiegreyltd"]}]}},"_links":{"self":[{"href":"https:\/\/www.christiegrey.com\/pt-pt\/wp-json\/wp\/v2\/product\/4382","targetHints":{"allow":["GET"]}}],"collection":[{"href":"https:\/\/www.christiegrey.com\/pt-pt\/wp-json\/wp\/v2\/product"}],"about":[{"href":"https:\/\/www.christiegrey.com\/pt-pt\/wp-json\/wp\/v2\/types\/product"}],"replies":[{"embeddable":true,"href":"https:\/\/www.christiegrey.com\/pt-pt\/wp-json\/wp\/v2\/comments?post=4382"}],"wp:featuredmedia":[{"embeddable":true,"href":"https:\/\/www.christiegrey.com\/pt-pt\/wp-json\/wp\/v2\/media\/992"}],"wp:attachment":[{"href":"https:\/\/www.christiegrey.com\/pt-pt\/wp-json\/wp\/v2\/media?parent=4382"}],"wp:term":[{"taxonomy":"product_brand","embeddable":true,"href":"https:\/\/www.christiegrey.com\/pt-pt\/wp-json\/wp\/v2\/product_brand?post=4382"},{"taxonomy":"product_cat","embeddable":true,"href":"https:\/\/www.christiegrey.com\/pt-pt\/wp-json\/wp\/v2\/product_cat?post=4382"},{"taxonomy":"product_tag","embeddable":true,"href":"https:\/\/www.christiegrey.com\/pt-pt\/wp-json\/wp\/v2\/product_tag?post=4382"}],"curies":[{"name":"wp","href":"https:\/\/api.w.org\/{rel}","templated":true}]}}