{"id":4368,"date":"2025-12-25T11:23:04","date_gmt":"2025-12-25T11:23:04","guid":{"rendered":"https:\/\/www.christiegrey.com\/product\/fixacoes-de-torres-marinhas\/"},"modified":"2025-12-25T11:23:04","modified_gmt":"2025-12-25T11:23:04","slug":"fixacoes-de-torres-marinhas","status":"publish","type":"product","link":"https:\/\/www.christiegrey.com\/pt-pt\/produto\/fixacoes-de-torres-marinhas\/","title":{"rendered":"Fixa\u00e7\u00f5es de torres marinhas"},"content":{"rendered":"<p>As montagens de torres de borracha marinha do tipo MRM s\u00e3o projetadas para proporcionar atenua\u00e7\u00e3o superior de vibra\u00e7\u00f5es e ru\u00eddos de frequ\u00eancia m\u00e9dia a alta provenientes de uma ampla gama de m\u00e1quinas acionadas por motores, especialmente ventiladores axiais e centr\u00edfugos.<\/p>\n","protected":false},"excerpt":{"rendered":"<p>As montagens de torres de borracha marinha do tipo MRM s\u00e3o projetadas para proporcionar atenua\u00e7\u00e3o superior de vibra\u00e7\u00f5es e ru\u00eddos de frequ\u00eancia m\u00e9dia a alta provenientes de uma ampla gama de m\u00e1quinas acionadas por motores, especialmente ventiladores axiais e centr\u00edfugos.<\/p>\n","protected":false},"featured_media":983,"comment_status":"open","ping_status":"closed","template":"","meta":{"_acf_changed":false},"product_brand":[],"product_cat":[143,142],"product_tag":[],"class_list":{"0":"post-4368","1":"product","2":"type-product","3":"status-publish","4":"has-post-thumbnail","6":"product_cat-auxiliares-maritimos","7":"product_cat-solucoes-marinhas-e-offshore","9":"first","10":"instock","11":"shipping-taxable","12":"purchasable","13":"product-type-simple"},"acf":[],"yoast_head":"<!-- This site is optimized with the Yoast SEO plugin v27.0 - https:\/\/yoast.com\/product\/yoast-seo-wordpress\/ -->\n<title>Fixa\u00e7\u00f5es de torres de borracha marinha MRM \u2013 Christie Grey<\/title>\n<meta name=\"description\" content=\"As Fixa\u00e7\u00f5es de Torre de Borracha Marinha MRM reduzem vibra\u00e7\u00f5es e ru\u00eddos de frequ\u00eancia m\u00e9dia a alta provenientes de m\u00e1quinas acionadas por motor, incluindo ventiladores axiais e centr\u00edfugos.\" \/>\n<meta name=\"robots\" content=\"index, follow, max-snippet:-1, max-image-preview:large, max-video-preview:-1\" \/>\n<link rel=\"canonical\" href=\"https:\/\/www.christiegrey.com\/pt-pt\/produto\/fixacoes-de-torres-marinhas\/\" \/>\n<meta property=\"og:locale\" content=\"pt_PT\" \/>\n<meta property=\"og:type\" content=\"article\" \/>\n<meta property=\"og:title\" content=\"Fixa\u00e7\u00f5es de torres de borracha marinha MRM \u2013 Christie Grey\" \/>\n<meta property=\"og:description\" content=\"As Fixa\u00e7\u00f5es de Torre de Borracha Marinha MRM reduzem vibra\u00e7\u00f5es e ru\u00eddos de frequ\u00eancia m\u00e9dia a alta provenientes de m\u00e1quinas acionadas por motor, incluindo ventiladores axiais e centr\u00edfugos.\" \/>\n<meta property=\"og:url\" content=\"https:\/\/www.christiegrey.com\/pt-pt\/produto\/fixacoes-de-torres-marinhas\/\" \/>\n<meta property=\"article:publisher\" content=\"https:\/\/www.facebook.com\/christieandgreylimited\" \/>\n<meta property=\"og:image\" content=\"https:\/\/www.christiegrey.com\/wp-content\/uploads\/2025\/12\/marine_rubber_turret_365_x_365.jpg\" \/>\n\t<meta property=\"og:image:width\" content=\"365\" \/>\n\t<meta property=\"og:image:height\" content=\"365\" \/>\n\t<meta property=\"og:image:type\" content=\"image\/jpeg\" \/>\n<meta name=\"twitter:card\" content=\"summary_large_image\" \/>\n<meta name=\"twitter:site\" content=\"@christiegreyltd\" \/>\n<script type=\"application\/ld+json\" class=\"yoast-schema-graph\">{\"@context\":\"https:\/\/schema.org\",\"@graph\":[{\"@type\":\"WebPage\",\"@id\":\"https:\/\/www.christiegrey.com\/pt-pt\/produto\/fixacoes-de-torres-marinhas\/\",\"url\":\"https:\/\/www.christiegrey.com\/pt-pt\/produto\/fixacoes-de-torres-marinhas\/\",\"name\":\"Fixa\u00e7\u00f5es de torres de borracha marinha MRM \u2013 Christie Grey\",\"isPartOf\":{\"@id\":\"https:\/\/www.christiegrey.com\/#website\"},\"primaryImageOfPage\":{\"@id\":\"https:\/\/www.christiegrey.com\/pt-pt\/produto\/fixacoes-de-torres-marinhas\/#primaryimage\"},\"image\":{\"@id\":\"https:\/\/www.christiegrey.com\/pt-pt\/produto\/fixacoes-de-torres-marinhas\/#primaryimage\"},\"thumbnailUrl\":\"https:\/\/www.christiegrey.com\/wp-content\/uploads\/2025\/12\/marine_rubber_turret_365_x_365.jpg\",\"datePublished\":\"2025-12-25T11:23:04+00:00\",\"description\":\"As Fixa\u00e7\u00f5es de Torre de Borracha Marinha MRM reduzem vibra\u00e7\u00f5es e ru\u00eddos de frequ\u00eancia m\u00e9dia a alta provenientes de m\u00e1quinas acionadas por motor, incluindo ventiladores axiais e centr\u00edfugos.\",\"breadcrumb\":{\"@id\":\"https:\/\/www.christiegrey.com\/pt-pt\/produto\/fixacoes-de-torres-marinhas\/#breadcrumb\"},\"inLanguage\":\"pt-PT\",\"potentialAction\":[{\"@type\":\"ReadAction\",\"target\":[\"https:\/\/www.christiegrey.com\/pt-pt\/produto\/fixacoes-de-torres-marinhas\/\"]}]},{\"@type\":\"ImageObject\",\"inLanguage\":\"pt-PT\",\"@id\":\"https:\/\/www.christiegrey.com\/pt-pt\/produto\/fixacoes-de-torres-marinhas\/#primaryimage\",\"url\":\"https:\/\/www.christiegrey.com\/wp-content\/uploads\/2025\/12\/marine_rubber_turret_365_x_365.jpg\",\"contentUrl\":\"https:\/\/www.christiegrey.com\/wp-content\/uploads\/2025\/12\/marine_rubber_turret_365_x_365.jpg\",\"width\":365,\"height\":365,\"caption\":\"\u00f8;\"},{\"@type\":\"BreadcrumbList\",\"@id\":\"https:\/\/www.christiegrey.com\/pt-pt\/produto\/fixacoes-de-torres-marinhas\/#breadcrumb\",\"itemListElement\":[{\"@type\":\"ListItem\",\"position\":1,\"name\":\"Casa\",\"item\":\"https:\/\/www.christiegrey.com\/\"},{\"@type\":\"ListItem\",\"position\":2,\"name\":\"Nossos Produtos\",\"item\":\"https:\/\/www.christiegrey.com\/pt-pt\/loja\/\"},{\"@type\":\"ListItem\",\"position\":3,\"name\":\"Fixa\u00e7\u00f5es de torres marinhas\"}]},{\"@type\":\"WebSite\",\"@id\":\"https:\/\/www.christiegrey.com\/#website\",\"url\":\"https:\/\/www.christiegrey.com\/\",\"name\":\"Christie & Grey\",\"description\":\"\",\"publisher\":{\"@id\":\"https:\/\/www.christiegrey.com\/#organization\"},\"potentialAction\":[{\"@type\":\"SearchAction\",\"target\":{\"@type\":\"EntryPoint\",\"urlTemplate\":\"https:\/\/www.christiegrey.com\/?s={search_term_string}\"},\"query-input\":{\"@type\":\"PropertyValueSpecification\",\"valueRequired\":true,\"valueName\":\"search_term_string\"}}],\"inLanguage\":\"pt-PT\"},{\"@type\":\"Organization\",\"@id\":\"https:\/\/www.christiegrey.com\/#organization\",\"name\":\"Christie & Grey\",\"url\":\"https:\/\/www.christiegrey.com\/\",\"logo\":{\"@type\":\"ImageObject\",\"inLanguage\":\"pt-PT\",\"@id\":\"https:\/\/www.christiegrey.com\/#\/schema\/logo\/image\/\",\"url\":\"https:\/\/www.christiegrey.com\/wp-content\/uploads\/2026\/02\/cropped-logo-scaled-1.png\",\"contentUrl\":\"https:\/\/www.christiegrey.com\/wp-content\/uploads\/2026\/02\/cropped-logo-scaled-1.png\",\"width\":250,\"height\":90,\"caption\":\"Christie & Grey\"},\"image\":{\"@id\":\"https:\/\/www.christiegrey.com\/#\/schema\/logo\/image\/\"},\"sameAs\":[\"https:\/\/www.facebook.com\/christieandgreylimited\",\"https:\/\/x.com\/christiegreyltd\"]}]}<\/script>\n<!-- \/ Yoast SEO plugin. -->","yoast_head_json":{"title":"Fixa\u00e7\u00f5es de torres de borracha marinha MRM \u2013 Christie Grey","description":"As Fixa\u00e7\u00f5es de Torre de Borracha Marinha MRM reduzem vibra\u00e7\u00f5es e ru\u00eddos de frequ\u00eancia m\u00e9dia a alta provenientes de m\u00e1quinas acionadas por motor, incluindo ventiladores axiais e centr\u00edfugos.","robots":{"index":"index","follow":"follow","max-snippet":"max-snippet:-1","max-image-preview":"max-image-preview:large","max-video-preview":"max-video-preview:-1"},"canonical":"https:\/\/www.christiegrey.com\/pt-pt\/produto\/fixacoes-de-torres-marinhas\/","og_locale":"pt_PT","og_type":"article","og_title":"Fixa\u00e7\u00f5es de torres de borracha marinha MRM \u2013 Christie Grey","og_description":"As Fixa\u00e7\u00f5es de Torre de Borracha Marinha MRM reduzem vibra\u00e7\u00f5es e ru\u00eddos de frequ\u00eancia m\u00e9dia a alta provenientes de m\u00e1quinas acionadas por motor, incluindo ventiladores axiais e centr\u00edfugos.","og_url":"https:\/\/www.christiegrey.com\/pt-pt\/produto\/fixacoes-de-torres-marinhas\/","article_publisher":"https:\/\/www.facebook.com\/christieandgreylimited","og_image":[{"width":365,"height":365,"url":"https:\/\/www.christiegrey.com\/wp-content\/uploads\/2025\/12\/marine_rubber_turret_365_x_365.jpg","type":"image\/jpeg"}],"twitter_card":"summary_large_image","twitter_site":"@christiegreyltd","schema":{"@context":"https:\/\/schema.org","@graph":[{"@type":"WebPage","@id":"https:\/\/www.christiegrey.com\/pt-pt\/produto\/fixacoes-de-torres-marinhas\/","url":"https:\/\/www.christiegrey.com\/pt-pt\/produto\/fixacoes-de-torres-marinhas\/","name":"Fixa\u00e7\u00f5es de torres de borracha marinha MRM \u2013 Christie Grey","isPartOf":{"@id":"https:\/\/www.christiegrey.com\/#website"},"primaryImageOfPage":{"@id":"https:\/\/www.christiegrey.com\/pt-pt\/produto\/fixacoes-de-torres-marinhas\/#primaryimage"},"image":{"@id":"https:\/\/www.christiegrey.com\/pt-pt\/produto\/fixacoes-de-torres-marinhas\/#primaryimage"},"thumbnailUrl":"https:\/\/www.christiegrey.com\/wp-content\/uploads\/2025\/12\/marine_rubber_turret_365_x_365.jpg","datePublished":"2025-12-25T11:23:04+00:00","description":"As Fixa\u00e7\u00f5es de Torre de Borracha Marinha MRM reduzem vibra\u00e7\u00f5es e ru\u00eddos de frequ\u00eancia m\u00e9dia a alta provenientes de m\u00e1quinas acionadas por motor, incluindo ventiladores axiais e centr\u00edfugos.","breadcrumb":{"@id":"https:\/\/www.christiegrey.com\/pt-pt\/produto\/fixacoes-de-torres-marinhas\/#breadcrumb"},"inLanguage":"pt-PT","potentialAction":[{"@type":"ReadAction","target":["https:\/\/www.christiegrey.com\/pt-pt\/produto\/fixacoes-de-torres-marinhas\/"]}]},{"@type":"ImageObject","inLanguage":"pt-PT","@id":"https:\/\/www.christiegrey.com\/pt-pt\/produto\/fixacoes-de-torres-marinhas\/#primaryimage","url":"https:\/\/www.christiegrey.com\/wp-content\/uploads\/2025\/12\/marine_rubber_turret_365_x_365.jpg","contentUrl":"https:\/\/www.christiegrey.com\/wp-content\/uploads\/2025\/12\/marine_rubber_turret_365_x_365.jpg","width":365,"height":365,"caption":"\u00f8;"},{"@type":"BreadcrumbList","@id":"https:\/\/www.christiegrey.com\/pt-pt\/produto\/fixacoes-de-torres-marinhas\/#breadcrumb","itemListElement":[{"@type":"ListItem","position":1,"name":"Casa","item":"https:\/\/www.christiegrey.com\/"},{"@type":"ListItem","position":2,"name":"Nossos Produtos","item":"https:\/\/www.christiegrey.com\/pt-pt\/loja\/"},{"@type":"ListItem","position":3,"name":"Fixa\u00e7\u00f5es de torres marinhas"}]},{"@type":"WebSite","@id":"https:\/\/www.christiegrey.com\/#website","url":"https:\/\/www.christiegrey.com\/","name":"Christie & Grey","description":"","publisher":{"@id":"https:\/\/www.christiegrey.com\/#organization"},"potentialAction":[{"@type":"SearchAction","target":{"@type":"EntryPoint","urlTemplate":"https:\/\/www.christiegrey.com\/?s={search_term_string}"},"query-input":{"@type":"PropertyValueSpecification","valueRequired":true,"valueName":"search_term_string"}}],"inLanguage":"pt-PT"},{"@type":"Organization","@id":"https:\/\/www.christiegrey.com\/#organization","name":"Christie & Grey","url":"https:\/\/www.christiegrey.com\/","logo":{"@type":"ImageObject","inLanguage":"pt-PT","@id":"https:\/\/www.christiegrey.com\/#\/schema\/logo\/image\/","url":"https:\/\/www.christiegrey.com\/wp-content\/uploads\/2026\/02\/cropped-logo-scaled-1.png","contentUrl":"https:\/\/www.christiegrey.com\/wp-content\/uploads\/2026\/02\/cropped-logo-scaled-1.png","width":250,"height":90,"caption":"Christie & Grey"},"image":{"@id":"https:\/\/www.christiegrey.com\/#\/schema\/logo\/image\/"},"sameAs":["https:\/\/www.facebook.com\/christieandgreylimited","https:\/\/x.com\/christiegreyltd"]}]}},"_links":{"self":[{"href":"https:\/\/www.christiegrey.com\/pt-pt\/wp-json\/wp\/v2\/product\/4368","targetHints":{"allow":["GET"]}}],"collection":[{"href":"https:\/\/www.christiegrey.com\/pt-pt\/wp-json\/wp\/v2\/product"}],"about":[{"href":"https:\/\/www.christiegrey.com\/pt-pt\/wp-json\/wp\/v2\/types\/product"}],"replies":[{"embeddable":true,"href":"https:\/\/www.christiegrey.com\/pt-pt\/wp-json\/wp\/v2\/comments?post=4368"}],"wp:featuredmedia":[{"embeddable":true,"href":"https:\/\/www.christiegrey.com\/pt-pt\/wp-json\/wp\/v2\/media\/983"}],"wp:attachment":[{"href":"https:\/\/www.christiegrey.com\/pt-pt\/wp-json\/wp\/v2\/media?parent=4368"}],"wp:term":[{"taxonomy":"product_brand","embeddable":true,"href":"https:\/\/www.christiegrey.com\/pt-pt\/wp-json\/wp\/v2\/product_brand?post=4368"},{"taxonomy":"product_cat","embeddable":true,"href":"https:\/\/www.christiegrey.com\/pt-pt\/wp-json\/wp\/v2\/product_cat?post=4368"},{"taxonomy":"product_tag","embeddable":true,"href":"https:\/\/www.christiegrey.com\/pt-pt\/wp-json\/wp\/v2\/product_tag?post=4368"}],"curies":[{"name":"wp","href":"https:\/\/api.w.org\/{rel}","templated":true}]}}