{"id":4347,"date":"2025-12-25T14:19:35","date_gmt":"2025-12-25T14:19:35","guid":{"rendered":"https:\/\/www.christiegrey.com\/product\/dormentes-acusticos\/"},"modified":"2025-12-25T14:19:35","modified_gmt":"2025-12-25T14:19:35","slug":"dormentes-acusticos","status":"publish","type":"product","link":"https:\/\/www.christiegrey.com\/pt-pt\/produto\/dormentes-acusticos\/","title":{"rendered":"Dormentes ac\u00fasticos"},"content":{"rendered":"<p>Alvenaria ac\u00fastica e amarras internas de parede divis\u00f3ria s\u00e3o projetadas para proporcionar estabilidade estrutural enquanto atenuam o ru\u00eddo e a vibra\u00e7\u00e3o entre paredes de dobra.<\/p>\n","protected":false},"excerpt":{"rendered":"<p>Tipo AWT<\/p>\n","protected":false},"featured_media":1422,"comment_status":"open","ping_status":"closed","template":"","meta":{"_acf_changed":false},"product_brand":[],"product_cat":[128,111],"product_tag":[],"class_list":{"0":"post-4347","1":"product","2":"type-product","3":"status-publish","4":"has-post-thumbnail","6":"product_cat-produtos-de-parede-acustica","7":"product_cat-solucoes-de-construcao","9":"first","10":"instock","11":"shipping-taxable","12":"purchasable","13":"product-type-simple"},"acf":[],"yoast_head":"<!-- This site is optimized with the Yoast SEO plugin v27.0 - https:\/\/yoast.com\/product\/yoast-seo-wordpress\/ -->\n<title>Amarras ac\u00fasticas AWT | Vibra\u00e7\u00e3o e isolamento sonoro<\/title>\n<meta name=\"description\" content=\"As Amarras de Parede Ac\u00fasticas AWT utilizam elementos naturais de borracha a metal para evitar a transfer\u00eancia de som e vibra\u00e7\u00e3o. Teste de carga, compat\u00edvel com BS EN 845.\" \/>\n<meta name=\"robots\" content=\"index, follow, max-snippet:-1, max-image-preview:large, max-video-preview:-1\" \/>\n<link rel=\"canonical\" href=\"https:\/\/www.christiegrey.com\/pt-pt\/produto\/dormentes-acusticos\/\" \/>\n<meta property=\"og:locale\" content=\"pt_PT\" \/>\n<meta property=\"og:type\" content=\"article\" \/>\n<meta property=\"og:title\" content=\"Amarras ac\u00fasticas AWT | Vibra\u00e7\u00e3o e isolamento sonoro\" \/>\n<meta property=\"og:description\" content=\"As Amarras de Parede Ac\u00fasticas AWT utilizam elementos naturais de borracha a metal para evitar a transfer\u00eancia de som e vibra\u00e7\u00e3o. Teste de carga, compat\u00edvel com BS EN 845.\" \/>\n<meta property=\"og:url\" content=\"https:\/\/www.christiegrey.com\/pt-pt\/produto\/dormentes-acusticos\/\" \/>\n<meta property=\"article:publisher\" content=\"https:\/\/www.facebook.com\/christieandgreylimited\" \/>\n<meta property=\"og:image\" content=\"https:\/\/www.christiegrey.com\/wp-content\/uploads\/2025\/12\/christie-grey.1copy-scaled.jpg\" \/>\n\t<meta property=\"og:image:width\" content=\"2560\" \/>\n\t<meta property=\"og:image:height\" content=\"1829\" \/>\n\t<meta property=\"og:image:type\" content=\"image\/jpeg\" \/>\n<meta name=\"twitter:card\" content=\"summary_large_image\" \/>\n<meta name=\"twitter:site\" content=\"@christiegreyltd\" \/>\n<script type=\"application\/ld+json\" class=\"yoast-schema-graph\">{\"@context\":\"https:\/\/schema.org\",\"@graph\":[{\"@type\":\"WebPage\",\"@id\":\"https:\/\/www.christiegrey.com\/pt-pt\/produto\/dormentes-acusticos\/\",\"url\":\"https:\/\/www.christiegrey.com\/pt-pt\/produto\/dormentes-acusticos\/\",\"name\":\"Amarras ac\u00fasticas AWT | Vibra\u00e7\u00e3o e isolamento sonoro\",\"isPartOf\":{\"@id\":\"https:\/\/www.christiegrey.com\/#website\"},\"primaryImageOfPage\":{\"@id\":\"https:\/\/www.christiegrey.com\/pt-pt\/produto\/dormentes-acusticos\/#primaryimage\"},\"image\":{\"@id\":\"https:\/\/www.christiegrey.com\/pt-pt\/produto\/dormentes-acusticos\/#primaryimage\"},\"thumbnailUrl\":\"https:\/\/www.christiegrey.com\/wp-content\/uploads\/2025\/12\/christie-grey.1copy-scaled.jpg\",\"datePublished\":\"2025-12-25T14:19:35+00:00\",\"description\":\"As Amarras de Parede Ac\u00fasticas AWT utilizam elementos naturais de borracha a metal para evitar a transfer\u00eancia de som e vibra\u00e7\u00e3o. Teste de carga, compat\u00edvel com BS EN 845.\",\"breadcrumb\":{\"@id\":\"https:\/\/www.christiegrey.com\/pt-pt\/produto\/dormentes-acusticos\/#breadcrumb\"},\"inLanguage\":\"pt-PT\",\"potentialAction\":[{\"@type\":\"ReadAction\",\"target\":[\"https:\/\/www.christiegrey.com\/pt-pt\/produto\/dormentes-acusticos\/\"]}]},{\"@type\":\"ImageObject\",\"inLanguage\":\"pt-PT\",\"@id\":\"https:\/\/www.christiegrey.com\/pt-pt\/produto\/dormentes-acusticos\/#primaryimage\",\"url\":\"https:\/\/www.christiegrey.com\/wp-content\/uploads\/2025\/12\/christie-grey.1copy-scaled.jpg\",\"contentUrl\":\"https:\/\/www.christiegrey.com\/wp-content\/uploads\/2025\/12\/christie-grey.1copy-scaled.jpg\",\"width\":2560,\"height\":1829,\"caption\":\"Empilhado a partir de 8 imagens. M\u00e9todo=B (R=7,S=1)\"},{\"@type\":\"BreadcrumbList\",\"@id\":\"https:\/\/www.christiegrey.com\/pt-pt\/produto\/dormentes-acusticos\/#breadcrumb\",\"itemListElement\":[{\"@type\":\"ListItem\",\"position\":1,\"name\":\"Casa\",\"item\":\"https:\/\/www.christiegrey.com\/\"},{\"@type\":\"ListItem\",\"position\":2,\"name\":\"Nossos Produtos\",\"item\":\"https:\/\/www.christiegrey.com\/pt-pt\/loja\/\"},{\"@type\":\"ListItem\",\"position\":3,\"name\":\"Dormentes ac\u00fasticos\"}]},{\"@type\":\"WebSite\",\"@id\":\"https:\/\/www.christiegrey.com\/#website\",\"url\":\"https:\/\/www.christiegrey.com\/\",\"name\":\"Christie & Grey\",\"description\":\"\",\"publisher\":{\"@id\":\"https:\/\/www.christiegrey.com\/#organization\"},\"potentialAction\":[{\"@type\":\"SearchAction\",\"target\":{\"@type\":\"EntryPoint\",\"urlTemplate\":\"https:\/\/www.christiegrey.com\/?s={search_term_string}\"},\"query-input\":{\"@type\":\"PropertyValueSpecification\",\"valueRequired\":true,\"valueName\":\"search_term_string\"}}],\"inLanguage\":\"pt-PT\"},{\"@type\":\"Organization\",\"@id\":\"https:\/\/www.christiegrey.com\/#organization\",\"name\":\"Christie & Grey\",\"url\":\"https:\/\/www.christiegrey.com\/\",\"logo\":{\"@type\":\"ImageObject\",\"inLanguage\":\"pt-PT\",\"@id\":\"https:\/\/www.christiegrey.com\/#\/schema\/logo\/image\/\",\"url\":\"https:\/\/www.christiegrey.com\/wp-content\/uploads\/2026\/02\/cropped-logo-scaled-1.png\",\"contentUrl\":\"https:\/\/www.christiegrey.com\/wp-content\/uploads\/2026\/02\/cropped-logo-scaled-1.png\",\"width\":250,\"height\":90,\"caption\":\"Christie & Grey\"},\"image\":{\"@id\":\"https:\/\/www.christiegrey.com\/#\/schema\/logo\/image\/\"},\"sameAs\":[\"https:\/\/www.facebook.com\/christieandgreylimited\",\"https:\/\/x.com\/christiegreyltd\"]}]}<\/script>\n<!-- \/ Yoast SEO plugin. -->","yoast_head_json":{"title":"Amarras ac\u00fasticas AWT | Vibra\u00e7\u00e3o e isolamento sonoro","description":"As Amarras de Parede Ac\u00fasticas AWT utilizam elementos naturais de borracha a metal para evitar a transfer\u00eancia de som e vibra\u00e7\u00e3o. Teste de carga, compat\u00edvel com BS EN 845.","robots":{"index":"index","follow":"follow","max-snippet":"max-snippet:-1","max-image-preview":"max-image-preview:large","max-video-preview":"max-video-preview:-1"},"canonical":"https:\/\/www.christiegrey.com\/pt-pt\/produto\/dormentes-acusticos\/","og_locale":"pt_PT","og_type":"article","og_title":"Amarras ac\u00fasticas AWT | Vibra\u00e7\u00e3o e isolamento sonoro","og_description":"As Amarras de Parede Ac\u00fasticas AWT utilizam elementos naturais de borracha a metal para evitar a transfer\u00eancia de som e vibra\u00e7\u00e3o. Teste de carga, compat\u00edvel com BS EN 845.","og_url":"https:\/\/www.christiegrey.com\/pt-pt\/produto\/dormentes-acusticos\/","article_publisher":"https:\/\/www.facebook.com\/christieandgreylimited","og_image":[{"width":2560,"height":1829,"url":"https:\/\/www.christiegrey.com\/wp-content\/uploads\/2025\/12\/christie-grey.1copy-scaled.jpg","type":"image\/jpeg"}],"twitter_card":"summary_large_image","twitter_site":"@christiegreyltd","schema":{"@context":"https:\/\/schema.org","@graph":[{"@type":"WebPage","@id":"https:\/\/www.christiegrey.com\/pt-pt\/produto\/dormentes-acusticos\/","url":"https:\/\/www.christiegrey.com\/pt-pt\/produto\/dormentes-acusticos\/","name":"Amarras ac\u00fasticas AWT | Vibra\u00e7\u00e3o e isolamento sonoro","isPartOf":{"@id":"https:\/\/www.christiegrey.com\/#website"},"primaryImageOfPage":{"@id":"https:\/\/www.christiegrey.com\/pt-pt\/produto\/dormentes-acusticos\/#primaryimage"},"image":{"@id":"https:\/\/www.christiegrey.com\/pt-pt\/produto\/dormentes-acusticos\/#primaryimage"},"thumbnailUrl":"https:\/\/www.christiegrey.com\/wp-content\/uploads\/2025\/12\/christie-grey.1copy-scaled.jpg","datePublished":"2025-12-25T14:19:35+00:00","description":"As Amarras de Parede Ac\u00fasticas AWT utilizam elementos naturais de borracha a metal para evitar a transfer\u00eancia de som e vibra\u00e7\u00e3o. Teste de carga, compat\u00edvel com BS EN 845.","breadcrumb":{"@id":"https:\/\/www.christiegrey.com\/pt-pt\/produto\/dormentes-acusticos\/#breadcrumb"},"inLanguage":"pt-PT","potentialAction":[{"@type":"ReadAction","target":["https:\/\/www.christiegrey.com\/pt-pt\/produto\/dormentes-acusticos\/"]}]},{"@type":"ImageObject","inLanguage":"pt-PT","@id":"https:\/\/www.christiegrey.com\/pt-pt\/produto\/dormentes-acusticos\/#primaryimage","url":"https:\/\/www.christiegrey.com\/wp-content\/uploads\/2025\/12\/christie-grey.1copy-scaled.jpg","contentUrl":"https:\/\/www.christiegrey.com\/wp-content\/uploads\/2025\/12\/christie-grey.1copy-scaled.jpg","width":2560,"height":1829,"caption":"Empilhado a partir de 8 imagens. M\u00e9todo=B (R=7,S=1)"},{"@type":"BreadcrumbList","@id":"https:\/\/www.christiegrey.com\/pt-pt\/produto\/dormentes-acusticos\/#breadcrumb","itemListElement":[{"@type":"ListItem","position":1,"name":"Casa","item":"https:\/\/www.christiegrey.com\/"},{"@type":"ListItem","position":2,"name":"Nossos Produtos","item":"https:\/\/www.christiegrey.com\/pt-pt\/loja\/"},{"@type":"ListItem","position":3,"name":"Dormentes ac\u00fasticos"}]},{"@type":"WebSite","@id":"https:\/\/www.christiegrey.com\/#website","url":"https:\/\/www.christiegrey.com\/","name":"Christie & Grey","description":"","publisher":{"@id":"https:\/\/www.christiegrey.com\/#organization"},"potentialAction":[{"@type":"SearchAction","target":{"@type":"EntryPoint","urlTemplate":"https:\/\/www.christiegrey.com\/?s={search_term_string}"},"query-input":{"@type":"PropertyValueSpecification","valueRequired":true,"valueName":"search_term_string"}}],"inLanguage":"pt-PT"},{"@type":"Organization","@id":"https:\/\/www.christiegrey.com\/#organization","name":"Christie & Grey","url":"https:\/\/www.christiegrey.com\/","logo":{"@type":"ImageObject","inLanguage":"pt-PT","@id":"https:\/\/www.christiegrey.com\/#\/schema\/logo\/image\/","url":"https:\/\/www.christiegrey.com\/wp-content\/uploads\/2026\/02\/cropped-logo-scaled-1.png","contentUrl":"https:\/\/www.christiegrey.com\/wp-content\/uploads\/2026\/02\/cropped-logo-scaled-1.png","width":250,"height":90,"caption":"Christie & Grey"},"image":{"@id":"https:\/\/www.christiegrey.com\/#\/schema\/logo\/image\/"},"sameAs":["https:\/\/www.facebook.com\/christieandgreylimited","https:\/\/x.com\/christiegreyltd"]}]}},"_links":{"self":[{"href":"https:\/\/www.christiegrey.com\/pt-pt\/wp-json\/wp\/v2\/product\/4347","targetHints":{"allow":["GET"]}}],"collection":[{"href":"https:\/\/www.christiegrey.com\/pt-pt\/wp-json\/wp\/v2\/product"}],"about":[{"href":"https:\/\/www.christiegrey.com\/pt-pt\/wp-json\/wp\/v2\/types\/product"}],"replies":[{"embeddable":true,"href":"https:\/\/www.christiegrey.com\/pt-pt\/wp-json\/wp\/v2\/comments?post=4347"}],"wp:featuredmedia":[{"embeddable":true,"href":"https:\/\/www.christiegrey.com\/pt-pt\/wp-json\/wp\/v2\/media\/1422"}],"wp:attachment":[{"href":"https:\/\/www.christiegrey.com\/pt-pt\/wp-json\/wp\/v2\/media?parent=4347"}],"wp:term":[{"taxonomy":"product_brand","embeddable":true,"href":"https:\/\/www.christiegrey.com\/pt-pt\/wp-json\/wp\/v2\/product_brand?post=4347"},{"taxonomy":"product_cat","embeddable":true,"href":"https:\/\/www.christiegrey.com\/pt-pt\/wp-json\/wp\/v2\/product_cat?post=4347"},{"taxonomy":"product_tag","embeddable":true,"href":"https:\/\/www.christiegrey.com\/pt-pt\/wp-json\/wp\/v2\/product_tag?post=4347"}],"curies":[{"name":"wp","href":"https:\/\/api.w.org\/{rel}","templated":true}]}}