{"id":4291,"date":"2025-12-25T14:30:27","date_gmt":"2025-12-25T14:30:27","guid":{"rendered":"https:\/\/www.christiegrey.com\/product\/suportes-acusticos-de-teto-de-mola-e-borracha-2\/"},"modified":"2026-01-30T21:51:46","modified_gmt":"2026-01-30T21:51:46","slug":"suportes-acusticos-de-teto-de-mola-e-borracha-2","status":"publish","type":"product","link":"https:\/\/www.christiegrey.com\/pt-pt\/produto\/suportes-acusticos-de-teto-de-mola-e-borracha-2\/","title":{"rendered":"Suportes ac\u00fasticos de teto de mola e borracha"},"content":{"rendered":"<p>Uma gama abrangente de suportes ac\u00fasticos de teto ac\u00fasticos de molas e borracha de a\u00e7o, oferecendo ao projetista a escolha entre isolamento de vibra\u00e7\u00f5es de baixa frequ\u00eancia ou desempenho \u00f3timo em frequ\u00eancias aud\u00edveis mais altas, caso o controle de ru\u00eddo seja de suma import\u00e2ncia.<\/p>\n","protected":false},"excerpt":{"rendered":"<p>Tipo JSH e JRH<\/p>\n","protected":false},"featured_media":1079,"comment_status":"open","ping_status":"closed","template":"","meta":{"_acf_changed":false},"product_brand":[],"product_cat":[112,111],"product_tag":[],"class_list":{"0":"post-4291","1":"product","2":"type-product","3":"status-publish","4":"has-post-thumbnail","6":"product_cat-produtos-para-tetos-acusticos","7":"product_cat-solucoes-de-construcao","9":"first","10":"instock","11":"shipping-taxable","12":"purchasable","13":"product-type-simple"},"acf":[],"yoast_head":"<!-- This site is optimized with the Yoast SEO plugin v27.0 - https:\/\/yoast.com\/product\/yoast-seo-wordpress\/ -->\n<title>Cabides ac\u00fasticos de teto JSH &amp; JRH Spring &amp; Rubber<\/title>\n<meta name=\"description\" content=\"Os suportes de mola de a\u00e7o JSH &amp; JRH e de borracha no teto fornecem isolamento de vibra\u00e7\u00f5es de baixa e alta frequ\u00eancia, garantindo controle superior de ru\u00eddo nos tetos.\" \/>\n<meta name=\"robots\" content=\"index, follow, max-snippet:-1, max-image-preview:large, max-video-preview:-1\" \/>\n<link rel=\"canonical\" href=\"https:\/\/www.christiegrey.com\/pt-pt\/produto\/suportes-acusticos-de-teto-de-mola-e-borracha-2\/\" \/>\n<meta property=\"og:locale\" content=\"pt_PT\" \/>\n<meta property=\"og:type\" content=\"article\" \/>\n<meta property=\"og:title\" content=\"Cabides ac\u00fasticos de teto JSH &amp; JRH Spring &amp; Rubber\" \/>\n<meta property=\"og:description\" content=\"Os suportes de mola de a\u00e7o JSH &amp; JRH e de borracha no teto fornecem isolamento de vibra\u00e7\u00f5es de baixa e alta frequ\u00eancia, garantindo controle superior de ru\u00eddo nos tetos.\" \/>\n<meta property=\"og:url\" content=\"https:\/\/www.christiegrey.com\/pt-pt\/produto\/suportes-acusticos-de-teto-de-mola-e-borracha-2\/\" \/>\n<meta property=\"article:publisher\" content=\"https:\/\/www.facebook.com\/christieandgreylimited\" \/>\n<meta property=\"article:modified_time\" content=\"2026-01-30T21:51:46+00:00\" \/>\n<meta property=\"og:image\" content=\"https:\/\/www.christiegrey.com\/wp-content\/uploads\/2025\/12\/jsh.png\" \/>\n\t<meta property=\"og:image:width\" content=\"365\" \/>\n\t<meta property=\"og:image:height\" content=\"365\" \/>\n\t<meta property=\"og:image:type\" content=\"image\/png\" \/>\n<meta name=\"twitter:card\" content=\"summary_large_image\" \/>\n<meta name=\"twitter:site\" content=\"@christiegreyltd\" \/>\n<script type=\"application\/ld+json\" class=\"yoast-schema-graph\">{\"@context\":\"https:\/\/schema.org\",\"@graph\":[{\"@type\":\"WebPage\",\"@id\":\"https:\/\/www.christiegrey.com\/pt-pt\/produto\/suportes-acusticos-de-teto-de-mola-e-borracha-2\/\",\"url\":\"https:\/\/www.christiegrey.com\/pt-pt\/produto\/suportes-acusticos-de-teto-de-mola-e-borracha-2\/\",\"name\":\"Cabides ac\u00fasticos de teto JSH & JRH Spring & Rubber\",\"isPartOf\":{\"@id\":\"https:\/\/www.christiegrey.com\/#website\"},\"primaryImageOfPage\":{\"@id\":\"https:\/\/www.christiegrey.com\/pt-pt\/produto\/suportes-acusticos-de-teto-de-mola-e-borracha-2\/#primaryimage\"},\"image\":{\"@id\":\"https:\/\/www.christiegrey.com\/pt-pt\/produto\/suportes-acusticos-de-teto-de-mola-e-borracha-2\/#primaryimage\"},\"thumbnailUrl\":\"https:\/\/www.christiegrey.com\/wp-content\/uploads\/2025\/12\/jsh.png\",\"datePublished\":\"2025-12-25T14:30:27+00:00\",\"dateModified\":\"2026-01-30T21:51:46+00:00\",\"description\":\"Os suportes de mola de a\u00e7o JSH & JRH e de borracha no teto fornecem isolamento de vibra\u00e7\u00f5es de baixa e alta frequ\u00eancia, garantindo controle superior de ru\u00eddo nos tetos.\",\"breadcrumb\":{\"@id\":\"https:\/\/www.christiegrey.com\/pt-pt\/produto\/suportes-acusticos-de-teto-de-mola-e-borracha-2\/#breadcrumb\"},\"inLanguage\":\"pt-PT\",\"potentialAction\":[{\"@type\":\"ReadAction\",\"target\":[\"https:\/\/www.christiegrey.com\/pt-pt\/produto\/suportes-acusticos-de-teto-de-mola-e-borracha-2\/\"]}]},{\"@type\":\"ImageObject\",\"inLanguage\":\"pt-PT\",\"@id\":\"https:\/\/www.christiegrey.com\/pt-pt\/produto\/suportes-acusticos-de-teto-de-mola-e-borracha-2\/#primaryimage\",\"url\":\"https:\/\/www.christiegrey.com\/wp-content\/uploads\/2025\/12\/jsh.png\",\"contentUrl\":\"https:\/\/www.christiegrey.com\/wp-content\/uploads\/2025\/12\/jsh.png\",\"width\":365,\"height\":365,\"caption\":\"JSH\/JRH spring and rubber acoustic ceiling hangers\"},{\"@type\":\"BreadcrumbList\",\"@id\":\"https:\/\/www.christiegrey.com\/pt-pt\/produto\/suportes-acusticos-de-teto-de-mola-e-borracha-2\/#breadcrumb\",\"itemListElement\":[{\"@type\":\"ListItem\",\"position\":1,\"name\":\"Casa\",\"item\":\"https:\/\/www.christiegrey.com\/\"},{\"@type\":\"ListItem\",\"position\":2,\"name\":\"Nossos Produtos\",\"item\":\"https:\/\/www.christiegrey.com\/pt-pt\/loja\/\"},{\"@type\":\"ListItem\",\"position\":3,\"name\":\"Suportes ac\u00fasticos de teto de mola e borracha\"}]},{\"@type\":\"WebSite\",\"@id\":\"https:\/\/www.christiegrey.com\/#website\",\"url\":\"https:\/\/www.christiegrey.com\/\",\"name\":\"Christie & Grey\",\"description\":\"\",\"publisher\":{\"@id\":\"https:\/\/www.christiegrey.com\/#organization\"},\"potentialAction\":[{\"@type\":\"SearchAction\",\"target\":{\"@type\":\"EntryPoint\",\"urlTemplate\":\"https:\/\/www.christiegrey.com\/?s={search_term_string}\"},\"query-input\":{\"@type\":\"PropertyValueSpecification\",\"valueRequired\":true,\"valueName\":\"search_term_string\"}}],\"inLanguage\":\"pt-PT\"},{\"@type\":\"Organization\",\"@id\":\"https:\/\/www.christiegrey.com\/#organization\",\"name\":\"Christie & Grey\",\"url\":\"https:\/\/www.christiegrey.com\/\",\"logo\":{\"@type\":\"ImageObject\",\"inLanguage\":\"pt-PT\",\"@id\":\"https:\/\/www.christiegrey.com\/#\/schema\/logo\/image\/\",\"url\":\"https:\/\/www.christiegrey.com\/wp-content\/uploads\/2026\/02\/cropped-logo-scaled-1.png\",\"contentUrl\":\"https:\/\/www.christiegrey.com\/wp-content\/uploads\/2026\/02\/cropped-logo-scaled-1.png\",\"width\":250,\"height\":90,\"caption\":\"Christie & Grey\"},\"image\":{\"@id\":\"https:\/\/www.christiegrey.com\/#\/schema\/logo\/image\/\"},\"sameAs\":[\"https:\/\/www.facebook.com\/christieandgreylimited\",\"https:\/\/x.com\/christiegreyltd\"]}]}<\/script>\n<!-- \/ Yoast SEO plugin. -->","yoast_head_json":{"title":"Cabides ac\u00fasticos de teto JSH & JRH Spring & Rubber","description":"Os suportes de mola de a\u00e7o JSH & JRH e de borracha no teto fornecem isolamento de vibra\u00e7\u00f5es de baixa e alta frequ\u00eancia, garantindo controle superior de ru\u00eddo nos tetos.","robots":{"index":"index","follow":"follow","max-snippet":"max-snippet:-1","max-image-preview":"max-image-preview:large","max-video-preview":"max-video-preview:-1"},"canonical":"https:\/\/www.christiegrey.com\/pt-pt\/produto\/suportes-acusticos-de-teto-de-mola-e-borracha-2\/","og_locale":"pt_PT","og_type":"article","og_title":"Cabides ac\u00fasticos de teto JSH & JRH Spring & Rubber","og_description":"Os suportes de mola de a\u00e7o JSH & JRH e de borracha no teto fornecem isolamento de vibra\u00e7\u00f5es de baixa e alta frequ\u00eancia, garantindo controle superior de ru\u00eddo nos tetos.","og_url":"https:\/\/www.christiegrey.com\/pt-pt\/produto\/suportes-acusticos-de-teto-de-mola-e-borracha-2\/","article_publisher":"https:\/\/www.facebook.com\/christieandgreylimited","article_modified_time":"2026-01-30T21:51:46+00:00","og_image":[{"width":365,"height":365,"url":"https:\/\/www.christiegrey.com\/wp-content\/uploads\/2025\/12\/jsh.png","type":"image\/png"}],"twitter_card":"summary_large_image","twitter_site":"@christiegreyltd","schema":{"@context":"https:\/\/schema.org","@graph":[{"@type":"WebPage","@id":"https:\/\/www.christiegrey.com\/pt-pt\/produto\/suportes-acusticos-de-teto-de-mola-e-borracha-2\/","url":"https:\/\/www.christiegrey.com\/pt-pt\/produto\/suportes-acusticos-de-teto-de-mola-e-borracha-2\/","name":"Cabides ac\u00fasticos de teto JSH & JRH Spring & Rubber","isPartOf":{"@id":"https:\/\/www.christiegrey.com\/#website"},"primaryImageOfPage":{"@id":"https:\/\/www.christiegrey.com\/pt-pt\/produto\/suportes-acusticos-de-teto-de-mola-e-borracha-2\/#primaryimage"},"image":{"@id":"https:\/\/www.christiegrey.com\/pt-pt\/produto\/suportes-acusticos-de-teto-de-mola-e-borracha-2\/#primaryimage"},"thumbnailUrl":"https:\/\/www.christiegrey.com\/wp-content\/uploads\/2025\/12\/jsh.png","datePublished":"2025-12-25T14:30:27+00:00","dateModified":"2026-01-30T21:51:46+00:00","description":"Os suportes de mola de a\u00e7o JSH & JRH e de borracha no teto fornecem isolamento de vibra\u00e7\u00f5es de baixa e alta frequ\u00eancia, garantindo controle superior de ru\u00eddo nos tetos.","breadcrumb":{"@id":"https:\/\/www.christiegrey.com\/pt-pt\/produto\/suportes-acusticos-de-teto-de-mola-e-borracha-2\/#breadcrumb"},"inLanguage":"pt-PT","potentialAction":[{"@type":"ReadAction","target":["https:\/\/www.christiegrey.com\/pt-pt\/produto\/suportes-acusticos-de-teto-de-mola-e-borracha-2\/"]}]},{"@type":"ImageObject","inLanguage":"pt-PT","@id":"https:\/\/www.christiegrey.com\/pt-pt\/produto\/suportes-acusticos-de-teto-de-mola-e-borracha-2\/#primaryimage","url":"https:\/\/www.christiegrey.com\/wp-content\/uploads\/2025\/12\/jsh.png","contentUrl":"https:\/\/www.christiegrey.com\/wp-content\/uploads\/2025\/12\/jsh.png","width":365,"height":365,"caption":"JSH\/JRH spring and rubber acoustic ceiling hangers"},{"@type":"BreadcrumbList","@id":"https:\/\/www.christiegrey.com\/pt-pt\/produto\/suportes-acusticos-de-teto-de-mola-e-borracha-2\/#breadcrumb","itemListElement":[{"@type":"ListItem","position":1,"name":"Casa","item":"https:\/\/www.christiegrey.com\/"},{"@type":"ListItem","position":2,"name":"Nossos Produtos","item":"https:\/\/www.christiegrey.com\/pt-pt\/loja\/"},{"@type":"ListItem","position":3,"name":"Suportes ac\u00fasticos de teto de mola e borracha"}]},{"@type":"WebSite","@id":"https:\/\/www.christiegrey.com\/#website","url":"https:\/\/www.christiegrey.com\/","name":"Christie & Grey","description":"","publisher":{"@id":"https:\/\/www.christiegrey.com\/#organization"},"potentialAction":[{"@type":"SearchAction","target":{"@type":"EntryPoint","urlTemplate":"https:\/\/www.christiegrey.com\/?s={search_term_string}"},"query-input":{"@type":"PropertyValueSpecification","valueRequired":true,"valueName":"search_term_string"}}],"inLanguage":"pt-PT"},{"@type":"Organization","@id":"https:\/\/www.christiegrey.com\/#organization","name":"Christie & Grey","url":"https:\/\/www.christiegrey.com\/","logo":{"@type":"ImageObject","inLanguage":"pt-PT","@id":"https:\/\/www.christiegrey.com\/#\/schema\/logo\/image\/","url":"https:\/\/www.christiegrey.com\/wp-content\/uploads\/2026\/02\/cropped-logo-scaled-1.png","contentUrl":"https:\/\/www.christiegrey.com\/wp-content\/uploads\/2026\/02\/cropped-logo-scaled-1.png","width":250,"height":90,"caption":"Christie & Grey"},"image":{"@id":"https:\/\/www.christiegrey.com\/#\/schema\/logo\/image\/"},"sameAs":["https:\/\/www.facebook.com\/christieandgreylimited","https:\/\/x.com\/christiegreyltd"]}]}},"_links":{"self":[{"href":"https:\/\/www.christiegrey.com\/pt-pt\/wp-json\/wp\/v2\/product\/4291","targetHints":{"allow":["GET"]}}],"collection":[{"href":"https:\/\/www.christiegrey.com\/pt-pt\/wp-json\/wp\/v2\/product"}],"about":[{"href":"https:\/\/www.christiegrey.com\/pt-pt\/wp-json\/wp\/v2\/types\/product"}],"replies":[{"embeddable":true,"href":"https:\/\/www.christiegrey.com\/pt-pt\/wp-json\/wp\/v2\/comments?post=4291"}],"wp:featuredmedia":[{"embeddable":true,"href":"https:\/\/www.christiegrey.com\/pt-pt\/wp-json\/wp\/v2\/media\/1079"}],"wp:attachment":[{"href":"https:\/\/www.christiegrey.com\/pt-pt\/wp-json\/wp\/v2\/media?parent=4291"}],"wp:term":[{"taxonomy":"product_brand","embeddable":true,"href":"https:\/\/www.christiegrey.com\/pt-pt\/wp-json\/wp\/v2\/product_brand?post=4291"},{"taxonomy":"product_cat","embeddable":true,"href":"https:\/\/www.christiegrey.com\/pt-pt\/wp-json\/wp\/v2\/product_cat?post=4291"},{"taxonomy":"product_tag","embeddable":true,"href":"https:\/\/www.christiegrey.com\/pt-pt\/wp-json\/wp\/v2\/product_tag?post=4291"}],"curies":[{"name":"wp","href":"https:\/\/api.w.org\/{rel}","templated":true}]}}