{"id":4283,"date":"2025-12-25T13:51:10","date_gmt":"2025-12-25T13:51:10","guid":{"rendered":"https:\/\/www.christiegrey.com\/product\/suportes-de-torre-de-borracha\/"},"modified":"2025-12-25T13:51:10","modified_gmt":"2025-12-25T13:51:10","slug":"suportes-de-torre-de-borracha","status":"publish","type":"product","link":"https:\/\/www.christiegrey.com\/pt-pt\/produto\/suportes-de-torre-de-borracha\/","title":{"rendered":"Suportes de Torre de Borracha"},"content":{"rendered":"<p>As montagens de torre de borracha tipo RM s\u00e3o projetadas para proporcionar atenua\u00e7\u00e3o superior de vibra\u00e7\u00f5es e ru\u00eddos de frequ\u00eancia m\u00e9dia a alta provenientes de uma ampla gama de m\u00e1quinas acionadas por motores, especialmente ventiladores axiais e centr\u00edfugos.<\/p>\n<p>Borracha de alta resili\u00eancia com baixa rela\u00e7\u00e3o de rigidez din\u00e2mica para est\u00e1tica garante m\u00e1xima efici\u00eancia, bom desempenho de flu\u00eancia e longa vida \u00fatil.<\/p>\n","protected":false},"excerpt":{"rendered":"<p>Tipo RM<\/p>\n","protected":false},"featured_media":1038,"comment_status":"open","ping_status":"closed","template":"","meta":{"_acf_changed":false},"product_brand":[],"product_cat":[135,117,111,125],"product_tag":[],"class_list":{"0":"post-4283","1":"product","2":"type-product","3":"status-publish","4":"has-post-thumbnail","6":"product_cat-geracao-de-energia","7":"product_cat-pisos-flutuantes","8":"product_cat-solucoes-de-construcao","9":"product_cat-solucoes-industriais","11":"first","12":"instock","13":"shipping-taxable","14":"purchasable","15":"product-type-simple"},"acf":[],"yoast_head":"<!-- This site is optimized with the Yoast SEO plugin v27.0 - https:\/\/yoast.com\/product\/yoast-seo-wordpress\/ -->\n<title>Montagens de torre de borracha RM para controle de vibra\u00e7\u00e3o<\/title>\n<meta name=\"description\" content=\"Os suportes de torres de borracha RM reduzem vibra\u00e7\u00f5es e ru\u00eddos de frequ\u00eancia m\u00e9dia a alta das m\u00e1quinas movidas a motor, oferecendo durabilidade e longa vida \u00fatil.\" \/>\n<meta name=\"robots\" content=\"index, follow, max-snippet:-1, max-image-preview:large, max-video-preview:-1\" \/>\n<link rel=\"canonical\" href=\"https:\/\/www.christiegrey.com\/pt-pt\/produto\/suportes-de-torre-de-borracha\/\" \/>\n<meta property=\"og:locale\" content=\"pt_PT\" \/>\n<meta property=\"og:type\" content=\"article\" \/>\n<meta property=\"og:title\" content=\"Montagens de torre de borracha RM para controle de vibra\u00e7\u00e3o\" \/>\n<meta property=\"og:description\" content=\"Os suportes de torres de borracha RM reduzem vibra\u00e7\u00f5es e ru\u00eddos de frequ\u00eancia m\u00e9dia a alta das m\u00e1quinas movidas a motor, oferecendo durabilidade e longa vida \u00fatil.\" \/>\n<meta property=\"og:url\" content=\"https:\/\/www.christiegrey.com\/pt-pt\/produto\/suportes-de-torre-de-borracha\/\" \/>\n<meta property=\"article:publisher\" content=\"https:\/\/www.facebook.com\/christieandgreylimited\" \/>\n<meta property=\"og:image\" content=\"https:\/\/www.christiegrey.com\/wp-content\/uploads\/2025\/12\/turret_group.png\" \/>\n\t<meta property=\"og:image:width\" content=\"625\" \/>\n\t<meta property=\"og:image:height\" content=\"625\" \/>\n\t<meta property=\"og:image:type\" content=\"image\/png\" \/>\n<meta name=\"twitter:card\" content=\"summary_large_image\" \/>\n<meta name=\"twitter:site\" content=\"@christiegreyltd\" \/>\n<script type=\"application\/ld+json\" class=\"yoast-schema-graph\">{\"@context\":\"https:\/\/schema.org\",\"@graph\":[{\"@type\":\"WebPage\",\"@id\":\"https:\/\/www.christiegrey.com\/pt-pt\/produto\/suportes-de-torre-de-borracha\/\",\"url\":\"https:\/\/www.christiegrey.com\/pt-pt\/produto\/suportes-de-torre-de-borracha\/\",\"name\":\"Montagens de torre de borracha RM para controle de vibra\u00e7\u00e3o\",\"isPartOf\":{\"@id\":\"https:\/\/www.christiegrey.com\/#website\"},\"primaryImageOfPage\":{\"@id\":\"https:\/\/www.christiegrey.com\/pt-pt\/produto\/suportes-de-torre-de-borracha\/#primaryimage\"},\"image\":{\"@id\":\"https:\/\/www.christiegrey.com\/pt-pt\/produto\/suportes-de-torre-de-borracha\/#primaryimage\"},\"thumbnailUrl\":\"https:\/\/www.christiegrey.com\/wp-content\/uploads\/2025\/12\/turret_group.png\",\"datePublished\":\"2025-12-25T13:51:10+00:00\",\"description\":\"Os suportes de torres de borracha RM reduzem vibra\u00e7\u00f5es e ru\u00eddos de frequ\u00eancia m\u00e9dia a alta das m\u00e1quinas movidas a motor, oferecendo durabilidade e longa vida \u00fatil.\",\"breadcrumb\":{\"@id\":\"https:\/\/www.christiegrey.com\/pt-pt\/produto\/suportes-de-torre-de-borracha\/#breadcrumb\"},\"inLanguage\":\"pt-PT\",\"potentialAction\":[{\"@type\":\"ReadAction\",\"target\":[\"https:\/\/www.christiegrey.com\/pt-pt\/produto\/suportes-de-torre-de-borracha\/\"]}]},{\"@type\":\"ImageObject\",\"inLanguage\":\"pt-PT\",\"@id\":\"https:\/\/www.christiegrey.com\/pt-pt\/produto\/suportes-de-torre-de-borracha\/#primaryimage\",\"url\":\"https:\/\/www.christiegrey.com\/wp-content\/uploads\/2025\/12\/turret_group.png\",\"contentUrl\":\"https:\/\/www.christiegrey.com\/wp-content\/uploads\/2025\/12\/turret_group.png\",\"width\":625,\"height\":625,\"caption\":\"Rubber Turret Mountings\"},{\"@type\":\"BreadcrumbList\",\"@id\":\"https:\/\/www.christiegrey.com\/pt-pt\/produto\/suportes-de-torre-de-borracha\/#breadcrumb\",\"itemListElement\":[{\"@type\":\"ListItem\",\"position\":1,\"name\":\"Casa\",\"item\":\"https:\/\/www.christiegrey.com\/\"},{\"@type\":\"ListItem\",\"position\":2,\"name\":\"Nossos Produtos\",\"item\":\"https:\/\/www.christiegrey.com\/pt-pt\/loja\/\"},{\"@type\":\"ListItem\",\"position\":3,\"name\":\"Suportes de Torre de Borracha\"}]},{\"@type\":\"WebSite\",\"@id\":\"https:\/\/www.christiegrey.com\/#website\",\"url\":\"https:\/\/www.christiegrey.com\/\",\"name\":\"Christie & Grey\",\"description\":\"\",\"publisher\":{\"@id\":\"https:\/\/www.christiegrey.com\/#organization\"},\"potentialAction\":[{\"@type\":\"SearchAction\",\"target\":{\"@type\":\"EntryPoint\",\"urlTemplate\":\"https:\/\/www.christiegrey.com\/?s={search_term_string}\"},\"query-input\":{\"@type\":\"PropertyValueSpecification\",\"valueRequired\":true,\"valueName\":\"search_term_string\"}}],\"inLanguage\":\"pt-PT\"},{\"@type\":\"Organization\",\"@id\":\"https:\/\/www.christiegrey.com\/#organization\",\"name\":\"Christie & Grey\",\"url\":\"https:\/\/www.christiegrey.com\/\",\"logo\":{\"@type\":\"ImageObject\",\"inLanguage\":\"pt-PT\",\"@id\":\"https:\/\/www.christiegrey.com\/#\/schema\/logo\/image\/\",\"url\":\"https:\/\/www.christiegrey.com\/wp-content\/uploads\/2026\/02\/cropped-logo-scaled-1.png\",\"contentUrl\":\"https:\/\/www.christiegrey.com\/wp-content\/uploads\/2026\/02\/cropped-logo-scaled-1.png\",\"width\":250,\"height\":90,\"caption\":\"Christie & Grey\"},\"image\":{\"@id\":\"https:\/\/www.christiegrey.com\/#\/schema\/logo\/image\/\"},\"sameAs\":[\"https:\/\/www.facebook.com\/christieandgreylimited\",\"https:\/\/x.com\/christiegreyltd\"]}]}<\/script>\n<!-- \/ Yoast SEO plugin. -->","yoast_head_json":{"title":"Montagens de torre de borracha RM para controle de vibra\u00e7\u00e3o","description":"Os suportes de torres de borracha RM reduzem vibra\u00e7\u00f5es e ru\u00eddos de frequ\u00eancia m\u00e9dia a alta das m\u00e1quinas movidas a motor, oferecendo durabilidade e longa vida \u00fatil.","robots":{"index":"index","follow":"follow","max-snippet":"max-snippet:-1","max-image-preview":"max-image-preview:large","max-video-preview":"max-video-preview:-1"},"canonical":"https:\/\/www.christiegrey.com\/pt-pt\/produto\/suportes-de-torre-de-borracha\/","og_locale":"pt_PT","og_type":"article","og_title":"Montagens de torre de borracha RM para controle de vibra\u00e7\u00e3o","og_description":"Os suportes de torres de borracha RM reduzem vibra\u00e7\u00f5es e ru\u00eddos de frequ\u00eancia m\u00e9dia a alta das m\u00e1quinas movidas a motor, oferecendo durabilidade e longa vida \u00fatil.","og_url":"https:\/\/www.christiegrey.com\/pt-pt\/produto\/suportes-de-torre-de-borracha\/","article_publisher":"https:\/\/www.facebook.com\/christieandgreylimited","og_image":[{"width":625,"height":625,"url":"https:\/\/www.christiegrey.com\/wp-content\/uploads\/2025\/12\/turret_group.png","type":"image\/png"}],"twitter_card":"summary_large_image","twitter_site":"@christiegreyltd","schema":{"@context":"https:\/\/schema.org","@graph":[{"@type":"WebPage","@id":"https:\/\/www.christiegrey.com\/pt-pt\/produto\/suportes-de-torre-de-borracha\/","url":"https:\/\/www.christiegrey.com\/pt-pt\/produto\/suportes-de-torre-de-borracha\/","name":"Montagens de torre de borracha RM para controle de vibra\u00e7\u00e3o","isPartOf":{"@id":"https:\/\/www.christiegrey.com\/#website"},"primaryImageOfPage":{"@id":"https:\/\/www.christiegrey.com\/pt-pt\/produto\/suportes-de-torre-de-borracha\/#primaryimage"},"image":{"@id":"https:\/\/www.christiegrey.com\/pt-pt\/produto\/suportes-de-torre-de-borracha\/#primaryimage"},"thumbnailUrl":"https:\/\/www.christiegrey.com\/wp-content\/uploads\/2025\/12\/turret_group.png","datePublished":"2025-12-25T13:51:10+00:00","description":"Os suportes de torres de borracha RM reduzem vibra\u00e7\u00f5es e ru\u00eddos de frequ\u00eancia m\u00e9dia a alta das m\u00e1quinas movidas a motor, oferecendo durabilidade e longa vida \u00fatil.","breadcrumb":{"@id":"https:\/\/www.christiegrey.com\/pt-pt\/produto\/suportes-de-torre-de-borracha\/#breadcrumb"},"inLanguage":"pt-PT","potentialAction":[{"@type":"ReadAction","target":["https:\/\/www.christiegrey.com\/pt-pt\/produto\/suportes-de-torre-de-borracha\/"]}]},{"@type":"ImageObject","inLanguage":"pt-PT","@id":"https:\/\/www.christiegrey.com\/pt-pt\/produto\/suportes-de-torre-de-borracha\/#primaryimage","url":"https:\/\/www.christiegrey.com\/wp-content\/uploads\/2025\/12\/turret_group.png","contentUrl":"https:\/\/www.christiegrey.com\/wp-content\/uploads\/2025\/12\/turret_group.png","width":625,"height":625,"caption":"Rubber Turret Mountings"},{"@type":"BreadcrumbList","@id":"https:\/\/www.christiegrey.com\/pt-pt\/produto\/suportes-de-torre-de-borracha\/#breadcrumb","itemListElement":[{"@type":"ListItem","position":1,"name":"Casa","item":"https:\/\/www.christiegrey.com\/"},{"@type":"ListItem","position":2,"name":"Nossos Produtos","item":"https:\/\/www.christiegrey.com\/pt-pt\/loja\/"},{"@type":"ListItem","position":3,"name":"Suportes de Torre de Borracha"}]},{"@type":"WebSite","@id":"https:\/\/www.christiegrey.com\/#website","url":"https:\/\/www.christiegrey.com\/","name":"Christie & Grey","description":"","publisher":{"@id":"https:\/\/www.christiegrey.com\/#organization"},"potentialAction":[{"@type":"SearchAction","target":{"@type":"EntryPoint","urlTemplate":"https:\/\/www.christiegrey.com\/?s={search_term_string}"},"query-input":{"@type":"PropertyValueSpecification","valueRequired":true,"valueName":"search_term_string"}}],"inLanguage":"pt-PT"},{"@type":"Organization","@id":"https:\/\/www.christiegrey.com\/#organization","name":"Christie & Grey","url":"https:\/\/www.christiegrey.com\/","logo":{"@type":"ImageObject","inLanguage":"pt-PT","@id":"https:\/\/www.christiegrey.com\/#\/schema\/logo\/image\/","url":"https:\/\/www.christiegrey.com\/wp-content\/uploads\/2026\/02\/cropped-logo-scaled-1.png","contentUrl":"https:\/\/www.christiegrey.com\/wp-content\/uploads\/2026\/02\/cropped-logo-scaled-1.png","width":250,"height":90,"caption":"Christie & Grey"},"image":{"@id":"https:\/\/www.christiegrey.com\/#\/schema\/logo\/image\/"},"sameAs":["https:\/\/www.facebook.com\/christieandgreylimited","https:\/\/x.com\/christiegreyltd"]}]}},"_links":{"self":[{"href":"https:\/\/www.christiegrey.com\/pt-pt\/wp-json\/wp\/v2\/product\/4283","targetHints":{"allow":["GET"]}}],"collection":[{"href":"https:\/\/www.christiegrey.com\/pt-pt\/wp-json\/wp\/v2\/product"}],"about":[{"href":"https:\/\/www.christiegrey.com\/pt-pt\/wp-json\/wp\/v2\/types\/product"}],"replies":[{"embeddable":true,"href":"https:\/\/www.christiegrey.com\/pt-pt\/wp-json\/wp\/v2\/comments?post=4283"}],"wp:featuredmedia":[{"embeddable":true,"href":"https:\/\/www.christiegrey.com\/pt-pt\/wp-json\/wp\/v2\/media\/1038"}],"wp:attachment":[{"href":"https:\/\/www.christiegrey.com\/pt-pt\/wp-json\/wp\/v2\/media?parent=4283"}],"wp:term":[{"taxonomy":"product_brand","embeddable":true,"href":"https:\/\/www.christiegrey.com\/pt-pt\/wp-json\/wp\/v2\/product_brand?post=4283"},{"taxonomy":"product_cat","embeddable":true,"href":"https:\/\/www.christiegrey.com\/pt-pt\/wp-json\/wp\/v2\/product_cat?post=4283"},{"taxonomy":"product_tag","embeddable":true,"href":"https:\/\/www.christiegrey.com\/pt-pt\/wp-json\/wp\/v2\/product_tag?post=4283"}],"curies":[{"name":"wp","href":"https:\/\/api.w.org\/{rel}","templated":true}]}}