{"id":4269,"date":"2025-12-25T13:54:59","date_gmt":"2025-12-25T13:54:59","guid":{"rendered":"https:\/\/www.christiegrey.com\/product\/quadros-de-derramamento-por-inercia\/"},"modified":"2025-12-25T13:54:59","modified_gmt":"2025-12-25T13:54:59","slug":"quadros-de-derramamento-por-inercia","status":"publish","type":"product","link":"https:\/\/www.christiegrey.com\/pt-pt\/produto\/quadros-de-derramamento-por-inercia\/","title":{"rendered":"Quadros de Derramamento por In\u00e9rcia"},"content":{"rendered":"<p>Os Chassis de Derramamento por In\u00e9rcia foram desenvolvidos para uso em m\u00e1quinas que produzem altos n\u00edveis de vibra\u00e7\u00e3o, que s\u00e3o submetidas a for\u00e7as externas ou simplesmente inst\u00e1veis quando montadas diretamente em suportes de mola ou borracha.<\/p>\n<p>O uso de estruturas de a\u00e7o preenchidas com concreto tipo IPF permite o uso de sistemas de montagem de alta deflex\u00e3o e baixa rigidez, proporcionando isolamento de vibra\u00e7\u00e3o extremamente alto sem movimento excessivo.<\/p>\n","protected":false},"excerpt":{"rendered":"<p>Tipo IPF<\/p>\n","protected":false},"featured_media":1040,"comment_status":"open","ping_status":"closed","template":"","meta":{"_acf_changed":false},"product_brand":[],"product_cat":[127,128,112,111,125,126],"product_tag":[],"class_list":{"0":"post-4269","1":"product","2":"type-product","3":"status-publish","4":"has-post-thumbnail","6":"product_cat-bombas-compressores-e-resfriadores","7":"product_cat-produtos-de-parede-acustica","8":"product_cat-produtos-para-tetos-acusticos","9":"product_cat-solucoes-de-construcao","10":"product_cat-solucoes-industriais","11":"product_cat-ventiladores-e-unidades-de-tratamento-de-ar","13":"first","14":"instock","15":"shipping-taxable","16":"purchasable","17":"product-type-simple"},"acf":[],"yoast_head":"<!-- This site is optimized with the Yoast SEO plugin v27.0 - https:\/\/yoast.com\/product\/yoast-seo-wordpress\/ -->\n<title>Quadros de Derramamento de In\u00e9rcia (Tipo IPF) para alto isolamento de vibra\u00e7\u00e3o<\/title>\n<meta name=\"description\" content=\"Os Chassis de Derramamento por In\u00e9rcia utilizam a\u00e7o preenchido com concreto para proporcionar alto isolamento de vibra\u00e7\u00e3o em m\u00e1quinas com alta vibra\u00e7\u00e3o ou condi\u00e7\u00f5es de montagem inst\u00e1veis.\" \/>\n<meta name=\"robots\" content=\"index, follow, max-snippet:-1, max-image-preview:large, max-video-preview:-1\" \/>\n<link rel=\"canonical\" href=\"https:\/\/www.christiegrey.com\/pt-pt\/produto\/quadros-de-derramamento-por-inercia\/\" \/>\n<meta property=\"og:locale\" content=\"pt_PT\" \/>\n<meta property=\"og:type\" content=\"article\" \/>\n<meta property=\"og:title\" content=\"Quadros de Derramamento de In\u00e9rcia (Tipo IPF) para alto isolamento de vibra\u00e7\u00e3o\" \/>\n<meta property=\"og:description\" content=\"Os Chassis de Derramamento por In\u00e9rcia utilizam a\u00e7o preenchido com concreto para proporcionar alto isolamento de vibra\u00e7\u00e3o em m\u00e1quinas com alta vibra\u00e7\u00e3o ou condi\u00e7\u00f5es de montagem inst\u00e1veis.\" \/>\n<meta property=\"og:url\" content=\"https:\/\/www.christiegrey.com\/pt-pt\/produto\/quadros-de-derramamento-por-inercia\/\" \/>\n<meta property=\"article:publisher\" content=\"https:\/\/www.facebook.com\/christieandgreylimited\" \/>\n<meta property=\"og:image\" content=\"https:\/\/www.christiegrey.com\/wp-content\/uploads\/2025\/12\/ipf_365_365.jpg\" \/>\n\t<meta property=\"og:image:width\" content=\"365\" \/>\n\t<meta property=\"og:image:height\" content=\"365\" \/>\n\t<meta property=\"og:image:type\" content=\"image\/jpeg\" \/>\n<meta name=\"twitter:card\" content=\"summary_large_image\" \/>\n<meta name=\"twitter:site\" content=\"@christiegreyltd\" \/>\n<script type=\"application\/ld+json\" class=\"yoast-schema-graph\">{\"@context\":\"https:\/\/schema.org\",\"@graph\":[{\"@type\":\"WebPage\",\"@id\":\"https:\/\/www.christiegrey.com\/pt-pt\/produto\/quadros-de-derramamento-por-inercia\/\",\"url\":\"https:\/\/www.christiegrey.com\/pt-pt\/produto\/quadros-de-derramamento-por-inercia\/\",\"name\":\"Quadros de Derramamento de In\u00e9rcia (Tipo IPF) para alto isolamento de vibra\u00e7\u00e3o\",\"isPartOf\":{\"@id\":\"https:\/\/www.christiegrey.com\/#website\"},\"primaryImageOfPage\":{\"@id\":\"https:\/\/www.christiegrey.com\/pt-pt\/produto\/quadros-de-derramamento-por-inercia\/#primaryimage\"},\"image\":{\"@id\":\"https:\/\/www.christiegrey.com\/pt-pt\/produto\/quadros-de-derramamento-por-inercia\/#primaryimage\"},\"thumbnailUrl\":\"https:\/\/www.christiegrey.com\/wp-content\/uploads\/2025\/12\/ipf_365_365.jpg\",\"datePublished\":\"2025-12-25T13:54:59+00:00\",\"description\":\"Os Chassis de Derramamento por In\u00e9rcia utilizam a\u00e7o preenchido com concreto para proporcionar alto isolamento de vibra\u00e7\u00e3o em m\u00e1quinas com alta vibra\u00e7\u00e3o ou condi\u00e7\u00f5es de montagem inst\u00e1veis.\",\"breadcrumb\":{\"@id\":\"https:\/\/www.christiegrey.com\/pt-pt\/produto\/quadros-de-derramamento-por-inercia\/#breadcrumb\"},\"inLanguage\":\"pt-PT\",\"potentialAction\":[{\"@type\":\"ReadAction\",\"target\":[\"https:\/\/www.christiegrey.com\/pt-pt\/produto\/quadros-de-derramamento-por-inercia\/\"]}]},{\"@type\":\"ImageObject\",\"inLanguage\":\"pt-PT\",\"@id\":\"https:\/\/www.christiegrey.com\/pt-pt\/produto\/quadros-de-derramamento-por-inercia\/#primaryimage\",\"url\":\"https:\/\/www.christiegrey.com\/wp-content\/uploads\/2025\/12\/ipf_365_365.jpg\",\"contentUrl\":\"https:\/\/www.christiegrey.com\/wp-content\/uploads\/2025\/12\/ipf_365_365.jpg\",\"width\":365,\"height\":365,\"caption\":\"Type IPF concrete pouring frames\"},{\"@type\":\"BreadcrumbList\",\"@id\":\"https:\/\/www.christiegrey.com\/pt-pt\/produto\/quadros-de-derramamento-por-inercia\/#breadcrumb\",\"itemListElement\":[{\"@type\":\"ListItem\",\"position\":1,\"name\":\"Casa\",\"item\":\"https:\/\/www.christiegrey.com\/\"},{\"@type\":\"ListItem\",\"position\":2,\"name\":\"Nossos Produtos\",\"item\":\"https:\/\/www.christiegrey.com\/pt-pt\/loja\/\"},{\"@type\":\"ListItem\",\"position\":3,\"name\":\"Quadros de Derramamento por In\u00e9rcia\"}]},{\"@type\":\"WebSite\",\"@id\":\"https:\/\/www.christiegrey.com\/#website\",\"url\":\"https:\/\/www.christiegrey.com\/\",\"name\":\"Christie & Grey\",\"description\":\"\",\"publisher\":{\"@id\":\"https:\/\/www.christiegrey.com\/#organization\"},\"potentialAction\":[{\"@type\":\"SearchAction\",\"target\":{\"@type\":\"EntryPoint\",\"urlTemplate\":\"https:\/\/www.christiegrey.com\/?s={search_term_string}\"},\"query-input\":{\"@type\":\"PropertyValueSpecification\",\"valueRequired\":true,\"valueName\":\"search_term_string\"}}],\"inLanguage\":\"pt-PT\"},{\"@type\":\"Organization\",\"@id\":\"https:\/\/www.christiegrey.com\/#organization\",\"name\":\"Christie & Grey\",\"url\":\"https:\/\/www.christiegrey.com\/\",\"logo\":{\"@type\":\"ImageObject\",\"inLanguage\":\"pt-PT\",\"@id\":\"https:\/\/www.christiegrey.com\/#\/schema\/logo\/image\/\",\"url\":\"https:\/\/www.christiegrey.com\/wp-content\/uploads\/2026\/02\/cropped-logo-scaled-1.png\",\"contentUrl\":\"https:\/\/www.christiegrey.com\/wp-content\/uploads\/2026\/02\/cropped-logo-scaled-1.png\",\"width\":250,\"height\":90,\"caption\":\"Christie & Grey\"},\"image\":{\"@id\":\"https:\/\/www.christiegrey.com\/#\/schema\/logo\/image\/\"},\"sameAs\":[\"https:\/\/www.facebook.com\/christieandgreylimited\",\"https:\/\/x.com\/christiegreyltd\"]}]}<\/script>\n<!-- \/ Yoast SEO plugin. -->","yoast_head_json":{"title":"Quadros de Derramamento de In\u00e9rcia (Tipo IPF) para alto isolamento de vibra\u00e7\u00e3o","description":"Os Chassis de Derramamento por In\u00e9rcia utilizam a\u00e7o preenchido com concreto para proporcionar alto isolamento de vibra\u00e7\u00e3o em m\u00e1quinas com alta vibra\u00e7\u00e3o ou condi\u00e7\u00f5es de montagem inst\u00e1veis.","robots":{"index":"index","follow":"follow","max-snippet":"max-snippet:-1","max-image-preview":"max-image-preview:large","max-video-preview":"max-video-preview:-1"},"canonical":"https:\/\/www.christiegrey.com\/pt-pt\/produto\/quadros-de-derramamento-por-inercia\/","og_locale":"pt_PT","og_type":"article","og_title":"Quadros de Derramamento de In\u00e9rcia (Tipo IPF) para alto isolamento de vibra\u00e7\u00e3o","og_description":"Os Chassis de Derramamento por In\u00e9rcia utilizam a\u00e7o preenchido com concreto para proporcionar alto isolamento de vibra\u00e7\u00e3o em m\u00e1quinas com alta vibra\u00e7\u00e3o ou condi\u00e7\u00f5es de montagem inst\u00e1veis.","og_url":"https:\/\/www.christiegrey.com\/pt-pt\/produto\/quadros-de-derramamento-por-inercia\/","article_publisher":"https:\/\/www.facebook.com\/christieandgreylimited","og_image":[{"width":365,"height":365,"url":"https:\/\/www.christiegrey.com\/wp-content\/uploads\/2025\/12\/ipf_365_365.jpg","type":"image\/jpeg"}],"twitter_card":"summary_large_image","twitter_site":"@christiegreyltd","schema":{"@context":"https:\/\/schema.org","@graph":[{"@type":"WebPage","@id":"https:\/\/www.christiegrey.com\/pt-pt\/produto\/quadros-de-derramamento-por-inercia\/","url":"https:\/\/www.christiegrey.com\/pt-pt\/produto\/quadros-de-derramamento-por-inercia\/","name":"Quadros de Derramamento de In\u00e9rcia (Tipo IPF) para alto isolamento de vibra\u00e7\u00e3o","isPartOf":{"@id":"https:\/\/www.christiegrey.com\/#website"},"primaryImageOfPage":{"@id":"https:\/\/www.christiegrey.com\/pt-pt\/produto\/quadros-de-derramamento-por-inercia\/#primaryimage"},"image":{"@id":"https:\/\/www.christiegrey.com\/pt-pt\/produto\/quadros-de-derramamento-por-inercia\/#primaryimage"},"thumbnailUrl":"https:\/\/www.christiegrey.com\/wp-content\/uploads\/2025\/12\/ipf_365_365.jpg","datePublished":"2025-12-25T13:54:59+00:00","description":"Os Chassis de Derramamento por In\u00e9rcia utilizam a\u00e7o preenchido com concreto para proporcionar alto isolamento de vibra\u00e7\u00e3o em m\u00e1quinas com alta vibra\u00e7\u00e3o ou condi\u00e7\u00f5es de montagem inst\u00e1veis.","breadcrumb":{"@id":"https:\/\/www.christiegrey.com\/pt-pt\/produto\/quadros-de-derramamento-por-inercia\/#breadcrumb"},"inLanguage":"pt-PT","potentialAction":[{"@type":"ReadAction","target":["https:\/\/www.christiegrey.com\/pt-pt\/produto\/quadros-de-derramamento-por-inercia\/"]}]},{"@type":"ImageObject","inLanguage":"pt-PT","@id":"https:\/\/www.christiegrey.com\/pt-pt\/produto\/quadros-de-derramamento-por-inercia\/#primaryimage","url":"https:\/\/www.christiegrey.com\/wp-content\/uploads\/2025\/12\/ipf_365_365.jpg","contentUrl":"https:\/\/www.christiegrey.com\/wp-content\/uploads\/2025\/12\/ipf_365_365.jpg","width":365,"height":365,"caption":"Type IPF concrete pouring frames"},{"@type":"BreadcrumbList","@id":"https:\/\/www.christiegrey.com\/pt-pt\/produto\/quadros-de-derramamento-por-inercia\/#breadcrumb","itemListElement":[{"@type":"ListItem","position":1,"name":"Casa","item":"https:\/\/www.christiegrey.com\/"},{"@type":"ListItem","position":2,"name":"Nossos Produtos","item":"https:\/\/www.christiegrey.com\/pt-pt\/loja\/"},{"@type":"ListItem","position":3,"name":"Quadros de Derramamento por In\u00e9rcia"}]},{"@type":"WebSite","@id":"https:\/\/www.christiegrey.com\/#website","url":"https:\/\/www.christiegrey.com\/","name":"Christie & Grey","description":"","publisher":{"@id":"https:\/\/www.christiegrey.com\/#organization"},"potentialAction":[{"@type":"SearchAction","target":{"@type":"EntryPoint","urlTemplate":"https:\/\/www.christiegrey.com\/?s={search_term_string}"},"query-input":{"@type":"PropertyValueSpecification","valueRequired":true,"valueName":"search_term_string"}}],"inLanguage":"pt-PT"},{"@type":"Organization","@id":"https:\/\/www.christiegrey.com\/#organization","name":"Christie & Grey","url":"https:\/\/www.christiegrey.com\/","logo":{"@type":"ImageObject","inLanguage":"pt-PT","@id":"https:\/\/www.christiegrey.com\/#\/schema\/logo\/image\/","url":"https:\/\/www.christiegrey.com\/wp-content\/uploads\/2026\/02\/cropped-logo-scaled-1.png","contentUrl":"https:\/\/www.christiegrey.com\/wp-content\/uploads\/2026\/02\/cropped-logo-scaled-1.png","width":250,"height":90,"caption":"Christie & Grey"},"image":{"@id":"https:\/\/www.christiegrey.com\/#\/schema\/logo\/image\/"},"sameAs":["https:\/\/www.facebook.com\/christieandgreylimited","https:\/\/x.com\/christiegreyltd"]}]}},"_links":{"self":[{"href":"https:\/\/www.christiegrey.com\/pt-pt\/wp-json\/wp\/v2\/product\/4269","targetHints":{"allow":["GET"]}}],"collection":[{"href":"https:\/\/www.christiegrey.com\/pt-pt\/wp-json\/wp\/v2\/product"}],"about":[{"href":"https:\/\/www.christiegrey.com\/pt-pt\/wp-json\/wp\/v2\/types\/product"}],"replies":[{"embeddable":true,"href":"https:\/\/www.christiegrey.com\/pt-pt\/wp-json\/wp\/v2\/comments?post=4269"}],"wp:featuredmedia":[{"embeddable":true,"href":"https:\/\/www.christiegrey.com\/pt-pt\/wp-json\/wp\/v2\/media\/1040"}],"wp:attachment":[{"href":"https:\/\/www.christiegrey.com\/pt-pt\/wp-json\/wp\/v2\/media?parent=4269"}],"wp:term":[{"taxonomy":"product_brand","embeddable":true,"href":"https:\/\/www.christiegrey.com\/pt-pt\/wp-json\/wp\/v2\/product_brand?post=4269"},{"taxonomy":"product_cat","embeddable":true,"href":"https:\/\/www.christiegrey.com\/pt-pt\/wp-json\/wp\/v2\/product_cat?post=4269"},{"taxonomy":"product_tag","embeddable":true,"href":"https:\/\/www.christiegrey.com\/pt-pt\/wp-json\/wp\/v2\/product_tag?post=4269"}],"curies":[{"name":"wp","href":"https:\/\/api.w.org\/{rel}","templated":true}]}}