{"id":4249,"date":"2025-12-25T14:11:34","date_gmt":"2025-12-25T14:11:34","guid":{"rendered":"https:\/\/www.christiegrey.com\/product\/piso-acustico-flutuante-sistema-de-trilho-de-vigas\/"},"modified":"2026-01-30T21:51:15","modified_gmt":"2026-01-30T21:51:15","slug":"piso-acustico-flutuante-sistema-de-trilho-de-vigas","status":"publish","type":"product","link":"https:\/\/www.christiegrey.com\/pt-pt\/produto\/piso-acustico-flutuante-sistema-de-trilho-de-vigas\/","title":{"rendered":"Piso Ac\u00fastico Flutuante &#8211; Sistema de Trilho de Vigas"},"content":{"rendered":"<p>O princ\u00edpio de suportar duas massas separadas para melhorar significativamente o desempenho padr\u00e3o da lei ac\u00fastica de massa \u00e9 bem compreendido.<\/p>\n<p>O termo &#8220;Piso Flutuante&#8221; \u00e9 uma express\u00e3o relativamente nova que ganhou popularidade nos \u00faltimos anos, mas o m\u00e9todo de sustentar uma estrutura de piso sobre rolamentos resilientes de uma laje estrutural foi aplicado e desenvolvido pela Christie and Grey ao longo de grande parte de seus 100 anos de hist\u00f3ria. Exemplos desse trabalho ainda existentes datam do in\u00edcio da d\u00e9cada de 1960. <\/p>\n<p>O desenvolvimento de materiais estruturais permitiu que arquitetos e engenheiros fizessem cada vez mais uso de estruturas leves em projetos modernos de edif\u00edcios. Isso destacou a necessidade de considerar cuidadosamente as caracter\u00edsticas de perda por ru\u00eddo, choque e vibra\u00e7\u00e3o dessas estruturas. <\/p>\n<p>Em particular, para edif\u00edcios altos, a proximidade de \u00e1reas &#8220;barulhentas ou altas&#8221; e &#8220;silenciosas ou cr\u00edticas&#8221; aumenta significativamente o potencial para uso de materiais ac\u00fasticos e isoladores de vibra\u00e7\u00f5es, incluindo pisos flutuantes.<\/p>\n<p>Por exemplo, pode ser necess\u00e1rio isolar uma sala de m\u00e1quinas do escrit\u00f3rio abaixo, reduzir ru\u00eddos externos, como aeronaves voando baixo penetrando no telhado de um pr\u00e9dio ou diminuir a transmiss\u00e3o do ru\u00eddo de impacto de passos de um apartamento para outro abaixo.<\/p>\n<p>Os Sistemas Ac\u00fasticos de Piso-Flutuante SRS foram usados com sucesso em aplica\u00e7\u00f5es como salas de instala\u00e7\u00f5es, escrit\u00f3rios, pr\u00e9dios de apartamentos prestigiados, est\u00fadios de TV, r\u00e1dio e grava\u00e7\u00e3o, cinemas, salas de concerto e salas de audiometria.<\/p>\n","protected":false},"excerpt":{"rendered":"<p>Tipo SRS<\/p>\n","protected":false},"featured_media":1053,"comment_status":"open","ping_status":"closed","template":"","meta":{"_acf_changed":false},"product_brand":[],"product_cat":[117,111],"product_tag":[],"class_list":{"0":"post-4249","1":"product","2":"type-product","3":"status-publish","4":"has-post-thumbnail","6":"product_cat-pisos-flutuantes","7":"product_cat-solucoes-de-construcao","9":"first","10":"instock","11":"shipping-taxable","12":"purchasable","13":"product-type-simple"},"acf":[],"yoast_head":"<!-- This site is optimized with the Yoast SEO plugin v27.0 - https:\/\/yoast.com\/product\/yoast-seo-wordpress\/ -->\n<title>Sistema de trilho de piso ac\u00fastico flutuante | Christie Grey<\/title>\n<meta name=\"description\" content=\"O Sistema de Piso-Piso Ac\u00fastico Flutuante \u2013 Trilho de Pilar (Tipo SRS) foi projetado para melhorar significativamente o isolamento ac\u00fastico, suportando massas estruturais separadas.\" \/>\n<meta name=\"robots\" content=\"index, follow, max-snippet:-1, max-image-preview:large, max-video-preview:-1\" \/>\n<link rel=\"canonical\" href=\"https:\/\/www.christiegrey.com\/pt-pt\/produto\/piso-acustico-flutuante-sistema-de-trilho-de-vigas\/\" \/>\n<meta property=\"og:locale\" content=\"pt_PT\" \/>\n<meta property=\"og:type\" content=\"article\" \/>\n<meta property=\"og:title\" content=\"Sistema de trilho de piso ac\u00fastico flutuante | Christie Grey\" \/>\n<meta property=\"og:description\" content=\"O Sistema de Piso-Piso Ac\u00fastico Flutuante \u2013 Trilho de Pilar (Tipo SRS) foi projetado para melhorar significativamente o isolamento ac\u00fastico, suportando massas estruturais separadas.\" \/>\n<meta property=\"og:url\" content=\"https:\/\/www.christiegrey.com\/pt-pt\/produto\/piso-acustico-flutuante-sistema-de-trilho-de-vigas\/\" \/>\n<meta property=\"article:publisher\" content=\"https:\/\/www.facebook.com\/christieandgreylimited\" \/>\n<meta property=\"article:modified_time\" content=\"2026-01-30T21:51:15+00:00\" \/>\n<meta property=\"og:image\" content=\"https:\/\/www.christiegrey.com\/wp-content\/uploads\/2025\/12\/srs-floor_365_365.jpg\" \/>\n\t<meta property=\"og:image:width\" content=\"365\" \/>\n\t<meta property=\"og:image:height\" content=\"365\" \/>\n\t<meta property=\"og:image:type\" content=\"image\/jpeg\" \/>\n<meta name=\"twitter:card\" content=\"summary_large_image\" \/>\n<meta name=\"twitter:site\" content=\"@christiegreyltd\" \/>\n<meta name=\"twitter:label1\" content=\"Tempo estimado de leitura\" \/>\n\t<meta name=\"twitter:data1\" content=\"1 minuto\" \/>\n<script type=\"application\/ld+json\" class=\"yoast-schema-graph\">{\"@context\":\"https:\/\/schema.org\",\"@graph\":[{\"@type\":\"WebPage\",\"@id\":\"https:\/\/www.christiegrey.com\/pt-pt\/produto\/piso-acustico-flutuante-sistema-de-trilho-de-vigas\/\",\"url\":\"https:\/\/www.christiegrey.com\/pt-pt\/produto\/piso-acustico-flutuante-sistema-de-trilho-de-vigas\/\",\"name\":\"Sistema de trilho de piso ac\u00fastico flutuante | Christie Grey\",\"isPartOf\":{\"@id\":\"https:\/\/www.christiegrey.com\/#website\"},\"primaryImageOfPage\":{\"@id\":\"https:\/\/www.christiegrey.com\/pt-pt\/produto\/piso-acustico-flutuante-sistema-de-trilho-de-vigas\/#primaryimage\"},\"image\":{\"@id\":\"https:\/\/www.christiegrey.com\/pt-pt\/produto\/piso-acustico-flutuante-sistema-de-trilho-de-vigas\/#primaryimage\"},\"thumbnailUrl\":\"https:\/\/www.christiegrey.com\/wp-content\/uploads\/2025\/12\/srs-floor_365_365.jpg\",\"datePublished\":\"2025-12-25T14:11:34+00:00\",\"dateModified\":\"2026-01-30T21:51:15+00:00\",\"description\":\"O Sistema de Piso-Piso Ac\u00fastico Flutuante \u2013 Trilho de Pilar (Tipo SRS) foi projetado para melhorar significativamente o isolamento ac\u00fastico, suportando massas estruturais separadas.\",\"breadcrumb\":{\"@id\":\"https:\/\/www.christiegrey.com\/pt-pt\/produto\/piso-acustico-flutuante-sistema-de-trilho-de-vigas\/#breadcrumb\"},\"inLanguage\":\"pt-PT\",\"potentialAction\":[{\"@type\":\"ReadAction\",\"target\":[\"https:\/\/www.christiegrey.com\/pt-pt\/produto\/piso-acustico-flutuante-sistema-de-trilho-de-vigas\/\"]}]},{\"@type\":\"ImageObject\",\"inLanguage\":\"pt-PT\",\"@id\":\"https:\/\/www.christiegrey.com\/pt-pt\/produto\/piso-acustico-flutuante-sistema-de-trilho-de-vigas\/#primaryimage\",\"url\":\"https:\/\/www.christiegrey.com\/wp-content\/uploads\/2025\/12\/srs-floor_365_365.jpg\",\"contentUrl\":\"https:\/\/www.christiegrey.com\/wp-content\/uploads\/2025\/12\/srs-floor_365_365.jpg\",\"width\":365,\"height\":365,\"caption\":\"Acoustic Floating Floor - Stud Rail System\"},{\"@type\":\"BreadcrumbList\",\"@id\":\"https:\/\/www.christiegrey.com\/pt-pt\/produto\/piso-acustico-flutuante-sistema-de-trilho-de-vigas\/#breadcrumb\",\"itemListElement\":[{\"@type\":\"ListItem\",\"position\":1,\"name\":\"Casa\",\"item\":\"https:\/\/www.christiegrey.com\/\"},{\"@type\":\"ListItem\",\"position\":2,\"name\":\"Nossos Produtos\",\"item\":\"https:\/\/www.christiegrey.com\/pt-pt\/loja\/\"},{\"@type\":\"ListItem\",\"position\":3,\"name\":\"Piso Ac\u00fastico Flutuante &#8211; Sistema de Trilho de Vigas\"}]},{\"@type\":\"WebSite\",\"@id\":\"https:\/\/www.christiegrey.com\/#website\",\"url\":\"https:\/\/www.christiegrey.com\/\",\"name\":\"Christie & Grey\",\"description\":\"\",\"publisher\":{\"@id\":\"https:\/\/www.christiegrey.com\/#organization\"},\"potentialAction\":[{\"@type\":\"SearchAction\",\"target\":{\"@type\":\"EntryPoint\",\"urlTemplate\":\"https:\/\/www.christiegrey.com\/?s={search_term_string}\"},\"query-input\":{\"@type\":\"PropertyValueSpecification\",\"valueRequired\":true,\"valueName\":\"search_term_string\"}}],\"inLanguage\":\"pt-PT\"},{\"@type\":\"Organization\",\"@id\":\"https:\/\/www.christiegrey.com\/#organization\",\"name\":\"Christie & Grey\",\"url\":\"https:\/\/www.christiegrey.com\/\",\"logo\":{\"@type\":\"ImageObject\",\"inLanguage\":\"pt-PT\",\"@id\":\"https:\/\/www.christiegrey.com\/#\/schema\/logo\/image\/\",\"url\":\"https:\/\/www.christiegrey.com\/wp-content\/uploads\/2026\/02\/cropped-logo-scaled-1.png\",\"contentUrl\":\"https:\/\/www.christiegrey.com\/wp-content\/uploads\/2026\/02\/cropped-logo-scaled-1.png\",\"width\":250,\"height\":90,\"caption\":\"Christie & Grey\"},\"image\":{\"@id\":\"https:\/\/www.christiegrey.com\/#\/schema\/logo\/image\/\"},\"sameAs\":[\"https:\/\/www.facebook.com\/christieandgreylimited\",\"https:\/\/x.com\/christiegreyltd\"]}]}<\/script>\n<!-- \/ Yoast SEO plugin. -->","yoast_head_json":{"title":"Sistema de trilho de piso ac\u00fastico flutuante | Christie Grey","description":"O Sistema de Piso-Piso Ac\u00fastico Flutuante \u2013 Trilho de Pilar (Tipo SRS) foi projetado para melhorar significativamente o isolamento ac\u00fastico, suportando massas estruturais separadas.","robots":{"index":"index","follow":"follow","max-snippet":"max-snippet:-1","max-image-preview":"max-image-preview:large","max-video-preview":"max-video-preview:-1"},"canonical":"https:\/\/www.christiegrey.com\/pt-pt\/produto\/piso-acustico-flutuante-sistema-de-trilho-de-vigas\/","og_locale":"pt_PT","og_type":"article","og_title":"Sistema de trilho de piso ac\u00fastico flutuante | Christie Grey","og_description":"O Sistema de Piso-Piso Ac\u00fastico Flutuante \u2013 Trilho de Pilar (Tipo SRS) foi projetado para melhorar significativamente o isolamento ac\u00fastico, suportando massas estruturais separadas.","og_url":"https:\/\/www.christiegrey.com\/pt-pt\/produto\/piso-acustico-flutuante-sistema-de-trilho-de-vigas\/","article_publisher":"https:\/\/www.facebook.com\/christieandgreylimited","article_modified_time":"2026-01-30T21:51:15+00:00","og_image":[{"width":365,"height":365,"url":"https:\/\/www.christiegrey.com\/wp-content\/uploads\/2025\/12\/srs-floor_365_365.jpg","type":"image\/jpeg"}],"twitter_card":"summary_large_image","twitter_site":"@christiegreyltd","twitter_misc":{"Tempo estimado de leitura":"1 minuto"},"schema":{"@context":"https:\/\/schema.org","@graph":[{"@type":"WebPage","@id":"https:\/\/www.christiegrey.com\/pt-pt\/produto\/piso-acustico-flutuante-sistema-de-trilho-de-vigas\/","url":"https:\/\/www.christiegrey.com\/pt-pt\/produto\/piso-acustico-flutuante-sistema-de-trilho-de-vigas\/","name":"Sistema de trilho de piso ac\u00fastico flutuante | Christie Grey","isPartOf":{"@id":"https:\/\/www.christiegrey.com\/#website"},"primaryImageOfPage":{"@id":"https:\/\/www.christiegrey.com\/pt-pt\/produto\/piso-acustico-flutuante-sistema-de-trilho-de-vigas\/#primaryimage"},"image":{"@id":"https:\/\/www.christiegrey.com\/pt-pt\/produto\/piso-acustico-flutuante-sistema-de-trilho-de-vigas\/#primaryimage"},"thumbnailUrl":"https:\/\/www.christiegrey.com\/wp-content\/uploads\/2025\/12\/srs-floor_365_365.jpg","datePublished":"2025-12-25T14:11:34+00:00","dateModified":"2026-01-30T21:51:15+00:00","description":"O Sistema de Piso-Piso Ac\u00fastico Flutuante \u2013 Trilho de Pilar (Tipo SRS) foi projetado para melhorar significativamente o isolamento ac\u00fastico, suportando massas estruturais separadas.","breadcrumb":{"@id":"https:\/\/www.christiegrey.com\/pt-pt\/produto\/piso-acustico-flutuante-sistema-de-trilho-de-vigas\/#breadcrumb"},"inLanguage":"pt-PT","potentialAction":[{"@type":"ReadAction","target":["https:\/\/www.christiegrey.com\/pt-pt\/produto\/piso-acustico-flutuante-sistema-de-trilho-de-vigas\/"]}]},{"@type":"ImageObject","inLanguage":"pt-PT","@id":"https:\/\/www.christiegrey.com\/pt-pt\/produto\/piso-acustico-flutuante-sistema-de-trilho-de-vigas\/#primaryimage","url":"https:\/\/www.christiegrey.com\/wp-content\/uploads\/2025\/12\/srs-floor_365_365.jpg","contentUrl":"https:\/\/www.christiegrey.com\/wp-content\/uploads\/2025\/12\/srs-floor_365_365.jpg","width":365,"height":365,"caption":"Acoustic Floating Floor - Stud Rail System"},{"@type":"BreadcrumbList","@id":"https:\/\/www.christiegrey.com\/pt-pt\/produto\/piso-acustico-flutuante-sistema-de-trilho-de-vigas\/#breadcrumb","itemListElement":[{"@type":"ListItem","position":1,"name":"Casa","item":"https:\/\/www.christiegrey.com\/"},{"@type":"ListItem","position":2,"name":"Nossos Produtos","item":"https:\/\/www.christiegrey.com\/pt-pt\/loja\/"},{"@type":"ListItem","position":3,"name":"Piso Ac\u00fastico Flutuante &#8211; Sistema de Trilho de Vigas"}]},{"@type":"WebSite","@id":"https:\/\/www.christiegrey.com\/#website","url":"https:\/\/www.christiegrey.com\/","name":"Christie & Grey","description":"","publisher":{"@id":"https:\/\/www.christiegrey.com\/#organization"},"potentialAction":[{"@type":"SearchAction","target":{"@type":"EntryPoint","urlTemplate":"https:\/\/www.christiegrey.com\/?s={search_term_string}"},"query-input":{"@type":"PropertyValueSpecification","valueRequired":true,"valueName":"search_term_string"}}],"inLanguage":"pt-PT"},{"@type":"Organization","@id":"https:\/\/www.christiegrey.com\/#organization","name":"Christie & Grey","url":"https:\/\/www.christiegrey.com\/","logo":{"@type":"ImageObject","inLanguage":"pt-PT","@id":"https:\/\/www.christiegrey.com\/#\/schema\/logo\/image\/","url":"https:\/\/www.christiegrey.com\/wp-content\/uploads\/2026\/02\/cropped-logo-scaled-1.png","contentUrl":"https:\/\/www.christiegrey.com\/wp-content\/uploads\/2026\/02\/cropped-logo-scaled-1.png","width":250,"height":90,"caption":"Christie & Grey"},"image":{"@id":"https:\/\/www.christiegrey.com\/#\/schema\/logo\/image\/"},"sameAs":["https:\/\/www.facebook.com\/christieandgreylimited","https:\/\/x.com\/christiegreyltd"]}]}},"_links":{"self":[{"href":"https:\/\/www.christiegrey.com\/pt-pt\/wp-json\/wp\/v2\/product\/4249","targetHints":{"allow":["GET"]}}],"collection":[{"href":"https:\/\/www.christiegrey.com\/pt-pt\/wp-json\/wp\/v2\/product"}],"about":[{"href":"https:\/\/www.christiegrey.com\/pt-pt\/wp-json\/wp\/v2\/types\/product"}],"replies":[{"embeddable":true,"href":"https:\/\/www.christiegrey.com\/pt-pt\/wp-json\/wp\/v2\/comments?post=4249"}],"wp:featuredmedia":[{"embeddable":true,"href":"https:\/\/www.christiegrey.com\/pt-pt\/wp-json\/wp\/v2\/media\/1053"}],"wp:attachment":[{"href":"https:\/\/www.christiegrey.com\/pt-pt\/wp-json\/wp\/v2\/media?parent=4249"}],"wp:term":[{"taxonomy":"product_brand","embeddable":true,"href":"https:\/\/www.christiegrey.com\/pt-pt\/wp-json\/wp\/v2\/product_brand?post=4249"},{"taxonomy":"product_cat","embeddable":true,"href":"https:\/\/www.christiegrey.com\/pt-pt\/wp-json\/wp\/v2\/product_cat?post=4249"},{"taxonomy":"product_tag","embeddable":true,"href":"https:\/\/www.christiegrey.com\/pt-pt\/wp-json\/wp\/v2\/product_tag?post=4249"}],"curies":[{"name":"wp","href":"https:\/\/api.w.org\/{rel}","templated":true}]}}