{"id":4167,"date":"2025-12-25T14:39:02","date_gmt":"2025-12-25T14:39:02","guid":{"rendered":"https:\/\/www.christiegrey.com\/product\/cabides-de-borracha\/"},"modified":"2025-12-25T14:39:02","modified_gmt":"2025-12-25T14:39:02","slug":"cabides-de-borracha","status":"publish","type":"product","link":"https:\/\/www.christiegrey.com\/pt-pt\/produto\/cabides-de-borracha\/","title":{"rendered":"Cabides de borracha"},"content":{"rendered":"<p>Uma linha abrangente de cabides de borracha oferecendo desempenho ideal em frequ\u00eancias aud\u00edveis mais altas quando o controle de ru\u00eddo \u00e9 de extrema import\u00e2ncia.<\/p>\n<p>Amplas faixas de carga e necessidades de fixa\u00e7\u00e3o s\u00e3o atendidas. Hangers especializados que combinam molas de a\u00e7o e elementos de borracha est\u00e3o dispon\u00edveis, al\u00e9m de molas de maior deflex\u00e3o, se necess\u00e1rio. <\/p>\n","protected":false},"excerpt":{"rendered":"<p>Tipo RH<\/p>\n","protected":false},"featured_media":4173,"comment_status":"open","ping_status":"closed","template":"","meta":{"_acf_changed":false},"product_brand":[],"product_cat":[112,111],"product_tag":[],"class_list":{"0":"post-4167","1":"product","2":"type-product","3":"status-publish","4":"has-post-thumbnail","6":"product_cat-produtos-para-tetos-acusticos","7":"product_cat-solucoes-de-construcao","9":"first","10":"instock","11":"shipping-taxable","12":"purchasable","13":"product-type-simple"},"acf":[],"yoast_head":"<!-- This site is optimized with the Yoast SEO plugin v27.0 - https:\/\/yoast.com\/product\/yoast-seo-wordpress\/ -->\n<title>Cabides de borracha RH \u2013 Controle de Ru\u00eddo de Alta Frequ\u00eancia<\/title>\n<meta name=\"description\" content=\"RH Rubber Hangers \u00e9 um sistema de controle de ru\u00eddo de alta frequ\u00eancia com amplas faixas de carga, op\u00e7\u00f5es de fixa\u00e7\u00e3o e combina\u00e7\u00f5es de mola e borracha para isolamento eficaz de vibra\u00e7\u00f5es.\" \/>\n<meta name=\"robots\" content=\"index, follow, max-snippet:-1, max-image-preview:large, max-video-preview:-1\" \/>\n<link rel=\"canonical\" href=\"https:\/\/www.christiegrey.com\/pt-pt\/produto\/cabides-de-borracha\/\" \/>\n<meta property=\"og:locale\" content=\"pt_PT\" \/>\n<meta property=\"og:type\" content=\"article\" \/>\n<meta property=\"og:title\" content=\"Cabides de borracha RH \u2013 Controle de Ru\u00eddo de Alta Frequ\u00eancia\" \/>\n<meta property=\"og:description\" content=\"RH Rubber Hangers \u00e9 um sistema de controle de ru\u00eddo de alta frequ\u00eancia com amplas faixas de carga, op\u00e7\u00f5es de fixa\u00e7\u00e3o e combina\u00e7\u00f5es de mola e borracha para isolamento eficaz de vibra\u00e7\u00f5es.\" \/>\n<meta property=\"og:url\" content=\"https:\/\/www.christiegrey.com\/pt-pt\/produto\/cabides-de-borracha\/\" \/>\n<meta property=\"article:publisher\" content=\"https:\/\/www.facebook.com\/christieandgreylimited\" \/>\n<meta property=\"og:image\" content=\"https:\/\/www.christiegrey.com\/wp-content\/uploads\/2025\/12\/rh.png\" \/>\n\t<meta property=\"og:image:width\" content=\"365\" \/>\n\t<meta property=\"og:image:height\" content=\"365\" \/>\n\t<meta property=\"og:image:type\" content=\"image\/png\" \/>\n<meta name=\"twitter:card\" content=\"summary_large_image\" \/>\n<meta name=\"twitter:site\" content=\"@christiegreyltd\" \/>\n<script type=\"application\/ld+json\" class=\"yoast-schema-graph\">{\"@context\":\"https:\/\/schema.org\",\"@graph\":[{\"@type\":\"WebPage\",\"@id\":\"https:\/\/www.christiegrey.com\/pt-pt\/produto\/cabides-de-borracha\/\",\"url\":\"https:\/\/www.christiegrey.com\/pt-pt\/produto\/cabides-de-borracha\/\",\"name\":\"Cabides de borracha RH \u2013 Controle de Ru\u00eddo de Alta Frequ\u00eancia\",\"isPartOf\":{\"@id\":\"https:\/\/www.christiegrey.com\/#website\"},\"primaryImageOfPage\":{\"@id\":\"https:\/\/www.christiegrey.com\/pt-pt\/produto\/cabides-de-borracha\/#primaryimage\"},\"image\":{\"@id\":\"https:\/\/www.christiegrey.com\/pt-pt\/produto\/cabides-de-borracha\/#primaryimage\"},\"thumbnailUrl\":\"https:\/\/www.christiegrey.com\/wp-content\/uploads\/2025\/12\/christie-grey.9copy-scaled.jpg\",\"datePublished\":\"2025-12-25T14:39:02+00:00\",\"description\":\"RH Rubber Hangers \u00e9 um sistema de controle de ru\u00eddo de alta frequ\u00eancia com amplas faixas de carga, op\u00e7\u00f5es de fixa\u00e7\u00e3o e combina\u00e7\u00f5es de mola e borracha para isolamento eficaz de vibra\u00e7\u00f5es.\",\"breadcrumb\":{\"@id\":\"https:\/\/www.christiegrey.com\/pt-pt\/produto\/cabides-de-borracha\/#breadcrumb\"},\"inLanguage\":\"pt-PT\",\"potentialAction\":[{\"@type\":\"ReadAction\",\"target\":[\"https:\/\/www.christiegrey.com\/pt-pt\/produto\/cabides-de-borracha\/\"]}]},{\"@type\":\"ImageObject\",\"inLanguage\":\"pt-PT\",\"@id\":\"https:\/\/www.christiegrey.com\/pt-pt\/produto\/cabides-de-borracha\/#primaryimage\",\"url\":\"https:\/\/www.christiegrey.com\/wp-content\/uploads\/2025\/12\/christie-grey.9copy-scaled.jpg\",\"contentUrl\":\"https:\/\/www.christiegrey.com\/wp-content\/uploads\/2025\/12\/christie-grey.9copy-scaled.jpg\",\"width\":1828,\"height\":2560,\"caption\":\"Rubber Hangers\"},{\"@type\":\"BreadcrumbList\",\"@id\":\"https:\/\/www.christiegrey.com\/pt-pt\/produto\/cabides-de-borracha\/#breadcrumb\",\"itemListElement\":[{\"@type\":\"ListItem\",\"position\":1,\"name\":\"Casa\",\"item\":\"https:\/\/www.christiegrey.com\/\"},{\"@type\":\"ListItem\",\"position\":2,\"name\":\"Nossos Produtos\",\"item\":\"https:\/\/www.christiegrey.com\/pt-pt\/loja\/\"},{\"@type\":\"ListItem\",\"position\":3,\"name\":\"Cabides de borracha\"}]},{\"@type\":\"WebSite\",\"@id\":\"https:\/\/www.christiegrey.com\/#website\",\"url\":\"https:\/\/www.christiegrey.com\/\",\"name\":\"Christie & Grey\",\"description\":\"\",\"publisher\":{\"@id\":\"https:\/\/www.christiegrey.com\/#organization\"},\"potentialAction\":[{\"@type\":\"SearchAction\",\"target\":{\"@type\":\"EntryPoint\",\"urlTemplate\":\"https:\/\/www.christiegrey.com\/?s={search_term_string}\"},\"query-input\":{\"@type\":\"PropertyValueSpecification\",\"valueRequired\":true,\"valueName\":\"search_term_string\"}}],\"inLanguage\":\"pt-PT\"},{\"@type\":\"Organization\",\"@id\":\"https:\/\/www.christiegrey.com\/#organization\",\"name\":\"Christie & Grey\",\"url\":\"https:\/\/www.christiegrey.com\/\",\"logo\":{\"@type\":\"ImageObject\",\"inLanguage\":\"pt-PT\",\"@id\":\"https:\/\/www.christiegrey.com\/#\/schema\/logo\/image\/\",\"url\":\"https:\/\/www.christiegrey.com\/wp-content\/uploads\/2026\/02\/cropped-logo-scaled-1.png\",\"contentUrl\":\"https:\/\/www.christiegrey.com\/wp-content\/uploads\/2026\/02\/cropped-logo-scaled-1.png\",\"width\":250,\"height\":90,\"caption\":\"Christie & Grey\"},\"image\":{\"@id\":\"https:\/\/www.christiegrey.com\/#\/schema\/logo\/image\/\"},\"sameAs\":[\"https:\/\/www.facebook.com\/christieandgreylimited\",\"https:\/\/x.com\/christiegreyltd\"]}]}<\/script>\n<!-- \/ Yoast SEO plugin. -->","yoast_head_json":{"title":"Cabides de borracha RH \u2013 Controle de Ru\u00eddo de Alta Frequ\u00eancia","description":"RH Rubber Hangers \u00e9 um sistema de controle de ru\u00eddo de alta frequ\u00eancia com amplas faixas de carga, op\u00e7\u00f5es de fixa\u00e7\u00e3o e combina\u00e7\u00f5es de mola e borracha para isolamento eficaz de vibra\u00e7\u00f5es.","robots":{"index":"index","follow":"follow","max-snippet":"max-snippet:-1","max-image-preview":"max-image-preview:large","max-video-preview":"max-video-preview:-1"},"canonical":"https:\/\/www.christiegrey.com\/pt-pt\/produto\/cabides-de-borracha\/","og_locale":"pt_PT","og_type":"article","og_title":"Cabides de borracha RH \u2013 Controle de Ru\u00eddo de Alta Frequ\u00eancia","og_description":"RH Rubber Hangers \u00e9 um sistema de controle de ru\u00eddo de alta frequ\u00eancia com amplas faixas de carga, op\u00e7\u00f5es de fixa\u00e7\u00e3o e combina\u00e7\u00f5es de mola e borracha para isolamento eficaz de vibra\u00e7\u00f5es.","og_url":"https:\/\/www.christiegrey.com\/pt-pt\/produto\/cabides-de-borracha\/","article_publisher":"https:\/\/www.facebook.com\/christieandgreylimited","og_image":[{"width":365,"height":365,"url":"https:\/\/www.christiegrey.com\/wp-content\/uploads\/2025\/12\/rh.png","type":"image\/png"}],"twitter_card":"summary_large_image","twitter_site":"@christiegreyltd","schema":{"@context":"https:\/\/schema.org","@graph":[{"@type":"WebPage","@id":"https:\/\/www.christiegrey.com\/pt-pt\/produto\/cabides-de-borracha\/","url":"https:\/\/www.christiegrey.com\/pt-pt\/produto\/cabides-de-borracha\/","name":"Cabides de borracha RH \u2013 Controle de Ru\u00eddo de Alta Frequ\u00eancia","isPartOf":{"@id":"https:\/\/www.christiegrey.com\/#website"},"primaryImageOfPage":{"@id":"https:\/\/www.christiegrey.com\/pt-pt\/produto\/cabides-de-borracha\/#primaryimage"},"image":{"@id":"https:\/\/www.christiegrey.com\/pt-pt\/produto\/cabides-de-borracha\/#primaryimage"},"thumbnailUrl":"https:\/\/www.christiegrey.com\/wp-content\/uploads\/2025\/12\/christie-grey.9copy-scaled.jpg","datePublished":"2025-12-25T14:39:02+00:00","description":"RH Rubber Hangers \u00e9 um sistema de controle de ru\u00eddo de alta frequ\u00eancia com amplas faixas de carga, op\u00e7\u00f5es de fixa\u00e7\u00e3o e combina\u00e7\u00f5es de mola e borracha para isolamento eficaz de vibra\u00e7\u00f5es.","breadcrumb":{"@id":"https:\/\/www.christiegrey.com\/pt-pt\/produto\/cabides-de-borracha\/#breadcrumb"},"inLanguage":"pt-PT","potentialAction":[{"@type":"ReadAction","target":["https:\/\/www.christiegrey.com\/pt-pt\/produto\/cabides-de-borracha\/"]}]},{"@type":"ImageObject","inLanguage":"pt-PT","@id":"https:\/\/www.christiegrey.com\/pt-pt\/produto\/cabides-de-borracha\/#primaryimage","url":"https:\/\/www.christiegrey.com\/wp-content\/uploads\/2025\/12\/christie-grey.9copy-scaled.jpg","contentUrl":"https:\/\/www.christiegrey.com\/wp-content\/uploads\/2025\/12\/christie-grey.9copy-scaled.jpg","width":1828,"height":2560,"caption":"Rubber Hangers"},{"@type":"BreadcrumbList","@id":"https:\/\/www.christiegrey.com\/pt-pt\/produto\/cabides-de-borracha\/#breadcrumb","itemListElement":[{"@type":"ListItem","position":1,"name":"Casa","item":"https:\/\/www.christiegrey.com\/"},{"@type":"ListItem","position":2,"name":"Nossos Produtos","item":"https:\/\/www.christiegrey.com\/pt-pt\/loja\/"},{"@type":"ListItem","position":3,"name":"Cabides de borracha"}]},{"@type":"WebSite","@id":"https:\/\/www.christiegrey.com\/#website","url":"https:\/\/www.christiegrey.com\/","name":"Christie & Grey","description":"","publisher":{"@id":"https:\/\/www.christiegrey.com\/#organization"},"potentialAction":[{"@type":"SearchAction","target":{"@type":"EntryPoint","urlTemplate":"https:\/\/www.christiegrey.com\/?s={search_term_string}"},"query-input":{"@type":"PropertyValueSpecification","valueRequired":true,"valueName":"search_term_string"}}],"inLanguage":"pt-PT"},{"@type":"Organization","@id":"https:\/\/www.christiegrey.com\/#organization","name":"Christie & Grey","url":"https:\/\/www.christiegrey.com\/","logo":{"@type":"ImageObject","inLanguage":"pt-PT","@id":"https:\/\/www.christiegrey.com\/#\/schema\/logo\/image\/","url":"https:\/\/www.christiegrey.com\/wp-content\/uploads\/2026\/02\/cropped-logo-scaled-1.png","contentUrl":"https:\/\/www.christiegrey.com\/wp-content\/uploads\/2026\/02\/cropped-logo-scaled-1.png","width":250,"height":90,"caption":"Christie & Grey"},"image":{"@id":"https:\/\/www.christiegrey.com\/#\/schema\/logo\/image\/"},"sameAs":["https:\/\/www.facebook.com\/christieandgreylimited","https:\/\/x.com\/christiegreyltd"]}]}},"_links":{"self":[{"href":"https:\/\/www.christiegrey.com\/pt-pt\/wp-json\/wp\/v2\/product\/4167","targetHints":{"allow":["GET"]}}],"collection":[{"href":"https:\/\/www.christiegrey.com\/pt-pt\/wp-json\/wp\/v2\/product"}],"about":[{"href":"https:\/\/www.christiegrey.com\/pt-pt\/wp-json\/wp\/v2\/types\/product"}],"replies":[{"embeddable":true,"href":"https:\/\/www.christiegrey.com\/pt-pt\/wp-json\/wp\/v2\/comments?post=4167"}],"wp:featuredmedia":[{"embeddable":true,"href":"https:\/\/www.christiegrey.com\/pt-pt\/wp-json\/wp\/v2\/media\/4173"}],"wp:attachment":[{"href":"https:\/\/www.christiegrey.com\/pt-pt\/wp-json\/wp\/v2\/media?parent=4167"}],"wp:term":[{"taxonomy":"product_brand","embeddable":true,"href":"https:\/\/www.christiegrey.com\/pt-pt\/wp-json\/wp\/v2\/product_brand?post=4167"},{"taxonomy":"product_cat","embeddable":true,"href":"https:\/\/www.christiegrey.com\/pt-pt\/wp-json\/wp\/v2\/product_cat?post=4167"},{"taxonomy":"product_tag","embeddable":true,"href":"https:\/\/www.christiegrey.com\/pt-pt\/wp-json\/wp\/v2\/product_tag?post=4167"}],"curies":[{"name":"wp","href":"https:\/\/api.w.org\/{rel}","templated":true}]}}