{"id":5779,"date":"2026-01-17T10:45:41","date_gmt":"2026-01-17T10:45:41","guid":{"rendered":"https:\/\/www.christiegrey.com\/politicas\/"},"modified":"2026-04-02T10:16:45","modified_gmt":"2026-04-02T10:16:45","slug":"politicas","status":"publish","type":"page","link":"https:\/\/www.christiegrey.com\/pt-pt\/politicas\/","title":{"rendered":"Pol\u00edticas"},"content":{"rendered":"\t\t<div data-elementor-type=\"wp-post\" data-elementor-id=\"5779\" class=\"elementor elementor-5779 elementor-2764\" data-elementor-post-type=\"page\">\n\t\t\t\t<div class=\"elementor-element elementor-element-78357653 e-flex e-con-boxed e-con e-parent\" data-id=\"78357653\" data-element_type=\"container\" data-e-type=\"container\" id=\"representatives\" data-settings=\"{&quot;background_background&quot;:&quot;classic&quot;}\">\n\t\t\t\t\t<div class=\"e-con-inner\">\n\t\t\t\t<div class=\"elementor-element elementor-element-a87fce1 elementor-widget elementor-widget-spacer\" data-id=\"a87fce1\" data-element_type=\"widget\" data-e-type=\"widget\" data-widget_type=\"spacer.default\">\n\t\t\t\t\t\t\t<div class=\"elementor-spacer\">\n\t\t\t<div class=\"elementor-spacer-inner\"><\/div>\n\t\t<\/div>\n\t\t\t\t\t\t<\/div>\n\t\t\t\t\t<\/div>\n\t\t\t\t<\/div>\n\t\t<div class=\"elementor-element elementor-element-47529ed e-con-full e-flex e-con e-parent\" data-id=\"47529ed\" data-element_type=\"container\" data-e-type=\"container\">\n\t\t\t\t<div class=\"elementor-element elementor-element-c8fe429 elementor-widget elementor-widget-heading\" data-id=\"c8fe429\" data-element_type=\"widget\" data-e-type=\"widget\" data-widget_type=\"heading.default\">\n\t\t\t\t\t<h1 class=\"elementor-heading-title elementor-size-default\">Pol\u00edtica de Privacidade<\/h1>\t\t\t\t<\/div>\n\t\t\t\t<div class=\"elementor-element elementor-element-edc8c76 elementor-widget elementor-widget-text-editor\" data-id=\"edc8c76\" data-element_type=\"widget\" data-e-type=\"widget\" data-widget_type=\"text-editor.default\">\n\t\t\t\t\t\t\t\t\t<p>Essa pol\u00edtica explica quando e por que a Christie &amp; Grey Ltd precisa coletar e usar certas informa\u00e7\u00f5es sobre indiv\u00edduos, como as utilizamos e como as mantemos seguras. Esses podem incluir clientes, fornecedores, contatos comerciais, funcion\u00e1rios e outras pessoas com quem a organiza\u00e7\u00e3o tem rela\u00e7\u00e3o ou pode precisar contatar. <\/p><p>Esta ap\u00f3lice garante \u00e0 Christie &amp; Grey Ltd:<br>Cumpre a lei de prote\u00e7\u00e3o de dados e segue boas pr\u00e1ticas.<br>Protege os direitos de funcion\u00e1rios, clientes e parceiros.<br>\u00c9 aberto sobre como armazena e processa os dados do indiv\u00edduo.<br>Protege-se dos riscos de uma viola\u00e7\u00e3o de dados<\/p><p>Quaisquer d\u00favidas sobre esta Pol\u00edtica devem ser enviadas por escrito \u00e0 Christie &amp; Grey Ltd, Morley Road, Tonbridge, Kent TN9 1RA ou por e-mail para <a href=\"mailto:media@christiegrey.com\">media@christiegrey.com<\/a><\/p>\t\t\t\t\t\t\t\t<\/div>\n\t\t\t\t<div class=\"elementor-element elementor-element-332d26e elementor-widget elementor-widget-text-editor\" data-id=\"332d26e\" data-element_type=\"widget\" data-e-type=\"widget\" data-widget_type=\"text-editor.default\">\n\t\t\t\t\t\t\t\t\t<p><strong>Como coletamos seus dados?<\/strong><\/p><p>Voc\u00ea nos fornece diretamente a maior parte dos dados que coletamos. Normalmente, coletamos e processamos dados quando voc\u00ea: <\/p><p>Fa\u00e7a uma consulta sobre qualquer um de nossos produtos ou servi\u00e7os<br>Fa\u00e7a um pedido de nossos produtos ou servi\u00e7os<br>Preencha voluntariamente uma pesquisa com clientes ou forne\u00e7a feedback em qualquer um dos nossos f\u00f3runs ou e-mails<br>Use nosso site<br>Inscreva-se online<br>Fa\u00e7a liga\u00e7\u00f5es telef\u00f4nicas\/m\u00eddia e\/ou envie outras correspond\u00eancias.<\/p>\t\t\t\t\t\t\t\t<\/div>\n\t\t\t\t<div class=\"elementor-element elementor-element-390e1a5 elementor-widget elementor-widget-text-editor\" data-id=\"390e1a5\" data-element_type=\"widget\" data-e-type=\"widget\" data-widget_type=\"text-editor.default\">\n\t\t\t\t\t\t\t\t\t<p><strong>Quais informa\u00e7\u00f5es coletamos?<\/strong><\/p><p>Coletamos esses dados pessoais necess\u00e1rios para que possamos prestar nossos servi\u00e7os. Informa\u00e7\u00f5es t\u00edpicas que podemos coletar de voc\u00ea podem incluir: <\/p><p>seu nome<br>Nome da empresa<br>Endere\u00e7o postal<br>Endere\u00e7o de e-mail<br>N\u00famero de telefone<br>Pa\u00eds onde voc\u00ea est\u00e1 localizado<br>Nome nas redes sociais<br>servi\u00e7os\/mercados que lhe interessam<br>Seus coment\u00e1rios\/perguntas<br>As \u00e1reas do site que voc\u00ea visita.<\/p><p>Informa\u00e7\u00f5es sobre seu computador, como qual navegador voc\u00ea est\u00e1 usando, localiza\u00e7\u00e3o da sua rede, tipo de conex\u00e3o que voc\u00ea est\u00e1 usando e seu endere\u00e7o IP.<\/p><p>Usando cookies, que s\u00e3o pequenos arquivos que nos ajudam a acompanhar como nossos visitantes usam o site e nos permitem entender onde podemos melhorar sua experi\u00eancia. Se voc\u00ea quiser saber quais cookies usamos e as informa\u00e7\u00f5es que eles rastreiam, consulte nossa Pol\u00edtica de Cookies. <\/p>\t\t\t\t\t\t\t\t<\/div>\n\t\t\t\t<div class=\"elementor-element elementor-element-d1e5b9c elementor-widget elementor-widget-text-editor\" data-id=\"d1e5b9c\" data-element_type=\"widget\" data-e-type=\"widget\" data-widget_type=\"text-editor.default\">\n\t\t\t\t\t\t\t\t\t<p><strong>Como vamos usar seus dados?<\/strong><\/p><p>Nossa empresa coleta seus dados para os seguintes fins:<\/p><p>Para entender suas necessidades de servi\u00e7o.<br>Mantenha registros internos.<br>Cuidar de consultas.<br>Para processar ordens que voc\u00ea enviou.<br>Cumpra nossas obriga\u00e7\u00f5es decorrentes de quaisquer contratos firmados por voc\u00ea e por n\u00f3s.<br>Notificar voc\u00ea sobre mudan\u00e7as em nossos servi\u00e7os.<br>Desenvolvimento de neg\u00f3cios.<br>Desenvolva nosso site.<br>Consulte ag\u00eancias de cr\u00e9dito e outros provedores de informa\u00e7\u00f5es da empresa.<br>Pesquisa de mercado<\/p><p><b><br>Marketing<br><\/b><br>De tempos em tempos, gostar\u00edamos de fornecer informa\u00e7\u00f5es sobre os servi\u00e7os da Christie and Grey e outras informa\u00e7\u00f5es que achamos interessantes para voc\u00ea. Podemos enviar essas informa\u00e7\u00f5es pelo correio, telefone ou eletronicamente, a menos que voc\u00ea tenha solicitado que n\u00e3o o fa\u00e7amos. <\/p><p>N\u00e3o compartilharemos suas informa\u00e7\u00f5es pessoais com terceiros para fins de marketing sem seu consentimento expl\u00edcito.<\/p><p>Se voc\u00ea n\u00e3o deseja receber comunica\u00e7\u00f5es de marketing nossas sobre os servi\u00e7os ou produtos que oferecemos, entre em contato conosco <a href=\"mailto:media@christiegrey.com\">pelo media@christiegrey.com<\/a> ou siga o link de cancelamento de inscri\u00e7\u00e3o em uma de nossas mensagens de marketing.<\/p><p><strong><br>Seguran\u00e7a<\/strong><br>Estamos comprometidos em garantir que suas informa\u00e7\u00f5es estejam seguras. Para evitar acessos ou divulga\u00e7\u00f5es n\u00e3o autorizadas, implementamos procedimentos f\u00edsicos, eletr\u00f4nicos e gerenciais adequados para proteger e proteger as informa\u00e7\u00f5es que coletamos, incluindo arm\u00e1rios trancados, prote\u00e7\u00e3o eletr\u00f4nica por senha e acesso por c\u00f3digo-chave aos edif\u00edcios. <\/p><p>Somos legalmente obrigados a manter alguns tipos de informa\u00e7\u00f5es para cumprir nossas obriga\u00e7\u00f5es legais. Manteremos suas informa\u00e7\u00f5es pessoais em nossos sistemas pelo tempo necess\u00e1rio para a atividade relevante, ou pelo tempo acordado em qualquer contrato relevante que voc\u00ea tenha conosco <\/p><p>Em algumas circunst\u00e2ncias, podemos ter que divulgar suas informa\u00e7\u00f5es pessoais por lei, porque um tribunal, a pol\u00edcia ou outra ag\u00eancia de seguran\u00e7a nos pediu.<\/p><p>Podemos compartilhar suas informa\u00e7\u00f5es pessoais com empresas que atuam em nosso nome, que s\u00f3 usar\u00e3o essas informa\u00e7\u00f5es para prestar esse servi\u00e7o. No entanto, manteremos o controle dos seus dados e qualquer provedor de servi\u00e7os terceirizado que utilizemos deve agir de acordo com nossas instru\u00e7\u00f5es. <\/p><p>Conforme apropriado, podemos fazer altera\u00e7\u00f5es nesta Pol\u00edtica de Privacidade; por favor, volte com frequ\u00eancia para se manter informado sobre quaisquer atualiza\u00e7\u00f5es ou altera\u00e7\u00f5es nesta Pol\u00edtica de Privacidade.<\/p><p><strong><br>Como acessar e atualizar suas informa\u00e7\u00f5es<\/strong><\/p><p>Nossa empresa gostaria de garantir que voc\u00ea esteja plenamente ciente dos seus direitos de prote\u00e7\u00e3o de dados.<\/p><p>Se voc\u00ea achar que alguma informa\u00e7\u00e3o que temos sobre voc\u00ea est\u00e1 incorreta ou incompleta, por favor, envie-nos um e-mail o quanto antes. Corrigiremos ou atualizaremos qualquer informa\u00e7\u00e3o assim que poss\u00edvel. <\/p><p>Voc\u00ea tem o direito de solicitar c\u00f3pias das informa\u00e7\u00f5es pessoais que possu\u00edmos sobre voc\u00ea. Se voc\u00ea desejar uma c\u00f3pia das informa\u00e7\u00f5es mantidas sobre voc\u00ea, por favor, entre em contato conosco pelo endere\u00e7o fornecido acima. Por favor, note que podemos cobrar uma pequena taxa administrativa de \u00a350 para solicita\u00e7\u00f5es de informa\u00e7\u00f5es.  <\/p>\t\t\t\t\t\t\t\t<\/div>\n\t\t\t\t<div class=\"elementor-element elementor-element-a2b6a7b elementor-widget elementor-widget-heading\" data-id=\"a2b6a7b\" data-element_type=\"widget\" data-e-type=\"widget\" data-widget_type=\"heading.default\">\n\t\t\t\t\t<h2 class=\"elementor-heading-title elementor-size-default\">Pol\u00edtica de Cookies<\/h2>\t\t\t\t<\/div>\n\t\t\t\t<div class=\"elementor-element elementor-element-c18b8cf elementor-widget elementor-widget-text-editor\" data-id=\"c18b8cf\" data-element_type=\"widget\" data-e-type=\"widget\" data-widget_type=\"text-editor.default\">\n\t\t\t\t\t\t\t\t\t<p><strong>Cookies nos sites da Christie &amp; Grey<\/strong><\/p><p>Este site, como muitos outros, usa pequenos arquivos chamados &#8220;cookies&#8221; para permitir que o site funcione e funcione conforme necess\u00e1rio.<\/p><p>Se voc\u00ea n\u00e3o consente que a Christie &amp; Grey use cookies, \u00e9 poss\u00edvel impedir que seu navegador os aceite, por\u00e9m, pode perceber que alguns aspectos do site deixar\u00e3o de funcionar ou funcionar\u00e3o pior se fizer isso.<\/p><p>Esta p\u00e1gina cont\u00e9m informa\u00e7\u00f5es sobre o que s\u00e3o &#8216;cookies&#8217;, os cookies usados pela Christie &amp; Grey, como desligar os cookies no seu navegador caso voc\u00ea n\u00e3o consinta com o uso de cookies pela Christie &amp; Grey e alguns links \u00fateis para mais informa\u00e7\u00f5es.<\/p><p><strong><br>O que s\u00e3o &#8216;cookies&#8217;?<\/strong><br>&#8216;Cookies&#8217; s\u00e3o pequenos arquivos de texto armazenados pelo navegador (por exemplo, Internet Explorer, Chrome ou Safari) no seu computador ou celular. Seus dispositivos conseguem ler e gravar esses arquivos, permitindo armazenar coisas como detalhes de personaliza\u00e7\u00e3o ou prefer\u00eancias do usu\u00e1rio. Cada dom\u00ednio web s\u00f3 pode acessar cookies armazenados por esse dom\u00ednio espec\u00edfico, o que significa que apenas servidores da Christie &amp; Grey podem acessar os cookies. A maioria das p\u00e1ginas web cont\u00e9m elementos de m\u00faltiplos dom\u00ednios web. Portanto, ao visitar a Christie &amp; Grey, seu navegador pode receber cookies de v\u00e1rias fontes.    <\/p><p><strong><br>Como a Christie &amp; Grey usa cookies?<\/strong><br>Uma visita a uma p\u00e1gina em um site da Christie &amp; Grey pode gerar os seguintes tipos de cookies &#8211; cookies de desempenho do site, cookies de an\u00e1lise an\u00f4nima, cookies de rastreamento de afiliados e cookies para ajudar na gera\u00e7\u00e3o de uma cota\u00e7\u00e3o.<\/p><p>Cookies de desempenho do site:<\/p><p>Christie &amp; Grey pode gerar cookies para ajudar no desempenho do site, por exemplo, para escolher velocidades de streaming de v\u00eddeo compat\u00edveis com seu navegador.<\/p><p>Cookies anal\u00edticos an\u00f4nimos:<\/p><p>Toda vez que um usu\u00e1rio visita nossos sites, um software de an\u00e1lise web fornecido por terceiros gera um cookie an\u00f4nimo de an\u00e1lise. Esses cookies podem nos dizer se voc\u00ea j\u00e1 visitou o site antes. Seu navegador nos informar\u00e1 se voc\u00ea tem esses cookies e, se n\u00e3o tiver, geramos novos. Isso nos permite acompanhar quantos usu\u00e1rios \u00fanicos temos e com que frequ\u00eancia eles visitam o site. Esses cookies n\u00e3o podem ser usados para identificar indiv\u00edduos; Eles s\u00e3o usados apenas para fins estat\u00edsticos. Isso nos permite, por exemplo, identificar quais p\u00e1ginas s\u00e3o as mais visitadas em qualquer momento.     <\/p><p>Cookies de rastreamento de afiliados:<\/p><p>\u00c0s vezes, precisamos saber se voc\u00ea veio de um de nossos afiliados e h\u00e1 quanto tempo voc\u00ea n\u00e3o visita o site por eles. Para isso, colocamos um cookie na sua m\u00e1quina quando voc\u00ea visitar a Christie &amp; Grey de um parceiro afiliado. <\/p><p><strong><br>Christie &amp; Grey n\u00e3o pode usar cookies sem seu consentimento, ent\u00e3o como desligar cookies?<\/strong><br>Se voc\u00ea n\u00e3o consente que a Christie &amp; Grey use cookies, \u00e9 poss\u00edvel impedir que seu navegador os aceite. No entanto, voc\u00ea pode perceber que alguns aspectos do site deixar\u00e3o de funcionar ou funcionar\u00e3o menos bem se voc\u00ea fizer isso. <\/p><p>Se voc\u00ea n\u00e3o impedir seu navegador de aceitar cookies da Christie &amp; Grey, estar\u00e1 consentindo com o uso de cookies na jornada web.<\/p><p>Todos os navegadores modernos permitem que voc\u00ea altere suas configura\u00e7\u00f5es de cookies. Essas configura\u00e7\u00f5es normalmente estar\u00e3o dispon\u00edveis no menu &#8216;op\u00e7\u00f5es&#8217; ou &#8216;prefer\u00eancias&#8217; do seu navegador e incluir\u00e3o uma configura\u00e7\u00e3o que permite impedir que o navegador aceite cookies. Para entender essas configura\u00e7\u00f5es, consulte a documenta\u00e7\u00e3o do seu navegador ou os arquivos de ajuda online.  <\/p><p>\u00c9 poss\u00edvel desativar cookies dentro do seu navegador, por\u00e9m, voc\u00ea pode perceber que alguns aspectos do site param de funcionar ou funcionam pior se fizer isso.<\/p><p>Esta p\u00e1gina cont\u00e9m informa\u00e7\u00f5es sobre o que s\u00e3o &#8216;cookies&#8217;, os cookies usados pela Christie &amp; Grey, como desligar os cookies no seu navegador caso voc\u00ea n\u00e3o consinta com o uso de cookies pela Christie &amp; Grey e alguns links \u00fateis para mais informa\u00e7\u00f5es.<\/p>\t\t\t\t\t\t\t\t<\/div>\n\t\t\t\t<\/div>\n\t\t<div class=\"elementor-element elementor-element-b8df315 e-flex e-con-boxed e-con e-parent\" data-id=\"b8df315\" data-element_type=\"container\" data-e-type=\"container\" data-settings=\"{&quot;background_background&quot;:&quot;classic&quot;}\">\n\t\t\t\t\t<div class=\"e-con-inner\">\n\t\t<div class=\"elementor-element elementor-element-d9fe9a1 e-grid e-con-full e-con e-child\" data-id=\"d9fe9a1\" data-element_type=\"container\" data-e-type=\"container\">\n\t\t\t\t<div class=\"elementor-element elementor-element-501b9eb elementor-widget elementor-widget-heading\" data-id=\"501b9eb\" data-element_type=\"widget\" data-e-type=\"widget\" data-widget_type=\"heading.default\">\n\t\t\t\t\t<h2 class=\"elementor-heading-title elementor-size-default\">Para mais informa\u00e7\u00f5es ou consultas\n<\/h2>\t\t\t\t<\/div>\n\t\t\t\t<div class=\"elementor-element elementor-element-7b2fc81 elementor-widget elementor-widget-html\" data-id=\"7b2fc81\" data-element_type=\"widget\" data-e-type=\"widget\" data-widget_type=\"html.default\">\n\t\t\t\t\t<a class=\"about-contact-link\" href=\"https:\/\/www.christiegrey.com\/pt-pt\/contato\/\">Entre em contato conosco <img decoding=\"async\" class=\"white-arrow\" src=\"https:\/\/christiegrey.com\/wp-content\/uploads\/2025\/12\/contact-icon.png\" alt=\"\">\n<\/a>\t\t\t\t<\/div>\n\t\t\t\t<\/div>\n\t\t\t\t\t<\/div>\n\t\t\t\t<\/div>\n\t\t\t\t<\/div>\n\t\t","protected":false},"excerpt":{"rendered":"<p>Pol\u00edtica de Privacidade Essa pol\u00edtica explica quando e por que a Christie &amp; Grey Ltd precisa coletar e usar certas informa\u00e7\u00f5es sobre indiv\u00edduos, como as utilizamos e como as mantemos seguras. Esses podem incluir clientes, fornecedores, contatos comerciais, funcion\u00e1rios e outras pessoas com quem a organiza\u00e7\u00e3o tem rela\u00e7\u00e3o ou pode precisar contatar. Esta ap\u00f3lice garante&hellip;<\/p>\n","protected":false},"author":1,"featured_media":0,"parent":0,"menu_order":0,"comment_status":"closed","ping_status":"closed","template":"","meta":{"_acf_changed":false,"footnotes":""},"class_list":["post-5779","page","type-page","status-publish","hentry"],"acf":[],"yoast_head":"<!-- This site is optimized with the Yoast SEO plugin v27.0 - https:\/\/yoast.com\/product\/yoast-seo-wordpress\/ -->\n<title>Pol\u00edticas | Christie &amp; Grey<\/title>\n<meta name=\"description\" content=\"Esta pol\u00edtica explica por que a Christie &amp; Grey coleta informa\u00e7\u00f5es pessoais, como elas s\u00e3o usadas e as medidas que tomamos para manter os dados seguros para todos com quem trabalhamos.\" \/>\n<meta name=\"robots\" content=\"index, follow, max-snippet:-1, max-image-preview:large, max-video-preview:-1\" \/>\n<link rel=\"canonical\" href=\"https:\/\/www.christiegrey.com\/pt-pt\/politicas\/\" \/>\n<meta property=\"og:locale\" content=\"pt_PT\" \/>\n<meta property=\"og:type\" content=\"article\" \/>\n<meta property=\"og:title\" content=\"Pol\u00edticas | Christie &amp; Grey\" \/>\n<meta property=\"og:description\" content=\"Esta pol\u00edtica explica por que a Christie &amp; Grey coleta informa\u00e7\u00f5es pessoais, como elas s\u00e3o usadas e as medidas que tomamos para manter os dados seguros para todos com quem trabalhamos.\" \/>\n<meta property=\"og:url\" content=\"https:\/\/www.christiegrey.com\/pt-pt\/politicas\/\" \/>\n<meta property=\"article:publisher\" content=\"https:\/\/www.facebook.com\/christieandgreylimited\" \/>\n<meta property=\"article:modified_time\" content=\"2026-04-02T10:16:45+00:00\" \/>\n<meta property=\"og:image\" content=\"https:\/\/christiegrey.com\/wp-content\/uploads\/2025\/12\/contact-icon.png\" \/>\n<meta name=\"twitter:card\" content=\"summary_large_image\" \/>\n<meta name=\"twitter:site\" content=\"@christiegreyltd\" \/>\n<meta name=\"twitter:label1\" content=\"Tempo estimado de leitura\" \/>\n\t<meta name=\"twitter:data1\" content=\"8 minutos\" \/>\n<script type=\"application\/ld+json\" class=\"yoast-schema-graph\">{\"@context\":\"https:\/\/schema.org\",\"@graph\":[{\"@type\":\"WebPage\",\"@id\":\"https:\/\/www.christiegrey.com\/pt-pt\/politicas\/\",\"url\":\"https:\/\/www.christiegrey.com\/pt-pt\/politicas\/\",\"name\":\"Pol\u00edticas | Christie & Grey\",\"isPartOf\":{\"@id\":\"https:\/\/www.christiegrey.com\/#website\"},\"primaryImageOfPage\":{\"@id\":\"https:\/\/www.christiegrey.com\/pt-pt\/politicas\/#primaryimage\"},\"image\":{\"@id\":\"https:\/\/www.christiegrey.com\/pt-pt\/politicas\/#primaryimage\"},\"thumbnailUrl\":\"https:\/\/christiegrey.com\/wp-content\/uploads\/2025\/12\/contact-icon.png\",\"datePublished\":\"2026-01-17T10:45:41+00:00\",\"dateModified\":\"2026-04-02T10:16:45+00:00\",\"description\":\"Esta pol\u00edtica explica por que a Christie & Grey coleta informa\u00e7\u00f5es pessoais, como elas s\u00e3o usadas e as medidas que tomamos para manter os dados seguros para todos com quem trabalhamos.\",\"breadcrumb\":{\"@id\":\"https:\/\/www.christiegrey.com\/pt-pt\/politicas\/#breadcrumb\"},\"inLanguage\":\"pt-PT\",\"potentialAction\":[{\"@type\":\"ReadAction\",\"target\":[\"https:\/\/www.christiegrey.com\/pt-pt\/politicas\/\"]}]},{\"@type\":\"ImageObject\",\"inLanguage\":\"pt-PT\",\"@id\":\"https:\/\/www.christiegrey.com\/pt-pt\/politicas\/#primaryimage\",\"url\":\"https:\/\/christiegrey.com\/wp-content\/uploads\/2025\/12\/contact-icon.png\",\"contentUrl\":\"https:\/\/christiegrey.com\/wp-content\/uploads\/2025\/12\/contact-icon.png\"},{\"@type\":\"BreadcrumbList\",\"@id\":\"https:\/\/www.christiegrey.com\/pt-pt\/politicas\/#breadcrumb\",\"itemListElement\":[{\"@type\":\"ListItem\",\"position\":1,\"name\":\"Casa\",\"item\":\"https:\/\/www.christiegrey.com\/\"},{\"@type\":\"ListItem\",\"position\":2,\"name\":\"Pol\u00edticas\"}]},{\"@type\":\"WebSite\",\"@id\":\"https:\/\/www.christiegrey.com\/#website\",\"url\":\"https:\/\/www.christiegrey.com\/\",\"name\":\"Christie & Grey\",\"description\":\"\",\"publisher\":{\"@id\":\"https:\/\/www.christiegrey.com\/#organization\"},\"potentialAction\":[{\"@type\":\"SearchAction\",\"target\":{\"@type\":\"EntryPoint\",\"urlTemplate\":\"https:\/\/www.christiegrey.com\/?s={search_term_string}\"},\"query-input\":{\"@type\":\"PropertyValueSpecification\",\"valueRequired\":true,\"valueName\":\"search_term_string\"}}],\"inLanguage\":\"pt-PT\"},{\"@type\":\"Organization\",\"@id\":\"https:\/\/www.christiegrey.com\/#organization\",\"name\":\"Christie & Grey\",\"url\":\"https:\/\/www.christiegrey.com\/\",\"logo\":{\"@type\":\"ImageObject\",\"inLanguage\":\"pt-PT\",\"@id\":\"https:\/\/www.christiegrey.com\/#\/schema\/logo\/image\/\",\"url\":\"https:\/\/www.christiegrey.com\/wp-content\/uploads\/2026\/02\/cropped-logo-scaled-1.png\",\"contentUrl\":\"https:\/\/www.christiegrey.com\/wp-content\/uploads\/2026\/02\/cropped-logo-scaled-1.png\",\"width\":250,\"height\":90,\"caption\":\"Christie & Grey\"},\"image\":{\"@id\":\"https:\/\/www.christiegrey.com\/#\/schema\/logo\/image\/\"},\"sameAs\":[\"https:\/\/www.facebook.com\/christieandgreylimited\",\"https:\/\/x.com\/christiegreyltd\"]}]}<\/script>\n<!-- \/ Yoast SEO plugin. -->","yoast_head_json":{"title":"Pol\u00edticas | Christie & Grey","description":"Esta pol\u00edtica explica por que a Christie & Grey coleta informa\u00e7\u00f5es pessoais, como elas s\u00e3o usadas e as medidas que tomamos para manter os dados seguros para todos com quem trabalhamos.","robots":{"index":"index","follow":"follow","max-snippet":"max-snippet:-1","max-image-preview":"max-image-preview:large","max-video-preview":"max-video-preview:-1"},"canonical":"https:\/\/www.christiegrey.com\/pt-pt\/politicas\/","og_locale":"pt_PT","og_type":"article","og_title":"Pol\u00edticas | Christie & Grey","og_description":"Esta pol\u00edtica explica por que a Christie & Grey coleta informa\u00e7\u00f5es pessoais, como elas s\u00e3o usadas e as medidas que tomamos para manter os dados seguros para todos com quem trabalhamos.","og_url":"https:\/\/www.christiegrey.com\/pt-pt\/politicas\/","article_publisher":"https:\/\/www.facebook.com\/christieandgreylimited","article_modified_time":"2026-04-02T10:16:45+00:00","og_image":[{"url":"https:\/\/christiegrey.com\/wp-content\/uploads\/2025\/12\/contact-icon.png","type":"","width":"","height":""}],"twitter_card":"summary_large_image","twitter_site":"@christiegreyltd","twitter_misc":{"Tempo estimado de leitura":"8 minutos"},"schema":{"@context":"https:\/\/schema.org","@graph":[{"@type":"WebPage","@id":"https:\/\/www.christiegrey.com\/pt-pt\/politicas\/","url":"https:\/\/www.christiegrey.com\/pt-pt\/politicas\/","name":"Pol\u00edticas | Christie & Grey","isPartOf":{"@id":"https:\/\/www.christiegrey.com\/#website"},"primaryImageOfPage":{"@id":"https:\/\/www.christiegrey.com\/pt-pt\/politicas\/#primaryimage"},"image":{"@id":"https:\/\/www.christiegrey.com\/pt-pt\/politicas\/#primaryimage"},"thumbnailUrl":"https:\/\/christiegrey.com\/wp-content\/uploads\/2025\/12\/contact-icon.png","datePublished":"2026-01-17T10:45:41+00:00","dateModified":"2026-04-02T10:16:45+00:00","description":"Esta pol\u00edtica explica por que a Christie & Grey coleta informa\u00e7\u00f5es pessoais, como elas s\u00e3o usadas e as medidas que tomamos para manter os dados seguros para todos com quem trabalhamos.","breadcrumb":{"@id":"https:\/\/www.christiegrey.com\/pt-pt\/politicas\/#breadcrumb"},"inLanguage":"pt-PT","potentialAction":[{"@type":"ReadAction","target":["https:\/\/www.christiegrey.com\/pt-pt\/politicas\/"]}]},{"@type":"ImageObject","inLanguage":"pt-PT","@id":"https:\/\/www.christiegrey.com\/pt-pt\/politicas\/#primaryimage","url":"https:\/\/christiegrey.com\/wp-content\/uploads\/2025\/12\/contact-icon.png","contentUrl":"https:\/\/christiegrey.com\/wp-content\/uploads\/2025\/12\/contact-icon.png"},{"@type":"BreadcrumbList","@id":"https:\/\/www.christiegrey.com\/pt-pt\/politicas\/#breadcrumb","itemListElement":[{"@type":"ListItem","position":1,"name":"Casa","item":"https:\/\/www.christiegrey.com\/"},{"@type":"ListItem","position":2,"name":"Pol\u00edticas"}]},{"@type":"WebSite","@id":"https:\/\/www.christiegrey.com\/#website","url":"https:\/\/www.christiegrey.com\/","name":"Christie & Grey","description":"","publisher":{"@id":"https:\/\/www.christiegrey.com\/#organization"},"potentialAction":[{"@type":"SearchAction","target":{"@type":"EntryPoint","urlTemplate":"https:\/\/www.christiegrey.com\/?s={search_term_string}"},"query-input":{"@type":"PropertyValueSpecification","valueRequired":true,"valueName":"search_term_string"}}],"inLanguage":"pt-PT"},{"@type":"Organization","@id":"https:\/\/www.christiegrey.com\/#organization","name":"Christie & Grey","url":"https:\/\/www.christiegrey.com\/","logo":{"@type":"ImageObject","inLanguage":"pt-PT","@id":"https:\/\/www.christiegrey.com\/#\/schema\/logo\/image\/","url":"https:\/\/www.christiegrey.com\/wp-content\/uploads\/2026\/02\/cropped-logo-scaled-1.png","contentUrl":"https:\/\/www.christiegrey.com\/wp-content\/uploads\/2026\/02\/cropped-logo-scaled-1.png","width":250,"height":90,"caption":"Christie & Grey"},"image":{"@id":"https:\/\/www.christiegrey.com\/#\/schema\/logo\/image\/"},"sameAs":["https:\/\/www.facebook.com\/christieandgreylimited","https:\/\/x.com\/christiegreyltd"]}]}},"_links":{"self":[{"href":"https:\/\/www.christiegrey.com\/pt-pt\/wp-json\/wp\/v2\/pages\/5779","targetHints":{"allow":["GET"]}}],"collection":[{"href":"https:\/\/www.christiegrey.com\/pt-pt\/wp-json\/wp\/v2\/pages"}],"about":[{"href":"https:\/\/www.christiegrey.com\/pt-pt\/wp-json\/wp\/v2\/types\/page"}],"author":[{"embeddable":true,"href":"https:\/\/www.christiegrey.com\/pt-pt\/wp-json\/wp\/v2\/users\/1"}],"replies":[{"embeddable":true,"href":"https:\/\/www.christiegrey.com\/pt-pt\/wp-json\/wp\/v2\/comments?post=5779"}],"version-history":[{"count":1,"href":"https:\/\/www.christiegrey.com\/pt-pt\/wp-json\/wp\/v2\/pages\/5779\/revisions"}],"predecessor-version":[{"id":5780,"href":"https:\/\/www.christiegrey.com\/pt-pt\/wp-json\/wp\/v2\/pages\/5779\/revisions\/5780"}],"wp:attachment":[{"href":"https:\/\/www.christiegrey.com\/pt-pt\/wp-json\/wp\/v2\/media?parent=5779"}],"curies":[{"name":"wp","href":"https:\/\/api.w.org\/{rel}","templated":true}]}}