{"id":3922,"date":"2026-01-17T10:57:58","date_gmt":"2026-01-17T10:57:58","guid":{"rendered":"https:\/\/www.christiegrey.com\/aviso-de-direitos-autorais\/"},"modified":"2026-02-04T12:25:41","modified_gmt":"2026-02-04T12:25:41","slug":"aviso-de-direitos-autorais","status":"publish","type":"page","link":"https:\/\/www.christiegrey.com\/pt-pt\/aviso-de-direitos-autorais\/","title":{"rendered":"Aviso de Direitos Autorais"},"content":{"rendered":"\t\t<div data-elementor-type=\"wp-post\" data-elementor-id=\"3922\" class=\"elementor elementor-3922 elementor-2847\" data-elementor-post-type=\"page\">\n\t\t\t\t<div class=\"elementor-element elementor-element-f1cb943 e-flex e-con-boxed e-con e-parent\" data-id=\"f1cb943\" data-element_type=\"container\" data-e-type=\"container\" data-settings=\"{&quot;background_background&quot;:&quot;classic&quot;}\">\n\t\t\t\t\t<div class=\"e-con-inner\">\n\t\t<div class=\"elementor-element elementor-element-d55132b e-con-full e-flex e-con e-child\" data-id=\"d55132b\" data-element_type=\"container\" data-e-type=\"container\" data-settings=\"{&quot;background_background&quot;:&quot;classic&quot;}\">\n\t\t\t\t<div class=\"elementor-element elementor-element-c638e5c elementor-widget elementor-widget-heading\" data-id=\"c638e5c\" data-element_type=\"widget\" data-e-type=\"widget\" data-widget_type=\"heading.default\">\n\t\t\t\t\t<h1 class=\"elementor-heading-title elementor-size-default\">Aviso de Direitos Autorais<\/h1>\t\t\t\t<\/div>\n\t\t\t\t<\/div>\n\t\t\t\t\t<\/div>\n\t\t\t\t<\/div>\n\t\t<div class=\"elementor-element elementor-element-78357653 e-flex e-con-boxed e-con e-parent\" data-id=\"78357653\" data-element_type=\"container\" data-e-type=\"container\" id=\"representatives\" data-settings=\"{&quot;background_background&quot;:&quot;classic&quot;}\">\n\t\t\t\t\t<div class=\"e-con-inner\">\n\t\t\t\t<div class=\"elementor-element elementor-element-a87fce1 elementor-widget elementor-widget-spacer\" data-id=\"a87fce1\" data-element_type=\"widget\" data-e-type=\"widget\" data-widget_type=\"spacer.default\">\n\t\t\t\t\t\t\t<div class=\"elementor-spacer\">\n\t\t\t<div class=\"elementor-spacer-inner\"><\/div>\n\t\t<\/div>\n\t\t\t\t\t\t<\/div>\n\t\t\t\t\t<\/div>\n\t\t\t\t<\/div>\n\t\t<div class=\"elementor-element elementor-element-47529ed e-con-full e-flex e-con e-parent\" data-id=\"47529ed\" data-element_type=\"container\" data-e-type=\"container\">\n\t\t\t\t<div class=\"elementor-element elementor-element-edc8c76 elementor-widget elementor-widget-text-editor\" data-id=\"edc8c76\" data-element_type=\"widget\" data-e-type=\"widget\" data-widget_type=\"text-editor.default\">\n\t\t\t\t\t\t\t\t\t<p>Este site e seu conte\u00fado s\u00e3o direitos autorais da Christie &amp; Grey Ltd &#8211; \u00a9 Christie &amp; Grey Ltd 2026<br><br>Todos os direitos reservados.<br><br>N\u00e3o \u00e9 permitida a c\u00f3pia de palavras, imagens, representa\u00e7\u00f5es gr\u00e1ficas ou qualquer outra informa\u00e7\u00e3o contida neste site sem a permiss\u00e3o pr\u00e9via por escrito da Christie &amp; Grey Ltd.<br><br>Voc\u00ea n\u00e3o pode, exceto com nossa permiss\u00e3o expressa por escrito, o link para distribuir ou explorar comercialmente o conte\u00fado. Tamb\u00e9m n\u00e3o pode transmiti-la ou armazen\u00e1-la em qualquer outro site ou outro sistema eletr\u00f4nico de recupera\u00e7\u00e3o. <br><br>O conte\u00fado deste site \u00e9 apenas para fins informativos gerais e n\u00e3o tem a inten\u00e7\u00e3o de ser confiado por nenhum usu\u00e1rio para qualquer finalidade. Christie &amp; Grey Ltd n\u00e3o aceita responsabilidade por perdas ou danos que possam surgir do acesso ou da confian\u00e7a em informa\u00e7\u00f5es contidas neste site. <br><br>Christie &amp; Grey n\u00e3o aceita responsabilidade pelo conte\u00fado de qualquer site externo que fa\u00e7a links para ou deste site.<\/p>\t\t\t\t\t\t\t\t<\/div>\n\t\t\t\t<\/div>\n\t\t<div class=\"elementor-element elementor-element-b8df315 e-flex e-con-boxed e-con e-parent\" data-id=\"b8df315\" data-element_type=\"container\" data-e-type=\"container\" data-settings=\"{&quot;background_background&quot;:&quot;classic&quot;}\">\n\t\t\t\t\t<div class=\"e-con-inner\">\n\t\t<div class=\"elementor-element elementor-element-d9fe9a1 e-grid e-con-full e-con e-child\" data-id=\"d9fe9a1\" data-element_type=\"container\" data-e-type=\"container\">\n\t\t\t\t<div class=\"elementor-element elementor-element-501b9eb elementor-widget elementor-widget-heading\" data-id=\"501b9eb\" data-element_type=\"widget\" data-e-type=\"widget\" data-widget_type=\"heading.default\">\n\t\t\t\t\t<h2 class=\"elementor-heading-title elementor-size-default\">Para mais informa\u00e7\u00f5es ou consultas\n<\/h2>\t\t\t\t<\/div>\n\t\t\t\t<div class=\"elementor-element elementor-element-7b2fc81 elementor-widget elementor-widget-html\" data-id=\"7b2fc81\" data-element_type=\"widget\" data-e-type=\"widget\" data-widget_type=\"html.default\">\n\t\t\t\t\t<a class=\"about-contact-link\" href=\"https:\/\/www.christiegrey.com\/pt-pt\/contato\/\">Entre em contato conosco  <img decoding=\"async\" class=\"white-arrow\" src=\"https:\/\/christiegrey.com\/wp-content\/uploads\/2025\/12\/contact-icon.png\" alt=\"\">\n<\/a>\t\t\t\t<\/div>\n\t\t\t\t<\/div>\n\t\t\t\t\t<\/div>\n\t\t\t\t<\/div>\n\t\t\t\t<\/div>\n\t\t","protected":false},"excerpt":{"rendered":"<p>Aviso de Direitos Autorais Este site e seu conte\u00fado s\u00e3o direitos autorais da Christie &amp; Grey Ltd &#8211; \u00a9 Christie &amp; Grey Ltd 2026 Todos os direitos reservados. N\u00e3o \u00e9 permitida a c\u00f3pia de palavras, imagens, representa\u00e7\u00f5es gr\u00e1ficas ou qualquer outra informa\u00e7\u00e3o contida neste site sem a permiss\u00e3o pr\u00e9via por escrito da Christie &amp; Grey&hellip;<\/p>\n","protected":false},"author":1,"featured_media":0,"parent":0,"menu_order":0,"comment_status":"closed","ping_status":"closed","template":"","meta":{"_acf_changed":false,"footnotes":""},"class_list":["post-3922","page","type-page","status-publish","hentry"],"acf":[],"yoast_head":"<!-- This site is optimized with the Yoast SEO plugin v27.0 - https:\/\/yoast.com\/product\/yoast-seo-wordpress\/ -->\n<title>Aviso de Direitos Autorais | Christie &amp; Grey<\/title>\n<meta name=\"robots\" content=\"index, follow, max-snippet:-1, max-image-preview:large, max-video-preview:-1\" \/>\n<link rel=\"canonical\" href=\"https:\/\/www.christiegrey.com\/copyright-notice\/\" \/>\n<meta property=\"og:locale\" content=\"pt_PT\" \/>\n<meta property=\"og:type\" content=\"article\" \/>\n<meta property=\"og:title\" content=\"Aviso de Direitos Autorais | Christie &amp; Grey\" \/>\n<meta property=\"og:description\" content=\"Aviso de Direitos Autorais Este site e seu conte\u00fado s\u00e3o direitos autorais da Christie &amp; Grey Ltd &#8211; \u00a9 Christie &amp; Grey Ltd 2026 Todos os direitos reservados. N\u00e3o \u00e9 permitida a c\u00f3pia de palavras, imagens, representa\u00e7\u00f5es gr\u00e1ficas ou qualquer outra informa\u00e7\u00e3o contida neste site sem a permiss\u00e3o pr\u00e9via por escrito da Christie &amp; Grey&hellip;\" \/>\n<meta property=\"og:url\" content=\"https:\/\/www.christiegrey.com\/copyright-notice\/\" \/>\n<meta property=\"article:publisher\" content=\"https:\/\/www.facebook.com\/christieandgreylimited\" \/>\n<meta property=\"article:modified_time\" content=\"2026-02-04T12:25:41+00:00\" \/>\n<meta property=\"og:image\" content=\"https:\/\/christiegrey.com\/wp-content\/uploads\/2025\/12\/contact-icon.png\" \/>\n<meta name=\"twitter:card\" content=\"summary_large_image\" \/>\n<meta name=\"twitter:site\" content=\"@christiegreyltd\" \/>\n<meta name=\"twitter:label1\" content=\"Tempo estimado de leitura\" \/>\n\t<meta name=\"twitter:data1\" content=\"2 minutos\" \/>\n<script type=\"application\/ld+json\" class=\"yoast-schema-graph\">{\"@context\":\"https:\/\/schema.org\",\"@graph\":[{\"@type\":\"WebPage\",\"@id\":\"https:\/\/www.christiegrey.com\/copyright-notice\/\",\"url\":\"https:\/\/www.christiegrey.com\/copyright-notice\/\",\"name\":\"Aviso de Direitos Autorais | Christie & Grey\",\"isPartOf\":{\"@id\":\"https:\/\/www.christiegrey.com\/#website\"},\"primaryImageOfPage\":{\"@id\":\"https:\/\/www.christiegrey.com\/copyright-notice\/#primaryimage\"},\"image\":{\"@id\":\"https:\/\/www.christiegrey.com\/copyright-notice\/#primaryimage\"},\"thumbnailUrl\":\"https:\/\/christiegrey.com\/wp-content\/uploads\/2025\/12\/contact-icon.png\",\"datePublished\":\"2026-01-17T10:57:58+00:00\",\"dateModified\":\"2026-02-04T12:25:41+00:00\",\"breadcrumb\":{\"@id\":\"https:\/\/www.christiegrey.com\/copyright-notice\/#breadcrumb\"},\"inLanguage\":\"pt-PT\",\"potentialAction\":[{\"@type\":\"ReadAction\",\"target\":[\"https:\/\/www.christiegrey.com\/copyright-notice\/\"]}]},{\"@type\":\"ImageObject\",\"inLanguage\":\"pt-PT\",\"@id\":\"https:\/\/www.christiegrey.com\/copyright-notice\/#primaryimage\",\"url\":\"https:\/\/christiegrey.com\/wp-content\/uploads\/2025\/12\/contact-icon.png\",\"contentUrl\":\"https:\/\/christiegrey.com\/wp-content\/uploads\/2025\/12\/contact-icon.png\"},{\"@type\":\"BreadcrumbList\",\"@id\":\"https:\/\/www.christiegrey.com\/copyright-notice\/#breadcrumb\",\"itemListElement\":[{\"@type\":\"ListItem\",\"position\":1,\"name\":\"Casa\",\"item\":\"https:\/\/www.christiegrey.com\/\"},{\"@type\":\"ListItem\",\"position\":2,\"name\":\"Aviso de Direitos Autorais\"}]},{\"@type\":\"WebSite\",\"@id\":\"https:\/\/www.christiegrey.com\/#website\",\"url\":\"https:\/\/www.christiegrey.com\/\",\"name\":\"Christie & Grey\",\"description\":\"\",\"publisher\":{\"@id\":\"https:\/\/www.christiegrey.com\/#organization\"},\"potentialAction\":[{\"@type\":\"SearchAction\",\"target\":{\"@type\":\"EntryPoint\",\"urlTemplate\":\"https:\/\/www.christiegrey.com\/?s={search_term_string}\"},\"query-input\":{\"@type\":\"PropertyValueSpecification\",\"valueRequired\":true,\"valueName\":\"search_term_string\"}}],\"inLanguage\":\"pt-PT\"},{\"@type\":\"Organization\",\"@id\":\"https:\/\/www.christiegrey.com\/#organization\",\"name\":\"Christie & Grey\",\"url\":\"https:\/\/www.christiegrey.com\/\",\"logo\":{\"@type\":\"ImageObject\",\"inLanguage\":\"pt-PT\",\"@id\":\"https:\/\/www.christiegrey.com\/#\/schema\/logo\/image\/\",\"url\":\"https:\/\/www.christiegrey.com\/wp-content\/uploads\/2026\/02\/cropped-logo-scaled-1.png\",\"contentUrl\":\"https:\/\/www.christiegrey.com\/wp-content\/uploads\/2026\/02\/cropped-logo-scaled-1.png\",\"width\":250,\"height\":90,\"caption\":\"Christie & Grey\"},\"image\":{\"@id\":\"https:\/\/www.christiegrey.com\/#\/schema\/logo\/image\/\"},\"sameAs\":[\"https:\/\/www.facebook.com\/christieandgreylimited\",\"https:\/\/x.com\/christiegreyltd\"]}]}<\/script>\n<!-- \/ Yoast SEO plugin. -->","yoast_head_json":{"title":"Aviso de Direitos Autorais | Christie & Grey","robots":{"index":"index","follow":"follow","max-snippet":"max-snippet:-1","max-image-preview":"max-image-preview:large","max-video-preview":"max-video-preview:-1"},"canonical":"https:\/\/www.christiegrey.com\/copyright-notice\/","og_locale":"pt_PT","og_type":"article","og_title":"Aviso de Direitos Autorais | Christie & Grey","og_description":"Aviso de Direitos Autorais Este site e seu conte\u00fado s\u00e3o direitos autorais da Christie &amp; Grey Ltd &#8211; \u00a9 Christie &amp; Grey Ltd 2026 Todos os direitos reservados. N\u00e3o \u00e9 permitida a c\u00f3pia de palavras, imagens, representa\u00e7\u00f5es gr\u00e1ficas ou qualquer outra informa\u00e7\u00e3o contida neste site sem a permiss\u00e3o pr\u00e9via por escrito da Christie &amp; Grey&hellip;","og_url":"https:\/\/www.christiegrey.com\/copyright-notice\/","article_publisher":"https:\/\/www.facebook.com\/christieandgreylimited","article_modified_time":"2026-02-04T12:25:41+00:00","og_image":[{"url":"https:\/\/christiegrey.com\/wp-content\/uploads\/2025\/12\/contact-icon.png","type":"","width":"","height":""}],"twitter_card":"summary_large_image","twitter_site":"@christiegreyltd","twitter_misc":{"Tempo estimado de leitura":"2 minutos"},"schema":{"@context":"https:\/\/schema.org","@graph":[{"@type":"WebPage","@id":"https:\/\/www.christiegrey.com\/copyright-notice\/","url":"https:\/\/www.christiegrey.com\/copyright-notice\/","name":"Aviso de Direitos Autorais | Christie & Grey","isPartOf":{"@id":"https:\/\/www.christiegrey.com\/#website"},"primaryImageOfPage":{"@id":"https:\/\/www.christiegrey.com\/copyright-notice\/#primaryimage"},"image":{"@id":"https:\/\/www.christiegrey.com\/copyright-notice\/#primaryimage"},"thumbnailUrl":"https:\/\/christiegrey.com\/wp-content\/uploads\/2025\/12\/contact-icon.png","datePublished":"2026-01-17T10:57:58+00:00","dateModified":"2026-02-04T12:25:41+00:00","breadcrumb":{"@id":"https:\/\/www.christiegrey.com\/copyright-notice\/#breadcrumb"},"inLanguage":"pt-PT","potentialAction":[{"@type":"ReadAction","target":["https:\/\/www.christiegrey.com\/copyright-notice\/"]}]},{"@type":"ImageObject","inLanguage":"pt-PT","@id":"https:\/\/www.christiegrey.com\/copyright-notice\/#primaryimage","url":"https:\/\/christiegrey.com\/wp-content\/uploads\/2025\/12\/contact-icon.png","contentUrl":"https:\/\/christiegrey.com\/wp-content\/uploads\/2025\/12\/contact-icon.png"},{"@type":"BreadcrumbList","@id":"https:\/\/www.christiegrey.com\/copyright-notice\/#breadcrumb","itemListElement":[{"@type":"ListItem","position":1,"name":"Casa","item":"https:\/\/www.christiegrey.com\/"},{"@type":"ListItem","position":2,"name":"Aviso de Direitos Autorais"}]},{"@type":"WebSite","@id":"https:\/\/www.christiegrey.com\/#website","url":"https:\/\/www.christiegrey.com\/","name":"Christie & Grey","description":"","publisher":{"@id":"https:\/\/www.christiegrey.com\/#organization"},"potentialAction":[{"@type":"SearchAction","target":{"@type":"EntryPoint","urlTemplate":"https:\/\/www.christiegrey.com\/?s={search_term_string}"},"query-input":{"@type":"PropertyValueSpecification","valueRequired":true,"valueName":"search_term_string"}}],"inLanguage":"pt-PT"},{"@type":"Organization","@id":"https:\/\/www.christiegrey.com\/#organization","name":"Christie & Grey","url":"https:\/\/www.christiegrey.com\/","logo":{"@type":"ImageObject","inLanguage":"pt-PT","@id":"https:\/\/www.christiegrey.com\/#\/schema\/logo\/image\/","url":"https:\/\/www.christiegrey.com\/wp-content\/uploads\/2026\/02\/cropped-logo-scaled-1.png","contentUrl":"https:\/\/www.christiegrey.com\/wp-content\/uploads\/2026\/02\/cropped-logo-scaled-1.png","width":250,"height":90,"caption":"Christie & Grey"},"image":{"@id":"https:\/\/www.christiegrey.com\/#\/schema\/logo\/image\/"},"sameAs":["https:\/\/www.facebook.com\/christieandgreylimited","https:\/\/x.com\/christiegreyltd"]}]}},"_links":{"self":[{"href":"https:\/\/www.christiegrey.com\/pt-pt\/wp-json\/wp\/v2\/pages\/3922","targetHints":{"allow":["GET"]}}],"collection":[{"href":"https:\/\/www.christiegrey.com\/pt-pt\/wp-json\/wp\/v2\/pages"}],"about":[{"href":"https:\/\/www.christiegrey.com\/pt-pt\/wp-json\/wp\/v2\/types\/page"}],"author":[{"embeddable":true,"href":"https:\/\/www.christiegrey.com\/pt-pt\/wp-json\/wp\/v2\/users\/1"}],"replies":[{"embeddable":true,"href":"https:\/\/www.christiegrey.com\/pt-pt\/wp-json\/wp\/v2\/comments?post=3922"}],"version-history":[{"count":4,"href":"https:\/\/www.christiegrey.com\/pt-pt\/wp-json\/wp\/v2\/pages\/3922\/revisions"}],"predecessor-version":[{"id":5465,"href":"https:\/\/www.christiegrey.com\/pt-pt\/wp-json\/wp\/v2\/pages\/3922\/revisions\/5465"}],"wp:attachment":[{"href":"https:\/\/www.christiegrey.com\/pt-pt\/wp-json\/wp\/v2\/media?parent=3922"}],"curies":[{"name":"wp","href":"https:\/\/api.w.org\/{rel}","templated":true}]}}