{"id":3651,"date":"2025-12-26T09:31:19","date_gmt":"2025-12-26T09:31:19","guid":{"rendered":"https:\/\/christiegrey.com\/patrimonio\/"},"modified":"2026-02-18T05:38:53","modified_gmt":"2026-02-18T05:38:53","slug":"patrimonio","status":"publish","type":"page","link":"https:\/\/www.christiegrey.com\/pt-pt\/patrimonio\/","title":{"rendered":"Patrim\u00f4nio"},"content":{"rendered":"\t\t<div data-elementor-type=\"wp-post\" data-elementor-id=\"3651\" class=\"elementor elementor-3651 elementor-1176\" data-elementor-post-type=\"page\">\n\t\t\t\t<div class=\"elementor-element elementor-element-f1cb943 e-flex e-con-boxed e-con e-parent\" data-id=\"f1cb943\" data-element_type=\"container\" data-e-type=\"container\" data-settings=\"{&quot;background_background&quot;:&quot;classic&quot;}\">\n\t\t\t\t\t<div class=\"e-con-inner\">\n\t\t\t\t<div class=\"elementor-element elementor-element-157ddb8 elementor-widget elementor-widget-heading\" data-id=\"157ddb8\" data-element_type=\"widget\" data-e-type=\"widget\" data-widget_type=\"heading.default\">\n\t\t\t\t\t<h1 class=\"elementor-heading-title elementor-size-default\">Nosso Patrim\u00f4nio e Hist\u00f3ria<\/h1>\t\t\t\t<\/div>\n\t\t\t\t<div class=\"elementor-element elementor-element-da5fcde elementor-widget elementor-widget-text-editor\" data-id=\"da5fcde\" data-element_type=\"widget\" data-e-type=\"widget\" data-widget_type=\"text-editor.default\">\n\t\t\t\t\t\t\t\t\t<p>Rastreando o legado de engenharia da Christie &amp; Grey de 1914 at\u00e9 hoje.<\/p>\t\t\t\t\t\t\t\t<\/div>\n\t\t\t\t\t<\/div>\n\t\t\t\t<\/div>\n\t\t<div class=\"elementor-element elementor-element-4a21e4ba e-flex e-con-boxed e-con e-parent\" data-id=\"4a21e4ba\" data-element_type=\"container\" data-e-type=\"container\" data-settings=\"{&quot;background_background&quot;:&quot;classic&quot;}\">\n\t\t\t\t\t<div class=\"e-con-inner\">\n\t\t\t\t<div class=\"elementor-element elementor-element-7d097f81 elementor-widget elementor-widget-heading\" data-id=\"7d097f81\" data-element_type=\"widget\" data-e-type=\"widget\" data-widget_type=\"heading.default\">\n\t\t\t\t\t<h2 class=\"elementor-heading-title elementor-size-default\">Fundada em 1914, a hist\u00f3ria da Christie &amp; Grey's \u00e9 definida pelo progresso da engenharia, n\u00e3o apenas pela longevidade.  <\/h2>\t\t\t\t<\/div>\n\t\t\t\t<div class=\"elementor-element elementor-element-61622932 elementor-widget elementor-widget-text-editor\" data-id=\"61622932\" data-element_type=\"widget\" data-e-type=\"widget\" data-widget_type=\"text-editor.default\">\n\t\t\t\t\t\t\t\t\t<p>Por mais de um s\u00e9culo, a empresa desenvolveu solu\u00e7\u00f5es de controle de vibra\u00e7\u00e3o, ru\u00eddo e choque em resposta a desafios do mundo real \u2014 apoiando ind\u00fastrias em evolu\u00e7\u00e3o, avan\u00e7ando padr\u00f5es de engenharia e entregando desempenho que resiste ao teste do tempo.<\/p>\t\t\t\t\t\t\t\t<\/div>\n\t\t\t\t\t<\/div>\n\t\t\t\t<\/div>\n\t\t<div class=\"elementor-element elementor-element-1cb6007 e-flex e-con-boxed e-con e-parent\" data-id=\"1cb6007\" data-element_type=\"container\" data-e-type=\"container\" id=\"main-timeline-section\">\n\t\t\t\t\t<div class=\"e-con-inner\">\n\t\t\t\t<div class=\"elementor-element elementor-element-bce42ba elementor-widget elementor-widget-shortcode\" data-id=\"bce42ba\" data-element_type=\"widget\" data-e-type=\"widget\" data-widget_type=\"shortcode.default\">\n\t\t\t\t\t\t\t<div class=\"elementor-shortcode\"><\/div>\n\t\t\t\t\t\t<\/div>\n\t\t\t\t\t<\/div>\n\t\t\t\t<\/div>\n\t\t<div class=\"elementor-element elementor-element-569b9c1 e-flex e-con-boxed e-con e-parent\" data-id=\"569b9c1\" data-element_type=\"container\" data-e-type=\"container\" id=\"explore-more-industries\" data-settings=\"{&quot;background_background&quot;:&quot;classic&quot;}\">\n\t\t\t\t\t<div class=\"e-con-inner\">\n\t\t\t\t<div class=\"elementor-element elementor-element-843c01e elementor-widget elementor-widget-heading\" data-id=\"843c01e\" data-element_type=\"widget\" data-e-type=\"widget\" data-widget_type=\"heading.default\">\n\t\t\t\t\t<h2 class=\"elementor-heading-title elementor-size-default\">Explore por Setor<\/h2>\t\t\t\t<\/div>\n\t\t<div class=\"elementor-element elementor-element-631c124 e-grid e-con-full e-con e-child\" data-id=\"631c124\" data-element_type=\"container\" data-e-type=\"container\">\n\t\t\t\t<div class=\"elementor-element elementor-element-f7fcb10 elementor-position-inline-start elementor-mobile-position-inline-start elementor-view-default elementor-widget elementor-widget-icon-box\" data-id=\"f7fcb10\" data-element_type=\"widget\" data-e-type=\"widget\" data-widget_type=\"icon-box.default\">\n\t\t\t\t\t\t\t<div class=\"elementor-icon-box-wrapper\">\n\n\t\t\t\t\t\t<div class=\"elementor-icon-box-icon\">\n\t\t\t\t<a href=\"https:\/\/www.christiegrey.com\/product-category\/marine-and-offshore\/\" class=\"elementor-icon\" tabindex=\"-1\" aria-label=\"Solu\u00e7\u00f5es Marinhas e Offshore\">\n\t\t\t\t<svg xmlns=\"http:\/\/www.w3.org\/2000\/svg\" width=\"24\" height=\"24\" viewBox=\"0 0 24 24\" fill=\"none\"><path d=\"M5 3V7M3 5H7M6 17V21M4 19H8M13 3L15.2857 9.85714L21 12L15.2857 14.1429L13 21L10.7143 14.1429L5 12L10.7143 9.85714L13 3Z\" stroke=\"#007EC5\" stroke-width=\"2\" stroke-linecap=\"round\" stroke-linejoin=\"round\"><\/path><\/svg>\t\t\t\t<\/a>\n\t\t\t<\/div>\n\t\t\t\n\t\t\t\t\t\t<div class=\"elementor-icon-box-content\">\n\n\t\t\t\t\t\t\t\t\t<h3 class=\"elementor-icon-box-title\">\n\t\t\t\t\t\t<a href=\"https:\/\/www.christiegrey.com\/product-category\/marine-and-offshore\/\" >\n\t\t\t\t\t\t\tSolu\u00e7\u00f5es Marinhas e Offshore\t\t\t\t\t\t<\/a>\n\t\t\t\t\t<\/h3>\n\t\t\t\t\n\t\t\t\t\t\t\t\t\t<p class=\"elementor-icon-box-description\">\n\t\t\t\t\t\tSaiba Mais\t\t\t\t\t<\/p>\n\t\t\t\t\n\t\t\t<\/div>\n\t\t\t\n\t\t<\/div>\n\t\t\t\t\t\t<\/div>\n\t\t\t\t<div class=\"elementor-element elementor-element-25a58d8 elementor-position-inline-start elementor-mobile-position-inline-start elementor-view-default elementor-widget elementor-widget-icon-box\" data-id=\"25a58d8\" data-element_type=\"widget\" data-e-type=\"widget\" data-widget_type=\"icon-box.default\">\n\t\t\t\t\t\t\t<div class=\"elementor-icon-box-wrapper\">\n\n\t\t\t\t\t\t<div class=\"elementor-icon-box-icon\">\n\t\t\t\t<a href=\"https:\/\/www.christiegrey.com\/product-category\/industrial\/\" class=\"elementor-icon\" tabindex=\"-1\" aria-label=\"Solu\u00e7\u00f5es Industriais\">\n\t\t\t\t<svg xmlns=\"http:\/\/www.w3.org\/2000\/svg\" width=\"24\" height=\"24\" viewBox=\"0 0 24 24\" fill=\"none\"><path d=\"M5 3V7M3 5H7M6 17V21M4 19H8M13 3L15.2857 9.85714L21 12L15.2857 14.1429L13 21L10.7143 14.1429L5 12L10.7143 9.85714L13 3Z\" stroke=\"#007EC5\" stroke-width=\"2\" stroke-linecap=\"round\" stroke-linejoin=\"round\"><\/path><\/svg>\t\t\t\t<\/a>\n\t\t\t<\/div>\n\t\t\t\n\t\t\t\t\t\t<div class=\"elementor-icon-box-content\">\n\n\t\t\t\t\t\t\t\t\t<h3 class=\"elementor-icon-box-title\">\n\t\t\t\t\t\t<a href=\"https:\/\/www.christiegrey.com\/product-category\/industrial\/\" >\n\t\t\t\t\t\t\tSolu\u00e7\u00f5es Industriais\t\t\t\t\t\t<\/a>\n\t\t\t\t\t<\/h3>\n\t\t\t\t\n\t\t\t\t\t\t\t\t\t<p class=\"elementor-icon-box-description\">\n\t\t\t\t\t\tSaiba Mais\t\t\t\t\t<\/p>\n\t\t\t\t\n\t\t\t<\/div>\n\t\t\t\n\t\t<\/div>\n\t\t\t\t\t\t<\/div>\n\t\t\t\t<div class=\"elementor-element elementor-element-9d3ee52 elementor-position-inline-start elementor-mobile-position-inline-start elementor-view-default elementor-widget elementor-widget-icon-box\" data-id=\"9d3ee52\" data-element_type=\"widget\" data-e-type=\"widget\" data-widget_type=\"icon-box.default\">\n\t\t\t\t\t\t\t<div class=\"elementor-icon-box-wrapper\">\n\n\t\t\t\t\t\t<div class=\"elementor-icon-box-icon\">\n\t\t\t\t<a href=\"https:\/\/www.christiegrey.com\/product-category\/construction-products\/\" class=\"elementor-icon\" tabindex=\"-1\" aria-label=\"Solu\u00e7\u00f5es de Constru\u00e7\u00e3o\">\n\t\t\t\t<svg xmlns=\"http:\/\/www.w3.org\/2000\/svg\" width=\"24\" height=\"24\" viewBox=\"0 0 24 24\" fill=\"none\"><path d=\"M5 3V7M3 5H7M6 17V21M4 19H8M13 3L15.2857 9.85714L21 12L15.2857 14.1429L13 21L10.7143 14.1429L5 12L10.7143 9.85714L13 3Z\" stroke=\"#007EC5\" stroke-width=\"2\" stroke-linecap=\"round\" stroke-linejoin=\"round\"><\/path><\/svg>\t\t\t\t<\/a>\n\t\t\t<\/div>\n\t\t\t\n\t\t\t\t\t\t<div class=\"elementor-icon-box-content\">\n\n\t\t\t\t\t\t\t\t\t<h3 class=\"elementor-icon-box-title\">\n\t\t\t\t\t\t<a href=\"https:\/\/www.christiegrey.com\/product-category\/construction-products\/\" >\n\t\t\t\t\t\t\tSolu\u00e7\u00f5es de Constru\u00e7\u00e3o\t\t\t\t\t\t<\/a>\n\t\t\t\t\t<\/h3>\n\t\t\t\t\n\t\t\t\t\t\t\t\t\t<p class=\"elementor-icon-box-description\">\n\t\t\t\t\t\tSaiba Mais\t\t\t\t\t<\/p>\n\t\t\t\t\n\t\t\t<\/div>\n\t\t\t\n\t\t<\/div>\n\t\t\t\t\t\t<\/div>\n\t\t\t\t<\/div>\n\t\t\t\t\t<\/div>\n\t\t\t\t<\/div>\n\t\t<div class=\"elementor-element elementor-element-b8df315 e-flex e-con-boxed e-con e-parent\" data-id=\"b8df315\" data-element_type=\"container\" data-e-type=\"container\" data-settings=\"{&quot;background_background&quot;:&quot;classic&quot;}\">\n\t\t\t\t\t<div class=\"e-con-inner\">\n\t\t\t\t<div class=\"elementor-element elementor-element-225634b elementor-widget elementor-widget-shortcode\" data-id=\"225634b\" data-element_type=\"widget\" data-e-type=\"widget\" data-widget_type=\"shortcode.default\">\n\t\t\t\t\t\t\t<div class=\"elementor-shortcode\">\t\t<div data-elementor-type=\"container\" data-elementor-id=\"4129\" class=\"elementor elementor-4129 elementor-1986\" data-elementor-post-type=\"elementor_library\">\n\t\t\t\t<div class=\"elementor-element elementor-element-6952cb5f e-flex e-con-boxed e-con e-parent\" data-id=\"6952cb5f\" data-element_type=\"container\" data-e-type=\"container\" data-settings=\"{&quot;background_background&quot;:&quot;classic&quot;}\">\n\t\t\t\t\t<div class=\"e-con-inner\">\n\t\t<div class=\"elementor-element elementor-element-7c9568df e-grid e-con-full e-con e-child\" data-id=\"7c9568df\" data-element_type=\"container\" data-e-type=\"container\">\n\t\t\t\t<div class=\"elementor-element elementor-element-9cb4307 elementor-widget elementor-widget-heading\" data-id=\"9cb4307\" data-element_type=\"widget\" data-e-type=\"widget\" data-widget_type=\"heading.default\">\n\t\t\t\t\t<h2 class=\"elementor-heading-title elementor-size-default\">Para mais informa\u00e7\u00f5es ou consultas<\/h2>\t\t\t\t<\/div>\n\t\t\t\t<div class=\"elementor-element elementor-element-2e480406 elementor-widget elementor-widget-html\" data-id=\"2e480406\" data-element_type=\"widget\" data-e-type=\"widget\" data-widget_type=\"html.default\">\n\t\t\t\t\t<a class=\"about-contact-link\" href=\"https:\/\/christiegrey.com\/contact\/\">Entre em contato conosco  <img decoding=\"async\" class=\"white-arrow\" src=\"https:\/\/christiegrey.com\/wp-content\/uploads\/2025\/12\/contact-icon.png\" alt=\"\">\n<\/a>\t\t\t\t<\/div>\n\t\t\t\t<\/div>\n\t\t\t\t\t<\/div>\n\t\t\t\t<\/div>\n\t\t\t\t<\/div>\n\t\t<\/div>\n\t\t\t\t\t\t<\/div>\n\t\t\t\t\t<\/div>\n\t\t\t\t<\/div>\n\t\t<div class=\"elementor-element elementor-element-7ccc7c2 e-flex e-con-boxed e-con e-parent\" data-id=\"7ccc7c2\" data-element_type=\"container\" data-e-type=\"container\">\n\t\t\t\t\t<div class=\"e-con-inner\">\n\t\t\t\t\t<\/div>\n\t\t\t\t<\/div>\n\t\t\t\t<\/div>\n\t\t","protected":false},"excerpt":{"rendered":"<p>Nosso Patrim\u00f4nio e Hist\u00f3ria Rastreando o legado de engenharia da Christie &amp; Grey de 1914 at\u00e9 hoje. Fundada em 1914, a hist\u00f3ria da Christie &amp; Grey&#8217;s \u00e9 definida pelo progresso da engenharia, n\u00e3o apenas pela longevidade. Por mais de um s\u00e9culo, a empresa desenvolveu solu\u00e7\u00f5es de controle de vibra\u00e7\u00e3o, ru\u00eddo e choque em resposta a&hellip;<\/p>\n","protected":false},"author":1,"featured_media":0,"parent":0,"menu_order":0,"comment_status":"closed","ping_status":"closed","template":"","meta":{"_acf_changed":false,"footnotes":""},"class_list":["post-3651","page","type-page","status-publish","hentry"],"acf":[],"yoast_head":"<!-- This site is optimized with the Yoast SEO plugin v27.0 - https:\/\/yoast.com\/product\/yoast-seo-wordpress\/ -->\n<title>Patrim\u00f4nio e Hist\u00f3ria de Christie &amp; Grey \u2013 Legado de Engenharia<\/title>\n<meta name=\"description\" content=\"Descubra a heran\u00e7a da Christie &amp; Grey, constru\u00edda sobre d\u00e9cadas de expertise em engenharia em controle de vibra\u00e7\u00e3o e solu\u00e7\u00f5es ac\u00fasticas, moldando o desempenho industrial.\" \/>\n<meta name=\"robots\" content=\"index, follow, max-snippet:-1, max-image-preview:large, max-video-preview:-1\" \/>\n<link rel=\"canonical\" href=\"https:\/\/www.christiegrey.com\/heritage\/\" \/>\n<meta property=\"og:locale\" content=\"pt_PT\" \/>\n<meta property=\"og:type\" content=\"article\" \/>\n<meta property=\"og:title\" content=\"Patrim\u00f4nio e Hist\u00f3ria de Christie &amp; Grey \u2013 Legado de Engenharia\" \/>\n<meta property=\"og:description\" content=\"Descubra a heran\u00e7a da Christie &amp; Grey, constru\u00edda sobre d\u00e9cadas de expertise em engenharia em controle de vibra\u00e7\u00e3o e solu\u00e7\u00f5es ac\u00fasticas, moldando o desempenho industrial.\" \/>\n<meta property=\"og:url\" content=\"https:\/\/www.christiegrey.com\/heritage\/\" \/>\n<meta property=\"article:publisher\" content=\"https:\/\/www.facebook.com\/christieandgreylimited\" \/>\n<meta property=\"article:modified_time\" content=\"2026-02-18T05:38:53+00:00\" \/>\n<meta name=\"twitter:card\" content=\"summary_large_image\" \/>\n<meta name=\"twitter:site\" content=\"@christiegreyltd\" \/>\n<meta name=\"twitter:label1\" content=\"Tempo estimado de leitura\" \/>\n\t<meta name=\"twitter:data1\" content=\"1 minuto\" \/>\n<script type=\"application\/ld+json\" class=\"yoast-schema-graph\">{\"@context\":\"https:\/\/schema.org\",\"@graph\":[{\"@type\":\"WebPage\",\"@id\":\"https:\/\/www.christiegrey.com\/heritage\/\",\"url\":\"https:\/\/www.christiegrey.com\/heritage\/\",\"name\":\"Patrim\u00f4nio e Hist\u00f3ria de Christie & Grey \u2013 Legado de Engenharia\",\"isPartOf\":{\"@id\":\"https:\/\/www.christiegrey.com\/#website\"},\"datePublished\":\"2025-12-26T09:31:19+00:00\",\"dateModified\":\"2026-02-18T05:38:53+00:00\",\"description\":\"Descubra a heran\u00e7a da Christie & Grey, constru\u00edda sobre d\u00e9cadas de expertise em engenharia em controle de vibra\u00e7\u00e3o e solu\u00e7\u00f5es ac\u00fasticas, moldando o desempenho industrial.\",\"breadcrumb\":{\"@id\":\"https:\/\/www.christiegrey.com\/heritage\/#breadcrumb\"},\"inLanguage\":\"pt-PT\",\"potentialAction\":[{\"@type\":\"ReadAction\",\"target\":[\"https:\/\/www.christiegrey.com\/heritage\/\"]}]},{\"@type\":\"BreadcrumbList\",\"@id\":\"https:\/\/www.christiegrey.com\/heritage\/#breadcrumb\",\"itemListElement\":[{\"@type\":\"ListItem\",\"position\":1,\"name\":\"Casa\",\"item\":\"https:\/\/www.christiegrey.com\/\"},{\"@type\":\"ListItem\",\"position\":2,\"name\":\"Patrim\u00f4nio\"}]},{\"@type\":\"WebSite\",\"@id\":\"https:\/\/www.christiegrey.com\/#website\",\"url\":\"https:\/\/www.christiegrey.com\/\",\"name\":\"Christie & Grey\",\"description\":\"\",\"publisher\":{\"@id\":\"https:\/\/www.christiegrey.com\/#organization\"},\"potentialAction\":[{\"@type\":\"SearchAction\",\"target\":{\"@type\":\"EntryPoint\",\"urlTemplate\":\"https:\/\/www.christiegrey.com\/?s={search_term_string}\"},\"query-input\":{\"@type\":\"PropertyValueSpecification\",\"valueRequired\":true,\"valueName\":\"search_term_string\"}}],\"inLanguage\":\"pt-PT\"},{\"@type\":\"Organization\",\"@id\":\"https:\/\/www.christiegrey.com\/#organization\",\"name\":\"Christie & Grey\",\"url\":\"https:\/\/www.christiegrey.com\/\",\"logo\":{\"@type\":\"ImageObject\",\"inLanguage\":\"pt-PT\",\"@id\":\"https:\/\/www.christiegrey.com\/#\/schema\/logo\/image\/\",\"url\":\"https:\/\/www.christiegrey.com\/wp-content\/uploads\/2026\/02\/cropped-logo-scaled-1.png\",\"contentUrl\":\"https:\/\/www.christiegrey.com\/wp-content\/uploads\/2026\/02\/cropped-logo-scaled-1.png\",\"width\":250,\"height\":90,\"caption\":\"Christie & Grey\"},\"image\":{\"@id\":\"https:\/\/www.christiegrey.com\/#\/schema\/logo\/image\/\"},\"sameAs\":[\"https:\/\/www.facebook.com\/christieandgreylimited\",\"https:\/\/x.com\/christiegreyltd\"]}]}<\/script>\n<!-- \/ Yoast SEO plugin. -->","yoast_head_json":{"title":"Patrim\u00f4nio e Hist\u00f3ria de Christie & Grey \u2013 Legado de Engenharia","description":"Descubra a heran\u00e7a da Christie & Grey, constru\u00edda sobre d\u00e9cadas de expertise em engenharia em controle de vibra\u00e7\u00e3o e solu\u00e7\u00f5es ac\u00fasticas, moldando o desempenho industrial.","robots":{"index":"index","follow":"follow","max-snippet":"max-snippet:-1","max-image-preview":"max-image-preview:large","max-video-preview":"max-video-preview:-1"},"canonical":"https:\/\/www.christiegrey.com\/heritage\/","og_locale":"pt_PT","og_type":"article","og_title":"Patrim\u00f4nio e Hist\u00f3ria de Christie & Grey \u2013 Legado de Engenharia","og_description":"Descubra a heran\u00e7a da Christie & Grey, constru\u00edda sobre d\u00e9cadas de expertise em engenharia em controle de vibra\u00e7\u00e3o e solu\u00e7\u00f5es ac\u00fasticas, moldando o desempenho industrial.","og_url":"https:\/\/www.christiegrey.com\/heritage\/","article_publisher":"https:\/\/www.facebook.com\/christieandgreylimited","article_modified_time":"2026-02-18T05:38:53+00:00","twitter_card":"summary_large_image","twitter_site":"@christiegreyltd","twitter_misc":{"Tempo estimado de leitura":"1 minuto"},"schema":{"@context":"https:\/\/schema.org","@graph":[{"@type":"WebPage","@id":"https:\/\/www.christiegrey.com\/heritage\/","url":"https:\/\/www.christiegrey.com\/heritage\/","name":"Patrim\u00f4nio e Hist\u00f3ria de Christie & Grey \u2013 Legado de Engenharia","isPartOf":{"@id":"https:\/\/www.christiegrey.com\/#website"},"datePublished":"2025-12-26T09:31:19+00:00","dateModified":"2026-02-18T05:38:53+00:00","description":"Descubra a heran\u00e7a da Christie & Grey, constru\u00edda sobre d\u00e9cadas de expertise em engenharia em controle de vibra\u00e7\u00e3o e solu\u00e7\u00f5es ac\u00fasticas, moldando o desempenho industrial.","breadcrumb":{"@id":"https:\/\/www.christiegrey.com\/heritage\/#breadcrumb"},"inLanguage":"pt-PT","potentialAction":[{"@type":"ReadAction","target":["https:\/\/www.christiegrey.com\/heritage\/"]}]},{"@type":"BreadcrumbList","@id":"https:\/\/www.christiegrey.com\/heritage\/#breadcrumb","itemListElement":[{"@type":"ListItem","position":1,"name":"Casa","item":"https:\/\/www.christiegrey.com\/"},{"@type":"ListItem","position":2,"name":"Patrim\u00f4nio"}]},{"@type":"WebSite","@id":"https:\/\/www.christiegrey.com\/#website","url":"https:\/\/www.christiegrey.com\/","name":"Christie & Grey","description":"","publisher":{"@id":"https:\/\/www.christiegrey.com\/#organization"},"potentialAction":[{"@type":"SearchAction","target":{"@type":"EntryPoint","urlTemplate":"https:\/\/www.christiegrey.com\/?s={search_term_string}"},"query-input":{"@type":"PropertyValueSpecification","valueRequired":true,"valueName":"search_term_string"}}],"inLanguage":"pt-PT"},{"@type":"Organization","@id":"https:\/\/www.christiegrey.com\/#organization","name":"Christie & Grey","url":"https:\/\/www.christiegrey.com\/","logo":{"@type":"ImageObject","inLanguage":"pt-PT","@id":"https:\/\/www.christiegrey.com\/#\/schema\/logo\/image\/","url":"https:\/\/www.christiegrey.com\/wp-content\/uploads\/2026\/02\/cropped-logo-scaled-1.png","contentUrl":"https:\/\/www.christiegrey.com\/wp-content\/uploads\/2026\/02\/cropped-logo-scaled-1.png","width":250,"height":90,"caption":"Christie & Grey"},"image":{"@id":"https:\/\/www.christiegrey.com\/#\/schema\/logo\/image\/"},"sameAs":["https:\/\/www.facebook.com\/christieandgreylimited","https:\/\/x.com\/christiegreyltd"]}]}},"_links":{"self":[{"href":"https:\/\/www.christiegrey.com\/pt-pt\/wp-json\/wp\/v2\/pages\/3651","targetHints":{"allow":["GET"]}}],"collection":[{"href":"https:\/\/www.christiegrey.com\/pt-pt\/wp-json\/wp\/v2\/pages"}],"about":[{"href":"https:\/\/www.christiegrey.com\/pt-pt\/wp-json\/wp\/v2\/types\/page"}],"author":[{"embeddable":true,"href":"https:\/\/www.christiegrey.com\/pt-pt\/wp-json\/wp\/v2\/users\/1"}],"replies":[{"embeddable":true,"href":"https:\/\/www.christiegrey.com\/pt-pt\/wp-json\/wp\/v2\/comments?post=3651"}],"version-history":[{"count":8,"href":"https:\/\/www.christiegrey.com\/pt-pt\/wp-json\/wp\/v2\/pages\/3651\/revisions"}],"predecessor-version":[{"id":5501,"href":"https:\/\/www.christiegrey.com\/pt-pt\/wp-json\/wp\/v2\/pages\/3651\/revisions\/5501"}],"wp:attachment":[{"href":"https:\/\/www.christiegrey.com\/pt-pt\/wp-json\/wp\/v2\/media?parent=3651"}],"curies":[{"name":"wp","href":"https:\/\/api.w.org\/{rel}","templated":true}]}}