{"id":3547,"date":"2026-01-16T09:58:40","date_gmt":"2026-01-16T09:58:40","guid":{"rendered":"https:\/\/christiegrey.com\/qualidade-e-meio-ambiente\/"},"modified":"2026-01-26T06:42:04","modified_gmt":"2026-01-26T06:42:04","slug":"qualidade-e-meio-ambiente","status":"publish","type":"page","link":"https:\/\/www.christiegrey.com\/pt-pt\/qualidade-e-meio-ambiente\/","title":{"rendered":"Qualidade e Meio Ambiente"},"content":{"rendered":"\t\t<div data-elementor-type=\"wp-post\" data-elementor-id=\"3547\" class=\"elementor elementor-3547 elementor-2765\" data-elementor-post-type=\"page\">\n\t\t\t\t<div class=\"elementor-element elementor-element-6bfed19b e-flex e-con-boxed e-con e-parent\" data-id=\"6bfed19b\" data-element_type=\"container\" data-e-type=\"container\" data-settings=\"{&quot;background_background&quot;:&quot;classic&quot;}\">\n\t\t\t\t\t<div class=\"e-con-inner\">\n\t\t\t\t<div class=\"elementor-element elementor-element-2713b399 elementor-widget elementor-widget-heading\" data-id=\"2713b399\" data-element_type=\"widget\" data-e-type=\"widget\" data-widget_type=\"heading.default\">\n\t\t\t\t\t<h2 class=\"elementor-heading-title elementor-size-default\">Qualidade e Meio Ambiente<\/h2>\t\t\t\t<\/div>\n\t\t\t\t<div class=\"elementor-element elementor-element-2a7844d6 elementor-widget elementor-widget-text-editor\" data-id=\"2a7844d6\" data-element_type=\"widget\" data-e-type=\"widget\" data-widget_type=\"text-editor.default\">\n\t\t\t\t\t\t\t\t\t<p>Normas que apoiam engenharia confi\u00e1vel<\/p>\t\t\t\t\t\t\t\t<\/div>\n\t\t\t\t\t<\/div>\n\t\t\t\t<\/div>\n\t\t<div class=\"elementor-element elementor-element-f1cb943 e-flex e-con-boxed e-con e-parent\" data-id=\"f1cb943\" data-element_type=\"container\" data-e-type=\"container\" data-settings=\"{&quot;background_background&quot;:&quot;classic&quot;}\">\n\t\t\t\t\t<div class=\"e-con-inner\">\n\t\t<div class=\"elementor-element elementor-element-d55132b e-con-full e-flex e-con e-child\" data-id=\"d55132b\" data-element_type=\"container\" data-e-type=\"container\" data-settings=\"{&quot;background_background&quot;:&quot;classic&quot;}\">\n\t\t\t\t<div class=\"elementor-element elementor-element-0425c02 elementor-widget elementor-widget-text-editor\" data-id=\"0425c02\" data-element_type=\"widget\" data-e-type=\"widget\" data-widget_type=\"text-editor.default\">\n\t\t\t\t\t\t\t\t\t<p>A responsabilidade pela qualidade e ambiental s\u00e3o fundamentais para a forma como a Christie &amp; Grey projeta, fabrica e apoia solu\u00e7\u00f5es de isolamento de vibra\u00e7\u00f5es. Nossos sistemas de gest\u00e3o garantem desempenho consistente, conformidade e opera\u00e7\u00e3o respons\u00e1vel em aplica\u00e7\u00f5es mar\u00edtimas, industriais e de constru\u00e7\u00e3o.<\/p>\t\t\t\t\t\t\t\t<\/div>\n\t\t\t\t<\/div>\n\t\t\t\t\t<\/div>\n\t\t\t\t<\/div>\n\t\t<div class=\"elementor-element elementor-element-62e1c0e e-flex e-con-boxed e-con e-parent\" data-id=\"62e1c0e\" data-element_type=\"container\" data-e-type=\"container\" id=\"faq_section\" data-settings=\"{&quot;background_background&quot;:&quot;classic&quot;}\">\n\t\t\t\t\t<div class=\"e-con-inner\">\n\t\t\t\t<div class=\"elementor-element elementor-element-e777e7c elementor-widget elementor-widget-heading\" data-id=\"e777e7c\" data-element_type=\"widget\" data-e-type=\"widget\" data-widget_type=\"heading.default\">\n\t\t\t\t\t<h2 class=\"elementor-heading-title elementor-size-default\">Qualidade<\/h2>\t\t\t\t<\/div>\n\t\t\t\t<div class=\"elementor-element elementor-element-0b40265 elementor-widget elementor-widget-text-editor\" data-id=\"0b40265\" data-element_type=\"widget\" data-e-type=\"widget\" data-widget_type=\"text-editor.default\">\n\t\t\t\t\t\t\t\t\t<p>O Sistema de Gest\u00e3o de Qualidade implementado pela Christie &amp; Grey foi estruturado para estar em conformidade e \u00e9 operado de acordo com os requisitos da BS EN ISO 9001:2015.<\/p><p>O sistema de Gest\u00e3o de Qualidade foi estruturado para identificar a intera\u00e7\u00e3o entre os processos de neg\u00f3cios e de produ\u00e7\u00e3o operados pela empresa, garantindo economicamente e verificando que nossos clientes recebam consistentemente sistemas e servi\u00e7os de controle antivibra\u00e7\u00e3o adequados para o prop\u00f3sito designado, proporcionando o desempenho e confiabilidade necess\u00e1rios, ao mesmo tempo em que estejam em conformidade com fatores de sa\u00fade e seguran\u00e7a.<\/p><p>Os processos s\u00e3o continuamente monitorados, medidos e analisados, e revis\u00f5es regulares do Sistema de Gest\u00e3o da Qualidade s\u00e3o realizadas para garantir que recursos e informa\u00e7\u00f5es estejam dispon\u00edveis para apoiar o sistema e que os objetivos planejados de melhoria cont\u00ednua tenham sido alcan\u00e7ados.<\/p><p>A qualidade \u00e9 fundamental para todos os aspectos do nosso servi\u00e7o, o que \u00e9 comprovado pelo nosso registro em BS EN ISO 9001:2015. O registro \u00e9 aplic\u00e1vel apenas \u00e0 Christie &amp; Grey Limited.<\/p><p><strong>Downloads:<\/strong><br><a href=\"https:\/\/christiegrey.com\/wp-content\/uploads\/2026\/01\/dnv-type-approval-certificate.pdf\">Certificado de Aprova\u00e7\u00e3o de Tipo DNV<\/a><br><a href=\"https:\/\/christiegrey.com\/wp-content\/uploads\/2026\/01\/qms-iso9001-2015.pdf\">QMS-ISO9001-2015.PDF<\/a><br><a href=\"https:\/\/christiegrey.com\/wp-content\/uploads\/2026\/01\/quality-policy-2024.pdf\">Pol\u00edtica de Qualidade 2024.pdf<\/a><\/p>\t\t\t\t\t\t\t\t<\/div>\n\t\t\t\t<div class=\"elementor-element elementor-element-0dc8bb1 elementor-widget elementor-widget-spacer\" data-id=\"0dc8bb1\" data-element_type=\"widget\" data-e-type=\"widget\" data-widget_type=\"spacer.default\">\n\t\t\t\t\t\t\t<div class=\"elementor-spacer\">\n\t\t\t<div class=\"elementor-spacer-inner\"><\/div>\n\t\t<\/div>\n\t\t\t\t\t\t<\/div>\n\t\t\t\t<div class=\"elementor-element elementor-element-c79b5be elementor-widget elementor-widget-heading\" data-id=\"c79b5be\" data-element_type=\"widget\" data-e-type=\"widget\" data-widget_type=\"heading.default\">\n\t\t\t\t\t<h2 class=\"elementor-heading-title elementor-size-default\">Meio ambiente<\/h2>\t\t\t\t<\/div>\n\t\t\t\t<div class=\"elementor-element elementor-element-b2cfbf0 elementor-widget elementor-widget-text-editor\" data-id=\"b2cfbf0\" data-element_type=\"widget\" data-e-type=\"widget\" data-widget_type=\"text-editor.default\">\n\t\t\t\t\t\t\t\t\t<p>O sistema de Gest\u00e3o Ambiental implementado pela Christie &amp; Grey foi estruturado para estar em conformidade e \u00e9 operado de acordo com os princ\u00edpios da BS EN ISO 14001:2015.<\/p><p>O sistema de Gest\u00e3o Ambiental foi estruturado para determinar a intera\u00e7\u00e3o entre os processos de neg\u00f3cios e de produ\u00e7\u00e3o operados pela empresa e para reduzir continuamente o impacto desses processos no meio ambiente.<\/p><p>Os processos de Neg\u00f3cios e Produ\u00e7\u00e3o, incluindo os terceirizados, s\u00e3o continuamente monitorados, medidos e analisados quando aplic\u00e1vel para garantir que recursos e informa\u00e7\u00f5es estejam dispon\u00edveis para apoiar o sistema e que os objetivos planejados de melhoria cont\u00ednua tenham sido alcan\u00e7ados.<\/p><p><strong>Downloads:<\/strong><br><a href=\"https:\/\/christiegrey.com\/wp-content\/uploads\/2026\/01\/environment-policy.pdf\">Quest\u00e3o de Pol\u00edtica Ambiental 7.pdf<\/a><\/p>\t\t\t\t\t\t\t\t<\/div>\n\t\t\t\t\t<\/div>\n\t\t\t\t<\/div>\n\t\t<div class=\"elementor-element elementor-element-b8df315 e-flex e-con-boxed e-con e-parent\" data-id=\"b8df315\" data-element_type=\"container\" data-e-type=\"container\" data-settings=\"{&quot;background_background&quot;:&quot;classic&quot;}\">\n\t\t\t\t\t<div class=\"e-con-inner\">\n\t\t<div class=\"elementor-element elementor-element-d9fe9a1 e-grid e-con-full e-con e-child\" data-id=\"d9fe9a1\" data-element_type=\"container\" data-e-type=\"container\">\n\t\t\t\t<div class=\"elementor-element elementor-element-501b9eb elementor-widget elementor-widget-heading\" data-id=\"501b9eb\" data-element_type=\"widget\" data-e-type=\"widget\" data-widget_type=\"heading.default\">\n\t\t\t\t\t<h2 class=\"elementor-heading-title elementor-size-default\">Para mais informa\u00e7\u00f5es ou consultas\n<\/h2>\t\t\t\t<\/div>\n\t\t\t\t<div class=\"elementor-element elementor-element-7b2fc81 elementor-widget-mobile__width-initial elementor-widget elementor-widget-html\" data-id=\"7b2fc81\" data-element_type=\"widget\" data-e-type=\"widget\" data-widget_type=\"html.default\">\n\t\t\t\t\t<a class=\"about-contact-link\" href=\"https:\/\/christiegrey.com\/pt-pt\/contato\/\">Entre em contato conosco  <img decoding=\"async\" class=\"white-arrow\" src=\"https:\/\/christiegrey.com\/wp-content\/uploads\/2025\/12\/contact-icon.png\" alt=\"\">\n<\/a>\t\t\t\t<\/div>\n\t\t\t\t<\/div>\n\t\t\t\t\t<\/div>\n\t\t\t\t<\/div>\n\t\t\t\t<\/div>\n\t\t","protected":false},"excerpt":{"rendered":"<p>Qualidade e Meio Ambiente Normas que apoiam engenharia confi\u00e1vel A responsabilidade pela qualidade e ambiental s\u00e3o fundamentais para a forma como a Christie &amp; Grey projeta, fabrica e apoia solu\u00e7\u00f5es de isolamento de vibra\u00e7\u00f5es. Nossos sistemas de gest\u00e3o garantem desempenho consistente, conformidade e opera\u00e7\u00e3o respons\u00e1vel em aplica\u00e7\u00f5es mar\u00edtimas, industriais e de constru\u00e7\u00e3o. Qualidade O Sistema&hellip;<\/p>\n","protected":false},"author":1,"featured_media":0,"parent":0,"menu_order":0,"comment_status":"closed","ping_status":"closed","template":"","meta":{"_acf_changed":false,"footnotes":""},"class_list":["post-3547","page","type-page","status-publish","hentry"],"acf":[],"yoast_head":"<!-- This site is optimized with the Yoast SEO plugin v27.0 - https:\/\/yoast.com\/product\/yoast-seo-wordpress\/ -->\n<title>Qualidade &amp; Meio Ambiente | Christie &amp; Grey<\/title>\n<meta name=\"description\" content=\"Saiba mais sobre os sistemas de gest\u00e3o de qualidade e meio ambiente da Christie &amp; Grey&#039;s, incluindo as normas e pol\u00edticas ISO 9001 e ISO 14001.\" \/>\n<meta name=\"robots\" content=\"index, follow, max-snippet:-1, max-image-preview:large, max-video-preview:-1\" \/>\n<link rel=\"canonical\" href=\"https:\/\/www.christiegrey.com\/pt-pt\/qualidade-e-meio-ambiente\/\" \/>\n<meta property=\"og:locale\" content=\"pt_PT\" \/>\n<meta property=\"og:type\" content=\"article\" \/>\n<meta property=\"og:title\" content=\"Qualidade &amp; Meio Ambiente | Christie &amp; Grey\" \/>\n<meta property=\"og:description\" content=\"Saiba mais sobre os sistemas de gest\u00e3o de qualidade e meio ambiente da Christie &amp; Grey&#039;s, incluindo as normas e pol\u00edticas ISO 9001 e ISO 14001.\" \/>\n<meta property=\"og:url\" content=\"https:\/\/www.christiegrey.com\/pt-pt\/qualidade-e-meio-ambiente\/\" \/>\n<meta property=\"article:publisher\" content=\"https:\/\/www.facebook.com\/christieandgreylimited\" \/>\n<meta property=\"article:modified_time\" content=\"2026-01-26T06:42:04+00:00\" \/>\n<meta property=\"og:image\" content=\"https:\/\/christiegrey.com\/wp-content\/uploads\/2025\/12\/contact-icon.png\" \/>\n<meta name=\"twitter:card\" content=\"summary_large_image\" \/>\n<meta name=\"twitter:site\" content=\"@christiegreyltd\" \/>\n<meta name=\"twitter:label1\" content=\"Tempo estimado de leitura\" \/>\n\t<meta name=\"twitter:data1\" content=\"2 minutos\" \/>\n<script type=\"application\/ld+json\" class=\"yoast-schema-graph\">{\"@context\":\"https:\/\/schema.org\",\"@graph\":[{\"@type\":\"WebPage\",\"@id\":\"https:\/\/www.christiegrey.com\/pt-pt\/qualidade-e-meio-ambiente\/\",\"url\":\"https:\/\/www.christiegrey.com\/pt-pt\/qualidade-e-meio-ambiente\/\",\"name\":\"Qualidade & Meio Ambiente | Christie & Grey\",\"isPartOf\":{\"@id\":\"https:\/\/www.christiegrey.com\/#website\"},\"primaryImageOfPage\":{\"@id\":\"https:\/\/www.christiegrey.com\/pt-pt\/qualidade-e-meio-ambiente\/#primaryimage\"},\"image\":{\"@id\":\"https:\/\/www.christiegrey.com\/pt-pt\/qualidade-e-meio-ambiente\/#primaryimage\"},\"thumbnailUrl\":\"https:\/\/christiegrey.com\/wp-content\/uploads\/2025\/12\/contact-icon.png\",\"datePublished\":\"2026-01-16T09:58:40+00:00\",\"dateModified\":\"2026-01-26T06:42:04+00:00\",\"description\":\"Saiba mais sobre os sistemas de gest\u00e3o de qualidade e meio ambiente da Christie & Grey's, incluindo as normas e pol\u00edticas ISO 9001 e ISO 14001.\",\"breadcrumb\":{\"@id\":\"https:\/\/www.christiegrey.com\/pt-pt\/qualidade-e-meio-ambiente\/#breadcrumb\"},\"inLanguage\":\"pt-PT\",\"potentialAction\":[{\"@type\":\"ReadAction\",\"target\":[\"https:\/\/www.christiegrey.com\/pt-pt\/qualidade-e-meio-ambiente\/\"]}]},{\"@type\":\"ImageObject\",\"inLanguage\":\"pt-PT\",\"@id\":\"https:\/\/www.christiegrey.com\/pt-pt\/qualidade-e-meio-ambiente\/#primaryimage\",\"url\":\"https:\/\/christiegrey.com\/wp-content\/uploads\/2025\/12\/contact-icon.png\",\"contentUrl\":\"https:\/\/christiegrey.com\/wp-content\/uploads\/2025\/12\/contact-icon.png\"},{\"@type\":\"BreadcrumbList\",\"@id\":\"https:\/\/www.christiegrey.com\/pt-pt\/qualidade-e-meio-ambiente\/#breadcrumb\",\"itemListElement\":[{\"@type\":\"ListItem\",\"position\":1,\"name\":\"Casa\",\"item\":\"https:\/\/www.christiegrey.com\/\"},{\"@type\":\"ListItem\",\"position\":2,\"name\":\"Qualidade e Meio Ambiente\"}]},{\"@type\":\"WebSite\",\"@id\":\"https:\/\/www.christiegrey.com\/#website\",\"url\":\"https:\/\/www.christiegrey.com\/\",\"name\":\"Christie & Grey\",\"description\":\"\",\"publisher\":{\"@id\":\"https:\/\/www.christiegrey.com\/#organization\"},\"potentialAction\":[{\"@type\":\"SearchAction\",\"target\":{\"@type\":\"EntryPoint\",\"urlTemplate\":\"https:\/\/www.christiegrey.com\/?s={search_term_string}\"},\"query-input\":{\"@type\":\"PropertyValueSpecification\",\"valueRequired\":true,\"valueName\":\"search_term_string\"}}],\"inLanguage\":\"pt-PT\"},{\"@type\":\"Organization\",\"@id\":\"https:\/\/www.christiegrey.com\/#organization\",\"name\":\"Christie & Grey\",\"url\":\"https:\/\/www.christiegrey.com\/\",\"logo\":{\"@type\":\"ImageObject\",\"inLanguage\":\"pt-PT\",\"@id\":\"https:\/\/www.christiegrey.com\/#\/schema\/logo\/image\/\",\"url\":\"https:\/\/www.christiegrey.com\/wp-content\/uploads\/2026\/02\/cropped-logo-scaled-1.png\",\"contentUrl\":\"https:\/\/www.christiegrey.com\/wp-content\/uploads\/2026\/02\/cropped-logo-scaled-1.png\",\"width\":250,\"height\":90,\"caption\":\"Christie & Grey\"},\"image\":{\"@id\":\"https:\/\/www.christiegrey.com\/#\/schema\/logo\/image\/\"},\"sameAs\":[\"https:\/\/www.facebook.com\/christieandgreylimited\",\"https:\/\/x.com\/christiegreyltd\"]}]}<\/script>\n<!-- \/ Yoast SEO plugin. -->","yoast_head_json":{"title":"Qualidade & Meio Ambiente | Christie & Grey","description":"Saiba mais sobre os sistemas de gest\u00e3o de qualidade e meio ambiente da Christie & Grey's, incluindo as normas e pol\u00edticas ISO 9001 e ISO 14001.","robots":{"index":"index","follow":"follow","max-snippet":"max-snippet:-1","max-image-preview":"max-image-preview:large","max-video-preview":"max-video-preview:-1"},"canonical":"https:\/\/www.christiegrey.com\/pt-pt\/qualidade-e-meio-ambiente\/","og_locale":"pt_PT","og_type":"article","og_title":"Qualidade & Meio Ambiente | Christie & Grey","og_description":"Saiba mais sobre os sistemas de gest\u00e3o de qualidade e meio ambiente da Christie & Grey's, incluindo as normas e pol\u00edticas ISO 9001 e ISO 14001.","og_url":"https:\/\/www.christiegrey.com\/pt-pt\/qualidade-e-meio-ambiente\/","article_publisher":"https:\/\/www.facebook.com\/christieandgreylimited","article_modified_time":"2026-01-26T06:42:04+00:00","og_image":[{"url":"https:\/\/christiegrey.com\/wp-content\/uploads\/2025\/12\/contact-icon.png","type":"","width":"","height":""}],"twitter_card":"summary_large_image","twitter_site":"@christiegreyltd","twitter_misc":{"Tempo estimado de leitura":"2 minutos"},"schema":{"@context":"https:\/\/schema.org","@graph":[{"@type":"WebPage","@id":"https:\/\/www.christiegrey.com\/pt-pt\/qualidade-e-meio-ambiente\/","url":"https:\/\/www.christiegrey.com\/pt-pt\/qualidade-e-meio-ambiente\/","name":"Qualidade & Meio Ambiente | Christie & Grey","isPartOf":{"@id":"https:\/\/www.christiegrey.com\/#website"},"primaryImageOfPage":{"@id":"https:\/\/www.christiegrey.com\/pt-pt\/qualidade-e-meio-ambiente\/#primaryimage"},"image":{"@id":"https:\/\/www.christiegrey.com\/pt-pt\/qualidade-e-meio-ambiente\/#primaryimage"},"thumbnailUrl":"https:\/\/christiegrey.com\/wp-content\/uploads\/2025\/12\/contact-icon.png","datePublished":"2026-01-16T09:58:40+00:00","dateModified":"2026-01-26T06:42:04+00:00","description":"Saiba mais sobre os sistemas de gest\u00e3o de qualidade e meio ambiente da Christie & Grey's, incluindo as normas e pol\u00edticas ISO 9001 e ISO 14001.","breadcrumb":{"@id":"https:\/\/www.christiegrey.com\/pt-pt\/qualidade-e-meio-ambiente\/#breadcrumb"},"inLanguage":"pt-PT","potentialAction":[{"@type":"ReadAction","target":["https:\/\/www.christiegrey.com\/pt-pt\/qualidade-e-meio-ambiente\/"]}]},{"@type":"ImageObject","inLanguage":"pt-PT","@id":"https:\/\/www.christiegrey.com\/pt-pt\/qualidade-e-meio-ambiente\/#primaryimage","url":"https:\/\/christiegrey.com\/wp-content\/uploads\/2025\/12\/contact-icon.png","contentUrl":"https:\/\/christiegrey.com\/wp-content\/uploads\/2025\/12\/contact-icon.png"},{"@type":"BreadcrumbList","@id":"https:\/\/www.christiegrey.com\/pt-pt\/qualidade-e-meio-ambiente\/#breadcrumb","itemListElement":[{"@type":"ListItem","position":1,"name":"Casa","item":"https:\/\/www.christiegrey.com\/"},{"@type":"ListItem","position":2,"name":"Qualidade e Meio Ambiente"}]},{"@type":"WebSite","@id":"https:\/\/www.christiegrey.com\/#website","url":"https:\/\/www.christiegrey.com\/","name":"Christie & Grey","description":"","publisher":{"@id":"https:\/\/www.christiegrey.com\/#organization"},"potentialAction":[{"@type":"SearchAction","target":{"@type":"EntryPoint","urlTemplate":"https:\/\/www.christiegrey.com\/?s={search_term_string}"},"query-input":{"@type":"PropertyValueSpecification","valueRequired":true,"valueName":"search_term_string"}}],"inLanguage":"pt-PT"},{"@type":"Organization","@id":"https:\/\/www.christiegrey.com\/#organization","name":"Christie & Grey","url":"https:\/\/www.christiegrey.com\/","logo":{"@type":"ImageObject","inLanguage":"pt-PT","@id":"https:\/\/www.christiegrey.com\/#\/schema\/logo\/image\/","url":"https:\/\/www.christiegrey.com\/wp-content\/uploads\/2026\/02\/cropped-logo-scaled-1.png","contentUrl":"https:\/\/www.christiegrey.com\/wp-content\/uploads\/2026\/02\/cropped-logo-scaled-1.png","width":250,"height":90,"caption":"Christie & Grey"},"image":{"@id":"https:\/\/www.christiegrey.com\/#\/schema\/logo\/image\/"},"sameAs":["https:\/\/www.facebook.com\/christieandgreylimited","https:\/\/x.com\/christiegreyltd"]}]}},"_links":{"self":[{"href":"https:\/\/www.christiegrey.com\/pt-pt\/wp-json\/wp\/v2\/pages\/3547","targetHints":{"allow":["GET"]}}],"collection":[{"href":"https:\/\/www.christiegrey.com\/pt-pt\/wp-json\/wp\/v2\/pages"}],"about":[{"href":"https:\/\/www.christiegrey.com\/pt-pt\/wp-json\/wp\/v2\/types\/page"}],"author":[{"embeddable":true,"href":"https:\/\/www.christiegrey.com\/pt-pt\/wp-json\/wp\/v2\/users\/1"}],"replies":[{"embeddable":true,"href":"https:\/\/www.christiegrey.com\/pt-pt\/wp-json\/wp\/v2\/comments?post=3547"}],"version-history":[{"count":1,"href":"https:\/\/www.christiegrey.com\/pt-pt\/wp-json\/wp\/v2\/pages\/3547\/revisions"}],"predecessor-version":[{"id":3549,"href":"https:\/\/www.christiegrey.com\/pt-pt\/wp-json\/wp\/v2\/pages\/3547\/revisions\/3549"}],"wp:attachment":[{"href":"https:\/\/www.christiegrey.com\/pt-pt\/wp-json\/wp\/v2\/media?parent=3547"}],"curies":[{"name":"wp","href":"https:\/\/api.w.org\/{rel}","templated":true}]}}