{"id":5551,"date":"2026-02-18T21:36:28","date_gmt":"2026-02-18T21:36:28","guid":{"rendered":"https:\/\/www.christiegrey.com\/product\/isolateur-naturel-de-zone-de-liege\/"},"modified":"2026-02-18T21:36:28","modified_gmt":"2026-02-18T21:36:28","slug":"isolateur-naturel-de-zone-de-liege","status":"publish","type":"product","link":"https:\/\/www.christiegrey.com\/fr\/produit\/isolateur-naturel-de-zone-de-liege\/","title":{"rendered":"Isolateur naturel de zone de li\u00e8ge"},"content":{"rendered":"<p>Mat\u00e9riau antivibration efficace et largement approuv\u00e9, con\u00e7u pour des applications \u00e0 forte charge o\u00f9 l\u2019isolation du bruit et des vibrations de fr\u00e9quence moyenne \u00e0 haute fr\u00e9quence est requise. Mat\u00e9riau \u00e9tabli pour l\u2019isolement de la presse d\u2019impression. <\/p>\n","protected":false},"excerpt":{"rendered":"<p>Type Coresil\u00ae<\/p>\n","protected":false},"featured_media":5535,"comment_status":"closed","ping_status":"closed","template":"","meta":{"_acf_changed":false},"product_brand":[],"product_cat":[151,119],"product_tag":[],"class_list":{"0":"post-5551","1":"product","2":"type-product","3":"status-publish","4":"has-post-thumbnail","6":"product_cat-autres-equipements-industriels","7":"product_cat-solutions-industrielles","9":"first","10":"instock","11":"shipping-taxable","12":"purchasable","13":"product-type-simple"},"acf":[],"yoast_head":"<!-- This site is optimized with the Yoast SEO plugin v27.3 - https:\/\/yoast.com\/product\/yoast-seo-wordpress\/ -->\n<title>Type Coresil<\/title>\n<meta name=\"description\" content=\"Coresil offre une isolation des vibrations \u00e0 haute charge pour le bruit de fr\u00e9quence moyenne \u00e0 \u00e9lev\u00e9e, id\u00e9ale pour les presses d\u2019impression, les compresseurs et bien d\u2019autres usages.\" \/>\n<meta name=\"robots\" content=\"index, follow, max-snippet:-1, max-image-preview:large, max-video-preview:-1\" \/>\n<link rel=\"canonical\" href=\"https:\/\/www.christiegrey.com\/fr\/produit\/isolateur-naturel-de-zone-de-liege\/\" \/>\n<meta property=\"og:locale\" content=\"fr_FR\" \/>\n<meta property=\"og:type\" content=\"article\" \/>\n<meta property=\"og:title\" content=\"Type Coresil\" \/>\n<meta property=\"og:description\" content=\"Coresil offre une isolation des vibrations \u00e0 haute charge pour le bruit de fr\u00e9quence moyenne \u00e0 \u00e9lev\u00e9e, id\u00e9ale pour les presses d\u2019impression, les compresseurs et bien d\u2019autres usages.\" \/>\n<meta property=\"og:url\" content=\"https:\/\/www.christiegrey.com\/fr\/produit\/isolateur-naturel-de-zone-de-liege\/\" \/>\n<meta property=\"article:publisher\" content=\"https:\/\/www.facebook.com\/christieandgreylimited\" \/>\n<meta property=\"og:image\" content=\"https:\/\/www.christiegrey.com\/wp-content\/uploads\/2026\/02\/cork-coresil.jpg\" \/>\n\t<meta property=\"og:image:width\" content=\"1080\" \/>\n\t<meta property=\"og:image:height\" content=\"1080\" \/>\n\t<meta property=\"og:image:type\" content=\"image\/jpeg\" \/>\n<meta name=\"twitter:card\" content=\"summary_large_image\" \/>\n<meta name=\"twitter:site\" content=\"@christiegreyltd\" \/>\n<script type=\"application\/ld+json\" class=\"yoast-schema-graph\">{\"@context\":\"https:\\\/\\\/schema.org\",\"@graph\":[{\"@type\":\"WebPage\",\"@id\":\"https:\\\/\\\/www.christiegrey.com\\\/fr\\\/produit\\\/isolateur-naturel-de-zone-de-liege\\\/\",\"url\":\"https:\\\/\\\/www.christiegrey.com\\\/fr\\\/produit\\\/isolateur-naturel-de-zone-de-liege\\\/\",\"name\":\"Type Coresil\",\"isPartOf\":{\"@id\":\"https:\\\/\\\/www.christiegrey.com\\\/#website\"},\"primaryImageOfPage\":{\"@id\":\"https:\\\/\\\/www.christiegrey.com\\\/fr\\\/produit\\\/isolateur-naturel-de-zone-de-liege\\\/#primaryimage\"},\"image\":{\"@id\":\"https:\\\/\\\/www.christiegrey.com\\\/fr\\\/produit\\\/isolateur-naturel-de-zone-de-liege\\\/#primaryimage\"},\"thumbnailUrl\":\"https:\\\/\\\/www.christiegrey.com\\\/wp-content\\\/uploads\\\/2026\\\/02\\\/cork-coresil.jpg\",\"datePublished\":\"2026-02-18T21:36:28+00:00\",\"description\":\"Coresil offre une isolation des vibrations \u00e0 haute charge pour le bruit de fr\u00e9quence moyenne \u00e0 \u00e9lev\u00e9e, id\u00e9ale pour les presses d\u2019impression, les compresseurs et bien d\u2019autres usages.\",\"breadcrumb\":{\"@id\":\"https:\\\/\\\/www.christiegrey.com\\\/fr\\\/produit\\\/isolateur-naturel-de-zone-de-liege\\\/#breadcrumb\"},\"inLanguage\":\"fr-FR\",\"potentialAction\":[{\"@type\":\"ReadAction\",\"target\":[\"https:\\\/\\\/www.christiegrey.com\\\/fr\\\/produit\\\/isolateur-naturel-de-zone-de-liege\\\/\"]}]},{\"@type\":\"ImageObject\",\"inLanguage\":\"fr-FR\",\"@id\":\"https:\\\/\\\/www.christiegrey.com\\\/fr\\\/produit\\\/isolateur-naturel-de-zone-de-liege\\\/#primaryimage\",\"url\":\"https:\\\/\\\/www.christiegrey.com\\\/wp-content\\\/uploads\\\/2026\\\/02\\\/cork-coresil.jpg\",\"contentUrl\":\"https:\\\/\\\/www.christiegrey.com\\\/wp-content\\\/uploads\\\/2026\\\/02\\\/cork-coresil.jpg\",\"width\":1080,\"height\":1080,\"caption\":\"Natural Cork Area Isolator\"},{\"@type\":\"BreadcrumbList\",\"@id\":\"https:\\\/\\\/www.christiegrey.com\\\/fr\\\/produit\\\/isolateur-naturel-de-zone-de-liege\\\/#breadcrumb\",\"itemListElement\":[{\"@type\":\"ListItem\",\"position\":1,\"name\":\"Accueil\",\"item\":\"https:\\\/\\\/www.christiegrey.com\\\/\"},{\"@type\":\"ListItem\",\"position\":2,\"name\":\"Nos produits\",\"item\":\"https:\\\/\\\/www.christiegrey.com\\\/fr\\\/boutique\\\/\"},{\"@type\":\"ListItem\",\"position\":3,\"name\":\"Isolateur naturel de zone de li\u00e8ge\"}]},{\"@type\":\"WebSite\",\"@id\":\"https:\\\/\\\/www.christiegrey.com\\\/#website\",\"url\":\"https:\\\/\\\/www.christiegrey.com\\\/\",\"name\":\"Christie & Grey\",\"description\":\"\",\"publisher\":{\"@id\":\"https:\\\/\\\/www.christiegrey.com\\\/#organization\"},\"potentialAction\":[{\"@type\":\"SearchAction\",\"target\":{\"@type\":\"EntryPoint\",\"urlTemplate\":\"https:\\\/\\\/www.christiegrey.com\\\/?s={search_term_string}\"},\"query-input\":{\"@type\":\"PropertyValueSpecification\",\"valueRequired\":true,\"valueName\":\"search_term_string\"}}],\"inLanguage\":\"fr-FR\"},{\"@type\":\"Organization\",\"@id\":\"https:\\\/\\\/www.christiegrey.com\\\/#organization\",\"name\":\"Christie & Grey\",\"url\":\"https:\\\/\\\/www.christiegrey.com\\\/\",\"logo\":{\"@type\":\"ImageObject\",\"inLanguage\":\"fr-FR\",\"@id\":\"https:\\\/\\\/www.christiegrey.com\\\/#\\\/schema\\\/logo\\\/image\\\/\",\"url\":\"https:\\\/\\\/www.christiegrey.com\\\/wp-content\\\/uploads\\\/2026\\\/02\\\/cropped-logo-scaled-1.png\",\"contentUrl\":\"https:\\\/\\\/www.christiegrey.com\\\/wp-content\\\/uploads\\\/2026\\\/02\\\/cropped-logo-scaled-1.png\",\"width\":250,\"height\":90,\"caption\":\"Christie & Grey\"},\"image\":{\"@id\":\"https:\\\/\\\/www.christiegrey.com\\\/#\\\/schema\\\/logo\\\/image\\\/\"},\"sameAs\":[\"https:\\\/\\\/www.facebook.com\\\/christieandgreylimited\",\"https:\\\/\\\/x.com\\\/christiegreyltd\"]}]}<\/script>\n<!-- \/ Yoast SEO plugin. -->","yoast_head_json":{"title":"Type Coresil","description":"Coresil offre une isolation des vibrations \u00e0 haute charge pour le bruit de fr\u00e9quence moyenne \u00e0 \u00e9lev\u00e9e, id\u00e9ale pour les presses d\u2019impression, les compresseurs et bien d\u2019autres usages.","robots":{"index":"index","follow":"follow","max-snippet":"max-snippet:-1","max-image-preview":"max-image-preview:large","max-video-preview":"max-video-preview:-1"},"canonical":"https:\/\/www.christiegrey.com\/fr\/produit\/isolateur-naturel-de-zone-de-liege\/","og_locale":"fr_FR","og_type":"article","og_title":"Type Coresil","og_description":"Coresil offre une isolation des vibrations \u00e0 haute charge pour le bruit de fr\u00e9quence moyenne \u00e0 \u00e9lev\u00e9e, id\u00e9ale pour les presses d\u2019impression, les compresseurs et bien d\u2019autres usages.","og_url":"https:\/\/www.christiegrey.com\/fr\/produit\/isolateur-naturel-de-zone-de-liege\/","article_publisher":"https:\/\/www.facebook.com\/christieandgreylimited","og_image":[{"width":1080,"height":1080,"url":"https:\/\/www.christiegrey.com\/wp-content\/uploads\/2026\/02\/cork-coresil.jpg","type":"image\/jpeg"}],"twitter_card":"summary_large_image","twitter_site":"@christiegreyltd","schema":{"@context":"https:\/\/schema.org","@graph":[{"@type":"WebPage","@id":"https:\/\/www.christiegrey.com\/fr\/produit\/isolateur-naturel-de-zone-de-liege\/","url":"https:\/\/www.christiegrey.com\/fr\/produit\/isolateur-naturel-de-zone-de-liege\/","name":"Type Coresil","isPartOf":{"@id":"https:\/\/www.christiegrey.com\/#website"},"primaryImageOfPage":{"@id":"https:\/\/www.christiegrey.com\/fr\/produit\/isolateur-naturel-de-zone-de-liege\/#primaryimage"},"image":{"@id":"https:\/\/www.christiegrey.com\/fr\/produit\/isolateur-naturel-de-zone-de-liege\/#primaryimage"},"thumbnailUrl":"https:\/\/www.christiegrey.com\/wp-content\/uploads\/2026\/02\/cork-coresil.jpg","datePublished":"2026-02-18T21:36:28+00:00","description":"Coresil offre une isolation des vibrations \u00e0 haute charge pour le bruit de fr\u00e9quence moyenne \u00e0 \u00e9lev\u00e9e, id\u00e9ale pour les presses d\u2019impression, les compresseurs et bien d\u2019autres usages.","breadcrumb":{"@id":"https:\/\/www.christiegrey.com\/fr\/produit\/isolateur-naturel-de-zone-de-liege\/#breadcrumb"},"inLanguage":"fr-FR","potentialAction":[{"@type":"ReadAction","target":["https:\/\/www.christiegrey.com\/fr\/produit\/isolateur-naturel-de-zone-de-liege\/"]}]},{"@type":"ImageObject","inLanguage":"fr-FR","@id":"https:\/\/www.christiegrey.com\/fr\/produit\/isolateur-naturel-de-zone-de-liege\/#primaryimage","url":"https:\/\/www.christiegrey.com\/wp-content\/uploads\/2026\/02\/cork-coresil.jpg","contentUrl":"https:\/\/www.christiegrey.com\/wp-content\/uploads\/2026\/02\/cork-coresil.jpg","width":1080,"height":1080,"caption":"Natural Cork Area Isolator"},{"@type":"BreadcrumbList","@id":"https:\/\/www.christiegrey.com\/fr\/produit\/isolateur-naturel-de-zone-de-liege\/#breadcrumb","itemListElement":[{"@type":"ListItem","position":1,"name":"Accueil","item":"https:\/\/www.christiegrey.com\/"},{"@type":"ListItem","position":2,"name":"Nos produits","item":"https:\/\/www.christiegrey.com\/fr\/boutique\/"},{"@type":"ListItem","position":3,"name":"Isolateur naturel de zone de li\u00e8ge"}]},{"@type":"WebSite","@id":"https:\/\/www.christiegrey.com\/#website","url":"https:\/\/www.christiegrey.com\/","name":"Christie & Grey","description":"","publisher":{"@id":"https:\/\/www.christiegrey.com\/#organization"},"potentialAction":[{"@type":"SearchAction","target":{"@type":"EntryPoint","urlTemplate":"https:\/\/www.christiegrey.com\/?s={search_term_string}"},"query-input":{"@type":"PropertyValueSpecification","valueRequired":true,"valueName":"search_term_string"}}],"inLanguage":"fr-FR"},{"@type":"Organization","@id":"https:\/\/www.christiegrey.com\/#organization","name":"Christie & Grey","url":"https:\/\/www.christiegrey.com\/","logo":{"@type":"ImageObject","inLanguage":"fr-FR","@id":"https:\/\/www.christiegrey.com\/#\/schema\/logo\/image\/","url":"https:\/\/www.christiegrey.com\/wp-content\/uploads\/2026\/02\/cropped-logo-scaled-1.png","contentUrl":"https:\/\/www.christiegrey.com\/wp-content\/uploads\/2026\/02\/cropped-logo-scaled-1.png","width":250,"height":90,"caption":"Christie & Grey"},"image":{"@id":"https:\/\/www.christiegrey.com\/#\/schema\/logo\/image\/"},"sameAs":["https:\/\/www.facebook.com\/christieandgreylimited","https:\/\/x.com\/christiegreyltd"]}]}},"_links":{"self":[{"href":"https:\/\/www.christiegrey.com\/fr\/wp-json\/wp\/v2\/product\/5551","targetHints":{"allow":["GET"]}}],"collection":[{"href":"https:\/\/www.christiegrey.com\/fr\/wp-json\/wp\/v2\/product"}],"about":[{"href":"https:\/\/www.christiegrey.com\/fr\/wp-json\/wp\/v2\/types\/product"}],"replies":[{"embeddable":true,"href":"https:\/\/www.christiegrey.com\/fr\/wp-json\/wp\/v2\/comments?post=5551"}],"wp:featuredmedia":[{"embeddable":true,"href":"https:\/\/www.christiegrey.com\/fr\/wp-json\/wp\/v2\/media\/5535"}],"wp:attachment":[{"href":"https:\/\/www.christiegrey.com\/fr\/wp-json\/wp\/v2\/media?parent=5551"}],"wp:term":[{"taxonomy":"product_brand","embeddable":true,"href":"https:\/\/www.christiegrey.com\/fr\/wp-json\/wp\/v2\/product_brand?post=5551"},{"taxonomy":"product_cat","embeddable":true,"href":"https:\/\/www.christiegrey.com\/fr\/wp-json\/wp\/v2\/product_cat?post=5551"},{"taxonomy":"product_tag","embeddable":true,"href":"https:\/\/www.christiegrey.com\/fr\/wp-json\/wp\/v2\/product_tag?post=5551"}],"curies":[{"name":"wp","href":"https:\/\/api.w.org\/{rel}","templated":true}]}}