{"id":5543,"date":"2026-02-18T21:43:05","date_gmt":"2026-02-18T21:43:05","guid":{"rendered":"https:\/\/www.christiegrey.com\/product\/neoprene-en-liege-lie-nbc\/"},"modified":"2026-02-18T21:43:05","modified_gmt":"2026-02-18T21:43:05","slug":"neoprene-en-liege-lie-nbc","status":"publish","type":"product","link":"https:\/\/www.christiegrey.com\/fr\/produit\/neoprene-en-liege-lie-nbc\/","title":{"rendered":"N\u00e9opr\u00e8ne en li\u00e8ge li\u00e9 (NBC)"},"content":{"rendered":"<p>Solution simple pour de nombreuses machines industrielles et planchers acoustiques\/structures m\u00e9talliques offrant une isolation des vibrations.<\/p>\n","protected":false},"excerpt":{"rendered":"<p>Solution simple pour de nombreuses machines industrielles et planchers acoustiques\/structures m\u00e9talliques offrant une isolation des vibrations.<\/p>\n","protected":false},"featured_media":5537,"comment_status":"closed","ping_status":"closed","template":"","meta":{"_acf_changed":false},"product_brand":[],"product_cat":[151,119],"product_tag":[],"class_list":{"0":"post-5543","1":"product","2":"type-product","3":"status-publish","4":"has-post-thumbnail","6":"product_cat-autres-equipements-industriels","7":"product_cat-solutions-industrielles","9":"first","10":"instock","11":"shipping-taxable","12":"purchasable","13":"product-type-simple"},"acf":[],"yoast_head":"<!-- This site is optimized with the Yoast SEO plugin v27.3 - https:\/\/yoast.com\/product\/yoast-seo-wordpress\/ -->\n<title>Christie &amp; Grey<\/title>\n<meta name=\"description\" content=\"Le li\u00e8ge \u00e0 li\u00e8ge coll\u00e9 au n\u00e9opr\u00e8ne (NBC) combine li\u00e8ge et n\u00e9opr\u00e8ne durable pour offrir une isolation efficace des vibrations et du bruit pour les applications industrielles et de fondation.\" \/>\n<meta name=\"robots\" content=\"index, follow, max-snippet:-1, max-image-preview:large, max-video-preview:-1\" \/>\n<link rel=\"canonical\" href=\"https:\/\/www.christiegrey.com\/fr\/produit\/neoprene-en-liege-lie-nbc\/\" \/>\n<meta property=\"og:locale\" content=\"fr_FR\" \/>\n<meta property=\"og:type\" content=\"article\" \/>\n<meta property=\"og:title\" content=\"Christie &amp; Grey\" \/>\n<meta property=\"og:description\" content=\"Le li\u00e8ge \u00e0 li\u00e8ge coll\u00e9 au n\u00e9opr\u00e8ne (NBC) combine li\u00e8ge et n\u00e9opr\u00e8ne durable pour offrir une isolation efficace des vibrations et du bruit pour les applications industrielles et de fondation.\" \/>\n<meta property=\"og:url\" content=\"https:\/\/www.christiegrey.com\/fr\/produit\/neoprene-en-liege-lie-nbc\/\" \/>\n<meta property=\"article:publisher\" content=\"https:\/\/www.facebook.com\/christieandgreylimited\" \/>\n<meta property=\"og:image\" content=\"https:\/\/www.christiegrey.com\/wp-content\/uploads\/2026\/02\/nbc.jpg\" \/>\n\t<meta property=\"og:image:width\" content=\"1080\" \/>\n\t<meta property=\"og:image:height\" content=\"1080\" \/>\n\t<meta property=\"og:image:type\" content=\"image\/jpeg\" \/>\n<meta name=\"twitter:card\" content=\"summary_large_image\" \/>\n<meta name=\"twitter:site\" content=\"@christiegreyltd\" \/>\n<script type=\"application\/ld+json\" class=\"yoast-schema-graph\">{\"@context\":\"https:\\\/\\\/schema.org\",\"@graph\":[{\"@type\":\"WebPage\",\"@id\":\"https:\\\/\\\/www.christiegrey.com\\\/fr\\\/produit\\\/neoprene-en-liege-lie-nbc\\\/\",\"url\":\"https:\\\/\\\/www.christiegrey.com\\\/fr\\\/produit\\\/neoprene-en-liege-lie-nbc\\\/\",\"name\":\"Christie & Grey\",\"isPartOf\":{\"@id\":\"https:\\\/\\\/www.christiegrey.com\\\/#website\"},\"primaryImageOfPage\":{\"@id\":\"https:\\\/\\\/www.christiegrey.com\\\/fr\\\/produit\\\/neoprene-en-liege-lie-nbc\\\/#primaryimage\"},\"image\":{\"@id\":\"https:\\\/\\\/www.christiegrey.com\\\/fr\\\/produit\\\/neoprene-en-liege-lie-nbc\\\/#primaryimage\"},\"thumbnailUrl\":\"https:\\\/\\\/www.christiegrey.com\\\/wp-content\\\/uploads\\\/2026\\\/02\\\/nbc.jpg\",\"datePublished\":\"2026-02-18T21:43:05+00:00\",\"description\":\"Le li\u00e8ge \u00e0 li\u00e8ge coll\u00e9 au n\u00e9opr\u00e8ne (NBC) combine li\u00e8ge et n\u00e9opr\u00e8ne durable pour offrir une isolation efficace des vibrations et du bruit pour les applications industrielles et de fondation.\",\"breadcrumb\":{\"@id\":\"https:\\\/\\\/www.christiegrey.com\\\/fr\\\/produit\\\/neoprene-en-liege-lie-nbc\\\/#breadcrumb\"},\"inLanguage\":\"fr-FR\",\"potentialAction\":[{\"@type\":\"ReadAction\",\"target\":[\"https:\\\/\\\/www.christiegrey.com\\\/fr\\\/produit\\\/neoprene-en-liege-lie-nbc\\\/\"]}]},{\"@type\":\"ImageObject\",\"inLanguage\":\"fr-FR\",\"@id\":\"https:\\\/\\\/www.christiegrey.com\\\/fr\\\/produit\\\/neoprene-en-liege-lie-nbc\\\/#primaryimage\",\"url\":\"https:\\\/\\\/www.christiegrey.com\\\/wp-content\\\/uploads\\\/2026\\\/02\\\/nbc.jpg\",\"contentUrl\":\"https:\\\/\\\/www.christiegrey.com\\\/wp-content\\\/uploads\\\/2026\\\/02\\\/nbc.jpg\",\"width\":1080,\"height\":1080,\"caption\":\"Neoprene Bonded Cork\"},{\"@type\":\"BreadcrumbList\",\"@id\":\"https:\\\/\\\/www.christiegrey.com\\\/fr\\\/produit\\\/neoprene-en-liege-lie-nbc\\\/#breadcrumb\",\"itemListElement\":[{\"@type\":\"ListItem\",\"position\":1,\"name\":\"Accueil\",\"item\":\"https:\\\/\\\/www.christiegrey.com\\\/\"},{\"@type\":\"ListItem\",\"position\":2,\"name\":\"Nos produits\",\"item\":\"https:\\\/\\\/www.christiegrey.com\\\/fr\\\/boutique\\\/\"},{\"@type\":\"ListItem\",\"position\":3,\"name\":\"N\u00e9opr\u00e8ne en li\u00e8ge li\u00e9 (NBC)\"}]},{\"@type\":\"WebSite\",\"@id\":\"https:\\\/\\\/www.christiegrey.com\\\/#website\",\"url\":\"https:\\\/\\\/www.christiegrey.com\\\/\",\"name\":\"Christie & Grey\",\"description\":\"\",\"publisher\":{\"@id\":\"https:\\\/\\\/www.christiegrey.com\\\/#organization\"},\"potentialAction\":[{\"@type\":\"SearchAction\",\"target\":{\"@type\":\"EntryPoint\",\"urlTemplate\":\"https:\\\/\\\/www.christiegrey.com\\\/?s={search_term_string}\"},\"query-input\":{\"@type\":\"PropertyValueSpecification\",\"valueRequired\":true,\"valueName\":\"search_term_string\"}}],\"inLanguage\":\"fr-FR\"},{\"@type\":\"Organization\",\"@id\":\"https:\\\/\\\/www.christiegrey.com\\\/#organization\",\"name\":\"Christie & Grey\",\"url\":\"https:\\\/\\\/www.christiegrey.com\\\/\",\"logo\":{\"@type\":\"ImageObject\",\"inLanguage\":\"fr-FR\",\"@id\":\"https:\\\/\\\/www.christiegrey.com\\\/#\\\/schema\\\/logo\\\/image\\\/\",\"url\":\"https:\\\/\\\/www.christiegrey.com\\\/wp-content\\\/uploads\\\/2026\\\/02\\\/cropped-logo-scaled-1.png\",\"contentUrl\":\"https:\\\/\\\/www.christiegrey.com\\\/wp-content\\\/uploads\\\/2026\\\/02\\\/cropped-logo-scaled-1.png\",\"width\":250,\"height\":90,\"caption\":\"Christie & Grey\"},\"image\":{\"@id\":\"https:\\\/\\\/www.christiegrey.com\\\/#\\\/schema\\\/logo\\\/image\\\/\"},\"sameAs\":[\"https:\\\/\\\/www.facebook.com\\\/christieandgreylimited\",\"https:\\\/\\\/x.com\\\/christiegreyltd\"]}]}<\/script>\n<!-- \/ Yoast SEO plugin. -->","yoast_head_json":{"title":"Christie & Grey","description":"Le li\u00e8ge \u00e0 li\u00e8ge coll\u00e9 au n\u00e9opr\u00e8ne (NBC) combine li\u00e8ge et n\u00e9opr\u00e8ne durable pour offrir une isolation efficace des vibrations et du bruit pour les applications industrielles et de fondation.","robots":{"index":"index","follow":"follow","max-snippet":"max-snippet:-1","max-image-preview":"max-image-preview:large","max-video-preview":"max-video-preview:-1"},"canonical":"https:\/\/www.christiegrey.com\/fr\/produit\/neoprene-en-liege-lie-nbc\/","og_locale":"fr_FR","og_type":"article","og_title":"Christie & Grey","og_description":"Le li\u00e8ge \u00e0 li\u00e8ge coll\u00e9 au n\u00e9opr\u00e8ne (NBC) combine li\u00e8ge et n\u00e9opr\u00e8ne durable pour offrir une isolation efficace des vibrations et du bruit pour les applications industrielles et de fondation.","og_url":"https:\/\/www.christiegrey.com\/fr\/produit\/neoprene-en-liege-lie-nbc\/","article_publisher":"https:\/\/www.facebook.com\/christieandgreylimited","og_image":[{"width":1080,"height":1080,"url":"https:\/\/www.christiegrey.com\/wp-content\/uploads\/2026\/02\/nbc.jpg","type":"image\/jpeg"}],"twitter_card":"summary_large_image","twitter_site":"@christiegreyltd","schema":{"@context":"https:\/\/schema.org","@graph":[{"@type":"WebPage","@id":"https:\/\/www.christiegrey.com\/fr\/produit\/neoprene-en-liege-lie-nbc\/","url":"https:\/\/www.christiegrey.com\/fr\/produit\/neoprene-en-liege-lie-nbc\/","name":"Christie & Grey","isPartOf":{"@id":"https:\/\/www.christiegrey.com\/#website"},"primaryImageOfPage":{"@id":"https:\/\/www.christiegrey.com\/fr\/produit\/neoprene-en-liege-lie-nbc\/#primaryimage"},"image":{"@id":"https:\/\/www.christiegrey.com\/fr\/produit\/neoprene-en-liege-lie-nbc\/#primaryimage"},"thumbnailUrl":"https:\/\/www.christiegrey.com\/wp-content\/uploads\/2026\/02\/nbc.jpg","datePublished":"2026-02-18T21:43:05+00:00","description":"Le li\u00e8ge \u00e0 li\u00e8ge coll\u00e9 au n\u00e9opr\u00e8ne (NBC) combine li\u00e8ge et n\u00e9opr\u00e8ne durable pour offrir une isolation efficace des vibrations et du bruit pour les applications industrielles et de fondation.","breadcrumb":{"@id":"https:\/\/www.christiegrey.com\/fr\/produit\/neoprene-en-liege-lie-nbc\/#breadcrumb"},"inLanguage":"fr-FR","potentialAction":[{"@type":"ReadAction","target":["https:\/\/www.christiegrey.com\/fr\/produit\/neoprene-en-liege-lie-nbc\/"]}]},{"@type":"ImageObject","inLanguage":"fr-FR","@id":"https:\/\/www.christiegrey.com\/fr\/produit\/neoprene-en-liege-lie-nbc\/#primaryimage","url":"https:\/\/www.christiegrey.com\/wp-content\/uploads\/2026\/02\/nbc.jpg","contentUrl":"https:\/\/www.christiegrey.com\/wp-content\/uploads\/2026\/02\/nbc.jpg","width":1080,"height":1080,"caption":"Neoprene Bonded Cork"},{"@type":"BreadcrumbList","@id":"https:\/\/www.christiegrey.com\/fr\/produit\/neoprene-en-liege-lie-nbc\/#breadcrumb","itemListElement":[{"@type":"ListItem","position":1,"name":"Accueil","item":"https:\/\/www.christiegrey.com\/"},{"@type":"ListItem","position":2,"name":"Nos produits","item":"https:\/\/www.christiegrey.com\/fr\/boutique\/"},{"@type":"ListItem","position":3,"name":"N\u00e9opr\u00e8ne en li\u00e8ge li\u00e9 (NBC)"}]},{"@type":"WebSite","@id":"https:\/\/www.christiegrey.com\/#website","url":"https:\/\/www.christiegrey.com\/","name":"Christie & Grey","description":"","publisher":{"@id":"https:\/\/www.christiegrey.com\/#organization"},"potentialAction":[{"@type":"SearchAction","target":{"@type":"EntryPoint","urlTemplate":"https:\/\/www.christiegrey.com\/?s={search_term_string}"},"query-input":{"@type":"PropertyValueSpecification","valueRequired":true,"valueName":"search_term_string"}}],"inLanguage":"fr-FR"},{"@type":"Organization","@id":"https:\/\/www.christiegrey.com\/#organization","name":"Christie & Grey","url":"https:\/\/www.christiegrey.com\/","logo":{"@type":"ImageObject","inLanguage":"fr-FR","@id":"https:\/\/www.christiegrey.com\/#\/schema\/logo\/image\/","url":"https:\/\/www.christiegrey.com\/wp-content\/uploads\/2026\/02\/cropped-logo-scaled-1.png","contentUrl":"https:\/\/www.christiegrey.com\/wp-content\/uploads\/2026\/02\/cropped-logo-scaled-1.png","width":250,"height":90,"caption":"Christie & Grey"},"image":{"@id":"https:\/\/www.christiegrey.com\/#\/schema\/logo\/image\/"},"sameAs":["https:\/\/www.facebook.com\/christieandgreylimited","https:\/\/x.com\/christiegreyltd"]}]}},"_links":{"self":[{"href":"https:\/\/www.christiegrey.com\/fr\/wp-json\/wp\/v2\/product\/5543","targetHints":{"allow":["GET"]}}],"collection":[{"href":"https:\/\/www.christiegrey.com\/fr\/wp-json\/wp\/v2\/product"}],"about":[{"href":"https:\/\/www.christiegrey.com\/fr\/wp-json\/wp\/v2\/types\/product"}],"replies":[{"embeddable":true,"href":"https:\/\/www.christiegrey.com\/fr\/wp-json\/wp\/v2\/comments?post=5543"}],"wp:featuredmedia":[{"embeddable":true,"href":"https:\/\/www.christiegrey.com\/fr\/wp-json\/wp\/v2\/media\/5537"}],"wp:attachment":[{"href":"https:\/\/www.christiegrey.com\/fr\/wp-json\/wp\/v2\/media?parent=5543"}],"wp:term":[{"taxonomy":"product_brand","embeddable":true,"href":"https:\/\/www.christiegrey.com\/fr\/wp-json\/wp\/v2\/product_brand?post=5543"},{"taxonomy":"product_cat","embeddable":true,"href":"https:\/\/www.christiegrey.com\/fr\/wp-json\/wp\/v2\/product_cat?post=5543"},{"taxonomy":"product_tag","embeddable":true,"href":"https:\/\/www.christiegrey.com\/fr\/wp-json\/wp\/v2\/product_tag?post=5543"}],"curies":[{"name":"wp","href":"https:\/\/api.w.org\/{rel}","templated":true}]}}