{"id":4766,"date":"2025-12-25T10:23:04","date_gmt":"2025-12-25T10:23:04","guid":{"rendered":"https:\/\/www.christiegrey.com\/product\/marinflex-2\/"},"modified":"2025-12-25T10:23:04","modified_gmt":"2025-12-25T10:23:04","slug":"marinflex-2","status":"publish","type":"product","link":"https:\/\/www.christiegrey.com\/fr\/produit\/marinflex-2\/","title":{"rendered":"Marinflex"},"content":{"rendered":"<p>Depuis de nombreuses ann\u00e9es, ces isolateurs offrent un contr\u00f4le tr\u00e8s efficace des vibrations, du bruit transmis par la structure et des chocs dans des conditions tr\u00e8s strictes et rigoureuses observ\u00e9es sur les installations maritimes et autres installations mobiles.<\/p>\n<p>Ils ont \u00e9galement \u00e9t\u00e9 appliqu\u00e9s avec beaucoup de succ\u00e8s \u00e0 une large gamme de machines employ\u00e9es dans les b\u00e2timents industriels et de bureaux. Les deux tailles d\u2019isolateurs MPM con\u00e7ues et fabriqu\u00e9es par nous sont disponibles sous forme de pi\u00e9destal ou de support, pour montage conventionnel ou lat\u00e9ral. <\/p>\n<p>Diff\u00e9rentes rigidit\u00e9s en caoutchouc sont disponibles pour chaque type et taille d\u2019isolateur, ce qui facilite la s\u00e9lection des isolateurs ayant les meilleures caract\u00e9ristiques pour une application particuli\u00e8re.<\/p>\n","protected":false},"excerpt":{"rendered":"<p>Type MPM et MPBM<\/p>\n","protected":false},"featured_media":943,"comment_status":"open","ping_status":"closed","template":"","meta":{"_acf_changed":false},"product_brand":[],"product_cat":[150,162,157,144],"product_tag":[],"class_list":{"0":"post-4766","1":"product","2":"type-product","3":"status-publish","4":"has-post-thumbnail","6":"product_cat-echappements-marins","7":"product_cat-marine-propulsion","8":"product_cat-production-marine","9":"product_cat-solutions-maritimes-et-offshore","11":"first","12":"instock","13":"shipping-taxable","14":"purchasable","15":"product-type-simple"},"acf":[],"yoast_head":"<!-- This site is optimized with the Yoast SEO plugin v27.0 - https:\/\/yoast.com\/product\/yoast-seo-wordpress\/ -->\n<title>Isolateurs en caoutchouc Marinflex MPM et MPBM \u2013 Christie Grey<\/title>\n<meta name=\"description\" content=\"Les isolateurs Marinflex MPM et MPBM r\u00e9duisent les vibrations, le bruit et les chocs pour les machines marines, mobiles, industrielles et de bureau, avec une rigidit\u00e9 en caoutchouc personnalisable.\" \/>\n<meta name=\"robots\" content=\"index, follow, max-snippet:-1, max-image-preview:large, max-video-preview:-1\" \/>\n<link rel=\"canonical\" href=\"https:\/\/www.christiegrey.com\/fr\/produit\/marinflex-2\/\" \/>\n<meta property=\"og:locale\" content=\"fr_FR\" \/>\n<meta property=\"og:type\" content=\"article\" \/>\n<meta property=\"og:title\" content=\"Isolateurs en caoutchouc Marinflex MPM et MPBM \u2013 Christie Grey\" \/>\n<meta property=\"og:description\" content=\"Les isolateurs Marinflex MPM et MPBM r\u00e9duisent les vibrations, le bruit et les chocs pour les machines marines, mobiles, industrielles et de bureau, avec une rigidit\u00e9 en caoutchouc personnalisable.\" \/>\n<meta property=\"og:url\" content=\"https:\/\/www.christiegrey.com\/fr\/produit\/marinflex-2\/\" \/>\n<meta property=\"article:publisher\" content=\"https:\/\/www.facebook.com\/christieandgreylimited\" \/>\n<meta property=\"og:image\" content=\"https:\/\/www.christiegrey.com\/wp-content\/uploads\/2025\/12\/mp_group.png\" \/>\n\t<meta property=\"og:image:width\" content=\"300\" \/>\n\t<meta property=\"og:image:height\" content=\"300\" \/>\n\t<meta property=\"og:image:type\" content=\"image\/png\" \/>\n<meta name=\"twitter:card\" content=\"summary_large_image\" \/>\n<meta name=\"twitter:site\" content=\"@christiegreyltd\" \/>\n<meta name=\"twitter:label1\" content=\"Dur\u00e9e de lecture estim\u00e9e\" \/>\n\t<meta name=\"twitter:data1\" content=\"1 minute\" \/>\n<script type=\"application\/ld+json\" class=\"yoast-schema-graph\">{\"@context\":\"https:\/\/schema.org\",\"@graph\":[{\"@type\":\"WebPage\",\"@id\":\"https:\/\/www.christiegrey.com\/fr\/produit\/marinflex-2\/\",\"url\":\"https:\/\/www.christiegrey.com\/fr\/produit\/marinflex-2\/\",\"name\":\"Isolateurs en caoutchouc Marinflex MPM et MPBM \u2013 Christie Grey\",\"isPartOf\":{\"@id\":\"https:\/\/www.christiegrey.com\/#website\"},\"primaryImageOfPage\":{\"@id\":\"https:\/\/www.christiegrey.com\/fr\/produit\/marinflex-2\/#primaryimage\"},\"image\":{\"@id\":\"https:\/\/www.christiegrey.com\/fr\/produit\/marinflex-2\/#primaryimage\"},\"thumbnailUrl\":\"https:\/\/www.christiegrey.com\/wp-content\/uploads\/2025\/12\/mp_group.png\",\"datePublished\":\"2025-12-25T10:23:04+00:00\",\"description\":\"Les isolateurs Marinflex MPM et MPBM r\u00e9duisent les vibrations, le bruit et les chocs pour les machines marines, mobiles, industrielles et de bureau, avec une rigidit\u00e9 en caoutchouc personnalisable.\",\"breadcrumb\":{\"@id\":\"https:\/\/www.christiegrey.com\/fr\/produit\/marinflex-2\/#breadcrumb\"},\"inLanguage\":\"fr-FR\",\"potentialAction\":[{\"@type\":\"ReadAction\",\"target\":[\"https:\/\/www.christiegrey.com\/fr\/produit\/marinflex-2\/\"]}]},{\"@type\":\"ImageObject\",\"inLanguage\":\"fr-FR\",\"@id\":\"https:\/\/www.christiegrey.com\/fr\/produit\/marinflex-2\/#primaryimage\",\"url\":\"https:\/\/www.christiegrey.com\/wp-content\/uploads\/2025\/12\/mp_group.png\",\"contentUrl\":\"https:\/\/www.christiegrey.com\/wp-content\/uploads\/2025\/12\/mp_group.png\",\"width\":300,\"height\":300,\"caption\":\"Marinflex MPM\/MPBM vibration isolators\"},{\"@type\":\"BreadcrumbList\",\"@id\":\"https:\/\/www.christiegrey.com\/fr\/produit\/marinflex-2\/#breadcrumb\",\"itemListElement\":[{\"@type\":\"ListItem\",\"position\":1,\"name\":\"Accueil\",\"item\":\"https:\/\/www.christiegrey.com\/\"},{\"@type\":\"ListItem\",\"position\":2,\"name\":\"Nos produits\",\"item\":\"https:\/\/www.christiegrey.com\/fr\/boutique\/\"},{\"@type\":\"ListItem\",\"position\":3,\"name\":\"Marinflex\"}]},{\"@type\":\"WebSite\",\"@id\":\"https:\/\/www.christiegrey.com\/#website\",\"url\":\"https:\/\/www.christiegrey.com\/\",\"name\":\"Christie & Grey\",\"description\":\"\",\"publisher\":{\"@id\":\"https:\/\/www.christiegrey.com\/#organization\"},\"potentialAction\":[{\"@type\":\"SearchAction\",\"target\":{\"@type\":\"EntryPoint\",\"urlTemplate\":\"https:\/\/www.christiegrey.com\/?s={search_term_string}\"},\"query-input\":{\"@type\":\"PropertyValueSpecification\",\"valueRequired\":true,\"valueName\":\"search_term_string\"}}],\"inLanguage\":\"fr-FR\"},{\"@type\":\"Organization\",\"@id\":\"https:\/\/www.christiegrey.com\/#organization\",\"name\":\"Christie & Grey\",\"url\":\"https:\/\/www.christiegrey.com\/\",\"logo\":{\"@type\":\"ImageObject\",\"inLanguage\":\"fr-FR\",\"@id\":\"https:\/\/www.christiegrey.com\/#\/schema\/logo\/image\/\",\"url\":\"https:\/\/www.christiegrey.com\/wp-content\/uploads\/2026\/02\/cropped-logo-scaled-1.png\",\"contentUrl\":\"https:\/\/www.christiegrey.com\/wp-content\/uploads\/2026\/02\/cropped-logo-scaled-1.png\",\"width\":250,\"height\":90,\"caption\":\"Christie & Grey\"},\"image\":{\"@id\":\"https:\/\/www.christiegrey.com\/#\/schema\/logo\/image\/\"},\"sameAs\":[\"https:\/\/www.facebook.com\/christieandgreylimited\",\"https:\/\/x.com\/christiegreyltd\"]}]}<\/script>\n<!-- \/ Yoast SEO plugin. -->","yoast_head_json":{"title":"Isolateurs en caoutchouc Marinflex MPM et MPBM \u2013 Christie Grey","description":"Les isolateurs Marinflex MPM et MPBM r\u00e9duisent les vibrations, le bruit et les chocs pour les machines marines, mobiles, industrielles et de bureau, avec une rigidit\u00e9 en caoutchouc personnalisable.","robots":{"index":"index","follow":"follow","max-snippet":"max-snippet:-1","max-image-preview":"max-image-preview:large","max-video-preview":"max-video-preview:-1"},"canonical":"https:\/\/www.christiegrey.com\/fr\/produit\/marinflex-2\/","og_locale":"fr_FR","og_type":"article","og_title":"Isolateurs en caoutchouc Marinflex MPM et MPBM \u2013 Christie Grey","og_description":"Les isolateurs Marinflex MPM et MPBM r\u00e9duisent les vibrations, le bruit et les chocs pour les machines marines, mobiles, industrielles et de bureau, avec une rigidit\u00e9 en caoutchouc personnalisable.","og_url":"https:\/\/www.christiegrey.com\/fr\/produit\/marinflex-2\/","article_publisher":"https:\/\/www.facebook.com\/christieandgreylimited","og_image":[{"width":300,"height":300,"url":"https:\/\/www.christiegrey.com\/wp-content\/uploads\/2025\/12\/mp_group.png","type":"image\/png"}],"twitter_card":"summary_large_image","twitter_site":"@christiegreyltd","twitter_misc":{"Dur\u00e9e de lecture estim\u00e9e":"1 minute"},"schema":{"@context":"https:\/\/schema.org","@graph":[{"@type":"WebPage","@id":"https:\/\/www.christiegrey.com\/fr\/produit\/marinflex-2\/","url":"https:\/\/www.christiegrey.com\/fr\/produit\/marinflex-2\/","name":"Isolateurs en caoutchouc Marinflex MPM et MPBM \u2013 Christie Grey","isPartOf":{"@id":"https:\/\/www.christiegrey.com\/#website"},"primaryImageOfPage":{"@id":"https:\/\/www.christiegrey.com\/fr\/produit\/marinflex-2\/#primaryimage"},"image":{"@id":"https:\/\/www.christiegrey.com\/fr\/produit\/marinflex-2\/#primaryimage"},"thumbnailUrl":"https:\/\/www.christiegrey.com\/wp-content\/uploads\/2025\/12\/mp_group.png","datePublished":"2025-12-25T10:23:04+00:00","description":"Les isolateurs Marinflex MPM et MPBM r\u00e9duisent les vibrations, le bruit et les chocs pour les machines marines, mobiles, industrielles et de bureau, avec une rigidit\u00e9 en caoutchouc personnalisable.","breadcrumb":{"@id":"https:\/\/www.christiegrey.com\/fr\/produit\/marinflex-2\/#breadcrumb"},"inLanguage":"fr-FR","potentialAction":[{"@type":"ReadAction","target":["https:\/\/www.christiegrey.com\/fr\/produit\/marinflex-2\/"]}]},{"@type":"ImageObject","inLanguage":"fr-FR","@id":"https:\/\/www.christiegrey.com\/fr\/produit\/marinflex-2\/#primaryimage","url":"https:\/\/www.christiegrey.com\/wp-content\/uploads\/2025\/12\/mp_group.png","contentUrl":"https:\/\/www.christiegrey.com\/wp-content\/uploads\/2025\/12\/mp_group.png","width":300,"height":300,"caption":"Marinflex MPM\/MPBM vibration isolators"},{"@type":"BreadcrumbList","@id":"https:\/\/www.christiegrey.com\/fr\/produit\/marinflex-2\/#breadcrumb","itemListElement":[{"@type":"ListItem","position":1,"name":"Accueil","item":"https:\/\/www.christiegrey.com\/"},{"@type":"ListItem","position":2,"name":"Nos produits","item":"https:\/\/www.christiegrey.com\/fr\/boutique\/"},{"@type":"ListItem","position":3,"name":"Marinflex"}]},{"@type":"WebSite","@id":"https:\/\/www.christiegrey.com\/#website","url":"https:\/\/www.christiegrey.com\/","name":"Christie & Grey","description":"","publisher":{"@id":"https:\/\/www.christiegrey.com\/#organization"},"potentialAction":[{"@type":"SearchAction","target":{"@type":"EntryPoint","urlTemplate":"https:\/\/www.christiegrey.com\/?s={search_term_string}"},"query-input":{"@type":"PropertyValueSpecification","valueRequired":true,"valueName":"search_term_string"}}],"inLanguage":"fr-FR"},{"@type":"Organization","@id":"https:\/\/www.christiegrey.com\/#organization","name":"Christie & Grey","url":"https:\/\/www.christiegrey.com\/","logo":{"@type":"ImageObject","inLanguage":"fr-FR","@id":"https:\/\/www.christiegrey.com\/#\/schema\/logo\/image\/","url":"https:\/\/www.christiegrey.com\/wp-content\/uploads\/2026\/02\/cropped-logo-scaled-1.png","contentUrl":"https:\/\/www.christiegrey.com\/wp-content\/uploads\/2026\/02\/cropped-logo-scaled-1.png","width":250,"height":90,"caption":"Christie & Grey"},"image":{"@id":"https:\/\/www.christiegrey.com\/#\/schema\/logo\/image\/"},"sameAs":["https:\/\/www.facebook.com\/christieandgreylimited","https:\/\/x.com\/christiegreyltd"]}]}},"_links":{"self":[{"href":"https:\/\/www.christiegrey.com\/fr\/wp-json\/wp\/v2\/product\/4766","targetHints":{"allow":["GET"]}}],"collection":[{"href":"https:\/\/www.christiegrey.com\/fr\/wp-json\/wp\/v2\/product"}],"about":[{"href":"https:\/\/www.christiegrey.com\/fr\/wp-json\/wp\/v2\/types\/product"}],"replies":[{"embeddable":true,"href":"https:\/\/www.christiegrey.com\/fr\/wp-json\/wp\/v2\/comments?post=4766"}],"wp:featuredmedia":[{"embeddable":true,"href":"https:\/\/www.christiegrey.com\/fr\/wp-json\/wp\/v2\/media\/943"}],"wp:attachment":[{"href":"https:\/\/www.christiegrey.com\/fr\/wp-json\/wp\/v2\/media?parent=4766"}],"wp:term":[{"taxonomy":"product_brand","embeddable":true,"href":"https:\/\/www.christiegrey.com\/fr\/wp-json\/wp\/v2\/product_brand?post=4766"},{"taxonomy":"product_cat","embeddable":true,"href":"https:\/\/www.christiegrey.com\/fr\/wp-json\/wp\/v2\/product_cat?post=4766"},{"taxonomy":"product_tag","embeddable":true,"href":"https:\/\/www.christiegrey.com\/fr\/wp-json\/wp\/v2\/product_tag?post=4766"}],"curies":[{"name":"wp","href":"https:\/\/api.w.org\/{rel}","templated":true}]}}