{"id":4699,"date":"2025-12-25T09:45:57","date_gmt":"2025-12-25T09:45:57","guid":{"rendered":"https:\/\/www.christiegrey.com\/product\/tsc-isolateurs-combines-dunites-a-ressorts-en-acier-et-caoutchouc-3\/"},"modified":"2025-12-25T09:45:57","modified_gmt":"2025-12-25T09:45:57","slug":"tsc-isolateurs-combines-dunites-a-ressorts-en-acier-et-caoutchouc-3","status":"publish","type":"product","link":"https:\/\/www.christiegrey.com\/fr\/produit\/tsc-isolateurs-combines-dunites-a-ressorts-en-acier-et-caoutchouc-3\/","title":{"rendered":"TSC &#8211; Isolateurs combin\u00e9s d\u2019unit\u00e9s \u00e0 ressorts en acier et caoutchouc"},"content":{"rendered":"<p>Une avanc\u00e9e majeure dans la conception a permis de combiner avec succ\u00e8s les meilleures caract\u00e9ristiques des ressorts en acier et des ressorts en caoutchouc pour produire une gamme d\u2019isolateurs unitaires efficaces, compacts et \u00e9conomiques, adapt\u00e9s \u00e0 de nombreux types d\u2019applications. Les isolateurs d\u2019unit\u00e9s TSC sont tr\u00e8s efficaces pour r\u00e9duire la transmission des vibrations, du bruit et des chocs li\u00e9s \u00e0 la structure provenant d\u2019une large gamme de machines rotatives et alternatives, ainsi que pour prot\u00e9ger les appareils sensibles contre les perturbations ext\u00e9rieures. Ils sont particuli\u00e8rement adapt\u00e9s aux applications marines et mobiles, car des snubbers internes sont int\u00e9gr\u00e9s pour contr\u00f4ler le mouvement de la machine isol\u00e9e. Les tests des isolateurs TSC T15 ont montr\u00e9 des efficacit\u00e9s d\u2019isolation verticale sup\u00e9rieures \u00e0 quatre-vingt-quinze pour cent \u00e0 des vitesses de fonctionnement primaires de mille cinq cents tr\/min et plus.   <\/p>\n","protected":false},"excerpt":{"rendered":"<p>Type TSC T15<\/p>\n","protected":false},"featured_media":903,"comment_status":"open","ping_status":"closed","template":"","meta":{"_acf_changed":false},"product_brand":[],"product_cat":[150,162,157,144],"product_tag":[],"class_list":{"0":"post-4699","1":"product","2":"type-product","3":"status-publish","4":"has-post-thumbnail","6":"product_cat-echappements-marins","7":"product_cat-marine-propulsion","8":"product_cat-production-marine","9":"product_cat-solutions-maritimes-et-offshore","11":"first","12":"instock","13":"shipping-taxable","14":"purchasable","15":"product-type-simple"},"acf":[],"yoast_head":"<!-- This site is optimized with the Yoast SEO plugin v27.0 - https:\/\/yoast.com\/product\/yoast-seo-wordpress\/ -->\n<title>TSC T15 Isolateurs \u00e0 ressorts en acier et caoutchouc \u2013 Contr\u00f4le des vibrations \u00e9lev\u00e9es<\/title>\n<meta name=\"description\" content=\"Les isolateurs TSC T15 combinent des ressorts en acier et en caoutchouc pour r\u00e9duire les vibrations, le bruit et les chocs, offrant une isolation verticale de plus de 95 % pour les machines en marine.\" \/>\n<meta name=\"robots\" content=\"index, follow, max-snippet:-1, max-image-preview:large, max-video-preview:-1\" \/>\n<link rel=\"canonical\" href=\"https:\/\/www.christiegrey.com\/fr\/produit\/tsc-isolateurs-combines-dunites-a-ressorts-en-acier-et-caoutchouc-3\/\" \/>\n<meta property=\"og:locale\" content=\"fr_FR\" \/>\n<meta property=\"og:type\" content=\"article\" \/>\n<meta property=\"og:title\" content=\"TSC T15 Isolateurs \u00e0 ressorts en acier et caoutchouc \u2013 Contr\u00f4le des vibrations \u00e9lev\u00e9es\" \/>\n<meta property=\"og:description\" content=\"Les isolateurs TSC T15 combinent des ressorts en acier et en caoutchouc pour r\u00e9duire les vibrations, le bruit et les chocs, offrant une isolation verticale de plus de 95 % pour les machines en marine.\" \/>\n<meta property=\"og:url\" content=\"https:\/\/www.christiegrey.com\/fr\/produit\/tsc-isolateurs-combines-dunites-a-ressorts-en-acier-et-caoutchouc-3\/\" \/>\n<meta property=\"article:publisher\" content=\"https:\/\/www.facebook.com\/christieandgreylimited\" \/>\n<meta property=\"og:image\" content=\"https:\/\/www.christiegrey.com\/wp-content\/uploads\/2025\/12\/t15_365_365.jpg\" \/>\n\t<meta property=\"og:image:width\" content=\"365\" \/>\n\t<meta property=\"og:image:height\" content=\"365\" \/>\n\t<meta property=\"og:image:type\" content=\"image\/jpeg\" \/>\n<meta name=\"twitter:card\" content=\"summary_large_image\" \/>\n<meta name=\"twitter:site\" content=\"@christiegreyltd\" \/>\n<meta name=\"twitter:label1\" content=\"Dur\u00e9e de lecture estim\u00e9e\" \/>\n\t<meta name=\"twitter:data1\" content=\"1 minute\" \/>\n<script type=\"application\/ld+json\" class=\"yoast-schema-graph\">{\"@context\":\"https:\/\/schema.org\",\"@graph\":[{\"@type\":\"WebPage\",\"@id\":\"https:\/\/www.christiegrey.com\/fr\/produit\/tsc-isolateurs-combines-dunites-a-ressorts-en-acier-et-caoutchouc-3\/\",\"url\":\"https:\/\/www.christiegrey.com\/fr\/produit\/tsc-isolateurs-combines-dunites-a-ressorts-en-acier-et-caoutchouc-3\/\",\"name\":\"TSC T15 Isolateurs \u00e0 ressorts en acier et caoutchouc \u2013 Contr\u00f4le des vibrations \u00e9lev\u00e9es\",\"isPartOf\":{\"@id\":\"https:\/\/www.christiegrey.com\/#website\"},\"primaryImageOfPage\":{\"@id\":\"https:\/\/www.christiegrey.com\/fr\/produit\/tsc-isolateurs-combines-dunites-a-ressorts-en-acier-et-caoutchouc-3\/#primaryimage\"},\"image\":{\"@id\":\"https:\/\/www.christiegrey.com\/fr\/produit\/tsc-isolateurs-combines-dunites-a-ressorts-en-acier-et-caoutchouc-3\/#primaryimage\"},\"thumbnailUrl\":\"https:\/\/www.christiegrey.com\/wp-content\/uploads\/2025\/12\/t15_365_365.jpg\",\"datePublished\":\"2025-12-25T09:45:57+00:00\",\"description\":\"Les isolateurs TSC T15 combinent des ressorts en acier et en caoutchouc pour r\u00e9duire les vibrations, le bruit et les chocs, offrant une isolation verticale de plus de 95 % pour les machines en marine.\",\"breadcrumb\":{\"@id\":\"https:\/\/www.christiegrey.com\/fr\/produit\/tsc-isolateurs-combines-dunites-a-ressorts-en-acier-et-caoutchouc-3\/#breadcrumb\"},\"inLanguage\":\"fr-FR\",\"potentialAction\":[{\"@type\":\"ReadAction\",\"target\":[\"https:\/\/www.christiegrey.com\/fr\/produit\/tsc-isolateurs-combines-dunites-a-ressorts-en-acier-et-caoutchouc-3\/\"]}]},{\"@type\":\"ImageObject\",\"inLanguage\":\"fr-FR\",\"@id\":\"https:\/\/www.christiegrey.com\/fr\/produit\/tsc-isolateurs-combines-dunites-a-ressorts-en-acier-et-caoutchouc-3\/#primaryimage\",\"url\":\"https:\/\/www.christiegrey.com\/wp-content\/uploads\/2025\/12\/t15_365_365.jpg\",\"contentUrl\":\"https:\/\/www.christiegrey.com\/wp-content\/uploads\/2025\/12\/t15_365_365.jpg\",\"width\":365,\"height\":365,\"caption\":\"Combined Steel & Rubber Spring Unit Isolators\"},{\"@type\":\"BreadcrumbList\",\"@id\":\"https:\/\/www.christiegrey.com\/fr\/produit\/tsc-isolateurs-combines-dunites-a-ressorts-en-acier-et-caoutchouc-3\/#breadcrumb\",\"itemListElement\":[{\"@type\":\"ListItem\",\"position\":1,\"name\":\"Accueil\",\"item\":\"https:\/\/www.christiegrey.com\/\"},{\"@type\":\"ListItem\",\"position\":2,\"name\":\"Nos produits\",\"item\":\"https:\/\/www.christiegrey.com\/fr\/boutique\/\"},{\"@type\":\"ListItem\",\"position\":3,\"name\":\"TSC &#8211; Isolateurs combin\u00e9s d\u2019unit\u00e9s \u00e0 ressorts en acier et caoutchouc\"}]},{\"@type\":\"WebSite\",\"@id\":\"https:\/\/www.christiegrey.com\/#website\",\"url\":\"https:\/\/www.christiegrey.com\/\",\"name\":\"Christie & Grey\",\"description\":\"\",\"publisher\":{\"@id\":\"https:\/\/www.christiegrey.com\/#organization\"},\"potentialAction\":[{\"@type\":\"SearchAction\",\"target\":{\"@type\":\"EntryPoint\",\"urlTemplate\":\"https:\/\/www.christiegrey.com\/?s={search_term_string}\"},\"query-input\":{\"@type\":\"PropertyValueSpecification\",\"valueRequired\":true,\"valueName\":\"search_term_string\"}}],\"inLanguage\":\"fr-FR\"},{\"@type\":\"Organization\",\"@id\":\"https:\/\/www.christiegrey.com\/#organization\",\"name\":\"Christie & Grey\",\"url\":\"https:\/\/www.christiegrey.com\/\",\"logo\":{\"@type\":\"ImageObject\",\"inLanguage\":\"fr-FR\",\"@id\":\"https:\/\/www.christiegrey.com\/#\/schema\/logo\/image\/\",\"url\":\"https:\/\/www.christiegrey.com\/wp-content\/uploads\/2026\/02\/cropped-logo-scaled-1.png\",\"contentUrl\":\"https:\/\/www.christiegrey.com\/wp-content\/uploads\/2026\/02\/cropped-logo-scaled-1.png\",\"width\":250,\"height\":90,\"caption\":\"Christie & Grey\"},\"image\":{\"@id\":\"https:\/\/www.christiegrey.com\/#\/schema\/logo\/image\/\"},\"sameAs\":[\"https:\/\/www.facebook.com\/christieandgreylimited\",\"https:\/\/x.com\/christiegreyltd\"]}]}<\/script>\n<!-- \/ Yoast SEO plugin. -->","yoast_head_json":{"title":"TSC T15 Isolateurs \u00e0 ressorts en acier et caoutchouc \u2013 Contr\u00f4le des vibrations \u00e9lev\u00e9es","description":"Les isolateurs TSC T15 combinent des ressorts en acier et en caoutchouc pour r\u00e9duire les vibrations, le bruit et les chocs, offrant une isolation verticale de plus de 95 % pour les machines en marine.","robots":{"index":"index","follow":"follow","max-snippet":"max-snippet:-1","max-image-preview":"max-image-preview:large","max-video-preview":"max-video-preview:-1"},"canonical":"https:\/\/www.christiegrey.com\/fr\/produit\/tsc-isolateurs-combines-dunites-a-ressorts-en-acier-et-caoutchouc-3\/","og_locale":"fr_FR","og_type":"article","og_title":"TSC T15 Isolateurs \u00e0 ressorts en acier et caoutchouc \u2013 Contr\u00f4le des vibrations \u00e9lev\u00e9es","og_description":"Les isolateurs TSC T15 combinent des ressorts en acier et en caoutchouc pour r\u00e9duire les vibrations, le bruit et les chocs, offrant une isolation verticale de plus de 95 % pour les machines en marine.","og_url":"https:\/\/www.christiegrey.com\/fr\/produit\/tsc-isolateurs-combines-dunites-a-ressorts-en-acier-et-caoutchouc-3\/","article_publisher":"https:\/\/www.facebook.com\/christieandgreylimited","og_image":[{"width":365,"height":365,"url":"https:\/\/www.christiegrey.com\/wp-content\/uploads\/2025\/12\/t15_365_365.jpg","type":"image\/jpeg"}],"twitter_card":"summary_large_image","twitter_site":"@christiegreyltd","twitter_misc":{"Dur\u00e9e de lecture estim\u00e9e":"1 minute"},"schema":{"@context":"https:\/\/schema.org","@graph":[{"@type":"WebPage","@id":"https:\/\/www.christiegrey.com\/fr\/produit\/tsc-isolateurs-combines-dunites-a-ressorts-en-acier-et-caoutchouc-3\/","url":"https:\/\/www.christiegrey.com\/fr\/produit\/tsc-isolateurs-combines-dunites-a-ressorts-en-acier-et-caoutchouc-3\/","name":"TSC T15 Isolateurs \u00e0 ressorts en acier et caoutchouc \u2013 Contr\u00f4le des vibrations \u00e9lev\u00e9es","isPartOf":{"@id":"https:\/\/www.christiegrey.com\/#website"},"primaryImageOfPage":{"@id":"https:\/\/www.christiegrey.com\/fr\/produit\/tsc-isolateurs-combines-dunites-a-ressorts-en-acier-et-caoutchouc-3\/#primaryimage"},"image":{"@id":"https:\/\/www.christiegrey.com\/fr\/produit\/tsc-isolateurs-combines-dunites-a-ressorts-en-acier-et-caoutchouc-3\/#primaryimage"},"thumbnailUrl":"https:\/\/www.christiegrey.com\/wp-content\/uploads\/2025\/12\/t15_365_365.jpg","datePublished":"2025-12-25T09:45:57+00:00","description":"Les isolateurs TSC T15 combinent des ressorts en acier et en caoutchouc pour r\u00e9duire les vibrations, le bruit et les chocs, offrant une isolation verticale de plus de 95 % pour les machines en marine.","breadcrumb":{"@id":"https:\/\/www.christiegrey.com\/fr\/produit\/tsc-isolateurs-combines-dunites-a-ressorts-en-acier-et-caoutchouc-3\/#breadcrumb"},"inLanguage":"fr-FR","potentialAction":[{"@type":"ReadAction","target":["https:\/\/www.christiegrey.com\/fr\/produit\/tsc-isolateurs-combines-dunites-a-ressorts-en-acier-et-caoutchouc-3\/"]}]},{"@type":"ImageObject","inLanguage":"fr-FR","@id":"https:\/\/www.christiegrey.com\/fr\/produit\/tsc-isolateurs-combines-dunites-a-ressorts-en-acier-et-caoutchouc-3\/#primaryimage","url":"https:\/\/www.christiegrey.com\/wp-content\/uploads\/2025\/12\/t15_365_365.jpg","contentUrl":"https:\/\/www.christiegrey.com\/wp-content\/uploads\/2025\/12\/t15_365_365.jpg","width":365,"height":365,"caption":"Combined Steel & Rubber Spring Unit Isolators"},{"@type":"BreadcrumbList","@id":"https:\/\/www.christiegrey.com\/fr\/produit\/tsc-isolateurs-combines-dunites-a-ressorts-en-acier-et-caoutchouc-3\/#breadcrumb","itemListElement":[{"@type":"ListItem","position":1,"name":"Accueil","item":"https:\/\/www.christiegrey.com\/"},{"@type":"ListItem","position":2,"name":"Nos produits","item":"https:\/\/www.christiegrey.com\/fr\/boutique\/"},{"@type":"ListItem","position":3,"name":"TSC &#8211; Isolateurs combin\u00e9s d\u2019unit\u00e9s \u00e0 ressorts en acier et caoutchouc"}]},{"@type":"WebSite","@id":"https:\/\/www.christiegrey.com\/#website","url":"https:\/\/www.christiegrey.com\/","name":"Christie & Grey","description":"","publisher":{"@id":"https:\/\/www.christiegrey.com\/#organization"},"potentialAction":[{"@type":"SearchAction","target":{"@type":"EntryPoint","urlTemplate":"https:\/\/www.christiegrey.com\/?s={search_term_string}"},"query-input":{"@type":"PropertyValueSpecification","valueRequired":true,"valueName":"search_term_string"}}],"inLanguage":"fr-FR"},{"@type":"Organization","@id":"https:\/\/www.christiegrey.com\/#organization","name":"Christie & Grey","url":"https:\/\/www.christiegrey.com\/","logo":{"@type":"ImageObject","inLanguage":"fr-FR","@id":"https:\/\/www.christiegrey.com\/#\/schema\/logo\/image\/","url":"https:\/\/www.christiegrey.com\/wp-content\/uploads\/2026\/02\/cropped-logo-scaled-1.png","contentUrl":"https:\/\/www.christiegrey.com\/wp-content\/uploads\/2026\/02\/cropped-logo-scaled-1.png","width":250,"height":90,"caption":"Christie & Grey"},"image":{"@id":"https:\/\/www.christiegrey.com\/#\/schema\/logo\/image\/"},"sameAs":["https:\/\/www.facebook.com\/christieandgreylimited","https:\/\/x.com\/christiegreyltd"]}]}},"_links":{"self":[{"href":"https:\/\/www.christiegrey.com\/fr\/wp-json\/wp\/v2\/product\/4699","targetHints":{"allow":["GET"]}}],"collection":[{"href":"https:\/\/www.christiegrey.com\/fr\/wp-json\/wp\/v2\/product"}],"about":[{"href":"https:\/\/www.christiegrey.com\/fr\/wp-json\/wp\/v2\/types\/product"}],"replies":[{"embeddable":true,"href":"https:\/\/www.christiegrey.com\/fr\/wp-json\/wp\/v2\/comments?post=4699"}],"wp:featuredmedia":[{"embeddable":true,"href":"https:\/\/www.christiegrey.com\/fr\/wp-json\/wp\/v2\/media\/903"}],"wp:attachment":[{"href":"https:\/\/www.christiegrey.com\/fr\/wp-json\/wp\/v2\/media?parent=4699"}],"wp:term":[{"taxonomy":"product_brand","embeddable":true,"href":"https:\/\/www.christiegrey.com\/fr\/wp-json\/wp\/v2\/product_brand?post=4699"},{"taxonomy":"product_cat","embeddable":true,"href":"https:\/\/www.christiegrey.com\/fr\/wp-json\/wp\/v2\/product_cat?post=4699"},{"taxonomy":"product_tag","embeddable":true,"href":"https:\/\/www.christiegrey.com\/fr\/wp-json\/wp\/v2\/product_tag?post=4699"}],"curies":[{"name":"wp","href":"https:\/\/api.w.org\/{rel}","templated":true}]}}