{"id":4658,"date":"2025-12-22T12:24:05","date_gmt":"2025-12-22T12:24:05","guid":{"rendered":"https:\/\/www.christiegrey.com\/product\/tsc-isolateurs-combines-dunites-a-ressorts-en-acier-et-caoutchouc-2\/"},"modified":"2025-12-22T12:24:05","modified_gmt":"2025-12-22T12:24:05","slug":"tsc-isolateurs-combines-dunites-a-ressorts-en-acier-et-caoutchouc-2","status":"publish","type":"product","link":"https:\/\/www.christiegrey.com\/fr\/produit\/tsc-isolateurs-combines-dunites-a-ressorts-en-acier-et-caoutchouc-2\/","title":{"rendered":"TSC &#8211; Isolateurs combin\u00e9s d\u2019unit\u00e9s \u00e0 ressorts en acier et caoutchouc"},"content":{"rendered":"<p>Une avanc\u00e9e majeure dans la conception a permis de combiner avec succ\u00e8s les meilleures caract\u00e9ristiques des ressorts en acier et des ressorts en caoutchouc pour produire une gamme d\u2019isolateurs unitaires efficaces, compacts et \u00e9conomiques, adapt\u00e9s \u00e0 de nombreux types d\u2019applications. De nombreuses variantes de ces isolateurs, con\u00e7ues et fabriqu\u00e9es par nous, sont en service depuis plus de vingt ans. Les isolateurs d\u2019unit\u00e9s TSC sont tr\u00e8s efficaces pour r\u00e9duire la transmission des vibrations, du bruit et des chocs li\u00e9s \u00e0 la structure provenant d\u2019une large gamme de machines rotatives et alternatives, ainsi que pour prot\u00e9ger les appareils sensibles contre les perturbations ext\u00e9rieures. Ils sont particuli\u00e8rement adapt\u00e9s aux applications marines et mobiles, car des snubbers internes sont int\u00e9gr\u00e9s pour contr\u00f4ler le mouvement de la machine isol\u00e9e. L\u2019approbation de type par Det Norske Veritas et l\u2019approbation g\u00e9n\u00e9rale ont \u00e9t\u00e9 d\u00e9livr\u00e9es par le Lloyd\u2019s Register of Shipping.    <\/p>\n","protected":false},"excerpt":{"rendered":"<p>Type TSC T1 et TSC T2<\/p>\n","protected":false},"featured_media":895,"comment_status":"open","ping_status":"closed","template":"","meta":{"_acf_changed":false},"product_brand":[],"product_cat":[162,157,144],"product_tag":[],"class_list":{"0":"post-4658","1":"product","2":"type-product","3":"status-publish","4":"has-post-thumbnail","6":"product_cat-marine-propulsion","7":"product_cat-production-marine","8":"product_cat-solutions-maritimes-et-offshore","10":"first","11":"instock","12":"shipping-taxable","13":"purchasable","14":"product-type-simple"},"acf":[],"yoast_head":"<!-- This site is optimized with the Yoast SEO plugin v27.0 - https:\/\/yoast.com\/product\/yoast-seo-wordpress\/ -->\n<title>TSC T1 &amp; T2 Isolateurs d\u2019unit\u00e9s \u00e0 ressorts en acier et caoutchouc<\/title>\n<meta name=\"description\" content=\"Les isolateurs TSC T1 et T2 combinent des ressorts en acier et en caoutchouc pour r\u00e9duire les vibrations, le bruit et les chocs dans les machines, id\u00e9al pour un usage maritime, mobile et industriel.\" \/>\n<meta name=\"robots\" content=\"index, follow, max-snippet:-1, max-image-preview:large, max-video-preview:-1\" \/>\n<link rel=\"canonical\" href=\"https:\/\/www.christiegrey.com\/fr\/produit\/tsc-isolateurs-combines-dunites-a-ressorts-en-acier-et-caoutchouc-2\/\" \/>\n<meta property=\"og:locale\" content=\"fr_FR\" \/>\n<meta property=\"og:type\" content=\"article\" \/>\n<meta property=\"og:title\" content=\"TSC T1 &amp; T2 Isolateurs d\u2019unit\u00e9s \u00e0 ressorts en acier et caoutchouc\" \/>\n<meta property=\"og:description\" content=\"Les isolateurs TSC T1 et T2 combinent des ressorts en acier et en caoutchouc pour r\u00e9duire les vibrations, le bruit et les chocs dans les machines, id\u00e9al pour un usage maritime, mobile et industriel.\" \/>\n<meta property=\"og:url\" content=\"https:\/\/www.christiegrey.com\/fr\/produit\/tsc-isolateurs-combines-dunites-a-ressorts-en-acier-et-caoutchouc-2\/\" \/>\n<meta property=\"article:publisher\" content=\"https:\/\/www.facebook.com\/christieandgreylimited\" \/>\n<meta property=\"og:image\" content=\"https:\/\/www.christiegrey.com\/wp-content\/uploads\/2025\/12\/t1.jpg\" \/>\n\t<meta property=\"og:image:width\" content=\"365\" \/>\n\t<meta property=\"og:image:height\" content=\"308\" \/>\n\t<meta property=\"og:image:type\" content=\"image\/jpeg\" \/>\n<meta name=\"twitter:card\" content=\"summary_large_image\" \/>\n<meta name=\"twitter:site\" content=\"@christiegreyltd\" \/>\n<meta name=\"twitter:label1\" content=\"Dur\u00e9e de lecture estim\u00e9e\" \/>\n\t<meta name=\"twitter:data1\" content=\"1 minute\" \/>\n<script type=\"application\/ld+json\" class=\"yoast-schema-graph\">{\"@context\":\"https:\/\/schema.org\",\"@graph\":[{\"@type\":\"WebPage\",\"@id\":\"https:\/\/www.christiegrey.com\/fr\/produit\/tsc-isolateurs-combines-dunites-a-ressorts-en-acier-et-caoutchouc-2\/\",\"url\":\"https:\/\/www.christiegrey.com\/fr\/produit\/tsc-isolateurs-combines-dunites-a-ressorts-en-acier-et-caoutchouc-2\/\",\"name\":\"TSC T1 & T2 Isolateurs d\u2019unit\u00e9s \u00e0 ressorts en acier et caoutchouc\",\"isPartOf\":{\"@id\":\"https:\/\/www.christiegrey.com\/#website\"},\"primaryImageOfPage\":{\"@id\":\"https:\/\/www.christiegrey.com\/fr\/produit\/tsc-isolateurs-combines-dunites-a-ressorts-en-acier-et-caoutchouc-2\/#primaryimage\"},\"image\":{\"@id\":\"https:\/\/www.christiegrey.com\/fr\/produit\/tsc-isolateurs-combines-dunites-a-ressorts-en-acier-et-caoutchouc-2\/#primaryimage\"},\"thumbnailUrl\":\"https:\/\/www.christiegrey.com\/wp-content\/uploads\/2025\/12\/t1.jpg\",\"datePublished\":\"2025-12-22T12:24:05+00:00\",\"description\":\"Les isolateurs TSC T1 et T2 combinent des ressorts en acier et en caoutchouc pour r\u00e9duire les vibrations, le bruit et les chocs dans les machines, id\u00e9al pour un usage maritime, mobile et industriel.\",\"breadcrumb\":{\"@id\":\"https:\/\/www.christiegrey.com\/fr\/produit\/tsc-isolateurs-combines-dunites-a-ressorts-en-acier-et-caoutchouc-2\/#breadcrumb\"},\"inLanguage\":\"fr-FR\",\"potentialAction\":[{\"@type\":\"ReadAction\",\"target\":[\"https:\/\/www.christiegrey.com\/fr\/produit\/tsc-isolateurs-combines-dunites-a-ressorts-en-acier-et-caoutchouc-2\/\"]}]},{\"@type\":\"ImageObject\",\"inLanguage\":\"fr-FR\",\"@id\":\"https:\/\/www.christiegrey.com\/fr\/produit\/tsc-isolateurs-combines-dunites-a-ressorts-en-acier-et-caoutchouc-2\/#primaryimage\",\"url\":\"https:\/\/www.christiegrey.com\/wp-content\/uploads\/2025\/12\/t1.jpg\",\"contentUrl\":\"https:\/\/www.christiegrey.com\/wp-content\/uploads\/2025\/12\/t1.jpg\",\"width\":365,\"height\":308,\"caption\":\"Combined Steel & Rubber Spring Unit Isolators\"},{\"@type\":\"BreadcrumbList\",\"@id\":\"https:\/\/www.christiegrey.com\/fr\/produit\/tsc-isolateurs-combines-dunites-a-ressorts-en-acier-et-caoutchouc-2\/#breadcrumb\",\"itemListElement\":[{\"@type\":\"ListItem\",\"position\":1,\"name\":\"Accueil\",\"item\":\"https:\/\/www.christiegrey.com\/\"},{\"@type\":\"ListItem\",\"position\":2,\"name\":\"Nos produits\",\"item\":\"https:\/\/www.christiegrey.com\/fr\/boutique\/\"},{\"@type\":\"ListItem\",\"position\":3,\"name\":\"TSC &#8211; Isolateurs combin\u00e9s d\u2019unit\u00e9s \u00e0 ressorts en acier et caoutchouc\"}]},{\"@type\":\"WebSite\",\"@id\":\"https:\/\/www.christiegrey.com\/#website\",\"url\":\"https:\/\/www.christiegrey.com\/\",\"name\":\"Christie & Grey\",\"description\":\"\",\"publisher\":{\"@id\":\"https:\/\/www.christiegrey.com\/#organization\"},\"potentialAction\":[{\"@type\":\"SearchAction\",\"target\":{\"@type\":\"EntryPoint\",\"urlTemplate\":\"https:\/\/www.christiegrey.com\/?s={search_term_string}\"},\"query-input\":{\"@type\":\"PropertyValueSpecification\",\"valueRequired\":true,\"valueName\":\"search_term_string\"}}],\"inLanguage\":\"fr-FR\"},{\"@type\":\"Organization\",\"@id\":\"https:\/\/www.christiegrey.com\/#organization\",\"name\":\"Christie & Grey\",\"url\":\"https:\/\/www.christiegrey.com\/\",\"logo\":{\"@type\":\"ImageObject\",\"inLanguage\":\"fr-FR\",\"@id\":\"https:\/\/www.christiegrey.com\/#\/schema\/logo\/image\/\",\"url\":\"https:\/\/www.christiegrey.com\/wp-content\/uploads\/2026\/02\/cropped-logo-scaled-1.png\",\"contentUrl\":\"https:\/\/www.christiegrey.com\/wp-content\/uploads\/2026\/02\/cropped-logo-scaled-1.png\",\"width\":250,\"height\":90,\"caption\":\"Christie & Grey\"},\"image\":{\"@id\":\"https:\/\/www.christiegrey.com\/#\/schema\/logo\/image\/\"},\"sameAs\":[\"https:\/\/www.facebook.com\/christieandgreylimited\",\"https:\/\/x.com\/christiegreyltd\"]}]}<\/script>\n<!-- \/ Yoast SEO plugin. -->","yoast_head_json":{"title":"TSC T1 & T2 Isolateurs d\u2019unit\u00e9s \u00e0 ressorts en acier et caoutchouc","description":"Les isolateurs TSC T1 et T2 combinent des ressorts en acier et en caoutchouc pour r\u00e9duire les vibrations, le bruit et les chocs dans les machines, id\u00e9al pour un usage maritime, mobile et industriel.","robots":{"index":"index","follow":"follow","max-snippet":"max-snippet:-1","max-image-preview":"max-image-preview:large","max-video-preview":"max-video-preview:-1"},"canonical":"https:\/\/www.christiegrey.com\/fr\/produit\/tsc-isolateurs-combines-dunites-a-ressorts-en-acier-et-caoutchouc-2\/","og_locale":"fr_FR","og_type":"article","og_title":"TSC T1 & T2 Isolateurs d\u2019unit\u00e9s \u00e0 ressorts en acier et caoutchouc","og_description":"Les isolateurs TSC T1 et T2 combinent des ressorts en acier et en caoutchouc pour r\u00e9duire les vibrations, le bruit et les chocs dans les machines, id\u00e9al pour un usage maritime, mobile et industriel.","og_url":"https:\/\/www.christiegrey.com\/fr\/produit\/tsc-isolateurs-combines-dunites-a-ressorts-en-acier-et-caoutchouc-2\/","article_publisher":"https:\/\/www.facebook.com\/christieandgreylimited","og_image":[{"width":365,"height":308,"url":"https:\/\/www.christiegrey.com\/wp-content\/uploads\/2025\/12\/t1.jpg","type":"image\/jpeg"}],"twitter_card":"summary_large_image","twitter_site":"@christiegreyltd","twitter_misc":{"Dur\u00e9e de lecture estim\u00e9e":"1 minute"},"schema":{"@context":"https:\/\/schema.org","@graph":[{"@type":"WebPage","@id":"https:\/\/www.christiegrey.com\/fr\/produit\/tsc-isolateurs-combines-dunites-a-ressorts-en-acier-et-caoutchouc-2\/","url":"https:\/\/www.christiegrey.com\/fr\/produit\/tsc-isolateurs-combines-dunites-a-ressorts-en-acier-et-caoutchouc-2\/","name":"TSC T1 & T2 Isolateurs d\u2019unit\u00e9s \u00e0 ressorts en acier et caoutchouc","isPartOf":{"@id":"https:\/\/www.christiegrey.com\/#website"},"primaryImageOfPage":{"@id":"https:\/\/www.christiegrey.com\/fr\/produit\/tsc-isolateurs-combines-dunites-a-ressorts-en-acier-et-caoutchouc-2\/#primaryimage"},"image":{"@id":"https:\/\/www.christiegrey.com\/fr\/produit\/tsc-isolateurs-combines-dunites-a-ressorts-en-acier-et-caoutchouc-2\/#primaryimage"},"thumbnailUrl":"https:\/\/www.christiegrey.com\/wp-content\/uploads\/2025\/12\/t1.jpg","datePublished":"2025-12-22T12:24:05+00:00","description":"Les isolateurs TSC T1 et T2 combinent des ressorts en acier et en caoutchouc pour r\u00e9duire les vibrations, le bruit et les chocs dans les machines, id\u00e9al pour un usage maritime, mobile et industriel.","breadcrumb":{"@id":"https:\/\/www.christiegrey.com\/fr\/produit\/tsc-isolateurs-combines-dunites-a-ressorts-en-acier-et-caoutchouc-2\/#breadcrumb"},"inLanguage":"fr-FR","potentialAction":[{"@type":"ReadAction","target":["https:\/\/www.christiegrey.com\/fr\/produit\/tsc-isolateurs-combines-dunites-a-ressorts-en-acier-et-caoutchouc-2\/"]}]},{"@type":"ImageObject","inLanguage":"fr-FR","@id":"https:\/\/www.christiegrey.com\/fr\/produit\/tsc-isolateurs-combines-dunites-a-ressorts-en-acier-et-caoutchouc-2\/#primaryimage","url":"https:\/\/www.christiegrey.com\/wp-content\/uploads\/2025\/12\/t1.jpg","contentUrl":"https:\/\/www.christiegrey.com\/wp-content\/uploads\/2025\/12\/t1.jpg","width":365,"height":308,"caption":"Combined Steel & Rubber Spring Unit Isolators"},{"@type":"BreadcrumbList","@id":"https:\/\/www.christiegrey.com\/fr\/produit\/tsc-isolateurs-combines-dunites-a-ressorts-en-acier-et-caoutchouc-2\/#breadcrumb","itemListElement":[{"@type":"ListItem","position":1,"name":"Accueil","item":"https:\/\/www.christiegrey.com\/"},{"@type":"ListItem","position":2,"name":"Nos produits","item":"https:\/\/www.christiegrey.com\/fr\/boutique\/"},{"@type":"ListItem","position":3,"name":"TSC &#8211; Isolateurs combin\u00e9s d\u2019unit\u00e9s \u00e0 ressorts en acier et caoutchouc"}]},{"@type":"WebSite","@id":"https:\/\/www.christiegrey.com\/#website","url":"https:\/\/www.christiegrey.com\/","name":"Christie & Grey","description":"","publisher":{"@id":"https:\/\/www.christiegrey.com\/#organization"},"potentialAction":[{"@type":"SearchAction","target":{"@type":"EntryPoint","urlTemplate":"https:\/\/www.christiegrey.com\/?s={search_term_string}"},"query-input":{"@type":"PropertyValueSpecification","valueRequired":true,"valueName":"search_term_string"}}],"inLanguage":"fr-FR"},{"@type":"Organization","@id":"https:\/\/www.christiegrey.com\/#organization","name":"Christie & Grey","url":"https:\/\/www.christiegrey.com\/","logo":{"@type":"ImageObject","inLanguage":"fr-FR","@id":"https:\/\/www.christiegrey.com\/#\/schema\/logo\/image\/","url":"https:\/\/www.christiegrey.com\/wp-content\/uploads\/2026\/02\/cropped-logo-scaled-1.png","contentUrl":"https:\/\/www.christiegrey.com\/wp-content\/uploads\/2026\/02\/cropped-logo-scaled-1.png","width":250,"height":90,"caption":"Christie & Grey"},"image":{"@id":"https:\/\/www.christiegrey.com\/#\/schema\/logo\/image\/"},"sameAs":["https:\/\/www.facebook.com\/christieandgreylimited","https:\/\/x.com\/christiegreyltd"]}]}},"_links":{"self":[{"href":"https:\/\/www.christiegrey.com\/fr\/wp-json\/wp\/v2\/product\/4658","targetHints":{"allow":["GET"]}}],"collection":[{"href":"https:\/\/www.christiegrey.com\/fr\/wp-json\/wp\/v2\/product"}],"about":[{"href":"https:\/\/www.christiegrey.com\/fr\/wp-json\/wp\/v2\/types\/product"}],"replies":[{"embeddable":true,"href":"https:\/\/www.christiegrey.com\/fr\/wp-json\/wp\/v2\/comments?post=4658"}],"wp:featuredmedia":[{"embeddable":true,"href":"https:\/\/www.christiegrey.com\/fr\/wp-json\/wp\/v2\/media\/895"}],"wp:attachment":[{"href":"https:\/\/www.christiegrey.com\/fr\/wp-json\/wp\/v2\/media?parent=4658"}],"wp:term":[{"taxonomy":"product_brand","embeddable":true,"href":"https:\/\/www.christiegrey.com\/fr\/wp-json\/wp\/v2\/product_brand?post=4658"},{"taxonomy":"product_cat","embeddable":true,"href":"https:\/\/www.christiegrey.com\/fr\/wp-json\/wp\/v2\/product_cat?post=4658"},{"taxonomy":"product_tag","embeddable":true,"href":"https:\/\/www.christiegrey.com\/fr\/wp-json\/wp\/v2\/product_tag?post=4658"}],"curies":[{"name":"wp","href":"https:\/\/api.w.org\/{rel}","templated":true}]}}