{"id":4621,"date":"2025-12-25T14:30:27","date_gmt":"2025-12-25T14:30:27","guid":{"rendered":"https:\/\/www.christiegrey.com\/product\/supports-acoustiques-de-plafond-a-ressorts-et-en-caoutchouc-3\/"},"modified":"2025-12-25T14:30:27","modified_gmt":"2025-12-25T14:30:27","slug":"supports-acoustiques-de-plafond-a-ressorts-et-en-caoutchouc-3","status":"publish","type":"product","link":"https:\/\/www.christiegrey.com\/fr\/produit\/supports-acoustiques-de-plafond-a-ressorts-et-en-caoutchouc-3\/","title":{"rendered":"Supports acoustiques de plafond \u00e0 ressorts et en caoutchouc"},"content":{"rendered":"<p>Une gamme compl\u00e8te de supports acoustiques en acier et en caoutchouc, offrant au concepteur le choix entre l\u2019isolation des vibrations basses fr\u00e9quences ou des performances optimales \u00e0 des fr\u00e9quences audibles plus \u00e9lev\u00e9es, si le contr\u00f4le du bruit est d\u2019une importance capitale.<\/p>\n","protected":false},"excerpt":{"rendered":"<p>Type JSH et JRH<\/p>\n","protected":false},"featured_media":1079,"comment_status":"open","ping_status":"closed","template":"","meta":{"_acf_changed":false},"product_brand":[],"product_cat":[108,107],"product_tag":[],"class_list":{"0":"post-4621","1":"product","2":"type-product","3":"status-publish","4":"has-post-thumbnail","6":"product_cat-produits-acoustiques-pour-plafond","7":"product_cat-solutions-de-construction","9":"first","10":"instock","11":"shipping-taxable","12":"purchasable","13":"product-type-simple"},"acf":[],"yoast_head":"<!-- This site is optimized with the Yoast SEO plugin v27.0 - https:\/\/yoast.com\/product\/yoast-seo-wordpress\/ -->\n<title>Supports de plafond acoustiques en ressort et caoutchouc JSH &amp; JRH<\/title>\n<meta name=\"description\" content=\"Les supports de plafond en acier JSH &amp; JRH offrent une isolation des vibrations basse et haute fr\u00e9quence, assurant un meilleur contr\u00f4le du bruit pour les plafonds.\" \/>\n<meta name=\"robots\" content=\"index, follow, max-snippet:-1, max-image-preview:large, max-video-preview:-1\" \/>\n<link rel=\"canonical\" href=\"https:\/\/www.christiegrey.com\/fr\/produit\/supports-acoustiques-de-plafond-a-ressorts-et-en-caoutchouc-3\/\" \/>\n<meta property=\"og:locale\" content=\"fr_FR\" \/>\n<meta property=\"og:type\" content=\"article\" \/>\n<meta property=\"og:title\" content=\"Supports de plafond acoustiques en ressort et caoutchouc JSH &amp; JRH\" \/>\n<meta property=\"og:description\" content=\"Les supports de plafond en acier JSH &amp; JRH offrent une isolation des vibrations basse et haute fr\u00e9quence, assurant un meilleur contr\u00f4le du bruit pour les plafonds.\" \/>\n<meta property=\"og:url\" content=\"https:\/\/www.christiegrey.com\/fr\/produit\/supports-acoustiques-de-plafond-a-ressorts-et-en-caoutchouc-3\/\" \/>\n<meta property=\"article:publisher\" content=\"https:\/\/www.facebook.com\/christieandgreylimited\" \/>\n<meta property=\"og:image\" content=\"https:\/\/www.christiegrey.com\/wp-content\/uploads\/2025\/12\/jsh.png\" \/>\n\t<meta property=\"og:image:width\" content=\"365\" \/>\n\t<meta property=\"og:image:height\" content=\"365\" \/>\n\t<meta property=\"og:image:type\" content=\"image\/png\" \/>\n<meta name=\"twitter:card\" content=\"summary_large_image\" \/>\n<meta name=\"twitter:site\" content=\"@christiegreyltd\" \/>\n<script type=\"application\/ld+json\" class=\"yoast-schema-graph\">{\"@context\":\"https:\/\/schema.org\",\"@graph\":[{\"@type\":\"WebPage\",\"@id\":\"https:\/\/www.christiegrey.com\/fr\/produit\/supports-acoustiques-de-plafond-a-ressorts-et-en-caoutchouc-3\/\",\"url\":\"https:\/\/www.christiegrey.com\/fr\/produit\/supports-acoustiques-de-plafond-a-ressorts-et-en-caoutchouc-3\/\",\"name\":\"Supports de plafond acoustiques en ressort et caoutchouc JSH & JRH\",\"isPartOf\":{\"@id\":\"https:\/\/www.christiegrey.com\/#website\"},\"primaryImageOfPage\":{\"@id\":\"https:\/\/www.christiegrey.com\/fr\/produit\/supports-acoustiques-de-plafond-a-ressorts-et-en-caoutchouc-3\/#primaryimage\"},\"image\":{\"@id\":\"https:\/\/www.christiegrey.com\/fr\/produit\/supports-acoustiques-de-plafond-a-ressorts-et-en-caoutchouc-3\/#primaryimage\"},\"thumbnailUrl\":\"https:\/\/www.christiegrey.com\/wp-content\/uploads\/2025\/12\/jsh.png\",\"datePublished\":\"2025-12-25T14:30:27+00:00\",\"description\":\"Les supports de plafond en acier JSH & JRH offrent une isolation des vibrations basse et haute fr\u00e9quence, assurant un meilleur contr\u00f4le du bruit pour les plafonds.\",\"breadcrumb\":{\"@id\":\"https:\/\/www.christiegrey.com\/fr\/produit\/supports-acoustiques-de-plafond-a-ressorts-et-en-caoutchouc-3\/#breadcrumb\"},\"inLanguage\":\"fr-FR\",\"potentialAction\":[{\"@type\":\"ReadAction\",\"target\":[\"https:\/\/www.christiegrey.com\/fr\/produit\/supports-acoustiques-de-plafond-a-ressorts-et-en-caoutchouc-3\/\"]}]},{\"@type\":\"ImageObject\",\"inLanguage\":\"fr-FR\",\"@id\":\"https:\/\/www.christiegrey.com\/fr\/produit\/supports-acoustiques-de-plafond-a-ressorts-et-en-caoutchouc-3\/#primaryimage\",\"url\":\"https:\/\/www.christiegrey.com\/wp-content\/uploads\/2025\/12\/jsh.png\",\"contentUrl\":\"https:\/\/www.christiegrey.com\/wp-content\/uploads\/2025\/12\/jsh.png\",\"width\":365,\"height\":365,\"caption\":\"JSH\/JRH spring and rubber acoustic ceiling hangers\"},{\"@type\":\"BreadcrumbList\",\"@id\":\"https:\/\/www.christiegrey.com\/fr\/produit\/supports-acoustiques-de-plafond-a-ressorts-et-en-caoutchouc-3\/#breadcrumb\",\"itemListElement\":[{\"@type\":\"ListItem\",\"position\":1,\"name\":\"Accueil\",\"item\":\"https:\/\/www.christiegrey.com\/\"},{\"@type\":\"ListItem\",\"position\":2,\"name\":\"Nos produits\",\"item\":\"https:\/\/www.christiegrey.com\/fr\/boutique\/\"},{\"@type\":\"ListItem\",\"position\":3,\"name\":\"Supports acoustiques de plafond \u00e0 ressorts et en caoutchouc\"}]},{\"@type\":\"WebSite\",\"@id\":\"https:\/\/www.christiegrey.com\/#website\",\"url\":\"https:\/\/www.christiegrey.com\/\",\"name\":\"Christie & Grey\",\"description\":\"\",\"publisher\":{\"@id\":\"https:\/\/www.christiegrey.com\/#organization\"},\"potentialAction\":[{\"@type\":\"SearchAction\",\"target\":{\"@type\":\"EntryPoint\",\"urlTemplate\":\"https:\/\/www.christiegrey.com\/?s={search_term_string}\"},\"query-input\":{\"@type\":\"PropertyValueSpecification\",\"valueRequired\":true,\"valueName\":\"search_term_string\"}}],\"inLanguage\":\"fr-FR\"},{\"@type\":\"Organization\",\"@id\":\"https:\/\/www.christiegrey.com\/#organization\",\"name\":\"Christie & Grey\",\"url\":\"https:\/\/www.christiegrey.com\/\",\"logo\":{\"@type\":\"ImageObject\",\"inLanguage\":\"fr-FR\",\"@id\":\"https:\/\/www.christiegrey.com\/#\/schema\/logo\/image\/\",\"url\":\"https:\/\/www.christiegrey.com\/wp-content\/uploads\/2026\/02\/cropped-logo-scaled-1.png\",\"contentUrl\":\"https:\/\/www.christiegrey.com\/wp-content\/uploads\/2026\/02\/cropped-logo-scaled-1.png\",\"width\":250,\"height\":90,\"caption\":\"Christie & Grey\"},\"image\":{\"@id\":\"https:\/\/www.christiegrey.com\/#\/schema\/logo\/image\/\"},\"sameAs\":[\"https:\/\/www.facebook.com\/christieandgreylimited\",\"https:\/\/x.com\/christiegreyltd\"]}]}<\/script>\n<!-- \/ Yoast SEO plugin. -->","yoast_head_json":{"title":"Supports de plafond acoustiques en ressort et caoutchouc JSH & JRH","description":"Les supports de plafond en acier JSH & JRH offrent une isolation des vibrations basse et haute fr\u00e9quence, assurant un meilleur contr\u00f4le du bruit pour les plafonds.","robots":{"index":"index","follow":"follow","max-snippet":"max-snippet:-1","max-image-preview":"max-image-preview:large","max-video-preview":"max-video-preview:-1"},"canonical":"https:\/\/www.christiegrey.com\/fr\/produit\/supports-acoustiques-de-plafond-a-ressorts-et-en-caoutchouc-3\/","og_locale":"fr_FR","og_type":"article","og_title":"Supports de plafond acoustiques en ressort et caoutchouc JSH & JRH","og_description":"Les supports de plafond en acier JSH & JRH offrent une isolation des vibrations basse et haute fr\u00e9quence, assurant un meilleur contr\u00f4le du bruit pour les plafonds.","og_url":"https:\/\/www.christiegrey.com\/fr\/produit\/supports-acoustiques-de-plafond-a-ressorts-et-en-caoutchouc-3\/","article_publisher":"https:\/\/www.facebook.com\/christieandgreylimited","og_image":[{"width":365,"height":365,"url":"https:\/\/www.christiegrey.com\/wp-content\/uploads\/2025\/12\/jsh.png","type":"image\/png"}],"twitter_card":"summary_large_image","twitter_site":"@christiegreyltd","schema":{"@context":"https:\/\/schema.org","@graph":[{"@type":"WebPage","@id":"https:\/\/www.christiegrey.com\/fr\/produit\/supports-acoustiques-de-plafond-a-ressorts-et-en-caoutchouc-3\/","url":"https:\/\/www.christiegrey.com\/fr\/produit\/supports-acoustiques-de-plafond-a-ressorts-et-en-caoutchouc-3\/","name":"Supports de plafond acoustiques en ressort et caoutchouc JSH & JRH","isPartOf":{"@id":"https:\/\/www.christiegrey.com\/#website"},"primaryImageOfPage":{"@id":"https:\/\/www.christiegrey.com\/fr\/produit\/supports-acoustiques-de-plafond-a-ressorts-et-en-caoutchouc-3\/#primaryimage"},"image":{"@id":"https:\/\/www.christiegrey.com\/fr\/produit\/supports-acoustiques-de-plafond-a-ressorts-et-en-caoutchouc-3\/#primaryimage"},"thumbnailUrl":"https:\/\/www.christiegrey.com\/wp-content\/uploads\/2025\/12\/jsh.png","datePublished":"2025-12-25T14:30:27+00:00","description":"Les supports de plafond en acier JSH & JRH offrent une isolation des vibrations basse et haute fr\u00e9quence, assurant un meilleur contr\u00f4le du bruit pour les plafonds.","breadcrumb":{"@id":"https:\/\/www.christiegrey.com\/fr\/produit\/supports-acoustiques-de-plafond-a-ressorts-et-en-caoutchouc-3\/#breadcrumb"},"inLanguage":"fr-FR","potentialAction":[{"@type":"ReadAction","target":["https:\/\/www.christiegrey.com\/fr\/produit\/supports-acoustiques-de-plafond-a-ressorts-et-en-caoutchouc-3\/"]}]},{"@type":"ImageObject","inLanguage":"fr-FR","@id":"https:\/\/www.christiegrey.com\/fr\/produit\/supports-acoustiques-de-plafond-a-ressorts-et-en-caoutchouc-3\/#primaryimage","url":"https:\/\/www.christiegrey.com\/wp-content\/uploads\/2025\/12\/jsh.png","contentUrl":"https:\/\/www.christiegrey.com\/wp-content\/uploads\/2025\/12\/jsh.png","width":365,"height":365,"caption":"JSH\/JRH spring and rubber acoustic ceiling hangers"},{"@type":"BreadcrumbList","@id":"https:\/\/www.christiegrey.com\/fr\/produit\/supports-acoustiques-de-plafond-a-ressorts-et-en-caoutchouc-3\/#breadcrumb","itemListElement":[{"@type":"ListItem","position":1,"name":"Accueil","item":"https:\/\/www.christiegrey.com\/"},{"@type":"ListItem","position":2,"name":"Nos produits","item":"https:\/\/www.christiegrey.com\/fr\/boutique\/"},{"@type":"ListItem","position":3,"name":"Supports acoustiques de plafond \u00e0 ressorts et en caoutchouc"}]},{"@type":"WebSite","@id":"https:\/\/www.christiegrey.com\/#website","url":"https:\/\/www.christiegrey.com\/","name":"Christie & Grey","description":"","publisher":{"@id":"https:\/\/www.christiegrey.com\/#organization"},"potentialAction":[{"@type":"SearchAction","target":{"@type":"EntryPoint","urlTemplate":"https:\/\/www.christiegrey.com\/?s={search_term_string}"},"query-input":{"@type":"PropertyValueSpecification","valueRequired":true,"valueName":"search_term_string"}}],"inLanguage":"fr-FR"},{"@type":"Organization","@id":"https:\/\/www.christiegrey.com\/#organization","name":"Christie & Grey","url":"https:\/\/www.christiegrey.com\/","logo":{"@type":"ImageObject","inLanguage":"fr-FR","@id":"https:\/\/www.christiegrey.com\/#\/schema\/logo\/image\/","url":"https:\/\/www.christiegrey.com\/wp-content\/uploads\/2026\/02\/cropped-logo-scaled-1.png","contentUrl":"https:\/\/www.christiegrey.com\/wp-content\/uploads\/2026\/02\/cropped-logo-scaled-1.png","width":250,"height":90,"caption":"Christie & Grey"},"image":{"@id":"https:\/\/www.christiegrey.com\/#\/schema\/logo\/image\/"},"sameAs":["https:\/\/www.facebook.com\/christieandgreylimited","https:\/\/x.com\/christiegreyltd"]}]}},"_links":{"self":[{"href":"https:\/\/www.christiegrey.com\/fr\/wp-json\/wp\/v2\/product\/4621","targetHints":{"allow":["GET"]}}],"collection":[{"href":"https:\/\/www.christiegrey.com\/fr\/wp-json\/wp\/v2\/product"}],"about":[{"href":"https:\/\/www.christiegrey.com\/fr\/wp-json\/wp\/v2\/types\/product"}],"replies":[{"embeddable":true,"href":"https:\/\/www.christiegrey.com\/fr\/wp-json\/wp\/v2\/comments?post=4621"}],"wp:featuredmedia":[{"embeddable":true,"href":"https:\/\/www.christiegrey.com\/fr\/wp-json\/wp\/v2\/media\/1079"}],"wp:attachment":[{"href":"https:\/\/www.christiegrey.com\/fr\/wp-json\/wp\/v2\/media?parent=4621"}],"wp:term":[{"taxonomy":"product_brand","embeddable":true,"href":"https:\/\/www.christiegrey.com\/fr\/wp-json\/wp\/v2\/product_brand?post=4621"},{"taxonomy":"product_cat","embeddable":true,"href":"https:\/\/www.christiegrey.com\/fr\/wp-json\/wp\/v2\/product_cat?post=4621"},{"taxonomy":"product_tag","embeddable":true,"href":"https:\/\/www.christiegrey.com\/fr\/wp-json\/wp\/v2\/product_tag?post=4621"}],"curies":[{"name":"wp","href":"https:\/\/api.w.org\/{rel}","templated":true}]}}