{"id":4620,"date":"2025-12-25T14:33:12","date_gmt":"2025-12-25T14:33:12","guid":{"rendered":"https:\/\/www.christiegrey.com\/product\/supports-acoustiques-de-plafond-2\/"},"modified":"2025-12-25T14:33:12","modified_gmt":"2025-12-25T14:33:12","slug":"supports-acoustiques-de-plafond-2","status":"publish","type":"product","link":"https:\/\/www.christiegrey.com\/fr\/produit\/supports-acoustiques-de-plafond-2\/","title":{"rendered":"Supports acoustiques de plafond"},"content":{"rendered":"<p>Con\u00e7u sp\u00e9cifiquement pour les applications o\u00f9 l\u2019att\u00e9nuation audible du bruit est la plus pr\u00e9occupante, le LHRH offre une alternative \u00e9conomique aux supports plus grands<br \/>\net traditionnels \u00e0 ressorts et en caoutchouc.<\/p>\n<p>Principalement utilis\u00e9 pour d\u00e9coupler efficacement les plafonds acoustiques de masse de la structure de soutien du b\u00e2timent \u2013 \u00e9vitant ainsi la cassure ou l\u2019infiltration du bruit.<\/p>\n","protected":false},"excerpt":{"rendered":"<p>Type LHRH<\/p>\n","protected":false},"featured_media":1081,"comment_status":"open","ping_status":"closed","template":"","meta":{"_acf_changed":false},"product_brand":[],"product_cat":[108,107],"product_tag":[],"class_list":{"0":"post-4620","1":"product","2":"type-product","3":"status-publish","4":"has-post-thumbnail","6":"product_cat-produits-acoustiques-pour-plafond","7":"product_cat-solutions-de-construction","9":"first","10":"instock","11":"shipping-taxable","12":"purchasable","13":"product-type-simple"},"acf":[],"yoast_head":"<!-- This site is optimized with the Yoast SEO plugin v27.0 - https:\/\/yoast.com\/product\/yoast-seo-wordpress\/ -->\n<title>Supports acoustiques de plafond LHRH \u2013 Contr\u00f4le du bruit \u00e9conomique<\/title>\n<meta name=\"description\" content=\"Les supports acoustiques de plafond LHRH d\u00e9couplent les plafonds des structures du b\u00e2timent, r\u00e9duisant ainsi les ruptures et la transmission du bruit, offrant une solution peu co\u00fbteuse.\" \/>\n<meta name=\"robots\" content=\"index, follow, max-snippet:-1, max-image-preview:large, max-video-preview:-1\" \/>\n<link rel=\"canonical\" href=\"https:\/\/www.christiegrey.com\/fr\/produit\/supports-acoustiques-de-plafond-2\/\" \/>\n<meta property=\"og:locale\" content=\"fr_FR\" \/>\n<meta property=\"og:type\" content=\"article\" \/>\n<meta property=\"og:title\" content=\"Supports acoustiques de plafond LHRH \u2013 Contr\u00f4le du bruit \u00e9conomique\" \/>\n<meta property=\"og:description\" content=\"Les supports acoustiques de plafond LHRH d\u00e9couplent les plafonds des structures du b\u00e2timent, r\u00e9duisant ainsi les ruptures et la transmission du bruit, offrant une solution peu co\u00fbteuse.\" \/>\n<meta property=\"og:url\" content=\"https:\/\/www.christiegrey.com\/fr\/produit\/supports-acoustiques-de-plafond-2\/\" \/>\n<meta property=\"article:publisher\" content=\"https:\/\/www.facebook.com\/christieandgreylimited\" \/>\n<meta property=\"og:image\" content=\"https:\/\/www.christiegrey.com\/wp-content\/uploads\/2025\/12\/lhrh.png\" \/>\n\t<meta property=\"og:image:width\" content=\"365\" \/>\n\t<meta property=\"og:image:height\" content=\"365\" \/>\n\t<meta property=\"og:image:type\" content=\"image\/png\" \/>\n<meta name=\"twitter:card\" content=\"summary_large_image\" \/>\n<meta name=\"twitter:site\" content=\"@christiegreyltd\" \/>\n<script type=\"application\/ld+json\" class=\"yoast-schema-graph\">{\"@context\":\"https:\/\/schema.org\",\"@graph\":[{\"@type\":\"WebPage\",\"@id\":\"https:\/\/www.christiegrey.com\/fr\/produit\/supports-acoustiques-de-plafond-2\/\",\"url\":\"https:\/\/www.christiegrey.com\/fr\/produit\/supports-acoustiques-de-plafond-2\/\",\"name\":\"Supports acoustiques de plafond LHRH \u2013 Contr\u00f4le du bruit \u00e9conomique\",\"isPartOf\":{\"@id\":\"https:\/\/www.christiegrey.com\/#website\"},\"primaryImageOfPage\":{\"@id\":\"https:\/\/www.christiegrey.com\/fr\/produit\/supports-acoustiques-de-plafond-2\/#primaryimage\"},\"image\":{\"@id\":\"https:\/\/www.christiegrey.com\/fr\/produit\/supports-acoustiques-de-plafond-2\/#primaryimage\"},\"thumbnailUrl\":\"https:\/\/www.christiegrey.com\/wp-content\/uploads\/2025\/12\/lhrh.png\",\"datePublished\":\"2025-12-25T14:33:12+00:00\",\"description\":\"Les supports acoustiques de plafond LHRH d\u00e9couplent les plafonds des structures du b\u00e2timent, r\u00e9duisant ainsi les ruptures et la transmission du bruit, offrant une solution peu co\u00fbteuse.\",\"breadcrumb\":{\"@id\":\"https:\/\/www.christiegrey.com\/fr\/produit\/supports-acoustiques-de-plafond-2\/#breadcrumb\"},\"inLanguage\":\"fr-FR\",\"potentialAction\":[{\"@type\":\"ReadAction\",\"target\":[\"https:\/\/www.christiegrey.com\/fr\/produit\/supports-acoustiques-de-plafond-2\/\"]}]},{\"@type\":\"ImageObject\",\"inLanguage\":\"fr-FR\",\"@id\":\"https:\/\/www.christiegrey.com\/fr\/produit\/supports-acoustiques-de-plafond-2\/#primaryimage\",\"url\":\"https:\/\/www.christiegrey.com\/wp-content\/uploads\/2025\/12\/lhrh.png\",\"contentUrl\":\"https:\/\/www.christiegrey.com\/wp-content\/uploads\/2025\/12\/lhrh.png\",\"width\":365,\"height\":365,\"caption\":\"Acoustic Ceiling Hangers\"},{\"@type\":\"BreadcrumbList\",\"@id\":\"https:\/\/www.christiegrey.com\/fr\/produit\/supports-acoustiques-de-plafond-2\/#breadcrumb\",\"itemListElement\":[{\"@type\":\"ListItem\",\"position\":1,\"name\":\"Accueil\",\"item\":\"https:\/\/www.christiegrey.com\/\"},{\"@type\":\"ListItem\",\"position\":2,\"name\":\"Nos produits\",\"item\":\"https:\/\/www.christiegrey.com\/fr\/boutique\/\"},{\"@type\":\"ListItem\",\"position\":3,\"name\":\"Supports acoustiques de plafond\"}]},{\"@type\":\"WebSite\",\"@id\":\"https:\/\/www.christiegrey.com\/#website\",\"url\":\"https:\/\/www.christiegrey.com\/\",\"name\":\"Christie & Grey\",\"description\":\"\",\"publisher\":{\"@id\":\"https:\/\/www.christiegrey.com\/#organization\"},\"potentialAction\":[{\"@type\":\"SearchAction\",\"target\":{\"@type\":\"EntryPoint\",\"urlTemplate\":\"https:\/\/www.christiegrey.com\/?s={search_term_string}\"},\"query-input\":{\"@type\":\"PropertyValueSpecification\",\"valueRequired\":true,\"valueName\":\"search_term_string\"}}],\"inLanguage\":\"fr-FR\"},{\"@type\":\"Organization\",\"@id\":\"https:\/\/www.christiegrey.com\/#organization\",\"name\":\"Christie & Grey\",\"url\":\"https:\/\/www.christiegrey.com\/\",\"logo\":{\"@type\":\"ImageObject\",\"inLanguage\":\"fr-FR\",\"@id\":\"https:\/\/www.christiegrey.com\/#\/schema\/logo\/image\/\",\"url\":\"https:\/\/www.christiegrey.com\/wp-content\/uploads\/2026\/02\/cropped-logo-scaled-1.png\",\"contentUrl\":\"https:\/\/www.christiegrey.com\/wp-content\/uploads\/2026\/02\/cropped-logo-scaled-1.png\",\"width\":250,\"height\":90,\"caption\":\"Christie & Grey\"},\"image\":{\"@id\":\"https:\/\/www.christiegrey.com\/#\/schema\/logo\/image\/\"},\"sameAs\":[\"https:\/\/www.facebook.com\/christieandgreylimited\",\"https:\/\/x.com\/christiegreyltd\"]}]}<\/script>\n<!-- \/ Yoast SEO plugin. -->","yoast_head_json":{"title":"Supports acoustiques de plafond LHRH \u2013 Contr\u00f4le du bruit \u00e9conomique","description":"Les supports acoustiques de plafond LHRH d\u00e9couplent les plafonds des structures du b\u00e2timent, r\u00e9duisant ainsi les ruptures et la transmission du bruit, offrant une solution peu co\u00fbteuse.","robots":{"index":"index","follow":"follow","max-snippet":"max-snippet:-1","max-image-preview":"max-image-preview:large","max-video-preview":"max-video-preview:-1"},"canonical":"https:\/\/www.christiegrey.com\/fr\/produit\/supports-acoustiques-de-plafond-2\/","og_locale":"fr_FR","og_type":"article","og_title":"Supports acoustiques de plafond LHRH \u2013 Contr\u00f4le du bruit \u00e9conomique","og_description":"Les supports acoustiques de plafond LHRH d\u00e9couplent les plafonds des structures du b\u00e2timent, r\u00e9duisant ainsi les ruptures et la transmission du bruit, offrant une solution peu co\u00fbteuse.","og_url":"https:\/\/www.christiegrey.com\/fr\/produit\/supports-acoustiques-de-plafond-2\/","article_publisher":"https:\/\/www.facebook.com\/christieandgreylimited","og_image":[{"width":365,"height":365,"url":"https:\/\/www.christiegrey.com\/wp-content\/uploads\/2025\/12\/lhrh.png","type":"image\/png"}],"twitter_card":"summary_large_image","twitter_site":"@christiegreyltd","schema":{"@context":"https:\/\/schema.org","@graph":[{"@type":"WebPage","@id":"https:\/\/www.christiegrey.com\/fr\/produit\/supports-acoustiques-de-plafond-2\/","url":"https:\/\/www.christiegrey.com\/fr\/produit\/supports-acoustiques-de-plafond-2\/","name":"Supports acoustiques de plafond LHRH \u2013 Contr\u00f4le du bruit \u00e9conomique","isPartOf":{"@id":"https:\/\/www.christiegrey.com\/#website"},"primaryImageOfPage":{"@id":"https:\/\/www.christiegrey.com\/fr\/produit\/supports-acoustiques-de-plafond-2\/#primaryimage"},"image":{"@id":"https:\/\/www.christiegrey.com\/fr\/produit\/supports-acoustiques-de-plafond-2\/#primaryimage"},"thumbnailUrl":"https:\/\/www.christiegrey.com\/wp-content\/uploads\/2025\/12\/lhrh.png","datePublished":"2025-12-25T14:33:12+00:00","description":"Les supports acoustiques de plafond LHRH d\u00e9couplent les plafonds des structures du b\u00e2timent, r\u00e9duisant ainsi les ruptures et la transmission du bruit, offrant une solution peu co\u00fbteuse.","breadcrumb":{"@id":"https:\/\/www.christiegrey.com\/fr\/produit\/supports-acoustiques-de-plafond-2\/#breadcrumb"},"inLanguage":"fr-FR","potentialAction":[{"@type":"ReadAction","target":["https:\/\/www.christiegrey.com\/fr\/produit\/supports-acoustiques-de-plafond-2\/"]}]},{"@type":"ImageObject","inLanguage":"fr-FR","@id":"https:\/\/www.christiegrey.com\/fr\/produit\/supports-acoustiques-de-plafond-2\/#primaryimage","url":"https:\/\/www.christiegrey.com\/wp-content\/uploads\/2025\/12\/lhrh.png","contentUrl":"https:\/\/www.christiegrey.com\/wp-content\/uploads\/2025\/12\/lhrh.png","width":365,"height":365,"caption":"Acoustic Ceiling Hangers"},{"@type":"BreadcrumbList","@id":"https:\/\/www.christiegrey.com\/fr\/produit\/supports-acoustiques-de-plafond-2\/#breadcrumb","itemListElement":[{"@type":"ListItem","position":1,"name":"Accueil","item":"https:\/\/www.christiegrey.com\/"},{"@type":"ListItem","position":2,"name":"Nos produits","item":"https:\/\/www.christiegrey.com\/fr\/boutique\/"},{"@type":"ListItem","position":3,"name":"Supports acoustiques de plafond"}]},{"@type":"WebSite","@id":"https:\/\/www.christiegrey.com\/#website","url":"https:\/\/www.christiegrey.com\/","name":"Christie & Grey","description":"","publisher":{"@id":"https:\/\/www.christiegrey.com\/#organization"},"potentialAction":[{"@type":"SearchAction","target":{"@type":"EntryPoint","urlTemplate":"https:\/\/www.christiegrey.com\/?s={search_term_string}"},"query-input":{"@type":"PropertyValueSpecification","valueRequired":true,"valueName":"search_term_string"}}],"inLanguage":"fr-FR"},{"@type":"Organization","@id":"https:\/\/www.christiegrey.com\/#organization","name":"Christie & Grey","url":"https:\/\/www.christiegrey.com\/","logo":{"@type":"ImageObject","inLanguage":"fr-FR","@id":"https:\/\/www.christiegrey.com\/#\/schema\/logo\/image\/","url":"https:\/\/www.christiegrey.com\/wp-content\/uploads\/2026\/02\/cropped-logo-scaled-1.png","contentUrl":"https:\/\/www.christiegrey.com\/wp-content\/uploads\/2026\/02\/cropped-logo-scaled-1.png","width":250,"height":90,"caption":"Christie & Grey"},"image":{"@id":"https:\/\/www.christiegrey.com\/#\/schema\/logo\/image\/"},"sameAs":["https:\/\/www.facebook.com\/christieandgreylimited","https:\/\/x.com\/christiegreyltd"]}]}},"_links":{"self":[{"href":"https:\/\/www.christiegrey.com\/fr\/wp-json\/wp\/v2\/product\/4620","targetHints":{"allow":["GET"]}}],"collection":[{"href":"https:\/\/www.christiegrey.com\/fr\/wp-json\/wp\/v2\/product"}],"about":[{"href":"https:\/\/www.christiegrey.com\/fr\/wp-json\/wp\/v2\/types\/product"}],"replies":[{"embeddable":true,"href":"https:\/\/www.christiegrey.com\/fr\/wp-json\/wp\/v2\/comments?post=4620"}],"wp:featuredmedia":[{"embeddable":true,"href":"https:\/\/www.christiegrey.com\/fr\/wp-json\/wp\/v2\/media\/1081"}],"wp:attachment":[{"href":"https:\/\/www.christiegrey.com\/fr\/wp-json\/wp\/v2\/media?parent=4620"}],"wp:term":[{"taxonomy":"product_brand","embeddable":true,"href":"https:\/\/www.christiegrey.com\/fr\/wp-json\/wp\/v2\/product_brand?post=4620"},{"taxonomy":"product_cat","embeddable":true,"href":"https:\/\/www.christiegrey.com\/fr\/wp-json\/wp\/v2\/product_cat?post=4620"},{"taxonomy":"product_tag","embeddable":true,"href":"https:\/\/www.christiegrey.com\/fr\/wp-json\/wp\/v2\/product_tag?post=4620"}],"curies":[{"name":"wp","href":"https:\/\/api.w.org\/{rel}","templated":true}]}}