{"id":4609,"date":"2025-12-25T14:36:03","date_gmt":"2025-12-25T14:36:03","guid":{"rendered":"https:\/\/www.christiegrey.com\/product\/supports-acoustiques-de-plafond-a-ressorts-et-en-caoutchouc-2\/"},"modified":"2025-12-25T14:36:03","modified_gmt":"2025-12-25T14:36:03","slug":"supports-acoustiques-de-plafond-a-ressorts-et-en-caoutchouc-2","status":"publish","type":"product","link":"https:\/\/www.christiegrey.com\/fr\/produit\/supports-acoustiques-de-plafond-a-ressorts-et-en-caoutchouc-2\/","title":{"rendered":"Supports acoustiques de plafond \u00e0 ressorts et en caoutchouc"},"content":{"rendered":"<p>Une gamme compl\u00e8te de supports acoustiques en acier et en caoutchouc<br \/>\n, offrant au concepteur le choix entre l\u2019isolation des vibrations basses fr\u00e9quences<br \/>\nou des performances optimales \u00e0 des fr\u00e9quences audibles plus \u00e9lev\u00e9es<br \/>\n, si le contr\u00f4le du bruit est d\u2019une importance capitale.<\/p>\n","protected":false},"excerpt":{"rendered":"<p>Type LSH et LRH<\/p>\n","protected":false},"featured_media":1083,"comment_status":"open","ping_status":"closed","template":"","meta":{"_acf_changed":false},"product_brand":[],"product_cat":[108,107],"product_tag":[],"class_list":{"0":"post-4609","1":"product","2":"type-product","3":"status-publish","4":"has-post-thumbnail","6":"product_cat-produits-acoustiques-pour-plafond","7":"product_cat-solutions-de-construction","9":"first","10":"instock","11":"shipping-taxable","12":"purchasable","13":"product-type-simple"},"acf":[],"yoast_head":"<!-- This site is optimized with the Yoast SEO plugin v27.0 - https:\/\/yoast.com\/product\/yoast-seo-wordpress\/ -->\n<title>Supports de plafond acoustiques en ressort et caoutchouc LSH &amp; LRH<\/title>\n<meta name=\"description\" content=\"Les supports de plafond en ressort et caoutchouc LSH &amp; LRH offrent une isolation des vibrations polyvalente avec des performances basses et hautes fr\u00e9quences pour le contr\u00f4le du bruit dans les plafonds acoustiques.\" \/>\n<meta name=\"robots\" content=\"index, follow, max-snippet:-1, max-image-preview:large, max-video-preview:-1\" \/>\n<link rel=\"canonical\" href=\"https:\/\/www.christiegrey.com\/fr\/produit\/supports-acoustiques-de-plafond-a-ressorts-et-en-caoutchouc-2\/\" \/>\n<meta property=\"og:locale\" content=\"fr_FR\" \/>\n<meta property=\"og:type\" content=\"article\" \/>\n<meta property=\"og:title\" content=\"Supports de plafond acoustiques en ressort et caoutchouc LSH &amp; LRH\" \/>\n<meta property=\"og:description\" content=\"Les supports de plafond en ressort et caoutchouc LSH &amp; LRH offrent une isolation des vibrations polyvalente avec des performances basses et hautes fr\u00e9quences pour le contr\u00f4le du bruit dans les plafonds acoustiques.\" \/>\n<meta property=\"og:url\" content=\"https:\/\/www.christiegrey.com\/fr\/produit\/supports-acoustiques-de-plafond-a-ressorts-et-en-caoutchouc-2\/\" \/>\n<meta property=\"article:publisher\" content=\"https:\/\/www.facebook.com\/christieandgreylimited\" \/>\n<meta property=\"og:image\" content=\"https:\/\/www.christiegrey.com\/wp-content\/uploads\/2025\/12\/lrh.png\" \/>\n\t<meta property=\"og:image:width\" content=\"365\" \/>\n\t<meta property=\"og:image:height\" content=\"365\" \/>\n\t<meta property=\"og:image:type\" content=\"image\/png\" \/>\n<meta name=\"twitter:card\" content=\"summary_large_image\" \/>\n<meta name=\"twitter:site\" content=\"@christiegreyltd\" \/>\n<script type=\"application\/ld+json\" class=\"yoast-schema-graph\">{\"@context\":\"https:\/\/schema.org\",\"@graph\":[{\"@type\":\"WebPage\",\"@id\":\"https:\/\/www.christiegrey.com\/fr\/produit\/supports-acoustiques-de-plafond-a-ressorts-et-en-caoutchouc-2\/\",\"url\":\"https:\/\/www.christiegrey.com\/fr\/produit\/supports-acoustiques-de-plafond-a-ressorts-et-en-caoutchouc-2\/\",\"name\":\"Supports de plafond acoustiques en ressort et caoutchouc LSH & LRH\",\"isPartOf\":{\"@id\":\"https:\/\/www.christiegrey.com\/#website\"},\"primaryImageOfPage\":{\"@id\":\"https:\/\/www.christiegrey.com\/fr\/produit\/supports-acoustiques-de-plafond-a-ressorts-et-en-caoutchouc-2\/#primaryimage\"},\"image\":{\"@id\":\"https:\/\/www.christiegrey.com\/fr\/produit\/supports-acoustiques-de-plafond-a-ressorts-et-en-caoutchouc-2\/#primaryimage\"},\"thumbnailUrl\":\"https:\/\/www.christiegrey.com\/wp-content\/uploads\/2025\/12\/lrh.png\",\"datePublished\":\"2025-12-25T14:36:03+00:00\",\"description\":\"Les supports de plafond en ressort et caoutchouc LSH & LRH offrent une isolation des vibrations polyvalente avec des performances basses et hautes fr\u00e9quences pour le contr\u00f4le du bruit dans les plafonds acoustiques.\",\"breadcrumb\":{\"@id\":\"https:\/\/www.christiegrey.com\/fr\/produit\/supports-acoustiques-de-plafond-a-ressorts-et-en-caoutchouc-2\/#breadcrumb\"},\"inLanguage\":\"fr-FR\",\"potentialAction\":[{\"@type\":\"ReadAction\",\"target\":[\"https:\/\/www.christiegrey.com\/fr\/produit\/supports-acoustiques-de-plafond-a-ressorts-et-en-caoutchouc-2\/\"]}]},{\"@type\":\"ImageObject\",\"inLanguage\":\"fr-FR\",\"@id\":\"https:\/\/www.christiegrey.com\/fr\/produit\/supports-acoustiques-de-plafond-a-ressorts-et-en-caoutchouc-2\/#primaryimage\",\"url\":\"https:\/\/www.christiegrey.com\/wp-content\/uploads\/2025\/12\/lrh.png\",\"contentUrl\":\"https:\/\/www.christiegrey.com\/wp-content\/uploads\/2025\/12\/lrh.png\",\"width\":365,\"height\":365,\"caption\":\"Spring and Rubber Acoustic Ceiling Hangers\"},{\"@type\":\"BreadcrumbList\",\"@id\":\"https:\/\/www.christiegrey.com\/fr\/produit\/supports-acoustiques-de-plafond-a-ressorts-et-en-caoutchouc-2\/#breadcrumb\",\"itemListElement\":[{\"@type\":\"ListItem\",\"position\":1,\"name\":\"Accueil\",\"item\":\"https:\/\/www.christiegrey.com\/\"},{\"@type\":\"ListItem\",\"position\":2,\"name\":\"Nos produits\",\"item\":\"https:\/\/www.christiegrey.com\/fr\/boutique\/\"},{\"@type\":\"ListItem\",\"position\":3,\"name\":\"Supports acoustiques de plafond \u00e0 ressorts et en caoutchouc\"}]},{\"@type\":\"WebSite\",\"@id\":\"https:\/\/www.christiegrey.com\/#website\",\"url\":\"https:\/\/www.christiegrey.com\/\",\"name\":\"Christie & Grey\",\"description\":\"\",\"publisher\":{\"@id\":\"https:\/\/www.christiegrey.com\/#organization\"},\"potentialAction\":[{\"@type\":\"SearchAction\",\"target\":{\"@type\":\"EntryPoint\",\"urlTemplate\":\"https:\/\/www.christiegrey.com\/?s={search_term_string}\"},\"query-input\":{\"@type\":\"PropertyValueSpecification\",\"valueRequired\":true,\"valueName\":\"search_term_string\"}}],\"inLanguage\":\"fr-FR\"},{\"@type\":\"Organization\",\"@id\":\"https:\/\/www.christiegrey.com\/#organization\",\"name\":\"Christie & Grey\",\"url\":\"https:\/\/www.christiegrey.com\/\",\"logo\":{\"@type\":\"ImageObject\",\"inLanguage\":\"fr-FR\",\"@id\":\"https:\/\/www.christiegrey.com\/#\/schema\/logo\/image\/\",\"url\":\"https:\/\/www.christiegrey.com\/wp-content\/uploads\/2026\/02\/cropped-logo-scaled-1.png\",\"contentUrl\":\"https:\/\/www.christiegrey.com\/wp-content\/uploads\/2026\/02\/cropped-logo-scaled-1.png\",\"width\":250,\"height\":90,\"caption\":\"Christie & Grey\"},\"image\":{\"@id\":\"https:\/\/www.christiegrey.com\/#\/schema\/logo\/image\/\"},\"sameAs\":[\"https:\/\/www.facebook.com\/christieandgreylimited\",\"https:\/\/x.com\/christiegreyltd\"]}]}<\/script>\n<!-- \/ Yoast SEO plugin. -->","yoast_head_json":{"title":"Supports de plafond acoustiques en ressort et caoutchouc LSH & LRH","description":"Les supports de plafond en ressort et caoutchouc LSH & LRH offrent une isolation des vibrations polyvalente avec des performances basses et hautes fr\u00e9quences pour le contr\u00f4le du bruit dans les plafonds acoustiques.","robots":{"index":"index","follow":"follow","max-snippet":"max-snippet:-1","max-image-preview":"max-image-preview:large","max-video-preview":"max-video-preview:-1"},"canonical":"https:\/\/www.christiegrey.com\/fr\/produit\/supports-acoustiques-de-plafond-a-ressorts-et-en-caoutchouc-2\/","og_locale":"fr_FR","og_type":"article","og_title":"Supports de plafond acoustiques en ressort et caoutchouc LSH & LRH","og_description":"Les supports de plafond en ressort et caoutchouc LSH & LRH offrent une isolation des vibrations polyvalente avec des performances basses et hautes fr\u00e9quences pour le contr\u00f4le du bruit dans les plafonds acoustiques.","og_url":"https:\/\/www.christiegrey.com\/fr\/produit\/supports-acoustiques-de-plafond-a-ressorts-et-en-caoutchouc-2\/","article_publisher":"https:\/\/www.facebook.com\/christieandgreylimited","og_image":[{"width":365,"height":365,"url":"https:\/\/www.christiegrey.com\/wp-content\/uploads\/2025\/12\/lrh.png","type":"image\/png"}],"twitter_card":"summary_large_image","twitter_site":"@christiegreyltd","schema":{"@context":"https:\/\/schema.org","@graph":[{"@type":"WebPage","@id":"https:\/\/www.christiegrey.com\/fr\/produit\/supports-acoustiques-de-plafond-a-ressorts-et-en-caoutchouc-2\/","url":"https:\/\/www.christiegrey.com\/fr\/produit\/supports-acoustiques-de-plafond-a-ressorts-et-en-caoutchouc-2\/","name":"Supports de plafond acoustiques en ressort et caoutchouc LSH & LRH","isPartOf":{"@id":"https:\/\/www.christiegrey.com\/#website"},"primaryImageOfPage":{"@id":"https:\/\/www.christiegrey.com\/fr\/produit\/supports-acoustiques-de-plafond-a-ressorts-et-en-caoutchouc-2\/#primaryimage"},"image":{"@id":"https:\/\/www.christiegrey.com\/fr\/produit\/supports-acoustiques-de-plafond-a-ressorts-et-en-caoutchouc-2\/#primaryimage"},"thumbnailUrl":"https:\/\/www.christiegrey.com\/wp-content\/uploads\/2025\/12\/lrh.png","datePublished":"2025-12-25T14:36:03+00:00","description":"Les supports de plafond en ressort et caoutchouc LSH & LRH offrent une isolation des vibrations polyvalente avec des performances basses et hautes fr\u00e9quences pour le contr\u00f4le du bruit dans les plafonds acoustiques.","breadcrumb":{"@id":"https:\/\/www.christiegrey.com\/fr\/produit\/supports-acoustiques-de-plafond-a-ressorts-et-en-caoutchouc-2\/#breadcrumb"},"inLanguage":"fr-FR","potentialAction":[{"@type":"ReadAction","target":["https:\/\/www.christiegrey.com\/fr\/produit\/supports-acoustiques-de-plafond-a-ressorts-et-en-caoutchouc-2\/"]}]},{"@type":"ImageObject","inLanguage":"fr-FR","@id":"https:\/\/www.christiegrey.com\/fr\/produit\/supports-acoustiques-de-plafond-a-ressorts-et-en-caoutchouc-2\/#primaryimage","url":"https:\/\/www.christiegrey.com\/wp-content\/uploads\/2025\/12\/lrh.png","contentUrl":"https:\/\/www.christiegrey.com\/wp-content\/uploads\/2025\/12\/lrh.png","width":365,"height":365,"caption":"Spring and Rubber Acoustic Ceiling Hangers"},{"@type":"BreadcrumbList","@id":"https:\/\/www.christiegrey.com\/fr\/produit\/supports-acoustiques-de-plafond-a-ressorts-et-en-caoutchouc-2\/#breadcrumb","itemListElement":[{"@type":"ListItem","position":1,"name":"Accueil","item":"https:\/\/www.christiegrey.com\/"},{"@type":"ListItem","position":2,"name":"Nos produits","item":"https:\/\/www.christiegrey.com\/fr\/boutique\/"},{"@type":"ListItem","position":3,"name":"Supports acoustiques de plafond \u00e0 ressorts et en caoutchouc"}]},{"@type":"WebSite","@id":"https:\/\/www.christiegrey.com\/#website","url":"https:\/\/www.christiegrey.com\/","name":"Christie & Grey","description":"","publisher":{"@id":"https:\/\/www.christiegrey.com\/#organization"},"potentialAction":[{"@type":"SearchAction","target":{"@type":"EntryPoint","urlTemplate":"https:\/\/www.christiegrey.com\/?s={search_term_string}"},"query-input":{"@type":"PropertyValueSpecification","valueRequired":true,"valueName":"search_term_string"}}],"inLanguage":"fr-FR"},{"@type":"Organization","@id":"https:\/\/www.christiegrey.com\/#organization","name":"Christie & Grey","url":"https:\/\/www.christiegrey.com\/","logo":{"@type":"ImageObject","inLanguage":"fr-FR","@id":"https:\/\/www.christiegrey.com\/#\/schema\/logo\/image\/","url":"https:\/\/www.christiegrey.com\/wp-content\/uploads\/2026\/02\/cropped-logo-scaled-1.png","contentUrl":"https:\/\/www.christiegrey.com\/wp-content\/uploads\/2026\/02\/cropped-logo-scaled-1.png","width":250,"height":90,"caption":"Christie & Grey"},"image":{"@id":"https:\/\/www.christiegrey.com\/#\/schema\/logo\/image\/"},"sameAs":["https:\/\/www.facebook.com\/christieandgreylimited","https:\/\/x.com\/christiegreyltd"]}]}},"_links":{"self":[{"href":"https:\/\/www.christiegrey.com\/fr\/wp-json\/wp\/v2\/product\/4609","targetHints":{"allow":["GET"]}}],"collection":[{"href":"https:\/\/www.christiegrey.com\/fr\/wp-json\/wp\/v2\/product"}],"about":[{"href":"https:\/\/www.christiegrey.com\/fr\/wp-json\/wp\/v2\/types\/product"}],"replies":[{"embeddable":true,"href":"https:\/\/www.christiegrey.com\/fr\/wp-json\/wp\/v2\/comments?post=4609"}],"wp:featuredmedia":[{"embeddable":true,"href":"https:\/\/www.christiegrey.com\/fr\/wp-json\/wp\/v2\/media\/1083"}],"wp:attachment":[{"href":"https:\/\/www.christiegrey.com\/fr\/wp-json\/wp\/v2\/media?parent=4609"}],"wp:term":[{"taxonomy":"product_brand","embeddable":true,"href":"https:\/\/www.christiegrey.com\/fr\/wp-json\/wp\/v2\/product_brand?post=4609"},{"taxonomy":"product_cat","embeddable":true,"href":"https:\/\/www.christiegrey.com\/fr\/wp-json\/wp\/v2\/product_cat?post=4609"},{"taxonomy":"product_tag","embeddable":true,"href":"https:\/\/www.christiegrey.com\/fr\/wp-json\/wp\/v2\/product_tag?post=4609"}],"curies":[{"name":"wp","href":"https:\/\/api.w.org\/{rel}","templated":true}]}}