{"id":4606,"date":"2025-12-25T14:04:33","date_gmt":"2025-12-25T14:04:33","guid":{"rendered":"https:\/\/www.christiegrey.com\/product\/petit-support-en-caoutchouc\/"},"modified":"2025-12-25T14:04:33","modified_gmt":"2025-12-25T14:04:33","slug":"petit-support-en-caoutchouc","status":"publish","type":"product","link":"https:\/\/www.christiegrey.com\/fr\/produit\/petit-support-en-caoutchouc\/","title":{"rendered":"Petit support en caoutchouc"},"content":{"rendered":"<p>Les montages SRM sont con\u00e7us pour des applications l\u00e9g\u00e8res qui n\u00e9cessitent n\u00e9anmoins un haut degr\u00e9 d\u2019att\u00e9nuation des vibrations et du bruit \u00e0 des fr\u00e9quences moyennes \u00e0 basses.<\/p>\n<p>Caoutchouc \u00e0 haute r\u00e9silience avec un faible rapport de rigidit\u00e9 dynamique\/statique garantit une efficacit\u00e9 maximale, de bonnes performances de fluage et une longue dur\u00e9e de service.<\/p>\n<p>Ces supports ont un profil tr\u00e8s bas, adapt\u00e9 aux applications \u00e0 hauteur limit\u00e9e.<\/p>\n<p>Aussi adapt\u00e9 pour l\u2019isolation des chocs. Par exemple, pour prot\u00e9ger les instruments, les appareils de mesure, les balances et autres \u00e9quipements sensibles. <\/p>\n","protected":false},"excerpt":{"rendered":"<p>Type SRM<\/p>\n","protected":false},"featured_media":1046,"comment_status":"open","ping_status":"closed","template":"","meta":{"_acf_changed":false},"product_brand":[],"product_cat":[149,119,120],"product_tag":[],"class_list":{"0":"post-4606","1":"product","2":"type-product","3":"status-publish","4":"has-post-thumbnail","6":"product_cat-pompes-compresseurs-et-refroidisseurs","7":"product_cat-solutions-industrielles","8":"product_cat-ventilateurs-et-unites-de-traitement-de-lair","10":"first","11":"instock","12":"shipping-taxable","13":"purchasable","14":"product-type-simple"},"acf":[],"yoast_head":"<!-- This site is optimized with the Yoast SEO plugin v27.0 - https:\/\/yoast.com\/product\/yoast-seo-wordpress\/ -->\n<title>Petits supports en caoutchouc (SRM) pour le contr\u00f4le des vibrations<\/title>\n<meta name=\"description\" content=\"Les petits supports en caoutchouc Christie &amp; Grey SRM offrent une isolation efficace des vibrations, du bruit et des chocs \u00e0 moyenne \u00e0 basse fr\u00e9quence pour les travaux l\u00e9gers.\" \/>\n<meta name=\"robots\" content=\"index, follow, max-snippet:-1, max-image-preview:large, max-video-preview:-1\" \/>\n<link rel=\"canonical\" href=\"https:\/\/www.christiegrey.com\/fr\/produit\/petit-support-en-caoutchouc\/\" \/>\n<meta property=\"og:locale\" content=\"fr_FR\" \/>\n<meta property=\"og:type\" content=\"article\" \/>\n<meta property=\"og:title\" content=\"Petits supports en caoutchouc (SRM) pour le contr\u00f4le des vibrations\" \/>\n<meta property=\"og:description\" content=\"Les petits supports en caoutchouc Christie &amp; Grey SRM offrent une isolation efficace des vibrations, du bruit et des chocs \u00e0 moyenne \u00e0 basse fr\u00e9quence pour les travaux l\u00e9gers.\" \/>\n<meta property=\"og:url\" content=\"https:\/\/www.christiegrey.com\/fr\/produit\/petit-support-en-caoutchouc\/\" \/>\n<meta property=\"article:publisher\" content=\"https:\/\/www.facebook.com\/christieandgreylimited\" \/>\n<meta property=\"og:image\" content=\"https:\/\/www.christiegrey.com\/wp-content\/uploads\/2025\/12\/swerub_365_365.jpg\" \/>\n\t<meta property=\"og:image:width\" content=\"365\" \/>\n\t<meta property=\"og:image:height\" content=\"365\" \/>\n\t<meta property=\"og:image:type\" content=\"image\/jpeg\" \/>\n<meta name=\"twitter:card\" content=\"summary_large_image\" \/>\n<meta name=\"twitter:site\" content=\"@christiegreyltd\" \/>\n<script type=\"application\/ld+json\" class=\"yoast-schema-graph\">{\"@context\":\"https:\/\/schema.org\",\"@graph\":[{\"@type\":\"WebPage\",\"@id\":\"https:\/\/www.christiegrey.com\/fr\/produit\/petit-support-en-caoutchouc\/\",\"url\":\"https:\/\/www.christiegrey.com\/fr\/produit\/petit-support-en-caoutchouc\/\",\"name\":\"Petits supports en caoutchouc (SRM) pour le contr\u00f4le des vibrations\",\"isPartOf\":{\"@id\":\"https:\/\/www.christiegrey.com\/#website\"},\"primaryImageOfPage\":{\"@id\":\"https:\/\/www.christiegrey.com\/fr\/produit\/petit-support-en-caoutchouc\/#primaryimage\"},\"image\":{\"@id\":\"https:\/\/www.christiegrey.com\/fr\/produit\/petit-support-en-caoutchouc\/#primaryimage\"},\"thumbnailUrl\":\"https:\/\/www.christiegrey.com\/wp-content\/uploads\/2025\/12\/swerub_365_365.jpg\",\"datePublished\":\"2025-12-25T14:04:33+00:00\",\"description\":\"Les petits supports en caoutchouc Christie & Grey SRM offrent une isolation efficace des vibrations, du bruit et des chocs \u00e0 moyenne \u00e0 basse fr\u00e9quence pour les travaux l\u00e9gers.\",\"breadcrumb\":{\"@id\":\"https:\/\/www.christiegrey.com\/fr\/produit\/petit-support-en-caoutchouc\/#breadcrumb\"},\"inLanguage\":\"fr-FR\",\"potentialAction\":[{\"@type\":\"ReadAction\",\"target\":[\"https:\/\/www.christiegrey.com\/fr\/produit\/petit-support-en-caoutchouc\/\"]}]},{\"@type\":\"ImageObject\",\"inLanguage\":\"fr-FR\",\"@id\":\"https:\/\/www.christiegrey.com\/fr\/produit\/petit-support-en-caoutchouc\/#primaryimage\",\"url\":\"https:\/\/www.christiegrey.com\/wp-content\/uploads\/2025\/12\/swerub_365_365.jpg\",\"contentUrl\":\"https:\/\/www.christiegrey.com\/wp-content\/uploads\/2025\/12\/swerub_365_365.jpg\",\"width\":365,\"height\":365,\"caption\":\"SRM small rubber mounting\"},{\"@type\":\"BreadcrumbList\",\"@id\":\"https:\/\/www.christiegrey.com\/fr\/produit\/petit-support-en-caoutchouc\/#breadcrumb\",\"itemListElement\":[{\"@type\":\"ListItem\",\"position\":1,\"name\":\"Accueil\",\"item\":\"https:\/\/www.christiegrey.com\/\"},{\"@type\":\"ListItem\",\"position\":2,\"name\":\"Nos produits\",\"item\":\"https:\/\/www.christiegrey.com\/fr\/boutique\/\"},{\"@type\":\"ListItem\",\"position\":3,\"name\":\"Petit support en caoutchouc\"}]},{\"@type\":\"WebSite\",\"@id\":\"https:\/\/www.christiegrey.com\/#website\",\"url\":\"https:\/\/www.christiegrey.com\/\",\"name\":\"Christie & Grey\",\"description\":\"\",\"publisher\":{\"@id\":\"https:\/\/www.christiegrey.com\/#organization\"},\"potentialAction\":[{\"@type\":\"SearchAction\",\"target\":{\"@type\":\"EntryPoint\",\"urlTemplate\":\"https:\/\/www.christiegrey.com\/?s={search_term_string}\"},\"query-input\":{\"@type\":\"PropertyValueSpecification\",\"valueRequired\":true,\"valueName\":\"search_term_string\"}}],\"inLanguage\":\"fr-FR\"},{\"@type\":\"Organization\",\"@id\":\"https:\/\/www.christiegrey.com\/#organization\",\"name\":\"Christie & Grey\",\"url\":\"https:\/\/www.christiegrey.com\/\",\"logo\":{\"@type\":\"ImageObject\",\"inLanguage\":\"fr-FR\",\"@id\":\"https:\/\/www.christiegrey.com\/#\/schema\/logo\/image\/\",\"url\":\"https:\/\/www.christiegrey.com\/wp-content\/uploads\/2026\/02\/cropped-logo-scaled-1.png\",\"contentUrl\":\"https:\/\/www.christiegrey.com\/wp-content\/uploads\/2026\/02\/cropped-logo-scaled-1.png\",\"width\":250,\"height\":90,\"caption\":\"Christie & Grey\"},\"image\":{\"@id\":\"https:\/\/www.christiegrey.com\/#\/schema\/logo\/image\/\"},\"sameAs\":[\"https:\/\/www.facebook.com\/christieandgreylimited\",\"https:\/\/x.com\/christiegreyltd\"]}]}<\/script>\n<!-- \/ Yoast SEO plugin. -->","yoast_head_json":{"title":"Petits supports en caoutchouc (SRM) pour le contr\u00f4le des vibrations","description":"Les petits supports en caoutchouc Christie & Grey SRM offrent une isolation efficace des vibrations, du bruit et des chocs \u00e0 moyenne \u00e0 basse fr\u00e9quence pour les travaux l\u00e9gers.","robots":{"index":"index","follow":"follow","max-snippet":"max-snippet:-1","max-image-preview":"max-image-preview:large","max-video-preview":"max-video-preview:-1"},"canonical":"https:\/\/www.christiegrey.com\/fr\/produit\/petit-support-en-caoutchouc\/","og_locale":"fr_FR","og_type":"article","og_title":"Petits supports en caoutchouc (SRM) pour le contr\u00f4le des vibrations","og_description":"Les petits supports en caoutchouc Christie & Grey SRM offrent une isolation efficace des vibrations, du bruit et des chocs \u00e0 moyenne \u00e0 basse fr\u00e9quence pour les travaux l\u00e9gers.","og_url":"https:\/\/www.christiegrey.com\/fr\/produit\/petit-support-en-caoutchouc\/","article_publisher":"https:\/\/www.facebook.com\/christieandgreylimited","og_image":[{"width":365,"height":365,"url":"https:\/\/www.christiegrey.com\/wp-content\/uploads\/2025\/12\/swerub_365_365.jpg","type":"image\/jpeg"}],"twitter_card":"summary_large_image","twitter_site":"@christiegreyltd","schema":{"@context":"https:\/\/schema.org","@graph":[{"@type":"WebPage","@id":"https:\/\/www.christiegrey.com\/fr\/produit\/petit-support-en-caoutchouc\/","url":"https:\/\/www.christiegrey.com\/fr\/produit\/petit-support-en-caoutchouc\/","name":"Petits supports en caoutchouc (SRM) pour le contr\u00f4le des vibrations","isPartOf":{"@id":"https:\/\/www.christiegrey.com\/#website"},"primaryImageOfPage":{"@id":"https:\/\/www.christiegrey.com\/fr\/produit\/petit-support-en-caoutchouc\/#primaryimage"},"image":{"@id":"https:\/\/www.christiegrey.com\/fr\/produit\/petit-support-en-caoutchouc\/#primaryimage"},"thumbnailUrl":"https:\/\/www.christiegrey.com\/wp-content\/uploads\/2025\/12\/swerub_365_365.jpg","datePublished":"2025-12-25T14:04:33+00:00","description":"Les petits supports en caoutchouc Christie & Grey SRM offrent une isolation efficace des vibrations, du bruit et des chocs \u00e0 moyenne \u00e0 basse fr\u00e9quence pour les travaux l\u00e9gers.","breadcrumb":{"@id":"https:\/\/www.christiegrey.com\/fr\/produit\/petit-support-en-caoutchouc\/#breadcrumb"},"inLanguage":"fr-FR","potentialAction":[{"@type":"ReadAction","target":["https:\/\/www.christiegrey.com\/fr\/produit\/petit-support-en-caoutchouc\/"]}]},{"@type":"ImageObject","inLanguage":"fr-FR","@id":"https:\/\/www.christiegrey.com\/fr\/produit\/petit-support-en-caoutchouc\/#primaryimage","url":"https:\/\/www.christiegrey.com\/wp-content\/uploads\/2025\/12\/swerub_365_365.jpg","contentUrl":"https:\/\/www.christiegrey.com\/wp-content\/uploads\/2025\/12\/swerub_365_365.jpg","width":365,"height":365,"caption":"SRM small rubber mounting"},{"@type":"BreadcrumbList","@id":"https:\/\/www.christiegrey.com\/fr\/produit\/petit-support-en-caoutchouc\/#breadcrumb","itemListElement":[{"@type":"ListItem","position":1,"name":"Accueil","item":"https:\/\/www.christiegrey.com\/"},{"@type":"ListItem","position":2,"name":"Nos produits","item":"https:\/\/www.christiegrey.com\/fr\/boutique\/"},{"@type":"ListItem","position":3,"name":"Petit support en caoutchouc"}]},{"@type":"WebSite","@id":"https:\/\/www.christiegrey.com\/#website","url":"https:\/\/www.christiegrey.com\/","name":"Christie & Grey","description":"","publisher":{"@id":"https:\/\/www.christiegrey.com\/#organization"},"potentialAction":[{"@type":"SearchAction","target":{"@type":"EntryPoint","urlTemplate":"https:\/\/www.christiegrey.com\/?s={search_term_string}"},"query-input":{"@type":"PropertyValueSpecification","valueRequired":true,"valueName":"search_term_string"}}],"inLanguage":"fr-FR"},{"@type":"Organization","@id":"https:\/\/www.christiegrey.com\/#organization","name":"Christie & Grey","url":"https:\/\/www.christiegrey.com\/","logo":{"@type":"ImageObject","inLanguage":"fr-FR","@id":"https:\/\/www.christiegrey.com\/#\/schema\/logo\/image\/","url":"https:\/\/www.christiegrey.com\/wp-content\/uploads\/2026\/02\/cropped-logo-scaled-1.png","contentUrl":"https:\/\/www.christiegrey.com\/wp-content\/uploads\/2026\/02\/cropped-logo-scaled-1.png","width":250,"height":90,"caption":"Christie & Grey"},"image":{"@id":"https:\/\/www.christiegrey.com\/#\/schema\/logo\/image\/"},"sameAs":["https:\/\/www.facebook.com\/christieandgreylimited","https:\/\/x.com\/christiegreyltd"]}]}},"_links":{"self":[{"href":"https:\/\/www.christiegrey.com\/fr\/wp-json\/wp\/v2\/product\/4606","targetHints":{"allow":["GET"]}}],"collection":[{"href":"https:\/\/www.christiegrey.com\/fr\/wp-json\/wp\/v2\/product"}],"about":[{"href":"https:\/\/www.christiegrey.com\/fr\/wp-json\/wp\/v2\/types\/product"}],"replies":[{"embeddable":true,"href":"https:\/\/www.christiegrey.com\/fr\/wp-json\/wp\/v2\/comments?post=4606"}],"wp:featuredmedia":[{"embeddable":true,"href":"https:\/\/www.christiegrey.com\/fr\/wp-json\/wp\/v2\/media\/1046"}],"wp:attachment":[{"href":"https:\/\/www.christiegrey.com\/fr\/wp-json\/wp\/v2\/media?parent=4606"}],"wp:term":[{"taxonomy":"product_brand","embeddable":true,"href":"https:\/\/www.christiegrey.com\/fr\/wp-json\/wp\/v2\/product_brand?post=4606"},{"taxonomy":"product_cat","embeddable":true,"href":"https:\/\/www.christiegrey.com\/fr\/wp-json\/wp\/v2\/product_cat?post=4606"},{"taxonomy":"product_tag","embeddable":true,"href":"https:\/\/www.christiegrey.com\/fr\/wp-json\/wp\/v2\/product_tag?post=4606"}],"curies":[{"name":"wp","href":"https:\/\/api.w.org\/{rel}","templated":true}]}}