{"id":4567,"date":"2025-12-25T11:02:32","date_gmt":"2025-12-25T11:02:32","guid":{"rendered":"https:\/\/www.christiegrey.com\/product\/genflex\/"},"modified":"2026-01-30T21:54:55","modified_gmt":"2026-01-30T21:54:55","slug":"genflex","status":"publish","type":"product","link":"https:\/\/www.christiegrey.com\/fr\/produit\/genflex\/","title":{"rendered":"Genflex"},"content":{"rendered":"<p>Les montages Genflex utilisent la conception \u00e9prouv\u00e9e d\u2019\u00e9l\u00e9ments inclin\u00e9s en caoutchouc pour obtenir des d\u00e9flexions bien plus \u00e9lev\u00e9es que le caoutchouc simple dans les dispositifs de compression, et donc une meilleure isolation des vibrations basses fr\u00e9quences.<\/p>\n<p>La conception en caoutchouc pur offre d\u2019excellentes performances dans la plage de fr\u00e9quences audibles.<\/p>\n<p>Le caoutchouc naturel offre \u00e9galement un amortissement inh\u00e9rent pour contr\u00f4ler les mouvements transitoires r\u00e9sultant du d\u00e9marrage de la machine, de l\u2019arr\u00eat de fonctionnement et des conditions de d\u00e9faut.<\/p>\n<p>Pour les applications marines et mobiles, un tampon combin\u00e9 surcharge et rebond est disponible en variantes \u00e0 d\u00e9flexion moyenne et \u00e9lev\u00e9e.<\/p>\n","protected":false},"excerpt":{"rendered":"<p>Pour les applications industrielles, maritimes et mobiles<\/p>\n","protected":false},"featured_media":965,"comment_status":"open","ping_status":"closed","template":"","meta":{"_acf_changed":false},"product_brand":[],"product_cat":[145,149,136,157,119,144,120],"product_tag":[],"class_list":{"0":"post-4567","1":"product","2":"type-product","3":"status-publish","4":"has-post-thumbnail","6":"product_cat-accessoires-marins","7":"product_cat-pompes-compresseurs-et-refroidisseurs","8":"product_cat-production-delectricite","9":"product_cat-production-marine","10":"product_cat-solutions-industrielles","11":"product_cat-solutions-maritimes-et-offshore","12":"product_cat-ventilateurs-et-unites-de-traitement-de-lair","14":"first","15":"instock","16":"shipping-taxable","17":"purchasable","18":"product-type-simple"},"acf":[],"yoast_head":"<!-- This site is optimized with the Yoast SEO plugin v27.0 - https:\/\/yoast.com\/product\/yoast-seo-wordpress\/ -->\n<title>Supports en caoutchouc Genflex \u2013 Contr\u00f4le des vibrations marines et mobiles<\/title>\n<meta name=\"description\" content=\"Les montages Genflex utilisent des \u00e9l\u00e9ments en caoutchouc inclin\u00e9 pour une isolation des vibrations, un amortissement et une protection sup\u00e9rieurs \u00e0 basse fr\u00e9quence dans les applications industrielles et mobiles.\" \/>\n<meta name=\"robots\" content=\"index, follow, max-snippet:-1, max-image-preview:large, max-video-preview:-1\" \/>\n<link rel=\"canonical\" href=\"https:\/\/www.christiegrey.com\/fr\/produit\/genflex\/\" \/>\n<meta property=\"og:locale\" content=\"fr_FR\" \/>\n<meta property=\"og:type\" content=\"article\" \/>\n<meta property=\"og:title\" content=\"Supports en caoutchouc Genflex \u2013 Contr\u00f4le des vibrations marines et mobiles\" \/>\n<meta property=\"og:description\" content=\"Les montages Genflex utilisent des \u00e9l\u00e9ments en caoutchouc inclin\u00e9 pour une isolation des vibrations, un amortissement et une protection sup\u00e9rieurs \u00e0 basse fr\u00e9quence dans les applications industrielles et mobiles.\" \/>\n<meta property=\"og:url\" content=\"https:\/\/www.christiegrey.com\/fr\/produit\/genflex\/\" \/>\n<meta property=\"article:publisher\" content=\"https:\/\/www.facebook.com\/christieandgreylimited\" \/>\n<meta property=\"article:modified_time\" content=\"2026-01-30T21:54:55+00:00\" \/>\n<meta property=\"og:image\" content=\"https:\/\/www.christiegrey.com\/wp-content\/uploads\/2025\/12\/genflex_365_365.jpg\" \/>\n\t<meta property=\"og:image:width\" content=\"365\" \/>\n\t<meta property=\"og:image:height\" content=\"365\" \/>\n\t<meta property=\"og:image:type\" content=\"image\/jpeg\" \/>\n<meta name=\"twitter:card\" content=\"summary_large_image\" \/>\n<meta name=\"twitter:site\" content=\"@christiegreyltd\" \/>\n<meta name=\"twitter:label1\" content=\"Dur\u00e9e de lecture estim\u00e9e\" \/>\n\t<meta name=\"twitter:data1\" content=\"1 minute\" \/>\n<script type=\"application\/ld+json\" class=\"yoast-schema-graph\">{\"@context\":\"https:\/\/schema.org\",\"@graph\":[{\"@type\":\"WebPage\",\"@id\":\"https:\/\/www.christiegrey.com\/fr\/produit\/genflex\/\",\"url\":\"https:\/\/www.christiegrey.com\/fr\/produit\/genflex\/\",\"name\":\"Supports en caoutchouc Genflex \u2013 Contr\u00f4le des vibrations marines et mobiles\",\"isPartOf\":{\"@id\":\"https:\/\/www.christiegrey.com\/#website\"},\"primaryImageOfPage\":{\"@id\":\"https:\/\/www.christiegrey.com\/fr\/produit\/genflex\/#primaryimage\"},\"image\":{\"@id\":\"https:\/\/www.christiegrey.com\/fr\/produit\/genflex\/#primaryimage\"},\"thumbnailUrl\":\"https:\/\/www.christiegrey.com\/wp-content\/uploads\/2025\/12\/genflex_365_365.jpg\",\"datePublished\":\"2025-12-25T11:02:32+00:00\",\"dateModified\":\"2026-01-30T21:54:55+00:00\",\"description\":\"Les montages Genflex utilisent des \u00e9l\u00e9ments en caoutchouc inclin\u00e9 pour une isolation des vibrations, un amortissement et une protection sup\u00e9rieurs \u00e0 basse fr\u00e9quence dans les applications industrielles et mobiles.\",\"breadcrumb\":{\"@id\":\"https:\/\/www.christiegrey.com\/fr\/produit\/genflex\/#breadcrumb\"},\"inLanguage\":\"fr-FR\",\"potentialAction\":[{\"@type\":\"ReadAction\",\"target\":[\"https:\/\/www.christiegrey.com\/fr\/produit\/genflex\/\"]}]},{\"@type\":\"ImageObject\",\"inLanguage\":\"fr-FR\",\"@id\":\"https:\/\/www.christiegrey.com\/fr\/produit\/genflex\/#primaryimage\",\"url\":\"https:\/\/www.christiegrey.com\/wp-content\/uploads\/2025\/12\/genflex_365_365.jpg\",\"contentUrl\":\"https:\/\/www.christiegrey.com\/wp-content\/uploads\/2025\/12\/genflex_365_365.jpg\",\"width\":365,\"height\":365,\"caption\":\"Genflex vibration control rubber mountings\"},{\"@type\":\"BreadcrumbList\",\"@id\":\"https:\/\/www.christiegrey.com\/fr\/produit\/genflex\/#breadcrumb\",\"itemListElement\":[{\"@type\":\"ListItem\",\"position\":1,\"name\":\"Accueil\",\"item\":\"https:\/\/www.christiegrey.com\/\"},{\"@type\":\"ListItem\",\"position\":2,\"name\":\"Nos produits\",\"item\":\"https:\/\/www.christiegrey.com\/fr\/boutique\/\"},{\"@type\":\"ListItem\",\"position\":3,\"name\":\"Genflex\"}]},{\"@type\":\"WebSite\",\"@id\":\"https:\/\/www.christiegrey.com\/#website\",\"url\":\"https:\/\/www.christiegrey.com\/\",\"name\":\"Christie & Grey\",\"description\":\"\",\"publisher\":{\"@id\":\"https:\/\/www.christiegrey.com\/#organization\"},\"potentialAction\":[{\"@type\":\"SearchAction\",\"target\":{\"@type\":\"EntryPoint\",\"urlTemplate\":\"https:\/\/www.christiegrey.com\/?s={search_term_string}\"},\"query-input\":{\"@type\":\"PropertyValueSpecification\",\"valueRequired\":true,\"valueName\":\"search_term_string\"}}],\"inLanguage\":\"fr-FR\"},{\"@type\":\"Organization\",\"@id\":\"https:\/\/www.christiegrey.com\/#organization\",\"name\":\"Christie & Grey\",\"url\":\"https:\/\/www.christiegrey.com\/\",\"logo\":{\"@type\":\"ImageObject\",\"inLanguage\":\"fr-FR\",\"@id\":\"https:\/\/www.christiegrey.com\/#\/schema\/logo\/image\/\",\"url\":\"https:\/\/www.christiegrey.com\/wp-content\/uploads\/2026\/02\/cropped-logo-scaled-1.png\",\"contentUrl\":\"https:\/\/www.christiegrey.com\/wp-content\/uploads\/2026\/02\/cropped-logo-scaled-1.png\",\"width\":250,\"height\":90,\"caption\":\"Christie & Grey\"},\"image\":{\"@id\":\"https:\/\/www.christiegrey.com\/#\/schema\/logo\/image\/\"},\"sameAs\":[\"https:\/\/www.facebook.com\/christieandgreylimited\",\"https:\/\/x.com\/christiegreyltd\"]}]}<\/script>\n<!-- \/ Yoast SEO plugin. -->","yoast_head_json":{"title":"Supports en caoutchouc Genflex \u2013 Contr\u00f4le des vibrations marines et mobiles","description":"Les montages Genflex utilisent des \u00e9l\u00e9ments en caoutchouc inclin\u00e9 pour une isolation des vibrations, un amortissement et une protection sup\u00e9rieurs \u00e0 basse fr\u00e9quence dans les applications industrielles et mobiles.","robots":{"index":"index","follow":"follow","max-snippet":"max-snippet:-1","max-image-preview":"max-image-preview:large","max-video-preview":"max-video-preview:-1"},"canonical":"https:\/\/www.christiegrey.com\/fr\/produit\/genflex\/","og_locale":"fr_FR","og_type":"article","og_title":"Supports en caoutchouc Genflex \u2013 Contr\u00f4le des vibrations marines et mobiles","og_description":"Les montages Genflex utilisent des \u00e9l\u00e9ments en caoutchouc inclin\u00e9 pour une isolation des vibrations, un amortissement et une protection sup\u00e9rieurs \u00e0 basse fr\u00e9quence dans les applications industrielles et mobiles.","og_url":"https:\/\/www.christiegrey.com\/fr\/produit\/genflex\/","article_publisher":"https:\/\/www.facebook.com\/christieandgreylimited","article_modified_time":"2026-01-30T21:54:55+00:00","og_image":[{"width":365,"height":365,"url":"https:\/\/www.christiegrey.com\/wp-content\/uploads\/2025\/12\/genflex_365_365.jpg","type":"image\/jpeg"}],"twitter_card":"summary_large_image","twitter_site":"@christiegreyltd","twitter_misc":{"Dur\u00e9e de lecture estim\u00e9e":"1 minute"},"schema":{"@context":"https:\/\/schema.org","@graph":[{"@type":"WebPage","@id":"https:\/\/www.christiegrey.com\/fr\/produit\/genflex\/","url":"https:\/\/www.christiegrey.com\/fr\/produit\/genflex\/","name":"Supports en caoutchouc Genflex \u2013 Contr\u00f4le des vibrations marines et mobiles","isPartOf":{"@id":"https:\/\/www.christiegrey.com\/#website"},"primaryImageOfPage":{"@id":"https:\/\/www.christiegrey.com\/fr\/produit\/genflex\/#primaryimage"},"image":{"@id":"https:\/\/www.christiegrey.com\/fr\/produit\/genflex\/#primaryimage"},"thumbnailUrl":"https:\/\/www.christiegrey.com\/wp-content\/uploads\/2025\/12\/genflex_365_365.jpg","datePublished":"2025-12-25T11:02:32+00:00","dateModified":"2026-01-30T21:54:55+00:00","description":"Les montages Genflex utilisent des \u00e9l\u00e9ments en caoutchouc inclin\u00e9 pour une isolation des vibrations, un amortissement et une protection sup\u00e9rieurs \u00e0 basse fr\u00e9quence dans les applications industrielles et mobiles.","breadcrumb":{"@id":"https:\/\/www.christiegrey.com\/fr\/produit\/genflex\/#breadcrumb"},"inLanguage":"fr-FR","potentialAction":[{"@type":"ReadAction","target":["https:\/\/www.christiegrey.com\/fr\/produit\/genflex\/"]}]},{"@type":"ImageObject","inLanguage":"fr-FR","@id":"https:\/\/www.christiegrey.com\/fr\/produit\/genflex\/#primaryimage","url":"https:\/\/www.christiegrey.com\/wp-content\/uploads\/2025\/12\/genflex_365_365.jpg","contentUrl":"https:\/\/www.christiegrey.com\/wp-content\/uploads\/2025\/12\/genflex_365_365.jpg","width":365,"height":365,"caption":"Genflex vibration control rubber mountings"},{"@type":"BreadcrumbList","@id":"https:\/\/www.christiegrey.com\/fr\/produit\/genflex\/#breadcrumb","itemListElement":[{"@type":"ListItem","position":1,"name":"Accueil","item":"https:\/\/www.christiegrey.com\/"},{"@type":"ListItem","position":2,"name":"Nos produits","item":"https:\/\/www.christiegrey.com\/fr\/boutique\/"},{"@type":"ListItem","position":3,"name":"Genflex"}]},{"@type":"WebSite","@id":"https:\/\/www.christiegrey.com\/#website","url":"https:\/\/www.christiegrey.com\/","name":"Christie & Grey","description":"","publisher":{"@id":"https:\/\/www.christiegrey.com\/#organization"},"potentialAction":[{"@type":"SearchAction","target":{"@type":"EntryPoint","urlTemplate":"https:\/\/www.christiegrey.com\/?s={search_term_string}"},"query-input":{"@type":"PropertyValueSpecification","valueRequired":true,"valueName":"search_term_string"}}],"inLanguage":"fr-FR"},{"@type":"Organization","@id":"https:\/\/www.christiegrey.com\/#organization","name":"Christie & Grey","url":"https:\/\/www.christiegrey.com\/","logo":{"@type":"ImageObject","inLanguage":"fr-FR","@id":"https:\/\/www.christiegrey.com\/#\/schema\/logo\/image\/","url":"https:\/\/www.christiegrey.com\/wp-content\/uploads\/2026\/02\/cropped-logo-scaled-1.png","contentUrl":"https:\/\/www.christiegrey.com\/wp-content\/uploads\/2026\/02\/cropped-logo-scaled-1.png","width":250,"height":90,"caption":"Christie & Grey"},"image":{"@id":"https:\/\/www.christiegrey.com\/#\/schema\/logo\/image\/"},"sameAs":["https:\/\/www.facebook.com\/christieandgreylimited","https:\/\/x.com\/christiegreyltd"]}]}},"_links":{"self":[{"href":"https:\/\/www.christiegrey.com\/fr\/wp-json\/wp\/v2\/product\/4567","targetHints":{"allow":["GET"]}}],"collection":[{"href":"https:\/\/www.christiegrey.com\/fr\/wp-json\/wp\/v2\/product"}],"about":[{"href":"https:\/\/www.christiegrey.com\/fr\/wp-json\/wp\/v2\/types\/product"}],"replies":[{"embeddable":true,"href":"https:\/\/www.christiegrey.com\/fr\/wp-json\/wp\/v2\/comments?post=4567"}],"wp:featuredmedia":[{"embeddable":true,"href":"https:\/\/www.christiegrey.com\/fr\/wp-json\/wp\/v2\/media\/965"}],"wp:attachment":[{"href":"https:\/\/www.christiegrey.com\/fr\/wp-json\/wp\/v2\/media?parent=4567"}],"wp:term":[{"taxonomy":"product_brand","embeddable":true,"href":"https:\/\/www.christiegrey.com\/fr\/wp-json\/wp\/v2\/product_brand?post=4567"},{"taxonomy":"product_cat","embeddable":true,"href":"https:\/\/www.christiegrey.com\/fr\/wp-json\/wp\/v2\/product_cat?post=4567"},{"taxonomy":"product_tag","embeddable":true,"href":"https:\/\/www.christiegrey.com\/fr\/wp-json\/wp\/v2\/product_tag?post=4567"}],"curies":[{"name":"wp","href":"https:\/\/api.w.org\/{rel}","templated":true}]}}