{"id":4530,"date":"2025-12-25T11:09:10","date_gmt":"2025-12-25T11:09:10","guid":{"rendered":"https:\/\/www.christiegrey.com\/product\/supports-et-supports-en-caoutchouc-captifs\/"},"modified":"2025-12-25T11:09:10","modified_gmt":"2025-12-25T11:09:10","slug":"supports-et-supports-en-caoutchouc-captifs","status":"publish","type":"product","link":"https:\/\/www.christiegrey.com\/fr\/produit\/supports-et-supports-en-caoutchouc-captifs\/","title":{"rendered":"Supports et supports en caoutchouc captifs"},"content":{"rendered":"<p>Un support universel en caoutchouc captif pour supporter, suspendre, ancrer et guider les tuyaux et conduits, en particulier les syst\u00e8mes d\u2019\u00e9chappement \u00e0 bord des navires.<\/p>\n<p>Con\u00e7u sp\u00e9cifiquement pour une utilisation dans des conditions de haute temp\u00e9rature ambiante afin de contr\u00f4ler les vibrations sur toute la plage de fr\u00e9quences audibles.<\/p>\n","protected":false},"excerpt":{"rendered":"<p>Type CRM2 et CRM3<\/p>\n","protected":false},"featured_media":975,"comment_status":"open","ping_status":"closed","template":"","meta":{"_acf_changed":false},"product_brand":[],"product_cat":[145,150,119,144],"product_tag":[],"class_list":{"0":"post-4530","1":"product","2":"type-product","3":"status-publish","4":"has-post-thumbnail","6":"product_cat-accessoires-marins","7":"product_cat-echappements-marins","8":"product_cat-solutions-industrielles","9":"product_cat-solutions-maritimes-et-offshore","11":"first","12":"instock","13":"shipping-taxable","14":"purchasable","15":"product-type-simple"},"acf":[],"yoast_head":"<!-- This site is optimized with the Yoast SEO plugin v27.0 - https:\/\/yoast.com\/product\/yoast-seo-wordpress\/ -->\n<title>Supports en caoutchouc captifs CRM2 &amp; CRM3 \u2013 Christie Grey<\/title>\n<meta name=\"description\" content=\"Les supports captives en caoutchouc CRM2 et CRM3 soutiennent et isolent les tuyaux et conduits, r\u00e9duisant les vibrations dans les environnements \u00e0 haute temp\u00e9rature, id\u00e9al pour les applications maritimes.\" \/>\n<meta name=\"robots\" content=\"index, follow, max-snippet:-1, max-image-preview:large, max-video-preview:-1\" \/>\n<link rel=\"canonical\" href=\"https:\/\/www.christiegrey.com\/fr\/produit\/supports-et-supports-en-caoutchouc-captifs\/\" \/>\n<meta property=\"og:locale\" content=\"fr_FR\" \/>\n<meta property=\"og:type\" content=\"article\" \/>\n<meta property=\"og:title\" content=\"Supports en caoutchouc captifs CRM2 &amp; CRM3 \u2013 Christie Grey\" \/>\n<meta property=\"og:description\" content=\"Les supports captives en caoutchouc CRM2 et CRM3 soutiennent et isolent les tuyaux et conduits, r\u00e9duisant les vibrations dans les environnements \u00e0 haute temp\u00e9rature, id\u00e9al pour les applications maritimes.\" \/>\n<meta property=\"og:url\" content=\"https:\/\/www.christiegrey.com\/fr\/produit\/supports-et-supports-en-caoutchouc-captifs\/\" \/>\n<meta property=\"article:publisher\" content=\"https:\/\/www.facebook.com\/christieandgreylimited\" \/>\n<meta property=\"og:image\" content=\"https:\/\/www.christiegrey.com\/wp-content\/uploads\/2025\/12\/crm_group_inc_monolux.png\" \/>\n\t<meta property=\"og:image:width\" content=\"300\" \/>\n\t<meta property=\"og:image:height\" content=\"300\" \/>\n\t<meta property=\"og:image:type\" content=\"image\/png\" \/>\n<meta name=\"twitter:card\" content=\"summary_large_image\" \/>\n<meta name=\"twitter:site\" content=\"@christiegreyltd\" \/>\n<script type=\"application\/ld+json\" class=\"yoast-schema-graph\">{\"@context\":\"https:\/\/schema.org\",\"@graph\":[{\"@type\":\"WebPage\",\"@id\":\"https:\/\/www.christiegrey.com\/fr\/produit\/supports-et-supports-en-caoutchouc-captifs\/\",\"url\":\"https:\/\/www.christiegrey.com\/fr\/produit\/supports-et-supports-en-caoutchouc-captifs\/\",\"name\":\"Supports en caoutchouc captifs CRM2 & CRM3 \u2013 Christie Grey\",\"isPartOf\":{\"@id\":\"https:\/\/www.christiegrey.com\/#website\"},\"primaryImageOfPage\":{\"@id\":\"https:\/\/www.christiegrey.com\/fr\/produit\/supports-et-supports-en-caoutchouc-captifs\/#primaryimage\"},\"image\":{\"@id\":\"https:\/\/www.christiegrey.com\/fr\/produit\/supports-et-supports-en-caoutchouc-captifs\/#primaryimage\"},\"thumbnailUrl\":\"https:\/\/www.christiegrey.com\/wp-content\/uploads\/2025\/12\/crm_group_inc_monolux.png\",\"datePublished\":\"2025-12-25T11:09:10+00:00\",\"description\":\"Les supports captives en caoutchouc CRM2 et CRM3 soutiennent et isolent les tuyaux et conduits, r\u00e9duisant les vibrations dans les environnements \u00e0 haute temp\u00e9rature, id\u00e9al pour les applications maritimes.\",\"breadcrumb\":{\"@id\":\"https:\/\/www.christiegrey.com\/fr\/produit\/supports-et-supports-en-caoutchouc-captifs\/#breadcrumb\"},\"inLanguage\":\"fr-FR\",\"potentialAction\":[{\"@type\":\"ReadAction\",\"target\":[\"https:\/\/www.christiegrey.com\/fr\/produit\/supports-et-supports-en-caoutchouc-captifs\/\"]}]},{\"@type\":\"ImageObject\",\"inLanguage\":\"fr-FR\",\"@id\":\"https:\/\/www.christiegrey.com\/fr\/produit\/supports-et-supports-en-caoutchouc-captifs\/#primaryimage\",\"url\":\"https:\/\/www.christiegrey.com\/wp-content\/uploads\/2025\/12\/crm_group_inc_monolux.png\",\"contentUrl\":\"https:\/\/www.christiegrey.com\/wp-content\/uploads\/2025\/12\/crm_group_inc_monolux.png\",\"width\":300,\"height\":300,\"caption\":\"Captive rubber mountings and hangers CRM2\/CRM3\"},{\"@type\":\"BreadcrumbList\",\"@id\":\"https:\/\/www.christiegrey.com\/fr\/produit\/supports-et-supports-en-caoutchouc-captifs\/#breadcrumb\",\"itemListElement\":[{\"@type\":\"ListItem\",\"position\":1,\"name\":\"Accueil\",\"item\":\"https:\/\/www.christiegrey.com\/\"},{\"@type\":\"ListItem\",\"position\":2,\"name\":\"Nos produits\",\"item\":\"https:\/\/www.christiegrey.com\/fr\/boutique\/\"},{\"@type\":\"ListItem\",\"position\":3,\"name\":\"Supports et supports en caoutchouc captifs\"}]},{\"@type\":\"WebSite\",\"@id\":\"https:\/\/www.christiegrey.com\/#website\",\"url\":\"https:\/\/www.christiegrey.com\/\",\"name\":\"Christie & Grey\",\"description\":\"\",\"publisher\":{\"@id\":\"https:\/\/www.christiegrey.com\/#organization\"},\"potentialAction\":[{\"@type\":\"SearchAction\",\"target\":{\"@type\":\"EntryPoint\",\"urlTemplate\":\"https:\/\/www.christiegrey.com\/?s={search_term_string}\"},\"query-input\":{\"@type\":\"PropertyValueSpecification\",\"valueRequired\":true,\"valueName\":\"search_term_string\"}}],\"inLanguage\":\"fr-FR\"},{\"@type\":\"Organization\",\"@id\":\"https:\/\/www.christiegrey.com\/#organization\",\"name\":\"Christie & Grey\",\"url\":\"https:\/\/www.christiegrey.com\/\",\"logo\":{\"@type\":\"ImageObject\",\"inLanguage\":\"fr-FR\",\"@id\":\"https:\/\/www.christiegrey.com\/#\/schema\/logo\/image\/\",\"url\":\"https:\/\/www.christiegrey.com\/wp-content\/uploads\/2026\/02\/cropped-logo-scaled-1.png\",\"contentUrl\":\"https:\/\/www.christiegrey.com\/wp-content\/uploads\/2026\/02\/cropped-logo-scaled-1.png\",\"width\":250,\"height\":90,\"caption\":\"Christie & Grey\"},\"image\":{\"@id\":\"https:\/\/www.christiegrey.com\/#\/schema\/logo\/image\/\"},\"sameAs\":[\"https:\/\/www.facebook.com\/christieandgreylimited\",\"https:\/\/x.com\/christiegreyltd\"]}]}<\/script>\n<!-- \/ Yoast SEO plugin. -->","yoast_head_json":{"title":"Supports en caoutchouc captifs CRM2 & CRM3 \u2013 Christie Grey","description":"Les supports captives en caoutchouc CRM2 et CRM3 soutiennent et isolent les tuyaux et conduits, r\u00e9duisant les vibrations dans les environnements \u00e0 haute temp\u00e9rature, id\u00e9al pour les applications maritimes.","robots":{"index":"index","follow":"follow","max-snippet":"max-snippet:-1","max-image-preview":"max-image-preview:large","max-video-preview":"max-video-preview:-1"},"canonical":"https:\/\/www.christiegrey.com\/fr\/produit\/supports-et-supports-en-caoutchouc-captifs\/","og_locale":"fr_FR","og_type":"article","og_title":"Supports en caoutchouc captifs CRM2 & CRM3 \u2013 Christie Grey","og_description":"Les supports captives en caoutchouc CRM2 et CRM3 soutiennent et isolent les tuyaux et conduits, r\u00e9duisant les vibrations dans les environnements \u00e0 haute temp\u00e9rature, id\u00e9al pour les applications maritimes.","og_url":"https:\/\/www.christiegrey.com\/fr\/produit\/supports-et-supports-en-caoutchouc-captifs\/","article_publisher":"https:\/\/www.facebook.com\/christieandgreylimited","og_image":[{"width":300,"height":300,"url":"https:\/\/www.christiegrey.com\/wp-content\/uploads\/2025\/12\/crm_group_inc_monolux.png","type":"image\/png"}],"twitter_card":"summary_large_image","twitter_site":"@christiegreyltd","schema":{"@context":"https:\/\/schema.org","@graph":[{"@type":"WebPage","@id":"https:\/\/www.christiegrey.com\/fr\/produit\/supports-et-supports-en-caoutchouc-captifs\/","url":"https:\/\/www.christiegrey.com\/fr\/produit\/supports-et-supports-en-caoutchouc-captifs\/","name":"Supports en caoutchouc captifs CRM2 & CRM3 \u2013 Christie Grey","isPartOf":{"@id":"https:\/\/www.christiegrey.com\/#website"},"primaryImageOfPage":{"@id":"https:\/\/www.christiegrey.com\/fr\/produit\/supports-et-supports-en-caoutchouc-captifs\/#primaryimage"},"image":{"@id":"https:\/\/www.christiegrey.com\/fr\/produit\/supports-et-supports-en-caoutchouc-captifs\/#primaryimage"},"thumbnailUrl":"https:\/\/www.christiegrey.com\/wp-content\/uploads\/2025\/12\/crm_group_inc_monolux.png","datePublished":"2025-12-25T11:09:10+00:00","description":"Les supports captives en caoutchouc CRM2 et CRM3 soutiennent et isolent les tuyaux et conduits, r\u00e9duisant les vibrations dans les environnements \u00e0 haute temp\u00e9rature, id\u00e9al pour les applications maritimes.","breadcrumb":{"@id":"https:\/\/www.christiegrey.com\/fr\/produit\/supports-et-supports-en-caoutchouc-captifs\/#breadcrumb"},"inLanguage":"fr-FR","potentialAction":[{"@type":"ReadAction","target":["https:\/\/www.christiegrey.com\/fr\/produit\/supports-et-supports-en-caoutchouc-captifs\/"]}]},{"@type":"ImageObject","inLanguage":"fr-FR","@id":"https:\/\/www.christiegrey.com\/fr\/produit\/supports-et-supports-en-caoutchouc-captifs\/#primaryimage","url":"https:\/\/www.christiegrey.com\/wp-content\/uploads\/2025\/12\/crm_group_inc_monolux.png","contentUrl":"https:\/\/www.christiegrey.com\/wp-content\/uploads\/2025\/12\/crm_group_inc_monolux.png","width":300,"height":300,"caption":"Captive rubber mountings and hangers CRM2\/CRM3"},{"@type":"BreadcrumbList","@id":"https:\/\/www.christiegrey.com\/fr\/produit\/supports-et-supports-en-caoutchouc-captifs\/#breadcrumb","itemListElement":[{"@type":"ListItem","position":1,"name":"Accueil","item":"https:\/\/www.christiegrey.com\/"},{"@type":"ListItem","position":2,"name":"Nos produits","item":"https:\/\/www.christiegrey.com\/fr\/boutique\/"},{"@type":"ListItem","position":3,"name":"Supports et supports en caoutchouc captifs"}]},{"@type":"WebSite","@id":"https:\/\/www.christiegrey.com\/#website","url":"https:\/\/www.christiegrey.com\/","name":"Christie & Grey","description":"","publisher":{"@id":"https:\/\/www.christiegrey.com\/#organization"},"potentialAction":[{"@type":"SearchAction","target":{"@type":"EntryPoint","urlTemplate":"https:\/\/www.christiegrey.com\/?s={search_term_string}"},"query-input":{"@type":"PropertyValueSpecification","valueRequired":true,"valueName":"search_term_string"}}],"inLanguage":"fr-FR"},{"@type":"Organization","@id":"https:\/\/www.christiegrey.com\/#organization","name":"Christie & Grey","url":"https:\/\/www.christiegrey.com\/","logo":{"@type":"ImageObject","inLanguage":"fr-FR","@id":"https:\/\/www.christiegrey.com\/#\/schema\/logo\/image\/","url":"https:\/\/www.christiegrey.com\/wp-content\/uploads\/2026\/02\/cropped-logo-scaled-1.png","contentUrl":"https:\/\/www.christiegrey.com\/wp-content\/uploads\/2026\/02\/cropped-logo-scaled-1.png","width":250,"height":90,"caption":"Christie & Grey"},"image":{"@id":"https:\/\/www.christiegrey.com\/#\/schema\/logo\/image\/"},"sameAs":["https:\/\/www.facebook.com\/christieandgreylimited","https:\/\/x.com\/christiegreyltd"]}]}},"_links":{"self":[{"href":"https:\/\/www.christiegrey.com\/fr\/wp-json\/wp\/v2\/product\/4530","targetHints":{"allow":["GET"]}}],"collection":[{"href":"https:\/\/www.christiegrey.com\/fr\/wp-json\/wp\/v2\/product"}],"about":[{"href":"https:\/\/www.christiegrey.com\/fr\/wp-json\/wp\/v2\/types\/product"}],"replies":[{"embeddable":true,"href":"https:\/\/www.christiegrey.com\/fr\/wp-json\/wp\/v2\/comments?post=4530"}],"wp:featuredmedia":[{"embeddable":true,"href":"https:\/\/www.christiegrey.com\/fr\/wp-json\/wp\/v2\/media\/975"}],"wp:attachment":[{"href":"https:\/\/www.christiegrey.com\/fr\/wp-json\/wp\/v2\/media?parent=4530"}],"wp:term":[{"taxonomy":"product_brand","embeddable":true,"href":"https:\/\/www.christiegrey.com\/fr\/wp-json\/wp\/v2\/product_brand?post=4530"},{"taxonomy":"product_cat","embeddable":true,"href":"https:\/\/www.christiegrey.com\/fr\/wp-json\/wp\/v2\/product_cat?post=4530"},{"taxonomy":"product_tag","embeddable":true,"href":"https:\/\/www.christiegrey.com\/fr\/wp-json\/wp\/v2\/product_tag?post=4530"}],"curies":[{"name":"wp","href":"https:\/\/api.w.org\/{rel}","templated":true}]}}