{"id":4521,"date":"2025-12-25T11:26:44","date_gmt":"2025-12-25T11:26:44","guid":{"rendered":"https:\/\/www.christiegrey.com\/product\/montures-sandwich-rectangulaires\/"},"modified":"2025-12-25T11:26:44","modified_gmt":"2025-12-25T11:26:44","slug":"montures-sandwich-rectangulaires","status":"publish","type":"product","link":"https:\/\/www.christiegrey.com\/fr\/produit\/montures-sandwich-rectangulaires\/","title":{"rendered":"Montures sandwich rectangulaires"},"content":{"rendered":"<p>Les montages rectangulaires, \u00e9galement appel\u00e9s supports sandwich, sont largement utilis\u00e9s pour monter des moteurs dans les v\u00e9hicules routiers et les usines mobiles de construction. En grandes tailles, elles sont utilis\u00e9es comme ressorts de suspension pour v\u00e9hicules et comme supports pour chambres acoustiques, tr\u00e9mies et divers types d\u2019installations lourdes. <\/p>\n<p>Le caoutchouc des supports est reli\u00e9 entre deux plaques m\u00e9talliques avec des trous \u00e0 chaque extr\u00e9mit\u00e9 pour l\u2019ajustement. Certains mod\u00e8les int\u00e8grent des entrelaces en acier pour augmenter la capacit\u00e9 de charge. Les montages sont mieux utilis\u00e9s en cisaillement et compression, mais peuvent \u00eatre charg\u00e9s directement en cisaillement ou en compression.  <\/p>\n","protected":false},"excerpt":{"rendered":"<p>Pour les applications industrielles, marines et mobiles<\/p>\n","protected":false},"featured_media":992,"comment_status":"open","ping_status":"closed","template":"","meta":{"_acf_changed":false},"product_brand":[],"product_cat":[145,151,119,144],"product_tag":[],"class_list":{"0":"post-4521","1":"product","2":"type-product","3":"status-publish","4":"has-post-thumbnail","6":"product_cat-accessoires-marins","7":"product_cat-autres-equipements-industriels","8":"product_cat-solutions-industrielles","9":"product_cat-solutions-maritimes-et-offshore","11":"first","12":"instock","13":"shipping-taxable","14":"purchasable","15":"product-type-simple"},"acf":[],"yoast_head":"<!-- This site is optimized with the Yoast SEO plugin v27.0 - https:\/\/yoast.com\/product\/yoast-seo-wordpress\/ -->\n<title>Montures sandwich rectangulaires \u2013 Isolation des vibrations mobiles<\/title>\n<meta name=\"description\" content=\"Les supports sandwich rectangulaires isolent-ils les vibrations dans les moteurs, les installations lourdes et les chambres acoustiques, avec des plaques en caoutchouc et m\u00e9tal coll\u00e9es pour un usage industriel et maritime.\" \/>\n<meta name=\"robots\" content=\"index, follow, max-snippet:-1, max-image-preview:large, max-video-preview:-1\" \/>\n<link rel=\"canonical\" href=\"https:\/\/www.christiegrey.com\/fr\/produit\/montures-sandwich-rectangulaires\/\" \/>\n<meta property=\"og:locale\" content=\"fr_FR\" \/>\n<meta property=\"og:type\" content=\"article\" \/>\n<meta property=\"og:title\" content=\"Montures sandwich rectangulaires \u2013 Isolation des vibrations mobiles\" \/>\n<meta property=\"og:description\" content=\"Les supports sandwich rectangulaires isolent-ils les vibrations dans les moteurs, les installations lourdes et les chambres acoustiques, avec des plaques en caoutchouc et m\u00e9tal coll\u00e9es pour un usage industriel et maritime.\" \/>\n<meta property=\"og:url\" content=\"https:\/\/www.christiegrey.com\/fr\/produit\/montures-sandwich-rectangulaires\/\" \/>\n<meta property=\"article:publisher\" content=\"https:\/\/www.facebook.com\/christieandgreylimited\" \/>\n<meta property=\"og:image\" content=\"https:\/\/www.christiegrey.com\/wp-content\/uploads\/2025\/12\/rectangular_sandwich.png\" \/>\n\t<meta property=\"og:image:width\" content=\"300\" \/>\n\t<meta property=\"og:image:height\" content=\"300\" \/>\n\t<meta property=\"og:image:type\" content=\"image\/png\" \/>\n<meta name=\"twitter:card\" content=\"summary_large_image\" \/>\n<meta name=\"twitter:site\" content=\"@christiegreyltd\" \/>\n<meta name=\"twitter:label1\" content=\"Dur\u00e9e de lecture estim\u00e9e\" \/>\n\t<meta name=\"twitter:data1\" content=\"1 minute\" \/>\n<script type=\"application\/ld+json\" class=\"yoast-schema-graph\">{\"@context\":\"https:\/\/schema.org\",\"@graph\":[{\"@type\":\"WebPage\",\"@id\":\"https:\/\/www.christiegrey.com\/fr\/produit\/montures-sandwich-rectangulaires\/\",\"url\":\"https:\/\/www.christiegrey.com\/fr\/produit\/montures-sandwich-rectangulaires\/\",\"name\":\"Montures sandwich rectangulaires \u2013 Isolation des vibrations mobiles\",\"isPartOf\":{\"@id\":\"https:\/\/www.christiegrey.com\/#website\"},\"primaryImageOfPage\":{\"@id\":\"https:\/\/www.christiegrey.com\/fr\/produit\/montures-sandwich-rectangulaires\/#primaryimage\"},\"image\":{\"@id\":\"https:\/\/www.christiegrey.com\/fr\/produit\/montures-sandwich-rectangulaires\/#primaryimage\"},\"thumbnailUrl\":\"https:\/\/www.christiegrey.com\/wp-content\/uploads\/2025\/12\/rectangular_sandwich.png\",\"datePublished\":\"2025-12-25T11:26:44+00:00\",\"description\":\"Les supports sandwich rectangulaires isolent-ils les vibrations dans les moteurs, les installations lourdes et les chambres acoustiques, avec des plaques en caoutchouc et m\u00e9tal coll\u00e9es pour un usage industriel et maritime.\",\"breadcrumb\":{\"@id\":\"https:\/\/www.christiegrey.com\/fr\/produit\/montures-sandwich-rectangulaires\/#breadcrumb\"},\"inLanguage\":\"fr-FR\",\"potentialAction\":[{\"@type\":\"ReadAction\",\"target\":[\"https:\/\/www.christiegrey.com\/fr\/produit\/montures-sandwich-rectangulaires\/\"]}]},{\"@type\":\"ImageObject\",\"inLanguage\":\"fr-FR\",\"@id\":\"https:\/\/www.christiegrey.com\/fr\/produit\/montures-sandwich-rectangulaires\/#primaryimage\",\"url\":\"https:\/\/www.christiegrey.com\/wp-content\/uploads\/2025\/12\/rectangular_sandwich.png\",\"contentUrl\":\"https:\/\/www.christiegrey.com\/wp-content\/uploads\/2025\/12\/rectangular_sandwich.png\",\"width\":300,\"height\":300,\"caption\":\"rectangular-sandwich-mounts\"},{\"@type\":\"BreadcrumbList\",\"@id\":\"https:\/\/www.christiegrey.com\/fr\/produit\/montures-sandwich-rectangulaires\/#breadcrumb\",\"itemListElement\":[{\"@type\":\"ListItem\",\"position\":1,\"name\":\"Accueil\",\"item\":\"https:\/\/www.christiegrey.com\/\"},{\"@type\":\"ListItem\",\"position\":2,\"name\":\"Nos produits\",\"item\":\"https:\/\/www.christiegrey.com\/fr\/boutique\/\"},{\"@type\":\"ListItem\",\"position\":3,\"name\":\"Montures sandwich rectangulaires\"}]},{\"@type\":\"WebSite\",\"@id\":\"https:\/\/www.christiegrey.com\/#website\",\"url\":\"https:\/\/www.christiegrey.com\/\",\"name\":\"Christie & Grey\",\"description\":\"\",\"publisher\":{\"@id\":\"https:\/\/www.christiegrey.com\/#organization\"},\"potentialAction\":[{\"@type\":\"SearchAction\",\"target\":{\"@type\":\"EntryPoint\",\"urlTemplate\":\"https:\/\/www.christiegrey.com\/?s={search_term_string}\"},\"query-input\":{\"@type\":\"PropertyValueSpecification\",\"valueRequired\":true,\"valueName\":\"search_term_string\"}}],\"inLanguage\":\"fr-FR\"},{\"@type\":\"Organization\",\"@id\":\"https:\/\/www.christiegrey.com\/#organization\",\"name\":\"Christie & Grey\",\"url\":\"https:\/\/www.christiegrey.com\/\",\"logo\":{\"@type\":\"ImageObject\",\"inLanguage\":\"fr-FR\",\"@id\":\"https:\/\/www.christiegrey.com\/#\/schema\/logo\/image\/\",\"url\":\"https:\/\/www.christiegrey.com\/wp-content\/uploads\/2026\/02\/cropped-logo-scaled-1.png\",\"contentUrl\":\"https:\/\/www.christiegrey.com\/wp-content\/uploads\/2026\/02\/cropped-logo-scaled-1.png\",\"width\":250,\"height\":90,\"caption\":\"Christie & Grey\"},\"image\":{\"@id\":\"https:\/\/www.christiegrey.com\/#\/schema\/logo\/image\/\"},\"sameAs\":[\"https:\/\/www.facebook.com\/christieandgreylimited\",\"https:\/\/x.com\/christiegreyltd\"]}]}<\/script>\n<!-- \/ Yoast SEO plugin. -->","yoast_head_json":{"title":"Montures sandwich rectangulaires \u2013 Isolation des vibrations mobiles","description":"Les supports sandwich rectangulaires isolent-ils les vibrations dans les moteurs, les installations lourdes et les chambres acoustiques, avec des plaques en caoutchouc et m\u00e9tal coll\u00e9es pour un usage industriel et maritime.","robots":{"index":"index","follow":"follow","max-snippet":"max-snippet:-1","max-image-preview":"max-image-preview:large","max-video-preview":"max-video-preview:-1"},"canonical":"https:\/\/www.christiegrey.com\/fr\/produit\/montures-sandwich-rectangulaires\/","og_locale":"fr_FR","og_type":"article","og_title":"Montures sandwich rectangulaires \u2013 Isolation des vibrations mobiles","og_description":"Les supports sandwich rectangulaires isolent-ils les vibrations dans les moteurs, les installations lourdes et les chambres acoustiques, avec des plaques en caoutchouc et m\u00e9tal coll\u00e9es pour un usage industriel et maritime.","og_url":"https:\/\/www.christiegrey.com\/fr\/produit\/montures-sandwich-rectangulaires\/","article_publisher":"https:\/\/www.facebook.com\/christieandgreylimited","og_image":[{"width":300,"height":300,"url":"https:\/\/www.christiegrey.com\/wp-content\/uploads\/2025\/12\/rectangular_sandwich.png","type":"image\/png"}],"twitter_card":"summary_large_image","twitter_site":"@christiegreyltd","twitter_misc":{"Dur\u00e9e de lecture estim\u00e9e":"1 minute"},"schema":{"@context":"https:\/\/schema.org","@graph":[{"@type":"WebPage","@id":"https:\/\/www.christiegrey.com\/fr\/produit\/montures-sandwich-rectangulaires\/","url":"https:\/\/www.christiegrey.com\/fr\/produit\/montures-sandwich-rectangulaires\/","name":"Montures sandwich rectangulaires \u2013 Isolation des vibrations mobiles","isPartOf":{"@id":"https:\/\/www.christiegrey.com\/#website"},"primaryImageOfPage":{"@id":"https:\/\/www.christiegrey.com\/fr\/produit\/montures-sandwich-rectangulaires\/#primaryimage"},"image":{"@id":"https:\/\/www.christiegrey.com\/fr\/produit\/montures-sandwich-rectangulaires\/#primaryimage"},"thumbnailUrl":"https:\/\/www.christiegrey.com\/wp-content\/uploads\/2025\/12\/rectangular_sandwich.png","datePublished":"2025-12-25T11:26:44+00:00","description":"Les supports sandwich rectangulaires isolent-ils les vibrations dans les moteurs, les installations lourdes et les chambres acoustiques, avec des plaques en caoutchouc et m\u00e9tal coll\u00e9es pour un usage industriel et maritime.","breadcrumb":{"@id":"https:\/\/www.christiegrey.com\/fr\/produit\/montures-sandwich-rectangulaires\/#breadcrumb"},"inLanguage":"fr-FR","potentialAction":[{"@type":"ReadAction","target":["https:\/\/www.christiegrey.com\/fr\/produit\/montures-sandwich-rectangulaires\/"]}]},{"@type":"ImageObject","inLanguage":"fr-FR","@id":"https:\/\/www.christiegrey.com\/fr\/produit\/montures-sandwich-rectangulaires\/#primaryimage","url":"https:\/\/www.christiegrey.com\/wp-content\/uploads\/2025\/12\/rectangular_sandwich.png","contentUrl":"https:\/\/www.christiegrey.com\/wp-content\/uploads\/2025\/12\/rectangular_sandwich.png","width":300,"height":300,"caption":"rectangular-sandwich-mounts"},{"@type":"BreadcrumbList","@id":"https:\/\/www.christiegrey.com\/fr\/produit\/montures-sandwich-rectangulaires\/#breadcrumb","itemListElement":[{"@type":"ListItem","position":1,"name":"Accueil","item":"https:\/\/www.christiegrey.com\/"},{"@type":"ListItem","position":2,"name":"Nos produits","item":"https:\/\/www.christiegrey.com\/fr\/boutique\/"},{"@type":"ListItem","position":3,"name":"Montures sandwich rectangulaires"}]},{"@type":"WebSite","@id":"https:\/\/www.christiegrey.com\/#website","url":"https:\/\/www.christiegrey.com\/","name":"Christie & Grey","description":"","publisher":{"@id":"https:\/\/www.christiegrey.com\/#organization"},"potentialAction":[{"@type":"SearchAction","target":{"@type":"EntryPoint","urlTemplate":"https:\/\/www.christiegrey.com\/?s={search_term_string}"},"query-input":{"@type":"PropertyValueSpecification","valueRequired":true,"valueName":"search_term_string"}}],"inLanguage":"fr-FR"},{"@type":"Organization","@id":"https:\/\/www.christiegrey.com\/#organization","name":"Christie & Grey","url":"https:\/\/www.christiegrey.com\/","logo":{"@type":"ImageObject","inLanguage":"fr-FR","@id":"https:\/\/www.christiegrey.com\/#\/schema\/logo\/image\/","url":"https:\/\/www.christiegrey.com\/wp-content\/uploads\/2026\/02\/cropped-logo-scaled-1.png","contentUrl":"https:\/\/www.christiegrey.com\/wp-content\/uploads\/2026\/02\/cropped-logo-scaled-1.png","width":250,"height":90,"caption":"Christie & Grey"},"image":{"@id":"https:\/\/www.christiegrey.com\/#\/schema\/logo\/image\/"},"sameAs":["https:\/\/www.facebook.com\/christieandgreylimited","https:\/\/x.com\/christiegreyltd"]}]}},"_links":{"self":[{"href":"https:\/\/www.christiegrey.com\/fr\/wp-json\/wp\/v2\/product\/4521","targetHints":{"allow":["GET"]}}],"collection":[{"href":"https:\/\/www.christiegrey.com\/fr\/wp-json\/wp\/v2\/product"}],"about":[{"href":"https:\/\/www.christiegrey.com\/fr\/wp-json\/wp\/v2\/types\/product"}],"replies":[{"embeddable":true,"href":"https:\/\/www.christiegrey.com\/fr\/wp-json\/wp\/v2\/comments?post=4521"}],"wp:featuredmedia":[{"embeddable":true,"href":"https:\/\/www.christiegrey.com\/fr\/wp-json\/wp\/v2\/media\/992"}],"wp:attachment":[{"href":"https:\/\/www.christiegrey.com\/fr\/wp-json\/wp\/v2\/media?parent=4521"}],"wp:term":[{"taxonomy":"product_brand","embeddable":true,"href":"https:\/\/www.christiegrey.com\/fr\/wp-json\/wp\/v2\/product_brand?post=4521"},{"taxonomy":"product_cat","embeddable":true,"href":"https:\/\/www.christiegrey.com\/fr\/wp-json\/wp\/v2\/product_cat?post=4521"},{"taxonomy":"product_tag","embeddable":true,"href":"https:\/\/www.christiegrey.com\/fr\/wp-json\/wp\/v2\/product_tag?post=4521"}],"curies":[{"name":"wp","href":"https:\/\/api.w.org\/{rel}","templated":true}]}}