{"id":4520,"date":"2025-12-25T11:12:39","date_gmt":"2025-12-25T11:12:39","guid":{"rendered":"https:\/\/www.christiegrey.com\/product\/cintre-en-caoutchouc-marin\/"},"modified":"2025-12-25T11:12:39","modified_gmt":"2025-12-25T11:12:39","slug":"cintre-en-caoutchouc-marin","status":"publish","type":"product","link":"https:\/\/www.christiegrey.com\/fr\/produit\/cintre-en-caoutchouc-marin\/","title":{"rendered":"Cintre en caoutchouc marin"},"content":{"rendered":"<p>Une gamme compl\u00e8te de supports en caoutchouc offrant des performances optimales \u00e0 des fr\u00e9quences audibles \u00e9lev\u00e9es lorsque le contr\u00f4le du bruit est primordial.<\/p>\n<p>De larges plages de charges et des besoins de fixation sont pris en compte.<\/p>\n","protected":false},"excerpt":{"rendered":"<p>Type MRH<\/p>\n","protected":false},"featured_media":979,"comment_status":"open","ping_status":"closed","template":"","meta":{"_acf_changed":false},"product_brand":[],"product_cat":[145,150,144],"product_tag":[],"class_list":{"0":"post-4520","1":"product","2":"type-product","3":"status-publish","4":"has-post-thumbnail","6":"product_cat-accessoires-marins","7":"product_cat-echappements-marins","8":"product_cat-solutions-maritimes-et-offshore","10":"first","11":"instock","12":"shipping-taxable","13":"purchasable","14":"product-type-simple"},"acf":[],"yoast_head":"<!-- This site is optimized with the Yoast SEO plugin v27.0 - https:\/\/yoast.com\/product\/yoast-seo-wordpress\/ -->\n<title>Cintres en caoutchouc marin MRH \u2013 Contr\u00f4le du bruit haute fr\u00e9quence<\/title>\n<meta name=\"description\" content=\"Les cintres en caoutchouc marin MRH r\u00e9duisent le bruit et les vibrations \u00e0 haute fr\u00e9quence, supportant de larges plages de charges gr\u00e2ce \u00e0 des options de fixation flexibles pour les applications maritimes.\" \/>\n<meta name=\"robots\" content=\"index, follow, max-snippet:-1, max-image-preview:large, max-video-preview:-1\" \/>\n<link rel=\"canonical\" href=\"https:\/\/www.christiegrey.com\/fr\/produit\/cintre-en-caoutchouc-marin\/\" \/>\n<meta property=\"og:locale\" content=\"fr_FR\" \/>\n<meta property=\"og:type\" content=\"article\" \/>\n<meta property=\"og:title\" content=\"Cintres en caoutchouc marin MRH \u2013 Contr\u00f4le du bruit haute fr\u00e9quence\" \/>\n<meta property=\"og:description\" content=\"Les cintres en caoutchouc marin MRH r\u00e9duisent le bruit et les vibrations \u00e0 haute fr\u00e9quence, supportant de larges plages de charges gr\u00e2ce \u00e0 des options de fixation flexibles pour les applications maritimes.\" \/>\n<meta property=\"og:url\" content=\"https:\/\/www.christiegrey.com\/fr\/produit\/cintre-en-caoutchouc-marin\/\" \/>\n<meta property=\"article:publisher\" content=\"https:\/\/www.facebook.com\/christieandgreylimited\" \/>\n<meta property=\"og:image\" content=\"https:\/\/www.christiegrey.com\/wp-content\/uploads\/2025\/12\/marine_rh_365_365.jpg\" \/>\n\t<meta property=\"og:image:width\" content=\"365\" \/>\n\t<meta property=\"og:image:height\" content=\"365\" \/>\n\t<meta property=\"og:image:type\" content=\"image\/jpeg\" \/>\n<meta name=\"twitter:card\" content=\"summary_large_image\" \/>\n<meta name=\"twitter:site\" content=\"@christiegreyltd\" \/>\n<script type=\"application\/ld+json\" class=\"yoast-schema-graph\">{\"@context\":\"https:\/\/schema.org\",\"@graph\":[{\"@type\":\"WebPage\",\"@id\":\"https:\/\/www.christiegrey.com\/fr\/produit\/cintre-en-caoutchouc-marin\/\",\"url\":\"https:\/\/www.christiegrey.com\/fr\/produit\/cintre-en-caoutchouc-marin\/\",\"name\":\"Cintres en caoutchouc marin MRH \u2013 Contr\u00f4le du bruit haute fr\u00e9quence\",\"isPartOf\":{\"@id\":\"https:\/\/www.christiegrey.com\/#website\"},\"primaryImageOfPage\":{\"@id\":\"https:\/\/www.christiegrey.com\/fr\/produit\/cintre-en-caoutchouc-marin\/#primaryimage\"},\"image\":{\"@id\":\"https:\/\/www.christiegrey.com\/fr\/produit\/cintre-en-caoutchouc-marin\/#primaryimage\"},\"thumbnailUrl\":\"https:\/\/www.christiegrey.com\/wp-content\/uploads\/2025\/12\/marine_rh_365_365.jpg\",\"datePublished\":\"2025-12-25T11:12:39+00:00\",\"description\":\"Les cintres en caoutchouc marin MRH r\u00e9duisent le bruit et les vibrations \u00e0 haute fr\u00e9quence, supportant de larges plages de charges gr\u00e2ce \u00e0 des options de fixation flexibles pour les applications maritimes.\",\"breadcrumb\":{\"@id\":\"https:\/\/www.christiegrey.com\/fr\/produit\/cintre-en-caoutchouc-marin\/#breadcrumb\"},\"inLanguage\":\"fr-FR\",\"potentialAction\":[{\"@type\":\"ReadAction\",\"target\":[\"https:\/\/www.christiegrey.com\/fr\/produit\/cintre-en-caoutchouc-marin\/\"]}]},{\"@type\":\"ImageObject\",\"inLanguage\":\"fr-FR\",\"@id\":\"https:\/\/www.christiegrey.com\/fr\/produit\/cintre-en-caoutchouc-marin\/#primaryimage\",\"url\":\"https:\/\/www.christiegrey.com\/wp-content\/uploads\/2025\/12\/marine_rh_365_365.jpg\",\"contentUrl\":\"https:\/\/www.christiegrey.com\/wp-content\/uploads\/2025\/12\/marine_rh_365_365.jpg\",\"width\":365,\"height\":365,\"caption\":\"Marine Rubber Hanger\"},{\"@type\":\"BreadcrumbList\",\"@id\":\"https:\/\/www.christiegrey.com\/fr\/produit\/cintre-en-caoutchouc-marin\/#breadcrumb\",\"itemListElement\":[{\"@type\":\"ListItem\",\"position\":1,\"name\":\"Accueil\",\"item\":\"https:\/\/www.christiegrey.com\/\"},{\"@type\":\"ListItem\",\"position\":2,\"name\":\"Nos produits\",\"item\":\"https:\/\/www.christiegrey.com\/fr\/boutique\/\"},{\"@type\":\"ListItem\",\"position\":3,\"name\":\"Cintre en caoutchouc marin\"}]},{\"@type\":\"WebSite\",\"@id\":\"https:\/\/www.christiegrey.com\/#website\",\"url\":\"https:\/\/www.christiegrey.com\/\",\"name\":\"Christie & Grey\",\"description\":\"\",\"publisher\":{\"@id\":\"https:\/\/www.christiegrey.com\/#organization\"},\"potentialAction\":[{\"@type\":\"SearchAction\",\"target\":{\"@type\":\"EntryPoint\",\"urlTemplate\":\"https:\/\/www.christiegrey.com\/?s={search_term_string}\"},\"query-input\":{\"@type\":\"PropertyValueSpecification\",\"valueRequired\":true,\"valueName\":\"search_term_string\"}}],\"inLanguage\":\"fr-FR\"},{\"@type\":\"Organization\",\"@id\":\"https:\/\/www.christiegrey.com\/#organization\",\"name\":\"Christie & Grey\",\"url\":\"https:\/\/www.christiegrey.com\/\",\"logo\":{\"@type\":\"ImageObject\",\"inLanguage\":\"fr-FR\",\"@id\":\"https:\/\/www.christiegrey.com\/#\/schema\/logo\/image\/\",\"url\":\"https:\/\/www.christiegrey.com\/wp-content\/uploads\/2026\/02\/cropped-logo-scaled-1.png\",\"contentUrl\":\"https:\/\/www.christiegrey.com\/wp-content\/uploads\/2026\/02\/cropped-logo-scaled-1.png\",\"width\":250,\"height\":90,\"caption\":\"Christie & Grey\"},\"image\":{\"@id\":\"https:\/\/www.christiegrey.com\/#\/schema\/logo\/image\/\"},\"sameAs\":[\"https:\/\/www.facebook.com\/christieandgreylimited\",\"https:\/\/x.com\/christiegreyltd\"]}]}<\/script>\n<!-- \/ Yoast SEO plugin. -->","yoast_head_json":{"title":"Cintres en caoutchouc marin MRH \u2013 Contr\u00f4le du bruit haute fr\u00e9quence","description":"Les cintres en caoutchouc marin MRH r\u00e9duisent le bruit et les vibrations \u00e0 haute fr\u00e9quence, supportant de larges plages de charges gr\u00e2ce \u00e0 des options de fixation flexibles pour les applications maritimes.","robots":{"index":"index","follow":"follow","max-snippet":"max-snippet:-1","max-image-preview":"max-image-preview:large","max-video-preview":"max-video-preview:-1"},"canonical":"https:\/\/www.christiegrey.com\/fr\/produit\/cintre-en-caoutchouc-marin\/","og_locale":"fr_FR","og_type":"article","og_title":"Cintres en caoutchouc marin MRH \u2013 Contr\u00f4le du bruit haute fr\u00e9quence","og_description":"Les cintres en caoutchouc marin MRH r\u00e9duisent le bruit et les vibrations \u00e0 haute fr\u00e9quence, supportant de larges plages de charges gr\u00e2ce \u00e0 des options de fixation flexibles pour les applications maritimes.","og_url":"https:\/\/www.christiegrey.com\/fr\/produit\/cintre-en-caoutchouc-marin\/","article_publisher":"https:\/\/www.facebook.com\/christieandgreylimited","og_image":[{"width":365,"height":365,"url":"https:\/\/www.christiegrey.com\/wp-content\/uploads\/2025\/12\/marine_rh_365_365.jpg","type":"image\/jpeg"}],"twitter_card":"summary_large_image","twitter_site":"@christiegreyltd","schema":{"@context":"https:\/\/schema.org","@graph":[{"@type":"WebPage","@id":"https:\/\/www.christiegrey.com\/fr\/produit\/cintre-en-caoutchouc-marin\/","url":"https:\/\/www.christiegrey.com\/fr\/produit\/cintre-en-caoutchouc-marin\/","name":"Cintres en caoutchouc marin MRH \u2013 Contr\u00f4le du bruit haute fr\u00e9quence","isPartOf":{"@id":"https:\/\/www.christiegrey.com\/#website"},"primaryImageOfPage":{"@id":"https:\/\/www.christiegrey.com\/fr\/produit\/cintre-en-caoutchouc-marin\/#primaryimage"},"image":{"@id":"https:\/\/www.christiegrey.com\/fr\/produit\/cintre-en-caoutchouc-marin\/#primaryimage"},"thumbnailUrl":"https:\/\/www.christiegrey.com\/wp-content\/uploads\/2025\/12\/marine_rh_365_365.jpg","datePublished":"2025-12-25T11:12:39+00:00","description":"Les cintres en caoutchouc marin MRH r\u00e9duisent le bruit et les vibrations \u00e0 haute fr\u00e9quence, supportant de larges plages de charges gr\u00e2ce \u00e0 des options de fixation flexibles pour les applications maritimes.","breadcrumb":{"@id":"https:\/\/www.christiegrey.com\/fr\/produit\/cintre-en-caoutchouc-marin\/#breadcrumb"},"inLanguage":"fr-FR","potentialAction":[{"@type":"ReadAction","target":["https:\/\/www.christiegrey.com\/fr\/produit\/cintre-en-caoutchouc-marin\/"]}]},{"@type":"ImageObject","inLanguage":"fr-FR","@id":"https:\/\/www.christiegrey.com\/fr\/produit\/cintre-en-caoutchouc-marin\/#primaryimage","url":"https:\/\/www.christiegrey.com\/wp-content\/uploads\/2025\/12\/marine_rh_365_365.jpg","contentUrl":"https:\/\/www.christiegrey.com\/wp-content\/uploads\/2025\/12\/marine_rh_365_365.jpg","width":365,"height":365,"caption":"Marine Rubber Hanger"},{"@type":"BreadcrumbList","@id":"https:\/\/www.christiegrey.com\/fr\/produit\/cintre-en-caoutchouc-marin\/#breadcrumb","itemListElement":[{"@type":"ListItem","position":1,"name":"Accueil","item":"https:\/\/www.christiegrey.com\/"},{"@type":"ListItem","position":2,"name":"Nos produits","item":"https:\/\/www.christiegrey.com\/fr\/boutique\/"},{"@type":"ListItem","position":3,"name":"Cintre en caoutchouc marin"}]},{"@type":"WebSite","@id":"https:\/\/www.christiegrey.com\/#website","url":"https:\/\/www.christiegrey.com\/","name":"Christie & Grey","description":"","publisher":{"@id":"https:\/\/www.christiegrey.com\/#organization"},"potentialAction":[{"@type":"SearchAction","target":{"@type":"EntryPoint","urlTemplate":"https:\/\/www.christiegrey.com\/?s={search_term_string}"},"query-input":{"@type":"PropertyValueSpecification","valueRequired":true,"valueName":"search_term_string"}}],"inLanguage":"fr-FR"},{"@type":"Organization","@id":"https:\/\/www.christiegrey.com\/#organization","name":"Christie & Grey","url":"https:\/\/www.christiegrey.com\/","logo":{"@type":"ImageObject","inLanguage":"fr-FR","@id":"https:\/\/www.christiegrey.com\/#\/schema\/logo\/image\/","url":"https:\/\/www.christiegrey.com\/wp-content\/uploads\/2026\/02\/cropped-logo-scaled-1.png","contentUrl":"https:\/\/www.christiegrey.com\/wp-content\/uploads\/2026\/02\/cropped-logo-scaled-1.png","width":250,"height":90,"caption":"Christie & Grey"},"image":{"@id":"https:\/\/www.christiegrey.com\/#\/schema\/logo\/image\/"},"sameAs":["https:\/\/www.facebook.com\/christieandgreylimited","https:\/\/x.com\/christiegreyltd"]}]}},"_links":{"self":[{"href":"https:\/\/www.christiegrey.com\/fr\/wp-json\/wp\/v2\/product\/4520","targetHints":{"allow":["GET"]}}],"collection":[{"href":"https:\/\/www.christiegrey.com\/fr\/wp-json\/wp\/v2\/product"}],"about":[{"href":"https:\/\/www.christiegrey.com\/fr\/wp-json\/wp\/v2\/types\/product"}],"replies":[{"embeddable":true,"href":"https:\/\/www.christiegrey.com\/fr\/wp-json\/wp\/v2\/comments?post=4520"}],"wp:featuredmedia":[{"embeddable":true,"href":"https:\/\/www.christiegrey.com\/fr\/wp-json\/wp\/v2\/media\/979"}],"wp:attachment":[{"href":"https:\/\/www.christiegrey.com\/fr\/wp-json\/wp\/v2\/media?parent=4520"}],"wp:term":[{"taxonomy":"product_brand","embeddable":true,"href":"https:\/\/www.christiegrey.com\/fr\/wp-json\/wp\/v2\/product_brand?post=4520"},{"taxonomy":"product_cat","embeddable":true,"href":"https:\/\/www.christiegrey.com\/fr\/wp-json\/wp\/v2\/product_cat?post=4520"},{"taxonomy":"product_tag","embeddable":true,"href":"https:\/\/www.christiegrey.com\/fr\/wp-json\/wp\/v2\/product_tag?post=4520"}],"curies":[{"name":"wp","href":"https:\/\/api.w.org\/{rel}","templated":true}]}}