{"id":4509,"date":"2025-12-25T11:29:49","date_gmt":"2025-12-25T11:29:49","guid":{"rendered":"https:\/\/www.christiegrey.com\/product\/isolateur-dunite-a-ressort-en-acier\/"},"modified":"2026-01-30T21:54:21","modified_gmt":"2026-01-30T21:54:21","slug":"isolateur-dunite-a-ressort-en-acier","status":"publish","type":"product","link":"https:\/\/www.christiegrey.com\/fr\/produit\/isolateur-dunite-a-ressort-en-acier\/","title":{"rendered":"Isolateur d\u2019unit\u00e9 \u00e0 ressort en acier"},"content":{"rendered":"<p>Travaillant dans des conditions extr\u00eamement exigeantes \u00e0 travers le monde, ces isolateurs \u00e0 ressorts en acier r\u00e9glables se sont r\u00e9v\u00e9l\u00e9s exceptionnellement efficaces dans le contr\u00f4le des vibrations, du bruit transmis par la structure et des chocs.<\/p>\n<p>Ils sont fabriqu\u00e9s en un grand nombre de tailles afin de satisfaire des exigences pr\u00e9cises de charge et de fr\u00e9quence et conviennent \u00e0 l\u2019isolation d\u2019une tr\u00e8s large gamme de machines.<\/p>\n<p>Les types d\u2019isolateurs ODL et ODS sont similaires dans leur conception et leur construction, mais leurs capacit\u00e9s de charge et leurs caract\u00e9ristiques d\u2019isolation varient.<\/p>\n<p>Les ressorts en acier h\u00e9lico\u00efdal sont contenus dans les pi\u00e8ces moul\u00e9es sup\u00e9rieures et inf\u00e9rieures en SG Iron des isolateurs.<\/p>\n","protected":false},"excerpt":{"rendered":"<p>Type ODL, ODS<\/p>\n","protected":false},"featured_media":1001,"comment_status":"open","ping_status":"closed","template":"","meta":{"_acf_changed":false},"product_brand":[],"product_cat":[145,149,119,144],"product_tag":[],"class_list":{"0":"post-4509","1":"product","2":"type-product","3":"status-publish","4":"has-post-thumbnail","6":"product_cat-accessoires-marins","7":"product_cat-pompes-compresseurs-et-refroidisseurs","8":"product_cat-solutions-industrielles","9":"product_cat-solutions-maritimes-et-offshore","11":"first","12":"instock","13":"shipping-taxable","14":"purchasable","15":"product-type-simple"},"acf":[],"yoast_head":"<!-- This site is optimized with the Yoast SEO plugin v27.0 - https:\/\/yoast.com\/product\/yoast-seo-wordpress\/ -->\n<title>Isolateurs d\u2019unit\u00e9s \u00e0 ressort en acier ODL &amp; ODS \u2013 Vibration et contr\u00f4le du bruit<\/title>\n<meta name=\"description\" content=\"Les isolateurs d\u2019unit\u00e9s \u00e0 ressort en acier ODL et ODS contr\u00f4lent les vibrations, le bruit transmis par la structure et les chocs pour les machines, avec des charges r\u00e9glables et un r\u00e9glage pr\u00e9cis des fr\u00e9quences.\" \/>\n<meta name=\"robots\" content=\"index, follow, max-snippet:-1, max-image-preview:large, max-video-preview:-1\" \/>\n<link rel=\"canonical\" href=\"https:\/\/www.christiegrey.com\/fr\/produit\/isolateur-dunite-a-ressort-en-acier\/\" \/>\n<meta property=\"og:locale\" content=\"fr_FR\" \/>\n<meta property=\"og:type\" content=\"article\" \/>\n<meta property=\"og:title\" content=\"Isolateurs d\u2019unit\u00e9s \u00e0 ressort en acier ODL &amp; ODS \u2013 Vibration et contr\u00f4le du bruit\" \/>\n<meta property=\"og:description\" content=\"Les isolateurs d\u2019unit\u00e9s \u00e0 ressort en acier ODL et ODS contr\u00f4lent les vibrations, le bruit transmis par la structure et les chocs pour les machines, avec des charges r\u00e9glables et un r\u00e9glage pr\u00e9cis des fr\u00e9quences.\" \/>\n<meta property=\"og:url\" content=\"https:\/\/www.christiegrey.com\/fr\/produit\/isolateur-dunite-a-ressort-en-acier\/\" \/>\n<meta property=\"article:publisher\" content=\"https:\/\/www.facebook.com\/christieandgreylimited\" \/>\n<meta property=\"article:modified_time\" content=\"2026-01-30T21:54:21+00:00\" \/>\n<meta property=\"og:image\" content=\"https:\/\/www.christiegrey.com\/wp-content\/uploads\/2025\/12\/odl_ods.png\" \/>\n\t<meta property=\"og:image:width\" content=\"300\" \/>\n\t<meta property=\"og:image:height\" content=\"300\" \/>\n\t<meta property=\"og:image:type\" content=\"image\/png\" \/>\n<meta name=\"twitter:card\" content=\"summary_large_image\" \/>\n<meta name=\"twitter:site\" content=\"@christiegreyltd\" \/>\n<meta name=\"twitter:label1\" content=\"Dur\u00e9e de lecture estim\u00e9e\" \/>\n\t<meta name=\"twitter:data1\" content=\"1 minute\" \/>\n<script type=\"application\/ld+json\" class=\"yoast-schema-graph\">{\"@context\":\"https:\/\/schema.org\",\"@graph\":[{\"@type\":\"WebPage\",\"@id\":\"https:\/\/www.christiegrey.com\/fr\/produit\/isolateur-dunite-a-ressort-en-acier\/\",\"url\":\"https:\/\/www.christiegrey.com\/fr\/produit\/isolateur-dunite-a-ressort-en-acier\/\",\"name\":\"Isolateurs d\u2019unit\u00e9s \u00e0 ressort en acier ODL & ODS \u2013 Vibration et contr\u00f4le du bruit\",\"isPartOf\":{\"@id\":\"https:\/\/www.christiegrey.com\/#website\"},\"primaryImageOfPage\":{\"@id\":\"https:\/\/www.christiegrey.com\/fr\/produit\/isolateur-dunite-a-ressort-en-acier\/#primaryimage\"},\"image\":{\"@id\":\"https:\/\/www.christiegrey.com\/fr\/produit\/isolateur-dunite-a-ressort-en-acier\/#primaryimage\"},\"thumbnailUrl\":\"https:\/\/www.christiegrey.com\/wp-content\/uploads\/2025\/12\/odl_ods.png\",\"datePublished\":\"2025-12-25T11:29:49+00:00\",\"dateModified\":\"2026-01-30T21:54:21+00:00\",\"description\":\"Les isolateurs d\u2019unit\u00e9s \u00e0 ressort en acier ODL et ODS contr\u00f4lent les vibrations, le bruit transmis par la structure et les chocs pour les machines, avec des charges r\u00e9glables et un r\u00e9glage pr\u00e9cis des fr\u00e9quences.\",\"breadcrumb\":{\"@id\":\"https:\/\/www.christiegrey.com\/fr\/produit\/isolateur-dunite-a-ressort-en-acier\/#breadcrumb\"},\"inLanguage\":\"fr-FR\",\"potentialAction\":[{\"@type\":\"ReadAction\",\"target\":[\"https:\/\/www.christiegrey.com\/fr\/produit\/isolateur-dunite-a-ressort-en-acier\/\"]}]},{\"@type\":\"ImageObject\",\"inLanguage\":\"fr-FR\",\"@id\":\"https:\/\/www.christiegrey.com\/fr\/produit\/isolateur-dunite-a-ressort-en-acier\/#primaryimage\",\"url\":\"https:\/\/www.christiegrey.com\/wp-content\/uploads\/2025\/12\/odl_ods.png\",\"contentUrl\":\"https:\/\/www.christiegrey.com\/wp-content\/uploads\/2025\/12\/odl_ods.png\",\"width\":300,\"height\":300,\"caption\":\"Steel Spring Unit Isolator\"},{\"@type\":\"BreadcrumbList\",\"@id\":\"https:\/\/www.christiegrey.com\/fr\/produit\/isolateur-dunite-a-ressort-en-acier\/#breadcrumb\",\"itemListElement\":[{\"@type\":\"ListItem\",\"position\":1,\"name\":\"Accueil\",\"item\":\"https:\/\/www.christiegrey.com\/\"},{\"@type\":\"ListItem\",\"position\":2,\"name\":\"Nos produits\",\"item\":\"https:\/\/www.christiegrey.com\/fr\/boutique\/\"},{\"@type\":\"ListItem\",\"position\":3,\"name\":\"Isolateur d\u2019unit\u00e9 \u00e0 ressort en acier\"}]},{\"@type\":\"WebSite\",\"@id\":\"https:\/\/www.christiegrey.com\/#website\",\"url\":\"https:\/\/www.christiegrey.com\/\",\"name\":\"Christie & Grey\",\"description\":\"\",\"publisher\":{\"@id\":\"https:\/\/www.christiegrey.com\/#organization\"},\"potentialAction\":[{\"@type\":\"SearchAction\",\"target\":{\"@type\":\"EntryPoint\",\"urlTemplate\":\"https:\/\/www.christiegrey.com\/?s={search_term_string}\"},\"query-input\":{\"@type\":\"PropertyValueSpecification\",\"valueRequired\":true,\"valueName\":\"search_term_string\"}}],\"inLanguage\":\"fr-FR\"},{\"@type\":\"Organization\",\"@id\":\"https:\/\/www.christiegrey.com\/#organization\",\"name\":\"Christie & Grey\",\"url\":\"https:\/\/www.christiegrey.com\/\",\"logo\":{\"@type\":\"ImageObject\",\"inLanguage\":\"fr-FR\",\"@id\":\"https:\/\/www.christiegrey.com\/#\/schema\/logo\/image\/\",\"url\":\"https:\/\/www.christiegrey.com\/wp-content\/uploads\/2026\/02\/cropped-logo-scaled-1.png\",\"contentUrl\":\"https:\/\/www.christiegrey.com\/wp-content\/uploads\/2026\/02\/cropped-logo-scaled-1.png\",\"width\":250,\"height\":90,\"caption\":\"Christie & Grey\"},\"image\":{\"@id\":\"https:\/\/www.christiegrey.com\/#\/schema\/logo\/image\/\"},\"sameAs\":[\"https:\/\/www.facebook.com\/christieandgreylimited\",\"https:\/\/x.com\/christiegreyltd\"]}]}<\/script>\n<!-- \/ Yoast SEO plugin. -->","yoast_head_json":{"title":"Isolateurs d\u2019unit\u00e9s \u00e0 ressort en acier ODL & ODS \u2013 Vibration et contr\u00f4le du bruit","description":"Les isolateurs d\u2019unit\u00e9s \u00e0 ressort en acier ODL et ODS contr\u00f4lent les vibrations, le bruit transmis par la structure et les chocs pour les machines, avec des charges r\u00e9glables et un r\u00e9glage pr\u00e9cis des fr\u00e9quences.","robots":{"index":"index","follow":"follow","max-snippet":"max-snippet:-1","max-image-preview":"max-image-preview:large","max-video-preview":"max-video-preview:-1"},"canonical":"https:\/\/www.christiegrey.com\/fr\/produit\/isolateur-dunite-a-ressort-en-acier\/","og_locale":"fr_FR","og_type":"article","og_title":"Isolateurs d\u2019unit\u00e9s \u00e0 ressort en acier ODL & ODS \u2013 Vibration et contr\u00f4le du bruit","og_description":"Les isolateurs d\u2019unit\u00e9s \u00e0 ressort en acier ODL et ODS contr\u00f4lent les vibrations, le bruit transmis par la structure et les chocs pour les machines, avec des charges r\u00e9glables et un r\u00e9glage pr\u00e9cis des fr\u00e9quences.","og_url":"https:\/\/www.christiegrey.com\/fr\/produit\/isolateur-dunite-a-ressort-en-acier\/","article_publisher":"https:\/\/www.facebook.com\/christieandgreylimited","article_modified_time":"2026-01-30T21:54:21+00:00","og_image":[{"width":300,"height":300,"url":"https:\/\/www.christiegrey.com\/wp-content\/uploads\/2025\/12\/odl_ods.png","type":"image\/png"}],"twitter_card":"summary_large_image","twitter_site":"@christiegreyltd","twitter_misc":{"Dur\u00e9e de lecture estim\u00e9e":"1 minute"},"schema":{"@context":"https:\/\/schema.org","@graph":[{"@type":"WebPage","@id":"https:\/\/www.christiegrey.com\/fr\/produit\/isolateur-dunite-a-ressort-en-acier\/","url":"https:\/\/www.christiegrey.com\/fr\/produit\/isolateur-dunite-a-ressort-en-acier\/","name":"Isolateurs d\u2019unit\u00e9s \u00e0 ressort en acier ODL & ODS \u2013 Vibration et contr\u00f4le du bruit","isPartOf":{"@id":"https:\/\/www.christiegrey.com\/#website"},"primaryImageOfPage":{"@id":"https:\/\/www.christiegrey.com\/fr\/produit\/isolateur-dunite-a-ressort-en-acier\/#primaryimage"},"image":{"@id":"https:\/\/www.christiegrey.com\/fr\/produit\/isolateur-dunite-a-ressort-en-acier\/#primaryimage"},"thumbnailUrl":"https:\/\/www.christiegrey.com\/wp-content\/uploads\/2025\/12\/odl_ods.png","datePublished":"2025-12-25T11:29:49+00:00","dateModified":"2026-01-30T21:54:21+00:00","description":"Les isolateurs d\u2019unit\u00e9s \u00e0 ressort en acier ODL et ODS contr\u00f4lent les vibrations, le bruit transmis par la structure et les chocs pour les machines, avec des charges r\u00e9glables et un r\u00e9glage pr\u00e9cis des fr\u00e9quences.","breadcrumb":{"@id":"https:\/\/www.christiegrey.com\/fr\/produit\/isolateur-dunite-a-ressort-en-acier\/#breadcrumb"},"inLanguage":"fr-FR","potentialAction":[{"@type":"ReadAction","target":["https:\/\/www.christiegrey.com\/fr\/produit\/isolateur-dunite-a-ressort-en-acier\/"]}]},{"@type":"ImageObject","inLanguage":"fr-FR","@id":"https:\/\/www.christiegrey.com\/fr\/produit\/isolateur-dunite-a-ressort-en-acier\/#primaryimage","url":"https:\/\/www.christiegrey.com\/wp-content\/uploads\/2025\/12\/odl_ods.png","contentUrl":"https:\/\/www.christiegrey.com\/wp-content\/uploads\/2025\/12\/odl_ods.png","width":300,"height":300,"caption":"Steel Spring Unit Isolator"},{"@type":"BreadcrumbList","@id":"https:\/\/www.christiegrey.com\/fr\/produit\/isolateur-dunite-a-ressort-en-acier\/#breadcrumb","itemListElement":[{"@type":"ListItem","position":1,"name":"Accueil","item":"https:\/\/www.christiegrey.com\/"},{"@type":"ListItem","position":2,"name":"Nos produits","item":"https:\/\/www.christiegrey.com\/fr\/boutique\/"},{"@type":"ListItem","position":3,"name":"Isolateur d\u2019unit\u00e9 \u00e0 ressort en acier"}]},{"@type":"WebSite","@id":"https:\/\/www.christiegrey.com\/#website","url":"https:\/\/www.christiegrey.com\/","name":"Christie & Grey","description":"","publisher":{"@id":"https:\/\/www.christiegrey.com\/#organization"},"potentialAction":[{"@type":"SearchAction","target":{"@type":"EntryPoint","urlTemplate":"https:\/\/www.christiegrey.com\/?s={search_term_string}"},"query-input":{"@type":"PropertyValueSpecification","valueRequired":true,"valueName":"search_term_string"}}],"inLanguage":"fr-FR"},{"@type":"Organization","@id":"https:\/\/www.christiegrey.com\/#organization","name":"Christie & Grey","url":"https:\/\/www.christiegrey.com\/","logo":{"@type":"ImageObject","inLanguage":"fr-FR","@id":"https:\/\/www.christiegrey.com\/#\/schema\/logo\/image\/","url":"https:\/\/www.christiegrey.com\/wp-content\/uploads\/2026\/02\/cropped-logo-scaled-1.png","contentUrl":"https:\/\/www.christiegrey.com\/wp-content\/uploads\/2026\/02\/cropped-logo-scaled-1.png","width":250,"height":90,"caption":"Christie & Grey"},"image":{"@id":"https:\/\/www.christiegrey.com\/#\/schema\/logo\/image\/"},"sameAs":["https:\/\/www.facebook.com\/christieandgreylimited","https:\/\/x.com\/christiegreyltd"]}]}},"_links":{"self":[{"href":"https:\/\/www.christiegrey.com\/fr\/wp-json\/wp\/v2\/product\/4509","targetHints":{"allow":["GET"]}}],"collection":[{"href":"https:\/\/www.christiegrey.com\/fr\/wp-json\/wp\/v2\/product"}],"about":[{"href":"https:\/\/www.christiegrey.com\/fr\/wp-json\/wp\/v2\/types\/product"}],"replies":[{"embeddable":true,"href":"https:\/\/www.christiegrey.com\/fr\/wp-json\/wp\/v2\/comments?post=4509"}],"wp:featuredmedia":[{"embeddable":true,"href":"https:\/\/www.christiegrey.com\/fr\/wp-json\/wp\/v2\/media\/1001"}],"wp:attachment":[{"href":"https:\/\/www.christiegrey.com\/fr\/wp-json\/wp\/v2\/media?parent=4509"}],"wp:term":[{"taxonomy":"product_brand","embeddable":true,"href":"https:\/\/www.christiegrey.com\/fr\/wp-json\/wp\/v2\/product_brand?post=4509"},{"taxonomy":"product_cat","embeddable":true,"href":"https:\/\/www.christiegrey.com\/fr\/wp-json\/wp\/v2\/product_cat?post=4509"},{"taxonomy":"product_tag","embeddable":true,"href":"https:\/\/www.christiegrey.com\/fr\/wp-json\/wp\/v2\/product_tag?post=4509"}],"curies":[{"name":"wp","href":"https:\/\/api.w.org\/{rel}","templated":true}]}}