{"id":4504,"date":"2025-12-25T11:39:06","date_gmt":"2025-12-25T11:39:06","guid":{"rendered":"https:\/\/www.christiegrey.com\/product\/supports-damortisseurs-4\/"},"modified":"2025-12-25T11:39:06","modified_gmt":"2025-12-25T11:39:06","slug":"supports-damortisseurs-4","status":"publish","type":"product","link":"https:\/\/www.christiegrey.com\/fr\/produit\/supports-damortisseurs-4\/","title":{"rendered":"Supports d\u2019amortisseurs"},"content":{"rendered":"<p>Les montages amortisseurs de type XM sont tr\u00e8s efficaces pour r\u00e9duire la transmission des vibrations, du bruit et des chocs li\u00e9s \u00e0 la structure provenant d\u2019une large gamme de machines rotatives et alternatives. Aussi pour prot\u00e9ger les appareils sensibles contre les perturbations ext\u00e9rieures. Ils sont sp\u00e9cifiquement con\u00e7us pour remplacer le montage X dans des environnements \u00e0 temp\u00e9rature ambiante plus \u00e9lev\u00e9e.  <\/p>\n","protected":false},"excerpt":{"rendered":"<p>Type XM<\/p>\n","protected":false},"featured_media":1018,"comment_status":"open","ping_status":"closed","template":"","meta":{"_acf_changed":false},"product_brand":[],"product_cat":[145,144],"product_tag":[],"class_list":{"0":"post-4504","1":"product","2":"type-product","3":"status-publish","4":"has-post-thumbnail","6":"product_cat-accessoires-marins","7":"product_cat-solutions-maritimes-et-offshore","9":"first","10":"instock","11":"shipping-taxable","12":"purchasable","13":"product-type-simple"},"acf":[],"yoast_head":"<!-- This site is optimized with the Yoast SEO plugin v27.0 - https:\/\/yoast.com\/product\/yoast-seo-wordpress\/ -->\n<title>Supports de choc Type XM \u2013 Contr\u00f4le des vibrations \u00e0 haute temp\u00e9rature<\/title>\n<meta name=\"description\" content=\"Les supports antichoc Type XM r\u00e9duisent les vibrations, le bruit et les chocs des machines, prot\u00e9geant les \u00e9quipements sensibles et rempla\u00e7ant le Type X dans des environnements \u00e0 haute temp\u00e9rature.\" \/>\n<meta name=\"robots\" content=\"index, follow, max-snippet:-1, max-image-preview:large, max-video-preview:-1\" \/>\n<link rel=\"canonical\" href=\"https:\/\/www.christiegrey.com\/fr\/produit\/supports-damortisseurs-4\/\" \/>\n<meta property=\"og:locale\" content=\"fr_FR\" \/>\n<meta property=\"og:type\" content=\"article\" \/>\n<meta property=\"og:title\" content=\"Supports de choc Type XM \u2013 Contr\u00f4le des vibrations \u00e0 haute temp\u00e9rature\" \/>\n<meta property=\"og:description\" content=\"Les supports antichoc Type XM r\u00e9duisent les vibrations, le bruit et les chocs des machines, prot\u00e9geant les \u00e9quipements sensibles et rempla\u00e7ant le Type X dans des environnements \u00e0 haute temp\u00e9rature.\" \/>\n<meta property=\"og:url\" content=\"https:\/\/www.christiegrey.com\/fr\/produit\/supports-damortisseurs-4\/\" \/>\n<meta property=\"article:publisher\" content=\"https:\/\/www.facebook.com\/christieandgreylimited\" \/>\n<meta property=\"og:image\" content=\"https:\/\/www.christiegrey.com\/wp-content\/uploads\/2025\/12\/xmmount.jpg\" \/>\n\t<meta property=\"og:image:width\" content=\"1206\" \/>\n\t<meta property=\"og:image:height\" content=\"641\" \/>\n\t<meta property=\"og:image:type\" content=\"image\/jpeg\" \/>\n<meta name=\"twitter:card\" content=\"summary_large_image\" \/>\n<meta name=\"twitter:site\" content=\"@christiegreyltd\" \/>\n<script type=\"application\/ld+json\" class=\"yoast-schema-graph\">{\"@context\":\"https:\/\/schema.org\",\"@graph\":[{\"@type\":\"WebPage\",\"@id\":\"https:\/\/www.christiegrey.com\/fr\/produit\/supports-damortisseurs-4\/\",\"url\":\"https:\/\/www.christiegrey.com\/fr\/produit\/supports-damortisseurs-4\/\",\"name\":\"Supports de choc Type XM \u2013 Contr\u00f4le des vibrations \u00e0 haute temp\u00e9rature\",\"isPartOf\":{\"@id\":\"https:\/\/www.christiegrey.com\/#website\"},\"primaryImageOfPage\":{\"@id\":\"https:\/\/www.christiegrey.com\/fr\/produit\/supports-damortisseurs-4\/#primaryimage\"},\"image\":{\"@id\":\"https:\/\/www.christiegrey.com\/fr\/produit\/supports-damortisseurs-4\/#primaryimage\"},\"thumbnailUrl\":\"https:\/\/www.christiegrey.com\/wp-content\/uploads\/2025\/12\/xmmount.jpg\",\"datePublished\":\"2025-12-25T11:39:06+00:00\",\"description\":\"Les supports antichoc Type XM r\u00e9duisent les vibrations, le bruit et les chocs des machines, prot\u00e9geant les \u00e9quipements sensibles et rempla\u00e7ant le Type X dans des environnements \u00e0 haute temp\u00e9rature.\",\"breadcrumb\":{\"@id\":\"https:\/\/www.christiegrey.com\/fr\/produit\/supports-damortisseurs-4\/#breadcrumb\"},\"inLanguage\":\"fr-FR\",\"potentialAction\":[{\"@type\":\"ReadAction\",\"target\":[\"https:\/\/www.christiegrey.com\/fr\/produit\/supports-damortisseurs-4\/\"]}]},{\"@type\":\"ImageObject\",\"inLanguage\":\"fr-FR\",\"@id\":\"https:\/\/www.christiegrey.com\/fr\/produit\/supports-damortisseurs-4\/#primaryimage\",\"url\":\"https:\/\/www.christiegrey.com\/wp-content\/uploads\/2025\/12\/xmmount.jpg\",\"contentUrl\":\"https:\/\/www.christiegrey.com\/wp-content\/uploads\/2025\/12\/xmmount.jpg\",\"width\":1206,\"height\":641,\"caption\":\"XM shock mounts for high-temp vibration isolation\"},{\"@type\":\"BreadcrumbList\",\"@id\":\"https:\/\/www.christiegrey.com\/fr\/produit\/supports-damortisseurs-4\/#breadcrumb\",\"itemListElement\":[{\"@type\":\"ListItem\",\"position\":1,\"name\":\"Accueil\",\"item\":\"https:\/\/www.christiegrey.com\/\"},{\"@type\":\"ListItem\",\"position\":2,\"name\":\"Nos produits\",\"item\":\"https:\/\/www.christiegrey.com\/fr\/boutique\/\"},{\"@type\":\"ListItem\",\"position\":3,\"name\":\"Supports d\u2019amortisseurs\"}]},{\"@type\":\"WebSite\",\"@id\":\"https:\/\/www.christiegrey.com\/#website\",\"url\":\"https:\/\/www.christiegrey.com\/\",\"name\":\"Christie & Grey\",\"description\":\"\",\"publisher\":{\"@id\":\"https:\/\/www.christiegrey.com\/#organization\"},\"potentialAction\":[{\"@type\":\"SearchAction\",\"target\":{\"@type\":\"EntryPoint\",\"urlTemplate\":\"https:\/\/www.christiegrey.com\/?s={search_term_string}\"},\"query-input\":{\"@type\":\"PropertyValueSpecification\",\"valueRequired\":true,\"valueName\":\"search_term_string\"}}],\"inLanguage\":\"fr-FR\"},{\"@type\":\"Organization\",\"@id\":\"https:\/\/www.christiegrey.com\/#organization\",\"name\":\"Christie & Grey\",\"url\":\"https:\/\/www.christiegrey.com\/\",\"logo\":{\"@type\":\"ImageObject\",\"inLanguage\":\"fr-FR\",\"@id\":\"https:\/\/www.christiegrey.com\/#\/schema\/logo\/image\/\",\"url\":\"https:\/\/www.christiegrey.com\/wp-content\/uploads\/2026\/02\/cropped-logo-scaled-1.png\",\"contentUrl\":\"https:\/\/www.christiegrey.com\/wp-content\/uploads\/2026\/02\/cropped-logo-scaled-1.png\",\"width\":250,\"height\":90,\"caption\":\"Christie & Grey\"},\"image\":{\"@id\":\"https:\/\/www.christiegrey.com\/#\/schema\/logo\/image\/\"},\"sameAs\":[\"https:\/\/www.facebook.com\/christieandgreylimited\",\"https:\/\/x.com\/christiegreyltd\"]}]}<\/script>\n<!-- \/ Yoast SEO plugin. -->","yoast_head_json":{"title":"Supports de choc Type XM \u2013 Contr\u00f4le des vibrations \u00e0 haute temp\u00e9rature","description":"Les supports antichoc Type XM r\u00e9duisent les vibrations, le bruit et les chocs des machines, prot\u00e9geant les \u00e9quipements sensibles et rempla\u00e7ant le Type X dans des environnements \u00e0 haute temp\u00e9rature.","robots":{"index":"index","follow":"follow","max-snippet":"max-snippet:-1","max-image-preview":"max-image-preview:large","max-video-preview":"max-video-preview:-1"},"canonical":"https:\/\/www.christiegrey.com\/fr\/produit\/supports-damortisseurs-4\/","og_locale":"fr_FR","og_type":"article","og_title":"Supports de choc Type XM \u2013 Contr\u00f4le des vibrations \u00e0 haute temp\u00e9rature","og_description":"Les supports antichoc Type XM r\u00e9duisent les vibrations, le bruit et les chocs des machines, prot\u00e9geant les \u00e9quipements sensibles et rempla\u00e7ant le Type X dans des environnements \u00e0 haute temp\u00e9rature.","og_url":"https:\/\/www.christiegrey.com\/fr\/produit\/supports-damortisseurs-4\/","article_publisher":"https:\/\/www.facebook.com\/christieandgreylimited","og_image":[{"width":1206,"height":641,"url":"https:\/\/www.christiegrey.com\/wp-content\/uploads\/2025\/12\/xmmount.jpg","type":"image\/jpeg"}],"twitter_card":"summary_large_image","twitter_site":"@christiegreyltd","schema":{"@context":"https:\/\/schema.org","@graph":[{"@type":"WebPage","@id":"https:\/\/www.christiegrey.com\/fr\/produit\/supports-damortisseurs-4\/","url":"https:\/\/www.christiegrey.com\/fr\/produit\/supports-damortisseurs-4\/","name":"Supports de choc Type XM \u2013 Contr\u00f4le des vibrations \u00e0 haute temp\u00e9rature","isPartOf":{"@id":"https:\/\/www.christiegrey.com\/#website"},"primaryImageOfPage":{"@id":"https:\/\/www.christiegrey.com\/fr\/produit\/supports-damortisseurs-4\/#primaryimage"},"image":{"@id":"https:\/\/www.christiegrey.com\/fr\/produit\/supports-damortisseurs-4\/#primaryimage"},"thumbnailUrl":"https:\/\/www.christiegrey.com\/wp-content\/uploads\/2025\/12\/xmmount.jpg","datePublished":"2025-12-25T11:39:06+00:00","description":"Les supports antichoc Type XM r\u00e9duisent les vibrations, le bruit et les chocs des machines, prot\u00e9geant les \u00e9quipements sensibles et rempla\u00e7ant le Type X dans des environnements \u00e0 haute temp\u00e9rature.","breadcrumb":{"@id":"https:\/\/www.christiegrey.com\/fr\/produit\/supports-damortisseurs-4\/#breadcrumb"},"inLanguage":"fr-FR","potentialAction":[{"@type":"ReadAction","target":["https:\/\/www.christiegrey.com\/fr\/produit\/supports-damortisseurs-4\/"]}]},{"@type":"ImageObject","inLanguage":"fr-FR","@id":"https:\/\/www.christiegrey.com\/fr\/produit\/supports-damortisseurs-4\/#primaryimage","url":"https:\/\/www.christiegrey.com\/wp-content\/uploads\/2025\/12\/xmmount.jpg","contentUrl":"https:\/\/www.christiegrey.com\/wp-content\/uploads\/2025\/12\/xmmount.jpg","width":1206,"height":641,"caption":"XM shock mounts for high-temp vibration isolation"},{"@type":"BreadcrumbList","@id":"https:\/\/www.christiegrey.com\/fr\/produit\/supports-damortisseurs-4\/#breadcrumb","itemListElement":[{"@type":"ListItem","position":1,"name":"Accueil","item":"https:\/\/www.christiegrey.com\/"},{"@type":"ListItem","position":2,"name":"Nos produits","item":"https:\/\/www.christiegrey.com\/fr\/boutique\/"},{"@type":"ListItem","position":3,"name":"Supports d\u2019amortisseurs"}]},{"@type":"WebSite","@id":"https:\/\/www.christiegrey.com\/#website","url":"https:\/\/www.christiegrey.com\/","name":"Christie & Grey","description":"","publisher":{"@id":"https:\/\/www.christiegrey.com\/#organization"},"potentialAction":[{"@type":"SearchAction","target":{"@type":"EntryPoint","urlTemplate":"https:\/\/www.christiegrey.com\/?s={search_term_string}"},"query-input":{"@type":"PropertyValueSpecification","valueRequired":true,"valueName":"search_term_string"}}],"inLanguage":"fr-FR"},{"@type":"Organization","@id":"https:\/\/www.christiegrey.com\/#organization","name":"Christie & Grey","url":"https:\/\/www.christiegrey.com\/","logo":{"@type":"ImageObject","inLanguage":"fr-FR","@id":"https:\/\/www.christiegrey.com\/#\/schema\/logo\/image\/","url":"https:\/\/www.christiegrey.com\/wp-content\/uploads\/2026\/02\/cropped-logo-scaled-1.png","contentUrl":"https:\/\/www.christiegrey.com\/wp-content\/uploads\/2026\/02\/cropped-logo-scaled-1.png","width":250,"height":90,"caption":"Christie & Grey"},"image":{"@id":"https:\/\/www.christiegrey.com\/#\/schema\/logo\/image\/"},"sameAs":["https:\/\/www.facebook.com\/christieandgreylimited","https:\/\/x.com\/christiegreyltd"]}]}},"_links":{"self":[{"href":"https:\/\/www.christiegrey.com\/fr\/wp-json\/wp\/v2\/product\/4504","targetHints":{"allow":["GET"]}}],"collection":[{"href":"https:\/\/www.christiegrey.com\/fr\/wp-json\/wp\/v2\/product"}],"about":[{"href":"https:\/\/www.christiegrey.com\/fr\/wp-json\/wp\/v2\/types\/product"}],"replies":[{"embeddable":true,"href":"https:\/\/www.christiegrey.com\/fr\/wp-json\/wp\/v2\/comments?post=4504"}],"wp:featuredmedia":[{"embeddable":true,"href":"https:\/\/www.christiegrey.com\/fr\/wp-json\/wp\/v2\/media\/1018"}],"wp:attachment":[{"href":"https:\/\/www.christiegrey.com\/fr\/wp-json\/wp\/v2\/media?parent=4504"}],"wp:term":[{"taxonomy":"product_brand","embeddable":true,"href":"https:\/\/www.christiegrey.com\/fr\/wp-json\/wp\/v2\/product_brand?post=4504"},{"taxonomy":"product_cat","embeddable":true,"href":"https:\/\/www.christiegrey.com\/fr\/wp-json\/wp\/v2\/product_cat?post=4504"},{"taxonomy":"product_tag","embeddable":true,"href":"https:\/\/www.christiegrey.com\/fr\/wp-json\/wp\/v2\/product_tag?post=4504"}],"curies":[{"name":"wp","href":"https:\/\/api.w.org\/{rel}","templated":true}]}}