{"id":4452,"date":"2025-12-25T13:41:18","date_gmt":"2025-12-25T13:41:18","guid":{"rendered":"https:\/\/www.christiegrey.com\/product\/montures-a-ressort-fermees\/"},"modified":"2025-12-25T13:41:18","modified_gmt":"2025-12-25T13:41:18","slug":"montures-a-ressort-fermees","status":"publish","type":"product","link":"https:\/\/www.christiegrey.com\/fr\/produit\/montures-a-ressort-fermees\/","title":{"rendered":"Montures \u00e0 ressort ferm\u00e9es"},"content":{"rendered":"<p>Une gamme unique de montages con\u00e7us principalement pour les services du b\u00e2timent o\u00f9 le contr\u00f4le des vibrations et bruits de basse fr\u00e9quence provenant de l\u2019installation m\u00e9canique est d\u2019une importance capitale.<\/p>\n<p>Les avantages d\u2019un bo\u00eetier combin\u00e9 caoutchouc et acier pour le ressort ont contribu\u00e9 \u00e0 \u00e9tablir les fixations ES et ECS comme des normes industrielles accept\u00e9es par les sp\u00e9cificateurs, les fabricants d\u2019\u00e9quipements et les installateurs de services m\u00e9caniques.<\/p>\n","protected":false},"excerpt":{"rendered":"<p>Type ESB, ES, ES25, ECS25 et ECS50<\/p>\n","protected":false},"featured_media":1034,"comment_status":"open","ping_status":"closed","template":"","meta":{"_acf_changed":false},"product_brand":[],"product_cat":[149,136,119,120],"product_tag":[],"class_list":{"0":"post-4452","1":"product","2":"type-product","3":"status-publish","4":"has-post-thumbnail","6":"product_cat-pompes-compresseurs-et-refroidisseurs","7":"product_cat-production-delectricite","8":"product_cat-solutions-industrielles","9":"product_cat-ventilateurs-et-unites-de-traitement-de-lair","11":"first","12":"instock","13":"shipping-taxable","14":"purchasable","15":"product-type-simple"},"acf":[],"yoast_head":"<!-- This site is optimized with the Yoast SEO plugin v27.0 - https:\/\/yoast.com\/product\/yoast-seo-wordpress\/ -->\n<title>Montures \u00e0 ressort ferm\u00e9es pour le contr\u00f4le des vibrations<\/title>\n<meta name=\"description\" content=\"Des supports \u00e0 ressorts ferm\u00e9s standards de l\u2019industrie con\u00e7us pour r\u00e9duire les vibrations et le bruit \u00e0 basse fr\u00e9quence dans les syst\u00e8mes de services du b\u00e2timent et les installations m\u00e9caniques.\" \/>\n<meta name=\"robots\" content=\"index, follow, max-snippet:-1, max-image-preview:large, max-video-preview:-1\" \/>\n<link rel=\"canonical\" href=\"https:\/\/www.christiegrey.com\/fr\/produit\/montures-a-ressort-fermees\/\" \/>\n<meta property=\"og:locale\" content=\"fr_FR\" \/>\n<meta property=\"og:type\" content=\"article\" \/>\n<meta property=\"og:title\" content=\"Montures \u00e0 ressort ferm\u00e9es pour le contr\u00f4le des vibrations\" \/>\n<meta property=\"og:description\" content=\"Des supports \u00e0 ressorts ferm\u00e9s standards de l\u2019industrie con\u00e7us pour r\u00e9duire les vibrations et le bruit \u00e0 basse fr\u00e9quence dans les syst\u00e8mes de services du b\u00e2timent et les installations m\u00e9caniques.\" \/>\n<meta property=\"og:url\" content=\"https:\/\/www.christiegrey.com\/fr\/produit\/montures-a-ressort-fermees\/\" \/>\n<meta property=\"article:publisher\" content=\"https:\/\/www.facebook.com\/christieandgreylimited\" \/>\n<meta property=\"og:image\" content=\"https:\/\/www.christiegrey.com\/wp-content\/uploads\/2025\/12\/ecs-range_365_365.jpg\" \/>\n\t<meta property=\"og:image:width\" content=\"365\" \/>\n\t<meta property=\"og:image:height\" content=\"365\" \/>\n\t<meta property=\"og:image:type\" content=\"image\/jpeg\" \/>\n<meta name=\"twitter:card\" content=\"summary_large_image\" \/>\n<meta name=\"twitter:site\" content=\"@christiegreyltd\" \/>\n<script type=\"application\/ld+json\" class=\"yoast-schema-graph\">{\"@context\":\"https:\/\/schema.org\",\"@graph\":[{\"@type\":\"WebPage\",\"@id\":\"https:\/\/www.christiegrey.com\/fr\/produit\/montures-a-ressort-fermees\/\",\"url\":\"https:\/\/www.christiegrey.com\/fr\/produit\/montures-a-ressort-fermees\/\",\"name\":\"Montures \u00e0 ressort ferm\u00e9es pour le contr\u00f4le des vibrations\",\"isPartOf\":{\"@id\":\"https:\/\/www.christiegrey.com\/#website\"},\"primaryImageOfPage\":{\"@id\":\"https:\/\/www.christiegrey.com\/fr\/produit\/montures-a-ressort-fermees\/#primaryimage\"},\"image\":{\"@id\":\"https:\/\/www.christiegrey.com\/fr\/produit\/montures-a-ressort-fermees\/#primaryimage\"},\"thumbnailUrl\":\"https:\/\/www.christiegrey.com\/wp-content\/uploads\/2025\/12\/ecs-range_365_365.jpg\",\"datePublished\":\"2025-12-25T13:41:18+00:00\",\"description\":\"Des supports \u00e0 ressorts ferm\u00e9s standards de l\u2019industrie con\u00e7us pour r\u00e9duire les vibrations et le bruit \u00e0 basse fr\u00e9quence dans les syst\u00e8mes de services du b\u00e2timent et les installations m\u00e9caniques.\",\"breadcrumb\":{\"@id\":\"https:\/\/www.christiegrey.com\/fr\/produit\/montures-a-ressort-fermees\/#breadcrumb\"},\"inLanguage\":\"fr-FR\",\"potentialAction\":[{\"@type\":\"ReadAction\",\"target\":[\"https:\/\/www.christiegrey.com\/fr\/produit\/montures-a-ressort-fermees\/\"]}]},{\"@type\":\"ImageObject\",\"inLanguage\":\"fr-FR\",\"@id\":\"https:\/\/www.christiegrey.com\/fr\/produit\/montures-a-ressort-fermees\/#primaryimage\",\"url\":\"https:\/\/www.christiegrey.com\/wp-content\/uploads\/2025\/12\/ecs-range_365_365.jpg\",\"contentUrl\":\"https:\/\/www.christiegrey.com\/wp-content\/uploads\/2025\/12\/ecs-range_365_365.jpg\",\"width\":365,\"height\":365,\"caption\":\"Enclosed spring mountings for vibration control\"},{\"@type\":\"BreadcrumbList\",\"@id\":\"https:\/\/www.christiegrey.com\/fr\/produit\/montures-a-ressort-fermees\/#breadcrumb\",\"itemListElement\":[{\"@type\":\"ListItem\",\"position\":1,\"name\":\"Accueil\",\"item\":\"https:\/\/www.christiegrey.com\/\"},{\"@type\":\"ListItem\",\"position\":2,\"name\":\"Nos produits\",\"item\":\"https:\/\/www.christiegrey.com\/fr\/boutique\/\"},{\"@type\":\"ListItem\",\"position\":3,\"name\":\"Montures \u00e0 ressort ferm\u00e9es\"}]},{\"@type\":\"WebSite\",\"@id\":\"https:\/\/www.christiegrey.com\/#website\",\"url\":\"https:\/\/www.christiegrey.com\/\",\"name\":\"Christie & Grey\",\"description\":\"\",\"publisher\":{\"@id\":\"https:\/\/www.christiegrey.com\/#organization\"},\"potentialAction\":[{\"@type\":\"SearchAction\",\"target\":{\"@type\":\"EntryPoint\",\"urlTemplate\":\"https:\/\/www.christiegrey.com\/?s={search_term_string}\"},\"query-input\":{\"@type\":\"PropertyValueSpecification\",\"valueRequired\":true,\"valueName\":\"search_term_string\"}}],\"inLanguage\":\"fr-FR\"},{\"@type\":\"Organization\",\"@id\":\"https:\/\/www.christiegrey.com\/#organization\",\"name\":\"Christie & Grey\",\"url\":\"https:\/\/www.christiegrey.com\/\",\"logo\":{\"@type\":\"ImageObject\",\"inLanguage\":\"fr-FR\",\"@id\":\"https:\/\/www.christiegrey.com\/#\/schema\/logo\/image\/\",\"url\":\"https:\/\/www.christiegrey.com\/wp-content\/uploads\/2026\/02\/cropped-logo-scaled-1.png\",\"contentUrl\":\"https:\/\/www.christiegrey.com\/wp-content\/uploads\/2026\/02\/cropped-logo-scaled-1.png\",\"width\":250,\"height\":90,\"caption\":\"Christie & Grey\"},\"image\":{\"@id\":\"https:\/\/www.christiegrey.com\/#\/schema\/logo\/image\/\"},\"sameAs\":[\"https:\/\/www.facebook.com\/christieandgreylimited\",\"https:\/\/x.com\/christiegreyltd\"]}]}<\/script>\n<!-- \/ Yoast SEO plugin. -->","yoast_head_json":{"title":"Montures \u00e0 ressort ferm\u00e9es pour le contr\u00f4le des vibrations","description":"Des supports \u00e0 ressorts ferm\u00e9s standards de l\u2019industrie con\u00e7us pour r\u00e9duire les vibrations et le bruit \u00e0 basse fr\u00e9quence dans les syst\u00e8mes de services du b\u00e2timent et les installations m\u00e9caniques.","robots":{"index":"index","follow":"follow","max-snippet":"max-snippet:-1","max-image-preview":"max-image-preview:large","max-video-preview":"max-video-preview:-1"},"canonical":"https:\/\/www.christiegrey.com\/fr\/produit\/montures-a-ressort-fermees\/","og_locale":"fr_FR","og_type":"article","og_title":"Montures \u00e0 ressort ferm\u00e9es pour le contr\u00f4le des vibrations","og_description":"Des supports \u00e0 ressorts ferm\u00e9s standards de l\u2019industrie con\u00e7us pour r\u00e9duire les vibrations et le bruit \u00e0 basse fr\u00e9quence dans les syst\u00e8mes de services du b\u00e2timent et les installations m\u00e9caniques.","og_url":"https:\/\/www.christiegrey.com\/fr\/produit\/montures-a-ressort-fermees\/","article_publisher":"https:\/\/www.facebook.com\/christieandgreylimited","og_image":[{"width":365,"height":365,"url":"https:\/\/www.christiegrey.com\/wp-content\/uploads\/2025\/12\/ecs-range_365_365.jpg","type":"image\/jpeg"}],"twitter_card":"summary_large_image","twitter_site":"@christiegreyltd","schema":{"@context":"https:\/\/schema.org","@graph":[{"@type":"WebPage","@id":"https:\/\/www.christiegrey.com\/fr\/produit\/montures-a-ressort-fermees\/","url":"https:\/\/www.christiegrey.com\/fr\/produit\/montures-a-ressort-fermees\/","name":"Montures \u00e0 ressort ferm\u00e9es pour le contr\u00f4le des vibrations","isPartOf":{"@id":"https:\/\/www.christiegrey.com\/#website"},"primaryImageOfPage":{"@id":"https:\/\/www.christiegrey.com\/fr\/produit\/montures-a-ressort-fermees\/#primaryimage"},"image":{"@id":"https:\/\/www.christiegrey.com\/fr\/produit\/montures-a-ressort-fermees\/#primaryimage"},"thumbnailUrl":"https:\/\/www.christiegrey.com\/wp-content\/uploads\/2025\/12\/ecs-range_365_365.jpg","datePublished":"2025-12-25T13:41:18+00:00","description":"Des supports \u00e0 ressorts ferm\u00e9s standards de l\u2019industrie con\u00e7us pour r\u00e9duire les vibrations et le bruit \u00e0 basse fr\u00e9quence dans les syst\u00e8mes de services du b\u00e2timent et les installations m\u00e9caniques.","breadcrumb":{"@id":"https:\/\/www.christiegrey.com\/fr\/produit\/montures-a-ressort-fermees\/#breadcrumb"},"inLanguage":"fr-FR","potentialAction":[{"@type":"ReadAction","target":["https:\/\/www.christiegrey.com\/fr\/produit\/montures-a-ressort-fermees\/"]}]},{"@type":"ImageObject","inLanguage":"fr-FR","@id":"https:\/\/www.christiegrey.com\/fr\/produit\/montures-a-ressort-fermees\/#primaryimage","url":"https:\/\/www.christiegrey.com\/wp-content\/uploads\/2025\/12\/ecs-range_365_365.jpg","contentUrl":"https:\/\/www.christiegrey.com\/wp-content\/uploads\/2025\/12\/ecs-range_365_365.jpg","width":365,"height":365,"caption":"Enclosed spring mountings for vibration control"},{"@type":"BreadcrumbList","@id":"https:\/\/www.christiegrey.com\/fr\/produit\/montures-a-ressort-fermees\/#breadcrumb","itemListElement":[{"@type":"ListItem","position":1,"name":"Accueil","item":"https:\/\/www.christiegrey.com\/"},{"@type":"ListItem","position":2,"name":"Nos produits","item":"https:\/\/www.christiegrey.com\/fr\/boutique\/"},{"@type":"ListItem","position":3,"name":"Montures \u00e0 ressort ferm\u00e9es"}]},{"@type":"WebSite","@id":"https:\/\/www.christiegrey.com\/#website","url":"https:\/\/www.christiegrey.com\/","name":"Christie & Grey","description":"","publisher":{"@id":"https:\/\/www.christiegrey.com\/#organization"},"potentialAction":[{"@type":"SearchAction","target":{"@type":"EntryPoint","urlTemplate":"https:\/\/www.christiegrey.com\/?s={search_term_string}"},"query-input":{"@type":"PropertyValueSpecification","valueRequired":true,"valueName":"search_term_string"}}],"inLanguage":"fr-FR"},{"@type":"Organization","@id":"https:\/\/www.christiegrey.com\/#organization","name":"Christie & Grey","url":"https:\/\/www.christiegrey.com\/","logo":{"@type":"ImageObject","inLanguage":"fr-FR","@id":"https:\/\/www.christiegrey.com\/#\/schema\/logo\/image\/","url":"https:\/\/www.christiegrey.com\/wp-content\/uploads\/2026\/02\/cropped-logo-scaled-1.png","contentUrl":"https:\/\/www.christiegrey.com\/wp-content\/uploads\/2026\/02\/cropped-logo-scaled-1.png","width":250,"height":90,"caption":"Christie & Grey"},"image":{"@id":"https:\/\/www.christiegrey.com\/#\/schema\/logo\/image\/"},"sameAs":["https:\/\/www.facebook.com\/christieandgreylimited","https:\/\/x.com\/christiegreyltd"]}]}},"_links":{"self":[{"href":"https:\/\/www.christiegrey.com\/fr\/wp-json\/wp\/v2\/product\/4452","targetHints":{"allow":["GET"]}}],"collection":[{"href":"https:\/\/www.christiegrey.com\/fr\/wp-json\/wp\/v2\/product"}],"about":[{"href":"https:\/\/www.christiegrey.com\/fr\/wp-json\/wp\/v2\/types\/product"}],"replies":[{"embeddable":true,"href":"https:\/\/www.christiegrey.com\/fr\/wp-json\/wp\/v2\/comments?post=4452"}],"wp:featuredmedia":[{"embeddable":true,"href":"https:\/\/www.christiegrey.com\/fr\/wp-json\/wp\/v2\/media\/1034"}],"wp:attachment":[{"href":"https:\/\/www.christiegrey.com\/fr\/wp-json\/wp\/v2\/media?parent=4452"}],"wp:term":[{"taxonomy":"product_brand","embeddable":true,"href":"https:\/\/www.christiegrey.com\/fr\/wp-json\/wp\/v2\/product_brand?post=4452"},{"taxonomy":"product_cat","embeddable":true,"href":"https:\/\/www.christiegrey.com\/fr\/wp-json\/wp\/v2\/product_cat?post=4452"},{"taxonomy":"product_tag","embeddable":true,"href":"https:\/\/www.christiegrey.com\/fr\/wp-json\/wp\/v2\/product_tag?post=4452"}],"curies":[{"name":"wp","href":"https:\/\/api.w.org\/{rel}","templated":true}]}}