{"id":4441,"date":"2025-12-25T11:45:18","date_gmt":"2025-12-25T11:45:18","guid":{"rendered":"https:\/\/www.christiegrey.com\/product\/supports-damortisseurs-2\/"},"modified":"2025-12-25T11:45:18","modified_gmt":"2025-12-25T11:45:18","slug":"supports-damortisseurs-2","status":"publish","type":"product","link":"https:\/\/www.christiegrey.com\/fr\/produit\/supports-damortisseurs-2\/","title":{"rendered":"Supports d\u2019amortisseurs"},"content":{"rendered":"<p>La monture type \u00ab Y \u00bb repr\u00e9sente une am\u00e9lioration significative par rapport \u00e0 la conception originale de la monture type \u00ab X \u00bb, offrant une att\u00e9nuation am\u00e9lior\u00e9e des hautes fr\u00e9quences.<\/p>\n<p>Le \u00ab Y \u00bb ajoute un moulage en caoutchouc au-dessus du support qui forme \u00e0 la fois les unit\u00e9s acc\u00e9l\u00e9rateur et d\u00e9c\u00e9l\u00e9ration. Cela agit \u00e9galement comme un isolateur \u00e0 haute fr\u00e9quence, am\u00e9liorant l\u2019att\u00e9nuation du \u00ab bruit \u00bb par rapport au montage de type \u00ab X \u00bb. <\/p>\n","protected":false},"excerpt":{"rendered":"<p>Type Y<\/p>\n","protected":false},"featured_media":1020,"comment_status":"open","ping_status":"closed","template":"","meta":{"_acf_changed":false},"product_brand":[],"product_cat":[145,144],"product_tag":[],"class_list":{"0":"post-4441","1":"product","2":"type-product","3":"status-publish","4":"has-post-thumbnail","6":"product_cat-accessoires-marins","7":"product_cat-solutions-maritimes-et-offshore","9":"first","10":"instock","11":"shipping-taxable","12":"purchasable","13":"product-type-simple"},"acf":[],"yoast_head":"<!-- This site is optimized with the Yoast SEO plugin v27.0 - https:\/\/yoast.com\/product\/yoast-seo-wordpress\/ -->\n<title>Supports de choc Type Y \u2013 Contr\u00f4le du bruit et des vibrations \u00e0 haute fr\u00e9quence<\/title>\n<meta name=\"description\" content=\"Les supports de choc Type Y am\u00e9liorent l\u2019att\u00e9nuation du bruit \u00e0 haute fr\u00e9quence par rapport au Type X, utilisant des moulages en caoutchouc pour r\u00e9duire les vibrations et prot\u00e9ger les \u00e9quipements sensibles.\" \/>\n<meta name=\"robots\" content=\"index, follow, max-snippet:-1, max-image-preview:large, max-video-preview:-1\" \/>\n<link rel=\"canonical\" href=\"https:\/\/www.christiegrey.com\/fr\/produit\/supports-damortisseurs-2\/\" \/>\n<meta property=\"og:locale\" content=\"fr_FR\" \/>\n<meta property=\"og:type\" content=\"article\" \/>\n<meta property=\"og:title\" content=\"Supports de choc Type Y \u2013 Contr\u00f4le du bruit et des vibrations \u00e0 haute fr\u00e9quence\" \/>\n<meta property=\"og:description\" content=\"Les supports de choc Type Y am\u00e9liorent l\u2019att\u00e9nuation du bruit \u00e0 haute fr\u00e9quence par rapport au Type X, utilisant des moulages en caoutchouc pour r\u00e9duire les vibrations et prot\u00e9ger les \u00e9quipements sensibles.\" \/>\n<meta property=\"og:url\" content=\"https:\/\/www.christiegrey.com\/fr\/produit\/supports-damortisseurs-2\/\" \/>\n<meta property=\"article:publisher\" content=\"https:\/\/www.facebook.com\/christieandgreylimited\" \/>\n<meta property=\"og:image\" content=\"https:\/\/www.christiegrey.com\/wp-content\/uploads\/2025\/12\/ymount.jpg\" \/>\n\t<meta property=\"og:image:width\" content=\"1166\" \/>\n\t<meta property=\"og:image:height\" content=\"1009\" \/>\n\t<meta property=\"og:image:type\" content=\"image\/jpeg\" \/>\n<meta name=\"twitter:card\" content=\"summary_large_image\" \/>\n<meta name=\"twitter:site\" content=\"@christiegreyltd\" \/>\n<script type=\"application\/ld+json\" class=\"yoast-schema-graph\">{\"@context\":\"https:\/\/schema.org\",\"@graph\":[{\"@type\":\"WebPage\",\"@id\":\"https:\/\/www.christiegrey.com\/fr\/produit\/supports-damortisseurs-2\/\",\"url\":\"https:\/\/www.christiegrey.com\/fr\/produit\/supports-damortisseurs-2\/\",\"name\":\"Supports de choc Type Y \u2013 Contr\u00f4le du bruit et des vibrations \u00e0 haute fr\u00e9quence\",\"isPartOf\":{\"@id\":\"https:\/\/www.christiegrey.com\/#website\"},\"primaryImageOfPage\":{\"@id\":\"https:\/\/www.christiegrey.com\/fr\/produit\/supports-damortisseurs-2\/#primaryimage\"},\"image\":{\"@id\":\"https:\/\/www.christiegrey.com\/fr\/produit\/supports-damortisseurs-2\/#primaryimage\"},\"thumbnailUrl\":\"https:\/\/www.christiegrey.com\/wp-content\/uploads\/2025\/12\/ymount.jpg\",\"datePublished\":\"2025-12-25T11:45:18+00:00\",\"description\":\"Les supports de choc Type Y am\u00e9liorent l\u2019att\u00e9nuation du bruit \u00e0 haute fr\u00e9quence par rapport au Type X, utilisant des moulages en caoutchouc pour r\u00e9duire les vibrations et prot\u00e9ger les \u00e9quipements sensibles.\",\"breadcrumb\":{\"@id\":\"https:\/\/www.christiegrey.com\/fr\/produit\/supports-damortisseurs-2\/#breadcrumb\"},\"inLanguage\":\"fr-FR\",\"potentialAction\":[{\"@type\":\"ReadAction\",\"target\":[\"https:\/\/www.christiegrey.com\/fr\/produit\/supports-damortisseurs-2\/\"]}]},{\"@type\":\"ImageObject\",\"inLanguage\":\"fr-FR\",\"@id\":\"https:\/\/www.christiegrey.com\/fr\/produit\/supports-damortisseurs-2\/#primaryimage\",\"url\":\"https:\/\/www.christiegrey.com\/wp-content\/uploads\/2025\/12\/ymount.jpg\",\"contentUrl\":\"https:\/\/www.christiegrey.com\/wp-content\/uploads\/2025\/12\/ymount.jpg\",\"width\":1166,\"height\":1009,\"caption\":\"Type Y shock mounts for high-frequency vibration control\"},{\"@type\":\"BreadcrumbList\",\"@id\":\"https:\/\/www.christiegrey.com\/fr\/produit\/supports-damortisseurs-2\/#breadcrumb\",\"itemListElement\":[{\"@type\":\"ListItem\",\"position\":1,\"name\":\"Accueil\",\"item\":\"https:\/\/www.christiegrey.com\/\"},{\"@type\":\"ListItem\",\"position\":2,\"name\":\"Nos produits\",\"item\":\"https:\/\/www.christiegrey.com\/fr\/boutique\/\"},{\"@type\":\"ListItem\",\"position\":3,\"name\":\"Supports d\u2019amortisseurs\"}]},{\"@type\":\"WebSite\",\"@id\":\"https:\/\/www.christiegrey.com\/#website\",\"url\":\"https:\/\/www.christiegrey.com\/\",\"name\":\"Christie & Grey\",\"description\":\"\",\"publisher\":{\"@id\":\"https:\/\/www.christiegrey.com\/#organization\"},\"potentialAction\":[{\"@type\":\"SearchAction\",\"target\":{\"@type\":\"EntryPoint\",\"urlTemplate\":\"https:\/\/www.christiegrey.com\/?s={search_term_string}\"},\"query-input\":{\"@type\":\"PropertyValueSpecification\",\"valueRequired\":true,\"valueName\":\"search_term_string\"}}],\"inLanguage\":\"fr-FR\"},{\"@type\":\"Organization\",\"@id\":\"https:\/\/www.christiegrey.com\/#organization\",\"name\":\"Christie & Grey\",\"url\":\"https:\/\/www.christiegrey.com\/\",\"logo\":{\"@type\":\"ImageObject\",\"inLanguage\":\"fr-FR\",\"@id\":\"https:\/\/www.christiegrey.com\/#\/schema\/logo\/image\/\",\"url\":\"https:\/\/www.christiegrey.com\/wp-content\/uploads\/2026\/02\/cropped-logo-scaled-1.png\",\"contentUrl\":\"https:\/\/www.christiegrey.com\/wp-content\/uploads\/2026\/02\/cropped-logo-scaled-1.png\",\"width\":250,\"height\":90,\"caption\":\"Christie & Grey\"},\"image\":{\"@id\":\"https:\/\/www.christiegrey.com\/#\/schema\/logo\/image\/\"},\"sameAs\":[\"https:\/\/www.facebook.com\/christieandgreylimited\",\"https:\/\/x.com\/christiegreyltd\"]}]}<\/script>\n<!-- \/ Yoast SEO plugin. -->","yoast_head_json":{"title":"Supports de choc Type Y \u2013 Contr\u00f4le du bruit et des vibrations \u00e0 haute fr\u00e9quence","description":"Les supports de choc Type Y am\u00e9liorent l\u2019att\u00e9nuation du bruit \u00e0 haute fr\u00e9quence par rapport au Type X, utilisant des moulages en caoutchouc pour r\u00e9duire les vibrations et prot\u00e9ger les \u00e9quipements sensibles.","robots":{"index":"index","follow":"follow","max-snippet":"max-snippet:-1","max-image-preview":"max-image-preview:large","max-video-preview":"max-video-preview:-1"},"canonical":"https:\/\/www.christiegrey.com\/fr\/produit\/supports-damortisseurs-2\/","og_locale":"fr_FR","og_type":"article","og_title":"Supports de choc Type Y \u2013 Contr\u00f4le du bruit et des vibrations \u00e0 haute fr\u00e9quence","og_description":"Les supports de choc Type Y am\u00e9liorent l\u2019att\u00e9nuation du bruit \u00e0 haute fr\u00e9quence par rapport au Type X, utilisant des moulages en caoutchouc pour r\u00e9duire les vibrations et prot\u00e9ger les \u00e9quipements sensibles.","og_url":"https:\/\/www.christiegrey.com\/fr\/produit\/supports-damortisseurs-2\/","article_publisher":"https:\/\/www.facebook.com\/christieandgreylimited","og_image":[{"width":1166,"height":1009,"url":"https:\/\/www.christiegrey.com\/wp-content\/uploads\/2025\/12\/ymount.jpg","type":"image\/jpeg"}],"twitter_card":"summary_large_image","twitter_site":"@christiegreyltd","schema":{"@context":"https:\/\/schema.org","@graph":[{"@type":"WebPage","@id":"https:\/\/www.christiegrey.com\/fr\/produit\/supports-damortisseurs-2\/","url":"https:\/\/www.christiegrey.com\/fr\/produit\/supports-damortisseurs-2\/","name":"Supports de choc Type Y \u2013 Contr\u00f4le du bruit et des vibrations \u00e0 haute fr\u00e9quence","isPartOf":{"@id":"https:\/\/www.christiegrey.com\/#website"},"primaryImageOfPage":{"@id":"https:\/\/www.christiegrey.com\/fr\/produit\/supports-damortisseurs-2\/#primaryimage"},"image":{"@id":"https:\/\/www.christiegrey.com\/fr\/produit\/supports-damortisseurs-2\/#primaryimage"},"thumbnailUrl":"https:\/\/www.christiegrey.com\/wp-content\/uploads\/2025\/12\/ymount.jpg","datePublished":"2025-12-25T11:45:18+00:00","description":"Les supports de choc Type Y am\u00e9liorent l\u2019att\u00e9nuation du bruit \u00e0 haute fr\u00e9quence par rapport au Type X, utilisant des moulages en caoutchouc pour r\u00e9duire les vibrations et prot\u00e9ger les \u00e9quipements sensibles.","breadcrumb":{"@id":"https:\/\/www.christiegrey.com\/fr\/produit\/supports-damortisseurs-2\/#breadcrumb"},"inLanguage":"fr-FR","potentialAction":[{"@type":"ReadAction","target":["https:\/\/www.christiegrey.com\/fr\/produit\/supports-damortisseurs-2\/"]}]},{"@type":"ImageObject","inLanguage":"fr-FR","@id":"https:\/\/www.christiegrey.com\/fr\/produit\/supports-damortisseurs-2\/#primaryimage","url":"https:\/\/www.christiegrey.com\/wp-content\/uploads\/2025\/12\/ymount.jpg","contentUrl":"https:\/\/www.christiegrey.com\/wp-content\/uploads\/2025\/12\/ymount.jpg","width":1166,"height":1009,"caption":"Type Y shock mounts for high-frequency vibration control"},{"@type":"BreadcrumbList","@id":"https:\/\/www.christiegrey.com\/fr\/produit\/supports-damortisseurs-2\/#breadcrumb","itemListElement":[{"@type":"ListItem","position":1,"name":"Accueil","item":"https:\/\/www.christiegrey.com\/"},{"@type":"ListItem","position":2,"name":"Nos produits","item":"https:\/\/www.christiegrey.com\/fr\/boutique\/"},{"@type":"ListItem","position":3,"name":"Supports d\u2019amortisseurs"}]},{"@type":"WebSite","@id":"https:\/\/www.christiegrey.com\/#website","url":"https:\/\/www.christiegrey.com\/","name":"Christie & Grey","description":"","publisher":{"@id":"https:\/\/www.christiegrey.com\/#organization"},"potentialAction":[{"@type":"SearchAction","target":{"@type":"EntryPoint","urlTemplate":"https:\/\/www.christiegrey.com\/?s={search_term_string}"},"query-input":{"@type":"PropertyValueSpecification","valueRequired":true,"valueName":"search_term_string"}}],"inLanguage":"fr-FR"},{"@type":"Organization","@id":"https:\/\/www.christiegrey.com\/#organization","name":"Christie & Grey","url":"https:\/\/www.christiegrey.com\/","logo":{"@type":"ImageObject","inLanguage":"fr-FR","@id":"https:\/\/www.christiegrey.com\/#\/schema\/logo\/image\/","url":"https:\/\/www.christiegrey.com\/wp-content\/uploads\/2026\/02\/cropped-logo-scaled-1.png","contentUrl":"https:\/\/www.christiegrey.com\/wp-content\/uploads\/2026\/02\/cropped-logo-scaled-1.png","width":250,"height":90,"caption":"Christie & Grey"},"image":{"@id":"https:\/\/www.christiegrey.com\/#\/schema\/logo\/image\/"},"sameAs":["https:\/\/www.facebook.com\/christieandgreylimited","https:\/\/x.com\/christiegreyltd"]}]}},"_links":{"self":[{"href":"https:\/\/www.christiegrey.com\/fr\/wp-json\/wp\/v2\/product\/4441","targetHints":{"allow":["GET"]}}],"collection":[{"href":"https:\/\/www.christiegrey.com\/fr\/wp-json\/wp\/v2\/product"}],"about":[{"href":"https:\/\/www.christiegrey.com\/fr\/wp-json\/wp\/v2\/types\/product"}],"replies":[{"embeddable":true,"href":"https:\/\/www.christiegrey.com\/fr\/wp-json\/wp\/v2\/comments?post=4441"}],"wp:featuredmedia":[{"embeddable":true,"href":"https:\/\/www.christiegrey.com\/fr\/wp-json\/wp\/v2\/media\/1020"}],"wp:attachment":[{"href":"https:\/\/www.christiegrey.com\/fr\/wp-json\/wp\/v2\/media?parent=4441"}],"wp:term":[{"taxonomy":"product_brand","embeddable":true,"href":"https:\/\/www.christiegrey.com\/fr\/wp-json\/wp\/v2\/product_brand?post=4441"},{"taxonomy":"product_cat","embeddable":true,"href":"https:\/\/www.christiegrey.com\/fr\/wp-json\/wp\/v2\/product_cat?post=4441"},{"taxonomy":"product_tag","embeddable":true,"href":"https:\/\/www.christiegrey.com\/fr\/wp-json\/wp\/v2\/product_tag?post=4441"}],"curies":[{"name":"wp","href":"https:\/\/api.w.org\/{rel}","templated":true}]}}