{"id":4440,"date":"2025-12-25T13:46:48","date_gmt":"2025-12-25T13:46:48","guid":{"rendered":"https:\/\/www.christiegrey.com\/product\/montages-a-ressort-ouvert\/"},"modified":"2025-12-25T13:46:48","modified_gmt":"2025-12-25T13:46:48","slug":"montages-a-ressort-ouvert","status":"publish","type":"product","link":"https:\/\/www.christiegrey.com\/fr\/produit\/montages-a-ressort-ouvert\/","title":{"rendered":"Montages \u00e0 ressort ouvert"},"content":{"rendered":"<p>Initialement con\u00e7us pour \u00eatre utilis\u00e9s avec les cadres de coul\u00e9e d\u2019inertie de type IPF, les montages OS sont d\u00e9sormais largement utilis\u00e9s pour isoler les vibrations de tous les types imaginables de machines rotatives et alternatives. Lorsque le contr\u00f4le du mouvement transitoire est n\u00e9cessaire, des montages \u00e0 ressort ouvert peuvent \u00eatre utilis\u00e9s en compl\u00e9ment de nos amortisseurs visqueux de type MD\/3. <\/p>\n<p>Pour les applications n\u00e9cessitant un boulonnage, le coussin de si\u00e8ge en caoutchouc et les \u0153illets garantissent qu\u2019il n\u2019y a pas de passage m\u00e9tallique direct entre la machine et les si\u00e8ges, renfor\u00e7ant ainsi l\u2019isolation sonore haute fr\u00e9quence.<\/p>\n","protected":false},"excerpt":{"rendered":"<p>Type OSB, OSS et OS<\/p>\n","protected":false},"featured_media":1036,"comment_status":"open","ping_status":"closed","template":"","meta":{"_acf_changed":false},"product_brand":[],"product_cat":[149,136,119,120],"product_tag":[],"class_list":{"0":"post-4440","1":"product","2":"type-product","3":"status-publish","4":"has-post-thumbnail","6":"product_cat-pompes-compresseurs-et-refroidisseurs","7":"product_cat-production-delectricite","8":"product_cat-solutions-industrielles","9":"product_cat-ventilateurs-et-unites-de-traitement-de-lair","11":"first","12":"instock","13":"shipping-taxable","14":"purchasable","15":"product-type-simple"},"acf":[],"yoast_head":"<!-- This site is optimized with the Yoast SEO plugin v27.0 - https:\/\/yoast.com\/product\/yoast-seo-wordpress\/ -->\n<title>Montages \u00e0 ressort ouverts pour l\u2019isolation des vibrations et du bruit<\/title>\n<meta name=\"description\" content=\"Montages \u00e0 ressort ouverts con\u00e7us pour isoler les vibrations des machines rotatives et alternatives. Id\u00e9al pour le contr\u00f4le du mouvement transitoire avec un bruit \u00e9lev\u00e9\" \/>\n<meta name=\"robots\" content=\"index, follow, max-snippet:-1, max-image-preview:large, max-video-preview:-1\" \/>\n<link rel=\"canonical\" href=\"https:\/\/www.christiegrey.com\/fr\/produit\/montages-a-ressort-ouvert\/\" \/>\n<meta property=\"og:locale\" content=\"fr_FR\" \/>\n<meta property=\"og:type\" content=\"article\" \/>\n<meta property=\"og:title\" content=\"Montages \u00e0 ressort ouverts pour l\u2019isolation des vibrations et du bruit\" \/>\n<meta property=\"og:description\" content=\"Montages \u00e0 ressort ouverts con\u00e7us pour isoler les vibrations des machines rotatives et alternatives. Id\u00e9al pour le contr\u00f4le du mouvement transitoire avec un bruit \u00e9lev\u00e9\" \/>\n<meta property=\"og:url\" content=\"https:\/\/www.christiegrey.com\/fr\/produit\/montages-a-ressort-ouvert\/\" \/>\n<meta property=\"article:publisher\" content=\"https:\/\/www.facebook.com\/christieandgreylimited\" \/>\n<meta property=\"og:image\" content=\"https:\/\/www.christiegrey.com\/wp-content\/uploads\/2025\/12\/os_group_small_365_365.jpg\" \/>\n\t<meta property=\"og:image:width\" content=\"365\" \/>\n\t<meta property=\"og:image:height\" content=\"365\" \/>\n\t<meta property=\"og:image:type\" content=\"image\/jpeg\" \/>\n<meta name=\"twitter:card\" content=\"summary_large_image\" \/>\n<meta name=\"twitter:site\" content=\"@christiegreyltd\" \/>\n<meta name=\"twitter:label1\" content=\"Dur\u00e9e de lecture estim\u00e9e\" \/>\n\t<meta name=\"twitter:data1\" content=\"1 minute\" \/>\n<script type=\"application\/ld+json\" class=\"yoast-schema-graph\">{\"@context\":\"https:\/\/schema.org\",\"@graph\":[{\"@type\":\"WebPage\",\"@id\":\"https:\/\/www.christiegrey.com\/fr\/produit\/montages-a-ressort-ouvert\/\",\"url\":\"https:\/\/www.christiegrey.com\/fr\/produit\/montages-a-ressort-ouvert\/\",\"name\":\"Montages \u00e0 ressort ouverts pour l\u2019isolation des vibrations et du bruit\",\"isPartOf\":{\"@id\":\"https:\/\/www.christiegrey.com\/#website\"},\"primaryImageOfPage\":{\"@id\":\"https:\/\/www.christiegrey.com\/fr\/produit\/montages-a-ressort-ouvert\/#primaryimage\"},\"image\":{\"@id\":\"https:\/\/www.christiegrey.com\/fr\/produit\/montages-a-ressort-ouvert\/#primaryimage\"},\"thumbnailUrl\":\"https:\/\/www.christiegrey.com\/wp-content\/uploads\/2025\/12\/os_group_small_365_365.jpg\",\"datePublished\":\"2025-12-25T13:46:48+00:00\",\"description\":\"Montages \u00e0 ressort ouverts con\u00e7us pour isoler les vibrations des machines rotatives et alternatives. Id\u00e9al pour le contr\u00f4le du mouvement transitoire avec un bruit \u00e9lev\u00e9\",\"breadcrumb\":{\"@id\":\"https:\/\/www.christiegrey.com\/fr\/produit\/montages-a-ressort-ouvert\/#breadcrumb\"},\"inLanguage\":\"fr-FR\",\"potentialAction\":[{\"@type\":\"ReadAction\",\"target\":[\"https:\/\/www.christiegrey.com\/fr\/produit\/montages-a-ressort-ouvert\/\"]}]},{\"@type\":\"ImageObject\",\"inLanguage\":\"fr-FR\",\"@id\":\"https:\/\/www.christiegrey.com\/fr\/produit\/montages-a-ressort-ouvert\/#primaryimage\",\"url\":\"https:\/\/www.christiegrey.com\/wp-content\/uploads\/2025\/12\/os_group_small_365_365.jpg\",\"contentUrl\":\"https:\/\/www.christiegrey.com\/wp-content\/uploads\/2025\/12\/os_group_small_365_365.jpg\",\"width\":365,\"height\":365,\"caption\":\"Open Spring Mountings\"},{\"@type\":\"BreadcrumbList\",\"@id\":\"https:\/\/www.christiegrey.com\/fr\/produit\/montages-a-ressort-ouvert\/#breadcrumb\",\"itemListElement\":[{\"@type\":\"ListItem\",\"position\":1,\"name\":\"Accueil\",\"item\":\"https:\/\/www.christiegrey.com\/\"},{\"@type\":\"ListItem\",\"position\":2,\"name\":\"Nos produits\",\"item\":\"https:\/\/www.christiegrey.com\/fr\/boutique\/\"},{\"@type\":\"ListItem\",\"position\":3,\"name\":\"Montages \u00e0 ressort ouvert\"}]},{\"@type\":\"WebSite\",\"@id\":\"https:\/\/www.christiegrey.com\/#website\",\"url\":\"https:\/\/www.christiegrey.com\/\",\"name\":\"Christie & Grey\",\"description\":\"\",\"publisher\":{\"@id\":\"https:\/\/www.christiegrey.com\/#organization\"},\"potentialAction\":[{\"@type\":\"SearchAction\",\"target\":{\"@type\":\"EntryPoint\",\"urlTemplate\":\"https:\/\/www.christiegrey.com\/?s={search_term_string}\"},\"query-input\":{\"@type\":\"PropertyValueSpecification\",\"valueRequired\":true,\"valueName\":\"search_term_string\"}}],\"inLanguage\":\"fr-FR\"},{\"@type\":\"Organization\",\"@id\":\"https:\/\/www.christiegrey.com\/#organization\",\"name\":\"Christie & Grey\",\"url\":\"https:\/\/www.christiegrey.com\/\",\"logo\":{\"@type\":\"ImageObject\",\"inLanguage\":\"fr-FR\",\"@id\":\"https:\/\/www.christiegrey.com\/#\/schema\/logo\/image\/\",\"url\":\"https:\/\/www.christiegrey.com\/wp-content\/uploads\/2026\/02\/cropped-logo-scaled-1.png\",\"contentUrl\":\"https:\/\/www.christiegrey.com\/wp-content\/uploads\/2026\/02\/cropped-logo-scaled-1.png\",\"width\":250,\"height\":90,\"caption\":\"Christie & Grey\"},\"image\":{\"@id\":\"https:\/\/www.christiegrey.com\/#\/schema\/logo\/image\/\"},\"sameAs\":[\"https:\/\/www.facebook.com\/christieandgreylimited\",\"https:\/\/x.com\/christiegreyltd\"]}]}<\/script>\n<!-- \/ Yoast SEO plugin. -->","yoast_head_json":{"title":"Montages \u00e0 ressort ouverts pour l\u2019isolation des vibrations et du bruit","description":"Montages \u00e0 ressort ouverts con\u00e7us pour isoler les vibrations des machines rotatives et alternatives. Id\u00e9al pour le contr\u00f4le du mouvement transitoire avec un bruit \u00e9lev\u00e9","robots":{"index":"index","follow":"follow","max-snippet":"max-snippet:-1","max-image-preview":"max-image-preview:large","max-video-preview":"max-video-preview:-1"},"canonical":"https:\/\/www.christiegrey.com\/fr\/produit\/montages-a-ressort-ouvert\/","og_locale":"fr_FR","og_type":"article","og_title":"Montages \u00e0 ressort ouverts pour l\u2019isolation des vibrations et du bruit","og_description":"Montages \u00e0 ressort ouverts con\u00e7us pour isoler les vibrations des machines rotatives et alternatives. Id\u00e9al pour le contr\u00f4le du mouvement transitoire avec un bruit \u00e9lev\u00e9","og_url":"https:\/\/www.christiegrey.com\/fr\/produit\/montages-a-ressort-ouvert\/","article_publisher":"https:\/\/www.facebook.com\/christieandgreylimited","og_image":[{"width":365,"height":365,"url":"https:\/\/www.christiegrey.com\/wp-content\/uploads\/2025\/12\/os_group_small_365_365.jpg","type":"image\/jpeg"}],"twitter_card":"summary_large_image","twitter_site":"@christiegreyltd","twitter_misc":{"Dur\u00e9e de lecture estim\u00e9e":"1 minute"},"schema":{"@context":"https:\/\/schema.org","@graph":[{"@type":"WebPage","@id":"https:\/\/www.christiegrey.com\/fr\/produit\/montages-a-ressort-ouvert\/","url":"https:\/\/www.christiegrey.com\/fr\/produit\/montages-a-ressort-ouvert\/","name":"Montages \u00e0 ressort ouverts pour l\u2019isolation des vibrations et du bruit","isPartOf":{"@id":"https:\/\/www.christiegrey.com\/#website"},"primaryImageOfPage":{"@id":"https:\/\/www.christiegrey.com\/fr\/produit\/montages-a-ressort-ouvert\/#primaryimage"},"image":{"@id":"https:\/\/www.christiegrey.com\/fr\/produit\/montages-a-ressort-ouvert\/#primaryimage"},"thumbnailUrl":"https:\/\/www.christiegrey.com\/wp-content\/uploads\/2025\/12\/os_group_small_365_365.jpg","datePublished":"2025-12-25T13:46:48+00:00","description":"Montages \u00e0 ressort ouverts con\u00e7us pour isoler les vibrations des machines rotatives et alternatives. Id\u00e9al pour le contr\u00f4le du mouvement transitoire avec un bruit \u00e9lev\u00e9","breadcrumb":{"@id":"https:\/\/www.christiegrey.com\/fr\/produit\/montages-a-ressort-ouvert\/#breadcrumb"},"inLanguage":"fr-FR","potentialAction":[{"@type":"ReadAction","target":["https:\/\/www.christiegrey.com\/fr\/produit\/montages-a-ressort-ouvert\/"]}]},{"@type":"ImageObject","inLanguage":"fr-FR","@id":"https:\/\/www.christiegrey.com\/fr\/produit\/montages-a-ressort-ouvert\/#primaryimage","url":"https:\/\/www.christiegrey.com\/wp-content\/uploads\/2025\/12\/os_group_small_365_365.jpg","contentUrl":"https:\/\/www.christiegrey.com\/wp-content\/uploads\/2025\/12\/os_group_small_365_365.jpg","width":365,"height":365,"caption":"Open Spring Mountings"},{"@type":"BreadcrumbList","@id":"https:\/\/www.christiegrey.com\/fr\/produit\/montages-a-ressort-ouvert\/#breadcrumb","itemListElement":[{"@type":"ListItem","position":1,"name":"Accueil","item":"https:\/\/www.christiegrey.com\/"},{"@type":"ListItem","position":2,"name":"Nos produits","item":"https:\/\/www.christiegrey.com\/fr\/boutique\/"},{"@type":"ListItem","position":3,"name":"Montages \u00e0 ressort ouvert"}]},{"@type":"WebSite","@id":"https:\/\/www.christiegrey.com\/#website","url":"https:\/\/www.christiegrey.com\/","name":"Christie & Grey","description":"","publisher":{"@id":"https:\/\/www.christiegrey.com\/#organization"},"potentialAction":[{"@type":"SearchAction","target":{"@type":"EntryPoint","urlTemplate":"https:\/\/www.christiegrey.com\/?s={search_term_string}"},"query-input":{"@type":"PropertyValueSpecification","valueRequired":true,"valueName":"search_term_string"}}],"inLanguage":"fr-FR"},{"@type":"Organization","@id":"https:\/\/www.christiegrey.com\/#organization","name":"Christie & Grey","url":"https:\/\/www.christiegrey.com\/","logo":{"@type":"ImageObject","inLanguage":"fr-FR","@id":"https:\/\/www.christiegrey.com\/#\/schema\/logo\/image\/","url":"https:\/\/www.christiegrey.com\/wp-content\/uploads\/2026\/02\/cropped-logo-scaled-1.png","contentUrl":"https:\/\/www.christiegrey.com\/wp-content\/uploads\/2026\/02\/cropped-logo-scaled-1.png","width":250,"height":90,"caption":"Christie & Grey"},"image":{"@id":"https:\/\/www.christiegrey.com\/#\/schema\/logo\/image\/"},"sameAs":["https:\/\/www.facebook.com\/christieandgreylimited","https:\/\/x.com\/christiegreyltd"]}]}},"_links":{"self":[{"href":"https:\/\/www.christiegrey.com\/fr\/wp-json\/wp\/v2\/product\/4440","targetHints":{"allow":["GET"]}}],"collection":[{"href":"https:\/\/www.christiegrey.com\/fr\/wp-json\/wp\/v2\/product"}],"about":[{"href":"https:\/\/www.christiegrey.com\/fr\/wp-json\/wp\/v2\/types\/product"}],"replies":[{"embeddable":true,"href":"https:\/\/www.christiegrey.com\/fr\/wp-json\/wp\/v2\/comments?post=4440"}],"wp:featuredmedia":[{"embeddable":true,"href":"https:\/\/www.christiegrey.com\/fr\/wp-json\/wp\/v2\/media\/1036"}],"wp:attachment":[{"href":"https:\/\/www.christiegrey.com\/fr\/wp-json\/wp\/v2\/media?parent=4440"}],"wp:term":[{"taxonomy":"product_brand","embeddable":true,"href":"https:\/\/www.christiegrey.com\/fr\/wp-json\/wp\/v2\/product_brand?post=4440"},{"taxonomy":"product_cat","embeddable":true,"href":"https:\/\/www.christiegrey.com\/fr\/wp-json\/wp\/v2\/product_cat?post=4440"},{"taxonomy":"product_tag","embeddable":true,"href":"https:\/\/www.christiegrey.com\/fr\/wp-json\/wp\/v2\/product_tag?post=4440"}],"curies":[{"name":"wp","href":"https:\/\/api.w.org\/{rel}","templated":true}]}}