{"id":4432,"date":"2025-12-25T13:54:59","date_gmt":"2025-12-25T13:54:59","guid":{"rendered":"https:\/\/www.christiegrey.com\/product\/cadres-de-coulage-par-inertie\/"},"modified":"2026-01-30T21:53:16","modified_gmt":"2026-01-30T21:53:16","slug":"cadres-de-coulage-par-inertie","status":"publish","type":"product","link":"https:\/\/www.christiegrey.com\/fr\/produit\/cadres-de-coulage-par-inertie\/","title":{"rendered":"Cadres de coulage par inertie"},"content":{"rendered":"<p>Les cadres \u00e0 coul\u00e9e d\u2019inertie ont \u00e9t\u00e9 d\u00e9velopp\u00e9s pour \u00eatre utilis\u00e9s avec des machines produisant de fortes vibrations, soumises \u00e0 des forces externes ou simplement instables lorsqu\u2019elles sont mont\u00e9es directement sur des supports \u00e0 ressort ou en caoutchouc.<\/p>\n<p>L\u2019utilisation de cadres en acier remplis de b\u00e9ton Type IPF permet l\u2019utilisation de syst\u00e8mes de montage \u00e0 haute d\u00e9formation et faible rigidit\u00e9, offrant une isolation des vibrations extr\u00eamement \u00e9lev\u00e9e sans mouvement excessif.<\/p>\n","protected":false},"excerpt":{"rendered":"<p>Type IPF<\/p>\n","protected":false},"featured_media":1040,"comment_status":"open","ping_status":"closed","template":"","meta":{"_acf_changed":false},"product_brand":[],"product_cat":[149,108,138,107,119,120],"product_tag":[],"class_list":{"0":"post-4432","1":"product","2":"type-product","3":"status-publish","4":"has-post-thumbnail","6":"product_cat-pompes-compresseurs-et-refroidisseurs","7":"product_cat-produits-acoustiques-pour-plafond","8":"product_cat-produits-muraux-acoustiques","9":"product_cat-solutions-de-construction","10":"product_cat-solutions-industrielles","11":"product_cat-ventilateurs-et-unites-de-traitement-de-lair","13":"first","14":"instock","15":"shipping-taxable","16":"purchasable","17":"product-type-simple"},"acf":[],"yoast_head":"<!-- This site is optimized with the Yoast SEO plugin v27.0 - https:\/\/yoast.com\/product\/yoast-seo-wordpress\/ -->\n<title>Cadres de coul\u00e9e d\u2019inertie (type IPF) pour une forte isolation des vibrations<\/title>\n<meta name=\"description\" content=\"Les cadres de coul\u00e9e \u00e0 inertie utilisent de l\u2019acier rempli de b\u00e9ton pour offrir une forte isolation des vibrations pour les machines pr\u00e9sentant des vibrations \u00e9lev\u00e9es ou des conditions de montage instables.\" \/>\n<meta name=\"robots\" content=\"index, follow, max-snippet:-1, max-image-preview:large, max-video-preview:-1\" \/>\n<link rel=\"canonical\" href=\"https:\/\/www.christiegrey.com\/fr\/produit\/cadres-de-coulage-par-inertie\/\" \/>\n<meta property=\"og:locale\" content=\"fr_FR\" \/>\n<meta property=\"og:type\" content=\"article\" \/>\n<meta property=\"og:title\" content=\"Cadres de coul\u00e9e d\u2019inertie (type IPF) pour une forte isolation des vibrations\" \/>\n<meta property=\"og:description\" content=\"Les cadres de coul\u00e9e \u00e0 inertie utilisent de l\u2019acier rempli de b\u00e9ton pour offrir une forte isolation des vibrations pour les machines pr\u00e9sentant des vibrations \u00e9lev\u00e9es ou des conditions de montage instables.\" \/>\n<meta property=\"og:url\" content=\"https:\/\/www.christiegrey.com\/fr\/produit\/cadres-de-coulage-par-inertie\/\" \/>\n<meta property=\"article:publisher\" content=\"https:\/\/www.facebook.com\/christieandgreylimited\" \/>\n<meta property=\"article:modified_time\" content=\"2026-01-30T21:53:16+00:00\" \/>\n<meta property=\"og:image\" content=\"https:\/\/www.christiegrey.com\/wp-content\/uploads\/2025\/12\/ipf_365_365.jpg\" \/>\n\t<meta property=\"og:image:width\" content=\"365\" \/>\n\t<meta property=\"og:image:height\" content=\"365\" \/>\n\t<meta property=\"og:image:type\" content=\"image\/jpeg\" \/>\n<meta name=\"twitter:card\" content=\"summary_large_image\" \/>\n<meta name=\"twitter:site\" content=\"@christiegreyltd\" \/>\n<script type=\"application\/ld+json\" class=\"yoast-schema-graph\">{\"@context\":\"https:\/\/schema.org\",\"@graph\":[{\"@type\":\"WebPage\",\"@id\":\"https:\/\/www.christiegrey.com\/fr\/produit\/cadres-de-coulage-par-inertie\/\",\"url\":\"https:\/\/www.christiegrey.com\/fr\/produit\/cadres-de-coulage-par-inertie\/\",\"name\":\"Cadres de coul\u00e9e d\u2019inertie (type IPF) pour une forte isolation des vibrations\",\"isPartOf\":{\"@id\":\"https:\/\/www.christiegrey.com\/#website\"},\"primaryImageOfPage\":{\"@id\":\"https:\/\/www.christiegrey.com\/fr\/produit\/cadres-de-coulage-par-inertie\/#primaryimage\"},\"image\":{\"@id\":\"https:\/\/www.christiegrey.com\/fr\/produit\/cadres-de-coulage-par-inertie\/#primaryimage\"},\"thumbnailUrl\":\"https:\/\/www.christiegrey.com\/wp-content\/uploads\/2025\/12\/ipf_365_365.jpg\",\"datePublished\":\"2025-12-25T13:54:59+00:00\",\"dateModified\":\"2026-01-30T21:53:16+00:00\",\"description\":\"Les cadres de coul\u00e9e \u00e0 inertie utilisent de l\u2019acier rempli de b\u00e9ton pour offrir une forte isolation des vibrations pour les machines pr\u00e9sentant des vibrations \u00e9lev\u00e9es ou des conditions de montage instables.\",\"breadcrumb\":{\"@id\":\"https:\/\/www.christiegrey.com\/fr\/produit\/cadres-de-coulage-par-inertie\/#breadcrumb\"},\"inLanguage\":\"fr-FR\",\"potentialAction\":[{\"@type\":\"ReadAction\",\"target\":[\"https:\/\/www.christiegrey.com\/fr\/produit\/cadres-de-coulage-par-inertie\/\"]}]},{\"@type\":\"ImageObject\",\"inLanguage\":\"fr-FR\",\"@id\":\"https:\/\/www.christiegrey.com\/fr\/produit\/cadres-de-coulage-par-inertie\/#primaryimage\",\"url\":\"https:\/\/www.christiegrey.com\/wp-content\/uploads\/2025\/12\/ipf_365_365.jpg\",\"contentUrl\":\"https:\/\/www.christiegrey.com\/wp-content\/uploads\/2025\/12\/ipf_365_365.jpg\",\"width\":365,\"height\":365,\"caption\":\"Type IPF concrete pouring frames\"},{\"@type\":\"BreadcrumbList\",\"@id\":\"https:\/\/www.christiegrey.com\/fr\/produit\/cadres-de-coulage-par-inertie\/#breadcrumb\",\"itemListElement\":[{\"@type\":\"ListItem\",\"position\":1,\"name\":\"Accueil\",\"item\":\"https:\/\/www.christiegrey.com\/\"},{\"@type\":\"ListItem\",\"position\":2,\"name\":\"Nos produits\",\"item\":\"https:\/\/www.christiegrey.com\/fr\/boutique\/\"},{\"@type\":\"ListItem\",\"position\":3,\"name\":\"Cadres de coulage par inertie\"}]},{\"@type\":\"WebSite\",\"@id\":\"https:\/\/www.christiegrey.com\/#website\",\"url\":\"https:\/\/www.christiegrey.com\/\",\"name\":\"Christie & Grey\",\"description\":\"\",\"publisher\":{\"@id\":\"https:\/\/www.christiegrey.com\/#organization\"},\"potentialAction\":[{\"@type\":\"SearchAction\",\"target\":{\"@type\":\"EntryPoint\",\"urlTemplate\":\"https:\/\/www.christiegrey.com\/?s={search_term_string}\"},\"query-input\":{\"@type\":\"PropertyValueSpecification\",\"valueRequired\":true,\"valueName\":\"search_term_string\"}}],\"inLanguage\":\"fr-FR\"},{\"@type\":\"Organization\",\"@id\":\"https:\/\/www.christiegrey.com\/#organization\",\"name\":\"Christie & Grey\",\"url\":\"https:\/\/www.christiegrey.com\/\",\"logo\":{\"@type\":\"ImageObject\",\"inLanguage\":\"fr-FR\",\"@id\":\"https:\/\/www.christiegrey.com\/#\/schema\/logo\/image\/\",\"url\":\"https:\/\/www.christiegrey.com\/wp-content\/uploads\/2026\/02\/cropped-logo-scaled-1.png\",\"contentUrl\":\"https:\/\/www.christiegrey.com\/wp-content\/uploads\/2026\/02\/cropped-logo-scaled-1.png\",\"width\":250,\"height\":90,\"caption\":\"Christie & Grey\"},\"image\":{\"@id\":\"https:\/\/www.christiegrey.com\/#\/schema\/logo\/image\/\"},\"sameAs\":[\"https:\/\/www.facebook.com\/christieandgreylimited\",\"https:\/\/x.com\/christiegreyltd\"]}]}<\/script>\n<!-- \/ Yoast SEO plugin. -->","yoast_head_json":{"title":"Cadres de coul\u00e9e d\u2019inertie (type IPF) pour une forte isolation des vibrations","description":"Les cadres de coul\u00e9e \u00e0 inertie utilisent de l\u2019acier rempli de b\u00e9ton pour offrir une forte isolation des vibrations pour les machines pr\u00e9sentant des vibrations \u00e9lev\u00e9es ou des conditions de montage instables.","robots":{"index":"index","follow":"follow","max-snippet":"max-snippet:-1","max-image-preview":"max-image-preview:large","max-video-preview":"max-video-preview:-1"},"canonical":"https:\/\/www.christiegrey.com\/fr\/produit\/cadres-de-coulage-par-inertie\/","og_locale":"fr_FR","og_type":"article","og_title":"Cadres de coul\u00e9e d\u2019inertie (type IPF) pour une forte isolation des vibrations","og_description":"Les cadres de coul\u00e9e \u00e0 inertie utilisent de l\u2019acier rempli de b\u00e9ton pour offrir une forte isolation des vibrations pour les machines pr\u00e9sentant des vibrations \u00e9lev\u00e9es ou des conditions de montage instables.","og_url":"https:\/\/www.christiegrey.com\/fr\/produit\/cadres-de-coulage-par-inertie\/","article_publisher":"https:\/\/www.facebook.com\/christieandgreylimited","article_modified_time":"2026-01-30T21:53:16+00:00","og_image":[{"width":365,"height":365,"url":"https:\/\/www.christiegrey.com\/wp-content\/uploads\/2025\/12\/ipf_365_365.jpg","type":"image\/jpeg"}],"twitter_card":"summary_large_image","twitter_site":"@christiegreyltd","schema":{"@context":"https:\/\/schema.org","@graph":[{"@type":"WebPage","@id":"https:\/\/www.christiegrey.com\/fr\/produit\/cadres-de-coulage-par-inertie\/","url":"https:\/\/www.christiegrey.com\/fr\/produit\/cadres-de-coulage-par-inertie\/","name":"Cadres de coul\u00e9e d\u2019inertie (type IPF) pour une forte isolation des vibrations","isPartOf":{"@id":"https:\/\/www.christiegrey.com\/#website"},"primaryImageOfPage":{"@id":"https:\/\/www.christiegrey.com\/fr\/produit\/cadres-de-coulage-par-inertie\/#primaryimage"},"image":{"@id":"https:\/\/www.christiegrey.com\/fr\/produit\/cadres-de-coulage-par-inertie\/#primaryimage"},"thumbnailUrl":"https:\/\/www.christiegrey.com\/wp-content\/uploads\/2025\/12\/ipf_365_365.jpg","datePublished":"2025-12-25T13:54:59+00:00","dateModified":"2026-01-30T21:53:16+00:00","description":"Les cadres de coul\u00e9e \u00e0 inertie utilisent de l\u2019acier rempli de b\u00e9ton pour offrir une forte isolation des vibrations pour les machines pr\u00e9sentant des vibrations \u00e9lev\u00e9es ou des conditions de montage instables.","breadcrumb":{"@id":"https:\/\/www.christiegrey.com\/fr\/produit\/cadres-de-coulage-par-inertie\/#breadcrumb"},"inLanguage":"fr-FR","potentialAction":[{"@type":"ReadAction","target":["https:\/\/www.christiegrey.com\/fr\/produit\/cadres-de-coulage-par-inertie\/"]}]},{"@type":"ImageObject","inLanguage":"fr-FR","@id":"https:\/\/www.christiegrey.com\/fr\/produit\/cadres-de-coulage-par-inertie\/#primaryimage","url":"https:\/\/www.christiegrey.com\/wp-content\/uploads\/2025\/12\/ipf_365_365.jpg","contentUrl":"https:\/\/www.christiegrey.com\/wp-content\/uploads\/2025\/12\/ipf_365_365.jpg","width":365,"height":365,"caption":"Type IPF concrete pouring frames"},{"@type":"BreadcrumbList","@id":"https:\/\/www.christiegrey.com\/fr\/produit\/cadres-de-coulage-par-inertie\/#breadcrumb","itemListElement":[{"@type":"ListItem","position":1,"name":"Accueil","item":"https:\/\/www.christiegrey.com\/"},{"@type":"ListItem","position":2,"name":"Nos produits","item":"https:\/\/www.christiegrey.com\/fr\/boutique\/"},{"@type":"ListItem","position":3,"name":"Cadres de coulage par inertie"}]},{"@type":"WebSite","@id":"https:\/\/www.christiegrey.com\/#website","url":"https:\/\/www.christiegrey.com\/","name":"Christie & Grey","description":"","publisher":{"@id":"https:\/\/www.christiegrey.com\/#organization"},"potentialAction":[{"@type":"SearchAction","target":{"@type":"EntryPoint","urlTemplate":"https:\/\/www.christiegrey.com\/?s={search_term_string}"},"query-input":{"@type":"PropertyValueSpecification","valueRequired":true,"valueName":"search_term_string"}}],"inLanguage":"fr-FR"},{"@type":"Organization","@id":"https:\/\/www.christiegrey.com\/#organization","name":"Christie & Grey","url":"https:\/\/www.christiegrey.com\/","logo":{"@type":"ImageObject","inLanguage":"fr-FR","@id":"https:\/\/www.christiegrey.com\/#\/schema\/logo\/image\/","url":"https:\/\/www.christiegrey.com\/wp-content\/uploads\/2026\/02\/cropped-logo-scaled-1.png","contentUrl":"https:\/\/www.christiegrey.com\/wp-content\/uploads\/2026\/02\/cropped-logo-scaled-1.png","width":250,"height":90,"caption":"Christie & Grey"},"image":{"@id":"https:\/\/www.christiegrey.com\/#\/schema\/logo\/image\/"},"sameAs":["https:\/\/www.facebook.com\/christieandgreylimited","https:\/\/x.com\/christiegreyltd"]}]}},"_links":{"self":[{"href":"https:\/\/www.christiegrey.com\/fr\/wp-json\/wp\/v2\/product\/4432","targetHints":{"allow":["GET"]}}],"collection":[{"href":"https:\/\/www.christiegrey.com\/fr\/wp-json\/wp\/v2\/product"}],"about":[{"href":"https:\/\/www.christiegrey.com\/fr\/wp-json\/wp\/v2\/types\/product"}],"replies":[{"embeddable":true,"href":"https:\/\/www.christiegrey.com\/fr\/wp-json\/wp\/v2\/comments?post=4432"}],"wp:featuredmedia":[{"embeddable":true,"href":"https:\/\/www.christiegrey.com\/fr\/wp-json\/wp\/v2\/media\/1040"}],"wp:attachment":[{"href":"https:\/\/www.christiegrey.com\/fr\/wp-json\/wp\/v2\/media?parent=4432"}],"wp:term":[{"taxonomy":"product_brand","embeddable":true,"href":"https:\/\/www.christiegrey.com\/fr\/wp-json\/wp\/v2\/product_brand?post=4432"},{"taxonomy":"product_cat","embeddable":true,"href":"https:\/\/www.christiegrey.com\/fr\/wp-json\/wp\/v2\/product_cat?post=4432"},{"taxonomy":"product_tag","embeddable":true,"href":"https:\/\/www.christiegrey.com\/fr\/wp-json\/wp\/v2\/product_tag?post=4432"}],"curies":[{"name":"wp","href":"https:\/\/api.w.org\/{rel}","templated":true}]}}