{"id":4414,"date":"2025-12-25T13:58:49","date_gmt":"2025-12-25T13:58:49","guid":{"rendered":"https:\/\/www.christiegrey.com\/product\/ressorts-ouverts-et-retenus\/"},"modified":"2025-12-25T13:58:49","modified_gmt":"2025-12-25T13:58:49","slug":"ressorts-ouverts-et-retenus","status":"publish","type":"product","link":"https:\/\/www.christiegrey.com\/fr\/produit\/ressorts-ouverts-et-retenus\/","title":{"rendered":"Ressorts ouverts et retenus"},"content":{"rendered":"<p>Le support ORS a \u00e9t\u00e9 con\u00e7u sp\u00e9cifiquement pour des applications o\u00f9 la transmission des vibrations de machines \u00e0 basse fr\u00e9quence vers une structure de b\u00e2timent doit \u00eatre r\u00e9duite afin d\u2019\u00e9viter des dommages physiques ou des d\u00e9sagr\u00e9ments pour les occupants.<\/p>\n<p>C\u2019est un support basse fr\u00e9quence sp\u00e9cialement con\u00e7u pour limiter le mouvement vertical des \u00e9quipements tels que les tours de refroidissement et les refroidisseurs. Cela pourrait autrement \u00eatre excessif en raison de la faible rigidit\u00e9 des ressorts n\u00e9cessaires pour isoler les vibrations de basse fr\u00e9quence. <\/p>\n<p>Les applications situ\u00e9es au niveau du toit peuvent \u00eatre mont\u00e9es avec succ\u00e8s sur les unit\u00e9s ORS, car tout mouvement caus\u00e9 par de fortes charges de vent sera limit\u00e9. Les \u00e9quipements contenant de grands volumes de liquide b\u00e9n\u00e9ficieront de l\u2019installation sur des supports ORS car, lors du \u00ab drainage vers le bas \u00bb, le mouvement ascendant est limit\u00e9, \u00e9vitant ainsi d\u2019endommager les tuyaux et les connexions \u00e9lectriques. <\/p>\n","protected":false},"excerpt":{"rendered":"<p>Type ORS25 et ORS50<\/p>\n","protected":false},"featured_media":1042,"comment_status":"open","ping_status":"closed","template":"","meta":{"_acf_changed":false},"product_brand":[],"product_cat":[119,120],"product_tag":[],"class_list":{"0":"post-4414","1":"product","2":"type-product","3":"status-publish","4":"has-post-thumbnail","6":"product_cat-solutions-industrielles","7":"product_cat-ventilateurs-et-unites-de-traitement-de-lair","9":"first","10":"instock","11":"shipping-taxable","12":"purchasable","13":"product-type-simple"},"acf":[],"yoast_head":"<!-- This site is optimized with the Yoast SEO plugin v27.0 - https:\/\/yoast.com\/product\/yoast-seo-wordpress\/ -->\n<title>Supports \u00e0 ressort ouverts et retenus pour vibrations basse fr\u00e9quence<\/title>\n<meta name=\"description\" content=\"Les ressorts ouverts \u00e0 ressorts retenus r\u00e9duisent les vibrations basses fr\u00e9quences tout en limitant les mouvements verticaux, id\u00e9aux pour les refroidisseurs, les tours de refroidissement et les installations d\u2019\u00e9quipements sur toit.\" \/>\n<meta name=\"robots\" content=\"index, follow, max-snippet:-1, max-image-preview:large, max-video-preview:-1\" \/>\n<link rel=\"canonical\" href=\"https:\/\/www.christiegrey.com\/fr\/produit\/ressorts-ouverts-et-retenus\/\" \/>\n<meta property=\"og:locale\" content=\"fr_FR\" \/>\n<meta property=\"og:type\" content=\"article\" \/>\n<meta property=\"og:title\" content=\"Supports \u00e0 ressort ouverts et retenus pour vibrations basse fr\u00e9quence\" \/>\n<meta property=\"og:description\" content=\"Les ressorts ouverts \u00e0 ressorts retenus r\u00e9duisent les vibrations basses fr\u00e9quences tout en limitant les mouvements verticaux, id\u00e9aux pour les refroidisseurs, les tours de refroidissement et les installations d\u2019\u00e9quipements sur toit.\" \/>\n<meta property=\"og:url\" content=\"https:\/\/www.christiegrey.com\/fr\/produit\/ressorts-ouverts-et-retenus\/\" \/>\n<meta property=\"article:publisher\" content=\"https:\/\/www.facebook.com\/christieandgreylimited\" \/>\n<meta property=\"og:image\" content=\"https:\/\/www.christiegrey.com\/wp-content\/uploads\/2025\/12\/new_ors3_blue_365_365.jpg\" \/>\n\t<meta property=\"og:image:width\" content=\"365\" \/>\n\t<meta property=\"og:image:height\" content=\"365\" \/>\n\t<meta property=\"og:image:type\" content=\"image\/jpeg\" \/>\n<meta name=\"twitter:card\" content=\"summary_large_image\" \/>\n<meta name=\"twitter:site\" content=\"@christiegreyltd\" \/>\n<meta name=\"twitter:label1\" content=\"Dur\u00e9e de lecture estim\u00e9e\" \/>\n\t<meta name=\"twitter:data1\" content=\"1 minute\" \/>\n<script type=\"application\/ld+json\" class=\"yoast-schema-graph\">{\"@context\":\"https:\/\/schema.org\",\"@graph\":[{\"@type\":\"WebPage\",\"@id\":\"https:\/\/www.christiegrey.com\/fr\/produit\/ressorts-ouverts-et-retenus\/\",\"url\":\"https:\/\/www.christiegrey.com\/fr\/produit\/ressorts-ouverts-et-retenus\/\",\"name\":\"Supports \u00e0 ressort ouverts et retenus pour vibrations basse fr\u00e9quence\",\"isPartOf\":{\"@id\":\"https:\/\/www.christiegrey.com\/#website\"},\"primaryImageOfPage\":{\"@id\":\"https:\/\/www.christiegrey.com\/fr\/produit\/ressorts-ouverts-et-retenus\/#primaryimage\"},\"image\":{\"@id\":\"https:\/\/www.christiegrey.com\/fr\/produit\/ressorts-ouverts-et-retenus\/#primaryimage\"},\"thumbnailUrl\":\"https:\/\/www.christiegrey.com\/wp-content\/uploads\/2025\/12\/new_ors3_blue_365_365.jpg\",\"datePublished\":\"2025-12-25T13:58:49+00:00\",\"description\":\"Les ressorts ouverts \u00e0 ressorts retenus r\u00e9duisent les vibrations basses fr\u00e9quences tout en limitant les mouvements verticaux, id\u00e9aux pour les refroidisseurs, les tours de refroidissement et les installations d\u2019\u00e9quipements sur toit.\",\"breadcrumb\":{\"@id\":\"https:\/\/www.christiegrey.com\/fr\/produit\/ressorts-ouverts-et-retenus\/#breadcrumb\"},\"inLanguage\":\"fr-FR\",\"potentialAction\":[{\"@type\":\"ReadAction\",\"target\":[\"https:\/\/www.christiegrey.com\/fr\/produit\/ressorts-ouverts-et-retenus\/\"]}]},{\"@type\":\"ImageObject\",\"inLanguage\":\"fr-FR\",\"@id\":\"https:\/\/www.christiegrey.com\/fr\/produit\/ressorts-ouverts-et-retenus\/#primaryimage\",\"url\":\"https:\/\/www.christiegrey.com\/wp-content\/uploads\/2025\/12\/new_ors3_blue_365_365.jpg\",\"contentUrl\":\"https:\/\/www.christiegrey.com\/wp-content\/uploads\/2025\/12\/new_ors3_blue_365_365.jpg\",\"width\":365,\"height\":365,\"caption\":\"ORS25\/ORS50 open restrained spring mountings\"},{\"@type\":\"BreadcrumbList\",\"@id\":\"https:\/\/www.christiegrey.com\/fr\/produit\/ressorts-ouverts-et-retenus\/#breadcrumb\",\"itemListElement\":[{\"@type\":\"ListItem\",\"position\":1,\"name\":\"Accueil\",\"item\":\"https:\/\/www.christiegrey.com\/\"},{\"@type\":\"ListItem\",\"position\":2,\"name\":\"Nos produits\",\"item\":\"https:\/\/www.christiegrey.com\/fr\/boutique\/\"},{\"@type\":\"ListItem\",\"position\":3,\"name\":\"Ressorts ouverts et retenus\"}]},{\"@type\":\"WebSite\",\"@id\":\"https:\/\/www.christiegrey.com\/#website\",\"url\":\"https:\/\/www.christiegrey.com\/\",\"name\":\"Christie & Grey\",\"description\":\"\",\"publisher\":{\"@id\":\"https:\/\/www.christiegrey.com\/#organization\"},\"potentialAction\":[{\"@type\":\"SearchAction\",\"target\":{\"@type\":\"EntryPoint\",\"urlTemplate\":\"https:\/\/www.christiegrey.com\/?s={search_term_string}\"},\"query-input\":{\"@type\":\"PropertyValueSpecification\",\"valueRequired\":true,\"valueName\":\"search_term_string\"}}],\"inLanguage\":\"fr-FR\"},{\"@type\":\"Organization\",\"@id\":\"https:\/\/www.christiegrey.com\/#organization\",\"name\":\"Christie & Grey\",\"url\":\"https:\/\/www.christiegrey.com\/\",\"logo\":{\"@type\":\"ImageObject\",\"inLanguage\":\"fr-FR\",\"@id\":\"https:\/\/www.christiegrey.com\/#\/schema\/logo\/image\/\",\"url\":\"https:\/\/www.christiegrey.com\/wp-content\/uploads\/2026\/02\/cropped-logo-scaled-1.png\",\"contentUrl\":\"https:\/\/www.christiegrey.com\/wp-content\/uploads\/2026\/02\/cropped-logo-scaled-1.png\",\"width\":250,\"height\":90,\"caption\":\"Christie & Grey\"},\"image\":{\"@id\":\"https:\/\/www.christiegrey.com\/#\/schema\/logo\/image\/\"},\"sameAs\":[\"https:\/\/www.facebook.com\/christieandgreylimited\",\"https:\/\/x.com\/christiegreyltd\"]}]}<\/script>\n<!-- \/ Yoast SEO plugin. -->","yoast_head_json":{"title":"Supports \u00e0 ressort ouverts et retenus pour vibrations basse fr\u00e9quence","description":"Les ressorts ouverts \u00e0 ressorts retenus r\u00e9duisent les vibrations basses fr\u00e9quences tout en limitant les mouvements verticaux, id\u00e9aux pour les refroidisseurs, les tours de refroidissement et les installations d\u2019\u00e9quipements sur toit.","robots":{"index":"index","follow":"follow","max-snippet":"max-snippet:-1","max-image-preview":"max-image-preview:large","max-video-preview":"max-video-preview:-1"},"canonical":"https:\/\/www.christiegrey.com\/fr\/produit\/ressorts-ouverts-et-retenus\/","og_locale":"fr_FR","og_type":"article","og_title":"Supports \u00e0 ressort ouverts et retenus pour vibrations basse fr\u00e9quence","og_description":"Les ressorts ouverts \u00e0 ressorts retenus r\u00e9duisent les vibrations basses fr\u00e9quences tout en limitant les mouvements verticaux, id\u00e9aux pour les refroidisseurs, les tours de refroidissement et les installations d\u2019\u00e9quipements sur toit.","og_url":"https:\/\/www.christiegrey.com\/fr\/produit\/ressorts-ouverts-et-retenus\/","article_publisher":"https:\/\/www.facebook.com\/christieandgreylimited","og_image":[{"width":365,"height":365,"url":"https:\/\/www.christiegrey.com\/wp-content\/uploads\/2025\/12\/new_ors3_blue_365_365.jpg","type":"image\/jpeg"}],"twitter_card":"summary_large_image","twitter_site":"@christiegreyltd","twitter_misc":{"Dur\u00e9e de lecture estim\u00e9e":"1 minute"},"schema":{"@context":"https:\/\/schema.org","@graph":[{"@type":"WebPage","@id":"https:\/\/www.christiegrey.com\/fr\/produit\/ressorts-ouverts-et-retenus\/","url":"https:\/\/www.christiegrey.com\/fr\/produit\/ressorts-ouverts-et-retenus\/","name":"Supports \u00e0 ressort ouverts et retenus pour vibrations basse fr\u00e9quence","isPartOf":{"@id":"https:\/\/www.christiegrey.com\/#website"},"primaryImageOfPage":{"@id":"https:\/\/www.christiegrey.com\/fr\/produit\/ressorts-ouverts-et-retenus\/#primaryimage"},"image":{"@id":"https:\/\/www.christiegrey.com\/fr\/produit\/ressorts-ouverts-et-retenus\/#primaryimage"},"thumbnailUrl":"https:\/\/www.christiegrey.com\/wp-content\/uploads\/2025\/12\/new_ors3_blue_365_365.jpg","datePublished":"2025-12-25T13:58:49+00:00","description":"Les ressorts ouverts \u00e0 ressorts retenus r\u00e9duisent les vibrations basses fr\u00e9quences tout en limitant les mouvements verticaux, id\u00e9aux pour les refroidisseurs, les tours de refroidissement et les installations d\u2019\u00e9quipements sur toit.","breadcrumb":{"@id":"https:\/\/www.christiegrey.com\/fr\/produit\/ressorts-ouverts-et-retenus\/#breadcrumb"},"inLanguage":"fr-FR","potentialAction":[{"@type":"ReadAction","target":["https:\/\/www.christiegrey.com\/fr\/produit\/ressorts-ouverts-et-retenus\/"]}]},{"@type":"ImageObject","inLanguage":"fr-FR","@id":"https:\/\/www.christiegrey.com\/fr\/produit\/ressorts-ouverts-et-retenus\/#primaryimage","url":"https:\/\/www.christiegrey.com\/wp-content\/uploads\/2025\/12\/new_ors3_blue_365_365.jpg","contentUrl":"https:\/\/www.christiegrey.com\/wp-content\/uploads\/2025\/12\/new_ors3_blue_365_365.jpg","width":365,"height":365,"caption":"ORS25\/ORS50 open restrained spring mountings"},{"@type":"BreadcrumbList","@id":"https:\/\/www.christiegrey.com\/fr\/produit\/ressorts-ouverts-et-retenus\/#breadcrumb","itemListElement":[{"@type":"ListItem","position":1,"name":"Accueil","item":"https:\/\/www.christiegrey.com\/"},{"@type":"ListItem","position":2,"name":"Nos produits","item":"https:\/\/www.christiegrey.com\/fr\/boutique\/"},{"@type":"ListItem","position":3,"name":"Ressorts ouverts et retenus"}]},{"@type":"WebSite","@id":"https:\/\/www.christiegrey.com\/#website","url":"https:\/\/www.christiegrey.com\/","name":"Christie & Grey","description":"","publisher":{"@id":"https:\/\/www.christiegrey.com\/#organization"},"potentialAction":[{"@type":"SearchAction","target":{"@type":"EntryPoint","urlTemplate":"https:\/\/www.christiegrey.com\/?s={search_term_string}"},"query-input":{"@type":"PropertyValueSpecification","valueRequired":true,"valueName":"search_term_string"}}],"inLanguage":"fr-FR"},{"@type":"Organization","@id":"https:\/\/www.christiegrey.com\/#organization","name":"Christie & Grey","url":"https:\/\/www.christiegrey.com\/","logo":{"@type":"ImageObject","inLanguage":"fr-FR","@id":"https:\/\/www.christiegrey.com\/#\/schema\/logo\/image\/","url":"https:\/\/www.christiegrey.com\/wp-content\/uploads\/2026\/02\/cropped-logo-scaled-1.png","contentUrl":"https:\/\/www.christiegrey.com\/wp-content\/uploads\/2026\/02\/cropped-logo-scaled-1.png","width":250,"height":90,"caption":"Christie & Grey"},"image":{"@id":"https:\/\/www.christiegrey.com\/#\/schema\/logo\/image\/"},"sameAs":["https:\/\/www.facebook.com\/christieandgreylimited","https:\/\/x.com\/christiegreyltd"]}]}},"_links":{"self":[{"href":"https:\/\/www.christiegrey.com\/fr\/wp-json\/wp\/v2\/product\/4414","targetHints":{"allow":["GET"]}}],"collection":[{"href":"https:\/\/www.christiegrey.com\/fr\/wp-json\/wp\/v2\/product"}],"about":[{"href":"https:\/\/www.christiegrey.com\/fr\/wp-json\/wp\/v2\/types\/product"}],"replies":[{"embeddable":true,"href":"https:\/\/www.christiegrey.com\/fr\/wp-json\/wp\/v2\/comments?post=4414"}],"wp:featuredmedia":[{"embeddable":true,"href":"https:\/\/www.christiegrey.com\/fr\/wp-json\/wp\/v2\/media\/1042"}],"wp:attachment":[{"href":"https:\/\/www.christiegrey.com\/fr\/wp-json\/wp\/v2\/media?parent=4414"}],"wp:term":[{"taxonomy":"product_brand","embeddable":true,"href":"https:\/\/www.christiegrey.com\/fr\/wp-json\/wp\/v2\/product_brand?post=4414"},{"taxonomy":"product_cat","embeddable":true,"href":"https:\/\/www.christiegrey.com\/fr\/wp-json\/wp\/v2\/product_cat?post=4414"},{"taxonomy":"product_tag","embeddable":true,"href":"https:\/\/www.christiegrey.com\/fr\/wp-json\/wp\/v2\/product_tag?post=4414"}],"curies":[{"name":"wp","href":"https:\/\/api.w.org\/{rel}","templated":true}]}}