{"id":4377,"date":"2025-12-25T11:18:54","date_gmt":"2025-12-25T11:18:54","guid":{"rendered":"https:\/\/www.christiegrey.com\/product\/supports-damortisseurs\/"},"modified":"2025-12-25T11:18:54","modified_gmt":"2025-12-25T11:18:54","slug":"supports-damortisseurs","status":"publish","type":"product","link":"https:\/\/www.christiegrey.com\/fr\/produit\/supports-damortisseurs\/","title":{"rendered":"Supports d\u2019amortisseurs"},"content":{"rendered":"<p>Le support J est une sangle m\u00e9tallique courb\u00e9e sp\u00e9cialement con\u00e7ue pour \u00eatre un support autonome qui c\u00e8de \u00e0 une charge pr\u00e9d\u00e9termin\u00e9e.<\/p>\n","protected":false},"excerpt":{"rendered":"<p>Mont J A et Pont J<\/p>\n","protected":false},"featured_media":981,"comment_status":"open","ping_status":"closed","template":"","meta":{"_acf_changed":false},"product_brand":[],"product_cat":[145,144],"product_tag":[],"class_list":{"0":"post-4377","1":"product","2":"type-product","3":"status-publish","4":"has-post-thumbnail","6":"product_cat-accessoires-marins","7":"product_cat-solutions-maritimes-et-offshore","9":"first","10":"instock","11":"shipping-taxable","12":"purchasable","13":"product-type-simple"},"acf":[],"yoast_head":"<!-- This site is optimized with the Yoast SEO plugin v27.0 - https:\/\/yoast.com\/product\/yoast-seo-wordpress\/ -->\n<title>Montures de choc J Mount &amp; J Deck \u2013 vibrations contr\u00f4l\u00e9es<\/title>\n<meta name=\"description\" content=\"Les supports amortisseurs J Mount et J Deck utilisent des sangles m\u00e9talliques courbes pour assurer une isolation autonome des vibrations et des chocs \u00e0 des niveaux de charge pr\u00e9d\u00e9termin\u00e9s.\" \/>\n<meta name=\"robots\" content=\"index, follow, max-snippet:-1, max-image-preview:large, max-video-preview:-1\" \/>\n<link rel=\"canonical\" href=\"https:\/\/www.christiegrey.com\/fr\/produit\/supports-damortisseurs\/\" \/>\n<meta property=\"og:locale\" content=\"fr_FR\" \/>\n<meta property=\"og:type\" content=\"article\" \/>\n<meta property=\"og:title\" content=\"Montures de choc J Mount &amp; J Deck \u2013 vibrations contr\u00f4l\u00e9es\" \/>\n<meta property=\"og:description\" content=\"Les supports amortisseurs J Mount et J Deck utilisent des sangles m\u00e9talliques courbes pour assurer une isolation autonome des vibrations et des chocs \u00e0 des niveaux de charge pr\u00e9d\u00e9termin\u00e9s.\" \/>\n<meta property=\"og:url\" content=\"https:\/\/www.christiegrey.com\/fr\/produit\/supports-damortisseurs\/\" \/>\n<meta property=\"article:publisher\" content=\"https:\/\/www.facebook.com\/christieandgreylimited\" \/>\n<meta property=\"og:image\" content=\"https:\/\/www.christiegrey.com\/wp-content\/uploads\/2025\/12\/jmount.jpg\" \/>\n\t<meta property=\"og:image:width\" content=\"1173\" \/>\n\t<meta property=\"og:image:height\" content=\"977\" \/>\n\t<meta property=\"og:image:type\" content=\"image\/jpeg\" \/>\n<meta name=\"twitter:card\" content=\"summary_large_image\" \/>\n<meta name=\"twitter:site\" content=\"@christiegreyltd\" \/>\n<script type=\"application\/ld+json\" class=\"yoast-schema-graph\">{\"@context\":\"https:\/\/schema.org\",\"@graph\":[{\"@type\":\"WebPage\",\"@id\":\"https:\/\/www.christiegrey.com\/fr\/produit\/supports-damortisseurs\/\",\"url\":\"https:\/\/www.christiegrey.com\/fr\/produit\/supports-damortisseurs\/\",\"name\":\"Montures de choc J Mount & J Deck \u2013 vibrations contr\u00f4l\u00e9es\",\"isPartOf\":{\"@id\":\"https:\/\/www.christiegrey.com\/#website\"},\"primaryImageOfPage\":{\"@id\":\"https:\/\/www.christiegrey.com\/fr\/produit\/supports-damortisseurs\/#primaryimage\"},\"image\":{\"@id\":\"https:\/\/www.christiegrey.com\/fr\/produit\/supports-damortisseurs\/#primaryimage\"},\"thumbnailUrl\":\"https:\/\/www.christiegrey.com\/wp-content\/uploads\/2025\/12\/jmount.jpg\",\"datePublished\":\"2025-12-25T11:18:54+00:00\",\"description\":\"Les supports amortisseurs J Mount et J Deck utilisent des sangles m\u00e9talliques courbes pour assurer une isolation autonome des vibrations et des chocs \u00e0 des niveaux de charge pr\u00e9d\u00e9termin\u00e9s.\",\"breadcrumb\":{\"@id\":\"https:\/\/www.christiegrey.com\/fr\/produit\/supports-damortisseurs\/#breadcrumb\"},\"inLanguage\":\"fr-FR\",\"potentialAction\":[{\"@type\":\"ReadAction\",\"target\":[\"https:\/\/www.christiegrey.com\/fr\/produit\/supports-damortisseurs\/\"]}]},{\"@type\":\"ImageObject\",\"inLanguage\":\"fr-FR\",\"@id\":\"https:\/\/www.christiegrey.com\/fr\/produit\/supports-damortisseurs\/#primaryimage\",\"url\":\"https:\/\/www.christiegrey.com\/wp-content\/uploads\/2025\/12\/jmount.jpg\",\"contentUrl\":\"https:\/\/www.christiegrey.com\/wp-content\/uploads\/2025\/12\/jmount.jpg\",\"width\":1173,\"height\":977,\"caption\":\"jmount\"},{\"@type\":\"BreadcrumbList\",\"@id\":\"https:\/\/www.christiegrey.com\/fr\/produit\/supports-damortisseurs\/#breadcrumb\",\"itemListElement\":[{\"@type\":\"ListItem\",\"position\":1,\"name\":\"Accueil\",\"item\":\"https:\/\/www.christiegrey.com\/\"},{\"@type\":\"ListItem\",\"position\":2,\"name\":\"Nos produits\",\"item\":\"https:\/\/www.christiegrey.com\/fr\/boutique\/\"},{\"@type\":\"ListItem\",\"position\":3,\"name\":\"Supports d\u2019amortisseurs\"}]},{\"@type\":\"WebSite\",\"@id\":\"https:\/\/www.christiegrey.com\/#website\",\"url\":\"https:\/\/www.christiegrey.com\/\",\"name\":\"Christie & Grey\",\"description\":\"\",\"publisher\":{\"@id\":\"https:\/\/www.christiegrey.com\/#organization\"},\"potentialAction\":[{\"@type\":\"SearchAction\",\"target\":{\"@type\":\"EntryPoint\",\"urlTemplate\":\"https:\/\/www.christiegrey.com\/?s={search_term_string}\"},\"query-input\":{\"@type\":\"PropertyValueSpecification\",\"valueRequired\":true,\"valueName\":\"search_term_string\"}}],\"inLanguage\":\"fr-FR\"},{\"@type\":\"Organization\",\"@id\":\"https:\/\/www.christiegrey.com\/#organization\",\"name\":\"Christie & Grey\",\"url\":\"https:\/\/www.christiegrey.com\/\",\"logo\":{\"@type\":\"ImageObject\",\"inLanguage\":\"fr-FR\",\"@id\":\"https:\/\/www.christiegrey.com\/#\/schema\/logo\/image\/\",\"url\":\"https:\/\/www.christiegrey.com\/wp-content\/uploads\/2026\/02\/cropped-logo-scaled-1.png\",\"contentUrl\":\"https:\/\/www.christiegrey.com\/wp-content\/uploads\/2026\/02\/cropped-logo-scaled-1.png\",\"width\":250,\"height\":90,\"caption\":\"Christie & Grey\"},\"image\":{\"@id\":\"https:\/\/www.christiegrey.com\/#\/schema\/logo\/image\/\"},\"sameAs\":[\"https:\/\/www.facebook.com\/christieandgreylimited\",\"https:\/\/x.com\/christiegreyltd\"]}]}<\/script>\n<!-- \/ Yoast SEO plugin. -->","yoast_head_json":{"title":"Montures de choc J Mount & J Deck \u2013 vibrations contr\u00f4l\u00e9es","description":"Les supports amortisseurs J Mount et J Deck utilisent des sangles m\u00e9talliques courbes pour assurer une isolation autonome des vibrations et des chocs \u00e0 des niveaux de charge pr\u00e9d\u00e9termin\u00e9s.","robots":{"index":"index","follow":"follow","max-snippet":"max-snippet:-1","max-image-preview":"max-image-preview:large","max-video-preview":"max-video-preview:-1"},"canonical":"https:\/\/www.christiegrey.com\/fr\/produit\/supports-damortisseurs\/","og_locale":"fr_FR","og_type":"article","og_title":"Montures de choc J Mount & J Deck \u2013 vibrations contr\u00f4l\u00e9es","og_description":"Les supports amortisseurs J Mount et J Deck utilisent des sangles m\u00e9talliques courbes pour assurer une isolation autonome des vibrations et des chocs \u00e0 des niveaux de charge pr\u00e9d\u00e9termin\u00e9s.","og_url":"https:\/\/www.christiegrey.com\/fr\/produit\/supports-damortisseurs\/","article_publisher":"https:\/\/www.facebook.com\/christieandgreylimited","og_image":[{"width":1173,"height":977,"url":"https:\/\/www.christiegrey.com\/wp-content\/uploads\/2025\/12\/jmount.jpg","type":"image\/jpeg"}],"twitter_card":"summary_large_image","twitter_site":"@christiegreyltd","schema":{"@context":"https:\/\/schema.org","@graph":[{"@type":"WebPage","@id":"https:\/\/www.christiegrey.com\/fr\/produit\/supports-damortisseurs\/","url":"https:\/\/www.christiegrey.com\/fr\/produit\/supports-damortisseurs\/","name":"Montures de choc J Mount & J Deck \u2013 vibrations contr\u00f4l\u00e9es","isPartOf":{"@id":"https:\/\/www.christiegrey.com\/#website"},"primaryImageOfPage":{"@id":"https:\/\/www.christiegrey.com\/fr\/produit\/supports-damortisseurs\/#primaryimage"},"image":{"@id":"https:\/\/www.christiegrey.com\/fr\/produit\/supports-damortisseurs\/#primaryimage"},"thumbnailUrl":"https:\/\/www.christiegrey.com\/wp-content\/uploads\/2025\/12\/jmount.jpg","datePublished":"2025-12-25T11:18:54+00:00","description":"Les supports amortisseurs J Mount et J Deck utilisent des sangles m\u00e9talliques courbes pour assurer une isolation autonome des vibrations et des chocs \u00e0 des niveaux de charge pr\u00e9d\u00e9termin\u00e9s.","breadcrumb":{"@id":"https:\/\/www.christiegrey.com\/fr\/produit\/supports-damortisseurs\/#breadcrumb"},"inLanguage":"fr-FR","potentialAction":[{"@type":"ReadAction","target":["https:\/\/www.christiegrey.com\/fr\/produit\/supports-damortisseurs\/"]}]},{"@type":"ImageObject","inLanguage":"fr-FR","@id":"https:\/\/www.christiegrey.com\/fr\/produit\/supports-damortisseurs\/#primaryimage","url":"https:\/\/www.christiegrey.com\/wp-content\/uploads\/2025\/12\/jmount.jpg","contentUrl":"https:\/\/www.christiegrey.com\/wp-content\/uploads\/2025\/12\/jmount.jpg","width":1173,"height":977,"caption":"jmount"},{"@type":"BreadcrumbList","@id":"https:\/\/www.christiegrey.com\/fr\/produit\/supports-damortisseurs\/#breadcrumb","itemListElement":[{"@type":"ListItem","position":1,"name":"Accueil","item":"https:\/\/www.christiegrey.com\/"},{"@type":"ListItem","position":2,"name":"Nos produits","item":"https:\/\/www.christiegrey.com\/fr\/boutique\/"},{"@type":"ListItem","position":3,"name":"Supports d\u2019amortisseurs"}]},{"@type":"WebSite","@id":"https:\/\/www.christiegrey.com\/#website","url":"https:\/\/www.christiegrey.com\/","name":"Christie & Grey","description":"","publisher":{"@id":"https:\/\/www.christiegrey.com\/#organization"},"potentialAction":[{"@type":"SearchAction","target":{"@type":"EntryPoint","urlTemplate":"https:\/\/www.christiegrey.com\/?s={search_term_string}"},"query-input":{"@type":"PropertyValueSpecification","valueRequired":true,"valueName":"search_term_string"}}],"inLanguage":"fr-FR"},{"@type":"Organization","@id":"https:\/\/www.christiegrey.com\/#organization","name":"Christie & Grey","url":"https:\/\/www.christiegrey.com\/","logo":{"@type":"ImageObject","inLanguage":"fr-FR","@id":"https:\/\/www.christiegrey.com\/#\/schema\/logo\/image\/","url":"https:\/\/www.christiegrey.com\/wp-content\/uploads\/2026\/02\/cropped-logo-scaled-1.png","contentUrl":"https:\/\/www.christiegrey.com\/wp-content\/uploads\/2026\/02\/cropped-logo-scaled-1.png","width":250,"height":90,"caption":"Christie & Grey"},"image":{"@id":"https:\/\/www.christiegrey.com\/#\/schema\/logo\/image\/"},"sameAs":["https:\/\/www.facebook.com\/christieandgreylimited","https:\/\/x.com\/christiegreyltd"]}]}},"_links":{"self":[{"href":"https:\/\/www.christiegrey.com\/fr\/wp-json\/wp\/v2\/product\/4377","targetHints":{"allow":["GET"]}}],"collection":[{"href":"https:\/\/www.christiegrey.com\/fr\/wp-json\/wp\/v2\/product"}],"about":[{"href":"https:\/\/www.christiegrey.com\/fr\/wp-json\/wp\/v2\/types\/product"}],"replies":[{"embeddable":true,"href":"https:\/\/www.christiegrey.com\/fr\/wp-json\/wp\/v2\/comments?post=4377"}],"wp:featuredmedia":[{"embeddable":true,"href":"https:\/\/www.christiegrey.com\/fr\/wp-json\/wp\/v2\/media\/981"}],"wp:attachment":[{"href":"https:\/\/www.christiegrey.com\/fr\/wp-json\/wp\/v2\/media?parent=4377"}],"wp:term":[{"taxonomy":"product_brand","embeddable":true,"href":"https:\/\/www.christiegrey.com\/fr\/wp-json\/wp\/v2\/product_brand?post=4377"},{"taxonomy":"product_cat","embeddable":true,"href":"https:\/\/www.christiegrey.com\/fr\/wp-json\/wp\/v2\/product_cat?post=4377"},{"taxonomy":"product_tag","embeddable":true,"href":"https:\/\/www.christiegrey.com\/fr\/wp-json\/wp\/v2\/product_tag?post=4377"}],"curies":[{"name":"wp","href":"https:\/\/api.w.org\/{rel}","templated":true}]}}