{"id":4374,"date":"2025-12-25T11:23:04","date_gmt":"2025-12-25T11:23:04","guid":{"rendered":"https:\/\/www.christiegrey.com\/product\/montages-de-tourelles-marines\/"},"modified":"2025-12-25T11:23:04","modified_gmt":"2025-12-25T11:23:04","slug":"montages-de-tourelles-marines","status":"publish","type":"product","link":"https:\/\/www.christiegrey.com\/fr\/produit\/montages-de-tourelles-marines\/","title":{"rendered":"Montages de tourelles marines"},"content":{"rendered":"<p>Les montages de tourelle en caoutchouc marin de type MRM sont con\u00e7us pour offrir une att\u00e9nuation sup\u00e9rieure des vibrations et bruits de fr\u00e9quence moyenne \u00e0 \u00e9lev\u00e9e provenant d\u2019une large gamme de machines entra\u00een\u00e9es par moteurs, en particulier les ventilateurs axiaux et centrifuges.<\/p>\n","protected":false},"excerpt":{"rendered":"<p>Les montages de tourelle en caoutchouc marin de type MRM sont con\u00e7us pour offrir une att\u00e9nuation sup\u00e9rieure des vibrations et bruits de fr\u00e9quence moyenne \u00e0 \u00e9lev\u00e9e provenant d\u2019une large gamme de machines entra\u00een\u00e9es par moteurs, en particulier les ventilateurs axiaux et centrifuges.<\/p>\n","protected":false},"featured_media":983,"comment_status":"open","ping_status":"closed","template":"","meta":{"_acf_changed":false},"product_brand":[],"product_cat":[145,144],"product_tag":[],"class_list":{"0":"post-4374","1":"product","2":"type-product","3":"status-publish","4":"has-post-thumbnail","6":"product_cat-accessoires-marins","7":"product_cat-solutions-maritimes-et-offshore","9":"first","10":"instock","11":"shipping-taxable","12":"purchasable","13":"product-type-simple"},"acf":[],"yoast_head":"<!-- This site is optimized with the Yoast SEO plugin v27.0 - https:\/\/yoast.com\/product\/yoast-seo-wordpress\/ -->\n<title>Montages de tourelles en caoutchouc marin MRM \u2013 Christie Grey<\/title>\n<meta name=\"description\" content=\"Les montages de tourelle en caoutchouc marin MRM r\u00e9duisent les vibrations et le bruit de fr\u00e9quence moyenne \u00e0 haute fr\u00e9quence provenant des machines motoris\u00e9es, y compris les ventilateurs axiaux et centrifuges.\" \/>\n<meta name=\"robots\" content=\"index, follow, max-snippet:-1, max-image-preview:large, max-video-preview:-1\" \/>\n<link rel=\"canonical\" href=\"https:\/\/www.christiegrey.com\/fr\/produit\/montages-de-tourelles-marines\/\" \/>\n<meta property=\"og:locale\" content=\"fr_FR\" \/>\n<meta property=\"og:type\" content=\"article\" \/>\n<meta property=\"og:title\" content=\"Montages de tourelles en caoutchouc marin MRM \u2013 Christie Grey\" \/>\n<meta property=\"og:description\" content=\"Les montages de tourelle en caoutchouc marin MRM r\u00e9duisent les vibrations et le bruit de fr\u00e9quence moyenne \u00e0 haute fr\u00e9quence provenant des machines motoris\u00e9es, y compris les ventilateurs axiaux et centrifuges.\" \/>\n<meta property=\"og:url\" content=\"https:\/\/www.christiegrey.com\/fr\/produit\/montages-de-tourelles-marines\/\" \/>\n<meta property=\"article:publisher\" content=\"https:\/\/www.facebook.com\/christieandgreylimited\" \/>\n<meta property=\"og:image\" content=\"https:\/\/www.christiegrey.com\/wp-content\/uploads\/2025\/12\/marine_rubber_turret_365_x_365.jpg\" \/>\n\t<meta property=\"og:image:width\" content=\"365\" \/>\n\t<meta property=\"og:image:height\" content=\"365\" \/>\n\t<meta property=\"og:image:type\" content=\"image\/jpeg\" \/>\n<meta name=\"twitter:card\" content=\"summary_large_image\" \/>\n<meta name=\"twitter:site\" content=\"@christiegreyltd\" \/>\n<script type=\"application\/ld+json\" class=\"yoast-schema-graph\">{\"@context\":\"https:\/\/schema.org\",\"@graph\":[{\"@type\":\"WebPage\",\"@id\":\"https:\/\/www.christiegrey.com\/fr\/produit\/montages-de-tourelles-marines\/\",\"url\":\"https:\/\/www.christiegrey.com\/fr\/produit\/montages-de-tourelles-marines\/\",\"name\":\"Montages de tourelles en caoutchouc marin MRM \u2013 Christie Grey\",\"isPartOf\":{\"@id\":\"https:\/\/www.christiegrey.com\/#website\"},\"primaryImageOfPage\":{\"@id\":\"https:\/\/www.christiegrey.com\/fr\/produit\/montages-de-tourelles-marines\/#primaryimage\"},\"image\":{\"@id\":\"https:\/\/www.christiegrey.com\/fr\/produit\/montages-de-tourelles-marines\/#primaryimage\"},\"thumbnailUrl\":\"https:\/\/www.christiegrey.com\/wp-content\/uploads\/2025\/12\/marine_rubber_turret_365_x_365.jpg\",\"datePublished\":\"2025-12-25T11:23:04+00:00\",\"description\":\"Les montages de tourelle en caoutchouc marin MRM r\u00e9duisent les vibrations et le bruit de fr\u00e9quence moyenne \u00e0 haute fr\u00e9quence provenant des machines motoris\u00e9es, y compris les ventilateurs axiaux et centrifuges.\",\"breadcrumb\":{\"@id\":\"https:\/\/www.christiegrey.com\/fr\/produit\/montages-de-tourelles-marines\/#breadcrumb\"},\"inLanguage\":\"fr-FR\",\"potentialAction\":[{\"@type\":\"ReadAction\",\"target\":[\"https:\/\/www.christiegrey.com\/fr\/produit\/montages-de-tourelles-marines\/\"]}]},{\"@type\":\"ImageObject\",\"inLanguage\":\"fr-FR\",\"@id\":\"https:\/\/www.christiegrey.com\/fr\/produit\/montages-de-tourelles-marines\/#primaryimage\",\"url\":\"https:\/\/www.christiegrey.com\/wp-content\/uploads\/2025\/12\/marine_rubber_turret_365_x_365.jpg\",\"contentUrl\":\"https:\/\/www.christiegrey.com\/wp-content\/uploads\/2025\/12\/marine_rubber_turret_365_x_365.jpg\",\"width\":365,\"height\":365,\"caption\":\"\u00f8 ;\"},{\"@type\":\"BreadcrumbList\",\"@id\":\"https:\/\/www.christiegrey.com\/fr\/produit\/montages-de-tourelles-marines\/#breadcrumb\",\"itemListElement\":[{\"@type\":\"ListItem\",\"position\":1,\"name\":\"Accueil\",\"item\":\"https:\/\/www.christiegrey.com\/\"},{\"@type\":\"ListItem\",\"position\":2,\"name\":\"Nos produits\",\"item\":\"https:\/\/www.christiegrey.com\/fr\/boutique\/\"},{\"@type\":\"ListItem\",\"position\":3,\"name\":\"Montages de tourelles marines\"}]},{\"@type\":\"WebSite\",\"@id\":\"https:\/\/www.christiegrey.com\/#website\",\"url\":\"https:\/\/www.christiegrey.com\/\",\"name\":\"Christie & Grey\",\"description\":\"\",\"publisher\":{\"@id\":\"https:\/\/www.christiegrey.com\/#organization\"},\"potentialAction\":[{\"@type\":\"SearchAction\",\"target\":{\"@type\":\"EntryPoint\",\"urlTemplate\":\"https:\/\/www.christiegrey.com\/?s={search_term_string}\"},\"query-input\":{\"@type\":\"PropertyValueSpecification\",\"valueRequired\":true,\"valueName\":\"search_term_string\"}}],\"inLanguage\":\"fr-FR\"},{\"@type\":\"Organization\",\"@id\":\"https:\/\/www.christiegrey.com\/#organization\",\"name\":\"Christie & Grey\",\"url\":\"https:\/\/www.christiegrey.com\/\",\"logo\":{\"@type\":\"ImageObject\",\"inLanguage\":\"fr-FR\",\"@id\":\"https:\/\/www.christiegrey.com\/#\/schema\/logo\/image\/\",\"url\":\"https:\/\/www.christiegrey.com\/wp-content\/uploads\/2026\/02\/cropped-logo-scaled-1.png\",\"contentUrl\":\"https:\/\/www.christiegrey.com\/wp-content\/uploads\/2026\/02\/cropped-logo-scaled-1.png\",\"width\":250,\"height\":90,\"caption\":\"Christie & Grey\"},\"image\":{\"@id\":\"https:\/\/www.christiegrey.com\/#\/schema\/logo\/image\/\"},\"sameAs\":[\"https:\/\/www.facebook.com\/christieandgreylimited\",\"https:\/\/x.com\/christiegreyltd\"]}]}<\/script>\n<!-- \/ Yoast SEO plugin. -->","yoast_head_json":{"title":"Montages de tourelles en caoutchouc marin MRM \u2013 Christie Grey","description":"Les montages de tourelle en caoutchouc marin MRM r\u00e9duisent les vibrations et le bruit de fr\u00e9quence moyenne \u00e0 haute fr\u00e9quence provenant des machines motoris\u00e9es, y compris les ventilateurs axiaux et centrifuges.","robots":{"index":"index","follow":"follow","max-snippet":"max-snippet:-1","max-image-preview":"max-image-preview:large","max-video-preview":"max-video-preview:-1"},"canonical":"https:\/\/www.christiegrey.com\/fr\/produit\/montages-de-tourelles-marines\/","og_locale":"fr_FR","og_type":"article","og_title":"Montages de tourelles en caoutchouc marin MRM \u2013 Christie Grey","og_description":"Les montages de tourelle en caoutchouc marin MRM r\u00e9duisent les vibrations et le bruit de fr\u00e9quence moyenne \u00e0 haute fr\u00e9quence provenant des machines motoris\u00e9es, y compris les ventilateurs axiaux et centrifuges.","og_url":"https:\/\/www.christiegrey.com\/fr\/produit\/montages-de-tourelles-marines\/","article_publisher":"https:\/\/www.facebook.com\/christieandgreylimited","og_image":[{"width":365,"height":365,"url":"https:\/\/www.christiegrey.com\/wp-content\/uploads\/2025\/12\/marine_rubber_turret_365_x_365.jpg","type":"image\/jpeg"}],"twitter_card":"summary_large_image","twitter_site":"@christiegreyltd","schema":{"@context":"https:\/\/schema.org","@graph":[{"@type":"WebPage","@id":"https:\/\/www.christiegrey.com\/fr\/produit\/montages-de-tourelles-marines\/","url":"https:\/\/www.christiegrey.com\/fr\/produit\/montages-de-tourelles-marines\/","name":"Montages de tourelles en caoutchouc marin MRM \u2013 Christie Grey","isPartOf":{"@id":"https:\/\/www.christiegrey.com\/#website"},"primaryImageOfPage":{"@id":"https:\/\/www.christiegrey.com\/fr\/produit\/montages-de-tourelles-marines\/#primaryimage"},"image":{"@id":"https:\/\/www.christiegrey.com\/fr\/produit\/montages-de-tourelles-marines\/#primaryimage"},"thumbnailUrl":"https:\/\/www.christiegrey.com\/wp-content\/uploads\/2025\/12\/marine_rubber_turret_365_x_365.jpg","datePublished":"2025-12-25T11:23:04+00:00","description":"Les montages de tourelle en caoutchouc marin MRM r\u00e9duisent les vibrations et le bruit de fr\u00e9quence moyenne \u00e0 haute fr\u00e9quence provenant des machines motoris\u00e9es, y compris les ventilateurs axiaux et centrifuges.","breadcrumb":{"@id":"https:\/\/www.christiegrey.com\/fr\/produit\/montages-de-tourelles-marines\/#breadcrumb"},"inLanguage":"fr-FR","potentialAction":[{"@type":"ReadAction","target":["https:\/\/www.christiegrey.com\/fr\/produit\/montages-de-tourelles-marines\/"]}]},{"@type":"ImageObject","inLanguage":"fr-FR","@id":"https:\/\/www.christiegrey.com\/fr\/produit\/montages-de-tourelles-marines\/#primaryimage","url":"https:\/\/www.christiegrey.com\/wp-content\/uploads\/2025\/12\/marine_rubber_turret_365_x_365.jpg","contentUrl":"https:\/\/www.christiegrey.com\/wp-content\/uploads\/2025\/12\/marine_rubber_turret_365_x_365.jpg","width":365,"height":365,"caption":"\u00f8 ;"},{"@type":"BreadcrumbList","@id":"https:\/\/www.christiegrey.com\/fr\/produit\/montages-de-tourelles-marines\/#breadcrumb","itemListElement":[{"@type":"ListItem","position":1,"name":"Accueil","item":"https:\/\/www.christiegrey.com\/"},{"@type":"ListItem","position":2,"name":"Nos produits","item":"https:\/\/www.christiegrey.com\/fr\/boutique\/"},{"@type":"ListItem","position":3,"name":"Montages de tourelles marines"}]},{"@type":"WebSite","@id":"https:\/\/www.christiegrey.com\/#website","url":"https:\/\/www.christiegrey.com\/","name":"Christie & Grey","description":"","publisher":{"@id":"https:\/\/www.christiegrey.com\/#organization"},"potentialAction":[{"@type":"SearchAction","target":{"@type":"EntryPoint","urlTemplate":"https:\/\/www.christiegrey.com\/?s={search_term_string}"},"query-input":{"@type":"PropertyValueSpecification","valueRequired":true,"valueName":"search_term_string"}}],"inLanguage":"fr-FR"},{"@type":"Organization","@id":"https:\/\/www.christiegrey.com\/#organization","name":"Christie & Grey","url":"https:\/\/www.christiegrey.com\/","logo":{"@type":"ImageObject","inLanguage":"fr-FR","@id":"https:\/\/www.christiegrey.com\/#\/schema\/logo\/image\/","url":"https:\/\/www.christiegrey.com\/wp-content\/uploads\/2026\/02\/cropped-logo-scaled-1.png","contentUrl":"https:\/\/www.christiegrey.com\/wp-content\/uploads\/2026\/02\/cropped-logo-scaled-1.png","width":250,"height":90,"caption":"Christie & Grey"},"image":{"@id":"https:\/\/www.christiegrey.com\/#\/schema\/logo\/image\/"},"sameAs":["https:\/\/www.facebook.com\/christieandgreylimited","https:\/\/x.com\/christiegreyltd"]}]}},"_links":{"self":[{"href":"https:\/\/www.christiegrey.com\/fr\/wp-json\/wp\/v2\/product\/4374","targetHints":{"allow":["GET"]}}],"collection":[{"href":"https:\/\/www.christiegrey.com\/fr\/wp-json\/wp\/v2\/product"}],"about":[{"href":"https:\/\/www.christiegrey.com\/fr\/wp-json\/wp\/v2\/types\/product"}],"replies":[{"embeddable":true,"href":"https:\/\/www.christiegrey.com\/fr\/wp-json\/wp\/v2\/comments?post=4374"}],"wp:featuredmedia":[{"embeddable":true,"href":"https:\/\/www.christiegrey.com\/fr\/wp-json\/wp\/v2\/media\/983"}],"wp:attachment":[{"href":"https:\/\/www.christiegrey.com\/fr\/wp-json\/wp\/v2\/media?parent=4374"}],"wp:term":[{"taxonomy":"product_brand","embeddable":true,"href":"https:\/\/www.christiegrey.com\/fr\/wp-json\/wp\/v2\/product_brand?post=4374"},{"taxonomy":"product_cat","embeddable":true,"href":"https:\/\/www.christiegrey.com\/fr\/wp-json\/wp\/v2\/product_cat?post=4374"},{"taxonomy":"product_tag","embeddable":true,"href":"https:\/\/www.christiegrey.com\/fr\/wp-json\/wp\/v2\/product_tag?post=4374"}],"curies":[{"name":"wp","href":"https:\/\/api.w.org\/{rel}","templated":true}]}}