{"id":4359,"date":"2025-12-25T14:19:35","date_gmt":"2025-12-25T14:19:35","guid":{"rendered":"https:\/\/www.christiegrey.com\/product\/traverses-murales-acoustiques\/"},"modified":"2025-12-25T14:19:35","modified_gmt":"2025-12-25T14:19:35","slug":"traverses-murales-acoustiques","status":"publish","type":"product","link":"https:\/\/www.christiegrey.com\/fr\/produit\/traverses-murales-acoustiques\/","title":{"rendered":"Traverses murales acoustiques"},"content":{"rendered":"<p>La ma\u00e7onnerie acoustique et les traverses de cloison int\u00e9rieures sont con\u00e7ues pour assurer une stabilit\u00e9 structurelle tout en att\u00e9nuant le bruit et les vibrations entre les murs \u00e0 cr\u00e9acle.<\/p>\n","protected":false},"excerpt":{"rendered":"<p>Type AWT<\/p>\n","protected":false},"featured_media":1422,"comment_status":"open","ping_status":"closed","template":"","meta":{"_acf_changed":false},"product_brand":[],"product_cat":[138,107],"product_tag":[],"class_list":{"0":"post-4359","1":"product","2":"type-product","3":"status-publish","4":"has-post-thumbnail","6":"product_cat-produits-muraux-acoustiques","7":"product_cat-solutions-de-construction","9":"first","10":"instock","11":"shipping-taxable","12":"purchasable","13":"product-type-simple"},"acf":[],"yoast_head":"<!-- This site is optimized with the Yoast SEO plugin v27.0 - https:\/\/yoast.com\/product\/yoast-seo-wordpress\/ -->\n<title>Attaches murales acoustiques AWT | Vibration et isolation acoustique<\/title>\n<meta name=\"description\" content=\"Les attaches murales acoustiques AWT utilisent des \u00e9l\u00e9ments naturels li\u00e9s caoutchouc-m\u00e9tal pour emp\u00eacher le transfert de sons et de vibrations. Test\u00e9 en charge, conforme BS EN 845.\" \/>\n<meta name=\"robots\" content=\"index, follow, max-snippet:-1, max-image-preview:large, max-video-preview:-1\" \/>\n<link rel=\"canonical\" href=\"https:\/\/www.christiegrey.com\/fr\/produit\/traverses-murales-acoustiques\/\" \/>\n<meta property=\"og:locale\" content=\"fr_FR\" \/>\n<meta property=\"og:type\" content=\"article\" \/>\n<meta property=\"og:title\" content=\"Attaches murales acoustiques AWT | Vibration et isolation acoustique\" \/>\n<meta property=\"og:description\" content=\"Les attaches murales acoustiques AWT utilisent des \u00e9l\u00e9ments naturels li\u00e9s caoutchouc-m\u00e9tal pour emp\u00eacher le transfert de sons et de vibrations. Test\u00e9 en charge, conforme BS EN 845.\" \/>\n<meta property=\"og:url\" content=\"https:\/\/www.christiegrey.com\/fr\/produit\/traverses-murales-acoustiques\/\" \/>\n<meta property=\"article:publisher\" content=\"https:\/\/www.facebook.com\/christieandgreylimited\" \/>\n<meta property=\"og:image\" content=\"https:\/\/www.christiegrey.com\/wp-content\/uploads\/2025\/12\/christie-grey.1copy-scaled.jpg\" \/>\n\t<meta property=\"og:image:width\" content=\"2560\" \/>\n\t<meta property=\"og:image:height\" content=\"1829\" \/>\n\t<meta property=\"og:image:type\" content=\"image\/jpeg\" \/>\n<meta name=\"twitter:card\" content=\"summary_large_image\" \/>\n<meta name=\"twitter:site\" content=\"@christiegreyltd\" \/>\n<script type=\"application\/ld+json\" class=\"yoast-schema-graph\">{\"@context\":\"https:\/\/schema.org\",\"@graph\":[{\"@type\":\"WebPage\",\"@id\":\"https:\/\/www.christiegrey.com\/fr\/produit\/traverses-murales-acoustiques\/\",\"url\":\"https:\/\/www.christiegrey.com\/fr\/produit\/traverses-murales-acoustiques\/\",\"name\":\"Attaches murales acoustiques AWT | Vibration et isolation acoustique\",\"isPartOf\":{\"@id\":\"https:\/\/www.christiegrey.com\/#website\"},\"primaryImageOfPage\":{\"@id\":\"https:\/\/www.christiegrey.com\/fr\/produit\/traverses-murales-acoustiques\/#primaryimage\"},\"image\":{\"@id\":\"https:\/\/www.christiegrey.com\/fr\/produit\/traverses-murales-acoustiques\/#primaryimage\"},\"thumbnailUrl\":\"https:\/\/www.christiegrey.com\/wp-content\/uploads\/2025\/12\/christie-grey.1copy-scaled.jpg\",\"datePublished\":\"2025-12-25T14:19:35+00:00\",\"description\":\"Les attaches murales acoustiques AWT utilisent des \u00e9l\u00e9ments naturels li\u00e9s caoutchouc-m\u00e9tal pour emp\u00eacher le transfert de sons et de vibrations. Test\u00e9 en charge, conforme BS EN 845.\",\"breadcrumb\":{\"@id\":\"https:\/\/www.christiegrey.com\/fr\/produit\/traverses-murales-acoustiques\/#breadcrumb\"},\"inLanguage\":\"fr-FR\",\"potentialAction\":[{\"@type\":\"ReadAction\",\"target\":[\"https:\/\/www.christiegrey.com\/fr\/produit\/traverses-murales-acoustiques\/\"]}]},{\"@type\":\"ImageObject\",\"inLanguage\":\"fr-FR\",\"@id\":\"https:\/\/www.christiegrey.com\/fr\/produit\/traverses-murales-acoustiques\/#primaryimage\",\"url\":\"https:\/\/www.christiegrey.com\/wp-content\/uploads\/2025\/12\/christie-grey.1copy-scaled.jpg\",\"contentUrl\":\"https:\/\/www.christiegrey.com\/wp-content\/uploads\/2025\/12\/christie-grey.1copy-scaled.jpg\",\"width\":2560,\"height\":1829,\"caption\":\"Empil\u00e9e \u00e0 partir de 8 images. M\u00e9thode = B (R=7,S=1)\"},{\"@type\":\"BreadcrumbList\",\"@id\":\"https:\/\/www.christiegrey.com\/fr\/produit\/traverses-murales-acoustiques\/#breadcrumb\",\"itemListElement\":[{\"@type\":\"ListItem\",\"position\":1,\"name\":\"Accueil\",\"item\":\"https:\/\/www.christiegrey.com\/\"},{\"@type\":\"ListItem\",\"position\":2,\"name\":\"Nos produits\",\"item\":\"https:\/\/www.christiegrey.com\/fr\/boutique\/\"},{\"@type\":\"ListItem\",\"position\":3,\"name\":\"Traverses murales acoustiques\"}]},{\"@type\":\"WebSite\",\"@id\":\"https:\/\/www.christiegrey.com\/#website\",\"url\":\"https:\/\/www.christiegrey.com\/\",\"name\":\"Christie & Grey\",\"description\":\"\",\"publisher\":{\"@id\":\"https:\/\/www.christiegrey.com\/#organization\"},\"potentialAction\":[{\"@type\":\"SearchAction\",\"target\":{\"@type\":\"EntryPoint\",\"urlTemplate\":\"https:\/\/www.christiegrey.com\/?s={search_term_string}\"},\"query-input\":{\"@type\":\"PropertyValueSpecification\",\"valueRequired\":true,\"valueName\":\"search_term_string\"}}],\"inLanguage\":\"fr-FR\"},{\"@type\":\"Organization\",\"@id\":\"https:\/\/www.christiegrey.com\/#organization\",\"name\":\"Christie & Grey\",\"url\":\"https:\/\/www.christiegrey.com\/\",\"logo\":{\"@type\":\"ImageObject\",\"inLanguage\":\"fr-FR\",\"@id\":\"https:\/\/www.christiegrey.com\/#\/schema\/logo\/image\/\",\"url\":\"https:\/\/www.christiegrey.com\/wp-content\/uploads\/2026\/02\/cropped-logo-scaled-1.png\",\"contentUrl\":\"https:\/\/www.christiegrey.com\/wp-content\/uploads\/2026\/02\/cropped-logo-scaled-1.png\",\"width\":250,\"height\":90,\"caption\":\"Christie & Grey\"},\"image\":{\"@id\":\"https:\/\/www.christiegrey.com\/#\/schema\/logo\/image\/\"},\"sameAs\":[\"https:\/\/www.facebook.com\/christieandgreylimited\",\"https:\/\/x.com\/christiegreyltd\"]}]}<\/script>\n<!-- \/ Yoast SEO plugin. -->","yoast_head_json":{"title":"Attaches murales acoustiques AWT | Vibration et isolation acoustique","description":"Les attaches murales acoustiques AWT utilisent des \u00e9l\u00e9ments naturels li\u00e9s caoutchouc-m\u00e9tal pour emp\u00eacher le transfert de sons et de vibrations. Test\u00e9 en charge, conforme BS EN 845.","robots":{"index":"index","follow":"follow","max-snippet":"max-snippet:-1","max-image-preview":"max-image-preview:large","max-video-preview":"max-video-preview:-1"},"canonical":"https:\/\/www.christiegrey.com\/fr\/produit\/traverses-murales-acoustiques\/","og_locale":"fr_FR","og_type":"article","og_title":"Attaches murales acoustiques AWT | Vibration et isolation acoustique","og_description":"Les attaches murales acoustiques AWT utilisent des \u00e9l\u00e9ments naturels li\u00e9s caoutchouc-m\u00e9tal pour emp\u00eacher le transfert de sons et de vibrations. Test\u00e9 en charge, conforme BS EN 845.","og_url":"https:\/\/www.christiegrey.com\/fr\/produit\/traverses-murales-acoustiques\/","article_publisher":"https:\/\/www.facebook.com\/christieandgreylimited","og_image":[{"width":2560,"height":1829,"url":"https:\/\/www.christiegrey.com\/wp-content\/uploads\/2025\/12\/christie-grey.1copy-scaled.jpg","type":"image\/jpeg"}],"twitter_card":"summary_large_image","twitter_site":"@christiegreyltd","schema":{"@context":"https:\/\/schema.org","@graph":[{"@type":"WebPage","@id":"https:\/\/www.christiegrey.com\/fr\/produit\/traverses-murales-acoustiques\/","url":"https:\/\/www.christiegrey.com\/fr\/produit\/traverses-murales-acoustiques\/","name":"Attaches murales acoustiques AWT | Vibration et isolation acoustique","isPartOf":{"@id":"https:\/\/www.christiegrey.com\/#website"},"primaryImageOfPage":{"@id":"https:\/\/www.christiegrey.com\/fr\/produit\/traverses-murales-acoustiques\/#primaryimage"},"image":{"@id":"https:\/\/www.christiegrey.com\/fr\/produit\/traverses-murales-acoustiques\/#primaryimage"},"thumbnailUrl":"https:\/\/www.christiegrey.com\/wp-content\/uploads\/2025\/12\/christie-grey.1copy-scaled.jpg","datePublished":"2025-12-25T14:19:35+00:00","description":"Les attaches murales acoustiques AWT utilisent des \u00e9l\u00e9ments naturels li\u00e9s caoutchouc-m\u00e9tal pour emp\u00eacher le transfert de sons et de vibrations. Test\u00e9 en charge, conforme BS EN 845.","breadcrumb":{"@id":"https:\/\/www.christiegrey.com\/fr\/produit\/traverses-murales-acoustiques\/#breadcrumb"},"inLanguage":"fr-FR","potentialAction":[{"@type":"ReadAction","target":["https:\/\/www.christiegrey.com\/fr\/produit\/traverses-murales-acoustiques\/"]}]},{"@type":"ImageObject","inLanguage":"fr-FR","@id":"https:\/\/www.christiegrey.com\/fr\/produit\/traverses-murales-acoustiques\/#primaryimage","url":"https:\/\/www.christiegrey.com\/wp-content\/uploads\/2025\/12\/christie-grey.1copy-scaled.jpg","contentUrl":"https:\/\/www.christiegrey.com\/wp-content\/uploads\/2025\/12\/christie-grey.1copy-scaled.jpg","width":2560,"height":1829,"caption":"Empil\u00e9e \u00e0 partir de 8 images. M\u00e9thode = B (R=7,S=1)"},{"@type":"BreadcrumbList","@id":"https:\/\/www.christiegrey.com\/fr\/produit\/traverses-murales-acoustiques\/#breadcrumb","itemListElement":[{"@type":"ListItem","position":1,"name":"Accueil","item":"https:\/\/www.christiegrey.com\/"},{"@type":"ListItem","position":2,"name":"Nos produits","item":"https:\/\/www.christiegrey.com\/fr\/boutique\/"},{"@type":"ListItem","position":3,"name":"Traverses murales acoustiques"}]},{"@type":"WebSite","@id":"https:\/\/www.christiegrey.com\/#website","url":"https:\/\/www.christiegrey.com\/","name":"Christie & Grey","description":"","publisher":{"@id":"https:\/\/www.christiegrey.com\/#organization"},"potentialAction":[{"@type":"SearchAction","target":{"@type":"EntryPoint","urlTemplate":"https:\/\/www.christiegrey.com\/?s={search_term_string}"},"query-input":{"@type":"PropertyValueSpecification","valueRequired":true,"valueName":"search_term_string"}}],"inLanguage":"fr-FR"},{"@type":"Organization","@id":"https:\/\/www.christiegrey.com\/#organization","name":"Christie & Grey","url":"https:\/\/www.christiegrey.com\/","logo":{"@type":"ImageObject","inLanguage":"fr-FR","@id":"https:\/\/www.christiegrey.com\/#\/schema\/logo\/image\/","url":"https:\/\/www.christiegrey.com\/wp-content\/uploads\/2026\/02\/cropped-logo-scaled-1.png","contentUrl":"https:\/\/www.christiegrey.com\/wp-content\/uploads\/2026\/02\/cropped-logo-scaled-1.png","width":250,"height":90,"caption":"Christie & Grey"},"image":{"@id":"https:\/\/www.christiegrey.com\/#\/schema\/logo\/image\/"},"sameAs":["https:\/\/www.facebook.com\/christieandgreylimited","https:\/\/x.com\/christiegreyltd"]}]}},"_links":{"self":[{"href":"https:\/\/www.christiegrey.com\/fr\/wp-json\/wp\/v2\/product\/4359","targetHints":{"allow":["GET"]}}],"collection":[{"href":"https:\/\/www.christiegrey.com\/fr\/wp-json\/wp\/v2\/product"}],"about":[{"href":"https:\/\/www.christiegrey.com\/fr\/wp-json\/wp\/v2\/types\/product"}],"replies":[{"embeddable":true,"href":"https:\/\/www.christiegrey.com\/fr\/wp-json\/wp\/v2\/comments?post=4359"}],"wp:featuredmedia":[{"embeddable":true,"href":"https:\/\/www.christiegrey.com\/fr\/wp-json\/wp\/v2\/media\/1422"}],"wp:attachment":[{"href":"https:\/\/www.christiegrey.com\/fr\/wp-json\/wp\/v2\/media?parent=4359"}],"wp:term":[{"taxonomy":"product_brand","embeddable":true,"href":"https:\/\/www.christiegrey.com\/fr\/wp-json\/wp\/v2\/product_brand?post=4359"},{"taxonomy":"product_cat","embeddable":true,"href":"https:\/\/www.christiegrey.com\/fr\/wp-json\/wp\/v2\/product_cat?post=4359"},{"taxonomy":"product_tag","embeddable":true,"href":"https:\/\/www.christiegrey.com\/fr\/wp-json\/wp\/v2\/product_tag?post=4359"}],"curies":[{"name":"wp","href":"https:\/\/api.w.org\/{rel}","templated":true}]}}